{"id":9132,"date":"2023-08-29T13:49:51","date_gmt":"2023-08-29T13:49:51","guid":{"rendered":"http:\/\/kasinobonus.ai.dedivirt842.your-server.de\/ilmaiskierrokset\/"},"modified":"2025-07-13T21:18:47","modified_gmt":"2025-07-13T21:18:47","slug":"gratissnurr","status":"publish","type":"page","link":"https:\/\/www.kasinobonus.ai\/se\/gratissnurr\/","title":{"rendered":"Gratissnurr"},"content":{"rendered":"\n<h1 class=\"wp-block-heading\">Gratissnurr 2025: Var L\u00f6nar det Sig att Spela?<\/h1>\n\n\n\n<p>Om du letar efter de b\u00e4sta erbjudandena p\u00e5 free spins i Sverige har du kommit helt r\u00e4tt! Idag erbjuder casinon free spins v\u00e4ldigt ofta \u2013 vilket g\u00f6r att du kan prova de b\u00e4sta nya slotspelen utan att riskera n\u00e5gra (eller s\u00e4rskilt mycket) av dina egna pengar!<\/p>\n\n\n\n<p>S\u00e5, oavsett om du \u00e4r en erfaren spelare som vill maximera dina bonusm\u00f6jligheter, eller en ny spelare som vill h\u00e4mta n\u00e5gra <a class=\"\" href=\"https:\/\/www.kasinobonus.ai\/se\/gratissnurr-utan-omsattningskrav\/\">gratissnurr utan oms\u00e4ttningskrav<\/a> innan du g\u00f6r en egen riktig ins\u00e4ttning \u2013 d\u00e5 \u00e4r denna sida f\u00f6r dig!<\/p>\n\n\n\n<h2 class=\"wp-block-heading\">Toppcasinon med free spins utan ins\u00e4ttning i Sverige 2025<\/h2>\n\n\n\n<p>Att h\u00e4mta free spins \u00e4r enkelt \u2013 allt du beh\u00f6ver g\u00f6ra \u00e4r att registrera dig p\u00e5 ett av casinona i listan nedan, s\u00e5 kan du ta del av riktigt gener\u00f6sa kampanjer med free spins! Vissa av dessa bonusar kr\u00e4ver att du g\u00f6r en ins\u00e4ttning, medan andra l\u00e5ter dig h\u00e4mta spins helt gratis!<\/p>\n\n\n<p>[brand_table template=&#8221;table_style_1.php&#8221; country=&#8221;SE&#8221; bonus_type=&#8221;no_deposit&#8221;]<\/p>\n\n\n\n<p>Om du hittar ett casino (eller ett erbjudande med free spins) som verkar intressant, klicka bara p\u00e5 knappen \u201dSpela nu\u201d \u2013 s\u00e5 kommer du direkt till casinots registreringssida!<\/p>\n\n\n\n<figure class=\"wp-block-image size-full\"><img decoding=\"async\" width=\"1000\" height=\"666\" src=\"https:\/\/www.kasinobonus.ai\/wp-content\/uploads\/2025\/07\/Gratissnurr.jpg\" alt=\"Gratissnurr\" class=\"wp-image-33785\" srcset=\"https:\/\/www.kasinobonus.ai\/wp-content\/uploads\/2025\/07\/Gratissnurr.jpg 1000w, https:\/\/www.kasinobonus.ai\/wp-content\/uploads\/2025\/07\/Gratissnurr-300x200.jpg 300w, https:\/\/www.kasinobonus.ai\/wp-content\/uploads\/2025\/07\/Gratissnurr-768x511.jpg 768w, https:\/\/www.kasinobonus.ai\/wp-content\/uploads\/2025\/07\/Gratissnurr-110x73.jpg 110w, https:\/\/www.kasinobonus.ai\/wp-content\/uploads\/2025\/07\/Gratissnurr-575x383.jpg 575w\" sizes=\"(max-width: 1000px) 100vw, 1000px\" \/><\/figure>\n\n\n\n<h2 class=\"wp-block-heading\">S\u00e5 recenserar vi casinon<\/h2>\n\n\n\n<p>H\u00e4r p\u00e5 KasinoBonus har vi en noggrann granskningsprocess som \u00e4r utformad f\u00f6r att s\u00e4kerst\u00e4lla att alla casinon vi recenserar beskrivs p\u00e5 ett korrekt och \u00e4rligt s\u00e4tt f\u00f6r v\u00e5ra l\u00e4sare. N\u00e4r jag sj\u00e4lv, eller n\u00e5gon annan i teamet, skriver en casinorecension b\u00f6rjar vi alltid med att registrera oss och s\u00e4tta in riktiga pengar. Det g\u00f6r att vi f\u00e5r en verklig k\u00e4nsla f\u00f6r hur casinot fungerar \u2013 och skiljer oss fr\u00e5n de flesta andra recensionssajter.<\/p>\n\n\n\n<p>Vi ser alltid till att de casinon vi recenserar har giltiga iGaming-licenser, och vi unders\u00f6ker ocks\u00e5 sajtens bakgrund och historia \u2013 f\u00f6r att s\u00e4kerst\u00e4lla att varje sajt vi rekommenderar har gott rykte och har visat att de behandlar sina spelare r\u00e4ttvist.<\/p>\n\n\n\n<h2 class=\"wp-block-heading\">Hur fungerar free spins<\/h2>\n\n\n\n<p>Free spins l\u00e5ter dig snurra hjulen i ett slotspel utan att anv\u00e4nda dina egna pengar. Casinon erbjuder dem som en del av kampanjer \u2013 ibland utan krav p\u00e5 ins\u00e4ttning, och ibland som en del av en annan kampanj, som till exempel en v\u00e4lkomstbonus.<\/p>\n\n\n\n<p>N\u00e4r du v\u00e4l har h\u00e4mtat dina free spins anv\u00e4nds de p\u00e5 specifika slots som casinot har valt ut. Eventuella vinster fr\u00e5n dina free spins betalas vanligtvis ut som bonuspengar, men vissa casinon erbjuder <a class=\"\" href=\"https:\/\/www.kasinobonus.ai\/se\/gratissnurr-utan-omsattningskrav\/\">free spins utan oms\u00e4ttningskrav<\/a> \u2013 vilket betyder att vinsterna kan tas ut direkt, som kontanter!<\/p>\n\n\n\n<h2 class=\"wp-block-heading\">Olika typer av free spins<\/h2>\n\n\n\n<p>Free spins utan ins\u00e4ttning<\/p>\n\n\n\n<p>En av de mest popul\u00e4ra typerna av free spins \u00e4r de som inte kr\u00e4ver n\u00e5gon ins\u00e4ttning. Dessa ges till spelare helt enkelt f\u00f6r att de registrerar sig p\u00e5 ett casino \u2013 till exempel f\u00f6r att ta emot <a class=\"\" href=\"https:\/\/www.kasinobonus.ai\/se\/10-gratissnurr-utan-insattning\/\">10 gratissnurr utan ins\u00e4ttning<\/a>. Eftersom du kan spela och vinna riktiga pengar utan att riskera egna medel \u00e4r de perfekta f\u00f6r nya spelare.<\/p>\n\n\n\n<h3 class=\"wp-block-heading\">Free spins vid registrering<\/h3>\n\n\n\n<p>Vissa casinon erbjuder spins redan vid registrering. Du kan till exempel f\u00e5 <a class=\"\" href=\"https:\/\/www.kasinobonus.ai\/se\/20-gratissnurr-utan-insattning\/\">20 gratissnurr utan ins\u00e4ttning<\/a> bara f\u00f6r att skapa ett konto. Ibland kr\u00e4vs \u00e4ven verifiering av e-post eller telefon.<\/p>\n\n\n\n<h3 class=\"wp-block-heading\">Free spins med ins\u00e4ttning<\/h3>\n\n\n\n<p>Dessa kr\u00e4ver att du g\u00f6r en ins\u00e4ttning \u2013 men d\u00e5 kan du ocks\u00e5 f\u00e5 fler spins, som t.ex. <a class=\"\" href=\"https:\/\/www.kasinobonus.ai\/se\/25-gratissnurr-utan-insattning\/\">25 gratissnurr utan ins\u00e4ttning<\/a> eller upp till <a class=\"\" href=\"https:\/\/www.kasinobonus.ai\/se\/30-gratissnurr-utan-insattning\/\">30 gratissnurr utan ins\u00e4ttning<\/a>.<\/p>\n\n\n\n<h3 class=\"wp-block-heading\">St\u00f6rre paket med free spins<\/h3>\n\n\n\n<p>Vissa kampanjer erbjuder \u00e4nnu fler spins \u2013 du kan till exempel st\u00f6ta p\u00e5 <a class=\"\" href=\"https:\/\/www.kasinobonus.ai\/se\/40-gratissnurr-utan-insattning\/\">40 gratissnurr utan ins\u00e4ttning<\/a>, <a class=\"\" href=\"https:\/\/www.kasinobonus.ai\/se\/50-gratissnurr-utan-insattning\/\">50 gratissnurr utan ins\u00e4ttning<\/a>, <a class=\"\" href=\"https:\/\/www.kasinobonus.ai\/se\/60-gratissnurr-utan-insattning\/\">60 gratissnurr utan ins\u00e4ttning<\/a> \u2013 eller varf\u00f6r inte hela <a class=\"\" href=\"https:\/\/www.kasinobonus.ai\/se\/100-gratis-spinn-utan-insattning\/\">100 gratis spinn utan ins\u00e4ttning<\/a>? Det finns till och med kampanjer d\u00e4r du f\u00e5r <a class=\"\" href=\"https:\/\/www.kasinobonus.ai\/se\/200-gratis-snurr-utan-insattning\/\">200 gratis snurr utan ins\u00e4ttning<\/a> eller <a class=\"\" href=\"https:\/\/www.kasinobonus.ai\/se\/500-gratissnurr-utan-insattning\/\">500 gratissnurr utan ins\u00e4ttning<\/a>.<\/p>\n\n\n\n<h2 class=\"wp-block-heading\">Villkor f\u00f6r free spins<\/h2>\n\n\n\n<p>Innan du h\u00e4mtar ett erbjudande med free spins \u00e4r det v\u00e4ldigt viktigt att du l\u00e4ser och f\u00f6rst\u00e5r de villkor som g\u00e4ller. \u00c4ven om free spins \u00e4r ett bra s\u00e4tt att spela och vinna utan att riskera egna pengar, finns det vanligtvis specifika regler som avg\u00f6r hur du f\u00e5r anv\u00e4nda dem och vad du faktiskt f\u00e5r ta ut i vinst.<\/p>\n\n\n\n<p>Nedan g\u00e5r jag igenom n\u00e5gra av de vanligaste villkoren du troligtvis kommer att st\u00f6ta p\u00e5:<\/p>\n\n\n\n<h3 class=\"wp-block-heading\">Oms\u00e4ttningskrav<\/h3>\n\n\n\n<p>En av de viktigaste sakerna att kontrollera \u00e4r oms\u00e4ttningskravet. Det anger hur m\u00e5nga g\u00e5nger du m\u00e5ste oms\u00e4tta dina vinster fr\u00e5n free spins innan du kan ta ut dem. Till exempel, om du vinner 100 kr fr\u00e5n dina free spins och oms\u00e4ttningskravet \u00e4r 35x, m\u00e5ste du placera satsningar till ett totalt v\u00e4rde av 3 500 kr innan du kan ta ut vinsten.<\/p>\n\n\n\n<h3 class=\"wp-block-heading\">Spelbegr\u00e4nsningar<\/h3>\n\n\n\n<p>Alla slots \u00e4r inte kvalificerade f\u00f6r free spins. De flesta casinon specificerar exakt vilka spel du kan anv\u00e4nda dina spins p\u00e5 \u2013 ofta popul\u00e4ra titlar som Starburst, Book of Dead eller Big Bass Bonanza. Vissa casinon l\u00e5ter dig v\u00e4lja bland flera spel, medan andra begr\u00e4nsar dig till ett enda.<\/p>\n\n\n\n<h3 class=\"wp-block-heading\">Utg\u00e5ngsdatum<\/h3>\n\n\n\n<p>Free spins varar inte f\u00f6r evigt. De flesta casinon s\u00e4tter en tidsgr\u00e4ns, som kan vara allt fr\u00e5n 24 timmar till n\u00e5gra dagar. Om du inte anv\u00e4nder dina free spins inom den angivna tiden kommer de att f\u00f6rfalla, och du f\u00f6rlorar chansen att anv\u00e4nda dem senare.<\/p>\n\n\n\n<h3 class=\"wp-block-heading\">Maxgr\u00e4ns f\u00f6r uttag<\/h3>\n\n\n\n<p>M\u00e5nga kampanjer med free spins \u2013 s\u00e4rskilt de som inte kr\u00e4ver ins\u00e4ttning \u2013 begr\u00e4nsar hur mycket pengar du faktiskt kan vinna fr\u00e5n dem. Till exempel kan det st\u00e5 att du som mest f\u00e5r ta ut 1 000 kr. Som tur \u00e4r har de flesta ins\u00e4ttningsbaserade free spins-erbjudanden inga s\u00e5dana begr\u00e4nsningar.<\/p>\n\n\n\n<h3 class=\"wp-block-heading\">Ins\u00e4ttningskrav f\u00f6r uttag<\/h3>\n\n\n\n<p>I vissa fall, \u00e4ven om du h\u00e4mtar free spins utan ins\u00e4ttning, kan du \u00e4nd\u00e5 beh\u00f6va g\u00f6ra en liten ins\u00e4ttning innan du f\u00e5r ta ut dina vinster. Detta g\u00f6rs f\u00f6r att verifiera din identitet och f\u00f6rhindra missbruk av bonusar. Om ett casino kr\u00e4ver detta st\u00e5r det oftast i villkoren. Den minsta ins\u00e4ttning som kr\u00e4vs \u00e4r ofta s\u00e5 l\u00e5g som 50 eller 100 kr.<\/p>\n\n\n\n<h2 class=\"wp-block-heading\">Popul\u00e4ra spelautomater med gratissnurr-bonus<\/h2>\n\n\n\n<figure class=\"wp-block-table\"><table class=\"has-fixed-layout\"><thead><tr><th>Popul\u00e4r spelautomat<\/th><th>Spelutvecklare<\/th><th>Gratissnurr (Bonus)<\/th><th>RTP<\/th><th>Casinonamn<\/th><\/tr><\/thead><tbody><tr><td>Sweet\u202fBonanza<\/td><td>Pragmatic\u202fPlay<\/td><td>20 gratissnurr<\/td><td>96,51\u202f%<\/td><td>Rollino<\/td><\/tr><tr><td>Book\u202fof\u202fMuseum<\/td><td>GameArt<\/td><td>25 gratissnurr<\/td><td>96,10\u202f%<\/td><td>Horus Casino<\/td><\/tr><tr><td>Angry\u202fDogs<\/td><td>GameArt<\/td><td>25 gratissnurr<\/td><td>96,36\u202f%<\/td><td>Kryptosino<\/td><\/tr><tr><td>Hollywoof<\/td><td>GameArt<\/td><td>25 gratissnurr<\/td><td>96,10\u202f%<\/td><td>Vegaz Casino<\/td><\/tr><tr><td>Sweet\u202fBonanza<\/td><td>Pragmatic\u202fPlay<\/td><td>30 gratissnurr<\/td><td>96,51\u202f%<\/td><td>Megapari<\/td><\/tr><tr><td>Book\u202fof\u202fDead<\/td><td>Play\u2019n\u202fGO<\/td><td>25 gratissnurr<\/td><td>96,21\u202f%<\/td><td>BetMaximus<\/td><\/tr><tr><td>Ruby Win \u2013 Hold the Spin<\/td><td>Gamzix<\/td><td>25 gratissnurr<\/td><td>96,00\u202f%<\/td><td>LevelUp Casino<\/td><\/tr><tr><td>Joker Stoker<\/td><td>Endorphina<\/td><td>100 gratissnurr<\/td><td>96,00\u202f%<\/td><td>BetFury<\/td><\/tr><tr><td>Bastet and Cats<\/td><td>Betfury<\/td><td>100 gratissnurr<\/td><td>96,20\u202f%<\/td><td>BetFury<\/td><\/tr><tr><td>Doors Of Fresh<\/td><td>BGaming<\/td><td>50 gratissnurr<\/td><td>96,85\u202f%<\/td><td>Fresh Casino<\/td><\/tr><tr><td>Gates of Olympus<\/td><td>Pragmatic\u202fPlay<\/td><td>50 gratissnurr<\/td><td>96,50\u202f%<\/td><td>Campeonbet<\/td><\/tr><tr><td>Alien Fruits<\/td><td>BGaming<\/td><td>50 gratissnurr<\/td><td>97,00\u202f%<\/td><td>Drip Casino<\/td><\/tr><\/tbody><\/table><\/figure>\n\n\n\n<h2 class=\"wp-block-heading\">F\u00f6rdelar och Nackdelar<\/h2>\n\n\n\n<figure class=\"wp-block-image size-full\"><img decoding=\"async\" width=\"1000\" height=\"666\" src=\"https:\/\/www.kasinobonus.ai\/wp-content\/uploads\/2025\/06\/KB-Gratissnurr.jpg\" alt=\"Gratissnurr\" class=\"wp-image-30101\" srcset=\"https:\/\/www.kasinobonus.ai\/wp-content\/uploads\/2025\/06\/KB-Gratissnurr.jpg 1000w, https:\/\/www.kasinobonus.ai\/wp-content\/uploads\/2025\/06\/KB-Gratissnurr-300x200.jpg 300w, https:\/\/www.kasinobonus.ai\/wp-content\/uploads\/2025\/06\/KB-Gratissnurr-768x511.jpg 768w, https:\/\/www.kasinobonus.ai\/wp-content\/uploads\/2025\/06\/KB-Gratissnurr-110x73.jpg 110w, https:\/\/www.kasinobonus.ai\/wp-content\/uploads\/2025\/06\/KB-Gratissnurr-575x383.jpg 575w\" sizes=\"(max-width: 1000px) 100vw, 1000px\" \/><\/figure>\n\n\n\n<div class=\"wp-block-columns is-layout-flex wp-container-core-columns-is-layout-28f84493 wp-block-columns-is-layout-flex\">\n<div class=\"wp-block-column is-layout-flow wp-block-column-is-layout-flow\">\n<h3 class=\"wp-block-heading\">\u2705 F\u00f6rdelar<\/h3>\n\n\n\n<ul class=\"wp-block-list\">\n<li>\u2705 Prova slots utan att riskera egna pengar<\/li>\n\n\n\n<li>\u2705 Erbjudanden utan ins\u00e4ttning finns p\u00e5 m\u00e5nga casinon<\/li>\n\n\n\n<li>\u2705 M\u00f6jlighet att vinna riktiga pengar utan investering<\/li>\n\n\n\n<li>\u2705 Bra s\u00e4tt att uppt\u00e4cka nya spel och leverant\u00f6rer<\/li>\n\n\n\n<li>\u2705 Hj\u00e4lpsamt f\u00f6r att l\u00e4ra sig hur slotmekaniken fungerar<\/li>\n<\/ul>\n<\/div>\n\n\n\n<div class=\"wp-block-column is-layout-flow wp-block-column-is-layout-flow\">\n<h3 class=\"wp-block-heading\">\u274c Nackdelar<\/h3>\n\n\n\n<ul class=\"wp-block-list\">\n<li>\u274c Oms\u00e4ttningskrav innan uttag \u00e4r till\u00e5tet<\/li>\n\n\n\n<li>\u274c Ofta begr\u00e4nsade till specifika slots<\/li>\n\n\n\n<li>\u274c Maxvinst eller uttagsgr\u00e4nser g\u00e4ller<\/li>\n\n\n\n<li>\u274c Gratissnurr g\u00e5r vanligtvis ut inom 24\u201372 timmar<\/li>\n\n\n\n<li>\u274c Bonusvillkoren kan vara strikta eller sv\u00e5rtolkade<\/li>\n<\/ul>\n<\/div>\n<\/div>\n\n\n\n<h2 class=\"wp-block-heading\">Resurser f\u00f6r ansvarsfullt spelande<\/h2>\n\n\n\n<ul class=\"wp-block-list\">\n<li><a href=\"https:\/\/www.spelinspektionen.se\/\">https:\/\/www.spelinspektionen.se\/<\/a><\/li>\n\n\n\n<li><a href=\"https:\/\/www.spelinspektionen.se\/\">https:\/\/www.spelinspektionen.se\/<\/a><\/li>\n\n\n\n<li><a href=\"https:\/\/www.spelpaus.se\/\">https:\/\/www.spelpaus.se\/<\/a><\/li>\n\n\n\n<li><a href=\"https:\/\/www.spelpaus.se\/\">https:\/\/www.spelpaus.se\/<\/a><\/li>\n\n\n\n<li><a href=\"https:\/\/www.stodlinjen.se\/\">https:\/\/www.stodlinjen.se\/<\/a><\/li>\n\n\n\n<li><a href=\"https:\/\/gamblingtherapy.org\/\">https:\/\/gamblingtherapy.org\/<\/a><\/li>\n<\/ul>\n","protected":false},"excerpt":{"rendered":"<p>Gratissnurr 2025: Var L\u00f6nar det Sig att Spela? Om du letar efter de b\u00e4sta erbjudandena p\u00e5 free spins i Sverige har du kommit helt r\u00e4tt! Idag erbjuder casinon free spins v\u00e4ldigt ofta \u2013 vilket g\u00f6r att du kan prova de b\u00e4sta nya slotspelen utan att riskera n\u00e5gra (eller s\u00e4rskilt mycket) av dina egna pengar! S\u00e5, [&hellip;]<\/p>\n","protected":false},"author":1,"featured_media":9349,"parent":0,"menu_order":0,"comment_status":"open","ping_status":"closed","template":"","meta":{"inline_featured_image":false,"footnotes":""},"class_list":["post-9132","page","type-page","status-publish","has-post-thumbnail","hentry"],"yoast_head":"<!-- This site is optimized with the Yoast SEO plugin v24.5 - https:\/\/yoast.com\/wordpress\/plugins\/seo\/ -->\n<title>Gratissnurr (2025) - www.kasinobonus.ai<\/title>\n<meta name=\"description\" content=\"Gratissnurr &amp; Gratis Spinn 2025: H\u00e4r hittar du de b\u00e4sta erbjudandena och casinona p\u00e5 marknaden. B\u00f6rja vinna nu!\" \/>\n<meta name=\"robots\" content=\"index, follow, max-snippet:-1, max-image-preview:large, max-video-preview:-1\" \/>\n<link rel=\"canonical\" href=\"https:\/\/www.kasinobonus.ai\/se\/gratissnurr\/\" \/>\n<script type=\"application\/ld+json\" class=\"yoast-schema-graph\">{\"@context\":\"https:\/\/schema.org\",\"@graph\":[{\"@type\":\"WebPage\",\"@id\":\"https:\/\/www.kasinobonus.ai\/se\/gratissnurr\/\",\"url\":\"https:\/\/www.kasinobonus.ai\/se\/gratissnurr\/\",\"name\":\"Gratissnurr (2025) - www.kasinobonus.ai\",\"isPartOf\":{\"@id\":\"https:\/\/www.kasinobonus.ai\/se\/#website\"},\"primaryImageOfPage\":{\"@id\":\"https:\/\/www.kasinobonus.ai\/se\/gratissnurr\/#primaryimage\"},\"image\":{\"@id\":\"https:\/\/www.kasinobonus.ai\/se\/gratissnurr\/#primaryimage\"},\"thumbnailUrl\":\"https:\/\/www.kasinobonus.ai\/wp-content\/uploads\/2023\/12\/Gratis_Spinn_Till_Online_casino.jpg\",\"datePublished\":\"2023-08-29T13:49:51+00:00\",\"dateModified\":\"2025-07-13T21:18:47+00:00\",\"description\":\"Gratissnurr & Gratis Spinn 2025: H\u00e4r hittar du de b\u00e4sta erbjudandena och casinona p\u00e5 marknaden. B\u00f6rja vinna nu!\",\"breadcrumb\":{\"@id\":\"https:\/\/www.kasinobonus.ai\/se\/gratissnurr\/#breadcrumb\"},\"inLanguage\":\"sv-SE\",\"potentialAction\":[{\"@type\":\"ReadAction\",\"target\":[\"https:\/\/www.kasinobonus.ai\/se\/gratissnurr\/\"]}]},{\"@type\":\"ImageObject\",\"inLanguage\":\"sv-SE\",\"@id\":\"https:\/\/www.kasinobonus.ai\/se\/gratissnurr\/#primaryimage\",\"url\":\"https:\/\/www.kasinobonus.ai\/wp-content\/uploads\/2023\/12\/Gratis_Spinn_Till_Online_casino.jpg\",\"contentUrl\":\"https:\/\/www.kasinobonus.ai\/wp-content\/uploads\/2023\/12\/Gratis_Spinn_Till_Online_casino.jpg\",\"width\":1200,\"height\":628,\"caption\":\"Gratis Spinn Till Online casino\"},{\"@type\":\"BreadcrumbList\",\"@id\":\"https:\/\/www.kasinobonus.ai\/se\/gratissnurr\/#breadcrumb\",\"itemListElement\":[{\"@type\":\"ListItem\",\"position\":1,\"name\":\"Home\",\"item\":\"https:\/\/www.kasinobonus.ai\/se\/\"},{\"@type\":\"ListItem\",\"position\":2,\"name\":\"Gratissnurr\"}]},{\"@type\":\"WebSite\",\"@id\":\"https:\/\/www.kasinobonus.ai\/se\/#website\",\"url\":\"https:\/\/www.kasinobonus.ai\/se\/\",\"name\":\"www.kasinobonus.ai\",\"description\":\"\",\"publisher\":{\"@id\":\"https:\/\/www.kasinobonus.ai\/se\/#organization\"},\"potentialAction\":[{\"@type\":\"SearchAction\",\"target\":{\"@type\":\"EntryPoint\",\"urlTemplate\":\"https:\/\/www.kasinobonus.ai\/se\/?s={search_term_string}\"},\"query-input\":{\"@type\":\"PropertyValueSpecification\",\"valueRequired\":true,\"valueName\":\"search_term_string\"}}],\"inLanguage\":\"sv-SE\"},{\"@type\":\"Organization\",\"@id\":\"https:\/\/www.kasinobonus.ai\/se\/#organization\",\"name\":\"KasinoBonus\",\"alternateName\":\"KasinoBonusAI\",\"url\":\"https:\/\/www.kasinobonus.ai\/se\/\",\"logo\":{\"@type\":\"ImageObject\",\"inLanguage\":\"sv-SE\",\"@id\":\"https:\/\/www.kasinobonus.ai\/se\/#\/schema\/logo\/image\/\",\"url\":\"https:\/\/www.kasinobonus.ai\/wp-content\/uploads\/2023\/09\/kasinobonus-logo-light.png\",\"contentUrl\":\"https:\/\/www.kasinobonus.ai\/wp-content\/uploads\/2023\/09\/kasinobonus-logo-light.png\",\"width\":3200,\"height\":596,\"caption\":\"KasinoBonus\"},\"image\":{\"@id\":\"https:\/\/www.kasinobonus.ai\/se\/#\/schema\/logo\/image\/\"},\"sameAs\":[\"https:\/\/www.facebook.com\/kasinobonusio\/\",\"https:\/\/x.com\/Kasinobonus_io\",\"https:\/\/www.linkedin.com\/in\/matti-slotte-26612033b\",\"http:\/\/kasinobonus.wikidot.com\/system:welcome\",\"https:\/\/www.trustpilot.com\/review\/www.kasinobonus.ai\",\"https:\/\/orcid.org\/0009-0007-2889-1713\",\"https:\/\/en.everybodywiki.com\/Matti_Slotte\",\"https:\/\/www.immuniweb.com\/ssl\/kasinobonus.ai\/M4lqCqYY\/\"]}]}<\/script>\n<!-- \/ Yoast SEO plugin. -->","yoast_head_json":{"title":"Gratissnurr (2025) - www.kasinobonus.ai","description":"Gratissnurr & Gratis Spinn 2025: H\u00e4r hittar du de b\u00e4sta erbjudandena och casinona p\u00e5 marknaden. B\u00f6rja vinna nu!","robots":{"index":"index","follow":"follow","max-snippet":"max-snippet:-1","max-image-preview":"max-image-preview:large","max-video-preview":"max-video-preview:-1"},"canonical":"https:\/\/www.kasinobonus.ai\/se\/gratissnurr\/","schema":{"@context":"https:\/\/schema.org","@graph":[{"@type":"WebPage","@id":"https:\/\/www.kasinobonus.ai\/se\/gratissnurr\/","url":"https:\/\/www.kasinobonus.ai\/se\/gratissnurr\/","name":"Gratissnurr (2025) - www.kasinobonus.ai","isPartOf":{"@id":"https:\/\/www.kasinobonus.ai\/se\/#website"},"primaryImageOfPage":{"@id":"https:\/\/www.kasinobonus.ai\/se\/gratissnurr\/#primaryimage"},"image":{"@id":"https:\/\/www.kasinobonus.ai\/se\/gratissnurr\/#primaryimage"},"thumbnailUrl":"https:\/\/www.kasinobonus.ai\/wp-content\/uploads\/2023\/12\/Gratis_Spinn_Till_Online_casino.jpg","datePublished":"2023-08-29T13:49:51+00:00","dateModified":"2025-07-13T21:18:47+00:00","description":"Gratissnurr & Gratis Spinn 2025: H\u00e4r hittar du de b\u00e4sta erbjudandena och casinona p\u00e5 marknaden. B\u00f6rja vinna nu!","breadcrumb":{"@id":"https:\/\/www.kasinobonus.ai\/se\/gratissnurr\/#breadcrumb"},"inLanguage":"sv-SE","potentialAction":[{"@type":"ReadAction","target":["https:\/\/www.kasinobonus.ai\/se\/gratissnurr\/"]}]},{"@type":"ImageObject","inLanguage":"sv-SE","@id":"https:\/\/www.kasinobonus.ai\/se\/gratissnurr\/#primaryimage","url":"https:\/\/www.kasinobonus.ai\/wp-content\/uploads\/2023\/12\/Gratis_Spinn_Till_Online_casino.jpg","contentUrl":"https:\/\/www.kasinobonus.ai\/wp-content\/uploads\/2023\/12\/Gratis_Spinn_Till_Online_casino.jpg","width":1200,"height":628,"caption":"Gratis Spinn Till Online casino"},{"@type":"BreadcrumbList","@id":"https:\/\/www.kasinobonus.ai\/se\/gratissnurr\/#breadcrumb","itemListElement":[{"@type":"ListItem","position":1,"name":"Home","item":"https:\/\/www.kasinobonus.ai\/se\/"},{"@type":"ListItem","position":2,"name":"Gratissnurr"}]},{"@type":"WebSite","@id":"https:\/\/www.kasinobonus.ai\/se\/#website","url":"https:\/\/www.kasinobonus.ai\/se\/","name":"www.kasinobonus.ai","description":"","publisher":{"@id":"https:\/\/www.kasinobonus.ai\/se\/#organization"},"potentialAction":[{"@type":"SearchAction","target":{"@type":"EntryPoint","urlTemplate":"https:\/\/www.kasinobonus.ai\/se\/?s={search_term_string}"},"query-input":{"@type":"PropertyValueSpecification","valueRequired":true,"valueName":"search_term_string"}}],"inLanguage":"sv-SE"},{"@type":"Organization","@id":"https:\/\/www.kasinobonus.ai\/se\/#organization","name":"KasinoBonus","alternateName":"KasinoBonusAI","url":"https:\/\/www.kasinobonus.ai\/se\/","logo":{"@type":"ImageObject","inLanguage":"sv-SE","@id":"https:\/\/www.kasinobonus.ai\/se\/#\/schema\/logo\/image\/","url":"https:\/\/www.kasinobonus.ai\/wp-content\/uploads\/2023\/09\/kasinobonus-logo-light.png","contentUrl":"https:\/\/www.kasinobonus.ai\/wp-content\/uploads\/2023\/09\/kasinobonus-logo-light.png","width":3200,"height":596,"caption":"KasinoBonus"},"image":{"@id":"https:\/\/www.kasinobonus.ai\/se\/#\/schema\/logo\/image\/"},"sameAs":["https:\/\/www.facebook.com\/kasinobonusio\/","https:\/\/x.com\/Kasinobonus_io","https:\/\/www.linkedin.com\/in\/matti-slotte-26612033b","http:\/\/kasinobonus.wikidot.com\/system:welcome","https:\/\/www.trustpilot.com\/review\/www.kasinobonus.ai","https:\/\/orcid.org\/0009-0007-2889-1713","https:\/\/en.everybodywiki.com\/Matti_Slotte","https:\/\/www.immuniweb.com\/ssl\/kasinobonus.ai\/M4lqCqYY\/"]}]}},"_links":{"self":[{"href":"https:\/\/www.kasinobonus.ai\/se\/wp-json\/wp\/v2\/pages\/9132","targetHints":{"allow":["GET"]}}],"collection":[{"href":"https:\/\/www.kasinobonus.ai\/se\/wp-json\/wp\/v2\/pages"}],"about":[{"href":"https:\/\/www.kasinobonus.ai\/se\/wp-json\/wp\/v2\/types\/page"}],"author":[{"embeddable":true,"href":"https:\/\/www.kasinobonus.ai\/se\/wp-json\/wp\/v2\/users\/1"}],"replies":[{"embeddable":true,"href":"https:\/\/www.kasinobonus.ai\/se\/wp-json\/wp\/v2\/comments?post=9132"}],"version-history":[{"count":5,"href":"https:\/\/www.kasinobonus.ai\/se\/wp-json\/wp\/v2\/pages\/9132\/revisions"}],"predecessor-version":[{"id":33839,"href":"https:\/\/www.kasinobonus.ai\/se\/wp-json\/wp\/v2\/pages\/9132\/revisions\/33839"}],"wp:featuredmedia":[{"embeddable":true,"href":"https:\/\/www.kasinobonus.ai\/se\/wp-json\/wp\/v2\/media\/9349"}],"wp:attachment":[{"href":"https:\/\/www.kasinobonus.ai\/se\/wp-json\/wp\/v2\/media?parent=9132"}],"curies":[{"name":"wp","href":"https:\/\/api.w.org\/{rel}","templated":true}]}}