{"id":9125,"date":"2023-08-29T13:50:04","date_gmt":"2023-08-29T13:50:04","guid":{"rendered":"http:\/\/kasinobonus.ai.dedivirt842.your-server.de\/ilmaista-pelirahaa\/"},"modified":"2025-07-13T21:21:12","modified_gmt":"2025-07-13T21:21:12","slug":"gratis-spelpengar","status":"publish","type":"page","link":"https:\/\/www.kasinobonus.ai\/se\/gratis-spelpengar\/","title":{"rendered":"Gratis Spelpengar"},"content":{"rendered":"\n<h1 class=\"wp-block-heading\">Gratis Spelpengar 2025<\/h1>\n\n\n\n<p>Gratisspel med l\u00e5tsaspengar \u00e4r ett av de b\u00e4sta s\u00e4tten att uppleva n\u00e4tcasinon utan att beh\u00f6va riskera n\u00e5gra egna pengar! Oavsett om det \u00e4r en del av en <a class=\"\" href=\"https:\/\/www.kasinobonus.ai\/se\/gratis-spelpengar-utan-insattning\/\">bonus utan ins\u00e4ttning<\/a>, en lojalitetsbel\u00f6ning eller ett kampanjerbjudande \u2013 gratis spelpengar\u2026 Ja, vem tackar nej till gratispengar?<\/p>\n\n\n\n<p>Som tur \u00e4r finns det tusentals casinon som erbjuder bonuspengar helt gratis, utformade f\u00f6r att locka nya spelare \u2013 eller h\u00e5lla befintliga spelare n\u00f6jda! Men det finns s\u00e5 m\u00e5nga olika typer, och p\u00e5 den h\u00e4r sidan guidar jag dig genom n\u00e5gra av de b\u00e4sta bonusarna med gratispengar, visar de fr\u00e4msta casinona \u2013 och avsl\u00f6jar \u00e4ven mina b\u00e4sta tips f\u00f6r att dra nytta av dessa kampanjer!<\/p>\n\n\n\n<h2 class=\"wp-block-heading\">Svenska casinon som erbjuder gratisbonusar 2025<\/h2>\n\n\n\n<p>Att hitta casinon som erbjuder gratis spelpengar \u00e4r inte alltid l\u00e4tt \u2013 du kommer ofta att st\u00f6ta p\u00e5 sajter som ist\u00e4llet erbjuder free spins eller vanliga ins\u00e4ttningsbonusar. Men om du vet var du ska leta finns dessa bonusar fortfarande att hitta. I tabellen nedan hittar du de b\u00e4sta bonusarna med gratispengar som finns tillg\u00e4ngliga just nu \u2013 inklusive kampanjer som ger upp till <a class=\"\" href=\"https:\/\/www.kasinobonus.ai\/se\/200-kr-gratis-spelpengar-utan-insattning\/\">200 kr gratis spelpengar utan ins\u00e4ttning<\/a>.<\/p>\n\n\n<p>[brand_table template=&#8221;table_style_1.php&#8221; country=&#8221;SE&#8221; bonus_type=&#8221;no_deposit&#8221;]<\/p>\n\n\n\n<p>Om du ser ett casino som verkar intressant \u2013 klicka p\u00e5 &#8220;Spela nu&#8221; och h\u00e4mta din bonus!<\/p>\n\n\n\n<figure class=\"wp-block-image size-full\"><img decoding=\"async\" width=\"1000\" height=\"666\" src=\"https:\/\/www.kasinobonus.ai\/wp-content\/uploads\/2025\/07\/Gratis-Spelpengar.jpg\" alt=\"Gratis Spelpengar\" class=\"wp-image-33677\" srcset=\"https:\/\/www.kasinobonus.ai\/wp-content\/uploads\/2025\/07\/Gratis-Spelpengar.jpg 1000w, https:\/\/www.kasinobonus.ai\/wp-content\/uploads\/2025\/07\/Gratis-Spelpengar-300x200.jpg 300w, https:\/\/www.kasinobonus.ai\/wp-content\/uploads\/2025\/07\/Gratis-Spelpengar-768x511.jpg 768w, https:\/\/www.kasinobonus.ai\/wp-content\/uploads\/2025\/07\/Gratis-Spelpengar-110x73.jpg 110w, https:\/\/www.kasinobonus.ai\/wp-content\/uploads\/2025\/07\/Gratis-Spelpengar-575x383.jpg 575w\" sizes=\"(max-width: 1000px) 100vw, 1000px\" \/><\/figure>\n\n\n\n<h2 class=\"wp-block-heading\">S\u00e5 v\u00e4ljer och recenserar vi n\u00e4tcasinon<\/h2>\n\n\n\n<p>N\u00e4r jag recenserar casinon som erbjuder gratis bonuspengar fokuserar jag p\u00e5 flera viktiga faktorer f\u00f6r att s\u00e4kerst\u00e4lla att spelare f\u00e5r den b\u00e4sta m\u00f6jliga upplevelsen. Den f\u00f6rsta prioriteten \u00e4r licensiering \u2013 alla casinon jag rekommenderar m\u00e5ste vara reglerade av en v\u00e4lrenommerad myndighet som Spelinspektionen eller Malta Gaming Authority.<\/p>\n\n\n\n<p>Jag kontrollerar ocks\u00e5 att spelutbudet (och antalet mjukvaruleverant\u00f6rer) \u00e4r stort \u2013 vi vill ju alla ha m\u00e5nga spel att v\u00e4lja mellan! Det g\u00e4ller oavsett om du f\u00e5r <a class=\"\" href=\"https:\/\/www.kasinobonus.ai\/se\/50-kr-gratis-spelpengar-utan-insattning\/\">50 kr gratis spelpengar utan ins\u00e4ttning<\/a> eller kanske ett st\u00f6rre paket som <a class=\"\" href=\"https:\/\/www.kasinobonus.ai\/se\/140-kr-gratis-spelpengar-utan-insattning\/\">140 kr utan ins\u00e4ttning<\/a>.<\/p>\n\n\n\n<p>Andra faktorer som mitt team och jag tittar p\u00e5 vid recensioner inkluderar granskning av bonusvillkor, test av uttagshastigheter, bed\u00f6mning av kundsupporten och mycket mer!<\/p>\n\n\n\n<h2 class=\"wp-block-heading\">S\u00e5 f\u00e5r du ut mesta m\u00f6jliga av gratisbonusar<\/h2>\n\n\n\n<p>Att f\u00e5 ut det mesta av en bonus med gratis spelpengar kr\u00e4ver en kombination av tur och strategi. Eftersom de flesta av dessa bonusar kommer med h\u00f6ga oms\u00e4ttningskrav, vill du v\u00e4lja spel som ger dig b\u00e4st chans att klara dem \u2013 och det g\u00e4ller oavsett om du spelar med <a class=\"\" href=\"https:\/\/www.kasinobonus.ai\/se\/80-kr-gratis-spelpengar-utan-insattning\/\">80 kr gratis spelpengar utan ins\u00e4ttning<\/a> eller <a class=\"\" href=\"https:\/\/www.kasinobonus.ai\/se\/100-kr-gratis-spelpengar-utan-insattning\/\">100 kr utan ins\u00e4ttning<\/a>.<\/p>\n\n\n\n<p>Slots \u00e4r troligen ditt b\u00e4sta alternativ, \u00e4ven om vissa casinon till\u00e5ter att man anv\u00e4nder gratispengar p\u00e5 bordsspel ocks\u00e5.<\/p>\n\n\n\n<p>Se ocks\u00e5 till att du f\u00f6rst\u00e5r reglerna och villkoren. Kolla in oms\u00e4ttningskraven, se om det finns n\u00e5gra spel som \u00e4r undantagna \u2013 och ta reda p\u00e5 om det finns n\u00e5gon gr\u00e4ns f\u00f6r hur mycket pengar du kan vinna fr\u00e5n bonusen.<\/p>\n\n\n\n<h2 class=\"wp-block-heading\">F\u00f6rdelar och Nackdelar<\/h2>\n\n\n\n<figure class=\"wp-block-image size-full\"><img decoding=\"async\" width=\"1000\" height=\"666\" src=\"https:\/\/www.kasinobonus.ai\/wp-content\/uploads\/2025\/06\/KB-Gratis-Spelpengar.jpg\" alt=\"Gratis Spelpengar\" class=\"wp-image-30113\" srcset=\"https:\/\/www.kasinobonus.ai\/wp-content\/uploads\/2025\/06\/KB-Gratis-Spelpengar.jpg 1000w, https:\/\/www.kasinobonus.ai\/wp-content\/uploads\/2025\/06\/KB-Gratis-Spelpengar-300x200.jpg 300w, https:\/\/www.kasinobonus.ai\/wp-content\/uploads\/2025\/06\/KB-Gratis-Spelpengar-768x511.jpg 768w, https:\/\/www.kasinobonus.ai\/wp-content\/uploads\/2025\/06\/KB-Gratis-Spelpengar-110x73.jpg 110w, https:\/\/www.kasinobonus.ai\/wp-content\/uploads\/2025\/06\/KB-Gratis-Spelpengar-575x383.jpg 575w\" sizes=\"(max-width: 1000px) 100vw, 1000px\" \/><\/figure>\n\n\n\n<div class=\"wp-block-columns is-layout-flex wp-container-core-columns-is-layout-28f84493 wp-block-columns-is-layout-flex\">\n<div class=\"wp-block-column is-layout-flow wp-block-column-is-layout-flow\">\n<h3 class=\"wp-block-heading\">\u2705 F\u00f6rdelar<\/h3>\n\n\n\n<ul class=\"wp-block-list\">\n<li>\u2705 Perfekt f\u00f6r att testa ett casino utan att spendera egna pengar<\/li>\n\n\n\n<li>\u2705 Verklig chans att vinna \u2014 helt utan ekonomisk risk<\/li>\n\n\n\n<li>\u2705 Direkt tillg\u00e5ng till slots eller spel efter registrering<\/li>\n\n\n\n<li>\u2705 Ingen bindning: bara registrera dig och spela<\/li>\n\n\n\n<li>\u2705 Utm\u00e4rkt s\u00e4tt att utforska olika plattformar och gr\u00e4nssnitt<\/li>\n<\/ul>\n<\/div>\n\n\n\n<div class=\"wp-block-column is-layout-flow wp-block-column-is-layout-flow\">\n<h3 class=\"wp-block-heading\">\u274c Nackdelar<\/h3>\n\n\n\n<ul class=\"wp-block-list\">\n<li>\u274c Strikta oms\u00e4ttningskrav till\u00e4mpas oftast<\/li>\n\n\n\n<li>\u274c Maxvinst och uttagsgr\u00e4nser \u00e4r ofta l\u00e5ga<\/li>\n\n\n\n<li>\u274c Bonusen kan vara begr\u00e4nsad till vissa spel<\/li>\n\n\n\n<li>\u274c Ibland kr\u00e4vs ins\u00e4ttning f\u00f6r att ta ut vinster<\/li>\n\n\n\n<li>\u274c Alla bonusar utan ins\u00e4ttning \u00e4r inte helt \u201cgratis\u201d \u2013 l\u00e4s alltid det finstilta<\/li>\n<\/ul>\n<\/div>\n<\/div>\n\n\n\n<h2 class=\"wp-block-heading\">B\u00e4sta gratis slots med riktiga pengar<\/h2>\n\n\n\n<figure class=\"wp-block-table\"><table class=\"has-fixed-layout\"><thead><tr><th>Spelautomat<\/th><th>Spelutvecklare<\/th><th>Gratis spins<\/th><th>V\u00e4rde per snurr (\u20ac)<\/th><th>Totalt v\u00e4rde (\u20ac)<\/th><th>Villkor<\/th><th>Casino<\/th><\/tr><\/thead><tbody><tr><td>Alien Fruits<\/td><td>BGaming<\/td><td>50<\/td><td>0,10\u202f\u20ac<\/td><td>5,00\u202f\u20ac<\/td><td>Inga oms\u00e4ttningskrav<\/td><td>Drip Casino<\/td><\/tr><tr><td>Gates of Olympus<\/td><td>Pragmatic Play<\/td><td>50<\/td><td>0,10\u202f\u20ac<\/td><td>5,00\u202f\u20ac<\/td><td>Inga oms\u00e4ttningskrav<\/td><td>Campeonbet<\/td><\/tr><tr><td>Sweet Bonanza<\/td><td>Pragmatic Play<\/td><td>40<\/td><td>0,10\u202f\u20ac<\/td><td>4,00\u202f\u20ac<\/td><td>Bonuskod: 40ZENBONUS<\/td><td>Campeonbet<\/td><\/tr><tr><td>Big Bass Bonanza<\/td><td>Pragmatic Play<\/td><td>30<\/td><td>0,10\u202f\u20ac<\/td><td>3,00\u202f\u20ac<\/td><td>Ingen ins\u00e4ttning kr\u00e4vs, bara registrering<\/td><td>Campeonbet<\/td><\/tr><tr><td>Elvis Frog in Vegas<\/td><td>BGaming<\/td><td>25<\/td><td>0,10\u202f\u20ac<\/td><td>2,50\u202f\u20ac<\/td><td>Endast f\u00f6r nya spelare<\/td><td>Drip Casino<\/td><\/tr><tr><td>Book of Dead<\/td><td>Play\u2019n GO<\/td><td>20<\/td><td>0,10\u202f\u20ac<\/td><td>2,00\u202f\u20ac<\/td><td>Ingen ins\u00e4ttning kr\u00e4vs, begr\u00e4nsat tillg\u00e4nglig<\/td><td>Campeonbet<\/td><\/tr><\/tbody><\/table><\/figure>\n\n\n\n<h2 class=\"wp-block-heading\">Resurser f\u00f6r ansvarsfullt spelande<\/h2>\n\n\n\n<ul class=\"wp-block-list\">\n<li><a href=\"https:\/\/www.spelinspektionen.se\/\">https:\/\/www.spelinspektionen.se\/<\/a><\/li>\n\n\n\n<li><a href=\"https:\/\/www.spelinspektionen.se\/\">https:\/\/www.spelinspektionen.se\/<\/a><\/li>\n\n\n\n<li><a href=\"https:\/\/www.spelpaus.se\/\">https:\/\/www.spelpaus.se\/<\/a><\/li>\n\n\n\n<li><a href=\"https:\/\/www.spelpaus.se\/\">https:\/\/www.spelpaus.se\/<\/a><\/li>\n\n\n\n<li><a href=\"https:\/\/www.stodlinjen.se\/\">https:\/\/www.stodlinjen.se\/<\/a><\/li>\n\n\n\n<li><a href=\"https:\/\/gamblingtherapy.org\/\">https:\/\/gamblingtherapy.org\/<\/a><\/li>\n<\/ul>\n\n\n\n<p><\/p>\n","protected":false},"excerpt":{"rendered":"<p>Gratis Spelpengar 2025 Gratisspel med l\u00e5tsaspengar \u00e4r ett av de b\u00e4sta s\u00e4tten att uppleva n\u00e4tcasinon utan att beh\u00f6va riskera n\u00e5gra egna pengar! Oavsett om det \u00e4r en del av en bonus utan ins\u00e4ttning, en lojalitetsbel\u00f6ning eller ett kampanjerbjudande \u2013 gratis spelpengar\u2026 Ja, vem tackar nej till gratispengar? Som tur \u00e4r finns det tusentals casinon som [&hellip;]<\/p>\n","protected":false},"author":1,"featured_media":9586,"parent":0,"menu_order":0,"comment_status":"open","ping_status":"closed","template":"","meta":{"inline_featured_image":false,"footnotes":""},"class_list":["post-9125","page","type-page","status-publish","has-post-thumbnail","hentry"],"yoast_head":"<!-- This site is optimized with the Yoast SEO plugin v24.5 - https:\/\/yoast.com\/wordpress\/plugins\/seo\/ -->\n<title>Gratis Spelpengar (2025) - www.kasinobonus.ai<\/title>\n<meta name=\"description\" content=\"S\u00f6ker du gratis spelpengar f\u00f6r 2025? Uppt\u00e4ck de b\u00e4sta erbjudandena och bonusarna som l\u00e5ter dig spela riskfritt och vinna mer!\" \/>\n<meta name=\"robots\" content=\"index, follow, max-snippet:-1, max-image-preview:large, max-video-preview:-1\" \/>\n<link rel=\"canonical\" href=\"https:\/\/www.kasinobonus.ai\/se\/gratis-spelpengar\/\" \/>\n<script type=\"application\/ld+json\" class=\"yoast-schema-graph\">{\"@context\":\"https:\/\/schema.org\",\"@graph\":[{\"@type\":\"WebPage\",\"@id\":\"https:\/\/www.kasinobonus.ai\/se\/gratis-spelpengar\/\",\"url\":\"https:\/\/www.kasinobonus.ai\/se\/gratis-spelpengar\/\",\"name\":\"Gratis Spelpengar (2025) - www.kasinobonus.ai\",\"isPartOf\":{\"@id\":\"https:\/\/www.kasinobonus.ai\/se\/#website\"},\"primaryImageOfPage\":{\"@id\":\"https:\/\/www.kasinobonus.ai\/se\/gratis-spelpengar\/#primaryimage\"},\"image\":{\"@id\":\"https:\/\/www.kasinobonus.ai\/se\/gratis-spelpengar\/#primaryimage\"},\"thumbnailUrl\":\"https:\/\/www.kasinobonus.ai\/wp-content\/uploads\/2023\/12\/Gratis_Spillepenger.jpg\",\"datePublished\":\"2023-08-29T13:50:04+00:00\",\"dateModified\":\"2025-07-13T21:21:12+00:00\",\"description\":\"S\u00f6ker du gratis spelpengar f\u00f6r 2025? Uppt\u00e4ck de b\u00e4sta erbjudandena och bonusarna som l\u00e5ter dig spela riskfritt och vinna mer!\",\"breadcrumb\":{\"@id\":\"https:\/\/www.kasinobonus.ai\/se\/gratis-spelpengar\/#breadcrumb\"},\"inLanguage\":\"sv-SE\",\"potentialAction\":[{\"@type\":\"ReadAction\",\"target\":[\"https:\/\/www.kasinobonus.ai\/se\/gratis-spelpengar\/\"]}]},{\"@type\":\"ImageObject\",\"inLanguage\":\"sv-SE\",\"@id\":\"https:\/\/www.kasinobonus.ai\/se\/gratis-spelpengar\/#primaryimage\",\"url\":\"https:\/\/www.kasinobonus.ai\/wp-content\/uploads\/2023\/12\/Gratis_Spillepenger.jpg\",\"contentUrl\":\"https:\/\/www.kasinobonus.ai\/wp-content\/uploads\/2023\/12\/Gratis_Spillepenger.jpg\",\"width\":1200,\"height\":628,\"caption\":\"Gratis Spillepenger\"},{\"@type\":\"BreadcrumbList\",\"@id\":\"https:\/\/www.kasinobonus.ai\/se\/gratis-spelpengar\/#breadcrumb\",\"itemListElement\":[{\"@type\":\"ListItem\",\"position\":1,\"name\":\"Home\",\"item\":\"https:\/\/www.kasinobonus.ai\/se\/\"},{\"@type\":\"ListItem\",\"position\":2,\"name\":\"Gratis Spelpengar\"}]},{\"@type\":\"WebSite\",\"@id\":\"https:\/\/www.kasinobonus.ai\/se\/#website\",\"url\":\"https:\/\/www.kasinobonus.ai\/se\/\",\"name\":\"www.kasinobonus.ai\",\"description\":\"\",\"publisher\":{\"@id\":\"https:\/\/www.kasinobonus.ai\/se\/#organization\"},\"potentialAction\":[{\"@type\":\"SearchAction\",\"target\":{\"@type\":\"EntryPoint\",\"urlTemplate\":\"https:\/\/www.kasinobonus.ai\/se\/?s={search_term_string}\"},\"query-input\":{\"@type\":\"PropertyValueSpecification\",\"valueRequired\":true,\"valueName\":\"search_term_string\"}}],\"inLanguage\":\"sv-SE\"},{\"@type\":\"Organization\",\"@id\":\"https:\/\/www.kasinobonus.ai\/se\/#organization\",\"name\":\"KasinoBonus\",\"alternateName\":\"KasinoBonusAI\",\"url\":\"https:\/\/www.kasinobonus.ai\/se\/\",\"logo\":{\"@type\":\"ImageObject\",\"inLanguage\":\"sv-SE\",\"@id\":\"https:\/\/www.kasinobonus.ai\/se\/#\/schema\/logo\/image\/\",\"url\":\"https:\/\/www.kasinobonus.ai\/wp-content\/uploads\/2023\/09\/kasinobonus-logo-light.png\",\"contentUrl\":\"https:\/\/www.kasinobonus.ai\/wp-content\/uploads\/2023\/09\/kasinobonus-logo-light.png\",\"width\":3200,\"height\":596,\"caption\":\"KasinoBonus\"},\"image\":{\"@id\":\"https:\/\/www.kasinobonus.ai\/se\/#\/schema\/logo\/image\/\"},\"sameAs\":[\"https:\/\/www.facebook.com\/kasinobonusio\/\",\"https:\/\/x.com\/Kasinobonus_io\",\"https:\/\/www.linkedin.com\/in\/matti-slotte-26612033b\",\"http:\/\/kasinobonus.wikidot.com\/system:welcome\",\"https:\/\/www.trustpilot.com\/review\/www.kasinobonus.ai\",\"https:\/\/orcid.org\/0009-0007-2889-1713\",\"https:\/\/en.everybodywiki.com\/Matti_Slotte\",\"https:\/\/www.immuniweb.com\/ssl\/kasinobonus.ai\/M4lqCqYY\/\"]}]}<\/script>\n<!-- \/ Yoast SEO plugin. -->","yoast_head_json":{"title":"Gratis Spelpengar (2025) - www.kasinobonus.ai","description":"S\u00f6ker du gratis spelpengar f\u00f6r 2025? Uppt\u00e4ck de b\u00e4sta erbjudandena och bonusarna som l\u00e5ter dig spela riskfritt och vinna mer!","robots":{"index":"index","follow":"follow","max-snippet":"max-snippet:-1","max-image-preview":"max-image-preview:large","max-video-preview":"max-video-preview:-1"},"canonical":"https:\/\/www.kasinobonus.ai\/se\/gratis-spelpengar\/","schema":{"@context":"https:\/\/schema.org","@graph":[{"@type":"WebPage","@id":"https:\/\/www.kasinobonus.ai\/se\/gratis-spelpengar\/","url":"https:\/\/www.kasinobonus.ai\/se\/gratis-spelpengar\/","name":"Gratis Spelpengar (2025) - www.kasinobonus.ai","isPartOf":{"@id":"https:\/\/www.kasinobonus.ai\/se\/#website"},"primaryImageOfPage":{"@id":"https:\/\/www.kasinobonus.ai\/se\/gratis-spelpengar\/#primaryimage"},"image":{"@id":"https:\/\/www.kasinobonus.ai\/se\/gratis-spelpengar\/#primaryimage"},"thumbnailUrl":"https:\/\/www.kasinobonus.ai\/wp-content\/uploads\/2023\/12\/Gratis_Spillepenger.jpg","datePublished":"2023-08-29T13:50:04+00:00","dateModified":"2025-07-13T21:21:12+00:00","description":"S\u00f6ker du gratis spelpengar f\u00f6r 2025? Uppt\u00e4ck de b\u00e4sta erbjudandena och bonusarna som l\u00e5ter dig spela riskfritt och vinna mer!","breadcrumb":{"@id":"https:\/\/www.kasinobonus.ai\/se\/gratis-spelpengar\/#breadcrumb"},"inLanguage":"sv-SE","potentialAction":[{"@type":"ReadAction","target":["https:\/\/www.kasinobonus.ai\/se\/gratis-spelpengar\/"]}]},{"@type":"ImageObject","inLanguage":"sv-SE","@id":"https:\/\/www.kasinobonus.ai\/se\/gratis-spelpengar\/#primaryimage","url":"https:\/\/www.kasinobonus.ai\/wp-content\/uploads\/2023\/12\/Gratis_Spillepenger.jpg","contentUrl":"https:\/\/www.kasinobonus.ai\/wp-content\/uploads\/2023\/12\/Gratis_Spillepenger.jpg","width":1200,"height":628,"caption":"Gratis Spillepenger"},{"@type":"BreadcrumbList","@id":"https:\/\/www.kasinobonus.ai\/se\/gratis-spelpengar\/#breadcrumb","itemListElement":[{"@type":"ListItem","position":1,"name":"Home","item":"https:\/\/www.kasinobonus.ai\/se\/"},{"@type":"ListItem","position":2,"name":"Gratis Spelpengar"}]},{"@type":"WebSite","@id":"https:\/\/www.kasinobonus.ai\/se\/#website","url":"https:\/\/www.kasinobonus.ai\/se\/","name":"www.kasinobonus.ai","description":"","publisher":{"@id":"https:\/\/www.kasinobonus.ai\/se\/#organization"},"potentialAction":[{"@type":"SearchAction","target":{"@type":"EntryPoint","urlTemplate":"https:\/\/www.kasinobonus.ai\/se\/?s={search_term_string}"},"query-input":{"@type":"PropertyValueSpecification","valueRequired":true,"valueName":"search_term_string"}}],"inLanguage":"sv-SE"},{"@type":"Organization","@id":"https:\/\/www.kasinobonus.ai\/se\/#organization","name":"KasinoBonus","alternateName":"KasinoBonusAI","url":"https:\/\/www.kasinobonus.ai\/se\/","logo":{"@type":"ImageObject","inLanguage":"sv-SE","@id":"https:\/\/www.kasinobonus.ai\/se\/#\/schema\/logo\/image\/","url":"https:\/\/www.kasinobonus.ai\/wp-content\/uploads\/2023\/09\/kasinobonus-logo-light.png","contentUrl":"https:\/\/www.kasinobonus.ai\/wp-content\/uploads\/2023\/09\/kasinobonus-logo-light.png","width":3200,"height":596,"caption":"KasinoBonus"},"image":{"@id":"https:\/\/www.kasinobonus.ai\/se\/#\/schema\/logo\/image\/"},"sameAs":["https:\/\/www.facebook.com\/kasinobonusio\/","https:\/\/x.com\/Kasinobonus_io","https:\/\/www.linkedin.com\/in\/matti-slotte-26612033b","http:\/\/kasinobonus.wikidot.com\/system:welcome","https:\/\/www.trustpilot.com\/review\/www.kasinobonus.ai","https:\/\/orcid.org\/0009-0007-2889-1713","https:\/\/en.everybodywiki.com\/Matti_Slotte","https:\/\/www.immuniweb.com\/ssl\/kasinobonus.ai\/M4lqCqYY\/"]}]}},"_links":{"self":[{"href":"https:\/\/www.kasinobonus.ai\/se\/wp-json\/wp\/v2\/pages\/9125","targetHints":{"allow":["GET"]}}],"collection":[{"href":"https:\/\/www.kasinobonus.ai\/se\/wp-json\/wp\/v2\/pages"}],"about":[{"href":"https:\/\/www.kasinobonus.ai\/se\/wp-json\/wp\/v2\/types\/page"}],"author":[{"embeddable":true,"href":"https:\/\/www.kasinobonus.ai\/se\/wp-json\/wp\/v2\/users\/1"}],"replies":[{"embeddable":true,"href":"https:\/\/www.kasinobonus.ai\/se\/wp-json\/wp\/v2\/comments?post=9125"}],"version-history":[{"count":6,"href":"https:\/\/www.kasinobonus.ai\/se\/wp-json\/wp\/v2\/pages\/9125\/revisions"}],"predecessor-version":[{"id":33851,"href":"https:\/\/www.kasinobonus.ai\/se\/wp-json\/wp\/v2\/pages\/9125\/revisions\/33851"}],"wp:featuredmedia":[{"embeddable":true,"href":"https:\/\/www.kasinobonus.ai\/se\/wp-json\/wp\/v2\/media\/9586"}],"wp:attachment":[{"href":"https:\/\/www.kasinobonus.ai\/se\/wp-json\/wp\/v2\/media?parent=9125"}],"curies":[{"name":"wp","href":"https:\/\/api.w.org\/{rel}","templated":true}]}}