{"id":9109,"date":"2023-08-29T13:54:22","date_gmt":"2023-08-29T13:54:22","guid":{"rendered":"http:\/\/kasinobonus.ai.dedivirt842.your-server.de\/100-talletusbonus\/"},"modified":"2025-07-13T21:17:10","modified_gmt":"2025-07-13T21:17:10","slug":"100-insattningsbonus","status":"publish","type":"page","link":"https:\/\/www.kasinobonus.ai\/se\/100-insattningsbonus\/","title":{"rendered":"100% Ins\u00e4ttningsbonus"},"content":{"rendered":"\n<h1 class=\"wp-block-heading\">100% Ins\u00e4ttningsbonus &#8211; Dubbla ditt Spelkapital<\/h1>\n\n\n\n<p>En 100 % ins\u00e4ttningsbonus \u00e4r en av de vanligaste och mest f\u00f6rdelaktiga bonusarna du kan hitta p\u00e5 n\u00e4tcasinon. Oavsett om du \u00e4r ny p\u00e5 en sajt eller en \u00e5terv\u00e4ndande spelare g\u00f6r dessa bonusar att du kan dubbla din f\u00f6rsta ins\u00e4ttning \u2013 och de kallas ofta f\u00f6r 100 % matchade <a href=\"https:\/\/www.kasinobonus.ai\/se\/insattningsbonusar\/\">ins\u00e4ttningsbonusar<\/a>.<\/p>\n\n\n\n<p>Idag guidar jag dig genom de b\u00e4sta 100 % ins\u00e4ttningsbonusarna som finns just nu, hur de fungerar, och vilka viktiga villkor du b\u00f6r k\u00e4nna till.<\/p>\n\n\n\n<h2 class=\"wp-block-heading\">Casinon som erbjuder 100 % bonusar 2025<\/h2>\n\n\n\n<p>Idag erbjuder i princip alla casinon n\u00e5gon form av matchad ins\u00e4ttningsbonus \u2013 och 100 % \u00e4r den vanligaste procentsatsen. Nedan har jag satt ihop en lista \u00f6ver de b\u00e4sta casinona med 100 % ins\u00e4ttningsbonus, alla licensierade, s\u00e4kra och med r\u00e4ttvisa bonusvillkor.<\/p>\n\n\n<p>[brand_table template=&#8221;table_style_1.php&#8221; country=&#8221;SE&#8221; bonus=&#8221;&#8221;]<\/p>\n\n\n\n<p>Om du ser en bonus (eller ett casino) som verkar intressant, klicka bara p\u00e5 knappen \u201dSpela nu\u201d f\u00f6r att registrera dig och g\u00f6ra din ins\u00e4ttning f\u00f6r att komma ig\u00e5ng!<\/p>\n\n\n\n<figure class=\"wp-block-image size-full\"><img decoding=\"async\" width=\"1000\" height=\"666\" src=\"https:\/\/www.kasinobonus.ai\/wp-content\/uploads\/2025\/07\/100-Insattningsbonus.jpg\" alt=\"% Ins\u00e4ttningsbonus\" class=\"wp-image-33561\" srcset=\"https:\/\/www.kasinobonus.ai\/wp-content\/uploads\/2025\/07\/100-Insattningsbonus.jpg 1000w, https:\/\/www.kasinobonus.ai\/wp-content\/uploads\/2025\/07\/100-Insattningsbonus-300x200.jpg 300w, https:\/\/www.kasinobonus.ai\/wp-content\/uploads\/2025\/07\/100-Insattningsbonus-768x511.jpg 768w, https:\/\/www.kasinobonus.ai\/wp-content\/uploads\/2025\/07\/100-Insattningsbonus-110x73.jpg 110w, https:\/\/www.kasinobonus.ai\/wp-content\/uploads\/2025\/07\/100-Insattningsbonus-575x383.jpg 575w\" sizes=\"(max-width: 1000px) 100vw, 1000px\" \/><\/figure>\n\n\n\n<h2 class=\"wp-block-heading\">S\u00e5 recenserar vi casinon<\/h2>\n\n\n\n<p>H\u00e4r p\u00e5 KasinoBonus \u00e4r vi v\u00e4ldigt noga med v\u00e5ra rekommendationer. Vi rekommenderar endast casinon som vi sj\u00e4lva har testat \u2013 vilket inneb\u00e4r att vi g\u00f6r en riktig ins\u00e4ttning, spelar spelen, testar kundsupporten och \u2013 d\u00e4r det \u00e4r m\u00f6jligt \u2013 \u00e4ven genomf\u00f6r ett uttag.<\/p>\n\n\n\n<p>V\u00e5ra recensenter kan sedan anv\u00e4nda sin f\u00f6rstahandserfarenhet f\u00f6r att ge dig en \u00e4rlig och korrekt bild av vad casinot erbjuder \u2013 s\u00e5 att du vet exakt vad du har att f\u00f6rv\u00e4nta dig n\u00e4r du spelar sj\u00e4lv.<\/p>\n\n\n\n<h2 class=\"wp-block-heading\">S\u00e5 fungerar 100 % matchade ins\u00e4ttningsbonusar<\/h2>\n\n\n\n<p>En 100 % ins\u00e4ttningsbonus inneb\u00e4r att casinot matchar din ins\u00e4ttning krona f\u00f6r krona, vilket i praktiken dubblar ditt spelutrymme. Till exempel: om du s\u00e4tter in 500 kr f\u00e5r du ytterligare 500 kr i bonuspengar, s\u00e5 att du har totalt 1 000 kr att spela f\u00f6r! Dessutom inkluderar vissa n\u00e4tcasinon \u00e4ven free spins som en del av dessa kampanjer!<\/p>\n\n\n\n<h2 class=\"wp-block-heading\">F\u00f6rdelar och Nackdelar<\/h2>\n\n\n\n<figure class=\"wp-block-image size-full\"><img decoding=\"async\" width=\"1000\" height=\"666\" src=\"https:\/\/www.kasinobonus.ai\/wp-content\/uploads\/2025\/06\/KB-Insattningsbonusar.jpg\" alt=\"Ins\u00e4ttningsbonusar\" class=\"wp-image-30090\" srcset=\"https:\/\/www.kasinobonus.ai\/wp-content\/uploads\/2025\/06\/KB-Insattningsbonusar.jpg 1000w, https:\/\/www.kasinobonus.ai\/wp-content\/uploads\/2025\/06\/KB-Insattningsbonusar-300x200.jpg 300w, https:\/\/www.kasinobonus.ai\/wp-content\/uploads\/2025\/06\/KB-Insattningsbonusar-768x511.jpg 768w, https:\/\/www.kasinobonus.ai\/wp-content\/uploads\/2025\/06\/KB-Insattningsbonusar-110x73.jpg 110w, https:\/\/www.kasinobonus.ai\/wp-content\/uploads\/2025\/06\/KB-Insattningsbonusar-575x383.jpg 575w\" sizes=\"(max-width: 1000px) 100vw, 1000px\" \/><\/figure>\n\n\n\n<div class=\"wp-block-columns is-layout-flex wp-container-core-columns-is-layout-28f84493 wp-block-columns-is-layout-flex\">\n<div class=\"wp-block-column is-layout-flow wp-block-column-is-layout-flow\">\n<h3 class=\"wp-block-heading\">\u2705 F\u00f6rdelar<\/h3>\n\n\n\n<ul class=\"wp-block-list\">\n<li>\u2705 H\u00f6gre bonusbelopp j\u00e4mf\u00f6rt med erbjudanden utan ins\u00e4ttning<\/li>\n\n\n\n<li>\u2705 Ger tillg\u00e5ng till v\u00e4lkomstpaket och VIP-f\u00f6rm\u00e5ner<\/li>\n\n\n\n<li>\u2705 Inneh\u00e5ller ofta b\u00e5de bonuspengar och gratissnurr<\/li>\n\n\n\n<li>\u2705 Mycket v\u00e4rde f\u00f6r spelare som redan planerar att s\u00e4tta in<\/li>\n\n\n\n<li>\u2705 Accepteras brett p\u00e5 de flesta n\u00e4tcasinon<\/li>\n<\/ul>\n<\/div>\n\n\n\n<div class=\"wp-block-column is-layout-flow wp-block-column-is-layout-flow\">\n<h3 class=\"wp-block-heading\">\u274c Nackdelar<\/h3>\n\n\n\n<ul class=\"wp-block-list\">\n<li>\u274c Kommer med oms\u00e4ttningskrav (ibland 30x\u201350x)<\/li>\n\n\n\n<li>\u274c Bonuspengar kan vara l\u00e5sta tills villkoren \u00e4r uppfyllda<\/li>\n\n\n\n<li>\u274c Vissa spel \u00e4r undantagna fr\u00e5n bonusspelet<\/li>\n\n\n\n<li>\u274c Maxinsatsgr\u00e4nser kan g\u00e4lla vid anv\u00e4ndning av bonus<\/li>\n\n\n\n<li>\u274c Uttag \u00e4r ofta begr\u00e4nsade tills bonusen \u00e4r omsatt<\/li>\n<\/ul>\n<\/div>\n<\/div>\n\n\n\n<h2 class=\"wp-block-heading\">B\u00e4sta ins\u00e4ttningsbonusar i Sverige<\/h2>\n\n\n\n<figure class=\"wp-block-table\"><table class=\"has-fixed-layout\"><thead><tr><th>Casino<\/th><th>Bonus<\/th><th>Villkor<\/th><th>Kod \/ Info<\/th><th>L\u00e4nk<\/th><\/tr><\/thead><tbody><tr><td>LuckyVibe<\/td><td>Upp till \u20ac1000 + 100 gratissnurr. Bonusar p\u00e5 2:a\u20134:e ins\u00e4ttningarna<\/td><td>Ins\u00e4ttningsbonus + reload<\/td><td>\u2013<\/td><td><a href=\"https:\/\/www.kasinobonus.ai\/go\/luckyvibefi\/\">Spela nu<\/a><\/td><\/tr><tr><td>Bet on Red<\/td><td>50 gratissnurr utan ins\u00e4ttning + 100% upp till \u20ac100 + 150 gratissnurr<\/td><td>Ingen ins\u00e4ttning + ins\u00e4ttningsbonus<\/td><td>BLITZ3<\/td><td><a href=\"https:\/\/www.kasinobonus.ai\/go\/betonred\">Spela nu<\/a><\/td><\/tr><tr><td>Wbetz<\/td><td>50 gratissnurr utan ins\u00e4ttning + 225% upp till \u20ac450 + 250 gratissnurr<\/td><td>Ingen ins\u00e4ttning + ins\u00e4ttningsbonus<\/td><td>BLITZ3<\/td><td><a href=\"https:\/\/www.kasinobonus.ai\/go\/wbetz\">Spela nu<\/a><\/td><\/tr><tr><td>Sol Casino<\/td><td>50 gratissnurr utan ins\u00e4ttning + 100% upp till \u20ac300<\/td><td>Ingen ins\u00e4ttning + ins\u00e4ttningsbonus<\/td><td>EXKLUSIVT<\/td><td><a href=\"https:\/\/www.kasinobonus.ai\/go\/sol\">Spela nu<\/a><\/td><\/tr><tr><td>Depositwin<\/td><td>100% upp till \u20ac400 utan oms\u00e4ttningskrav + 100 oms\u00e4ttningsfria gratissnurr<\/td><td>Ingen wagering p\u00e5 3 ins\u00e4ttningar<\/td><td>INGEN WAGERING<\/td><td><a href=\"https:\/\/www.kasinobonus.ai\/go\/depositwin\">Spela nu<\/a><\/td><\/tr><\/tbody><\/table><\/figure>\n","protected":false},"excerpt":{"rendered":"<p>100% Ins\u00e4ttningsbonus &#8211; Dubbla ditt Spelkapital En 100 % ins\u00e4ttningsbonus \u00e4r en av de vanligaste och mest f\u00f6rdelaktiga bonusarna du kan hitta p\u00e5 n\u00e4tcasinon. Oavsett om du \u00e4r ny p\u00e5 en sajt eller en \u00e5terv\u00e4ndande spelare g\u00f6r dessa bonusar att du kan dubbla din f\u00f6rsta ins\u00e4ttning \u2013 och de kallas ofta f\u00f6r 100 % matchade [&hellip;]<\/p>\n","protected":false},"author":1,"featured_media":9232,"parent":0,"menu_order":0,"comment_status":"open","ping_status":"closed","template":"","meta":{"inline_featured_image":false,"footnotes":""},"class_list":["post-9109","page","type-page","status-publish","has-post-thumbnail","hentry"],"yoast_head":"<!-- This site is optimized with the Yoast SEO plugin v24.5 - https:\/\/yoast.com\/wordpress\/plugins\/seo\/ -->\n<title>100% Ins\u00e4ttningsbonus (2025) - www.kasinobonus.ai<\/title>\n<meta name=\"description\" content=\"Utnyttja en 100% ins\u00e4ttningsbonus och f\u00f6rdubbla din spelkassa. Uppt\u00e4ck de b\u00e4sta kasinona 2025 som erbjuder denna bonus.\" \/>\n<meta name=\"robots\" content=\"index, follow, max-snippet:-1, max-image-preview:large, max-video-preview:-1\" \/>\n<link rel=\"canonical\" href=\"https:\/\/www.kasinobonus.ai\/se\/100-insattningsbonus\/\" \/>\n<script type=\"application\/ld+json\" class=\"yoast-schema-graph\">{\"@context\":\"https:\/\/schema.org\",\"@graph\":[{\"@type\":\"WebPage\",\"@id\":\"https:\/\/www.kasinobonus.ai\/se\/100-insattningsbonus\/\",\"url\":\"https:\/\/www.kasinobonus.ai\/se\/100-insattningsbonus\/\",\"name\":\"100% Ins\u00e4ttningsbonus (2025) - www.kasinobonus.ai\",\"isPartOf\":{\"@id\":\"https:\/\/www.kasinobonus.ai\/se\/#website\"},\"primaryImageOfPage\":{\"@id\":\"https:\/\/www.kasinobonus.ai\/se\/100-insattningsbonus\/#primaryimage\"},\"image\":{\"@id\":\"https:\/\/www.kasinobonus.ai\/se\/100-insattningsbonus\/#primaryimage\"},\"thumbnailUrl\":\"https:\/\/www.kasinobonus.ai\/wp-content\/uploads\/2023\/12\/100-insattningsbonus.jpg\",\"datePublished\":\"2023-08-29T13:54:22+00:00\",\"dateModified\":\"2025-07-13T21:17:10+00:00\",\"description\":\"Utnyttja en 100% ins\u00e4ttningsbonus och f\u00f6rdubbla din spelkassa. Uppt\u00e4ck de b\u00e4sta kasinona 2025 som erbjuder denna bonus.\",\"breadcrumb\":{\"@id\":\"https:\/\/www.kasinobonus.ai\/se\/100-insattningsbonus\/#breadcrumb\"},\"inLanguage\":\"sv-SE\",\"potentialAction\":[{\"@type\":\"ReadAction\",\"target\":[\"https:\/\/www.kasinobonus.ai\/se\/100-insattningsbonus\/\"]}]},{\"@type\":\"ImageObject\",\"inLanguage\":\"sv-SE\",\"@id\":\"https:\/\/www.kasinobonus.ai\/se\/100-insattningsbonus\/#primaryimage\",\"url\":\"https:\/\/www.kasinobonus.ai\/wp-content\/uploads\/2023\/12\/100-insattningsbonus.jpg\",\"contentUrl\":\"https:\/\/www.kasinobonus.ai\/wp-content\/uploads\/2023\/12\/100-insattningsbonus.jpg\",\"width\":1200,\"height\":628,\"caption\":\"100 insattningsbonus\"},{\"@type\":\"BreadcrumbList\",\"@id\":\"https:\/\/www.kasinobonus.ai\/se\/100-insattningsbonus\/#breadcrumb\",\"itemListElement\":[{\"@type\":\"ListItem\",\"position\":1,\"name\":\"Home\",\"item\":\"https:\/\/www.kasinobonus.ai\/se\/\"},{\"@type\":\"ListItem\",\"position\":2,\"name\":\"100% Ins\u00e4ttningsbonus\"}]},{\"@type\":\"WebSite\",\"@id\":\"https:\/\/www.kasinobonus.ai\/se\/#website\",\"url\":\"https:\/\/www.kasinobonus.ai\/se\/\",\"name\":\"www.kasinobonus.ai\",\"description\":\"\",\"publisher\":{\"@id\":\"https:\/\/www.kasinobonus.ai\/se\/#organization\"},\"potentialAction\":[{\"@type\":\"SearchAction\",\"target\":{\"@type\":\"EntryPoint\",\"urlTemplate\":\"https:\/\/www.kasinobonus.ai\/se\/?s={search_term_string}\"},\"query-input\":{\"@type\":\"PropertyValueSpecification\",\"valueRequired\":true,\"valueName\":\"search_term_string\"}}],\"inLanguage\":\"sv-SE\"},{\"@type\":\"Organization\",\"@id\":\"https:\/\/www.kasinobonus.ai\/se\/#organization\",\"name\":\"KasinoBonus\",\"alternateName\":\"KasinoBonusAI\",\"url\":\"https:\/\/www.kasinobonus.ai\/se\/\",\"logo\":{\"@type\":\"ImageObject\",\"inLanguage\":\"sv-SE\",\"@id\":\"https:\/\/www.kasinobonus.ai\/se\/#\/schema\/logo\/image\/\",\"url\":\"https:\/\/www.kasinobonus.ai\/wp-content\/uploads\/2023\/09\/kasinobonus-logo-light.png\",\"contentUrl\":\"https:\/\/www.kasinobonus.ai\/wp-content\/uploads\/2023\/09\/kasinobonus-logo-light.png\",\"width\":3200,\"height\":596,\"caption\":\"KasinoBonus\"},\"image\":{\"@id\":\"https:\/\/www.kasinobonus.ai\/se\/#\/schema\/logo\/image\/\"},\"sameAs\":[\"https:\/\/www.facebook.com\/kasinobonusio\/\",\"https:\/\/x.com\/Kasinobonus_io\",\"https:\/\/www.linkedin.com\/in\/matti-slotte-26612033b\",\"http:\/\/kasinobonus.wikidot.com\/system:welcome\",\"https:\/\/www.trustpilot.com\/review\/www.kasinobonus.ai\",\"https:\/\/orcid.org\/0009-0007-2889-1713\",\"https:\/\/en.everybodywiki.com\/Matti_Slotte\",\"https:\/\/www.immuniweb.com\/ssl\/kasinobonus.ai\/M4lqCqYY\/\"]}]}<\/script>\n<!-- \/ Yoast SEO plugin. -->","yoast_head_json":{"title":"100% Ins\u00e4ttningsbonus (2025) - www.kasinobonus.ai","description":"Utnyttja en 100% ins\u00e4ttningsbonus och f\u00f6rdubbla din spelkassa. Uppt\u00e4ck de b\u00e4sta kasinona 2025 som erbjuder denna bonus.","robots":{"index":"index","follow":"follow","max-snippet":"max-snippet:-1","max-image-preview":"max-image-preview:large","max-video-preview":"max-video-preview:-1"},"canonical":"https:\/\/www.kasinobonus.ai\/se\/100-insattningsbonus\/","schema":{"@context":"https:\/\/schema.org","@graph":[{"@type":"WebPage","@id":"https:\/\/www.kasinobonus.ai\/se\/100-insattningsbonus\/","url":"https:\/\/www.kasinobonus.ai\/se\/100-insattningsbonus\/","name":"100% Ins\u00e4ttningsbonus (2025) - www.kasinobonus.ai","isPartOf":{"@id":"https:\/\/www.kasinobonus.ai\/se\/#website"},"primaryImageOfPage":{"@id":"https:\/\/www.kasinobonus.ai\/se\/100-insattningsbonus\/#primaryimage"},"image":{"@id":"https:\/\/www.kasinobonus.ai\/se\/100-insattningsbonus\/#primaryimage"},"thumbnailUrl":"https:\/\/www.kasinobonus.ai\/wp-content\/uploads\/2023\/12\/100-insattningsbonus.jpg","datePublished":"2023-08-29T13:54:22+00:00","dateModified":"2025-07-13T21:17:10+00:00","description":"Utnyttja en 100% ins\u00e4ttningsbonus och f\u00f6rdubbla din spelkassa. Uppt\u00e4ck de b\u00e4sta kasinona 2025 som erbjuder denna bonus.","breadcrumb":{"@id":"https:\/\/www.kasinobonus.ai\/se\/100-insattningsbonus\/#breadcrumb"},"inLanguage":"sv-SE","potentialAction":[{"@type":"ReadAction","target":["https:\/\/www.kasinobonus.ai\/se\/100-insattningsbonus\/"]}]},{"@type":"ImageObject","inLanguage":"sv-SE","@id":"https:\/\/www.kasinobonus.ai\/se\/100-insattningsbonus\/#primaryimage","url":"https:\/\/www.kasinobonus.ai\/wp-content\/uploads\/2023\/12\/100-insattningsbonus.jpg","contentUrl":"https:\/\/www.kasinobonus.ai\/wp-content\/uploads\/2023\/12\/100-insattningsbonus.jpg","width":1200,"height":628,"caption":"100 insattningsbonus"},{"@type":"BreadcrumbList","@id":"https:\/\/www.kasinobonus.ai\/se\/100-insattningsbonus\/#breadcrumb","itemListElement":[{"@type":"ListItem","position":1,"name":"Home","item":"https:\/\/www.kasinobonus.ai\/se\/"},{"@type":"ListItem","position":2,"name":"100% Ins\u00e4ttningsbonus"}]},{"@type":"WebSite","@id":"https:\/\/www.kasinobonus.ai\/se\/#website","url":"https:\/\/www.kasinobonus.ai\/se\/","name":"www.kasinobonus.ai","description":"","publisher":{"@id":"https:\/\/www.kasinobonus.ai\/se\/#organization"},"potentialAction":[{"@type":"SearchAction","target":{"@type":"EntryPoint","urlTemplate":"https:\/\/www.kasinobonus.ai\/se\/?s={search_term_string}"},"query-input":{"@type":"PropertyValueSpecification","valueRequired":true,"valueName":"search_term_string"}}],"inLanguage":"sv-SE"},{"@type":"Organization","@id":"https:\/\/www.kasinobonus.ai\/se\/#organization","name":"KasinoBonus","alternateName":"KasinoBonusAI","url":"https:\/\/www.kasinobonus.ai\/se\/","logo":{"@type":"ImageObject","inLanguage":"sv-SE","@id":"https:\/\/www.kasinobonus.ai\/se\/#\/schema\/logo\/image\/","url":"https:\/\/www.kasinobonus.ai\/wp-content\/uploads\/2023\/09\/kasinobonus-logo-light.png","contentUrl":"https:\/\/www.kasinobonus.ai\/wp-content\/uploads\/2023\/09\/kasinobonus-logo-light.png","width":3200,"height":596,"caption":"KasinoBonus"},"image":{"@id":"https:\/\/www.kasinobonus.ai\/se\/#\/schema\/logo\/image\/"},"sameAs":["https:\/\/www.facebook.com\/kasinobonusio\/","https:\/\/x.com\/Kasinobonus_io","https:\/\/www.linkedin.com\/in\/matti-slotte-26612033b","http:\/\/kasinobonus.wikidot.com\/system:welcome","https:\/\/www.trustpilot.com\/review\/www.kasinobonus.ai","https:\/\/orcid.org\/0009-0007-2889-1713","https:\/\/en.everybodywiki.com\/Matti_Slotte","https:\/\/www.immuniweb.com\/ssl\/kasinobonus.ai\/M4lqCqYY\/"]}]}},"_links":{"self":[{"href":"https:\/\/www.kasinobonus.ai\/se\/wp-json\/wp\/v2\/pages\/9109","targetHints":{"allow":["GET"]}}],"collection":[{"href":"https:\/\/www.kasinobonus.ai\/se\/wp-json\/wp\/v2\/pages"}],"about":[{"href":"https:\/\/www.kasinobonus.ai\/se\/wp-json\/wp\/v2\/types\/page"}],"author":[{"embeddable":true,"href":"https:\/\/www.kasinobonus.ai\/se\/wp-json\/wp\/v2\/users\/1"}],"replies":[{"embeddable":true,"href":"https:\/\/www.kasinobonus.ai\/se\/wp-json\/wp\/v2\/comments?post=9109"}],"version-history":[{"count":5,"href":"https:\/\/www.kasinobonus.ai\/se\/wp-json\/wp\/v2\/pages\/9109\/revisions"}],"predecessor-version":[{"id":33830,"href":"https:\/\/www.kasinobonus.ai\/se\/wp-json\/wp\/v2\/pages\/9109\/revisions\/33830"}],"wp:featuredmedia":[{"embeddable":true,"href":"https:\/\/www.kasinobonus.ai\/se\/wp-json\/wp\/v2\/media\/9232"}],"wp:attachment":[{"href":"https:\/\/www.kasinobonus.ai\/se\/wp-json\/wp\/v2\/media?parent=9109"}],"curies":[{"name":"wp","href":"https:\/\/api.w.org\/{rel}","templated":true}]}}