{"id":9081,"date":"2023-08-29T13:58:19","date_gmt":"2023-08-29T13:58:19","guid":{"rendered":"http:\/\/kasinobonus.ai.dedivirt842.your-server.de\/300-talletusbonus\/"},"modified":"2025-07-13T21:17:32","modified_gmt":"2025-07-13T21:17:32","slug":"300-insattningsbonus","status":"publish","type":"page","link":"https:\/\/www.kasinobonus.ai\/se\/300-insattningsbonus\/","title":{"rendered":"300% Ins\u00e4ttningsbonus"},"content":{"rendered":"\n<h1 class=\"wp-block-heading\">300% Ins\u00e4ttningsbonus \u2013 Fyrdubbla Dina Spelpengar<\/h1>\n\n\n\n<p>En 300 % ins\u00e4ttningsbonus \u00e4r en av de st\u00f6rsta matchade bonusarna du kan hitta, och erbjuder en enorm \u00f6kning p\u00e5 hela 300 % av din ins\u00e4ttning! Det inneb\u00e4r att du f\u00e5r fyra g\u00e5nger ditt ursprungliga belopp \u2013 vilket g\u00f6r det till ett riktigt bra val f\u00f6r spelare som vill maximera sin spelbudget och f\u00f6rl\u00e4nga sina spelsessioner.<\/p>\n\n\n\n<p>I den h\u00e4r guiden g\u00e5r jag igenom hur 300 % matchade <a href=\"https:\/\/www.kasinobonus.ai\/se\/insattningsbonusar\/\">ins\u00e4ttningsbonusar<\/a> fungerar, var du hittar dem och varf\u00f6r de \u00e4r v\u00e4rda att \u00f6verv\u00e4ga.<\/p>\n\n\n\n<h2 class=\"wp-block-heading\">Casinon som erbjuder 300 % bonusar 2025<\/h2>\n\n\n\n<p>Som namnet antyder ger en 300 % matchad ins\u00e4ttningsbonus dig 300 % extra p\u00e5 din ins\u00e4ttning! Det betyder att en ins\u00e4ttning p\u00e5 100 kr till exempel ger dig 300 kr i bonuspengar, vilket ger dig totalt 400 kr att spela f\u00f6r! L\u00e5ter det bra? D\u00e5 kan du kolla in mina rekommenderade casinon d\u00e4r du kan h\u00e4mta denna bonus nedan:<\/p>\n\n\n<p>[brand_table template=&#8221;table_style_1.php&#8221; country=&#8221;SE&#8221; bonus=&#8221;&#8221;]<\/p>\n\n\n\n<p>N\u00e4r du har valt ett casino kommer en kvalificerande ins\u00e4ttning att l\u00e5sa upp din 300 % matchbonus \u2013 vilket ger dig gott om extra spelpengar att njuta av!<\/p>\n\n\n\n<figure class=\"wp-block-image size-full\"><img decoding=\"async\" width=\"1000\" height=\"666\" src=\"https:\/\/www.kasinobonus.ai\/wp-content\/uploads\/2025\/07\/300-Insattningsbonus-1.jpg\" alt=\"% Ins\u00e4ttningsbonus\" class=\"wp-image-33590\" srcset=\"https:\/\/www.kasinobonus.ai\/wp-content\/uploads\/2025\/07\/300-Insattningsbonus-1.jpg 1000w, https:\/\/www.kasinobonus.ai\/wp-content\/uploads\/2025\/07\/300-Insattningsbonus-1-300x200.jpg 300w, https:\/\/www.kasinobonus.ai\/wp-content\/uploads\/2025\/07\/300-Insattningsbonus-1-768x511.jpg 768w, https:\/\/www.kasinobonus.ai\/wp-content\/uploads\/2025\/07\/300-Insattningsbonus-1-110x73.jpg 110w, https:\/\/www.kasinobonus.ai\/wp-content\/uploads\/2025\/07\/300-Insattningsbonus-1-575x383.jpg 575w\" sizes=\"(max-width: 1000px) 100vw, 1000px\" \/><\/figure>\n\n\n\n<h2 class=\"wp-block-heading\">S\u00e5 recenserar vi casinon<\/h2>\n\n\n\n<p>N\u00e4r vi recenserar n\u00e4tcasinon som erbjuder 300 % bonusar kontrollerar mitt team och jag en rad faktorer. F\u00f6rst ser vi till att casinot har giltig licens \u2013 utan en spellicens vet du inte om casinot faktiskt kommer att betala ut dina vinster, eller om spelen \u00e4r r\u00e4ttvisa! H\u00e4r p\u00e5 KasinoBonus testar och granskar vi dessutom alla casinon sj\u00e4lva \u2013 vilket g\u00f6r att vi kan rapportera direkt till dig om saker som uttagshastighet, kundsupport och ins\u00e4ttningsalternativ.<\/p>\n\n\n\n<h2 class=\"wp-block-heading\">Varf\u00f6r h\u00e4mta en 300 % ins\u00e4ttningsbonus?<\/h2>\n\n\n\n<p>En 300 % ins\u00e4ttningsbonus kan l\u00e5ta f\u00f6r bra f\u00f6r att vara sann, men om du h\u00e4mtar den hos ett casino med schyssta villkor och ett starkt spelutbud kan det ge dig riktigt mycket v\u00e4rde f\u00f6r pengarna.<\/p>\n\n\n\n<p>Den h\u00e4r typen av kampanjer ger dig ett rej\u00e4lt startkapital, vilket l\u00e5ter dig testa olika spel, experimentera med olika insatsstrategier och njuta av l\u00e4ngre spelsessioner \u2013 utan att du beh\u00f6ver riskera lika mycket av dina egna pengar. Det \u00e4r ocks\u00e5 ett utm\u00e4rkt s\u00e4tt att prova ett nytt casino, utan att s\u00e4tta in ett stort belopp sj\u00e4lv!<\/p>\n\n\n\n<h2 class=\"wp-block-heading\">F\u00f6rdelar och Nackdelar<\/h2>\n\n\n\n<figure class=\"wp-block-image size-full\"><img decoding=\"async\" width=\"1000\" height=\"666\" src=\"https:\/\/www.kasinobonus.ai\/wp-content\/uploads\/2025\/06\/KB-Insattningsbonusar.jpg\" alt=\"Ins\u00e4ttningsbonusar\" class=\"wp-image-30090\" srcset=\"https:\/\/www.kasinobonus.ai\/wp-content\/uploads\/2025\/06\/KB-Insattningsbonusar.jpg 1000w, https:\/\/www.kasinobonus.ai\/wp-content\/uploads\/2025\/06\/KB-Insattningsbonusar-300x200.jpg 300w, https:\/\/www.kasinobonus.ai\/wp-content\/uploads\/2025\/06\/KB-Insattningsbonusar-768x511.jpg 768w, https:\/\/www.kasinobonus.ai\/wp-content\/uploads\/2025\/06\/KB-Insattningsbonusar-110x73.jpg 110w, https:\/\/www.kasinobonus.ai\/wp-content\/uploads\/2025\/06\/KB-Insattningsbonusar-575x383.jpg 575w\" sizes=\"(max-width: 1000px) 100vw, 1000px\" \/><\/figure>\n\n\n\n<div class=\"wp-block-columns is-layout-flex wp-container-core-columns-is-layout-28f84493 wp-block-columns-is-layout-flex\">\n<div class=\"wp-block-column is-layout-flow wp-block-column-is-layout-flow\">\n<h3 class=\"wp-block-heading\">\u2705 F\u00f6rdelar<\/h3>\n\n\n\n<ul class=\"wp-block-list\">\n<li>\u2705 H\u00f6gre bonusbelopp j\u00e4mf\u00f6rt med erbjudanden utan ins\u00e4ttning<\/li>\n\n\n\n<li>\u2705 Ger tillg\u00e5ng till v\u00e4lkomstpaket och VIP-f\u00f6rm\u00e5ner<\/li>\n\n\n\n<li>\u2705 Inneh\u00e5ller ofta b\u00e5de bonuspengar och gratissnurr<\/li>\n\n\n\n<li>\u2705 Mycket v\u00e4rde f\u00f6r spelare som redan planerar att s\u00e4tta in<\/li>\n\n\n\n<li>\u2705 Accepteras brett p\u00e5 de flesta n\u00e4tcasinon<\/li>\n<\/ul>\n<\/div>\n\n\n\n<div class=\"wp-block-column is-layout-flow wp-block-column-is-layout-flow\">\n<h3 class=\"wp-block-heading\">\u274c Nackdelar<\/h3>\n\n\n\n<ul class=\"wp-block-list\">\n<li>\u274c Kommer med oms\u00e4ttningskrav (ibland 30x\u201350x)<\/li>\n\n\n\n<li>\u274c Bonuspengar kan vara l\u00e5sta tills villkoren \u00e4r uppfyllda<\/li>\n\n\n\n<li>\u274c Vissa spel \u00e4r undantagna fr\u00e5n bonusspelet<\/li>\n\n\n\n<li>\u274c Maxinsatsgr\u00e4nser kan g\u00e4lla vid anv\u00e4ndning av bonus<\/li>\n\n\n\n<li>\u274c Uttag \u00e4r ofta begr\u00e4nsade tills bonusen \u00e4r omsatt<\/li>\n<\/ul>\n<\/div>\n<\/div>\n\n\n\n<h2 class=\"wp-block-heading\">B\u00e4sta ins\u00e4ttningsbonusar i Sverige<\/h2>\n\n\n\n<figure class=\"wp-block-table\"><table class=\"has-fixed-layout\"><thead><tr><th>Casino<\/th><th>Bonus<\/th><th>Villkor<\/th><th>Kod \/ Info<\/th><th>L\u00e4nk<\/th><\/tr><\/thead><tbody><tr><td>LuckyVibe<\/td><td>Upp till \u20ac1000 + 100 gratissnurr. Bonusar p\u00e5 2:a\u20134:e ins\u00e4ttningarna<\/td><td>Ins\u00e4ttningsbonus + reload<\/td><td>\u2013<\/td><td><a href=\"https:\/\/www.kasinobonus.ai\/go\/luckyvibefi\/\">Spela nu<\/a><\/td><\/tr><tr><td>Bet on Red<\/td><td>50 gratissnurr utan ins\u00e4ttning + 100% upp till \u20ac100 + 150 gratissnurr<\/td><td>Ingen ins\u00e4ttning + ins\u00e4ttningsbonus<\/td><td>BLITZ3<\/td><td><a href=\"https:\/\/www.kasinobonus.ai\/go\/betonred\">Spela nu<\/a><\/td><\/tr><tr><td>Wbetz<\/td><td>50 gratissnurr utan ins\u00e4ttning + 225% upp till \u20ac450 + 250 gratissnurr<\/td><td>Ingen ins\u00e4ttning + ins\u00e4ttningsbonus<\/td><td>BLITZ3<\/td><td><a href=\"https:\/\/www.kasinobonus.ai\/go\/wbetz\">Spela nu<\/a><\/td><\/tr><tr><td>Sol Casino<\/td><td>50 gratissnurr utan ins\u00e4ttning + 100% upp till \u20ac300<\/td><td>Ingen ins\u00e4ttning + ins\u00e4ttningsbonus<\/td><td>EXKLUSIVT<\/td><td><a href=\"https:\/\/www.kasinobonus.ai\/go\/sol\">Spela nu<\/a><\/td><\/tr><tr><td>Depositwin<\/td><td>100% upp till \u20ac400 utan oms\u00e4ttningskrav + 100 oms\u00e4ttningsfria gratissnurr<\/td><td>Ingen wagering p\u00e5 3 ins\u00e4ttningar<\/td><td>INGEN WAGERING<\/td><td><a href=\"https:\/\/www.kasinobonus.ai\/go\/depositwin\">Spela nu<\/a><\/td><\/tr><\/tbody><\/table><\/figure>\n","protected":false},"excerpt":{"rendered":"<p>300% Ins\u00e4ttningsbonus \u2013 Fyrdubbla Dina Spelpengar En 300 % ins\u00e4ttningsbonus \u00e4r en av de st\u00f6rsta matchade bonusarna du kan hitta, och erbjuder en enorm \u00f6kning p\u00e5 hela 300 % av din ins\u00e4ttning! Det inneb\u00e4r att du f\u00e5r fyra g\u00e5nger ditt ursprungliga belopp \u2013 vilket g\u00f6r det till ett riktigt bra val f\u00f6r spelare som vill [&hellip;]<\/p>\n","protected":false},"author":1,"featured_media":9262,"parent":0,"menu_order":0,"comment_status":"open","ping_status":"closed","template":"","meta":{"inline_featured_image":false,"footnotes":""},"class_list":["post-9081","page","type-page","status-publish","has-post-thumbnail","hentry"],"yoast_head":"<!-- This site is optimized with the Yoast SEO plugin v24.5 - https:\/\/yoast.com\/wordpress\/plugins\/seo\/ -->\n<title>300% Ins\u00e4ttningsbonus (2025) - www.kasinobonus.ai<\/title>\n<meta name=\"description\" content=\"V\u00e4lj etta kasino och h\u00e4mta din 300% ins\u00e4ttningsbonus \u2013 fyrdubbla ditt spelkassa p\u00e5 en g\u00e5ng! B\u00f6rja jakten p\u00e5 de stora vinsterna direkt!\" \/>\n<meta name=\"robots\" content=\"index, follow, max-snippet:-1, max-image-preview:large, max-video-preview:-1\" \/>\n<link rel=\"canonical\" href=\"https:\/\/www.kasinobonus.ai\/se\/300-insattningsbonus\/\" \/>\n<script type=\"application\/ld+json\" class=\"yoast-schema-graph\">{\"@context\":\"https:\/\/schema.org\",\"@graph\":[{\"@type\":\"WebPage\",\"@id\":\"https:\/\/www.kasinobonus.ai\/se\/300-insattningsbonus\/\",\"url\":\"https:\/\/www.kasinobonus.ai\/se\/300-insattningsbonus\/\",\"name\":\"300% Ins\u00e4ttningsbonus (2025) - www.kasinobonus.ai\",\"isPartOf\":{\"@id\":\"https:\/\/www.kasinobonus.ai\/se\/#website\"},\"primaryImageOfPage\":{\"@id\":\"https:\/\/www.kasinobonus.ai\/se\/300-insattningsbonus\/#primaryimage\"},\"image\":{\"@id\":\"https:\/\/www.kasinobonus.ai\/se\/300-insattningsbonus\/#primaryimage\"},\"thumbnailUrl\":\"https:\/\/www.kasinobonus.ai\/wp-content\/uploads\/2023\/12\/300_insattningsbonus.jpg\",\"datePublished\":\"2023-08-29T13:58:19+00:00\",\"dateModified\":\"2025-07-13T21:17:32+00:00\",\"description\":\"V\u00e4lj etta kasino och h\u00e4mta din 300% ins\u00e4ttningsbonus \u2013 fyrdubbla ditt spelkassa p\u00e5 en g\u00e5ng! B\u00f6rja jakten p\u00e5 de stora vinsterna direkt!\",\"breadcrumb\":{\"@id\":\"https:\/\/www.kasinobonus.ai\/se\/300-insattningsbonus\/#breadcrumb\"},\"inLanguage\":\"sv-SE\",\"potentialAction\":[{\"@type\":\"ReadAction\",\"target\":[\"https:\/\/www.kasinobonus.ai\/se\/300-insattningsbonus\/\"]}]},{\"@type\":\"ImageObject\",\"inLanguage\":\"sv-SE\",\"@id\":\"https:\/\/www.kasinobonus.ai\/se\/300-insattningsbonus\/#primaryimage\",\"url\":\"https:\/\/www.kasinobonus.ai\/wp-content\/uploads\/2023\/12\/300_insattningsbonus.jpg\",\"contentUrl\":\"https:\/\/www.kasinobonus.ai\/wp-content\/uploads\/2023\/12\/300_insattningsbonus.jpg\",\"width\":1200,\"height\":628,\"caption\":\"300 insattningsbonus\"},{\"@type\":\"BreadcrumbList\",\"@id\":\"https:\/\/www.kasinobonus.ai\/se\/300-insattningsbonus\/#breadcrumb\",\"itemListElement\":[{\"@type\":\"ListItem\",\"position\":1,\"name\":\"Home\",\"item\":\"https:\/\/www.kasinobonus.ai\/se\/\"},{\"@type\":\"ListItem\",\"position\":2,\"name\":\"300% Ins\u00e4ttningsbonus\"}]},{\"@type\":\"WebSite\",\"@id\":\"https:\/\/www.kasinobonus.ai\/se\/#website\",\"url\":\"https:\/\/www.kasinobonus.ai\/se\/\",\"name\":\"www.kasinobonus.ai\",\"description\":\"\",\"publisher\":{\"@id\":\"https:\/\/www.kasinobonus.ai\/se\/#organization\"},\"potentialAction\":[{\"@type\":\"SearchAction\",\"target\":{\"@type\":\"EntryPoint\",\"urlTemplate\":\"https:\/\/www.kasinobonus.ai\/se\/?s={search_term_string}\"},\"query-input\":{\"@type\":\"PropertyValueSpecification\",\"valueRequired\":true,\"valueName\":\"search_term_string\"}}],\"inLanguage\":\"sv-SE\"},{\"@type\":\"Organization\",\"@id\":\"https:\/\/www.kasinobonus.ai\/se\/#organization\",\"name\":\"KasinoBonus\",\"alternateName\":\"KasinoBonusAI\",\"url\":\"https:\/\/www.kasinobonus.ai\/se\/\",\"logo\":{\"@type\":\"ImageObject\",\"inLanguage\":\"sv-SE\",\"@id\":\"https:\/\/www.kasinobonus.ai\/se\/#\/schema\/logo\/image\/\",\"url\":\"https:\/\/www.kasinobonus.ai\/wp-content\/uploads\/2023\/09\/kasinobonus-logo-light.png\",\"contentUrl\":\"https:\/\/www.kasinobonus.ai\/wp-content\/uploads\/2023\/09\/kasinobonus-logo-light.png\",\"width\":3200,\"height\":596,\"caption\":\"KasinoBonus\"},\"image\":{\"@id\":\"https:\/\/www.kasinobonus.ai\/se\/#\/schema\/logo\/image\/\"},\"sameAs\":[\"https:\/\/www.facebook.com\/kasinobonusio\/\",\"https:\/\/x.com\/Kasinobonus_io\",\"https:\/\/www.linkedin.com\/in\/matti-slotte-26612033b\",\"http:\/\/kasinobonus.wikidot.com\/system:welcome\",\"https:\/\/www.trustpilot.com\/review\/www.kasinobonus.ai\",\"https:\/\/orcid.org\/0009-0007-2889-1713\",\"https:\/\/en.everybodywiki.com\/Matti_Slotte\",\"https:\/\/www.immuniweb.com\/ssl\/kasinobonus.ai\/M4lqCqYY\/\"]}]}<\/script>\n<!-- \/ Yoast SEO plugin. -->","yoast_head_json":{"title":"300% Ins\u00e4ttningsbonus (2025) - www.kasinobonus.ai","description":"V\u00e4lj etta kasino och h\u00e4mta din 300% ins\u00e4ttningsbonus \u2013 fyrdubbla ditt spelkassa p\u00e5 en g\u00e5ng! B\u00f6rja jakten p\u00e5 de stora vinsterna direkt!","robots":{"index":"index","follow":"follow","max-snippet":"max-snippet:-1","max-image-preview":"max-image-preview:large","max-video-preview":"max-video-preview:-1"},"canonical":"https:\/\/www.kasinobonus.ai\/se\/300-insattningsbonus\/","schema":{"@context":"https:\/\/schema.org","@graph":[{"@type":"WebPage","@id":"https:\/\/www.kasinobonus.ai\/se\/300-insattningsbonus\/","url":"https:\/\/www.kasinobonus.ai\/se\/300-insattningsbonus\/","name":"300% Ins\u00e4ttningsbonus (2025) - www.kasinobonus.ai","isPartOf":{"@id":"https:\/\/www.kasinobonus.ai\/se\/#website"},"primaryImageOfPage":{"@id":"https:\/\/www.kasinobonus.ai\/se\/300-insattningsbonus\/#primaryimage"},"image":{"@id":"https:\/\/www.kasinobonus.ai\/se\/300-insattningsbonus\/#primaryimage"},"thumbnailUrl":"https:\/\/www.kasinobonus.ai\/wp-content\/uploads\/2023\/12\/300_insattningsbonus.jpg","datePublished":"2023-08-29T13:58:19+00:00","dateModified":"2025-07-13T21:17:32+00:00","description":"V\u00e4lj etta kasino och h\u00e4mta din 300% ins\u00e4ttningsbonus \u2013 fyrdubbla ditt spelkassa p\u00e5 en g\u00e5ng! B\u00f6rja jakten p\u00e5 de stora vinsterna direkt!","breadcrumb":{"@id":"https:\/\/www.kasinobonus.ai\/se\/300-insattningsbonus\/#breadcrumb"},"inLanguage":"sv-SE","potentialAction":[{"@type":"ReadAction","target":["https:\/\/www.kasinobonus.ai\/se\/300-insattningsbonus\/"]}]},{"@type":"ImageObject","inLanguage":"sv-SE","@id":"https:\/\/www.kasinobonus.ai\/se\/300-insattningsbonus\/#primaryimage","url":"https:\/\/www.kasinobonus.ai\/wp-content\/uploads\/2023\/12\/300_insattningsbonus.jpg","contentUrl":"https:\/\/www.kasinobonus.ai\/wp-content\/uploads\/2023\/12\/300_insattningsbonus.jpg","width":1200,"height":628,"caption":"300 insattningsbonus"},{"@type":"BreadcrumbList","@id":"https:\/\/www.kasinobonus.ai\/se\/300-insattningsbonus\/#breadcrumb","itemListElement":[{"@type":"ListItem","position":1,"name":"Home","item":"https:\/\/www.kasinobonus.ai\/se\/"},{"@type":"ListItem","position":2,"name":"300% Ins\u00e4ttningsbonus"}]},{"@type":"WebSite","@id":"https:\/\/www.kasinobonus.ai\/se\/#website","url":"https:\/\/www.kasinobonus.ai\/se\/","name":"www.kasinobonus.ai","description":"","publisher":{"@id":"https:\/\/www.kasinobonus.ai\/se\/#organization"},"potentialAction":[{"@type":"SearchAction","target":{"@type":"EntryPoint","urlTemplate":"https:\/\/www.kasinobonus.ai\/se\/?s={search_term_string}"},"query-input":{"@type":"PropertyValueSpecification","valueRequired":true,"valueName":"search_term_string"}}],"inLanguage":"sv-SE"},{"@type":"Organization","@id":"https:\/\/www.kasinobonus.ai\/se\/#organization","name":"KasinoBonus","alternateName":"KasinoBonusAI","url":"https:\/\/www.kasinobonus.ai\/se\/","logo":{"@type":"ImageObject","inLanguage":"sv-SE","@id":"https:\/\/www.kasinobonus.ai\/se\/#\/schema\/logo\/image\/","url":"https:\/\/www.kasinobonus.ai\/wp-content\/uploads\/2023\/09\/kasinobonus-logo-light.png","contentUrl":"https:\/\/www.kasinobonus.ai\/wp-content\/uploads\/2023\/09\/kasinobonus-logo-light.png","width":3200,"height":596,"caption":"KasinoBonus"},"image":{"@id":"https:\/\/www.kasinobonus.ai\/se\/#\/schema\/logo\/image\/"},"sameAs":["https:\/\/www.facebook.com\/kasinobonusio\/","https:\/\/x.com\/Kasinobonus_io","https:\/\/www.linkedin.com\/in\/matti-slotte-26612033b","http:\/\/kasinobonus.wikidot.com\/system:welcome","https:\/\/www.trustpilot.com\/review\/www.kasinobonus.ai","https:\/\/orcid.org\/0009-0007-2889-1713","https:\/\/en.everybodywiki.com\/Matti_Slotte","https:\/\/www.immuniweb.com\/ssl\/kasinobonus.ai\/M4lqCqYY\/"]}]}},"_links":{"self":[{"href":"https:\/\/www.kasinobonus.ai\/se\/wp-json\/wp\/v2\/pages\/9081","targetHints":{"allow":["GET"]}}],"collection":[{"href":"https:\/\/www.kasinobonus.ai\/se\/wp-json\/wp\/v2\/pages"}],"about":[{"href":"https:\/\/www.kasinobonus.ai\/se\/wp-json\/wp\/v2\/types\/page"}],"author":[{"embeddable":true,"href":"https:\/\/www.kasinobonus.ai\/se\/wp-json\/wp\/v2\/users\/1"}],"replies":[{"embeddable":true,"href":"https:\/\/www.kasinobonus.ai\/se\/wp-json\/wp\/v2\/comments?post=9081"}],"version-history":[{"count":5,"href":"https:\/\/www.kasinobonus.ai\/se\/wp-json\/wp\/v2\/pages\/9081\/revisions"}],"predecessor-version":[{"id":33834,"href":"https:\/\/www.kasinobonus.ai\/se\/wp-json\/wp\/v2\/pages\/9081\/revisions\/33834"}],"wp:featuredmedia":[{"embeddable":true,"href":"https:\/\/www.kasinobonus.ai\/se\/wp-json\/wp\/v2\/media\/9262"}],"wp:attachment":[{"href":"https:\/\/www.kasinobonus.ai\/se\/wp-json\/wp\/v2\/media?parent=9081"}],"curies":[{"name":"wp","href":"https:\/\/api.w.org\/{rel}","templated":true}]}}