{"id":9074,"date":"2023-08-29T13:58:33","date_gmt":"2023-08-29T13:58:33","guid":{"rendered":"http:\/\/kasinobonus.ai.dedivirt842.your-server.de\/400-talletusbonus\/"},"modified":"2025-07-13T21:17:44","modified_gmt":"2025-07-13T21:17:44","slug":"400-insattningsbonus","status":"publish","type":"page","link":"https:\/\/www.kasinobonus.ai\/se\/400-insattningsbonus\/","title":{"rendered":"400% Ins\u00e4ttningsbonus"},"content":{"rendered":"\n<h1 class=\"wp-block-heading\">400% Ins\u00e4ttningsbonus &#8211; Femdubbla din Ins\u00e4ttning<\/h1>\n\n\n\n<p>En 400 % ins\u00e4ttningsbonus \u00e4r en ENORM kampanj som erbjuds hos vissa n\u00e4tcasinon och som ger dig <strong>fyra g\u00e5nger din ins\u00e4ttning<\/strong> i extra bonuspengar! Om du till exempel s\u00e4tter in 100 kr f\u00e5r du hela 500 kr att spela f\u00f6r p\u00e5 ditt spelkonto!<\/p>\n\n\n\n<p>Naturligtvis \u00e4r 400 % <a href=\"https:\/\/www.kasinobonus.ai\/se\/insattningsbonusar\/\">ins\u00e4ttningsbonusar<\/a> inte de l\u00e4ttaste att hitta \u2013 men i den h\u00e4r guiden visar jag dig var du kan hitta dem, och varf\u00f6r du kan lita p\u00e5 KasinoBonus rekommendationer!<\/p>\n\n\n\n<h2 class=\"wp-block-heading\">Casinon som erbjuder 400 % bonusar 2025<\/h2>\n\n\n\n<p>\u00c4ven om 400 % ins\u00e4ttningsbonusar i Sverige inte alltid \u00e4r s\u00e5 l\u00e4tta att hitta, finns det n\u00e5gra p\u00e5litliga casinon som erbjuder dem just nu. Om du vill h\u00e4mta en 400 % bonus och vill veta vilka casinon som \u00e4r s\u00e4krast att spela p\u00e5, ta en titt p\u00e5 v\u00e5ra personligt utvalda rekommendationer nedan:<\/p>\n\n\n<p>[brand_table template=&#8221;table_style_1.php&#8221; country=&#8221;SE&#8221; bonus=&#8221;&#8221;]<\/p>\n\n\n\n<p>N\u00e4r du har hittat ditt ideala casino \u00e4r det bara att registrera dig, g\u00f6ra en kvalificerande ins\u00e4ttning \u2013 och din 400 % bonus aktiveras direkt!<\/p>\n\n\n\n<figure class=\"wp-block-image size-full\"><img decoding=\"async\" width=\"1000\" height=\"666\" src=\"https:\/\/www.kasinobonus.ai\/wp-content\/uploads\/2025\/07\/400-Insattningsbonus.jpg\" alt=\"% Ins\u00e4ttningsbonus\" class=\"wp-image-33821\" srcset=\"https:\/\/www.kasinobonus.ai\/wp-content\/uploads\/2025\/07\/400-Insattningsbonus.jpg 1000w, https:\/\/www.kasinobonus.ai\/wp-content\/uploads\/2025\/07\/400-Insattningsbonus-300x200.jpg 300w, https:\/\/www.kasinobonus.ai\/wp-content\/uploads\/2025\/07\/400-Insattningsbonus-768x511.jpg 768w, https:\/\/www.kasinobonus.ai\/wp-content\/uploads\/2025\/07\/400-Insattningsbonus-110x73.jpg 110w, https:\/\/www.kasinobonus.ai\/wp-content\/uploads\/2025\/07\/400-Insattningsbonus-575x383.jpg 575w\" sizes=\"(max-width: 1000px) 100vw, 1000px\" \/><\/figure>\n\n\n\n<h2 class=\"wp-block-heading\">S\u00e5 recenserar vi casinon<\/h2>\n\n\n\n<p>H\u00e4r p\u00e5 <a href=\"https:\/\/www.kasinobonus.ai\/se\/\">KasinoBonus<\/a> vet vi hur viktigt det \u00e4r att du kan hitta \u2013 och spela p\u00e5 \u2013 s\u00e4kra n\u00e4tcasinon. D\u00e4rf\u00f6r har vi ett dedikerat team som arbetar dygnet runt med att testa, granska och utv\u00e4rdera casinon!<\/p>\n\n\n\n<p>V\u00e5rt team registrerar sig och spelar personligen p\u00e5 varje casino vi recenserar, vilket g\u00f6r att vi kan ge dig \u00e4rliga f\u00f6rstahandsupplevelser. Vi tittar p\u00e5 en rad olika faktorer, inklusive spelutbud, bonusvillkor, uttagshastighet, kundsupport och \u2013 s\u00e5 klart \u2013 licensiering och s\u00e4kerhet.<\/p>\n\n\n\n<h2 class=\"wp-block-heading\">F\u00f6rdelar och Nackdelar<\/h2>\n\n\n\n<figure class=\"wp-block-image size-full\"><img decoding=\"async\" width=\"1000\" height=\"666\" src=\"https:\/\/www.kasinobonus.ai\/wp-content\/uploads\/2025\/06\/KB-Insattningsbonusar.jpg\" alt=\"Ins\u00e4ttningsbonusar\" class=\"wp-image-30090\" srcset=\"https:\/\/www.kasinobonus.ai\/wp-content\/uploads\/2025\/06\/KB-Insattningsbonusar.jpg 1000w, https:\/\/www.kasinobonus.ai\/wp-content\/uploads\/2025\/06\/KB-Insattningsbonusar-300x200.jpg 300w, https:\/\/www.kasinobonus.ai\/wp-content\/uploads\/2025\/06\/KB-Insattningsbonusar-768x511.jpg 768w, https:\/\/www.kasinobonus.ai\/wp-content\/uploads\/2025\/06\/KB-Insattningsbonusar-110x73.jpg 110w, https:\/\/www.kasinobonus.ai\/wp-content\/uploads\/2025\/06\/KB-Insattningsbonusar-575x383.jpg 575w\" sizes=\"(max-width: 1000px) 100vw, 1000px\" \/><\/figure>\n\n\n\n<div class=\"wp-block-columns is-layout-flex wp-container-core-columns-is-layout-28f84493 wp-block-columns-is-layout-flex\">\n<div class=\"wp-block-column is-layout-flow wp-block-column-is-layout-flow\">\n<h3 class=\"wp-block-heading\">\u2705 F\u00f6rdelar<\/h3>\n\n\n\n<ul class=\"wp-block-list\">\n<li>\u2705 H\u00f6gre bonusbelopp j\u00e4mf\u00f6rt med erbjudanden utan ins\u00e4ttning<\/li>\n\n\n\n<li>\u2705 Ger tillg\u00e5ng till v\u00e4lkomstpaket och VIP-f\u00f6rm\u00e5ner<\/li>\n\n\n\n<li>\u2705 Inneh\u00e5ller ofta b\u00e5de bonuspengar och gratissnurr<\/li>\n\n\n\n<li>\u2705 Mycket v\u00e4rde f\u00f6r spelare som redan planerar att s\u00e4tta in<\/li>\n\n\n\n<li>\u2705 Accepteras brett p\u00e5 de flesta n\u00e4tcasinon<\/li>\n<\/ul>\n<\/div>\n\n\n\n<div class=\"wp-block-column is-layout-flow wp-block-column-is-layout-flow\">\n<h3 class=\"wp-block-heading\">\u274c Nackdelar<\/h3>\n\n\n\n<ul class=\"wp-block-list\">\n<li>\u274c Kommer med oms\u00e4ttningskrav (ibland 30x\u201350x)<\/li>\n\n\n\n<li>\u274c Bonuspengar kan vara l\u00e5sta tills villkoren \u00e4r uppfyllda<\/li>\n\n\n\n<li>\u274c Vissa spel \u00e4r undantagna fr\u00e5n bonusspelet<\/li>\n\n\n\n<li>\u274c Maxinsatsgr\u00e4nser kan g\u00e4lla vid anv\u00e4ndning av bonus<\/li>\n\n\n\n<li>\u274c Uttag \u00e4r ofta begr\u00e4nsade tills bonusen \u00e4r omsatt<\/li>\n<\/ul>\n<\/div>\n<\/div>\n\n\n\n<h2 class=\"wp-block-heading\">B\u00e4sta ins\u00e4ttningsbonusar i Sverige<\/h2>\n\n\n\n<figure class=\"wp-block-table\"><table class=\"has-fixed-layout\"><thead><tr><th>Casino<\/th><th>Bonus<\/th><th>Villkor<\/th><th>Kod \/ Info<\/th><th>L\u00e4nk<\/th><\/tr><\/thead><tbody><tr><td>LuckyVibe<\/td><td>Upp till \u20ac1000 + 100 gratissnurr. Bonusar p\u00e5 2:a\u20134:e ins\u00e4ttningarna<\/td><td>Ins\u00e4ttningsbonus + reload<\/td><td>\u2013<\/td><td><a href=\"https:\/\/www.kasinobonus.ai\/go\/luckyvibefi\/\">Spela nu<\/a><\/td><\/tr><tr><td>Bet on Red<\/td><td>50 gratissnurr utan ins\u00e4ttning + 100% upp till \u20ac100 + 150 gratissnurr<\/td><td>Ingen ins\u00e4ttning + ins\u00e4ttningsbonus<\/td><td>BLITZ3<\/td><td><a href=\"https:\/\/www.kasinobonus.ai\/go\/betonred\">Spela nu<\/a><\/td><\/tr><tr><td>Wbetz<\/td><td>50 gratissnurr utan ins\u00e4ttning + 225% upp till \u20ac450 + 250 gratissnurr<\/td><td>Ingen ins\u00e4ttning + ins\u00e4ttningsbonus<\/td><td>BLITZ3<\/td><td><a href=\"https:\/\/www.kasinobonus.ai\/go\/wbetz\">Spela nu<\/a><\/td><\/tr><tr><td>Sol Casino<\/td><td>50 gratissnurr utan ins\u00e4ttning + 100% upp till \u20ac300<\/td><td>Ingen ins\u00e4ttning + ins\u00e4ttningsbonus<\/td><td>EXKLUSIVT<\/td><td><a href=\"https:\/\/www.kasinobonus.ai\/go\/sol\">Spela nu<\/a><\/td><\/tr><tr><td>Depositwin<\/td><td>100% upp till \u20ac400 utan oms\u00e4ttningskrav + 100 oms\u00e4ttningsfria gratissnurr<\/td><td>Ingen wagering p\u00e5 3 ins\u00e4ttningar<\/td><td>INGEN WAGERING<\/td><td><a href=\"https:\/\/www.kasinobonus.ai\/go\/depositwin\">Spela nu<\/a><\/td><\/tr><\/tbody><\/table><\/figure>\n\n\n\n<h2 class=\"wp-block-heading\">Resurser f\u00f6r ansvarsfullt spelande<\/h2>\n\n\n\n<ul class=\"wp-block-list\">\n<li><a href=\"https:\/\/www.spelinspektionen.se\/\">https:\/\/www.spelinspektionen.se\/<\/a><\/li>\n\n\n\n<li><a href=\"https:\/\/www.spelinspektionen.se\/\">https:\/\/www.spelinspektionen.se\/<\/a><\/li>\n\n\n\n<li><a href=\"https:\/\/www.spelpaus.se\/\">https:\/\/www.spelpaus.se\/<\/a><\/li>\n\n\n\n<li><a href=\"https:\/\/www.spelpaus.se\/\">https:\/\/www.spelpaus.se\/<\/a><\/li>\n\n\n\n<li><a href=\"https:\/\/www.stodlinjen.se\/\">https:\/\/www.stodlinjen.se\/<\/a><\/li>\n\n\n\n<li><a href=\"https:\/\/gamblingtherapy.org\/\">https:\/\/gamblingtherapy.org\/<\/a><\/li>\n<\/ul>\n","protected":false},"excerpt":{"rendered":"<p>400% Ins\u00e4ttningsbonus &#8211; Femdubbla din Ins\u00e4ttning En 400 % ins\u00e4ttningsbonus \u00e4r en ENORM kampanj som erbjuds hos vissa n\u00e4tcasinon och som ger dig fyra g\u00e5nger din ins\u00e4ttning i extra bonuspengar! Om du till exempel s\u00e4tter in 100 kr f\u00e5r du hela 500 kr att spela f\u00f6r p\u00e5 ditt spelkonto! Naturligtvis \u00e4r 400 % ins\u00e4ttningsbonusar inte [&hellip;]<\/p>\n","protected":false},"author":1,"featured_media":9276,"parent":0,"menu_order":0,"comment_status":"open","ping_status":"closed","template":"","meta":{"inline_featured_image":false,"footnotes":""},"class_list":["post-9074","page","type-page","status-publish","has-post-thumbnail","hentry"],"yoast_head":"<!-- This site is optimized with the Yoast SEO plugin v24.5 - https:\/\/yoast.com\/wordpress\/plugins\/seo\/ -->\n<title>400% Ins\u00e4ttningsbonus (2025) - www.kasinobonus.ai<\/title>\n<meta name=\"description\" content=\"G\u00e5 med i ett toppkasino och utnyttja en 400% ins\u00e4ttningsbonus \u2013 femdubbla dina spelmedel! B\u00f6rja jakten p\u00e5 sp\u00e4nnande vinster nu!\" \/>\n<meta name=\"robots\" content=\"index, follow, max-snippet:-1, max-image-preview:large, max-video-preview:-1\" \/>\n<link rel=\"canonical\" href=\"https:\/\/www.kasinobonus.ai\/se\/400-insattningsbonus\/\" \/>\n<script type=\"application\/ld+json\" class=\"yoast-schema-graph\">{\"@context\":\"https:\/\/schema.org\",\"@graph\":[{\"@type\":\"WebPage\",\"@id\":\"https:\/\/www.kasinobonus.ai\/se\/400-insattningsbonus\/\",\"url\":\"https:\/\/www.kasinobonus.ai\/se\/400-insattningsbonus\/\",\"name\":\"400% Ins\u00e4ttningsbonus (2025) - www.kasinobonus.ai\",\"isPartOf\":{\"@id\":\"https:\/\/www.kasinobonus.ai\/se\/#website\"},\"primaryImageOfPage\":{\"@id\":\"https:\/\/www.kasinobonus.ai\/se\/400-insattningsbonus\/#primaryimage\"},\"image\":{\"@id\":\"https:\/\/www.kasinobonus.ai\/se\/400-insattningsbonus\/#primaryimage\"},\"thumbnailUrl\":\"https:\/\/www.kasinobonus.ai\/wp-content\/uploads\/2023\/12\/400_insattningsbonus.jpg\",\"datePublished\":\"2023-08-29T13:58:33+00:00\",\"dateModified\":\"2025-07-13T21:17:44+00:00\",\"description\":\"G\u00e5 med i ett toppkasino och utnyttja en 400% ins\u00e4ttningsbonus \u2013 femdubbla dina spelmedel! B\u00f6rja jakten p\u00e5 sp\u00e4nnande vinster nu!\",\"breadcrumb\":{\"@id\":\"https:\/\/www.kasinobonus.ai\/se\/400-insattningsbonus\/#breadcrumb\"},\"inLanguage\":\"sv-SE\",\"potentialAction\":[{\"@type\":\"ReadAction\",\"target\":[\"https:\/\/www.kasinobonus.ai\/se\/400-insattningsbonus\/\"]}]},{\"@type\":\"ImageObject\",\"inLanguage\":\"sv-SE\",\"@id\":\"https:\/\/www.kasinobonus.ai\/se\/400-insattningsbonus\/#primaryimage\",\"url\":\"https:\/\/www.kasinobonus.ai\/wp-content\/uploads\/2023\/12\/400_insattningsbonus.jpg\",\"contentUrl\":\"https:\/\/www.kasinobonus.ai\/wp-content\/uploads\/2023\/12\/400_insattningsbonus.jpg\",\"width\":1200,\"height\":628,\"caption\":\"400 insattningsbonus\"},{\"@type\":\"BreadcrumbList\",\"@id\":\"https:\/\/www.kasinobonus.ai\/se\/400-insattningsbonus\/#breadcrumb\",\"itemListElement\":[{\"@type\":\"ListItem\",\"position\":1,\"name\":\"Home\",\"item\":\"https:\/\/www.kasinobonus.ai\/se\/\"},{\"@type\":\"ListItem\",\"position\":2,\"name\":\"400% Ins\u00e4ttningsbonus\"}]},{\"@type\":\"WebSite\",\"@id\":\"https:\/\/www.kasinobonus.ai\/se\/#website\",\"url\":\"https:\/\/www.kasinobonus.ai\/se\/\",\"name\":\"www.kasinobonus.ai\",\"description\":\"\",\"publisher\":{\"@id\":\"https:\/\/www.kasinobonus.ai\/se\/#organization\"},\"potentialAction\":[{\"@type\":\"SearchAction\",\"target\":{\"@type\":\"EntryPoint\",\"urlTemplate\":\"https:\/\/www.kasinobonus.ai\/se\/?s={search_term_string}\"},\"query-input\":{\"@type\":\"PropertyValueSpecification\",\"valueRequired\":true,\"valueName\":\"search_term_string\"}}],\"inLanguage\":\"sv-SE\"},{\"@type\":\"Organization\",\"@id\":\"https:\/\/www.kasinobonus.ai\/se\/#organization\",\"name\":\"KasinoBonus\",\"alternateName\":\"KasinoBonusAI\",\"url\":\"https:\/\/www.kasinobonus.ai\/se\/\",\"logo\":{\"@type\":\"ImageObject\",\"inLanguage\":\"sv-SE\",\"@id\":\"https:\/\/www.kasinobonus.ai\/se\/#\/schema\/logo\/image\/\",\"url\":\"https:\/\/www.kasinobonus.ai\/wp-content\/uploads\/2023\/09\/kasinobonus-logo-light.png\",\"contentUrl\":\"https:\/\/www.kasinobonus.ai\/wp-content\/uploads\/2023\/09\/kasinobonus-logo-light.png\",\"width\":3200,\"height\":596,\"caption\":\"KasinoBonus\"},\"image\":{\"@id\":\"https:\/\/www.kasinobonus.ai\/se\/#\/schema\/logo\/image\/\"},\"sameAs\":[\"https:\/\/www.facebook.com\/kasinobonusio\/\",\"https:\/\/x.com\/Kasinobonus_io\",\"https:\/\/www.linkedin.com\/in\/matti-slotte-26612033b\",\"http:\/\/kasinobonus.wikidot.com\/system:welcome\",\"https:\/\/www.trustpilot.com\/review\/www.kasinobonus.ai\",\"https:\/\/orcid.org\/0009-0007-2889-1713\",\"https:\/\/en.everybodywiki.com\/Matti_Slotte\",\"https:\/\/www.immuniweb.com\/ssl\/kasinobonus.ai\/M4lqCqYY\/\"]}]}<\/script>\n<!-- \/ Yoast SEO plugin. -->","yoast_head_json":{"title":"400% Ins\u00e4ttningsbonus (2025) - www.kasinobonus.ai","description":"G\u00e5 med i ett toppkasino och utnyttja en 400% ins\u00e4ttningsbonus \u2013 femdubbla dina spelmedel! B\u00f6rja jakten p\u00e5 sp\u00e4nnande vinster nu!","robots":{"index":"index","follow":"follow","max-snippet":"max-snippet:-1","max-image-preview":"max-image-preview:large","max-video-preview":"max-video-preview:-1"},"canonical":"https:\/\/www.kasinobonus.ai\/se\/400-insattningsbonus\/","schema":{"@context":"https:\/\/schema.org","@graph":[{"@type":"WebPage","@id":"https:\/\/www.kasinobonus.ai\/se\/400-insattningsbonus\/","url":"https:\/\/www.kasinobonus.ai\/se\/400-insattningsbonus\/","name":"400% Ins\u00e4ttningsbonus (2025) - www.kasinobonus.ai","isPartOf":{"@id":"https:\/\/www.kasinobonus.ai\/se\/#website"},"primaryImageOfPage":{"@id":"https:\/\/www.kasinobonus.ai\/se\/400-insattningsbonus\/#primaryimage"},"image":{"@id":"https:\/\/www.kasinobonus.ai\/se\/400-insattningsbonus\/#primaryimage"},"thumbnailUrl":"https:\/\/www.kasinobonus.ai\/wp-content\/uploads\/2023\/12\/400_insattningsbonus.jpg","datePublished":"2023-08-29T13:58:33+00:00","dateModified":"2025-07-13T21:17:44+00:00","description":"G\u00e5 med i ett toppkasino och utnyttja en 400% ins\u00e4ttningsbonus \u2013 femdubbla dina spelmedel! B\u00f6rja jakten p\u00e5 sp\u00e4nnande vinster nu!","breadcrumb":{"@id":"https:\/\/www.kasinobonus.ai\/se\/400-insattningsbonus\/#breadcrumb"},"inLanguage":"sv-SE","potentialAction":[{"@type":"ReadAction","target":["https:\/\/www.kasinobonus.ai\/se\/400-insattningsbonus\/"]}]},{"@type":"ImageObject","inLanguage":"sv-SE","@id":"https:\/\/www.kasinobonus.ai\/se\/400-insattningsbonus\/#primaryimage","url":"https:\/\/www.kasinobonus.ai\/wp-content\/uploads\/2023\/12\/400_insattningsbonus.jpg","contentUrl":"https:\/\/www.kasinobonus.ai\/wp-content\/uploads\/2023\/12\/400_insattningsbonus.jpg","width":1200,"height":628,"caption":"400 insattningsbonus"},{"@type":"BreadcrumbList","@id":"https:\/\/www.kasinobonus.ai\/se\/400-insattningsbonus\/#breadcrumb","itemListElement":[{"@type":"ListItem","position":1,"name":"Home","item":"https:\/\/www.kasinobonus.ai\/se\/"},{"@type":"ListItem","position":2,"name":"400% Ins\u00e4ttningsbonus"}]},{"@type":"WebSite","@id":"https:\/\/www.kasinobonus.ai\/se\/#website","url":"https:\/\/www.kasinobonus.ai\/se\/","name":"www.kasinobonus.ai","description":"","publisher":{"@id":"https:\/\/www.kasinobonus.ai\/se\/#organization"},"potentialAction":[{"@type":"SearchAction","target":{"@type":"EntryPoint","urlTemplate":"https:\/\/www.kasinobonus.ai\/se\/?s={search_term_string}"},"query-input":{"@type":"PropertyValueSpecification","valueRequired":true,"valueName":"search_term_string"}}],"inLanguage":"sv-SE"},{"@type":"Organization","@id":"https:\/\/www.kasinobonus.ai\/se\/#organization","name":"KasinoBonus","alternateName":"KasinoBonusAI","url":"https:\/\/www.kasinobonus.ai\/se\/","logo":{"@type":"ImageObject","inLanguage":"sv-SE","@id":"https:\/\/www.kasinobonus.ai\/se\/#\/schema\/logo\/image\/","url":"https:\/\/www.kasinobonus.ai\/wp-content\/uploads\/2023\/09\/kasinobonus-logo-light.png","contentUrl":"https:\/\/www.kasinobonus.ai\/wp-content\/uploads\/2023\/09\/kasinobonus-logo-light.png","width":3200,"height":596,"caption":"KasinoBonus"},"image":{"@id":"https:\/\/www.kasinobonus.ai\/se\/#\/schema\/logo\/image\/"},"sameAs":["https:\/\/www.facebook.com\/kasinobonusio\/","https:\/\/x.com\/Kasinobonus_io","https:\/\/www.linkedin.com\/in\/matti-slotte-26612033b","http:\/\/kasinobonus.wikidot.com\/system:welcome","https:\/\/www.trustpilot.com\/review\/www.kasinobonus.ai","https:\/\/orcid.org\/0009-0007-2889-1713","https:\/\/en.everybodywiki.com\/Matti_Slotte","https:\/\/www.immuniweb.com\/ssl\/kasinobonus.ai\/M4lqCqYY\/"]}]}},"_links":{"self":[{"href":"https:\/\/www.kasinobonus.ai\/se\/wp-json\/wp\/v2\/pages\/9074","targetHints":{"allow":["GET"]}}],"collection":[{"href":"https:\/\/www.kasinobonus.ai\/se\/wp-json\/wp\/v2\/pages"}],"about":[{"href":"https:\/\/www.kasinobonus.ai\/se\/wp-json\/wp\/v2\/types\/page"}],"author":[{"embeddable":true,"href":"https:\/\/www.kasinobonus.ai\/se\/wp-json\/wp\/v2\/users\/1"}],"replies":[{"embeddable":true,"href":"https:\/\/www.kasinobonus.ai\/se\/wp-json\/wp\/v2\/comments?post=9074"}],"version-history":[{"count":5,"href":"https:\/\/www.kasinobonus.ai\/se\/wp-json\/wp\/v2\/pages\/9074\/revisions"}],"predecessor-version":[{"id":33835,"href":"https:\/\/www.kasinobonus.ai\/se\/wp-json\/wp\/v2\/pages\/9074\/revisions\/33835"}],"wp:featuredmedia":[{"embeddable":true,"href":"https:\/\/www.kasinobonus.ai\/se\/wp-json\/wp\/v2\/media\/9276"}],"wp:attachment":[{"href":"https:\/\/www.kasinobonus.ai\/se\/wp-json\/wp\/v2\/media?parent=9074"}],"curies":[{"name":"wp","href":"https:\/\/api.w.org\/{rel}","templated":true}]}}