{"id":9067,"date":"2023-08-29T13:58:44","date_gmt":"2023-08-29T13:58:44","guid":{"rendered":"http:\/\/kasinobonus.ai.dedivirt842.your-server.de\/500-talletusbonus\/"},"modified":"2025-07-13T21:17:54","modified_gmt":"2025-07-13T21:17:54","slug":"500-insattningsbonus","status":"publish","type":"page","link":"https:\/\/www.kasinobonus.ai\/se\/500-insattningsbonus\/","title":{"rendered":"500% Ins\u00e4ttningsbonus"},"content":{"rendered":"\n<h1 class=\"wp-block-heading\">500% Ins\u00e4ttningsbonus &#8211; Sexdubbla Dina Spelpengar<\/h1>\n\n\n\n<p>500 % matchade <a href=\"https:\/\/www.kasinobonus.ai\/se\/insattningsbonusar\/\">ins\u00e4ttningsbonusar<\/a> \u00e4r n\u00e5gra av de mest s\u00e4llsynta \u2013 och mest v\u00e4rdefulla \u2013 s\u00e4tt du kan boosta din spelkassa p\u00e5 inom n\u00e4tspel. De ger dig <strong>hela fem g\u00e5nger din ins\u00e4ttning i bonuspengar<\/strong>! En ins\u00e4ttning p\u00e5 200 kr skulle till exempel ge dig totalt 1 200 kr att spela f\u00f6r \u2013 och det g\u00f6r dessa bonusar till ett utm\u00e4rkt val f\u00f6r i princip alla typer av spelare!<\/p>\n\n\n\n<p>De \u00e4r ofta reserverade f\u00f6r VIP-spelare, men om du vet var du ska leta kan du \u00e4ven hitta dem som erbjudanden f\u00f6r nya kunder \u2013 och p\u00e5 den h\u00e4r sidan visar jag dig exakt var du kan hitta dessa riktigt lukrativa bonusar!<\/p>\n\n\n\n<h2 class=\"wp-block-heading\">Casinon som erbjuder 500 % bonusar 2025<\/h2>\n\n\n\n<p>En 500 % ins\u00e4ttningsbonus \u00e4r ett s\u00e4llsynt fynd, men n\u00e4r du v\u00e4l hittar en kan det vara ett fantastiskt s\u00e4tt att bygga upp din spelkassa. Eftersom dessa bonusar ger dig ett enormt tillskott i spelpengar \u00e4r de inte lika vanliga som 100 % eller 200 % bonusar \u2013 men de finns d\u00e4r ute.<\/p>\n\n\n\n<p>F\u00f6r att hj\u00e4lpa dig har jag satt ihop en lista \u00f6ver de b\u00e4sta casinona i Sverige som erbjuder 500 % ins\u00e4ttningsbonusar. Kolla in mina rekommendationer nedan:<\/p>\n\n\n<p>[brand_table template=&#8221;table_style_1.php&#8221; country=&#8221;SE&#8221; bonus=&#8221;&#8221;]<\/p>\n\n\n\n<p>N\u00e4r du valt ett casino, registrera dig, g\u00f6r en ins\u00e4ttning \u2013 och l\u00e5s upp din 500 % bonus!<\/p>\n\n\n\n<figure class=\"wp-block-image size-full\"><img decoding=\"async\" width=\"1000\" height=\"666\" src=\"https:\/\/www.kasinobonus.ai\/wp-content\/uploads\/2025\/07\/500-Insattningsbonus.jpg\" alt=\"% Ins\u00e4ttningsbonus\" class=\"wp-image-33813\" srcset=\"https:\/\/www.kasinobonus.ai\/wp-content\/uploads\/2025\/07\/500-Insattningsbonus.jpg 1000w, https:\/\/www.kasinobonus.ai\/wp-content\/uploads\/2025\/07\/500-Insattningsbonus-300x200.jpg 300w, https:\/\/www.kasinobonus.ai\/wp-content\/uploads\/2025\/07\/500-Insattningsbonus-768x511.jpg 768w, https:\/\/www.kasinobonus.ai\/wp-content\/uploads\/2025\/07\/500-Insattningsbonus-110x73.jpg 110w, https:\/\/www.kasinobonus.ai\/wp-content\/uploads\/2025\/07\/500-Insattningsbonus-575x383.jpg 575w\" sizes=\"(max-width: 1000px) 100vw, 1000px\" \/><\/figure>\n\n\n\n<h2 class=\"wp-block-heading\">S\u00e5 recenserar vi casinon<\/h2>\n\n\n\n<p>N\u00e4r jag recenserar casinon som erbjuder 500 % ins\u00e4ttningsbonusar fokuserar jag p\u00e5 flera faktorer f\u00f6r att s\u00e4kerst\u00e4lla att spelarna f\u00e5r en b\u00e5de v\u00e4rdefull och r\u00e4ttvis upplevelse. Det f\u00f6rsta jag kollar \u00e4r licens och reglering \u2013 alla casinon som erbjuder den h\u00e4r typen av kampanj m\u00e5ste vara fullt licensierade och ha ett gott rykte.<\/p>\n\n\n\n<p>N\u00e4r jag \u00e4r n\u00f6jd med det g\u00e5r jag vidare till bonusvillkoren. En 500 % ins\u00e4ttningsbonus l\u00e5ter sp\u00e4nnande \u2013 men om den har l\u00f6jligt h\u00f6ga oms\u00e4ttningskrav eller l\u00e5ga maxgr\u00e4nser f\u00f6r uttag finns det egentligen ingen anledning att h\u00e4mta den alls. Jag tittar ocks\u00e5 p\u00e5 faktorer som spelutbud, uttagshastighet och hur kundsupporten fungerar.<\/p>\n\n\n\n<h2 class=\"wp-block-heading\">\u00c4r 500 % ins\u00e4ttningsbonusar v\u00e4rda det?<\/h2>\n\n\n\n<p>En 500 % ins\u00e4ttningsbonus kan vara ett av de b\u00e4sta s\u00e4tten att \u00f6ka din spelkassa \u2013 men det \u00e4r inte alltid r\u00e4tt val f\u00f6r alla spelare. Om bonusen har rimliga oms\u00e4ttningskrav och schyssta uttagsgr\u00e4nser, d\u00e5 ja \u2013 det kan absolut vara ett smart val.<\/p>\n\n\n\n<p>Men om bonusen har v\u00e4ldigt h\u00f6ga oms\u00e4ttningskrav, l\u00e5ga maxuttag eller stora begr\u00e4nsningar vad g\u00e4ller vilka spel du f\u00e5r anv\u00e4nda den p\u00e5 \u2013 d\u00e5 kanske den inte \u00e4r s\u00e5 bra som den f\u00f6rst verkar. Det \u00e4r d\u00e4rf\u00f6r det \u00e4r viktigt att du spelar p\u00e5 ett av de casinon som rekommenderas h\u00e4r p\u00e5 KasinoBonus \u2013 s\u00e5 att du kan vara s\u00e4ker p\u00e5 att du f\u00e5r den b\u00e4sta bonusen som g\u00e5r att hitta.<\/p>\n\n\n\n<h2 class=\"wp-block-heading\">F\u00f6rdelar och Nackdelar<\/h2>\n\n\n\n<figure class=\"wp-block-image size-full\"><img decoding=\"async\" width=\"1000\" height=\"666\" src=\"https:\/\/www.kasinobonus.ai\/wp-content\/uploads\/2025\/06\/KB-Insattningsbonusar.jpg\" alt=\"Ins\u00e4ttningsbonusar\" class=\"wp-image-30090\" srcset=\"https:\/\/www.kasinobonus.ai\/wp-content\/uploads\/2025\/06\/KB-Insattningsbonusar.jpg 1000w, https:\/\/www.kasinobonus.ai\/wp-content\/uploads\/2025\/06\/KB-Insattningsbonusar-300x200.jpg 300w, https:\/\/www.kasinobonus.ai\/wp-content\/uploads\/2025\/06\/KB-Insattningsbonusar-768x511.jpg 768w, https:\/\/www.kasinobonus.ai\/wp-content\/uploads\/2025\/06\/KB-Insattningsbonusar-110x73.jpg 110w, https:\/\/www.kasinobonus.ai\/wp-content\/uploads\/2025\/06\/KB-Insattningsbonusar-575x383.jpg 575w\" sizes=\"(max-width: 1000px) 100vw, 1000px\" \/><\/figure>\n\n\n\n<div class=\"wp-block-columns is-layout-flex wp-container-core-columns-is-layout-28f84493 wp-block-columns-is-layout-flex\">\n<div class=\"wp-block-column is-layout-flow wp-block-column-is-layout-flow\">\n<h3 class=\"wp-block-heading\">\u2705 F\u00f6rdelar<\/h3>\n\n\n\n<ul class=\"wp-block-list\">\n<li>\u2705 H\u00f6gre bonusbelopp j\u00e4mf\u00f6rt med erbjudanden utan ins\u00e4ttning<\/li>\n\n\n\n<li>\u2705 Ger tillg\u00e5ng till v\u00e4lkomstpaket och VIP-f\u00f6rm\u00e5ner<\/li>\n\n\n\n<li>\u2705 Inneh\u00e5ller ofta b\u00e5de bonuspengar och gratissnurr<\/li>\n\n\n\n<li>\u2705 Mycket v\u00e4rde f\u00f6r spelare som redan planerar att s\u00e4tta in<\/li>\n\n\n\n<li>\u2705 Accepteras brett p\u00e5 de flesta n\u00e4tcasinon<\/li>\n<\/ul>\n<\/div>\n\n\n\n<div class=\"wp-block-column is-layout-flow wp-block-column-is-layout-flow\">\n<h3 class=\"wp-block-heading\">\u274c Nackdelar<\/h3>\n\n\n\n<ul class=\"wp-block-list\">\n<li>\u274c Kommer med oms\u00e4ttningskrav (ibland 30x\u201350x)<\/li>\n\n\n\n<li>\u274c Bonuspengar kan vara l\u00e5sta tills villkoren \u00e4r uppfyllda<\/li>\n\n\n\n<li>\u274c Vissa spel \u00e4r undantagna fr\u00e5n bonusspelet<\/li>\n\n\n\n<li>\u274c Maxinsatsgr\u00e4nser kan g\u00e4lla vid anv\u00e4ndning av bonus<\/li>\n\n\n\n<li>\u274c Uttag \u00e4r ofta begr\u00e4nsade tills bonusen \u00e4r omsatt<\/li>\n<\/ul>\n<\/div>\n<\/div>\n\n\n\n<h2 class=\"wp-block-heading\">B\u00e4sta ins\u00e4ttningsbonusar i Sverige<\/h2>\n\n\n\n<figure class=\"wp-block-table\"><table class=\"has-fixed-layout\"><thead><tr><th>Casino<\/th><th>Bonus<\/th><th>Villkor<\/th><th>Kod \/ Info<\/th><th>L\u00e4nk<\/th><\/tr><\/thead><tbody><tr><td>LuckyVibe<\/td><td>Upp till \u20ac1000 + 100 gratissnurr. Bonusar p\u00e5 2:a\u20134:e ins\u00e4ttningarna<\/td><td>Ins\u00e4ttningsbonus + reload<\/td><td>\u2013<\/td><td><a href=\"https:\/\/www.kasinobonus.ai\/go\/luckyvibefi\/\">Spela nu<\/a><\/td><\/tr><tr><td>Bet on Red<\/td><td>50 gratissnurr utan ins\u00e4ttning + 100% upp till \u20ac100 + 150 gratissnurr<\/td><td>Ingen ins\u00e4ttning + ins\u00e4ttningsbonus<\/td><td>BLITZ3<\/td><td><a href=\"https:\/\/www.kasinobonus.ai\/go\/betonred\">Spela nu<\/a><\/td><\/tr><tr><td>Wbetz<\/td><td>50 gratissnurr utan ins\u00e4ttning + 225% upp till \u20ac450 + 250 gratissnurr<\/td><td>Ingen ins\u00e4ttning + ins\u00e4ttningsbonus<\/td><td>BLITZ3<\/td><td><a href=\"https:\/\/www.kasinobonus.ai\/go\/wbetz\">Spela nu<\/a><\/td><\/tr><tr><td>Sol Casino<\/td><td>50 gratissnurr utan ins\u00e4ttning + 100% upp till \u20ac300<\/td><td>Ingen ins\u00e4ttning + ins\u00e4ttningsbonus<\/td><td>EXKLUSIVT<\/td><td><a href=\"https:\/\/www.kasinobonus.ai\/go\/sol\">Spela nu<\/a><\/td><\/tr><tr><td>Depositwin<\/td><td>100% upp till \u20ac400 utan oms\u00e4ttningskrav + 100 oms\u00e4ttningsfria gratissnurr<\/td><td>Ingen wagering p\u00e5 3 ins\u00e4ttningar<\/td><td>INGEN WAGERING<\/td><td><a href=\"https:\/\/www.kasinobonus.ai\/go\/depositwin\">Spela nu<\/a><\/td><\/tr><\/tbody><\/table><\/figure>\n","protected":false},"excerpt":{"rendered":"<p>500% Ins\u00e4ttningsbonus &#8211; Sexdubbla Dina Spelpengar 500 % matchade ins\u00e4ttningsbonusar \u00e4r n\u00e5gra av de mest s\u00e4llsynta \u2013 och mest v\u00e4rdefulla \u2013 s\u00e4tt du kan boosta din spelkassa p\u00e5 inom n\u00e4tspel. De ger dig hela fem g\u00e5nger din ins\u00e4ttning i bonuspengar! En ins\u00e4ttning p\u00e5 200 kr skulle till exempel ge dig totalt 1 200 kr att [&hellip;]<\/p>\n","protected":false},"author":1,"featured_media":9291,"parent":0,"menu_order":0,"comment_status":"open","ping_status":"closed","template":"","meta":{"inline_featured_image":false,"footnotes":""},"class_list":["post-9067","page","type-page","status-publish","has-post-thumbnail","hentry"],"yoast_head":"<!-- This site is optimized with the Yoast SEO plugin v24.5 - https:\/\/yoast.com\/wordpress\/plugins\/seo\/ -->\n<title>500% Ins\u00e4ttningsbonus (2025) - www.kasinobonus.ai<\/title>\n<meta name=\"description\" content=\"500% ins\u00e4ttningsbonus \u00e4r ett s\u00e4rskilt lockande erbjudande i kasinov\u00e4rlden, som erbjuder spelare m\u00f6jligheten att m\u00e5ngdubbla sin ins\u00e4ttning.\" \/>\n<meta name=\"robots\" content=\"index, follow, max-snippet:-1, max-image-preview:large, max-video-preview:-1\" \/>\n<link rel=\"canonical\" href=\"https:\/\/www.kasinobonus.ai\/se\/500-insattningsbonus\/\" \/>\n<script type=\"application\/ld+json\" class=\"yoast-schema-graph\">{\"@context\":\"https:\/\/schema.org\",\"@graph\":[{\"@type\":\"WebPage\",\"@id\":\"https:\/\/www.kasinobonus.ai\/se\/500-insattningsbonus\/\",\"url\":\"https:\/\/www.kasinobonus.ai\/se\/500-insattningsbonus\/\",\"name\":\"500% Ins\u00e4ttningsbonus (2025) - www.kasinobonus.ai\",\"isPartOf\":{\"@id\":\"https:\/\/www.kasinobonus.ai\/se\/#website\"},\"primaryImageOfPage\":{\"@id\":\"https:\/\/www.kasinobonus.ai\/se\/500-insattningsbonus\/#primaryimage\"},\"image\":{\"@id\":\"https:\/\/www.kasinobonus.ai\/se\/500-insattningsbonus\/#primaryimage\"},\"thumbnailUrl\":\"https:\/\/www.kasinobonus.ai\/wp-content\/uploads\/2023\/12\/500_insattningsbonus.jpg\",\"datePublished\":\"2023-08-29T13:58:44+00:00\",\"dateModified\":\"2025-07-13T21:17:54+00:00\",\"description\":\"500% ins\u00e4ttningsbonus \u00e4r ett s\u00e4rskilt lockande erbjudande i kasinov\u00e4rlden, som erbjuder spelare m\u00f6jligheten att m\u00e5ngdubbla sin ins\u00e4ttning.\",\"breadcrumb\":{\"@id\":\"https:\/\/www.kasinobonus.ai\/se\/500-insattningsbonus\/#breadcrumb\"},\"inLanguage\":\"sv-SE\",\"potentialAction\":[{\"@type\":\"ReadAction\",\"target\":[\"https:\/\/www.kasinobonus.ai\/se\/500-insattningsbonus\/\"]}]},{\"@type\":\"ImageObject\",\"inLanguage\":\"sv-SE\",\"@id\":\"https:\/\/www.kasinobonus.ai\/se\/500-insattningsbonus\/#primaryimage\",\"url\":\"https:\/\/www.kasinobonus.ai\/wp-content\/uploads\/2023\/12\/500_insattningsbonus.jpg\",\"contentUrl\":\"https:\/\/www.kasinobonus.ai\/wp-content\/uploads\/2023\/12\/500_insattningsbonus.jpg\",\"width\":1200,\"height\":628,\"caption\":\"500 insattningsbonus\"},{\"@type\":\"BreadcrumbList\",\"@id\":\"https:\/\/www.kasinobonus.ai\/se\/500-insattningsbonus\/#breadcrumb\",\"itemListElement\":[{\"@type\":\"ListItem\",\"position\":1,\"name\":\"Home\",\"item\":\"https:\/\/www.kasinobonus.ai\/se\/\"},{\"@type\":\"ListItem\",\"position\":2,\"name\":\"500% Ins\u00e4ttningsbonus\"}]},{\"@type\":\"WebSite\",\"@id\":\"https:\/\/www.kasinobonus.ai\/se\/#website\",\"url\":\"https:\/\/www.kasinobonus.ai\/se\/\",\"name\":\"www.kasinobonus.ai\",\"description\":\"\",\"publisher\":{\"@id\":\"https:\/\/www.kasinobonus.ai\/se\/#organization\"},\"potentialAction\":[{\"@type\":\"SearchAction\",\"target\":{\"@type\":\"EntryPoint\",\"urlTemplate\":\"https:\/\/www.kasinobonus.ai\/se\/?s={search_term_string}\"},\"query-input\":{\"@type\":\"PropertyValueSpecification\",\"valueRequired\":true,\"valueName\":\"search_term_string\"}}],\"inLanguage\":\"sv-SE\"},{\"@type\":\"Organization\",\"@id\":\"https:\/\/www.kasinobonus.ai\/se\/#organization\",\"name\":\"KasinoBonus\",\"alternateName\":\"KasinoBonusAI\",\"url\":\"https:\/\/www.kasinobonus.ai\/se\/\",\"logo\":{\"@type\":\"ImageObject\",\"inLanguage\":\"sv-SE\",\"@id\":\"https:\/\/www.kasinobonus.ai\/se\/#\/schema\/logo\/image\/\",\"url\":\"https:\/\/www.kasinobonus.ai\/wp-content\/uploads\/2023\/09\/kasinobonus-logo-light.png\",\"contentUrl\":\"https:\/\/www.kasinobonus.ai\/wp-content\/uploads\/2023\/09\/kasinobonus-logo-light.png\",\"width\":3200,\"height\":596,\"caption\":\"KasinoBonus\"},\"image\":{\"@id\":\"https:\/\/www.kasinobonus.ai\/se\/#\/schema\/logo\/image\/\"},\"sameAs\":[\"https:\/\/www.facebook.com\/kasinobonusio\/\",\"https:\/\/x.com\/Kasinobonus_io\",\"https:\/\/www.linkedin.com\/in\/matti-slotte-26612033b\",\"http:\/\/kasinobonus.wikidot.com\/system:welcome\",\"https:\/\/www.trustpilot.com\/review\/www.kasinobonus.ai\",\"https:\/\/orcid.org\/0009-0007-2889-1713\",\"https:\/\/en.everybodywiki.com\/Matti_Slotte\",\"https:\/\/www.immuniweb.com\/ssl\/kasinobonus.ai\/M4lqCqYY\/\"]}]}<\/script>\n<!-- \/ Yoast SEO plugin. -->","yoast_head_json":{"title":"500% Ins\u00e4ttningsbonus (2025) - www.kasinobonus.ai","description":"500% ins\u00e4ttningsbonus \u00e4r ett s\u00e4rskilt lockande erbjudande i kasinov\u00e4rlden, som erbjuder spelare m\u00f6jligheten att m\u00e5ngdubbla sin ins\u00e4ttning.","robots":{"index":"index","follow":"follow","max-snippet":"max-snippet:-1","max-image-preview":"max-image-preview:large","max-video-preview":"max-video-preview:-1"},"canonical":"https:\/\/www.kasinobonus.ai\/se\/500-insattningsbonus\/","schema":{"@context":"https:\/\/schema.org","@graph":[{"@type":"WebPage","@id":"https:\/\/www.kasinobonus.ai\/se\/500-insattningsbonus\/","url":"https:\/\/www.kasinobonus.ai\/se\/500-insattningsbonus\/","name":"500% Ins\u00e4ttningsbonus (2025) - www.kasinobonus.ai","isPartOf":{"@id":"https:\/\/www.kasinobonus.ai\/se\/#website"},"primaryImageOfPage":{"@id":"https:\/\/www.kasinobonus.ai\/se\/500-insattningsbonus\/#primaryimage"},"image":{"@id":"https:\/\/www.kasinobonus.ai\/se\/500-insattningsbonus\/#primaryimage"},"thumbnailUrl":"https:\/\/www.kasinobonus.ai\/wp-content\/uploads\/2023\/12\/500_insattningsbonus.jpg","datePublished":"2023-08-29T13:58:44+00:00","dateModified":"2025-07-13T21:17:54+00:00","description":"500% ins\u00e4ttningsbonus \u00e4r ett s\u00e4rskilt lockande erbjudande i kasinov\u00e4rlden, som erbjuder spelare m\u00f6jligheten att m\u00e5ngdubbla sin ins\u00e4ttning.","breadcrumb":{"@id":"https:\/\/www.kasinobonus.ai\/se\/500-insattningsbonus\/#breadcrumb"},"inLanguage":"sv-SE","potentialAction":[{"@type":"ReadAction","target":["https:\/\/www.kasinobonus.ai\/se\/500-insattningsbonus\/"]}]},{"@type":"ImageObject","inLanguage":"sv-SE","@id":"https:\/\/www.kasinobonus.ai\/se\/500-insattningsbonus\/#primaryimage","url":"https:\/\/www.kasinobonus.ai\/wp-content\/uploads\/2023\/12\/500_insattningsbonus.jpg","contentUrl":"https:\/\/www.kasinobonus.ai\/wp-content\/uploads\/2023\/12\/500_insattningsbonus.jpg","width":1200,"height":628,"caption":"500 insattningsbonus"},{"@type":"BreadcrumbList","@id":"https:\/\/www.kasinobonus.ai\/se\/500-insattningsbonus\/#breadcrumb","itemListElement":[{"@type":"ListItem","position":1,"name":"Home","item":"https:\/\/www.kasinobonus.ai\/se\/"},{"@type":"ListItem","position":2,"name":"500% Ins\u00e4ttningsbonus"}]},{"@type":"WebSite","@id":"https:\/\/www.kasinobonus.ai\/se\/#website","url":"https:\/\/www.kasinobonus.ai\/se\/","name":"www.kasinobonus.ai","description":"","publisher":{"@id":"https:\/\/www.kasinobonus.ai\/se\/#organization"},"potentialAction":[{"@type":"SearchAction","target":{"@type":"EntryPoint","urlTemplate":"https:\/\/www.kasinobonus.ai\/se\/?s={search_term_string}"},"query-input":{"@type":"PropertyValueSpecification","valueRequired":true,"valueName":"search_term_string"}}],"inLanguage":"sv-SE"},{"@type":"Organization","@id":"https:\/\/www.kasinobonus.ai\/se\/#organization","name":"KasinoBonus","alternateName":"KasinoBonusAI","url":"https:\/\/www.kasinobonus.ai\/se\/","logo":{"@type":"ImageObject","inLanguage":"sv-SE","@id":"https:\/\/www.kasinobonus.ai\/se\/#\/schema\/logo\/image\/","url":"https:\/\/www.kasinobonus.ai\/wp-content\/uploads\/2023\/09\/kasinobonus-logo-light.png","contentUrl":"https:\/\/www.kasinobonus.ai\/wp-content\/uploads\/2023\/09\/kasinobonus-logo-light.png","width":3200,"height":596,"caption":"KasinoBonus"},"image":{"@id":"https:\/\/www.kasinobonus.ai\/se\/#\/schema\/logo\/image\/"},"sameAs":["https:\/\/www.facebook.com\/kasinobonusio\/","https:\/\/x.com\/Kasinobonus_io","https:\/\/www.linkedin.com\/in\/matti-slotte-26612033b","http:\/\/kasinobonus.wikidot.com\/system:welcome","https:\/\/www.trustpilot.com\/review\/www.kasinobonus.ai","https:\/\/orcid.org\/0009-0007-2889-1713","https:\/\/en.everybodywiki.com\/Matti_Slotte","https:\/\/www.immuniweb.com\/ssl\/kasinobonus.ai\/M4lqCqYY\/"]}]}},"_links":{"self":[{"href":"https:\/\/www.kasinobonus.ai\/se\/wp-json\/wp\/v2\/pages\/9067","targetHints":{"allow":["GET"]}}],"collection":[{"href":"https:\/\/www.kasinobonus.ai\/se\/wp-json\/wp\/v2\/pages"}],"about":[{"href":"https:\/\/www.kasinobonus.ai\/se\/wp-json\/wp\/v2\/types\/page"}],"author":[{"embeddable":true,"href":"https:\/\/www.kasinobonus.ai\/se\/wp-json\/wp\/v2\/users\/1"}],"replies":[{"embeddable":true,"href":"https:\/\/www.kasinobonus.ai\/se\/wp-json\/wp\/v2\/comments?post=9067"}],"version-history":[{"count":5,"href":"https:\/\/www.kasinobonus.ai\/se\/wp-json\/wp\/v2\/pages\/9067\/revisions"}],"predecessor-version":[{"id":33836,"href":"https:\/\/www.kasinobonus.ai\/se\/wp-json\/wp\/v2\/pages\/9067\/revisions\/33836"}],"wp:featuredmedia":[{"embeddable":true,"href":"https:\/\/www.kasinobonus.ai\/se\/wp-json\/wp\/v2\/media\/9291"}],"wp:attachment":[{"href":"https:\/\/www.kasinobonus.ai\/se\/wp-json\/wp\/v2\/media?parent=9067"}],"curies":[{"name":"wp","href":"https:\/\/api.w.org\/{rel}","templated":true}]}}