{"id":9060,"date":"2023-08-29T13:59:56","date_gmt":"2023-08-29T13:59:56","guid":{"rendered":"http:\/\/kasinobonus.ai.dedivirt842.your-server.de\/10-ilmaiskierrosta-ilman-talletusta\/"},"modified":"2025-07-13T21:19:08","modified_gmt":"2025-07-13T21:19:08","slug":"10-gratissnurr-utan-insattning","status":"publish","type":"page","link":"https:\/\/www.kasinobonus.ai\/se\/10-gratissnurr-utan-insattning\/","title":{"rendered":"10 Gratissnurr Utan Ins\u00e4ttning"},"content":{"rendered":"\n<h1 class=\"wp-block-heading\">10 Gratissnurr Utan Ins\u00e4ttning 2025<\/h1>\n\n\n\n<p>Jag minns hur \u00f6verv\u00e4ldigande det k\u00e4ndes n\u00e4r jag f\u00f6rst b\u00f6rjade spela p\u00e5 n\u00e4tcasinon \u2013 det fanns alltid s\u00e5 m\u00e5nga spel och kampanjer att v\u00e4lja mellan! N\u00e5got som verkligen hj\u00e4lpte mig att komma ig\u00e5ng var en bonus med 10 <a href=\"https:\/\/www.kasinobonus.ai\/se\/gratissnurr\/\">gratissnurr utan ins\u00e4ttning i Sverige<\/a>. Den gjorde att jag kunde testa olika slots utan att riskera n\u00e5gra av mina egna pengar, vilket gav mig ett perfekt tillf\u00e4lle att l\u00e4ra mig grunderna \u2013 och prova nya spel \u2013 i min egen takt!<\/p>\n\n\n\n<p>Det b\u00e4sta av allt var att jag till och med hade chansen att g\u00e5 d\u00e4rifr\u00e5n med riktiga vinster \u2013 och idag ska jag visa dig de b\u00e4sta bonusarna med 10 free spins utan ins\u00e4ttning, samt g\u00e5 igenom n\u00e5gra saker att t\u00e4nka p\u00e5 n\u00e4r du g\u00f6r anspr\u00e5k p\u00e5 dem.<\/p>\n\n\n\n<h2 class=\"wp-block-heading\">Toppcasinon som erbjuder 10 Gratissnurr utan ins\u00e4ttning 2025<\/h2>\n\n\n\n<p>Vad finns det egentligen att inte gilla med en bonus utan ins\u00e4ttning? F\u00f6r mig \u00e4r det ett avslappnat s\u00e4tt att utforska nya casinon, njuta av olika slots och f\u00f6rs\u00f6ka vinna riktiga pengar \u2013 utan att riskera n\u00e5got sj\u00e4lv.<\/p>\n\n\n\n<p>H\u00e4r \u00e4r en snabb \u00f6versikt \u00f6ver n\u00e5gra av de b\u00e4sta bonusarna med free spins utan ins\u00e4ttning som jag sj\u00e4lv har anv\u00e4nt:<\/p>\n\n\n<p>[brand_table template=&#8221;table_style_1.php&#8221; country=&#8221;SE&#8221; bonus_type=&#8221;no_deposit&#8221;]<\/p>\n\n\n\n<p>Om du gillar n\u00e5got av casinona ovan \u00e4r det bara att klicka p\u00e5 knappen \u201dSpela nu\u201d, s\u00e5 kommer du direkt till registreringssidan d\u00e4r du kan skapa ett konto och h\u00e4mta din bonus!<\/p>\n\n\n\n<figure class=\"wp-block-image size-full\"><img decoding=\"async\" width=\"1000\" height=\"666\" src=\"https:\/\/www.kasinobonus.ai\/wp-content\/uploads\/2025\/07\/10-Gratissnurr-Utan-Insattning.jpg\" alt=\"Gratissnurr Utan Ins\u00e4ttning\" class=\"wp-image-33768\" srcset=\"https:\/\/www.kasinobonus.ai\/wp-content\/uploads\/2025\/07\/10-Gratissnurr-Utan-Insattning.jpg 1000w, https:\/\/www.kasinobonus.ai\/wp-content\/uploads\/2025\/07\/10-Gratissnurr-Utan-Insattning-300x200.jpg 300w, https:\/\/www.kasinobonus.ai\/wp-content\/uploads\/2025\/07\/10-Gratissnurr-Utan-Insattning-768x511.jpg 768w, https:\/\/www.kasinobonus.ai\/wp-content\/uploads\/2025\/07\/10-Gratissnurr-Utan-Insattning-110x73.jpg 110w, https:\/\/www.kasinobonus.ai\/wp-content\/uploads\/2025\/07\/10-Gratissnurr-Utan-Insattning-575x383.jpg 575w\" sizes=\"(max-width: 1000px) 100vw, 1000px\" \/><\/figure>\n\n\n\n<h2 class=\"wp-block-heading\">S\u00e5 recenserar och v\u00e4ljer vi casinon<\/h2>\n\n\n\n<p>H\u00e4r p\u00e5 KasinoBonus \u00e4r v\u00e5r granskningsprocess detaljerad, transparent och \u00e4rlig. Vi b\u00f6rjar med att kontrollera sajtens licensiering och rykte. N\u00e4r vi ser att de har r\u00e4tt att verka lagligt, bed\u00f6mer vi spelutbudet \u2013 slots, bordsspel, livespel och mer.<\/p>\n\n\n\n<p>D\u00e4refter testar vi kundtj\u00e4nsten f\u00f6r att se till att de svarar snabbt och effektivt. Slutligen tittar vi p\u00e5 betalningsmetoder, uttagshastighet, bonusvillkor och sajtens s\u00e4kerhet.<\/p>\n\n\n\n<h2 class=\"wp-block-heading\">S\u00e5 h\u00e4mtar du 10 gratissnurr utan ins\u00e4ttning<\/h2>\n\n\n\n<p>Att h\u00e4mta en bonus med 10 gratissnurr utan ins\u00e4ttning \u00e4r enkelt. Bl\u00e4ddra bland v\u00e5ra rekommenderade casinon h\u00f6gst upp p\u00e5 sidan, hitta ett casino eller en bonus som du gillar och klicka p\u00e5 \u201dSpela nu\u201d.<\/p>\n\n\n\n<p>N\u00e4r du har registrerat dig p\u00e5 det valda casinot krediteras dina free spins automatiskt till ditt konto \u2013 s\u00e5 att du kan b\u00f6rja spela \u2013 och f\u00f6rhoppningsvis vinna \u2013 p\u00e5 bara n\u00e5gra minuter!<\/p>\n\n\n\n<h2 class=\"wp-block-heading\">F\u00f6rdelar och Nackdelar<\/h2>\n\n\n\n<figure class=\"wp-block-image size-full\"><img decoding=\"async\" width=\"1000\" height=\"666\" src=\"https:\/\/www.kasinobonus.ai\/wp-content\/uploads\/2025\/06\/KB-Gratissnurr.jpg\" alt=\"Gratissnurr\" class=\"wp-image-30101\" srcset=\"https:\/\/www.kasinobonus.ai\/wp-content\/uploads\/2025\/06\/KB-Gratissnurr.jpg 1000w, https:\/\/www.kasinobonus.ai\/wp-content\/uploads\/2025\/06\/KB-Gratissnurr-300x200.jpg 300w, https:\/\/www.kasinobonus.ai\/wp-content\/uploads\/2025\/06\/KB-Gratissnurr-768x511.jpg 768w, https:\/\/www.kasinobonus.ai\/wp-content\/uploads\/2025\/06\/KB-Gratissnurr-110x73.jpg 110w, https:\/\/www.kasinobonus.ai\/wp-content\/uploads\/2025\/06\/KB-Gratissnurr-575x383.jpg 575w\" sizes=\"(max-width: 1000px) 100vw, 1000px\" \/><\/figure>\n\n\n\n<div class=\"wp-block-columns is-layout-flex wp-container-core-columns-is-layout-28f84493 wp-block-columns-is-layout-flex\">\n<div class=\"wp-block-column is-layout-flow wp-block-column-is-layout-flow\">\n<h3 class=\"wp-block-heading\">\u2705 F\u00f6rdelar<\/h3>\n\n\n\n<ul class=\"wp-block-list\">\n<li>\u2705 Prova slots utan att riskera egna pengar<\/li>\n\n\n\n<li>\u2705 Erbjudanden utan ins\u00e4ttning finns p\u00e5 m\u00e5nga casinon<\/li>\n\n\n\n<li>\u2705 M\u00f6jlighet att vinna riktiga pengar utan investering<\/li>\n\n\n\n<li>\u2705 Bra s\u00e4tt att uppt\u00e4cka nya spel och leverant\u00f6rer<\/li>\n\n\n\n<li>\u2705 Hj\u00e4lpsamt f\u00f6r att l\u00e4ra sig hur slotmekaniken fungerar<\/li>\n<\/ul>\n<\/div>\n\n\n\n<div class=\"wp-block-column is-layout-flow wp-block-column-is-layout-flow\">\n<h3 class=\"wp-block-heading\">\u274c Nackdelar<\/h3>\n\n\n\n<ul class=\"wp-block-list\">\n<li>\u274c Oms\u00e4ttningskrav innan uttag \u00e4r till\u00e5tet<\/li>\n\n\n\n<li>\u274c Ofta begr\u00e4nsade till specifika slots<\/li>\n\n\n\n<li>\u274c Maxvinst eller uttagsgr\u00e4nser g\u00e4ller<\/li>\n\n\n\n<li>\u274c Gratissnurr g\u00e5r vanligtvis ut inom 24\u201372 timmar<\/li>\n\n\n\n<li>\u274c Bonusvillkoren kan vara strikta eller sv\u00e5rtolkade<\/li>\n<\/ul>\n<\/div>\n<\/div>\n\n\n\n<h2 class=\"wp-block-heading\">Popul\u00e4ra spelautomater med gratissnurr-bonus<\/h2>\n\n\n\n<figure class=\"wp-block-table\"><table class=\"has-fixed-layout\"><thead><tr><th>Popul\u00e4r spelautomat<\/th><th>Spelutvecklare<\/th><th>Gratissnurr (Bonus)<\/th><th>RTP<\/th><th>Casinonamn<\/th><\/tr><\/thead><tbody><tr><td>Sweet\u202fBonanza<\/td><td>Pragmatic\u202fPlay<\/td><td>20 gratissnurr<\/td><td>96,51\u202f%<\/td><td>Rollino<\/td><\/tr><tr><td>Book\u202fof\u202fMuseum<\/td><td>GameArt<\/td><td>25 gratissnurr<\/td><td>96,10\u202f%<\/td><td>Horus Casino<\/td><\/tr><tr><td>Angry\u202fDogs<\/td><td>GameArt<\/td><td>25 gratissnurr<\/td><td>96,36\u202f%<\/td><td>Kryptosino<\/td><\/tr><tr><td>Hollywoof<\/td><td>GameArt<\/td><td>25 gratissnurr<\/td><td>96,10\u202f%<\/td><td>Vegaz Casino<\/td><\/tr><tr><td>Sweet\u202fBonanza<\/td><td>Pragmatic\u202fPlay<\/td><td>30 gratissnurr<\/td><td>96,51\u202f%<\/td><td>Megapari<\/td><\/tr><tr><td>Book\u202fof\u202fDead<\/td><td>Play\u2019n\u202fGO<\/td><td>25 gratissnurr<\/td><td>96,21\u202f%<\/td><td>BetMaximus<\/td><\/tr><tr><td>Ruby Win \u2013 Hold the Spin<\/td><td>Gamzix<\/td><td>25 gratissnurr<\/td><td>96,00\u202f%<\/td><td>LevelUp Casino<\/td><\/tr><tr><td>Joker Stoker<\/td><td>Endorphina<\/td><td>100 gratissnurr<\/td><td>96,00\u202f%<\/td><td>BetFury<\/td><\/tr><tr><td>Bastet and Cats<\/td><td>Betfury<\/td><td>100 gratissnurr<\/td><td>96,20\u202f%<\/td><td>BetFury<\/td><\/tr><tr><td>Doors Of Fresh<\/td><td>BGaming<\/td><td>50 gratissnurr<\/td><td>96,85\u202f%<\/td><td>Fresh Casino<\/td><\/tr><tr><td>Gates of Olympus<\/td><td>Pragmatic\u202fPlay<\/td><td>50 gratissnurr<\/td><td>96,50\u202f%<\/td><td>Campeonbet<\/td><\/tr><tr><td>Alien Fruits<\/td><td>BGaming<\/td><td>50 gratissnurr<\/td><td>97,00\u202f%<\/td><td>Drip Casino<\/td><\/tr><\/tbody><\/table><\/figure>\n","protected":false},"excerpt":{"rendered":"<p>10 Gratissnurr Utan Ins\u00e4ttning 2025 Jag minns hur \u00f6verv\u00e4ldigande det k\u00e4ndes n\u00e4r jag f\u00f6rst b\u00f6rjade spela p\u00e5 n\u00e4tcasinon \u2013 det fanns alltid s\u00e5 m\u00e5nga spel och kampanjer att v\u00e4lja mellan! N\u00e5got som verkligen hj\u00e4lpte mig att komma ig\u00e5ng var en bonus med 10 gratissnurr utan ins\u00e4ttning i Sverige. Den gjorde att jag kunde testa olika [&hellip;]<\/p>\n","protected":false},"author":1,"featured_media":9451,"parent":0,"menu_order":0,"comment_status":"open","ping_status":"closed","template":"","meta":{"inline_featured_image":false,"footnotes":""},"class_list":["post-9060","page","type-page","status-publish","has-post-thumbnail","hentry"],"yoast_head":"<!-- This site is optimized with the Yoast SEO plugin v24.5 - https:\/\/yoast.com\/wordpress\/plugins\/seo\/ -->\n<title>10 Gratissnurr Utan Ins\u00e4ttning (2025) - www.kasinobonus.ai<\/title>\n<meta name=\"description\" content=\"Utnyttja 10 gratissnurr utan ins\u00e4ttning 2025 och uppt\u00e4ck de b\u00e4sta kasinona genom oss! Hoppsan!\" \/>\n<meta name=\"robots\" content=\"index, follow, max-snippet:-1, max-image-preview:large, max-video-preview:-1\" \/>\n<link rel=\"canonical\" href=\"https:\/\/www.kasinobonus.ai\/se\/10-gratissnurr-utan-insattning\/\" \/>\n<script type=\"application\/ld+json\" class=\"yoast-schema-graph\">{\"@context\":\"https:\/\/schema.org\",\"@graph\":[{\"@type\":\"WebPage\",\"@id\":\"https:\/\/www.kasinobonus.ai\/se\/10-gratissnurr-utan-insattning\/\",\"url\":\"https:\/\/www.kasinobonus.ai\/se\/10-gratissnurr-utan-insattning\/\",\"name\":\"10 Gratissnurr Utan Ins\u00e4ttning (2025) - www.kasinobonus.ai\",\"isPartOf\":{\"@id\":\"https:\/\/www.kasinobonus.ai\/se\/#website\"},\"primaryImageOfPage\":{\"@id\":\"https:\/\/www.kasinobonus.ai\/se\/10-gratissnurr-utan-insattning\/#primaryimage\"},\"image\":{\"@id\":\"https:\/\/www.kasinobonus.ai\/se\/10-gratissnurr-utan-insattning\/#primaryimage\"},\"thumbnailUrl\":\"https:\/\/www.kasinobonus.ai\/wp-content\/uploads\/2023\/12\/10-gratis-spinn.jpg\",\"datePublished\":\"2023-08-29T13:59:56+00:00\",\"dateModified\":\"2025-07-13T21:19:08+00:00\",\"description\":\"Utnyttja 10 gratissnurr utan ins\u00e4ttning 2025 och uppt\u00e4ck de b\u00e4sta kasinona genom oss! Hoppsan!\",\"breadcrumb\":{\"@id\":\"https:\/\/www.kasinobonus.ai\/se\/10-gratissnurr-utan-insattning\/#breadcrumb\"},\"inLanguage\":\"sv-SE\",\"potentialAction\":[{\"@type\":\"ReadAction\",\"target\":[\"https:\/\/www.kasinobonus.ai\/se\/10-gratissnurr-utan-insattning\/\"]}]},{\"@type\":\"ImageObject\",\"inLanguage\":\"sv-SE\",\"@id\":\"https:\/\/www.kasinobonus.ai\/se\/10-gratissnurr-utan-insattning\/#primaryimage\",\"url\":\"https:\/\/www.kasinobonus.ai\/wp-content\/uploads\/2023\/12\/10-gratis-spinn.jpg\",\"contentUrl\":\"https:\/\/www.kasinobonus.ai\/wp-content\/uploads\/2023\/12\/10-gratis-spinn.jpg\",\"width\":1200,\"height\":628,\"caption\":\"10 gratis spinn\"},{\"@type\":\"BreadcrumbList\",\"@id\":\"https:\/\/www.kasinobonus.ai\/se\/10-gratissnurr-utan-insattning\/#breadcrumb\",\"itemListElement\":[{\"@type\":\"ListItem\",\"position\":1,\"name\":\"Home\",\"item\":\"https:\/\/www.kasinobonus.ai\/se\/\"},{\"@type\":\"ListItem\",\"position\":2,\"name\":\"10 Gratissnurr Utan Ins\u00e4ttning\"}]},{\"@type\":\"WebSite\",\"@id\":\"https:\/\/www.kasinobonus.ai\/se\/#website\",\"url\":\"https:\/\/www.kasinobonus.ai\/se\/\",\"name\":\"www.kasinobonus.ai\",\"description\":\"\",\"publisher\":{\"@id\":\"https:\/\/www.kasinobonus.ai\/se\/#organization\"},\"potentialAction\":[{\"@type\":\"SearchAction\",\"target\":{\"@type\":\"EntryPoint\",\"urlTemplate\":\"https:\/\/www.kasinobonus.ai\/se\/?s={search_term_string}\"},\"query-input\":{\"@type\":\"PropertyValueSpecification\",\"valueRequired\":true,\"valueName\":\"search_term_string\"}}],\"inLanguage\":\"sv-SE\"},{\"@type\":\"Organization\",\"@id\":\"https:\/\/www.kasinobonus.ai\/se\/#organization\",\"name\":\"KasinoBonus\",\"alternateName\":\"KasinoBonusAI\",\"url\":\"https:\/\/www.kasinobonus.ai\/se\/\",\"logo\":{\"@type\":\"ImageObject\",\"inLanguage\":\"sv-SE\",\"@id\":\"https:\/\/www.kasinobonus.ai\/se\/#\/schema\/logo\/image\/\",\"url\":\"https:\/\/www.kasinobonus.ai\/wp-content\/uploads\/2023\/09\/kasinobonus-logo-light.png\",\"contentUrl\":\"https:\/\/www.kasinobonus.ai\/wp-content\/uploads\/2023\/09\/kasinobonus-logo-light.png\",\"width\":3200,\"height\":596,\"caption\":\"KasinoBonus\"},\"image\":{\"@id\":\"https:\/\/www.kasinobonus.ai\/se\/#\/schema\/logo\/image\/\"},\"sameAs\":[\"https:\/\/www.facebook.com\/kasinobonusio\/\",\"https:\/\/x.com\/Kasinobonus_io\",\"https:\/\/www.linkedin.com\/in\/matti-slotte-26612033b\",\"http:\/\/kasinobonus.wikidot.com\/system:welcome\",\"https:\/\/www.trustpilot.com\/review\/www.kasinobonus.ai\",\"https:\/\/orcid.org\/0009-0007-2889-1713\",\"https:\/\/en.everybodywiki.com\/Matti_Slotte\",\"https:\/\/www.immuniweb.com\/ssl\/kasinobonus.ai\/M4lqCqYY\/\"]}]}<\/script>\n<!-- \/ Yoast SEO plugin. -->","yoast_head_json":{"title":"10 Gratissnurr Utan Ins\u00e4ttning (2025) - www.kasinobonus.ai","description":"Utnyttja 10 gratissnurr utan ins\u00e4ttning 2025 och uppt\u00e4ck de b\u00e4sta kasinona genom oss! Hoppsan!","robots":{"index":"index","follow":"follow","max-snippet":"max-snippet:-1","max-image-preview":"max-image-preview:large","max-video-preview":"max-video-preview:-1"},"canonical":"https:\/\/www.kasinobonus.ai\/se\/10-gratissnurr-utan-insattning\/","schema":{"@context":"https:\/\/schema.org","@graph":[{"@type":"WebPage","@id":"https:\/\/www.kasinobonus.ai\/se\/10-gratissnurr-utan-insattning\/","url":"https:\/\/www.kasinobonus.ai\/se\/10-gratissnurr-utan-insattning\/","name":"10 Gratissnurr Utan Ins\u00e4ttning (2025) - www.kasinobonus.ai","isPartOf":{"@id":"https:\/\/www.kasinobonus.ai\/se\/#website"},"primaryImageOfPage":{"@id":"https:\/\/www.kasinobonus.ai\/se\/10-gratissnurr-utan-insattning\/#primaryimage"},"image":{"@id":"https:\/\/www.kasinobonus.ai\/se\/10-gratissnurr-utan-insattning\/#primaryimage"},"thumbnailUrl":"https:\/\/www.kasinobonus.ai\/wp-content\/uploads\/2023\/12\/10-gratis-spinn.jpg","datePublished":"2023-08-29T13:59:56+00:00","dateModified":"2025-07-13T21:19:08+00:00","description":"Utnyttja 10 gratissnurr utan ins\u00e4ttning 2025 och uppt\u00e4ck de b\u00e4sta kasinona genom oss! Hoppsan!","breadcrumb":{"@id":"https:\/\/www.kasinobonus.ai\/se\/10-gratissnurr-utan-insattning\/#breadcrumb"},"inLanguage":"sv-SE","potentialAction":[{"@type":"ReadAction","target":["https:\/\/www.kasinobonus.ai\/se\/10-gratissnurr-utan-insattning\/"]}]},{"@type":"ImageObject","inLanguage":"sv-SE","@id":"https:\/\/www.kasinobonus.ai\/se\/10-gratissnurr-utan-insattning\/#primaryimage","url":"https:\/\/www.kasinobonus.ai\/wp-content\/uploads\/2023\/12\/10-gratis-spinn.jpg","contentUrl":"https:\/\/www.kasinobonus.ai\/wp-content\/uploads\/2023\/12\/10-gratis-spinn.jpg","width":1200,"height":628,"caption":"10 gratis spinn"},{"@type":"BreadcrumbList","@id":"https:\/\/www.kasinobonus.ai\/se\/10-gratissnurr-utan-insattning\/#breadcrumb","itemListElement":[{"@type":"ListItem","position":1,"name":"Home","item":"https:\/\/www.kasinobonus.ai\/se\/"},{"@type":"ListItem","position":2,"name":"10 Gratissnurr Utan Ins\u00e4ttning"}]},{"@type":"WebSite","@id":"https:\/\/www.kasinobonus.ai\/se\/#website","url":"https:\/\/www.kasinobonus.ai\/se\/","name":"www.kasinobonus.ai","description":"","publisher":{"@id":"https:\/\/www.kasinobonus.ai\/se\/#organization"},"potentialAction":[{"@type":"SearchAction","target":{"@type":"EntryPoint","urlTemplate":"https:\/\/www.kasinobonus.ai\/se\/?s={search_term_string}"},"query-input":{"@type":"PropertyValueSpecification","valueRequired":true,"valueName":"search_term_string"}}],"inLanguage":"sv-SE"},{"@type":"Organization","@id":"https:\/\/www.kasinobonus.ai\/se\/#organization","name":"KasinoBonus","alternateName":"KasinoBonusAI","url":"https:\/\/www.kasinobonus.ai\/se\/","logo":{"@type":"ImageObject","inLanguage":"sv-SE","@id":"https:\/\/www.kasinobonus.ai\/se\/#\/schema\/logo\/image\/","url":"https:\/\/www.kasinobonus.ai\/wp-content\/uploads\/2023\/09\/kasinobonus-logo-light.png","contentUrl":"https:\/\/www.kasinobonus.ai\/wp-content\/uploads\/2023\/09\/kasinobonus-logo-light.png","width":3200,"height":596,"caption":"KasinoBonus"},"image":{"@id":"https:\/\/www.kasinobonus.ai\/se\/#\/schema\/logo\/image\/"},"sameAs":["https:\/\/www.facebook.com\/kasinobonusio\/","https:\/\/x.com\/Kasinobonus_io","https:\/\/www.linkedin.com\/in\/matti-slotte-26612033b","http:\/\/kasinobonus.wikidot.com\/system:welcome","https:\/\/www.trustpilot.com\/review\/www.kasinobonus.ai","https:\/\/orcid.org\/0009-0007-2889-1713","https:\/\/en.everybodywiki.com\/Matti_Slotte","https:\/\/www.immuniweb.com\/ssl\/kasinobonus.ai\/M4lqCqYY\/"]}]}},"_links":{"self":[{"href":"https:\/\/www.kasinobonus.ai\/se\/wp-json\/wp\/v2\/pages\/9060","targetHints":{"allow":["GET"]}}],"collection":[{"href":"https:\/\/www.kasinobonus.ai\/se\/wp-json\/wp\/v2\/pages"}],"about":[{"href":"https:\/\/www.kasinobonus.ai\/se\/wp-json\/wp\/v2\/types\/page"}],"author":[{"embeddable":true,"href":"https:\/\/www.kasinobonus.ai\/se\/wp-json\/wp\/v2\/users\/1"}],"replies":[{"embeddable":true,"href":"https:\/\/www.kasinobonus.ai\/se\/wp-json\/wp\/v2\/comments?post=9060"}],"version-history":[{"count":5,"href":"https:\/\/www.kasinobonus.ai\/se\/wp-json\/wp\/v2\/pages\/9060\/revisions"}],"predecessor-version":[{"id":33841,"href":"https:\/\/www.kasinobonus.ai\/se\/wp-json\/wp\/v2\/pages\/9060\/revisions\/33841"}],"wp:featuredmedia":[{"embeddable":true,"href":"https:\/\/www.kasinobonus.ai\/se\/wp-json\/wp\/v2\/media\/9451"}],"wp:attachment":[{"href":"https:\/\/www.kasinobonus.ai\/se\/wp-json\/wp\/v2\/media?parent=9060"}],"curies":[{"name":"wp","href":"https:\/\/api.w.org\/{rel}","templated":true}]}}