{"id":9011,"date":"2023-08-29T14:01:09","date_gmt":"2023-08-29T14:01:09","guid":{"rendered":"http:\/\/kasinobonus.ai.dedivirt842.your-server.de\/200-ilmaiskierrosta-ilman-talletusta\/"},"modified":"2025-07-13T21:20:38","modified_gmt":"2025-07-13T21:20:38","slug":"200-gratis-snurr-utan-insattning","status":"publish","type":"page","link":"https:\/\/www.kasinobonus.ai\/se\/200-gratis-snurr-utan-insattning\/","title":{"rendered":"200 Gratis Snurr Utan Ins\u00e4ttning"},"content":{"rendered":"\n<h1 class=\"wp-block-heading\">200 Gratis Snurr Utan Ins\u00e4ttning 2025<\/h1>\n\n\n\n<p>Om du \u00e4r ett fan av spelautomater online har du f\u00f6rmodligen sett kampanjer med free spins utan ins\u00e4ttning tidigare. Dessa erbjudanden \u00e4r ett fantastiskt s\u00e4tt att testa lyckan p\u00e5 hjulen \u2013 utan att spendera ett \u00f6re. Men med s\u00e5 m\u00e5nga erbjudanden d\u00e4r ute, hur hittar man de b\u00e4sta \u2013 och vad b\u00f6r du k\u00e4nna till innan du s\u00e4tter ig\u00e5ng?<\/p>\n\n\n\n<p>I den h\u00e4r guiden visar jag dig de b\u00e4sta 200 <a href=\"https:\/\/www.kasinobonus.ai\/se\/gratissnurr\/\">Gratissnurr<\/a> utan ins\u00e4ttning som finns tillg\u00e4ngliga just nu i Sverige. Dessutom f\u00f6rklarar jag hur dessa bonusar fungerar, var du hittar dem och hur du faktiskt g\u00e5r tillv\u00e4ga f\u00f6r att h\u00e4mta dem!<\/p>\n\n\n\n<h2 class=\"wp-block-heading\">Casinon som erbjuder 200 Gratissnurr utan ins\u00e4ttning 2025<\/h2>\n\n\n\n<p>iGaming-industrin i Sverige 2025 \u00e4r mer konkurrensutsatt \u00e4n n\u00e5gonsin \u2013 och det \u00e4r faktiskt goda nyheter f\u00f6r spelare som du. Casinon vill ha din uppm\u00e4rksamhet, vilket inneb\u00e4r att de st\u00e4ndigt f\u00f6rs\u00f6ker erbjuda b\u00e4ttre kampanjer \u00e4n konkurrenterna \u2013 s\u00e5 att du kan ta del av exempelvis 200 gratissnurr utan ins\u00e4ttning!<\/p>\n\n\n\n<p>F\u00f6r att spara tid och energi har jag handplockat de b\u00e4sta bonusarna som finns just nu och sammanst\u00e4llt dem i en enkel tabell nedan:<\/p>\n\n\n<p>[brand_table template=&#8221;table_style_1.php&#8221; country=&#8221;SE&#8221; bonus_type=&#8221;no_deposit&#8221;]<\/p>\n\n\n\n<p>N\u00e4r du ser ett erbjudande som f\u00e5ngar din uppm\u00e4rksamhet, klicka bara p\u00e5 knappen \u201dSpela nu\u201d f\u00f6r att h\u00e4mta din bonus och b\u00f6rja snurra!<\/p>\n\n\n\n<figure class=\"wp-block-image size-full\"><img decoding=\"async\" width=\"1000\" height=\"666\" src=\"https:\/\/www.kasinobonus.ai\/wp-content\/uploads\/2025\/07\/200-Gratis-Snurr-Utan-Insattning.jpg\" alt=\"Gratis Snurr Utan Ins\u00e4ttning\" class=\"wp-image-33696\" srcset=\"https:\/\/www.kasinobonus.ai\/wp-content\/uploads\/2025\/07\/200-Gratis-Snurr-Utan-Insattning.jpg 1000w, https:\/\/www.kasinobonus.ai\/wp-content\/uploads\/2025\/07\/200-Gratis-Snurr-Utan-Insattning-300x200.jpg 300w, https:\/\/www.kasinobonus.ai\/wp-content\/uploads\/2025\/07\/200-Gratis-Snurr-Utan-Insattning-768x511.jpg 768w, https:\/\/www.kasinobonus.ai\/wp-content\/uploads\/2025\/07\/200-Gratis-Snurr-Utan-Insattning-110x73.jpg 110w, https:\/\/www.kasinobonus.ai\/wp-content\/uploads\/2025\/07\/200-Gratis-Snurr-Utan-Insattning-575x383.jpg 575w\" sizes=\"(max-width: 1000px) 100vw, 1000px\" \/><\/figure>\n\n\n\n<h2 class=\"wp-block-heading\">S\u00e5 recenserar och v\u00e4ljer vi casinon<\/h2>\n\n\n\n<p>H\u00e4r p\u00e5 KasinoBonus tar vi casinorecensioner p\u00e5 stort allvar. Varje casino vi rekommenderar m\u00e5ste klara en rad noggranna interna kontroller. N\u00e5gra av de faktorer vi tittar p\u00e5 inkluderar:<\/p>\n\n\n\n<ul class=\"wp-block-list\">\n<li>Verifiering av licens och s\u00e4kerhet f\u00f6r att garantera din trygghet<\/li>\n\n\n\n<li>Granskning av spelutbudet (och antalet mjukvaruleverant\u00f6rer)<\/li>\n\n\n\n<li>Genomg\u00e5ng av bonusvillkor f\u00f6r att s\u00e4kerst\u00e4lla att de \u00e4r r\u00e4ttvisa<\/li>\n\n\n\n<li>Test av uttagshastigheter och betalningsalternativ<\/li>\n<\/ul>\n\n\n\n<h2 class=\"wp-block-heading\">S\u00e5 h\u00e4mtar du 200 gratissnurr utan ins\u00e4ttning<\/h2>\n\n\n\n<p>Att h\u00e4mta en kampanj med 200 gratissnurr utan ins\u00e4ttning \u00e4r enkelt. N\u00e4r du har valt ett p\u00e5litligt casino fr\u00e5n v\u00e5ra rekommendationer ovan, registrerar du dig, aktiverar din bonus \u2013 och b\u00f6rjar spela. S\u00e5 enkelt \u00e4r det!<\/p>\n\n\n\n<h2 class=\"wp-block-heading\">F\u00f6rdelar och Nackdelar<\/h2>\n\n\n\n<figure class=\"wp-block-image size-full\"><img decoding=\"async\" width=\"1000\" height=\"666\" src=\"https:\/\/www.kasinobonus.ai\/wp-content\/uploads\/2025\/06\/KB-Gratissnurr.jpg\" alt=\"Gratissnurr\" class=\"wp-image-30101\" srcset=\"https:\/\/www.kasinobonus.ai\/wp-content\/uploads\/2025\/06\/KB-Gratissnurr.jpg 1000w, https:\/\/www.kasinobonus.ai\/wp-content\/uploads\/2025\/06\/KB-Gratissnurr-300x200.jpg 300w, https:\/\/www.kasinobonus.ai\/wp-content\/uploads\/2025\/06\/KB-Gratissnurr-768x511.jpg 768w, https:\/\/www.kasinobonus.ai\/wp-content\/uploads\/2025\/06\/KB-Gratissnurr-110x73.jpg 110w, https:\/\/www.kasinobonus.ai\/wp-content\/uploads\/2025\/06\/KB-Gratissnurr-575x383.jpg 575w\" sizes=\"(max-width: 1000px) 100vw, 1000px\" \/><\/figure>\n\n\n\n<div class=\"wp-block-columns is-layout-flex wp-container-core-columns-is-layout-28f84493 wp-block-columns-is-layout-flex\">\n<div class=\"wp-block-column is-layout-flow wp-block-column-is-layout-flow\">\n<h3 class=\"wp-block-heading\">\u2705 F\u00f6rdelar<\/h3>\n\n\n\n<ul class=\"wp-block-list\">\n<li>\u2705 Prova slots utan att riskera egna pengar<\/li>\n\n\n\n<li>\u2705 Erbjudanden utan ins\u00e4ttning finns p\u00e5 m\u00e5nga casinon<\/li>\n\n\n\n<li>\u2705 M\u00f6jlighet att vinna riktiga pengar utan investering<\/li>\n\n\n\n<li>\u2705 Bra s\u00e4tt att uppt\u00e4cka nya spel och leverant\u00f6rer<\/li>\n\n\n\n<li>\u2705 Hj\u00e4lpsamt f\u00f6r att l\u00e4ra sig hur slotmekaniken fungerar<\/li>\n<\/ul>\n<\/div>\n\n\n\n<div class=\"wp-block-column is-layout-flow wp-block-column-is-layout-flow\">\n<h3 class=\"wp-block-heading\">\u274c Nackdelar<\/h3>\n\n\n\n<ul class=\"wp-block-list\">\n<li>\u274c Oms\u00e4ttningskrav innan uttag \u00e4r till\u00e5tet<\/li>\n\n\n\n<li>\u274c Ofta begr\u00e4nsade till specifika slots<\/li>\n\n\n\n<li>\u274c Maxvinst eller uttagsgr\u00e4nser g\u00e4ller<\/li>\n\n\n\n<li>\u274c Gratissnurr g\u00e5r vanligtvis ut inom 24\u201372 timmar<\/li>\n\n\n\n<li>\u274c Bonusvillkoren kan vara strikta eller sv\u00e5rtolkade<\/li>\n<\/ul>\n<\/div>\n<\/div>\n\n\n\n<h2 class=\"wp-block-heading\">Popul\u00e4ra spelautomater med gratissnurr-bonus<\/h2>\n\n\n\n<figure class=\"wp-block-table\"><table class=\"has-fixed-layout\"><thead><tr><th>Popul\u00e4r spelautomat<\/th><th>Spelutvecklare<\/th><th>Gratissnurr (Bonus)<\/th><th>RTP<\/th><th>Casinonamn<\/th><\/tr><\/thead><tbody><tr><td>Sweet\u202fBonanza<\/td><td>Pragmatic\u202fPlay<\/td><td>20 gratissnurr<\/td><td>96,51\u202f%<\/td><td>Rollino<\/td><\/tr><tr><td>Book\u202fof\u202fMuseum<\/td><td>GameArt<\/td><td>25 gratissnurr<\/td><td>96,10\u202f%<\/td><td>Horus Casino<\/td><\/tr><tr><td>Angry\u202fDogs<\/td><td>GameArt<\/td><td>25 gratissnurr<\/td><td>96,36\u202f%<\/td><td>Kryptosino<\/td><\/tr><tr><td>Hollywoof<\/td><td>GameArt<\/td><td>25 gratissnurr<\/td><td>96,10\u202f%<\/td><td>Vegaz Casino<\/td><\/tr><tr><td>Sweet\u202fBonanza<\/td><td>Pragmatic\u202fPlay<\/td><td>30 gratissnurr<\/td><td>96,51\u202f%<\/td><td>Megapari<\/td><\/tr><tr><td>Book\u202fof\u202fDead<\/td><td>Play\u2019n\u202fGO<\/td><td>25 gratissnurr<\/td><td>96,21\u202f%<\/td><td>BetMaximus<\/td><\/tr><tr><td>Ruby Win \u2013 Hold the Spin<\/td><td>Gamzix<\/td><td>25 gratissnurr<\/td><td>96,00\u202f%<\/td><td>LevelUp Casino<\/td><\/tr><tr><td>Joker Stoker<\/td><td>Endorphina<\/td><td>100 gratissnurr<\/td><td>96,00\u202f%<\/td><td>BetFury<\/td><\/tr><tr><td>Bastet and Cats<\/td><td>Betfury<\/td><td>100 gratissnurr<\/td><td>96,20\u202f%<\/td><td>BetFury<\/td><\/tr><tr><td>Doors Of Fresh<\/td><td>BGaming<\/td><td>50 gratissnurr<\/td><td>96,85\u202f%<\/td><td>Fresh Casino<\/td><\/tr><tr><td>Gates of Olympus<\/td><td>Pragmatic\u202fPlay<\/td><td>50 gratissnurr<\/td><td>96,50\u202f%<\/td><td>Campeonbet<\/td><\/tr><tr><td>Alien Fruits<\/td><td>BGaming<\/td><td>50 gratissnurr<\/td><td>97,00\u202f%<\/td><td>Drip Casino<\/td><\/tr><\/tbody><\/table><\/figure>\n\n\n\n<h2 class=\"wp-block-heading\">Resurser f\u00f6r ansvarsfullt spelande<\/h2>\n\n\n\n<ul class=\"wp-block-list\">\n<li><a href=\"https:\/\/www.spelinspektionen.se\/\">https:\/\/www.spelinspektionen.se\/<\/a><\/li>\n\n\n\n<li><a href=\"https:\/\/www.spelinspektionen.se\/\">https:\/\/www.spelinspektionen.se\/<\/a><\/li>\n\n\n\n<li><a href=\"https:\/\/www.spelpaus.se\/\">https:\/\/www.spelpaus.se\/<\/a><\/li>\n\n\n\n<li><a href=\"https:\/\/www.spelpaus.se\/\">https:\/\/www.spelpaus.se\/<\/a><\/li>\n\n\n\n<li><a href=\"https:\/\/www.stodlinjen.se\/\">https:\/\/www.stodlinjen.se\/<\/a><\/li>\n\n\n\n<li><a href=\"https:\/\/gamblingtherapy.org\/\">https:\/\/gamblingtherapy.org\/<\/a><\/li>\n<\/ul>\n","protected":false},"excerpt":{"rendered":"<p>200 Gratis Snurr Utan Ins\u00e4ttning 2025 Om du \u00e4r ett fan av spelautomater online har du f\u00f6rmodligen sett kampanjer med free spins utan ins\u00e4ttning tidigare. Dessa erbjudanden \u00e4r ett fantastiskt s\u00e4tt att testa lyckan p\u00e5 hjulen \u2013 utan att spendera ett \u00f6re. Men med s\u00e5 m\u00e5nga erbjudanden d\u00e4r ute, hur hittar man de b\u00e4sta \u2013 [&hellip;]<\/p>\n","protected":false},"author":1,"featured_media":9556,"parent":0,"menu_order":0,"comment_status":"open","ping_status":"closed","template":"","meta":{"inline_featured_image":false,"footnotes":""},"class_list":["post-9011","page","type-page","status-publish","has-post-thumbnail","hentry"],"yoast_head":"<!-- This site is optimized with the Yoast SEO plugin v24.5 - https:\/\/yoast.com\/wordpress\/plugins\/seo\/ -->\n<title>200 Gratis Snurr Utan Ins\u00e4ttning (2025) - www.kasinobonus.ai<\/title>\n<meta name=\"description\" content=\"F\u00e5 200 gratis snurr utan ins\u00e4ttning f\u00f6r 2025! Upplev slots riskfritt och vinn n\u00e5got enormt stort.\" \/>\n<meta name=\"robots\" content=\"index, follow, max-snippet:-1, max-image-preview:large, max-video-preview:-1\" \/>\n<link rel=\"canonical\" href=\"https:\/\/www.kasinobonus.ai\/se\/200-gratis-snurr-utan-insattning\/\" \/>\n<script type=\"application\/ld+json\" class=\"yoast-schema-graph\">{\"@context\":\"https:\/\/schema.org\",\"@graph\":[{\"@type\":\"WebPage\",\"@id\":\"https:\/\/www.kasinobonus.ai\/se\/200-gratis-snurr-utan-insattning\/\",\"url\":\"https:\/\/www.kasinobonus.ai\/se\/200-gratis-snurr-utan-insattning\/\",\"name\":\"200 Gratis Snurr Utan Ins\u00e4ttning (2025) - www.kasinobonus.ai\",\"isPartOf\":{\"@id\":\"https:\/\/www.kasinobonus.ai\/se\/#website\"},\"primaryImageOfPage\":{\"@id\":\"https:\/\/www.kasinobonus.ai\/se\/200-gratis-snurr-utan-insattning\/#primaryimage\"},\"image\":{\"@id\":\"https:\/\/www.kasinobonus.ai\/se\/200-gratis-snurr-utan-insattning\/#primaryimage\"},\"thumbnailUrl\":\"https:\/\/www.kasinobonus.ai\/wp-content\/uploads\/2023\/12\/200-gratis-spinn-se.jpg\",\"datePublished\":\"2023-08-29T14:01:09+00:00\",\"dateModified\":\"2025-07-13T21:20:38+00:00\",\"description\":\"F\u00e5 200 gratis snurr utan ins\u00e4ttning f\u00f6r 2025! Upplev slots riskfritt och vinn n\u00e5got enormt stort.\",\"breadcrumb\":{\"@id\":\"https:\/\/www.kasinobonus.ai\/se\/200-gratis-snurr-utan-insattning\/#breadcrumb\"},\"inLanguage\":\"sv-SE\",\"potentialAction\":[{\"@type\":\"ReadAction\",\"target\":[\"https:\/\/www.kasinobonus.ai\/se\/200-gratis-snurr-utan-insattning\/\"]}]},{\"@type\":\"ImageObject\",\"inLanguage\":\"sv-SE\",\"@id\":\"https:\/\/www.kasinobonus.ai\/se\/200-gratis-snurr-utan-insattning\/#primaryimage\",\"url\":\"https:\/\/www.kasinobonus.ai\/wp-content\/uploads\/2023\/12\/200-gratis-spinn-se.jpg\",\"contentUrl\":\"https:\/\/www.kasinobonus.ai\/wp-content\/uploads\/2023\/12\/200-gratis-spinn-se.jpg\",\"width\":1200,\"height\":628,\"caption\":\"200 gratis spinn se\"},{\"@type\":\"BreadcrumbList\",\"@id\":\"https:\/\/www.kasinobonus.ai\/se\/200-gratis-snurr-utan-insattning\/#breadcrumb\",\"itemListElement\":[{\"@type\":\"ListItem\",\"position\":1,\"name\":\"Home\",\"item\":\"https:\/\/www.kasinobonus.ai\/se\/\"},{\"@type\":\"ListItem\",\"position\":2,\"name\":\"200 Gratis Snurr Utan Ins\u00e4ttning\"}]},{\"@type\":\"WebSite\",\"@id\":\"https:\/\/www.kasinobonus.ai\/se\/#website\",\"url\":\"https:\/\/www.kasinobonus.ai\/se\/\",\"name\":\"www.kasinobonus.ai\",\"description\":\"\",\"publisher\":{\"@id\":\"https:\/\/www.kasinobonus.ai\/se\/#organization\"},\"potentialAction\":[{\"@type\":\"SearchAction\",\"target\":{\"@type\":\"EntryPoint\",\"urlTemplate\":\"https:\/\/www.kasinobonus.ai\/se\/?s={search_term_string}\"},\"query-input\":{\"@type\":\"PropertyValueSpecification\",\"valueRequired\":true,\"valueName\":\"search_term_string\"}}],\"inLanguage\":\"sv-SE\"},{\"@type\":\"Organization\",\"@id\":\"https:\/\/www.kasinobonus.ai\/se\/#organization\",\"name\":\"KasinoBonus\",\"alternateName\":\"KasinoBonusAI\",\"url\":\"https:\/\/www.kasinobonus.ai\/se\/\",\"logo\":{\"@type\":\"ImageObject\",\"inLanguage\":\"sv-SE\",\"@id\":\"https:\/\/www.kasinobonus.ai\/se\/#\/schema\/logo\/image\/\",\"url\":\"https:\/\/www.kasinobonus.ai\/wp-content\/uploads\/2023\/09\/kasinobonus-logo-light.png\",\"contentUrl\":\"https:\/\/www.kasinobonus.ai\/wp-content\/uploads\/2023\/09\/kasinobonus-logo-light.png\",\"width\":3200,\"height\":596,\"caption\":\"KasinoBonus\"},\"image\":{\"@id\":\"https:\/\/www.kasinobonus.ai\/se\/#\/schema\/logo\/image\/\"},\"sameAs\":[\"https:\/\/www.facebook.com\/kasinobonusio\/\",\"https:\/\/x.com\/Kasinobonus_io\",\"https:\/\/www.linkedin.com\/in\/matti-slotte-26612033b\",\"http:\/\/kasinobonus.wikidot.com\/system:welcome\",\"https:\/\/www.trustpilot.com\/review\/www.kasinobonus.ai\",\"https:\/\/orcid.org\/0009-0007-2889-1713\",\"https:\/\/en.everybodywiki.com\/Matti_Slotte\",\"https:\/\/www.immuniweb.com\/ssl\/kasinobonus.ai\/M4lqCqYY\/\"]}]}<\/script>\n<!-- \/ Yoast SEO plugin. -->","yoast_head_json":{"title":"200 Gratis Snurr Utan Ins\u00e4ttning (2025) - www.kasinobonus.ai","description":"F\u00e5 200 gratis snurr utan ins\u00e4ttning f\u00f6r 2025! Upplev slots riskfritt och vinn n\u00e5got enormt stort.","robots":{"index":"index","follow":"follow","max-snippet":"max-snippet:-1","max-image-preview":"max-image-preview:large","max-video-preview":"max-video-preview:-1"},"canonical":"https:\/\/www.kasinobonus.ai\/se\/200-gratis-snurr-utan-insattning\/","schema":{"@context":"https:\/\/schema.org","@graph":[{"@type":"WebPage","@id":"https:\/\/www.kasinobonus.ai\/se\/200-gratis-snurr-utan-insattning\/","url":"https:\/\/www.kasinobonus.ai\/se\/200-gratis-snurr-utan-insattning\/","name":"200 Gratis Snurr Utan Ins\u00e4ttning (2025) - www.kasinobonus.ai","isPartOf":{"@id":"https:\/\/www.kasinobonus.ai\/se\/#website"},"primaryImageOfPage":{"@id":"https:\/\/www.kasinobonus.ai\/se\/200-gratis-snurr-utan-insattning\/#primaryimage"},"image":{"@id":"https:\/\/www.kasinobonus.ai\/se\/200-gratis-snurr-utan-insattning\/#primaryimage"},"thumbnailUrl":"https:\/\/www.kasinobonus.ai\/wp-content\/uploads\/2023\/12\/200-gratis-spinn-se.jpg","datePublished":"2023-08-29T14:01:09+00:00","dateModified":"2025-07-13T21:20:38+00:00","description":"F\u00e5 200 gratis snurr utan ins\u00e4ttning f\u00f6r 2025! Upplev slots riskfritt och vinn n\u00e5got enormt stort.","breadcrumb":{"@id":"https:\/\/www.kasinobonus.ai\/se\/200-gratis-snurr-utan-insattning\/#breadcrumb"},"inLanguage":"sv-SE","potentialAction":[{"@type":"ReadAction","target":["https:\/\/www.kasinobonus.ai\/se\/200-gratis-snurr-utan-insattning\/"]}]},{"@type":"ImageObject","inLanguage":"sv-SE","@id":"https:\/\/www.kasinobonus.ai\/se\/200-gratis-snurr-utan-insattning\/#primaryimage","url":"https:\/\/www.kasinobonus.ai\/wp-content\/uploads\/2023\/12\/200-gratis-spinn-se.jpg","contentUrl":"https:\/\/www.kasinobonus.ai\/wp-content\/uploads\/2023\/12\/200-gratis-spinn-se.jpg","width":1200,"height":628,"caption":"200 gratis spinn se"},{"@type":"BreadcrumbList","@id":"https:\/\/www.kasinobonus.ai\/se\/200-gratis-snurr-utan-insattning\/#breadcrumb","itemListElement":[{"@type":"ListItem","position":1,"name":"Home","item":"https:\/\/www.kasinobonus.ai\/se\/"},{"@type":"ListItem","position":2,"name":"200 Gratis Snurr Utan Ins\u00e4ttning"}]},{"@type":"WebSite","@id":"https:\/\/www.kasinobonus.ai\/se\/#website","url":"https:\/\/www.kasinobonus.ai\/se\/","name":"www.kasinobonus.ai","description":"","publisher":{"@id":"https:\/\/www.kasinobonus.ai\/se\/#organization"},"potentialAction":[{"@type":"SearchAction","target":{"@type":"EntryPoint","urlTemplate":"https:\/\/www.kasinobonus.ai\/se\/?s={search_term_string}"},"query-input":{"@type":"PropertyValueSpecification","valueRequired":true,"valueName":"search_term_string"}}],"inLanguage":"sv-SE"},{"@type":"Organization","@id":"https:\/\/www.kasinobonus.ai\/se\/#organization","name":"KasinoBonus","alternateName":"KasinoBonusAI","url":"https:\/\/www.kasinobonus.ai\/se\/","logo":{"@type":"ImageObject","inLanguage":"sv-SE","@id":"https:\/\/www.kasinobonus.ai\/se\/#\/schema\/logo\/image\/","url":"https:\/\/www.kasinobonus.ai\/wp-content\/uploads\/2023\/09\/kasinobonus-logo-light.png","contentUrl":"https:\/\/www.kasinobonus.ai\/wp-content\/uploads\/2023\/09\/kasinobonus-logo-light.png","width":3200,"height":596,"caption":"KasinoBonus"},"image":{"@id":"https:\/\/www.kasinobonus.ai\/se\/#\/schema\/logo\/image\/"},"sameAs":["https:\/\/www.facebook.com\/kasinobonusio\/","https:\/\/x.com\/Kasinobonus_io","https:\/\/www.linkedin.com\/in\/matti-slotte-26612033b","http:\/\/kasinobonus.wikidot.com\/system:welcome","https:\/\/www.trustpilot.com\/review\/www.kasinobonus.ai","https:\/\/orcid.org\/0009-0007-2889-1713","https:\/\/en.everybodywiki.com\/Matti_Slotte","https:\/\/www.immuniweb.com\/ssl\/kasinobonus.ai\/M4lqCqYY\/"]}]}},"_links":{"self":[{"href":"https:\/\/www.kasinobonus.ai\/se\/wp-json\/wp\/v2\/pages\/9011","targetHints":{"allow":["GET"]}}],"collection":[{"href":"https:\/\/www.kasinobonus.ai\/se\/wp-json\/wp\/v2\/pages"}],"about":[{"href":"https:\/\/www.kasinobonus.ai\/se\/wp-json\/wp\/v2\/types\/page"}],"author":[{"embeddable":true,"href":"https:\/\/www.kasinobonus.ai\/se\/wp-json\/wp\/v2\/users\/1"}],"replies":[{"embeddable":true,"href":"https:\/\/www.kasinobonus.ai\/se\/wp-json\/wp\/v2\/comments?post=9011"}],"version-history":[{"count":5,"href":"https:\/\/www.kasinobonus.ai\/se\/wp-json\/wp\/v2\/pages\/9011\/revisions"}],"predecessor-version":[{"id":33849,"href":"https:\/\/www.kasinobonus.ai\/se\/wp-json\/wp\/v2\/pages\/9011\/revisions\/33849"}],"wp:featuredmedia":[{"embeddable":true,"href":"https:\/\/www.kasinobonus.ai\/se\/wp-json\/wp\/v2\/media\/9556"}],"wp:attachment":[{"href":"https:\/\/www.kasinobonus.ai\/se\/wp-json\/wp\/v2\/media?parent=9011"}],"curies":[{"name":"wp","href":"https:\/\/api.w.org\/{rel}","templated":true}]}}