{"id":8997,"date":"2023-08-29T14:01:47","date_gmt":"2023-08-29T14:01:47","guid":{"rendered":"http:\/\/kasinobonus.ai.dedivirt842.your-server.de\/ilmaista-pelirahaa-ilman-talletusta\/"},"modified":"2025-07-13T21:21:23","modified_gmt":"2025-07-13T21:21:23","slug":"gratis-spelpengar-utan-insattning","status":"publish","type":"page","link":"https:\/\/www.kasinobonus.ai\/se\/gratis-spelpengar-utan-insattning\/","title":{"rendered":"Gratis Spelpengar Utan Ins\u00e4ttning"},"content":{"rendered":"\n<h1 class=\"wp-block-heading\">Gratis Spelpengar Utan Ins\u00e4ttning 2025<\/h1>\n\n\n\n<p>En bonus utan ins\u00e4ttning \u00e4r f\u00f6rmodligen den mest popul\u00e4ra kampanjen du kan hitta p\u00e5 n\u00e4tcasinon, eftersom den l\u00e5ter dig h\u00e4mta bonuspengar eller free spins utan att beh\u00f6va s\u00e4tta in n\u00e5gra egna pengar. Bonusar som inte kr\u00e4ver ins\u00e4ttning \u00e4r perfekta f\u00f6r i princip alla spelare \u2013 men s\u00e4rskilt anv\u00e4ndbara f\u00f6r nya kunder som vill testa ett casino, prova spel och till och med vinna riktiga pengar utan att riskera en enda krona av sin egen ins\u00e4ttning!<\/p>\n\n\n\n<p>Idag visar jag dig var du hittar de b\u00e4sta <a class=\"\" href=\"https:\/\/www.kasinobonus.ai\/se\/gratis-spelpengar\/\">bonusarna utan ins\u00e4ttning<\/a>, hur du g\u00f6r anspr\u00e5k p\u00e5 dem och hur du f\u00e5r ut s\u00e5 mycket som m\u00f6jligt av dem!<\/p>\n\n\n\n<h2 class=\"wp-block-heading\">B\u00e4sta casinon med bonus utan ins\u00e4ttning 2025<\/h2>\n\n\n\n<p>Att hitta ett p\u00e5litligt casino som erbjuder en bonus utan ins\u00e4ttning kan vara en utmaning. M\u00e5nga kampanjer kommer med dolda villkor eller h\u00f6ga oms\u00e4ttningskrav. De b\u00e4sta bonusarna utan ins\u00e4ttning ger dig en r\u00e4ttvis chans att vinna \u2013 och l\u00e5ter dig ta ut det du faktiskt lyckas vinna.<\/p>\n\n\n\n<p>Kolla in de b\u00e4sta n\u00e4tcasinona som just nu erbjuder bonusar utan ins\u00e4ttning nedan:<\/p>\n\n\n<p>[brand_table template=&#8221;table_style_1.php&#8221; country=&#8221;SE&#8221; bonus_type=&#8221;no_deposit&#8221;]<\/p>\n\n\n\n<p>N\u00e4r du har hittat ett casino som verkar intressant \u00e4r det bara att registrera dig, h\u00e4mta din bonus utan ins\u00e4ttning \u2013 och b\u00f6rja spela direkt \u2013 utan att beh\u00f6va s\u00e4tta in n\u00e5got!<\/p>\n\n\n\n<figure class=\"wp-block-image size-full\"><img decoding=\"async\" width=\"1000\" height=\"666\" src=\"https:\/\/www.kasinobonus.ai\/wp-content\/uploads\/2025\/07\/Gratis-Spelpengar-Utan-Insattning.jpg\" alt=\"Gratis Spelpengar Utan Ins\u00e4ttning\" class=\"wp-image-33668\" srcset=\"https:\/\/www.kasinobonus.ai\/wp-content\/uploads\/2025\/07\/Gratis-Spelpengar-Utan-Insattning.jpg 1000w, https:\/\/www.kasinobonus.ai\/wp-content\/uploads\/2025\/07\/Gratis-Spelpengar-Utan-Insattning-300x200.jpg 300w, https:\/\/www.kasinobonus.ai\/wp-content\/uploads\/2025\/07\/Gratis-Spelpengar-Utan-Insattning-768x511.jpg 768w, https:\/\/www.kasinobonus.ai\/wp-content\/uploads\/2025\/07\/Gratis-Spelpengar-Utan-Insattning-110x73.jpg 110w, https:\/\/www.kasinobonus.ai\/wp-content\/uploads\/2025\/07\/Gratis-Spelpengar-Utan-Insattning-575x383.jpg 575w\" sizes=\"(max-width: 1000px) 100vw, 1000px\" \/><\/figure>\n\n\n\n<h2 class=\"wp-block-heading\">S\u00e5 betygs\u00e4tter och recenserar vi n\u00e4tcasinon<\/h2>\n\n\n\n<p>H\u00e4r p\u00e5 KasinoBonus har vi recenserat hundratals n\u00e4tcasinon \u2013 och varje sajt vi granskar genomg\u00e5r samma noggranna process. Vi tittar p\u00e5 alla delar av spelplattformen, fr\u00e5n licens och rykte till spelutbud, variationen av mjukvaruleverant\u00f6rer, tillg\u00e4ngliga betalmetoder och uttagshastighet.<\/p>\n\n\n\n<p>Vi registrerar oss ocks\u00e5 och testar alla casinon vi rekommenderar. Det g\u00f6r att vi kan ge dig \u00e4rliga f\u00f6rstahandsupplevelser \u2013 s\u00e5 att du kan fatta ett v\u00e4lgrundat beslut om huruvida en viss sajt \u00e4r v\u00e4rd att g\u00e5 med i eller inte.<\/p>\n\n\n\n<h2 class=\"wp-block-heading\">F\u00f6rdelar och Nackdelar<\/h2>\n\n\n\n<figure class=\"wp-block-image size-full\"><img decoding=\"async\" width=\"1000\" height=\"666\" src=\"https:\/\/www.kasinobonus.ai\/wp-content\/uploads\/2025\/06\/KB-Gratis-Spelpengar.jpg\" alt=\"Gratis Spelpengar\" class=\"wp-image-30113\" srcset=\"https:\/\/www.kasinobonus.ai\/wp-content\/uploads\/2025\/06\/KB-Gratis-Spelpengar.jpg 1000w, https:\/\/www.kasinobonus.ai\/wp-content\/uploads\/2025\/06\/KB-Gratis-Spelpengar-300x200.jpg 300w, https:\/\/www.kasinobonus.ai\/wp-content\/uploads\/2025\/06\/KB-Gratis-Spelpengar-768x511.jpg 768w, https:\/\/www.kasinobonus.ai\/wp-content\/uploads\/2025\/06\/KB-Gratis-Spelpengar-110x73.jpg 110w, https:\/\/www.kasinobonus.ai\/wp-content\/uploads\/2025\/06\/KB-Gratis-Spelpengar-575x383.jpg 575w\" sizes=\"(max-width: 1000px) 100vw, 1000px\" \/><\/figure>\n\n\n\n<div class=\"wp-block-columns is-layout-flex wp-container-core-columns-is-layout-28f84493 wp-block-columns-is-layout-flex\">\n<div class=\"wp-block-column is-layout-flow wp-block-column-is-layout-flow\">\n<h3 class=\"wp-block-heading\">\u2705 F\u00f6rdelar<\/h3>\n\n\n\n<ul class=\"wp-block-list\">\n<li>\u2705 Perfekt f\u00f6r att testa ett casino utan att spendera egna pengar<\/li>\n\n\n\n<li>\u2705 Verklig chans att vinna \u2014 helt utan ekonomisk risk<\/li>\n\n\n\n<li>\u2705 Direkt tillg\u00e5ng till slots eller spel efter registrering<\/li>\n\n\n\n<li>\u2705 Ingen bindning: bara registrera dig och spela<\/li>\n\n\n\n<li>\u2705 Utm\u00e4rkt s\u00e4tt att utforska olika plattformar och gr\u00e4nssnitt<\/li>\n<\/ul>\n<\/div>\n\n\n\n<div class=\"wp-block-column is-layout-flow wp-block-column-is-layout-flow\">\n<h3 class=\"wp-block-heading\">\u274c Nackdelar<\/h3>\n\n\n\n<ul class=\"wp-block-list\">\n<li>\u274c Strikta oms\u00e4ttningskrav till\u00e4mpas oftast<\/li>\n\n\n\n<li>\u274c Maxvinst och uttagsgr\u00e4nser \u00e4r ofta l\u00e5ga<\/li>\n\n\n\n<li>\u274c Bonusen kan vara begr\u00e4nsad till vissa spel<\/li>\n\n\n\n<li>\u274c Ibland kr\u00e4vs ins\u00e4ttning f\u00f6r att ta ut vinster<\/li>\n\n\n\n<li>\u274c Alla bonusar utan ins\u00e4ttning \u00e4r inte helt \u201cgratis\u201d \u2013 l\u00e4s alltid det finstilta<\/li>\n<\/ul>\n<\/div>\n<\/div>\n\n\n\n<h2 class=\"wp-block-heading\">B\u00e4sta gratis slots med riktiga pengar<\/h2>\n\n\n\n<figure class=\"wp-block-table\"><table class=\"has-fixed-layout\"><thead><tr><th>Spelautomat<\/th><th>Spelutvecklare<\/th><th>Gratis spins<\/th><th>V\u00e4rde per snurr (\u20ac)<\/th><th>Totalt v\u00e4rde (\u20ac)<\/th><th>Villkor<\/th><th>Casino<\/th><\/tr><\/thead><tbody><tr><td>Alien Fruits<\/td><td>BGaming<\/td><td>50<\/td><td>0,10\u202f\u20ac<\/td><td>5,00\u202f\u20ac<\/td><td>Inga oms\u00e4ttningskrav<\/td><td>Drip Casino<\/td><\/tr><tr><td>Gates of Olympus<\/td><td>Pragmatic Play<\/td><td>50<\/td><td>0,10\u202f\u20ac<\/td><td>5,00\u202f\u20ac<\/td><td>Inga oms\u00e4ttningskrav<\/td><td>Campeonbet<\/td><\/tr><tr><td>Sweet Bonanza<\/td><td>Pragmatic Play<\/td><td>40<\/td><td>0,10\u202f\u20ac<\/td><td>4,00\u202f\u20ac<\/td><td>Bonuskod: 40ZENBONUS<\/td><td>Campeonbet<\/td><\/tr><tr><td>Big Bass Bonanza<\/td><td>Pragmatic Play<\/td><td>30<\/td><td>0,10\u202f\u20ac<\/td><td>3,00\u202f\u20ac<\/td><td>Ingen ins\u00e4ttning kr\u00e4vs, bara registrering<\/td><td>Campeonbet<\/td><\/tr><tr><td>Elvis Frog in Vegas<\/td><td>BGaming<\/td><td>25<\/td><td>0,10\u202f\u20ac<\/td><td>2,50\u202f\u20ac<\/td><td>Endast f\u00f6r nya spelare<\/td><td>Drip Casino<\/td><\/tr><tr><td>Book of Dead<\/td><td>Play\u2019n GO<\/td><td>20<\/td><td>0,10\u202f\u20ac<\/td><td>2,00\u202f\u20ac<\/td><td>Ingen ins\u00e4ttning kr\u00e4vs, begr\u00e4nsat tillg\u00e4nglig<\/td><td>Campeonbet<\/td><\/tr><\/tbody><\/table><\/figure>\n","protected":false},"excerpt":{"rendered":"<p>Gratis Spelpengar Utan Ins\u00e4ttning 2025 En bonus utan ins\u00e4ttning \u00e4r f\u00f6rmodligen den mest popul\u00e4ra kampanjen du kan hitta p\u00e5 n\u00e4tcasinon, eftersom den l\u00e5ter dig h\u00e4mta bonuspengar eller free spins utan att beh\u00f6va s\u00e4tta in n\u00e5gra egna pengar. Bonusar som inte kr\u00e4ver ins\u00e4ttning \u00e4r perfekta f\u00f6r i princip alla spelare \u2013 men s\u00e4rskilt anv\u00e4ndbara f\u00f6r nya [&hellip;]<\/p>\n","protected":false},"author":1,"featured_media":9610,"parent":0,"menu_order":0,"comment_status":"open","ping_status":"closed","template":"","meta":{"inline_featured_image":false,"footnotes":""},"class_list":["post-8997","page","type-page","status-publish","has-post-thumbnail","hentry"],"yoast_head":"<!-- This site is optimized with the Yoast SEO plugin v24.5 - https:\/\/yoast.com\/wordpress\/plugins\/seo\/ -->\n<title>Gratis Spelpengar Utan Ins\u00e4ttning (2025) - www.kasinobonus.ai<\/title>\n<meta name=\"description\" content=\"Uttnyttja de b\u00e4sta erbjudandena f\u00f6r 2025: Gratis spelpengar utan ins\u00e4ttning! Uppt\u00e4ck de mest p\u00e5litliga casinon och f\u00e5nga din bonus!\" \/>\n<meta name=\"robots\" content=\"index, follow, max-snippet:-1, max-image-preview:large, max-video-preview:-1\" \/>\n<link rel=\"canonical\" href=\"https:\/\/www.kasinobonus.ai\/se\/gratis-spelpengar-utan-insattning\/\" \/>\n<script type=\"application\/ld+json\" class=\"yoast-schema-graph\">{\"@context\":\"https:\/\/schema.org\",\"@graph\":[{\"@type\":\"WebPage\",\"@id\":\"https:\/\/www.kasinobonus.ai\/se\/gratis-spelpengar-utan-insattning\/\",\"url\":\"https:\/\/www.kasinobonus.ai\/se\/gratis-spelpengar-utan-insattning\/\",\"name\":\"Gratis Spelpengar Utan Ins\u00e4ttning (2025) - www.kasinobonus.ai\",\"isPartOf\":{\"@id\":\"https:\/\/www.kasinobonus.ai\/se\/#website\"},\"primaryImageOfPage\":{\"@id\":\"https:\/\/www.kasinobonus.ai\/se\/gratis-spelpengar-utan-insattning\/#primaryimage\"},\"image\":{\"@id\":\"https:\/\/www.kasinobonus.ai\/se\/gratis-spelpengar-utan-insattning\/#primaryimage\"},\"thumbnailUrl\":\"https:\/\/www.kasinobonus.ai\/wp-content\/uploads\/2023\/12\/gratis-pengar-utan-insattning.jpg\",\"datePublished\":\"2023-08-29T14:01:47+00:00\",\"dateModified\":\"2025-07-13T21:21:23+00:00\",\"description\":\"Uttnyttja de b\u00e4sta erbjudandena f\u00f6r 2025: Gratis spelpengar utan ins\u00e4ttning! Uppt\u00e4ck de mest p\u00e5litliga casinon och f\u00e5nga din bonus!\",\"breadcrumb\":{\"@id\":\"https:\/\/www.kasinobonus.ai\/se\/gratis-spelpengar-utan-insattning\/#breadcrumb\"},\"inLanguage\":\"sv-SE\",\"potentialAction\":[{\"@type\":\"ReadAction\",\"target\":[\"https:\/\/www.kasinobonus.ai\/se\/gratis-spelpengar-utan-insattning\/\"]}]},{\"@type\":\"ImageObject\",\"inLanguage\":\"sv-SE\",\"@id\":\"https:\/\/www.kasinobonus.ai\/se\/gratis-spelpengar-utan-insattning\/#primaryimage\",\"url\":\"https:\/\/www.kasinobonus.ai\/wp-content\/uploads\/2023\/12\/gratis-pengar-utan-insattning.jpg\",\"contentUrl\":\"https:\/\/www.kasinobonus.ai\/wp-content\/uploads\/2023\/12\/gratis-pengar-utan-insattning.jpg\",\"width\":1200,\"height\":628,\"caption\":\"gratis pengar utan insattning\"},{\"@type\":\"BreadcrumbList\",\"@id\":\"https:\/\/www.kasinobonus.ai\/se\/gratis-spelpengar-utan-insattning\/#breadcrumb\",\"itemListElement\":[{\"@type\":\"ListItem\",\"position\":1,\"name\":\"Home\",\"item\":\"https:\/\/www.kasinobonus.ai\/se\/\"},{\"@type\":\"ListItem\",\"position\":2,\"name\":\"Gratis Spelpengar Utan Ins\u00e4ttning\"}]},{\"@type\":\"WebSite\",\"@id\":\"https:\/\/www.kasinobonus.ai\/se\/#website\",\"url\":\"https:\/\/www.kasinobonus.ai\/se\/\",\"name\":\"www.kasinobonus.ai\",\"description\":\"\",\"publisher\":{\"@id\":\"https:\/\/www.kasinobonus.ai\/se\/#organization\"},\"potentialAction\":[{\"@type\":\"SearchAction\",\"target\":{\"@type\":\"EntryPoint\",\"urlTemplate\":\"https:\/\/www.kasinobonus.ai\/se\/?s={search_term_string}\"},\"query-input\":{\"@type\":\"PropertyValueSpecification\",\"valueRequired\":true,\"valueName\":\"search_term_string\"}}],\"inLanguage\":\"sv-SE\"},{\"@type\":\"Organization\",\"@id\":\"https:\/\/www.kasinobonus.ai\/se\/#organization\",\"name\":\"KasinoBonus\",\"alternateName\":\"KasinoBonusAI\",\"url\":\"https:\/\/www.kasinobonus.ai\/se\/\",\"logo\":{\"@type\":\"ImageObject\",\"inLanguage\":\"sv-SE\",\"@id\":\"https:\/\/www.kasinobonus.ai\/se\/#\/schema\/logo\/image\/\",\"url\":\"https:\/\/www.kasinobonus.ai\/wp-content\/uploads\/2023\/09\/kasinobonus-logo-light.png\",\"contentUrl\":\"https:\/\/www.kasinobonus.ai\/wp-content\/uploads\/2023\/09\/kasinobonus-logo-light.png\",\"width\":3200,\"height\":596,\"caption\":\"KasinoBonus\"},\"image\":{\"@id\":\"https:\/\/www.kasinobonus.ai\/se\/#\/schema\/logo\/image\/\"},\"sameAs\":[\"https:\/\/www.facebook.com\/kasinobonusio\/\",\"https:\/\/x.com\/Kasinobonus_io\",\"https:\/\/www.linkedin.com\/in\/matti-slotte-26612033b\",\"http:\/\/kasinobonus.wikidot.com\/system:welcome\",\"https:\/\/www.trustpilot.com\/review\/www.kasinobonus.ai\",\"https:\/\/orcid.org\/0009-0007-2889-1713\",\"https:\/\/en.everybodywiki.com\/Matti_Slotte\",\"https:\/\/www.immuniweb.com\/ssl\/kasinobonus.ai\/M4lqCqYY\/\"]}]}<\/script>\n<!-- \/ Yoast SEO plugin. -->","yoast_head_json":{"title":"Gratis Spelpengar Utan Ins\u00e4ttning (2025) - www.kasinobonus.ai","description":"Uttnyttja de b\u00e4sta erbjudandena f\u00f6r 2025: Gratis spelpengar utan ins\u00e4ttning! Uppt\u00e4ck de mest p\u00e5litliga casinon och f\u00e5nga din bonus!","robots":{"index":"index","follow":"follow","max-snippet":"max-snippet:-1","max-image-preview":"max-image-preview:large","max-video-preview":"max-video-preview:-1"},"canonical":"https:\/\/www.kasinobonus.ai\/se\/gratis-spelpengar-utan-insattning\/","schema":{"@context":"https:\/\/schema.org","@graph":[{"@type":"WebPage","@id":"https:\/\/www.kasinobonus.ai\/se\/gratis-spelpengar-utan-insattning\/","url":"https:\/\/www.kasinobonus.ai\/se\/gratis-spelpengar-utan-insattning\/","name":"Gratis Spelpengar Utan Ins\u00e4ttning (2025) - www.kasinobonus.ai","isPartOf":{"@id":"https:\/\/www.kasinobonus.ai\/se\/#website"},"primaryImageOfPage":{"@id":"https:\/\/www.kasinobonus.ai\/se\/gratis-spelpengar-utan-insattning\/#primaryimage"},"image":{"@id":"https:\/\/www.kasinobonus.ai\/se\/gratis-spelpengar-utan-insattning\/#primaryimage"},"thumbnailUrl":"https:\/\/www.kasinobonus.ai\/wp-content\/uploads\/2023\/12\/gratis-pengar-utan-insattning.jpg","datePublished":"2023-08-29T14:01:47+00:00","dateModified":"2025-07-13T21:21:23+00:00","description":"Uttnyttja de b\u00e4sta erbjudandena f\u00f6r 2025: Gratis spelpengar utan ins\u00e4ttning! Uppt\u00e4ck de mest p\u00e5litliga casinon och f\u00e5nga din bonus!","breadcrumb":{"@id":"https:\/\/www.kasinobonus.ai\/se\/gratis-spelpengar-utan-insattning\/#breadcrumb"},"inLanguage":"sv-SE","potentialAction":[{"@type":"ReadAction","target":["https:\/\/www.kasinobonus.ai\/se\/gratis-spelpengar-utan-insattning\/"]}]},{"@type":"ImageObject","inLanguage":"sv-SE","@id":"https:\/\/www.kasinobonus.ai\/se\/gratis-spelpengar-utan-insattning\/#primaryimage","url":"https:\/\/www.kasinobonus.ai\/wp-content\/uploads\/2023\/12\/gratis-pengar-utan-insattning.jpg","contentUrl":"https:\/\/www.kasinobonus.ai\/wp-content\/uploads\/2023\/12\/gratis-pengar-utan-insattning.jpg","width":1200,"height":628,"caption":"gratis pengar utan insattning"},{"@type":"BreadcrumbList","@id":"https:\/\/www.kasinobonus.ai\/se\/gratis-spelpengar-utan-insattning\/#breadcrumb","itemListElement":[{"@type":"ListItem","position":1,"name":"Home","item":"https:\/\/www.kasinobonus.ai\/se\/"},{"@type":"ListItem","position":2,"name":"Gratis Spelpengar Utan Ins\u00e4ttning"}]},{"@type":"WebSite","@id":"https:\/\/www.kasinobonus.ai\/se\/#website","url":"https:\/\/www.kasinobonus.ai\/se\/","name":"www.kasinobonus.ai","description":"","publisher":{"@id":"https:\/\/www.kasinobonus.ai\/se\/#organization"},"potentialAction":[{"@type":"SearchAction","target":{"@type":"EntryPoint","urlTemplate":"https:\/\/www.kasinobonus.ai\/se\/?s={search_term_string}"},"query-input":{"@type":"PropertyValueSpecification","valueRequired":true,"valueName":"search_term_string"}}],"inLanguage":"sv-SE"},{"@type":"Organization","@id":"https:\/\/www.kasinobonus.ai\/se\/#organization","name":"KasinoBonus","alternateName":"KasinoBonusAI","url":"https:\/\/www.kasinobonus.ai\/se\/","logo":{"@type":"ImageObject","inLanguage":"sv-SE","@id":"https:\/\/www.kasinobonus.ai\/se\/#\/schema\/logo\/image\/","url":"https:\/\/www.kasinobonus.ai\/wp-content\/uploads\/2023\/09\/kasinobonus-logo-light.png","contentUrl":"https:\/\/www.kasinobonus.ai\/wp-content\/uploads\/2023\/09\/kasinobonus-logo-light.png","width":3200,"height":596,"caption":"KasinoBonus"},"image":{"@id":"https:\/\/www.kasinobonus.ai\/se\/#\/schema\/logo\/image\/"},"sameAs":["https:\/\/www.facebook.com\/kasinobonusio\/","https:\/\/x.com\/Kasinobonus_io","https:\/\/www.linkedin.com\/in\/matti-slotte-26612033b","http:\/\/kasinobonus.wikidot.com\/system:welcome","https:\/\/www.trustpilot.com\/review\/www.kasinobonus.ai","https:\/\/orcid.org\/0009-0007-2889-1713","https:\/\/en.everybodywiki.com\/Matti_Slotte","https:\/\/www.immuniweb.com\/ssl\/kasinobonus.ai\/M4lqCqYY\/"]}]}},"_links":{"self":[{"href":"https:\/\/www.kasinobonus.ai\/se\/wp-json\/wp\/v2\/pages\/8997","targetHints":{"allow":["GET"]}}],"collection":[{"href":"https:\/\/www.kasinobonus.ai\/se\/wp-json\/wp\/v2\/pages"}],"about":[{"href":"https:\/\/www.kasinobonus.ai\/se\/wp-json\/wp\/v2\/types\/page"}],"author":[{"embeddable":true,"href":"https:\/\/www.kasinobonus.ai\/se\/wp-json\/wp\/v2\/users\/1"}],"replies":[{"embeddable":true,"href":"https:\/\/www.kasinobonus.ai\/se\/wp-json\/wp\/v2\/comments?post=8997"}],"version-history":[{"count":5,"href":"https:\/\/www.kasinobonus.ai\/se\/wp-json\/wp\/v2\/pages\/8997\/revisions"}],"predecessor-version":[{"id":33852,"href":"https:\/\/www.kasinobonus.ai\/se\/wp-json\/wp\/v2\/pages\/8997\/revisions\/33852"}],"wp:featuredmedia":[{"embeddable":true,"href":"https:\/\/www.kasinobonus.ai\/se\/wp-json\/wp\/v2\/media\/9610"}],"wp:attachment":[{"href":"https:\/\/www.kasinobonus.ai\/se\/wp-json\/wp\/v2\/media?parent=8997"}],"curies":[{"name":"wp","href":"https:\/\/api.w.org\/{rel}","templated":true}]}}