{"id":8877,"date":"2023-08-29T14:02:34","date_gmt":"2023-08-29T14:02:34","guid":{"rendered":"http:\/\/kasinobonus.ai.dedivirt842.your-server.de\/20e-ilmaista-pelirahaa-ilman-talletusta\/"},"modified":"2025-07-13T21:23:16","modified_gmt":"2025-07-13T21:23:16","slug":"200-kr-gratis-spelpengar-utan-insattning","status":"publish","type":"page","link":"https:\/\/www.kasinobonus.ai\/se\/200-kr-gratis-spelpengar-utan-insattning\/","title":{"rendered":"200 kr Gratis Spelpengar Utan Ins\u00e4ttning"},"content":{"rendered":"\n<h1 class=\"wp-block-heading\">200 kr Gratis Spelpengar Utan Ins\u00e4ttning 2025<\/h1>\n\n\n\n<p>N\u00e4r du kliver in i n\u00e4tkasinonas f\u00e4rgsprakande v\u00e4rld m\u00f6ts du ofta av olika sorters bonusar och f\u00f6rm\u00e5ner. En av de mest lockande \u00e4r <strong>200 kr gratis spelpengar utan ins\u00e4ttning<\/strong>. I den h\u00e4r artikeln avsl\u00f6jar v\u00e5rt team varf\u00f6r denna bonus \u00e4r s\u00e5 popul\u00e4r och hur du kan utnyttja den p\u00e5 b\u00e4sta s\u00e4tt.<\/p>\n\n\n\n<h2 class=\"wp-block-heading\">H\u00e4r \u00e4r Kasinon Som Ger Dig 200 kr Gratis Spelpengar Utan Ins\u00e4ttning<\/h2>\n\n\n<p>[brand_table template=&#8221;table_style_1.php&#8221; country=&#8221;SE&#8221; bonus_type=&#8221;no_deposit&#8221;]<\/p>\n\n\n\n<figure class=\"wp-block-image size-full\"><img decoding=\"async\" width=\"1000\" height=\"666\" src=\"https:\/\/www.kasinobonus.ai\/wp-content\/uploads\/2025\/07\/200-kr-Gratis-Spelpengar-Utan-Insattning.jpg\" alt=\"kr Gratis Spelpengar Utan Ins\u00e4ttning\" class=\"wp-image-33624\" srcset=\"https:\/\/www.kasinobonus.ai\/wp-content\/uploads\/2025\/07\/200-kr-Gratis-Spelpengar-Utan-Insattning.jpg 1000w, https:\/\/www.kasinobonus.ai\/wp-content\/uploads\/2025\/07\/200-kr-Gratis-Spelpengar-Utan-Insattning-300x200.jpg 300w, https:\/\/www.kasinobonus.ai\/wp-content\/uploads\/2025\/07\/200-kr-Gratis-Spelpengar-Utan-Insattning-768x511.jpg 768w, https:\/\/www.kasinobonus.ai\/wp-content\/uploads\/2025\/07\/200-kr-Gratis-Spelpengar-Utan-Insattning-110x73.jpg 110w, https:\/\/www.kasinobonus.ai\/wp-content\/uploads\/2025\/07\/200-kr-Gratis-Spelpengar-Utan-Insattning-575x383.jpg 575w\" sizes=\"(max-width: 1000px) 100vw, 1000px\" \/><\/figure>\n\n\n\n<h2 class=\"wp-block-heading\">Varf\u00f6r Erbjuder Kasinon 200 kr Gratis Spelpengar?<\/h2>\n\n\n\n<p>Kasinov\u00e4rlden \u00e4r i dag mer blomstrande \u00e4n n\u00e5gonsin f\u00f6rut. Nya n\u00e4tkasinon dyker upp p\u00e5 marknaden i rask takt, och konkurrensen om spelarnas hj\u00e4rtan har blivit intensivare. Man kan undra varf\u00f6r kasinon \u00e4r villiga att erbjuda s\u00e5 gener\u00f6sa summor som 200 kr helt gratis? Svaret \u00e4r enkelt: kasinon vill sticka ut fr\u00e5n m\u00e4ngden.<\/p>\n\n\n\n<p>N\u00e4r en spelare st\u00f6ter p\u00e5 en <a href=\"https:\/\/www.kasinobonus.ai\/se\/\">kasinobonus<\/a>, s\u00e5som <a href=\"https:\/\/www.kasinobonus.ai\/se\/gratis-spelpengar-utan-insattning\/\">gratis spelpengar utan ins\u00e4ttning<\/a>, lockas de att prova p\u00e5 kasinot, vilket kan leda till att spelaren beslutar sig f\u00f6r att forts\u00e4tta spela och g\u00f6ra en ins\u00e4ttning senare. Det \u00e4r kasinonas s\u00e4tt att investera i framtiden och bygga f\u00f6rtroende hos spelare.<\/p>\n\n\n\n<blockquote class=\"wp-block-quote is-layout-flow wp-block-quote-is-layout-flow\">\n<p>200 kr \u00e4r nyckeln till nya m\u00f6jligheter \u2013 l\u00e5t turen leda dig mot vinster, utan egen insats!<\/p>\n<\/blockquote>\n\n\n\n<h2 class=\"wp-block-heading\">Hur Dra Nytta av Detta Erbjudande?<\/h2>\n\n\n\n<p>F\u00f6r att utnyttja erbjudandet b\u00f6rjar du med att v\u00e4lja ett kasino. Det \u00e4r viktigt att hitta ett p\u00e5litligt och respekterat kasino som erbjuder denna bonus. N\u00e4r du har valt ett l\u00e4mpligt kasino:<\/p>\n\n\n\n<ul class=\"wp-block-list\">\n<li>Registreringsprocessen \u00e4r vanligtvis snabb och enkel. Fyll i n\u00f6dv\u00e4ndig information och skapa ett konto.<\/li>\n\n\n\n<li>N\u00e4r kontot \u00e4r skapat, l\u00e4s igenom bonusvillkoren noggrant. Du kan st\u00f6ta p\u00e5 begr\u00e4nsningar g\u00e4llande vilka spel du kan anv\u00e4nda bonuspengarna p\u00e5, eller hur m\u00e5nga g\u00e5nger bonuspengarna m\u00e5ste oms\u00e4ttas innan du kan ta ut dina vinster.<\/li>\n\n\n\n<li>N\u00e4r du \u00e4r medveten om villkoren, \u00e4r det dags att dyka in i spelens v\u00e4rld!<\/li>\n<\/ul>\n\n\n\n<h2 class=\"wp-block-heading\">Potentiella F\u00e4llor och Varningar:<\/h2>\n\n\n\n<p>\u00c4ven om 200 kr <a href=\"https:\/\/www.kasinobonus.ai\/se\/gratis-spelpengar\/\">gratis spelpengar<\/a> utan ins\u00e4ttning \u00e4r ett frestande erbjudande finns det villkor som kan p\u00e5verka ditt spelande. Oms\u00e4ttningskraven kan vara h\u00f6ga, och ibland finns det tidsbegr\u00e4nsningar f\u00f6r n\u00e4r bonuspengarna m\u00e5ste anv\u00e4ndas. Dessutom kan vissa spel bidra till oms\u00e4ttningskraven p\u00e5 ett annorlunda s\u00e4tt \u00e4n andra. Det \u00e4r d\u00e4rf\u00f6r viktigt att l\u00e4sa det finstilta.<\/p>\n\n\n\n<h2 class=\"wp-block-heading\">Sammanfattning och Slutsatser:<\/h2>\n\n\n\n<p>200 kr gratis spelpengar utan ins\u00e4ttning ger spelare m\u00f6jligheten att uppleva n\u00e4tkasinots atmosf\u00e4r utan finansiellt engagemang. Det kan vara det f\u00f6rsta steget p\u00e5 en l\u00e5ng och sp\u00e4nnande kasino\u00e4ventyr. V\u00e5rt r\u00e5d \u00e4r att dra nytta av detta erbjudande, men kom ih\u00e5g att spela ansvarsfullt och ha roligt l\u00e4ngs v\u00e4gen!<\/p>\n\n\n\n<h2 class=\"wp-block-heading\">F\u00f6rdelar och Nackdelar<\/h2>\n\n\n\n<figure class=\"wp-block-image size-full\"><img decoding=\"async\" width=\"1000\" height=\"666\" src=\"https:\/\/www.kasinobonus.ai\/wp-content\/uploads\/2025\/06\/KB-Gratis-Spelpengar.jpg\" alt=\"Gratis Spelpengar\" class=\"wp-image-30113\" srcset=\"https:\/\/www.kasinobonus.ai\/wp-content\/uploads\/2025\/06\/KB-Gratis-Spelpengar.jpg 1000w, https:\/\/www.kasinobonus.ai\/wp-content\/uploads\/2025\/06\/KB-Gratis-Spelpengar-300x200.jpg 300w, https:\/\/www.kasinobonus.ai\/wp-content\/uploads\/2025\/06\/KB-Gratis-Spelpengar-768x511.jpg 768w, https:\/\/www.kasinobonus.ai\/wp-content\/uploads\/2025\/06\/KB-Gratis-Spelpengar-110x73.jpg 110w, https:\/\/www.kasinobonus.ai\/wp-content\/uploads\/2025\/06\/KB-Gratis-Spelpengar-575x383.jpg 575w\" sizes=\"(max-width: 1000px) 100vw, 1000px\" \/><\/figure>\n\n\n\n<div class=\"wp-block-columns is-layout-flex wp-container-core-columns-is-layout-28f84493 wp-block-columns-is-layout-flex\">\n<div class=\"wp-block-column is-layout-flow wp-block-column-is-layout-flow\">\n<h3 class=\"wp-block-heading\">\u2705 F\u00f6rdelar<\/h3>\n\n\n\n<ul class=\"wp-block-list\">\n<li>\u2705 Perfekt f\u00f6r att testa ett casino utan att spendera egna pengar<\/li>\n\n\n\n<li>\u2705 Verklig chans att vinna \u2014 helt utan ekonomisk risk<\/li>\n\n\n\n<li>\u2705 Direkt tillg\u00e5ng till slots eller spel efter registrering<\/li>\n\n\n\n<li>\u2705 Ingen bindning: bara registrera dig och spela<\/li>\n\n\n\n<li>\u2705 Utm\u00e4rkt s\u00e4tt att utforska olika plattformar och gr\u00e4nssnitt<\/li>\n<\/ul>\n<\/div>\n\n\n\n<div class=\"wp-block-column is-layout-flow wp-block-column-is-layout-flow\">\n<h3 class=\"wp-block-heading\">\u274c Nackdelar<\/h3>\n\n\n\n<ul class=\"wp-block-list\">\n<li>\u274c Strikta oms\u00e4ttningskrav till\u00e4mpas oftast<\/li>\n\n\n\n<li>\u274c Maxvinst och uttagsgr\u00e4nser \u00e4r ofta l\u00e5ga<\/li>\n\n\n\n<li>\u274c Bonusen kan vara begr\u00e4nsad till vissa spel<\/li>\n\n\n\n<li>\u274c Ibland kr\u00e4vs ins\u00e4ttning f\u00f6r att ta ut vinster<\/li>\n\n\n\n<li>\u274c Alla bonusar utan ins\u00e4ttning \u00e4r inte helt \u201cgratis\u201d \u2013 l\u00e4s alltid det finstilta<\/li>\n<\/ul>\n<\/div>\n<\/div>\n\n\n\n<h2 class=\"wp-block-heading\">B\u00e4sta gratis slots med riktiga pengar<\/h2>\n\n\n\n<figure class=\"wp-block-table\"><table class=\"has-fixed-layout\"><thead><tr><th>Spelautomat<\/th><th>Spelutvecklare<\/th><th>Gratis spins<\/th><th>V\u00e4rde per snurr (\u20ac)<\/th><th>Totalt v\u00e4rde (\u20ac)<\/th><th>Villkor<\/th><th>Casino<\/th><\/tr><\/thead><tbody><tr><td>Alien Fruits<\/td><td>BGaming<\/td><td>50<\/td><td>0,10\u202f\u20ac<\/td><td>5,00\u202f\u20ac<\/td><td>Inga oms\u00e4ttningskrav<\/td><td>Drip Casino<\/td><\/tr><tr><td>Gates of Olympus<\/td><td>Pragmatic Play<\/td><td>50<\/td><td>0,10\u202f\u20ac<\/td><td>5,00\u202f\u20ac<\/td><td>Inga oms\u00e4ttningskrav<\/td><td>Campeonbet<\/td><\/tr><tr><td>Sweet Bonanza<\/td><td>Pragmatic Play<\/td><td>40<\/td><td>0,10\u202f\u20ac<\/td><td>4,00\u202f\u20ac<\/td><td>Bonuskod: 40ZENBONUS<\/td><td>Campeonbet<\/td><\/tr><tr><td>Big Bass Bonanza<\/td><td>Pragmatic Play<\/td><td>30<\/td><td>0,10\u202f\u20ac<\/td><td>3,00\u202f\u20ac<\/td><td>Ingen ins\u00e4ttning kr\u00e4vs, bara registrering<\/td><td>Campeonbet<\/td><\/tr><tr><td>Elvis Frog in Vegas<\/td><td>BGaming<\/td><td>25<\/td><td>0,10\u202f\u20ac<\/td><td>2,50\u202f\u20ac<\/td><td>Endast f\u00f6r nya spelare<\/td><td>Drip Casino<\/td><\/tr><tr><td>Book of Dead<\/td><td>Play\u2019n GO<\/td><td>20<\/td><td>0,10\u202f\u20ac<\/td><td>2,00\u202f\u20ac<\/td><td>Ingen ins\u00e4ttning kr\u00e4vs, begr\u00e4nsat tillg\u00e4nglig<\/td><td>Campeonbet<\/td><\/tr><\/tbody><\/table><\/figure>\n\n\n\n<h2 class=\"wp-block-heading\">Resurser f\u00f6r ansvarsfullt spelande<\/h2>\n\n\n\n<ul class=\"wp-block-list\">\n<li><a href=\"https:\/\/www.spelinspektionen.se\/\">https:\/\/www.spelinspektionen.se\/<\/a><\/li>\n\n\n\n<li><a href=\"https:\/\/www.spelinspektionen.se\/\">https:\/\/www.spelinspektionen.se\/<\/a><\/li>\n\n\n\n<li><a href=\"https:\/\/www.spelpaus.se\/\">https:\/\/www.spelpaus.se\/<\/a><\/li>\n\n\n\n<li><a href=\"https:\/\/www.spelpaus.se\/\">https:\/\/www.spelpaus.se\/<\/a><\/li>\n\n\n\n<li><a href=\"https:\/\/www.stodlinjen.se\/\">https:\/\/www.stodlinjen.se\/<\/a><\/li>\n\n\n\n<li><a href=\"https:\/\/gamblingtherapy.org\/\">https:\/\/gamblingtherapy.org\/<\/a><\/li>\n<\/ul>\n","protected":false},"excerpt":{"rendered":"<p>200 kr Gratis Spelpengar Utan Ins\u00e4ttning 2025 N\u00e4r du kliver in i n\u00e4tkasinonas f\u00e4rgsprakande v\u00e4rld m\u00f6ts du ofta av olika sorters bonusar och f\u00f6rm\u00e5ner. En av de mest lockande \u00e4r 200 kr gratis spelpengar utan ins\u00e4ttning. I den h\u00e4r artikeln avsl\u00f6jar v\u00e5rt team varf\u00f6r denna bonus \u00e4r s\u00e5 popul\u00e4r och hur du kan utnyttja den [&hellip;]<\/p>\n","protected":false},"author":1,"featured_media":9672,"parent":0,"menu_order":0,"comment_status":"open","ping_status":"closed","template":"","meta":{"inline_featured_image":false,"footnotes":""},"class_list":["post-8877","page","type-page","status-publish","has-post-thumbnail","hentry"],"yoast_head":"<!-- This site is optimized with the Yoast SEO plugin v24.5 - https:\/\/yoast.com\/wordpress\/plugins\/seo\/ -->\n<title>200 kr Gratis Spelpengar Utan Ins\u00e4ttning (2025) - www.kasinobonus.ai<\/title>\n<meta name=\"description\" content=\"Dra nytta av 2025 \u00e5rs mest lockande erbjudande: 200 kr gratis spelpengar utan ins\u00e4ttning. Uppt\u00e4ck de b\u00e4sta casinona &amp; f\u00e5nga en toppbonus!\" \/>\n<meta name=\"robots\" content=\"index, follow, max-snippet:-1, max-image-preview:large, max-video-preview:-1\" \/>\n<link rel=\"canonical\" href=\"https:\/\/www.kasinobonus.ai\/se\/200-kr-gratis-spelpengar-utan-insattning\/\" \/>\n<script type=\"application\/ld+json\" class=\"yoast-schema-graph\">{\"@context\":\"https:\/\/schema.org\",\"@graph\":[{\"@type\":\"WebPage\",\"@id\":\"https:\/\/www.kasinobonus.ai\/se\/200-kr-gratis-spelpengar-utan-insattning\/\",\"url\":\"https:\/\/www.kasinobonus.ai\/se\/200-kr-gratis-spelpengar-utan-insattning\/\",\"name\":\"200 kr Gratis Spelpengar Utan Ins\u00e4ttning (2025) - www.kasinobonus.ai\",\"isPartOf\":{\"@id\":\"https:\/\/www.kasinobonus.ai\/se\/#website\"},\"primaryImageOfPage\":{\"@id\":\"https:\/\/www.kasinobonus.ai\/se\/200-kr-gratis-spelpengar-utan-insattning\/#primaryimage\"},\"image\":{\"@id\":\"https:\/\/www.kasinobonus.ai\/se\/200-kr-gratis-spelpengar-utan-insattning\/#primaryimage\"},\"thumbnailUrl\":\"https:\/\/www.kasinobonus.ai\/wp-content\/uploads\/2023\/12\/200-kr-gratis-casinopengar-utan-insattning.jpg\",\"datePublished\":\"2023-08-29T14:02:34+00:00\",\"dateModified\":\"2025-07-13T21:23:16+00:00\",\"description\":\"Dra nytta av 2025 \u00e5rs mest lockande erbjudande: 200 kr gratis spelpengar utan ins\u00e4ttning. Uppt\u00e4ck de b\u00e4sta casinona & f\u00e5nga en toppbonus!\",\"breadcrumb\":{\"@id\":\"https:\/\/www.kasinobonus.ai\/se\/200-kr-gratis-spelpengar-utan-insattning\/#breadcrumb\"},\"inLanguage\":\"sv-SE\",\"potentialAction\":[{\"@type\":\"ReadAction\",\"target\":[\"https:\/\/www.kasinobonus.ai\/se\/200-kr-gratis-spelpengar-utan-insattning\/\"]}]},{\"@type\":\"ImageObject\",\"inLanguage\":\"sv-SE\",\"@id\":\"https:\/\/www.kasinobonus.ai\/se\/200-kr-gratis-spelpengar-utan-insattning\/#primaryimage\",\"url\":\"https:\/\/www.kasinobonus.ai\/wp-content\/uploads\/2023\/12\/200-kr-gratis-casinopengar-utan-insattning.jpg\",\"contentUrl\":\"https:\/\/www.kasinobonus.ai\/wp-content\/uploads\/2023\/12\/200-kr-gratis-casinopengar-utan-insattning.jpg\",\"width\":1200,\"height\":628,\"caption\":\"200 kr gratis casinopengar utan insattning\"},{\"@type\":\"BreadcrumbList\",\"@id\":\"https:\/\/www.kasinobonus.ai\/se\/200-kr-gratis-spelpengar-utan-insattning\/#breadcrumb\",\"itemListElement\":[{\"@type\":\"ListItem\",\"position\":1,\"name\":\"Home\",\"item\":\"https:\/\/www.kasinobonus.ai\/se\/\"},{\"@type\":\"ListItem\",\"position\":2,\"name\":\"200 kr Gratis Spelpengar Utan Ins\u00e4ttning\"}]},{\"@type\":\"WebSite\",\"@id\":\"https:\/\/www.kasinobonus.ai\/se\/#website\",\"url\":\"https:\/\/www.kasinobonus.ai\/se\/\",\"name\":\"www.kasinobonus.ai\",\"description\":\"\",\"publisher\":{\"@id\":\"https:\/\/www.kasinobonus.ai\/se\/#organization\"},\"potentialAction\":[{\"@type\":\"SearchAction\",\"target\":{\"@type\":\"EntryPoint\",\"urlTemplate\":\"https:\/\/www.kasinobonus.ai\/se\/?s={search_term_string}\"},\"query-input\":{\"@type\":\"PropertyValueSpecification\",\"valueRequired\":true,\"valueName\":\"search_term_string\"}}],\"inLanguage\":\"sv-SE\"},{\"@type\":\"Organization\",\"@id\":\"https:\/\/www.kasinobonus.ai\/se\/#organization\",\"name\":\"KasinoBonus\",\"alternateName\":\"KasinoBonusAI\",\"url\":\"https:\/\/www.kasinobonus.ai\/se\/\",\"logo\":{\"@type\":\"ImageObject\",\"inLanguage\":\"sv-SE\",\"@id\":\"https:\/\/www.kasinobonus.ai\/se\/#\/schema\/logo\/image\/\",\"url\":\"https:\/\/www.kasinobonus.ai\/wp-content\/uploads\/2023\/09\/kasinobonus-logo-light.png\",\"contentUrl\":\"https:\/\/www.kasinobonus.ai\/wp-content\/uploads\/2023\/09\/kasinobonus-logo-light.png\",\"width\":3200,\"height\":596,\"caption\":\"KasinoBonus\"},\"image\":{\"@id\":\"https:\/\/www.kasinobonus.ai\/se\/#\/schema\/logo\/image\/\"},\"sameAs\":[\"https:\/\/www.facebook.com\/kasinobonusio\/\",\"https:\/\/x.com\/Kasinobonus_io\",\"https:\/\/www.linkedin.com\/in\/matti-slotte-26612033b\",\"http:\/\/kasinobonus.wikidot.com\/system:welcome\",\"https:\/\/www.trustpilot.com\/review\/www.kasinobonus.ai\",\"https:\/\/orcid.org\/0009-0007-2889-1713\",\"https:\/\/en.everybodywiki.com\/Matti_Slotte\",\"https:\/\/www.immuniweb.com\/ssl\/kasinobonus.ai\/M4lqCqYY\/\"]}]}<\/script>\n<!-- \/ Yoast SEO plugin. -->","yoast_head_json":{"title":"200 kr Gratis Spelpengar Utan Ins\u00e4ttning (2025) - www.kasinobonus.ai","description":"Dra nytta av 2025 \u00e5rs mest lockande erbjudande: 200 kr gratis spelpengar utan ins\u00e4ttning. Uppt\u00e4ck de b\u00e4sta casinona & f\u00e5nga en toppbonus!","robots":{"index":"index","follow":"follow","max-snippet":"max-snippet:-1","max-image-preview":"max-image-preview:large","max-video-preview":"max-video-preview:-1"},"canonical":"https:\/\/www.kasinobonus.ai\/se\/200-kr-gratis-spelpengar-utan-insattning\/","schema":{"@context":"https:\/\/schema.org","@graph":[{"@type":"WebPage","@id":"https:\/\/www.kasinobonus.ai\/se\/200-kr-gratis-spelpengar-utan-insattning\/","url":"https:\/\/www.kasinobonus.ai\/se\/200-kr-gratis-spelpengar-utan-insattning\/","name":"200 kr Gratis Spelpengar Utan Ins\u00e4ttning (2025) - www.kasinobonus.ai","isPartOf":{"@id":"https:\/\/www.kasinobonus.ai\/se\/#website"},"primaryImageOfPage":{"@id":"https:\/\/www.kasinobonus.ai\/se\/200-kr-gratis-spelpengar-utan-insattning\/#primaryimage"},"image":{"@id":"https:\/\/www.kasinobonus.ai\/se\/200-kr-gratis-spelpengar-utan-insattning\/#primaryimage"},"thumbnailUrl":"https:\/\/www.kasinobonus.ai\/wp-content\/uploads\/2023\/12\/200-kr-gratis-casinopengar-utan-insattning.jpg","datePublished":"2023-08-29T14:02:34+00:00","dateModified":"2025-07-13T21:23:16+00:00","description":"Dra nytta av 2025 \u00e5rs mest lockande erbjudande: 200 kr gratis spelpengar utan ins\u00e4ttning. Uppt\u00e4ck de b\u00e4sta casinona & f\u00e5nga en toppbonus!","breadcrumb":{"@id":"https:\/\/www.kasinobonus.ai\/se\/200-kr-gratis-spelpengar-utan-insattning\/#breadcrumb"},"inLanguage":"sv-SE","potentialAction":[{"@type":"ReadAction","target":["https:\/\/www.kasinobonus.ai\/se\/200-kr-gratis-spelpengar-utan-insattning\/"]}]},{"@type":"ImageObject","inLanguage":"sv-SE","@id":"https:\/\/www.kasinobonus.ai\/se\/200-kr-gratis-spelpengar-utan-insattning\/#primaryimage","url":"https:\/\/www.kasinobonus.ai\/wp-content\/uploads\/2023\/12\/200-kr-gratis-casinopengar-utan-insattning.jpg","contentUrl":"https:\/\/www.kasinobonus.ai\/wp-content\/uploads\/2023\/12\/200-kr-gratis-casinopengar-utan-insattning.jpg","width":1200,"height":628,"caption":"200 kr gratis casinopengar utan insattning"},{"@type":"BreadcrumbList","@id":"https:\/\/www.kasinobonus.ai\/se\/200-kr-gratis-spelpengar-utan-insattning\/#breadcrumb","itemListElement":[{"@type":"ListItem","position":1,"name":"Home","item":"https:\/\/www.kasinobonus.ai\/se\/"},{"@type":"ListItem","position":2,"name":"200 kr Gratis Spelpengar Utan Ins\u00e4ttning"}]},{"@type":"WebSite","@id":"https:\/\/www.kasinobonus.ai\/se\/#website","url":"https:\/\/www.kasinobonus.ai\/se\/","name":"www.kasinobonus.ai","description":"","publisher":{"@id":"https:\/\/www.kasinobonus.ai\/se\/#organization"},"potentialAction":[{"@type":"SearchAction","target":{"@type":"EntryPoint","urlTemplate":"https:\/\/www.kasinobonus.ai\/se\/?s={search_term_string}"},"query-input":{"@type":"PropertyValueSpecification","valueRequired":true,"valueName":"search_term_string"}}],"inLanguage":"sv-SE"},{"@type":"Organization","@id":"https:\/\/www.kasinobonus.ai\/se\/#organization","name":"KasinoBonus","alternateName":"KasinoBonusAI","url":"https:\/\/www.kasinobonus.ai\/se\/","logo":{"@type":"ImageObject","inLanguage":"sv-SE","@id":"https:\/\/www.kasinobonus.ai\/se\/#\/schema\/logo\/image\/","url":"https:\/\/www.kasinobonus.ai\/wp-content\/uploads\/2023\/09\/kasinobonus-logo-light.png","contentUrl":"https:\/\/www.kasinobonus.ai\/wp-content\/uploads\/2023\/09\/kasinobonus-logo-light.png","width":3200,"height":596,"caption":"KasinoBonus"},"image":{"@id":"https:\/\/www.kasinobonus.ai\/se\/#\/schema\/logo\/image\/"},"sameAs":["https:\/\/www.facebook.com\/kasinobonusio\/","https:\/\/x.com\/Kasinobonus_io","https:\/\/www.linkedin.com\/in\/matti-slotte-26612033b","http:\/\/kasinobonus.wikidot.com\/system:welcome","https:\/\/www.trustpilot.com\/review\/www.kasinobonus.ai","https:\/\/orcid.org\/0009-0007-2889-1713","https:\/\/en.everybodywiki.com\/Matti_Slotte","https:\/\/www.immuniweb.com\/ssl\/kasinobonus.ai\/M4lqCqYY\/"]}]}},"_links":{"self":[{"href":"https:\/\/www.kasinobonus.ai\/se\/wp-json\/wp\/v2\/pages\/8877","targetHints":{"allow":["GET"]}}],"collection":[{"href":"https:\/\/www.kasinobonus.ai\/se\/wp-json\/wp\/v2\/pages"}],"about":[{"href":"https:\/\/www.kasinobonus.ai\/se\/wp-json\/wp\/v2\/types\/page"}],"author":[{"embeddable":true,"href":"https:\/\/www.kasinobonus.ai\/se\/wp-json\/wp\/v2\/users\/1"}],"replies":[{"embeddable":true,"href":"https:\/\/www.kasinobonus.ai\/se\/wp-json\/wp\/v2\/comments?post=8877"}],"version-history":[{"count":4,"href":"https:\/\/www.kasinobonus.ai\/se\/wp-json\/wp\/v2\/pages\/8877\/revisions"}],"predecessor-version":[{"id":33857,"href":"https:\/\/www.kasinobonus.ai\/se\/wp-json\/wp\/v2\/pages\/8877\/revisions\/33857"}],"wp:featuredmedia":[{"embeddable":true,"href":"https:\/\/www.kasinobonus.ai\/se\/wp-json\/wp\/v2\/media\/9672"}],"wp:attachment":[{"href":"https:\/\/www.kasinobonus.ai\/se\/wp-json\/wp\/v2\/media?parent=8877"}],"curies":[{"name":"wp","href":"https:\/\/api.w.org\/{rel}","templated":true}]}}