{"id":8861,"date":"2023-09-01T05:45:45","date_gmt":"2023-09-01T05:45:45","guid":{"rendered":"http:\/\/kasinobonus.ai.dedivirt842.your-server.de\/kierratysvaatimukset\/"},"modified":"2025-07-27T09:55:32","modified_gmt":"2025-07-27T09:55:32","slug":"omsattningskrav","status":"publish","type":"page","link":"https:\/\/www.kasinobonus.ai\/se\/omsattningskrav\/","title":{"rendered":"Oms\u00e4ttningskrav"},"content":{"rendered":"\n<h1 class=\"wp-block-heading\">Vad \u00e4r oms\u00e4ttningskrav p\u00e5 onlinekasinon? En guide f\u00f6r spelare <\/h1>\n\n<p>Onlinekasinon \u00e4r snabba med att erbjuda spelare &#8220;gratis pengar&#8221;. Cashback-erbjudanden, gratissnurr och ins\u00e4ttningsbonusar verkar alla vara enkla s\u00e4tt att \u00f6ka din bankrulle. <\/p>\n\n<p>Det finns dock en hake i villkoren: <strong>l\u00f6nekrav<\/strong>.<\/p>\n\n<p>De \u00e4r grindvakten som avg\u00f6r om dina &#8220;bonusvinster&#8221; n\u00e5gonsin kommer till ditt bankkonto, s\u00e5 de \u00e4r mer \u00e4n bara en konstighet i branschen. Det \u00e4r ett enkelt krav f\u00f6r vissa kasinon. Andra ser det som en matematisk f\u00e4lla som f\u00e5r dig att spela och f\u00f6rlora s\u00e5 att husets f\u00f6rdel kan f\u00e5 tillbaka sin &#8220;g\u00e5va&#8221;.  <\/p>\n\n<p>H\u00e4r f\u00e5r du veta hur de fungerar, varf\u00f6r de finns d\u00e4r och hur du k\u00e4nner igen dem som bara finns d\u00e4r f\u00f6r att h\u00e5lla dig f\u00f6rvirrad.<\/p>\n\n<div class=\"wp-block-cover alignfull is-light has-parallax\" style=\"padding-top:24px;padding-right:0px;padding-bottom:24px;padding-left:0px;min-height:50px;aspect-ratio:unset;\"><div class=\"wp-block-cover__image-background wp-image-46 has-parallax\" style=\"background-position:50% 50%;background-image:url(http:\/\/localhost\/psdGator\/dappcasino\/wp-content\/uploads\/2022\/10\/homepage-cover.jpg)\"><\/div><span aria-hidden=\"true\" class=\"wp-block-cover__background has-background-dim-100 has-background-dim\" style=\"background-color:#f4f4f4\"><\/span><div class=\"wp-block-cover__inner-container is-layout-flow wp-block-cover-is-layout-flow\"><\/div><\/div>\n\n<h2 class=\"wp-block-heading\">Vad oms\u00e4ttningskrav verkligen betyder<\/h2>\n\n<p>Ett oms\u00e4ttningskrav \u00e4r precis vad det l\u00e5ter som: en regel som s\u00e4ger att du m\u00e5ste satsa ett visst belopp f\u00f6r att kunna ta ut bonusmedel eller vinster fr\u00e5n dem.<\/p>\n\n<p>Exempel:<\/p>\n\n<ul class=\"wp-block-list\">\n<li>Du g\u00f6r anspr\u00e5k p\u00e5 en bonus p\u00e5 $ 100 med ett <strong>30x satsningskrav<\/strong>.<\/li>\n\n\n\n<li>Det inneb\u00e4r att du m\u00e5ste satsa <strong>$3 000<\/strong> ($100 \u00d7 30) f\u00f6r att du ska kunna ta ut n\u00e5gra av pengarna.  <\/li>\n<\/ul>\n\n<p>Om du tappar ditt saldo innan du n\u00e5r 3 000 USD i insatser f\u00f6rsvinner bonusen. Om du p\u00e5 n\u00e5got s\u00e4tt \u00f6verlever, f\u00f6rst d\u00e5 l\u00e5ser kasinot upp pengarna. <\/p>\n\n<p>De flesta spelare klarar det aldrig. Och det \u00e4r just det som \u00e4r po\u00e4ngen. <\/p>\n\n<figure class=\"wp-block-image size-full\"><img decoding=\"async\" width=\"629\" height=\"412\" src=\"https:\/\/www.kasinobonus.ai\/wp-content\/uploads\/2025\/07\/wagering.png\" alt=\"vadslagning\" class=\"wp-image-34527\" srcset=\"https:\/\/www.kasinobonus.ai\/wp-content\/uploads\/2025\/07\/wagering.png 629w, https:\/\/www.kasinobonus.ai\/wp-content\/uploads\/2025\/07\/wagering-300x197.png 300w, https:\/\/www.kasinobonus.ai\/wp-content\/uploads\/2025\/07\/wagering-110x72.png 110w, https:\/\/www.kasinobonus.ai\/wp-content\/uploads\/2025\/07\/wagering-575x377.png 575w\" sizes=\"(max-width: 629px) 100vw, 629px\" \/><figcaption class=\"wp-element-caption\">vadslagning<\/figcaption><\/figure>\n\n<h2 class=\"wp-block-heading\">Varf\u00f6r kasinon inf\u00f6r oms\u00e4ttningskrav<\/h2>\n\n<p>P\u00e5 ytan finns dessa regler f\u00f6r att stoppa &#8220;bonusmissbruk&#8221; m\u00e4nniskor som registrerar sig, tar ett gratis chip och tar ut pengar direkt. Men den djupare anledningen \u00e4r enkel matematik: <\/p>\n\n<ul class=\"wp-block-list\">\n<li><strong>Utan oms\u00e4ttningskrav<\/strong> skulle ett kasino f\u00f6rbl\u00f6da pengar fr\u00e5n opportunistiska spelare som hoppar fr\u00e5n webbplats till webbplats.<\/li>\n\n\n\n<li><strong>Med dem<\/strong> vet kasinot statistiskt sett att de flesta spelare kommer att br\u00e4nna igenom bonusen innan de n\u00e5r m\u00e5let.<\/li>\n<\/ul>\n\n<p>Det \u00e4r inte olagligt. Det \u00e4r riskhantering f\u00f6rkl\u00e4dd till generositet. Tillsynsmyndigheterna till\u00e5ter det s\u00e5 l\u00e4nge som villkoren \u00e4r <em>&#8220;tydliga och r\u00e4ttvisa&#8221;.<\/em> M\u00e5nga kasinon pressar den definitionen till dess gr\u00e4nser.   <\/p>\n\n<h2 class=\"wp-block-heading\">De olika typerna av vadslagningsf\u00e4llor<\/h2>\n\n<p>Inte alla oms\u00e4ttningskrav \u00e4r skapade lika. Vissa \u00e4r h\u00e5rda av design. <\/p>\n\n<ul class=\"wp-block-list\">\n<li><strong>Satsning endast p\u00e5 bonus.<\/strong>  Du beh\u00f6ver bara spela igenom bonusbeloppet (t.ex. 100 $ \u00d7 30 = 3 000 $).<\/li>\n\n\n\n<li><strong>Oms\u00e4ttning av bonus + ins\u00e4ttning.<\/strong> Du m\u00e5ste oms\u00e4tta bonusen <em>och<\/em> din ins\u00e4ttning (t.ex. bonus p\u00e5 100 USD + ins\u00e4ttning p\u00e5 100 USD = 200 USD \u00d7 30 = 6 000 USD).<\/li>\n\n\n\n<li><strong>Satsning p\u00e5 vinster.<\/strong>  Free spins kan ge dig $ 20, men vinsterna i sig har en 40x genomg\u00e5ng.<\/li>\n<\/ul>\n\n<p>Sedan \u00e4r det <strong>spelviktningen<\/strong>:<\/p>\n\n<ul class=\"wp-block-list\">\n<li>Slots kan bidra med 100% f\u00f6r att klara kravet.<\/li>\n\n\n\n<li>Blackjack kan r\u00e4knas med 10%, vilket inneb\u00e4r att din insats p\u00e5 $10 bara minskar kravet med $1.<\/li>\n\n\n\n<li>Vissa spel, som till exempel roulette, kanske inte r\u00e4knas alls.<\/li>\n<\/ul>\n\n<p>Kasinon lyfter s\u00e4llan fram dessa detaljer i fet text. De begraver dem i villkor och regler, eftersom de vet att de flesta spelare inte kommer att l\u00e4sa l\u00e4ngre \u00e4n till rubrikerbjudandet. <\/p>\n\n<h2 class=\"wp-block-heading\">Hur oms\u00e4ttningskrav p\u00e5verkar dina odds<\/h2>\n\n<p>H\u00e4r \u00e4r den obekv\u00e4ma sanningen: ju l\u00e4ngre du tvingas spela, desto mer sannolikt \u00e4r det att husets f\u00f6rdel \u00e4ter upp ditt saldo.<\/p>\n\n<p>Om en spelautomat har en <strong>RTP (Return to Player) p\u00e5 96 %<\/strong> f\u00f6rlorar du <strong>i genomsnitt 4 % per snurr<\/strong>. Multiplicera det med tusentals n\u00f6dv\u00e4ndiga satsningar och kasinot har statistiskt sett \u00e5terf\u00e5tt st\u00f6rre delen av din bonus. <\/p>\n\n<p>Med andra ord \u00e4r oms\u00e4ttningskravet inte bara en <em>tidsgr\u00e4ns<\/em>, det \u00e4r en <strong>matematisk tratt<\/strong> som \u00e4r utformad f\u00f6r att dr\u00e4nera bonusen tillbaka till kasinots ficka.<\/p>\n\n<h2 class=\"wp-block-heading\">Varningssignaler f\u00f6r osk\u00e4liga krav<\/h2>\n\n<figure class=\"wp-block-image size-full\"><img decoding=\"async\" width=\"784\" height=\"596\" src=\"https:\/\/www.kasinobonus.ai\/wp-content\/uploads\/2025\/07\/fair-bonus.png\" alt=\"r&#xE4;ttvis bonusDe r&#xF6;da flaggorna f&#xF6;r or&#xE4;ttvisa krav\" class=\"wp-image-34535\" srcset=\"https:\/\/www.kasinobonus.ai\/wp-content\/uploads\/2025\/07\/fair-bonus.png 784w, https:\/\/www.kasinobonus.ai\/wp-content\/uploads\/2025\/07\/fair-bonus-300x228.png 300w, https:\/\/www.kasinobonus.ai\/wp-content\/uploads\/2025\/07\/fair-bonus-768x584.png 768w, https:\/\/www.kasinobonus.ai\/wp-content\/uploads\/2025\/07\/fair-bonus-110x84.png 110w, https:\/\/www.kasinobonus.ai\/wp-content\/uploads\/2025\/07\/fair-bonus-575x437.png 575w\" sizes=\"(max-width: 784px) 100vw, 784px\" \/><figcaption class=\"wp-element-caption\">r\u00e4ttvis bonus<\/figcaption><\/figure>\n\n<p>Vissa satsningsvillkor \u00e4r rimliga 20x till 35x bonus-only \u00e4r branschstandard. Men de rovdjur som delar n\u00e5gra vanliga ber\u00e4ttelser: <\/p>\n\n<ul class=\"wp-block-list\">\n<li><strong>40x eller h\u00f6gre p\u00e5 bonus + ins\u00e4ttning.<\/strong>  Detta f\u00f6rdubblar din n\u00f6dv\u00e4ndiga genomspelning.<\/li>\n\n\n\n<li><strong>Tidsgr\u00e4nser under 7 dagar.<\/strong>  N\u00e4stan om\u00f6jligt f\u00f6r casual spelare att slutf\u00f6ra.<\/li>\n\n\n\n<li><strong>L\u00e5ga uttagstak.<\/strong>  \u00c4ven om du vinner stort kan du bara ta ut en br\u00e5kdel.<\/li>\n\n\n\n<li><strong>Exkluderade betalningsmetoder.<\/strong>  Om du g\u00f6r en ins\u00e4ttning med &#8220;fel&#8221; kort kan bonusen bli helt ogiltig.<\/li>\n<\/ul>\n\n<p>Om du ser n\u00e5gon av dessa \u00e4r bonusen i sj\u00e4lva verket en <em>lockbete-och-f\u00e4lla-mekanik<\/em>, inte en f\u00f6rm\u00e5n.<\/p>\n\n<h2 class=\"wp-block-heading\">Hur v\u00e4lrenommerade kasinon hanterar det<\/h2>\n\n<p>Legitima, reglerade kasinon:<\/p>\n\n<ul class=\"wp-block-list\">\n<li>Ange <strong>tydliga och enkla villkor<\/strong> f\u00f6r varje bonus.<\/li>\n\n\n\n<li>Erbjuda <strong>rimliga satsningar<\/strong> (vanligtvis 20x-35x bonus-only).<\/li>\n\n\n\n<li>L\u00e5t dig <strong>f\u00f6rverka bonusen<\/strong> n\u00e4r som helst och ta ut ditt saldo med riktiga pengar.<\/li>\n<\/ul>\n\n<p>Skumma akt\u00f6rer:<\/p>\n\n<ul class=\"wp-block-list\">\n<li>D\u00f6lj termer i PDF-filer med flera sidor.<\/li>\n\n\n\n<li>Annullera vinster f\u00f6r &#8220;brott mot obskyra regler&#8221;.<\/li>\n\n\n\n<li>F\u00f6rdr\u00f6ja uttag p\u00e5 obest\u00e4md tid under f\u00f6rev\u00e4ndning av &#8220;verifieringsf\u00f6rseningar&#8221;.<\/li>\n<\/ul>\n\n<p>Om ett kasino v\u00e4grar att hedra en bonus efter att du har uppfyllt det angivna kravet, har du sannolikt att g\u00f6ra med en olicensierad webbplats. Vid den tidpunkten \u00e4r din enda \u00e5tg\u00e4rd en regulator f\u00f6rutsatt att en ens existerar. <\/p>\n\n<h2 class=\"wp-block-heading\">Kasinon utan satsning: F\u00f6r bra f\u00f6r att vara sant?<\/h2>\n\n<p>Det finns en nyare trend med <strong>&#8220;inga satsningsbonusar&#8221;<\/strong>. L\u00e5ter perfekt alla vinster \u00e4r dina att beh\u00e5lla omedelbart.<\/p>\n\n<p>Men kasinon \u00e4r inte v\u00e4lg\u00f6renhetsorganisationer. De kompenserar avsaknaden av vadslagning med: <\/p>\n\n<ul class=\"wp-block-list\">\n<li><strong>Sm\u00e5 bonusbelopp.<\/strong><\/li>\n\n\n\n<li><strong>L\u00e4gre free spin-v\u00e4rden.<\/strong><\/li>\n\n\n\n<li><strong>Strikta tak f\u00f6r maximal utbetalning.<\/strong><\/li>\n<\/ul>\n\n<p>S\u00e5 ja, de \u00e4r renare. Men de \u00e4r ocks\u00e5 mindre och mycket mindre vanliga. <\/p>\n\n<h2 class=\"wp-block-heading\">Slutsatsen<\/h2>\n\n<p>Det \u00e4r i sig inget fel med oms\u00e4ttningskrav. De \u00e4r ett p\u00e5litligt aff\u00e4rsskydd. Problemet uppst\u00e5r n\u00e4r de \u00e4r s\u00e5 komplicerade eller \u00f6verdrivet kr\u00e4vande att de \u00e4r n\u00e4stan om\u00f6jliga att f\u00f6rst\u00e5.  <\/p>\n\n<p>Den allm\u00e4nna regeln \u00e4r som f\u00f6ljer:<\/p>\n\n<ul class=\"wp-block-list\">\n<li>Behandla majoriteten av casinobonusarna som underh\u00e5llning endast om du \u00e4r en tillf\u00e4llig spelare; de \u00e4r inte ett s\u00e4kert s\u00e4tt att tj\u00e4na pengar.<\/li>\n\n\n\n<li>H\u00e5ll dig till bonusar med l\u00e5g oms\u00e4ttning eller erbjudanden utan oms\u00e4ttning fr\u00e5n auktoriserade kasinon om uttag \u00e4r viktiga f\u00f6r dig.<\/li>\n\n\n\n<li>L\u00e4s dessutom alltid det finstilta innan du klickar p\u00e5 &#8220;acceptera&#8221;.<\/li>\n<\/ul>\n","protected":false},"excerpt":{"rendered":"<p>Vad \u00e4r oms\u00e4ttningskrav p\u00e5 onlinekasinon? En guide f\u00f6r spelare Onlinekasinon \u00e4r snabba med att erbjuda spelare &#8220;gratis pengar&#8221;. Cashback-erbjudanden, gratissnurr och ins\u00e4ttningsbonusar verkar alla vara enkla s\u00e4tt att \u00f6ka din bankrulle. Det finns dock en hake i villkoren: l\u00f6nekrav. De \u00e4r grindvakten som avg\u00f6r om dina &#8220;bonusvinster&#8221; n\u00e5gonsin kommer till ditt bankkonto, s\u00e5 de \u00e4r [&hellip;]<\/p>\n","protected":false},"author":1,"featured_media":0,"parent":0,"menu_order":0,"comment_status":"open","ping_status":"closed","template":"","meta":{"inline_featured_image":false,"footnotes":""},"class_list":["post-8861","page","type-page","status-publish","hentry"],"yoast_head":"<!-- This site is optimized with the Yoast SEO plugin v24.5 - https:\/\/yoast.com\/wordpress\/plugins\/seo\/ -->\n<title>Oms\u00e4ttningskrav p\u00e5 onlinekasinon - en spelares guide<\/title>\n<meta name=\"description\" content=\"L\u00e4r dig allt om oms\u00e4ttningskrav p\u00e5 onlinekasinon: vad de betyder, hur de p\u00e5verkar dina kasinobonusar och tips f\u00f6r att f\u00e5 ut det mesta av dem.\" \/>\n<meta name=\"robots\" content=\"index, follow, max-snippet:-1, max-image-preview:large, max-video-preview:-1\" \/>\n<link rel=\"canonical\" href=\"https:\/\/www.kasinobonus.ai\/se\/omsattningskrav\/\" \/>\n<script type=\"application\/ld+json\" class=\"yoast-schema-graph\">{\"@context\":\"https:\/\/schema.org\",\"@graph\":[{\"@type\":\"WebPage\",\"@id\":\"https:\/\/www.kasinobonus.ai\/se\/omsattningskrav\/\",\"url\":\"https:\/\/www.kasinobonus.ai\/se\/omsattningskrav\/\",\"name\":\"Oms\u00e4ttningskrav p\u00e5 onlinekasinon - en spelares guide\",\"isPartOf\":{\"@id\":\"https:\/\/www.kasinobonus.ai\/se\/#website\"},\"primaryImageOfPage\":{\"@id\":\"https:\/\/www.kasinobonus.ai\/se\/omsattningskrav\/#primaryimage\"},\"image\":{\"@id\":\"https:\/\/www.kasinobonus.ai\/se\/omsattningskrav\/#primaryimage\"},\"thumbnailUrl\":\"https:\/\/www.kasinobonus.ai\/wp-content\/uploads\/2025\/07\/wagering.png\",\"datePublished\":\"2023-09-01T05:45:45+00:00\",\"dateModified\":\"2025-07-27T09:55:32+00:00\",\"description\":\"L\u00e4r dig allt om oms\u00e4ttningskrav p\u00e5 onlinekasinon: vad de betyder, hur de p\u00e5verkar dina kasinobonusar och tips f\u00f6r att f\u00e5 ut det mesta av dem.\",\"breadcrumb\":{\"@id\":\"https:\/\/www.kasinobonus.ai\/se\/omsattningskrav\/#breadcrumb\"},\"inLanguage\":\"sv-SE\",\"potentialAction\":[{\"@type\":\"ReadAction\",\"target\":[\"https:\/\/www.kasinobonus.ai\/se\/omsattningskrav\/\"]}]},{\"@type\":\"ImageObject\",\"inLanguage\":\"sv-SE\",\"@id\":\"https:\/\/www.kasinobonus.ai\/se\/omsattningskrav\/#primaryimage\",\"url\":\"https:\/\/www.kasinobonus.ai\/wp-content\/uploads\/2025\/07\/wagering.png\",\"contentUrl\":\"https:\/\/www.kasinobonus.ai\/wp-content\/uploads\/2025\/07\/wagering.png\"},{\"@type\":\"BreadcrumbList\",\"@id\":\"https:\/\/www.kasinobonus.ai\/se\/omsattningskrav\/#breadcrumb\",\"itemListElement\":[{\"@type\":\"ListItem\",\"position\":1,\"name\":\"Home\",\"item\":\"https:\/\/www.kasinobonus.ai\/se\/\"},{\"@type\":\"ListItem\",\"position\":2,\"name\":\"Oms\u00e4ttningskrav\"}]},{\"@type\":\"WebSite\",\"@id\":\"https:\/\/www.kasinobonus.ai\/se\/#website\",\"url\":\"https:\/\/www.kasinobonus.ai\/se\/\",\"name\":\"www.kasinobonus.ai\",\"description\":\"\",\"publisher\":{\"@id\":\"https:\/\/www.kasinobonus.ai\/se\/#organization\"},\"potentialAction\":[{\"@type\":\"SearchAction\",\"target\":{\"@type\":\"EntryPoint\",\"urlTemplate\":\"https:\/\/www.kasinobonus.ai\/se\/?s={search_term_string}\"},\"query-input\":{\"@type\":\"PropertyValueSpecification\",\"valueRequired\":true,\"valueName\":\"search_term_string\"}}],\"inLanguage\":\"sv-SE\"},{\"@type\":\"Organization\",\"@id\":\"https:\/\/www.kasinobonus.ai\/se\/#organization\",\"name\":\"KasinoBonus\",\"alternateName\":\"KasinoBonusAI\",\"url\":\"https:\/\/www.kasinobonus.ai\/se\/\",\"logo\":{\"@type\":\"ImageObject\",\"inLanguage\":\"sv-SE\",\"@id\":\"https:\/\/www.kasinobonus.ai\/se\/#\/schema\/logo\/image\/\",\"url\":\"https:\/\/www.kasinobonus.ai\/wp-content\/uploads\/2023\/09\/kasinobonus-logo-light.png\",\"contentUrl\":\"https:\/\/www.kasinobonus.ai\/wp-content\/uploads\/2023\/09\/kasinobonus-logo-light.png\",\"width\":3200,\"height\":596,\"caption\":\"KasinoBonus\"},\"image\":{\"@id\":\"https:\/\/www.kasinobonus.ai\/se\/#\/schema\/logo\/image\/\"},\"sameAs\":[\"https:\/\/www.facebook.com\/kasinobonusio\/\",\"https:\/\/x.com\/Kasinobonus_io\",\"https:\/\/www.linkedin.com\/in\/matti-slotte-26612033b\",\"http:\/\/kasinobonus.wikidot.com\/system:welcome\",\"https:\/\/www.trustpilot.com\/review\/www.kasinobonus.ai\",\"https:\/\/orcid.org\/0009-0007-2889-1713\",\"https:\/\/en.everybodywiki.com\/Matti_Slotte\",\"https:\/\/www.immuniweb.com\/ssl\/kasinobonus.ai\/M4lqCqYY\/\"]}]}<\/script>\n<!-- \/ Yoast SEO plugin. -->","yoast_head_json":{"title":"Oms\u00e4ttningskrav p\u00e5 onlinekasinon - en spelares guide","description":"L\u00e4r dig allt om oms\u00e4ttningskrav p\u00e5 onlinekasinon: vad de betyder, hur de p\u00e5verkar dina kasinobonusar och tips f\u00f6r att f\u00e5 ut det mesta av dem.","robots":{"index":"index","follow":"follow","max-snippet":"max-snippet:-1","max-image-preview":"max-image-preview:large","max-video-preview":"max-video-preview:-1"},"canonical":"https:\/\/www.kasinobonus.ai\/se\/omsattningskrav\/","schema":{"@context":"https:\/\/schema.org","@graph":[{"@type":"WebPage","@id":"https:\/\/www.kasinobonus.ai\/se\/omsattningskrav\/","url":"https:\/\/www.kasinobonus.ai\/se\/omsattningskrav\/","name":"Oms\u00e4ttningskrav p\u00e5 onlinekasinon - en spelares guide","isPartOf":{"@id":"https:\/\/www.kasinobonus.ai\/se\/#website"},"primaryImageOfPage":{"@id":"https:\/\/www.kasinobonus.ai\/se\/omsattningskrav\/#primaryimage"},"image":{"@id":"https:\/\/www.kasinobonus.ai\/se\/omsattningskrav\/#primaryimage"},"thumbnailUrl":"https:\/\/www.kasinobonus.ai\/wp-content\/uploads\/2025\/07\/wagering.png","datePublished":"2023-09-01T05:45:45+00:00","dateModified":"2025-07-27T09:55:32+00:00","description":"L\u00e4r dig allt om oms\u00e4ttningskrav p\u00e5 onlinekasinon: vad de betyder, hur de p\u00e5verkar dina kasinobonusar och tips f\u00f6r att f\u00e5 ut det mesta av dem.","breadcrumb":{"@id":"https:\/\/www.kasinobonus.ai\/se\/omsattningskrav\/#breadcrumb"},"inLanguage":"sv-SE","potentialAction":[{"@type":"ReadAction","target":["https:\/\/www.kasinobonus.ai\/se\/omsattningskrav\/"]}]},{"@type":"ImageObject","inLanguage":"sv-SE","@id":"https:\/\/www.kasinobonus.ai\/se\/omsattningskrav\/#primaryimage","url":"https:\/\/www.kasinobonus.ai\/wp-content\/uploads\/2025\/07\/wagering.png","contentUrl":"https:\/\/www.kasinobonus.ai\/wp-content\/uploads\/2025\/07\/wagering.png"},{"@type":"BreadcrumbList","@id":"https:\/\/www.kasinobonus.ai\/se\/omsattningskrav\/#breadcrumb","itemListElement":[{"@type":"ListItem","position":1,"name":"Home","item":"https:\/\/www.kasinobonus.ai\/se\/"},{"@type":"ListItem","position":2,"name":"Oms\u00e4ttningskrav"}]},{"@type":"WebSite","@id":"https:\/\/www.kasinobonus.ai\/se\/#website","url":"https:\/\/www.kasinobonus.ai\/se\/","name":"www.kasinobonus.ai","description":"","publisher":{"@id":"https:\/\/www.kasinobonus.ai\/se\/#organization"},"potentialAction":[{"@type":"SearchAction","target":{"@type":"EntryPoint","urlTemplate":"https:\/\/www.kasinobonus.ai\/se\/?s={search_term_string}"},"query-input":{"@type":"PropertyValueSpecification","valueRequired":true,"valueName":"search_term_string"}}],"inLanguage":"sv-SE"},{"@type":"Organization","@id":"https:\/\/www.kasinobonus.ai\/se\/#organization","name":"KasinoBonus","alternateName":"KasinoBonusAI","url":"https:\/\/www.kasinobonus.ai\/se\/","logo":{"@type":"ImageObject","inLanguage":"sv-SE","@id":"https:\/\/www.kasinobonus.ai\/se\/#\/schema\/logo\/image\/","url":"https:\/\/www.kasinobonus.ai\/wp-content\/uploads\/2023\/09\/kasinobonus-logo-light.png","contentUrl":"https:\/\/www.kasinobonus.ai\/wp-content\/uploads\/2023\/09\/kasinobonus-logo-light.png","width":3200,"height":596,"caption":"KasinoBonus"},"image":{"@id":"https:\/\/www.kasinobonus.ai\/se\/#\/schema\/logo\/image\/"},"sameAs":["https:\/\/www.facebook.com\/kasinobonusio\/","https:\/\/x.com\/Kasinobonus_io","https:\/\/www.linkedin.com\/in\/matti-slotte-26612033b","http:\/\/kasinobonus.wikidot.com\/system:welcome","https:\/\/www.trustpilot.com\/review\/www.kasinobonus.ai","https:\/\/orcid.org\/0009-0007-2889-1713","https:\/\/en.everybodywiki.com\/Matti_Slotte","https:\/\/www.immuniweb.com\/ssl\/kasinobonus.ai\/M4lqCqYY\/"]}]}},"_links":{"self":[{"href":"https:\/\/www.kasinobonus.ai\/se\/wp-json\/wp\/v2\/pages\/8861","targetHints":{"allow":["GET"]}}],"collection":[{"href":"https:\/\/www.kasinobonus.ai\/se\/wp-json\/wp\/v2\/pages"}],"about":[{"href":"https:\/\/www.kasinobonus.ai\/se\/wp-json\/wp\/v2\/types\/page"}],"author":[{"embeddable":true,"href":"https:\/\/www.kasinobonus.ai\/se\/wp-json\/wp\/v2\/users\/1"}],"replies":[{"embeddable":true,"href":"https:\/\/www.kasinobonus.ai\/se\/wp-json\/wp\/v2\/comments?post=8861"}],"version-history":[{"count":2,"href":"https:\/\/www.kasinobonus.ai\/se\/wp-json\/wp\/v2\/pages\/8861\/revisions"}],"predecessor-version":[{"id":34555,"href":"https:\/\/www.kasinobonus.ai\/se\/wp-json\/wp\/v2\/pages\/8861\/revisions\/34555"}],"wp:attachment":[{"href":"https:\/\/www.kasinobonus.ai\/se\/wp-json\/wp\/v2\/media?parent=8861"}],"curies":[{"name":"wp","href":"https:\/\/api.w.org\/{rel}","templated":true}]}}