{"id":8848,"date":"2023-09-01T06:25:29","date_gmt":"2023-09-01T06:25:29","guid":{"rendered":"http:\/\/kasinobonus.ai.dedivirt842.your-server.de\/meista\/"},"modified":"2025-07-26T09:06:48","modified_gmt":"2025-07-26T09:06:48","slug":"information","status":"publish","type":"page","link":"https:\/\/www.kasinobonus.ai\/se\/information\/","title":{"rendered":"Information"},"content":{"rendered":"\n<h1 class=\"wp-block-heading\">Information om Kasinobonus<\/h1>\n\n\n\n<p>Kasinobonus har sina r\u00f6tter i onlinespelshypen i b\u00f6rjan av 2000-talet, men Kasinobonus grundades \u00e5r 2020. Du befinner dig p\u00e5 en webbplats som skapats av <a href=\"https:\/\/www.kasinobonus.ai\/se\/matti-slotte\/\">Matti Slotte<\/a>, en legend inom den finska pokerscenen p\u00e5 den tiden och som har stannat kvar och fungerat som en h\u00f6rnsten f\u00f6r den finska spelscenen fram till idag.<\/p>\n\n\n\n<h2 class=\"wp-block-heading\"><a><\/a><strong>Vad \u00e4r nytt 2025<\/strong><\/h2>\n\n\n\n<p>2025 \u00e4r b\u00f6rjan p\u00e5 ett nytt kapitel f\u00f6r Kasinobonus. I \u00e5r introducerar vi nya, smartare bonusgranskningsverktyg &#8211; drivna av AI &#8211; vi har ut\u00f6kat v\u00e5rt test- och granskningsteam och lagt till nytt inneh\u00e5ll som fokuserar <em>starkt <\/em>p\u00e5 kryptokasinon, mobilspel och s\u00e4krare spel.<\/p>\n\n\n\n<p>Vi har \u00e4ven b\u00f6rjat publicera exklusiva insikter baserade p\u00e5 feedback fr\u00e5n spelare och m\u00e4tv\u00e4rden f\u00f6r uttagshastighet. Matti leder fortfarande arbetet, men nu med fler verktyg och st\u00f6rre r\u00e4ckvidd \u00e4n n\u00e5gonsin tidigare &#8211; s\u00e5 du kan lita p\u00e5 att varje kasino vi rekommenderar \u00e4r mer grundligt granskat, oftare kontrollerat och mer spelarfokuserat \u00e4n n\u00e5gonsin.<\/p>\n\n\n\n<p>Det kan verka som en massa casinorecensioner och n\u00e5gra banners, n\u00e5gra bonusar, logotyper, uppmaningar till handling, samma gamla samma gamla. Saker du ser \u00f6verallt.<\/p>\n\n\n\n<p>Men denna webbplats \u00e4r annorlunda. Mattis stora erfarenhet ser till att endast de noggrant utvalda kasinona hamnar p\u00e5 listan, medan de som inte \u00e4r tillr\u00e4ckligt bra helt enkelt utel\u00e4mnas. Lita p\u00e5 att Matti \u00e4r limmet som h\u00e5ller ihop den h\u00e4r spelscenen och att han \u00e4r den person som vakar \u00f6ver dig s\u00e5 att du inte spelar p\u00e5 oseri\u00f6sa webbplatser.<\/p>\n\n\n\n<p>Matti till exempel ser till att casinobonusen har ett bra f\u00f6rv\u00e4ntat v\u00e4rde och att den inte inneh\u00e5ller n\u00e5gra villkor som \u00e4r utformade f\u00f6r att casinot ska kunna ogiltigf\u00f6rklara din bonus. Har du t\u00e4nkt p\u00e5 det? Nej, det har du inte? Jo, Matti g\u00f6r det. Han g\u00f6r det varje dag.<\/p>\n\n\n\n<p>Och en annan sak. Kasinon drivs av m\u00e4nniskor. Matti pratar med m\u00e4nniskorna bakom ett kasinovarum\u00e4rke. Du f\u00e5r inte chansen att g\u00f6ra det, men det f\u00e5r han, s\u00e5 han anv\u00e4nder sina kontakter f\u00f6r att g\u00f6ra just det och f\u00f6r att se vem som st\u00e5r bakom ett kasinovarum\u00e4rke och om deras avsikter \u00e4r goda eller d\u00e5liga.<\/p>\n\n\n\n<h2 class=\"wp-block-heading\"><a><\/a><strong>Varf\u00f6r vi \u00e4r annorlunda<\/strong><\/h2>\n\n\n\n<p>KasinoBonus \u00e4r k\u00e4nt f\u00f6r att rekommendera <a href=\"https:\/\/www.kasinobonus.ai\/se\/\">de b\u00e4sta onlinekasinon med riktiga pengar <\/a>till spelare, men vad <em>g\u00f6r oss <\/em>faktiskt s\u00e5 unika och l\u00e5ngt f\u00f6re v\u00e5ra konkurrenter? H\u00e4r \u00e4r n\u00e5gra anledningar som skiljer KasinoBonus \u00e5t:<\/p>\n\n\n\n<ul class=\"wp-block-list\">\n<li><strong>Bonusintegritet: <\/strong>Matti kontrollerar <em>personligen <\/em>de finstilta villkoren i alla bonusar som vi granskar. Om det finns n\u00e5gra l\u00f6mska villkor &#8211; utformade f\u00f6r att ogiltigf\u00f6rklara dina vinster f\u00f6r att g\u00f6ra det sv\u00e5rare f\u00f6r dig att ta ut pengar &#8211; kommer bonusen inte med p\u00e5 listan.<\/li>\n\n\n\n<li><strong>Tillg\u00e5ng till insiderinformation: <\/strong>De flesta spelare f\u00e5r aldrig tillf\u00e4lle att <em>prata <\/em>med m\u00e4nniskorna bakom kulisserna. Matti g\u00f6r det. Han anv\u00e4nder dessa kontakter f\u00f6r att verifiera vem som styr och st\u00e4ller &#8211; och om deras avsikter \u00e4r goda eller inte.<\/li>\n\n\n\n<li><strong>Testning i den verkliga v\u00e4rlden: <\/strong>Till skillnad fr\u00e5n n\u00e4stan alla andra webbplatser f\u00f6r kasinotestning g\u00f6r vi <em>ins\u00e4ttningar av riktiga pengar &#8211; <\/em>precis som du skulle g\u00f6ra &#8211; f\u00f6r att se exakt hur dessa kasinon faktiskt fungerar. Vi tittar inte bara p\u00e5 gl\u00e4nsande hemsidor; vi kontrollerar uttagsprocessen, testar kundsupportfaciliteterna och allt d\u00e4remellan!<\/li>\n<\/ul>\n\n\n\n<h2 class=\"wp-block-heading\"><strong>Varf\u00f6r v\u00e4lja Kasinobonus?<\/strong><\/h2>\n\n\n\n<p>Specifikt kommer du att v\u00e4lja Kasinobonus \u00f6ver n\u00e5gra liknande webbplatser eftersom du h\u00e4r kan l\u00e4sa sanningsenliga recensioner av en branschlegend som bara har dina b\u00e4sta intressen i hj\u00e4rtat. Kasinorecensioner \u00e4r inget sk\u00e4mt. Det \u00e4r ett sv\u00e5rt arbete som har utvidgats under \u00e5ren till att omfatta f\u00f6ljande:<\/p>\n\n\n\n<ul class=\"wp-block-list\">\n<li>Professionella och brutalt \u00e4rliga kasinorecensioner<\/li>\n\n\n\n<li>Ins\u00e4ttningar av riktiga pengar till kasinon f\u00f6r att testa dem<\/li>\n\n\n\n<li>Bakgrundskontroller av kasinon och bolagen bakom dem<\/li>\n\n\n\n<li>Samtal med andra finska spelare som spelade p\u00e5 kasinot<\/li>\n\n\n\n<li>Granskning av allm\u00e4nna villkor ur ett juridiskt perspektiv<\/li>\n\n\n\n<li>Mattis personliga \u00e5sikt om ett kasino<\/li>\n<\/ul>\n\n\n\n<h2 class=\"wp-block-heading\"><a><\/a><strong>V\u00e5rt uppdrag<\/strong><\/h2>\n\n\n\n<p>www.kasinobonus.ai \u00e4r p\u00e5 uppdrag att leverera korrekt information till finska spelare, s\u00e5 att de kan bli mer utbildade och s\u00e5 att de \u00e4r anslutna till de kasinom\u00e4rken som kommer att ta v\u00e4l hand om dem. Spelarens f\u00f6rdel \u00e4r i framkant av vad Matti g\u00f6r h\u00e4r.<\/p>\n\n\n\n<p>Utan www.kasinobonus.ai skulle spelarna inte veta vilket kasino som \u00e4r bra och vilket som inte \u00e4r det, och de skulle inte vara lika utbildade om spel i allm\u00e4nhet.<\/p>\n\n\n\n<h2 class=\"wp-block-heading\"><a><\/a><strong>Annons- och redaktionell policy<\/strong><\/h2>\n\n\n\n<p>Vi finansieras genom att s\u00e4lja reklamutrymme. En viktig sak att notera \u00e4r dock att reklambetalningar aldrig n\u00e5gonsin p\u00e5verkar v\u00e5r uttalade \u00e5sikt om det annonserade varum\u00e4rket. Det har h\u00e4nt att Matti har tagit emot pengar f\u00f6r en recension, och sedan har recensionen visat sig vara d\u00e5lig f\u00f6r varum\u00e4rket eftersom varum\u00e4rket inte \u00e4r bra. F\u00f6retaget kan betala f\u00f6r recensionen, men de kan inte diktera vad som ska skrivas i recensionen.<\/p>\n\n\n\n<p>Detta \u00e4r den redaktionella integritet som Matti har uppr\u00e4tth\u00e5llit \u00e4nda sedan Kasinobonus lanserades, och den har inte kr\u00e4nkts, inte en enda g\u00e5ng. Det finns inga pengar som kan betala f\u00f6r att Matti ska gl\u00f6mma sina normer.<\/p>\n\n\n\n<h2 class=\"wp-block-heading\"><a><\/a><strong>Varf\u00f6r vi anv\u00e4nder .ai-dom\u00e4nen<\/strong><\/h2>\n\n\n\n<p>Du kanske har lagt m\u00e4rke till att v\u00e5r webbplats nu anv\u00e4nder .ai-dom\u00e4nen. Vi lanserades ursprungligen med .io, som \u00e4r popul\u00e4rt bland nystartade teknikf\u00f6retag och kryptokasinon, men vi har g\u00e5tt \u00f6ver till .ai 2025 f\u00f6r att \u00e5terspegla v\u00e5r utvecklande identitet.<\/p>\n\n\n\n<p>Artificiell intelligens \u00e4r nu en integrerad del av hur vi utv\u00e4rderar bonusar och rankar kasinon varje vecka, och v\u00e5r .ai-dom\u00e4n representerar n\u00e4sta generation av betrodda spelresurser, som kombinerar Mattis m\u00e4nskliga expertis med den senaste tekniken.<\/p>\n","protected":false},"excerpt":{"rendered":"<p>Information om Kasinobonus Kasinobonus har sina r\u00f6tter i onlinespelshypen i b\u00f6rjan av 2000-talet, men Kasinobonus grundades \u00e5r 2020. Du befinner dig p\u00e5 en webbplats som skapats av Matti Slotte, en legend inom den finska pokerscenen p\u00e5 den tiden och som har stannat kvar och fungerat som en h\u00f6rnsten f\u00f6r den finska spelscenen fram till idag. [&hellip;]<\/p>\n","protected":false},"author":1,"featured_media":0,"parent":0,"menu_order":0,"comment_status":"open","ping_status":"closed","template":"","meta":{"inline_featured_image":false,"footnotes":""},"class_list":["post-8848","page","type-page","status-publish","hentry"],"yoast_head":"<!-- This site is optimized with the Yoast SEO plugin v24.5 - https:\/\/yoast.com\/wordpress\/plugins\/seo\/ -->\n<title>Kasinobonus: Vilka \u00c4r Vi och Vad G\u00f6r Vi?<\/title>\n<meta name=\"description\" content=\"eamet bakom Kasinobonus presenterar sig. L\u00e4r k\u00e4nna oss och hur vi v\u00e4ljer de b\u00e4sta kasinobonusarna! L\u00e4s mer g\u00e4rna!\" \/>\n<meta name=\"robots\" content=\"index, follow, max-snippet:-1, max-image-preview:large, max-video-preview:-1\" \/>\n<link rel=\"canonical\" href=\"https:\/\/www.kasinobonus.ai\/se\/information\/\" \/>\n<script type=\"application\/ld+json\" class=\"yoast-schema-graph\">{\"@context\":\"https:\/\/schema.org\",\"@graph\":[{\"@type\":\"WebPage\",\"@id\":\"https:\/\/www.kasinobonus.ai\/se\/information\/\",\"url\":\"https:\/\/www.kasinobonus.ai\/se\/information\/\",\"name\":\"Kasinobonus: Vilka \u00c4r Vi och Vad G\u00f6r Vi?\",\"isPartOf\":{\"@id\":\"https:\/\/www.kasinobonus.ai\/se\/#website\"},\"datePublished\":\"2023-09-01T06:25:29+00:00\",\"dateModified\":\"2025-07-26T09:06:48+00:00\",\"description\":\"eamet bakom Kasinobonus presenterar sig. L\u00e4r k\u00e4nna oss och hur vi v\u00e4ljer de b\u00e4sta kasinobonusarna! L\u00e4s mer g\u00e4rna!\",\"breadcrumb\":{\"@id\":\"https:\/\/www.kasinobonus.ai\/se\/information\/#breadcrumb\"},\"inLanguage\":\"sv-SE\",\"potentialAction\":[{\"@type\":\"ReadAction\",\"target\":[\"https:\/\/www.kasinobonus.ai\/se\/information\/\"]}]},{\"@type\":\"BreadcrumbList\",\"@id\":\"https:\/\/www.kasinobonus.ai\/se\/information\/#breadcrumb\",\"itemListElement\":[{\"@type\":\"ListItem\",\"position\":1,\"name\":\"Home\",\"item\":\"https:\/\/www.kasinobonus.ai\/se\/\"},{\"@type\":\"ListItem\",\"position\":2,\"name\":\"Information\"}]},{\"@type\":\"WebSite\",\"@id\":\"https:\/\/www.kasinobonus.ai\/se\/#website\",\"url\":\"https:\/\/www.kasinobonus.ai\/se\/\",\"name\":\"www.kasinobonus.ai\",\"description\":\"\",\"publisher\":{\"@id\":\"https:\/\/www.kasinobonus.ai\/se\/#organization\"},\"potentialAction\":[{\"@type\":\"SearchAction\",\"target\":{\"@type\":\"EntryPoint\",\"urlTemplate\":\"https:\/\/www.kasinobonus.ai\/se\/?s={search_term_string}\"},\"query-input\":{\"@type\":\"PropertyValueSpecification\",\"valueRequired\":true,\"valueName\":\"search_term_string\"}}],\"inLanguage\":\"sv-SE\"},{\"@type\":\"Organization\",\"@id\":\"https:\/\/www.kasinobonus.ai\/se\/#organization\",\"name\":\"KasinoBonus\",\"alternateName\":\"KasinoBonusAI\",\"url\":\"https:\/\/www.kasinobonus.ai\/se\/\",\"logo\":{\"@type\":\"ImageObject\",\"inLanguage\":\"sv-SE\",\"@id\":\"https:\/\/www.kasinobonus.ai\/se\/#\/schema\/logo\/image\/\",\"url\":\"https:\/\/www.kasinobonus.ai\/wp-content\/uploads\/2023\/09\/kasinobonus-logo-light.png\",\"contentUrl\":\"https:\/\/www.kasinobonus.ai\/wp-content\/uploads\/2023\/09\/kasinobonus-logo-light.png\",\"width\":3200,\"height\":596,\"caption\":\"KasinoBonus\"},\"image\":{\"@id\":\"https:\/\/www.kasinobonus.ai\/se\/#\/schema\/logo\/image\/\"},\"sameAs\":[\"https:\/\/www.facebook.com\/kasinobonusio\/\",\"https:\/\/x.com\/Kasinobonus_io\",\"https:\/\/www.linkedin.com\/in\/matti-slotte-26612033b\",\"http:\/\/kasinobonus.wikidot.com\/system:welcome\",\"https:\/\/www.trustpilot.com\/review\/www.kasinobonus.ai\",\"https:\/\/orcid.org\/0009-0007-2889-1713\",\"https:\/\/en.everybodywiki.com\/Matti_Slotte\",\"https:\/\/www.immuniweb.com\/ssl\/kasinobonus.ai\/M4lqCqYY\/\"]}]}<\/script>\n<!-- \/ Yoast SEO plugin. -->","yoast_head_json":{"title":"Kasinobonus: Vilka \u00c4r Vi och Vad G\u00f6r Vi?","description":"eamet bakom Kasinobonus presenterar sig. L\u00e4r k\u00e4nna oss och hur vi v\u00e4ljer de b\u00e4sta kasinobonusarna! L\u00e4s mer g\u00e4rna!","robots":{"index":"index","follow":"follow","max-snippet":"max-snippet:-1","max-image-preview":"max-image-preview:large","max-video-preview":"max-video-preview:-1"},"canonical":"https:\/\/www.kasinobonus.ai\/se\/information\/","schema":{"@context":"https:\/\/schema.org","@graph":[{"@type":"WebPage","@id":"https:\/\/www.kasinobonus.ai\/se\/information\/","url":"https:\/\/www.kasinobonus.ai\/se\/information\/","name":"Kasinobonus: Vilka \u00c4r Vi och Vad G\u00f6r Vi?","isPartOf":{"@id":"https:\/\/www.kasinobonus.ai\/se\/#website"},"datePublished":"2023-09-01T06:25:29+00:00","dateModified":"2025-07-26T09:06:48+00:00","description":"eamet bakom Kasinobonus presenterar sig. L\u00e4r k\u00e4nna oss och hur vi v\u00e4ljer de b\u00e4sta kasinobonusarna! L\u00e4s mer g\u00e4rna!","breadcrumb":{"@id":"https:\/\/www.kasinobonus.ai\/se\/information\/#breadcrumb"},"inLanguage":"sv-SE","potentialAction":[{"@type":"ReadAction","target":["https:\/\/www.kasinobonus.ai\/se\/information\/"]}]},{"@type":"BreadcrumbList","@id":"https:\/\/www.kasinobonus.ai\/se\/information\/#breadcrumb","itemListElement":[{"@type":"ListItem","position":1,"name":"Home","item":"https:\/\/www.kasinobonus.ai\/se\/"},{"@type":"ListItem","position":2,"name":"Information"}]},{"@type":"WebSite","@id":"https:\/\/www.kasinobonus.ai\/se\/#website","url":"https:\/\/www.kasinobonus.ai\/se\/","name":"www.kasinobonus.ai","description":"","publisher":{"@id":"https:\/\/www.kasinobonus.ai\/se\/#organization"},"potentialAction":[{"@type":"SearchAction","target":{"@type":"EntryPoint","urlTemplate":"https:\/\/www.kasinobonus.ai\/se\/?s={search_term_string}"},"query-input":{"@type":"PropertyValueSpecification","valueRequired":true,"valueName":"search_term_string"}}],"inLanguage":"sv-SE"},{"@type":"Organization","@id":"https:\/\/www.kasinobonus.ai\/se\/#organization","name":"KasinoBonus","alternateName":"KasinoBonusAI","url":"https:\/\/www.kasinobonus.ai\/se\/","logo":{"@type":"ImageObject","inLanguage":"sv-SE","@id":"https:\/\/www.kasinobonus.ai\/se\/#\/schema\/logo\/image\/","url":"https:\/\/www.kasinobonus.ai\/wp-content\/uploads\/2023\/09\/kasinobonus-logo-light.png","contentUrl":"https:\/\/www.kasinobonus.ai\/wp-content\/uploads\/2023\/09\/kasinobonus-logo-light.png","width":3200,"height":596,"caption":"KasinoBonus"},"image":{"@id":"https:\/\/www.kasinobonus.ai\/se\/#\/schema\/logo\/image\/"},"sameAs":["https:\/\/www.facebook.com\/kasinobonusio\/","https:\/\/x.com\/Kasinobonus_io","https:\/\/www.linkedin.com\/in\/matti-slotte-26612033b","http:\/\/kasinobonus.wikidot.com\/system:welcome","https:\/\/www.trustpilot.com\/review\/www.kasinobonus.ai","https:\/\/orcid.org\/0009-0007-2889-1713","https:\/\/en.everybodywiki.com\/Matti_Slotte","https:\/\/www.immuniweb.com\/ssl\/kasinobonus.ai\/M4lqCqYY\/"]}]}},"_links":{"self":[{"href":"https:\/\/www.kasinobonus.ai\/se\/wp-json\/wp\/v2\/pages\/8848","targetHints":{"allow":["GET"]}}],"collection":[{"href":"https:\/\/www.kasinobonus.ai\/se\/wp-json\/wp\/v2\/pages"}],"about":[{"href":"https:\/\/www.kasinobonus.ai\/se\/wp-json\/wp\/v2\/types\/page"}],"author":[{"embeddable":true,"href":"https:\/\/www.kasinobonus.ai\/se\/wp-json\/wp\/v2\/users\/1"}],"replies":[{"embeddable":true,"href":"https:\/\/www.kasinobonus.ai\/se\/wp-json\/wp\/v2\/comments?post=8848"}],"version-history":[{"count":5,"href":"https:\/\/www.kasinobonus.ai\/se\/wp-json\/wp\/v2\/pages\/8848\/revisions"}],"predecessor-version":[{"id":34456,"href":"https:\/\/www.kasinobonus.ai\/se\/wp-json\/wp\/v2\/pages\/8848\/revisions\/34456"}],"wp:attachment":[{"href":"https:\/\/www.kasinobonus.ai\/se\/wp-json\/wp\/v2\/media?parent=8848"}],"curies":[{"name":"wp","href":"https:\/\/api.w.org\/{rel}","templated":true}]}}