{"id":8843,"date":"2023-09-01T06:32:04","date_gmt":"2023-09-01T06:32:04","guid":{"rendered":"http:\/\/kasinobonus.ai.dedivirt842.your-server.de\/yhteydenotto\/"},"modified":"2025-07-26T08:13:21","modified_gmt":"2025-07-26T08:13:21","slug":"kontakt","status":"publish","type":"page","link":"https:\/\/www.kasinobonus.ai\/se\/kontakt\/","title":{"rendered":"Kontakta"},"content":{"rendered":"\n<h1 class=\"wp-block-heading\"><strong>Kontakta Oss och Vi Hj\u00e4lper Dig i Kasinov\u00e4rlden<\/strong><\/h1>\n\n\n\n<p>Kasinospel kan ibland v\u00e4cka fr\u00e5gor eller kr\u00e4va en expertsynvinkel. www.kasinobonus.ai \u00e4r h\u00e4r f\u00f6r att hj\u00e4lpa just dig. Oavsett vilken fr\u00e5ga eller behov du har, \u00e4r vi redo att bist\u00e5.<\/p>\n\n\n\n<h2 class=\"wp-block-heading\">Hur Kan Vi Hj\u00e4lpa Till?<\/h2>\n\n\n\n<ul class=\"wp-block-list\">\n<li><strong>Bonusf\u00f6rfr\u00e5gningar:<\/strong> \u00c4r du os\u00e4ker p\u00e5 ett bonuserbjudande? Skicka oss informationen och vi hj\u00e4lper dig g\u00e4rna!<\/li>\n\n\n\n<li><strong>Oms\u00e4ttningskrav:<\/strong> Beh\u00f6ver du f\u00f6rtydligande om oms\u00e4ttningskrav? De kan vara komplicerade, men vi f\u00f6rklarar dem f\u00f6r dig.<\/li>\n\n\n\n<li><strong>Problem situationer:<\/strong> Om du st\u00f6ter p\u00e5 problem hos ett kasino, vare sig det \u00e4r ett tekniskt fel, spelfr\u00e5gor eller n\u00e5got annat, \u00e4r vi h\u00e4r f\u00f6r att st\u00f6dja.<\/li>\n\n\n\n<li><strong>Bonusar f\u00f6r highrollers:<\/strong> F\u00f6r dig som spelar stort har vi exklusiva erbjudanden. Kontakta oss s\u00e5 ber\u00e4ttar vi mer.<\/li>\n\n\n\n<li><strong>Hj\u00e4lp med kasinokonflikter:<\/strong> Om du har hamnat i en konflikt med ett kasino kan vi hj\u00e4lpa till i f\u00f6rhandlingarna och erbjuda expertst\u00f6d.<\/li>\n\n\n\n<li><strong>Och mycket mer:<\/strong> Oavsett vilka behov du har, \u00e4r vi h\u00e4r f\u00f6r att hj\u00e4lpa dig i kasinov\u00e4rlden.<\/li>\n<\/ul>\n\n\n\n<p><strong>Kontakta oss<\/strong><\/p>\n\n\n<div class=\"wpforms-container wpforms-container-full wpforms-render-modern\" id=\"wpforms-34372\"><form id=\"wpforms-form-34372\" class=\"wpforms-validate wpforms-form wpforms-ajax-form\" data-formid=\"34372\" method=\"post\" enctype=\"multipart\/form-data\" action=\"\/se\/wp-json\/wp\/v2\/pages\/8843\" data-token=\"e2f1b3bac72f7958c1d6a31c8df0ca04\" data-token-time=\"1775412171\"><noscript class=\"wpforms-error-noscript\">Please enable JavaScript in your browser to complete this form.<\/noscript><div id=\"wpforms-error-noscript\" style=\"display: none;\">Please enable JavaScript in your browser to complete this form.<\/div><div class=\"wpforms-field-container\"><div id=\"wpforms-34372-field_1-container\" class=\"wpforms-field wpforms-field-name\" data-field-id=\"1\"><label class=\"wpforms-field-label\" for=\"wpforms-34372-field_1\">Name <span class=\"wpforms-required-label\" aria-hidden=\"true\">*<\/span><\/label><input type=\"text\" id=\"wpforms-34372-field_1\" class=\"wpforms-field-medium wpforms-field-required\" name=\"wpforms[fields][1]\" aria-errormessage=\"wpforms-34372-field_1-error\" required><\/div><div id=\"wpforms-34372-field_2-container\" class=\"wpforms-field wpforms-field-email\" data-field-id=\"2\"><label class=\"wpforms-field-label\" for=\"wpforms-34372-field_2\">Email <span class=\"wpforms-required-label\" aria-hidden=\"true\">*<\/span><\/label><input type=\"email\" id=\"wpforms-34372-field_2\" class=\"wpforms-field-medium wpforms-field-required\" name=\"wpforms[fields][2]\" spellcheck=\"false\" aria-errormessage=\"wpforms-34372-field_2-error\" required><\/div>\t\t<div id=\"wpforms-34372-field_4-container\"\n\t\t\tclass=\"wpforms-field wpforms-field-text\"\n\t\t\tdata-field-type=\"text\"\n\t\t\tdata-field-id=\"4\"\n\t\t\t>\n\t\t\t<label class=\"wpforms-field-label\" for=\"wpforms-34372-field_4\" >Comment Message or<\/label>\n\t\t\t<input type=\"text\" id=\"wpforms-34372-field_4\" class=\"wpforms-field-medium\" name=\"wpforms[fields][4]\" >\n\t\t<\/div>\n\t\t<div id=\"wpforms-34372-field_3-container\" class=\"wpforms-field wpforms-field-textarea\" data-field-id=\"3\"><label class=\"wpforms-field-label\" for=\"wpforms-34372-field_3\">Comment or Message <span class=\"wpforms-required-label\" aria-hidden=\"true\">*<\/span><\/label><textarea id=\"wpforms-34372-field_3\" class=\"wpforms-field-medium wpforms-field-required\" name=\"wpforms[fields][3]\" aria-errormessage=\"wpforms-34372-field_3-error\" required><\/textarea><\/div><script>\n\t\t\t\t( function() {\n\t\t\t\t\tconst style = document.createElement( 'style' );\n\t\t\t\t\tstyle.appendChild( document.createTextNode( '#wpforms-34372-field_4-container { position: absolute !important; overflow: hidden !important; display: inline !important; height: 1px !important; width: 1px !important; z-index: -1000 !important; padding: 0 !important; } #wpforms-34372-field_4-container input { visibility: hidden; } #wpforms-conversational-form-page #wpforms-34372-field_4-container label { counter-increment: none; }' ) );\n\t\t\t\t\tdocument.head.appendChild( style );\n\t\t\t\t\tdocument.currentScript?.remove();\n\t\t\t\t} )();\n\t\t\t<\/script><\/div><!-- .wpforms-field-container --><div class=\"wpforms-submit-container\" ><input type=\"hidden\" name=\"wpforms[id]\" value=\"34372\"><input type=\"hidden\" name=\"page_title\" value=\"\"><input type=\"hidden\" name=\"page_url\" value=\"https:\/\/www.kasinobonus.ai\/se\/wp-json\/wp\/v2\/pages\/8843\"><input type=\"hidden\" name=\"url_referer\" value=\"\"><button type=\"submit\" name=\"wpforms[submit]\" id=\"wpforms-submit-34372\" class=\"wpforms-submit\" data-alt-text=\"Sending...\" data-submit-text=\"Submit\" aria-live=\"assertive\" value=\"wpforms-submit\">Submit<\/button><img decoding=\"async\" src=\"https:\/\/www.kasinobonus.ai\/wp-content\/plugins\/wpforms-lite\/assets\/images\/submit-spin.svg\" class=\"wpforms-submit-spinner\" style=\"display: none;\" width=\"26\" height=\"26\" alt=\"Loading\"><\/div><\/form><\/div>  <!-- .wpforms-container -->\n\n\n\n<p><strong>Facebook<\/strong>: <a href=\"https:\/\/www.facebook.com\/kasinobonusio\">https:\/\/www.facebook.com\/kasinobonusio<\/a><\/p>\n\n\n\n<p><strong>X (Twitter):<\/strong> <a href=\"https:\/\/twitter.com\/Kasinobonus_io\">https:\/\/twitter.com\/Kasinobonus_io<\/a><\/p>\n","protected":false},"excerpt":{"rendered":"<p>Kontakta Oss och Vi Hj\u00e4lper Dig i Kasinov\u00e4rlden Kasinospel kan ibland v\u00e4cka fr\u00e5gor eller kr\u00e4va en expertsynvinkel. www.kasinobonus.ai \u00e4r h\u00e4r f\u00f6r att hj\u00e4lpa just dig. Oavsett vilken fr\u00e5ga eller behov du har, \u00e4r vi redo att bist\u00e5. Hur Kan Vi Hj\u00e4lpa Till? Kontakta oss Facebook: https:\/\/www.facebook.com\/kasinobonusio X (Twitter): https:\/\/twitter.com\/Kasinobonus_io<\/p>\n","protected":false},"author":1,"featured_media":0,"parent":0,"menu_order":0,"comment_status":"open","ping_status":"closed","template":"","meta":{"inline_featured_image":false,"footnotes":""},"class_list":["post-8843","page","type-page","status-publish","hentry"],"yoast_head":"<!-- This site is optimized with the Yoast SEO plugin v24.5 - https:\/\/yoast.com\/wordpress\/plugins\/seo\/ -->\n<title>Kontakta www.kasinobonus.ai \u2013 Hj\u00e4lp Med Kasino\u00e4renden<\/title>\n<meta name=\"description\" content=\"www.kasinobonus.ai hj\u00e4lper dig med fr\u00e5gor som ber\u00f6r kasino. Expertassistans f\u00f6r allt fr\u00e5n bonusar till problem situationer.\" \/>\n<meta name=\"robots\" content=\"index, follow, max-snippet:-1, max-image-preview:large, max-video-preview:-1\" \/>\n<link rel=\"canonical\" href=\"https:\/\/www.kasinobonus.ai\/se\/kontakt\/\" \/>\n<script type=\"application\/ld+json\" class=\"yoast-schema-graph\">{\"@context\":\"https:\/\/schema.org\",\"@graph\":[{\"@type\":\"WebPage\",\"@id\":\"https:\/\/www.kasinobonus.ai\/se\/kontakt\/\",\"url\":\"https:\/\/www.kasinobonus.ai\/se\/kontakt\/\",\"name\":\"Kontakta www.kasinobonus.ai \u2013 Hj\u00e4lp Med Kasino\u00e4renden\",\"isPartOf\":{\"@id\":\"https:\/\/www.kasinobonus.ai\/se\/#website\"},\"datePublished\":\"2023-09-01T06:32:04+00:00\",\"dateModified\":\"2025-07-26T08:13:21+00:00\",\"description\":\"www.kasinobonus.ai hj\u00e4lper dig med fr\u00e5gor som ber\u00f6r kasino. Expertassistans f\u00f6r allt fr\u00e5n bonusar till problem situationer.\",\"breadcrumb\":{\"@id\":\"https:\/\/www.kasinobonus.ai\/se\/kontakt\/#breadcrumb\"},\"inLanguage\":\"sv-SE\",\"potentialAction\":[{\"@type\":\"ReadAction\",\"target\":[\"https:\/\/www.kasinobonus.ai\/se\/kontakt\/\"]}]},{\"@type\":\"BreadcrumbList\",\"@id\":\"https:\/\/www.kasinobonus.ai\/se\/kontakt\/#breadcrumb\",\"itemListElement\":[{\"@type\":\"ListItem\",\"position\":1,\"name\":\"Home\",\"item\":\"https:\/\/www.kasinobonus.ai\/se\/\"},{\"@type\":\"ListItem\",\"position\":2,\"name\":\"Kontakta\"}]},{\"@type\":\"WebSite\",\"@id\":\"https:\/\/www.kasinobonus.ai\/se\/#website\",\"url\":\"https:\/\/www.kasinobonus.ai\/se\/\",\"name\":\"www.kasinobonus.ai\",\"description\":\"\",\"publisher\":{\"@id\":\"https:\/\/www.kasinobonus.ai\/se\/#organization\"},\"potentialAction\":[{\"@type\":\"SearchAction\",\"target\":{\"@type\":\"EntryPoint\",\"urlTemplate\":\"https:\/\/www.kasinobonus.ai\/se\/?s={search_term_string}\"},\"query-input\":{\"@type\":\"PropertyValueSpecification\",\"valueRequired\":true,\"valueName\":\"search_term_string\"}}],\"inLanguage\":\"sv-SE\"},{\"@type\":\"Organization\",\"@id\":\"https:\/\/www.kasinobonus.ai\/se\/#organization\",\"name\":\"KasinoBonus\",\"alternateName\":\"KasinoBonusAI\",\"url\":\"https:\/\/www.kasinobonus.ai\/se\/\",\"logo\":{\"@type\":\"ImageObject\",\"inLanguage\":\"sv-SE\",\"@id\":\"https:\/\/www.kasinobonus.ai\/se\/#\/schema\/logo\/image\/\",\"url\":\"https:\/\/www.kasinobonus.ai\/wp-content\/uploads\/2023\/09\/kasinobonus-logo-light.png\",\"contentUrl\":\"https:\/\/www.kasinobonus.ai\/wp-content\/uploads\/2023\/09\/kasinobonus-logo-light.png\",\"width\":3200,\"height\":596,\"caption\":\"KasinoBonus\"},\"image\":{\"@id\":\"https:\/\/www.kasinobonus.ai\/se\/#\/schema\/logo\/image\/\"},\"sameAs\":[\"https:\/\/www.facebook.com\/kasinobonusio\/\",\"https:\/\/x.com\/Kasinobonus_io\",\"https:\/\/www.linkedin.com\/in\/matti-slotte-26612033b\",\"http:\/\/kasinobonus.wikidot.com\/system:welcome\",\"https:\/\/www.trustpilot.com\/review\/www.kasinobonus.ai\",\"https:\/\/orcid.org\/0009-0007-2889-1713\",\"https:\/\/en.everybodywiki.com\/Matti_Slotte\",\"https:\/\/www.immuniweb.com\/ssl\/kasinobonus.ai\/M4lqCqYY\/\"]}]}<\/script>\n<!-- \/ Yoast SEO plugin. -->","yoast_head_json":{"title":"Kontakta www.kasinobonus.ai \u2013 Hj\u00e4lp Med Kasino\u00e4renden","description":"www.kasinobonus.ai hj\u00e4lper dig med fr\u00e5gor som ber\u00f6r kasino. Expertassistans f\u00f6r allt fr\u00e5n bonusar till problem situationer.","robots":{"index":"index","follow":"follow","max-snippet":"max-snippet:-1","max-image-preview":"max-image-preview:large","max-video-preview":"max-video-preview:-1"},"canonical":"https:\/\/www.kasinobonus.ai\/se\/kontakt\/","schema":{"@context":"https:\/\/schema.org","@graph":[{"@type":"WebPage","@id":"https:\/\/www.kasinobonus.ai\/se\/kontakt\/","url":"https:\/\/www.kasinobonus.ai\/se\/kontakt\/","name":"Kontakta www.kasinobonus.ai \u2013 Hj\u00e4lp Med Kasino\u00e4renden","isPartOf":{"@id":"https:\/\/www.kasinobonus.ai\/se\/#website"},"datePublished":"2023-09-01T06:32:04+00:00","dateModified":"2025-07-26T08:13:21+00:00","description":"www.kasinobonus.ai hj\u00e4lper dig med fr\u00e5gor som ber\u00f6r kasino. Expertassistans f\u00f6r allt fr\u00e5n bonusar till problem situationer.","breadcrumb":{"@id":"https:\/\/www.kasinobonus.ai\/se\/kontakt\/#breadcrumb"},"inLanguage":"sv-SE","potentialAction":[{"@type":"ReadAction","target":["https:\/\/www.kasinobonus.ai\/se\/kontakt\/"]}]},{"@type":"BreadcrumbList","@id":"https:\/\/www.kasinobonus.ai\/se\/kontakt\/#breadcrumb","itemListElement":[{"@type":"ListItem","position":1,"name":"Home","item":"https:\/\/www.kasinobonus.ai\/se\/"},{"@type":"ListItem","position":2,"name":"Kontakta"}]},{"@type":"WebSite","@id":"https:\/\/www.kasinobonus.ai\/se\/#website","url":"https:\/\/www.kasinobonus.ai\/se\/","name":"www.kasinobonus.ai","description":"","publisher":{"@id":"https:\/\/www.kasinobonus.ai\/se\/#organization"},"potentialAction":[{"@type":"SearchAction","target":{"@type":"EntryPoint","urlTemplate":"https:\/\/www.kasinobonus.ai\/se\/?s={search_term_string}"},"query-input":{"@type":"PropertyValueSpecification","valueRequired":true,"valueName":"search_term_string"}}],"inLanguage":"sv-SE"},{"@type":"Organization","@id":"https:\/\/www.kasinobonus.ai\/se\/#organization","name":"KasinoBonus","alternateName":"KasinoBonusAI","url":"https:\/\/www.kasinobonus.ai\/se\/","logo":{"@type":"ImageObject","inLanguage":"sv-SE","@id":"https:\/\/www.kasinobonus.ai\/se\/#\/schema\/logo\/image\/","url":"https:\/\/www.kasinobonus.ai\/wp-content\/uploads\/2023\/09\/kasinobonus-logo-light.png","contentUrl":"https:\/\/www.kasinobonus.ai\/wp-content\/uploads\/2023\/09\/kasinobonus-logo-light.png","width":3200,"height":596,"caption":"KasinoBonus"},"image":{"@id":"https:\/\/www.kasinobonus.ai\/se\/#\/schema\/logo\/image\/"},"sameAs":["https:\/\/www.facebook.com\/kasinobonusio\/","https:\/\/x.com\/Kasinobonus_io","https:\/\/www.linkedin.com\/in\/matti-slotte-26612033b","http:\/\/kasinobonus.wikidot.com\/system:welcome","https:\/\/www.trustpilot.com\/review\/www.kasinobonus.ai","https:\/\/orcid.org\/0009-0007-2889-1713","https:\/\/en.everybodywiki.com\/Matti_Slotte","https:\/\/www.immuniweb.com\/ssl\/kasinobonus.ai\/M4lqCqYY\/"]}]}},"_links":{"self":[{"href":"https:\/\/www.kasinobonus.ai\/se\/wp-json\/wp\/v2\/pages\/8843","targetHints":{"allow":["GET"]}}],"collection":[{"href":"https:\/\/www.kasinobonus.ai\/se\/wp-json\/wp\/v2\/pages"}],"about":[{"href":"https:\/\/www.kasinobonus.ai\/se\/wp-json\/wp\/v2\/types\/page"}],"author":[{"embeddable":true,"href":"https:\/\/www.kasinobonus.ai\/se\/wp-json\/wp\/v2\/users\/1"}],"replies":[{"embeddable":true,"href":"https:\/\/www.kasinobonus.ai\/se\/wp-json\/wp\/v2\/comments?post=8843"}],"version-history":[{"count":1,"href":"https:\/\/www.kasinobonus.ai\/se\/wp-json\/wp\/v2\/pages\/8843\/revisions"}],"predecessor-version":[{"id":34391,"href":"https:\/\/www.kasinobonus.ai\/se\/wp-json\/wp\/v2\/pages\/8843\/revisions\/34391"}],"wp:attachment":[{"href":"https:\/\/www.kasinobonus.ai\/se\/wp-json\/wp\/v2\/media?parent=8843"}],"curies":[{"name":"wp","href":"https:\/\/api.w.org\/{rel}","templated":true}]}}