{"id":8838,"date":"2023-09-01T06:34:45","date_gmt":"2023-09-01T06:34:45","guid":{"rendered":"http:\/\/kasinobonus.ai.dedivirt842.your-server.de\/vastuullinen-pelaaminen\/"},"modified":"2025-07-26T09:05:06","modified_gmt":"2025-07-26T09:05:06","slug":"guide-till-ansvarsfullt-spelande","status":"publish","type":"page","link":"https:\/\/www.kasinobonus.ai\/se\/guide-till-ansvarsfullt-spelande\/","title":{"rendered":"Guide till Ansvarsfullt Spelande"},"content":{"rendered":"\n<h1 class=\"wp-block-heading\">Guide till Ansvarsfullt Spelande fr\u00e5n Kasinobonus<\/h1>\n\n\n\n<p>V\u00e5rt team \u00e4r passionerat f\u00f6r v\u00e4rlden av n\u00e4tkasinon och vi str\u00e4var efter att erbjuda v\u00e5ra l\u00e4sare de b\u00e4sta kasinona fr\u00e5n ett opartiskt spelarperspektiv. Eftersom v\u00e5rt team best\u00e5r av spelare, m\u00f6ter vi samma utmaningar och f\u00f6rdelar i iGaming-branschen som du. P\u00e5 sistone har spelberoende blivit en v\u00e4xande oro.<\/p>\n\n\n\n<p>Vi har m\u00e4rkt att allt fler spelare k\u00e4mpar med detta problem. D\u00e4rf\u00f6r har vi sammanst\u00e4llt en omfattande guide om ansvarsfullt spelande. Vi vill ge dig en b\u00e4ttre f\u00f6rst\u00e5else f\u00f6r problemet och metoder f\u00f6r att f\u00f6rebygga det.<\/p>\n\n\n\n<h3 class=\"wp-block-heading\">Vad \u00c4r Spelberoende?<\/h3>\n\n\n\n<p>Spelberoende ser ingen tid eller plats, oavsett om det \u00e4r ett pr\u00e5ligt kasino i Las Vegas eller en liten spelautomat i din hemstad. Problemet uppst\u00e5r n\u00e4r du spelar \u00f6ver dina tillg\u00e5ngar och det p\u00e5verkar andra omr\u00e5den i ditt liv.<\/p>\n\n\n\n<p>\u00c4ven om v\u00e5rt <a href=\"https:\/\/www.kasinobonus.ai\/se\/information\/\">team<\/a> uppmuntrar spelare att utforska nya kasinosidor med b\u00e4ttre erbjudanden, s\u00e5 str\u00e4var vi efter att rekommendera endast s\u00e5dana sidor som erbjuder verktyg f\u00f6r att f\u00f6rebygga spelberoende.<\/p>\n\n\n\n<h3 class=\"wp-block-heading\">Tecken p\u00e5 Spelberoende F\u00f6r att vi ska kunna identifiera symtomen p\u00e5 spelberoende, har vi listat de vanligaste tecknen:<\/h3>\n\n\n\n<ul class=\"wp-block-list\">\n<li>Satsar \u00f6ver den uppsatta gr\u00e4nsen<\/li>\n\n\n\n<li>Jagandet efter f\u00f6rluster<\/li>\n\n\n\n<li>Att spela f\u00f6r st\u00f6rre belopp \u00e4n vad man har r\u00e5d med<\/li>\n\n\n\n<li>Undviker webbplatser som anv\u00e4nder verktyg f\u00f6r att f\u00f6rebygga spelberoende<\/li>\n\n\n\n<li>Skuldbel\u00e4gger otur f\u00f6r f\u00f6rluster ist\u00e4llet f\u00f6r att granska spelstrategi<\/li>\n<\/ul>\n\n\n\n<p>Vanliga orsaker till spelberoende Ofta ligger en \u00f6verdriven f\u00f6rtjusning i kasinospel till grund f\u00f6r spelberoende. Trots att m\u00e5nga njuter av att prova p\u00e5 nya spel, \u00e4r det v\u00e4sentligt att k\u00e4nna igen n\u00e4r spelandet g\u00e5r f\u00f6r l\u00e5ngt. Att se spelandet som en k\u00e4lla till inkomst b\u00f6r aldrig anses vara en god id\u00e9.<\/p>\n\n\n\n<p>Resurser f\u00f6r Spelberoende Vi erbjuder v\u00e5ra l\u00e4sare information om hj\u00e4lpsamma resurser och organisationer som du kan v\u00e4nda dig till om du k\u00e4nner igen tecken p\u00e5 spelberoende hos dig sj\u00e4lv.<\/p>\n\n\n\n<p>Kasinobonus &amp; Ansvarsfullt Spelande Slutligen vill vi betona hur teamet p\u00e5 Kasinobonus hanterar hotet av spelberoende:<\/p>\n\n\n\n<ul class=\"wp-block-list\">\n<li>Vi rekommenderar endast sidor som vi sj\u00e4lva har testat.<\/li>\n\n\n\n<li>Vi rekommenderar endast sidor som erbjuder verktyg f\u00f6r ansvarsfullt spelande.<\/li>\n\n\n\n<li>Vi betonar st\u00e4ndigt betydelsen av ansvarsfullt spelande.<\/li>\n<\/ul>\n\n\n\n<h3 class=\"wp-block-heading\">Hj\u00e4lp F\u00f6r Spelproblem<\/h3>\n\n\n\n<p>Om du eller n\u00e5gon n\u00e4rst\u00e5ende k\u00e4nner igen tecken p\u00e5 spelproblem \u00e4r det viktigt att kontakta en expert eller en organisation som kan erbjuda hj\u00e4lp och st\u00f6d. I Finland finns det flera organisationer och tj\u00e4nster som fokuserar p\u00e5 att hj\u00e4lpa personer med spelproblem:<\/p>\n\n\n\n<ol class=\"wp-block-list\">\n<li><a href=\"https:\/\/www.peluuri.fi\/\"><strong>Peluuri<\/strong><\/a> &#8211; En gratis och konfidentiell hj\u00e4lptelefon samt online-r\u00e5dgivning f\u00f6r dem som upplever spelproblem eller deras n\u00e4rst\u00e5ende.<\/li>\n\n\n\n<li><a href=\"https:\/\/www.sininauhaliitto.fi\/\"><strong>Sininauhaliitto<\/strong><\/a> &#8211; En organisation som erbjuder st\u00f6d och tj\u00e4nster f\u00f6r personer med missbruk och spelberoende samt deras n\u00e4rst\u00e5ende.<\/li>\n\n\n\n<li><strong><a href=\"https:\/\/a-klinikkasaatio.fi\/\">A-klinikastiftelsen<\/a><\/strong> &#8211; Erbjuder en m\u00e5ngfald av tj\u00e4nster f\u00f6r drog- och spelproblem.<\/li>\n\n\n\n<li><a href=\"https:\/\/gamban.com\/\"><strong>Gamban<\/strong><\/a> &#8211; Gamban \u00e4r en mjukvara som hj\u00e4lper till att blockera tillg\u00e5ngen till tusentals n\u00e4tkasinon och spelsidor. Det \u00e4r avsett att hj\u00e4lpa de som vill s\u00e4tta gr\u00e4nser eller sluta med online-spelandet. N\u00e4r du har installerat Gamban kommer du inte l\u00e4ngre \u00e5t spelsidor p\u00e5 dina enheter, och du kan fokusera p\u00e5 andra saker utan frestelsen att spela.<\/li>\n<\/ol>\n\n\n\n<p>Om du misst\u00e4nker att du har ett spelproblem \u00e4r det viktigt att s\u00f6ka hj\u00e4lp s\u00e5 snart som m\u00f6jligt. Kom ih\u00e5g att det finns hj\u00e4lp att f\u00e5 och att du inte beh\u00f6ver klara dig sj\u00e4lv.<\/p>\n","protected":false},"excerpt":{"rendered":"<p>Guide till Ansvarsfullt Spelande fr\u00e5n Kasinobonus V\u00e5rt team \u00e4r passionerat f\u00f6r v\u00e4rlden av n\u00e4tkasinon och vi str\u00e4var efter att erbjuda v\u00e5ra l\u00e4sare de b\u00e4sta kasinona fr\u00e5n ett opartiskt spelarperspektiv. Eftersom v\u00e5rt team best\u00e5r av spelare, m\u00f6ter vi samma utmaningar och f\u00f6rdelar i iGaming-branschen som du. P\u00e5 sistone har spelberoende blivit en v\u00e4xande oro. Vi har [&hellip;]<\/p>\n","protected":false},"author":1,"featured_media":0,"parent":0,"menu_order":0,"comment_status":"open","ping_status":"closed","template":"","meta":{"inline_featured_image":false,"footnotes":""},"class_list":["post-8838","page","type-page","status-publish","hentry"],"yoast_head":"<!-- This site is optimized with the Yoast SEO plugin v24.5 - https:\/\/yoast.com\/wordpress\/plugins\/seo\/ -->\n<title>Ansvarsfullt Spelande: En Omfattande Guide Fr\u00e5n Kasinobonus<\/title>\n<meta name=\"description\" content=\"L\u00e4r dig principerna f\u00f6r ansvarsfullt spelande och dess tecken. Vi hj\u00e4lper dig att spela s\u00e4kert och identifiera varningssignaler f\u00f6r problemspelande.\" \/>\n<meta name=\"robots\" content=\"index, follow, max-snippet:-1, max-image-preview:large, max-video-preview:-1\" \/>\n<link rel=\"canonical\" href=\"https:\/\/www.kasinobonus.ai\/se\/guide-till-ansvarsfullt-spelande\/\" \/>\n<script type=\"application\/ld+json\" class=\"yoast-schema-graph\">{\"@context\":\"https:\/\/schema.org\",\"@graph\":[{\"@type\":\"WebPage\",\"@id\":\"https:\/\/www.kasinobonus.ai\/se\/guide-till-ansvarsfullt-spelande\/\",\"url\":\"https:\/\/www.kasinobonus.ai\/se\/guide-till-ansvarsfullt-spelande\/\",\"name\":\"Ansvarsfullt Spelande: En Omfattande Guide Fr\u00e5n Kasinobonus\",\"isPartOf\":{\"@id\":\"https:\/\/www.kasinobonus.ai\/se\/#website\"},\"datePublished\":\"2023-09-01T06:34:45+00:00\",\"dateModified\":\"2025-07-26T09:05:06+00:00\",\"description\":\"L\u00e4r dig principerna f\u00f6r ansvarsfullt spelande och dess tecken. Vi hj\u00e4lper dig att spela s\u00e4kert och identifiera varningssignaler f\u00f6r problemspelande.\",\"breadcrumb\":{\"@id\":\"https:\/\/www.kasinobonus.ai\/se\/guide-till-ansvarsfullt-spelande\/#breadcrumb\"},\"inLanguage\":\"sv-SE\",\"potentialAction\":[{\"@type\":\"ReadAction\",\"target\":[\"https:\/\/www.kasinobonus.ai\/se\/guide-till-ansvarsfullt-spelande\/\"]}]},{\"@type\":\"BreadcrumbList\",\"@id\":\"https:\/\/www.kasinobonus.ai\/se\/guide-till-ansvarsfullt-spelande\/#breadcrumb\",\"itemListElement\":[{\"@type\":\"ListItem\",\"position\":1,\"name\":\"Home\",\"item\":\"https:\/\/www.kasinobonus.ai\/se\/\"},{\"@type\":\"ListItem\",\"position\":2,\"name\":\"Guide till Ansvarsfullt Spelande\"}]},{\"@type\":\"WebSite\",\"@id\":\"https:\/\/www.kasinobonus.ai\/se\/#website\",\"url\":\"https:\/\/www.kasinobonus.ai\/se\/\",\"name\":\"www.kasinobonus.ai\",\"description\":\"\",\"publisher\":{\"@id\":\"https:\/\/www.kasinobonus.ai\/se\/#organization\"},\"potentialAction\":[{\"@type\":\"SearchAction\",\"target\":{\"@type\":\"EntryPoint\",\"urlTemplate\":\"https:\/\/www.kasinobonus.ai\/se\/?s={search_term_string}\"},\"query-input\":{\"@type\":\"PropertyValueSpecification\",\"valueRequired\":true,\"valueName\":\"search_term_string\"}}],\"inLanguage\":\"sv-SE\"},{\"@type\":\"Organization\",\"@id\":\"https:\/\/www.kasinobonus.ai\/se\/#organization\",\"name\":\"KasinoBonus\",\"alternateName\":\"KasinoBonusAI\",\"url\":\"https:\/\/www.kasinobonus.ai\/se\/\",\"logo\":{\"@type\":\"ImageObject\",\"inLanguage\":\"sv-SE\",\"@id\":\"https:\/\/www.kasinobonus.ai\/se\/#\/schema\/logo\/image\/\",\"url\":\"https:\/\/www.kasinobonus.ai\/wp-content\/uploads\/2023\/09\/kasinobonus-logo-light.png\",\"contentUrl\":\"https:\/\/www.kasinobonus.ai\/wp-content\/uploads\/2023\/09\/kasinobonus-logo-light.png\",\"width\":3200,\"height\":596,\"caption\":\"KasinoBonus\"},\"image\":{\"@id\":\"https:\/\/www.kasinobonus.ai\/se\/#\/schema\/logo\/image\/\"},\"sameAs\":[\"https:\/\/www.facebook.com\/kasinobonusio\/\",\"https:\/\/x.com\/Kasinobonus_io\",\"https:\/\/www.linkedin.com\/in\/matti-slotte-26612033b\",\"http:\/\/kasinobonus.wikidot.com\/system:welcome\",\"https:\/\/www.trustpilot.com\/review\/www.kasinobonus.ai\",\"https:\/\/orcid.org\/0009-0007-2889-1713\",\"https:\/\/en.everybodywiki.com\/Matti_Slotte\",\"https:\/\/www.immuniweb.com\/ssl\/kasinobonus.ai\/M4lqCqYY\/\"]}]}<\/script>\n<!-- \/ Yoast SEO plugin. -->","yoast_head_json":{"title":"Ansvarsfullt Spelande: En Omfattande Guide Fr\u00e5n Kasinobonus","description":"L\u00e4r dig principerna f\u00f6r ansvarsfullt spelande och dess tecken. Vi hj\u00e4lper dig att spela s\u00e4kert och identifiera varningssignaler f\u00f6r problemspelande.","robots":{"index":"index","follow":"follow","max-snippet":"max-snippet:-1","max-image-preview":"max-image-preview:large","max-video-preview":"max-video-preview:-1"},"canonical":"https:\/\/www.kasinobonus.ai\/se\/guide-till-ansvarsfullt-spelande\/","schema":{"@context":"https:\/\/schema.org","@graph":[{"@type":"WebPage","@id":"https:\/\/www.kasinobonus.ai\/se\/guide-till-ansvarsfullt-spelande\/","url":"https:\/\/www.kasinobonus.ai\/se\/guide-till-ansvarsfullt-spelande\/","name":"Ansvarsfullt Spelande: En Omfattande Guide Fr\u00e5n Kasinobonus","isPartOf":{"@id":"https:\/\/www.kasinobonus.ai\/se\/#website"},"datePublished":"2023-09-01T06:34:45+00:00","dateModified":"2025-07-26T09:05:06+00:00","description":"L\u00e4r dig principerna f\u00f6r ansvarsfullt spelande och dess tecken. Vi hj\u00e4lper dig att spela s\u00e4kert och identifiera varningssignaler f\u00f6r problemspelande.","breadcrumb":{"@id":"https:\/\/www.kasinobonus.ai\/se\/guide-till-ansvarsfullt-spelande\/#breadcrumb"},"inLanguage":"sv-SE","potentialAction":[{"@type":"ReadAction","target":["https:\/\/www.kasinobonus.ai\/se\/guide-till-ansvarsfullt-spelande\/"]}]},{"@type":"BreadcrumbList","@id":"https:\/\/www.kasinobonus.ai\/se\/guide-till-ansvarsfullt-spelande\/#breadcrumb","itemListElement":[{"@type":"ListItem","position":1,"name":"Home","item":"https:\/\/www.kasinobonus.ai\/se\/"},{"@type":"ListItem","position":2,"name":"Guide till Ansvarsfullt Spelande"}]},{"@type":"WebSite","@id":"https:\/\/www.kasinobonus.ai\/se\/#website","url":"https:\/\/www.kasinobonus.ai\/se\/","name":"www.kasinobonus.ai","description":"","publisher":{"@id":"https:\/\/www.kasinobonus.ai\/se\/#organization"},"potentialAction":[{"@type":"SearchAction","target":{"@type":"EntryPoint","urlTemplate":"https:\/\/www.kasinobonus.ai\/se\/?s={search_term_string}"},"query-input":{"@type":"PropertyValueSpecification","valueRequired":true,"valueName":"search_term_string"}}],"inLanguage":"sv-SE"},{"@type":"Organization","@id":"https:\/\/www.kasinobonus.ai\/se\/#organization","name":"KasinoBonus","alternateName":"KasinoBonusAI","url":"https:\/\/www.kasinobonus.ai\/se\/","logo":{"@type":"ImageObject","inLanguage":"sv-SE","@id":"https:\/\/www.kasinobonus.ai\/se\/#\/schema\/logo\/image\/","url":"https:\/\/www.kasinobonus.ai\/wp-content\/uploads\/2023\/09\/kasinobonus-logo-light.png","contentUrl":"https:\/\/www.kasinobonus.ai\/wp-content\/uploads\/2023\/09\/kasinobonus-logo-light.png","width":3200,"height":596,"caption":"KasinoBonus"},"image":{"@id":"https:\/\/www.kasinobonus.ai\/se\/#\/schema\/logo\/image\/"},"sameAs":["https:\/\/www.facebook.com\/kasinobonusio\/","https:\/\/x.com\/Kasinobonus_io","https:\/\/www.linkedin.com\/in\/matti-slotte-26612033b","http:\/\/kasinobonus.wikidot.com\/system:welcome","https:\/\/www.trustpilot.com\/review\/www.kasinobonus.ai","https:\/\/orcid.org\/0009-0007-2889-1713","https:\/\/en.everybodywiki.com\/Matti_Slotte","https:\/\/www.immuniweb.com\/ssl\/kasinobonus.ai\/M4lqCqYY\/"]}]}},"_links":{"self":[{"href":"https:\/\/www.kasinobonus.ai\/se\/wp-json\/wp\/v2\/pages\/8838","targetHints":{"allow":["GET"]}}],"collection":[{"href":"https:\/\/www.kasinobonus.ai\/se\/wp-json\/wp\/v2\/pages"}],"about":[{"href":"https:\/\/www.kasinobonus.ai\/se\/wp-json\/wp\/v2\/types\/page"}],"author":[{"embeddable":true,"href":"https:\/\/www.kasinobonus.ai\/se\/wp-json\/wp\/v2\/users\/1"}],"replies":[{"embeddable":true,"href":"https:\/\/www.kasinobonus.ai\/se\/wp-json\/wp\/v2\/comments?post=8838"}],"version-history":[{"count":1,"href":"https:\/\/www.kasinobonus.ai\/se\/wp-json\/wp\/v2\/pages\/8838\/revisions"}],"predecessor-version":[{"id":34454,"href":"https:\/\/www.kasinobonus.ai\/se\/wp-json\/wp\/v2\/pages\/8838\/revisions\/34454"}],"wp:attachment":[{"href":"https:\/\/www.kasinobonus.ai\/se\/wp-json\/wp\/v2\/media?parent=8838"}],"curies":[{"name":"wp","href":"https:\/\/api.w.org\/{rel}","templated":true}]}}