{"id":8833,"date":"2023-09-01T06:51:17","date_gmt":"2023-09-01T06:51:17","guid":{"rendered":"http:\/\/kasinobonus.ai.dedivirt842.your-server.de\/vastuunvapauslauseke\/"},"modified":"2023-12-07T11:47:46","modified_gmt":"2023-12-07T11:47:46","slug":"ansvarsfriskrivning","status":"publish","type":"page","link":"https:\/\/www.kasinobonus.ai\/se\/ansvarsfriskrivning\/","title":{"rendered":"Ansvarsfriskrivning"},"content":{"rendered":"\n<h1 class=\"wp-block-heading\">Ansvarsfriskrivning<\/h1>\n\n\n\n<p>All information som finns p\u00e5 v\u00e5r webbplats \u00e4r allm\u00e4n information om kasinon, kasinospel och relaterade \u00e4mnen. <a href=\"https:\/\/www.kasinobonus.ai\/\">Kasinob<\/a><a href=\"https:\/\/www.kasinobonus.ai\/se\/\">o<\/a><a href=\"https:\/\/www.kasinobonus.ai\/\">nus.io<\/a> \u00e4r inte ansvarigt f\u00f6r de beslut som kunder g\u00f6r baserat p\u00e5 information fr\u00e5n l\u00e4nkade webbsidor.<\/p>\n\n\n\n<p><strong>Uppdatering av information<\/strong> Vi str\u00e4var efter att kontinuerligt uppdatera informationen p\u00e5 v\u00e5r webbplats, men det \u00e4r alltid kundens ansvar att kontrollera att informationen \u00e4r aktuell. Vi \u00e4r inte ett kasino, vi erbjuder inte kasinospel, och vi hanterar inte heller n\u00e5gra transaktioner (vare sig traditionella penning\u00f6verf\u00f6ringar eller \u00f6verf\u00f6ringar relaterade till kryptovaluta). Vi \u00e4r inte ansvariga f\u00f6r f\u00f6rluster som kunder upplever n\u00e4r de spelar kasinospel genom andra tj\u00e4nsteleverant\u00f6rer.<\/p>\n\n\n\n<p><strong>Lagstiftning &amp; Reglering<\/strong> Det \u00e4r kundens ansvar att vara medveten om lagligheten och regleringen av de tj\u00e4nsteleverant\u00f6rer som kunden anv\u00e4nder i sitt eget omr\u00e5de. Det \u00e4r bra (och ofta ocks\u00e5 n\u00f6dv\u00e4ndigt) att alltid l\u00e4sa igenom externa tj\u00e4nsteleverant\u00f6rers anv\u00e4ndarvillkor noggrant och godk\u00e4nna anv\u00e4ndarvillkoren innan man \u00f6ppnar ett konto.<\/p>\n","protected":false},"excerpt":{"rendered":"<p>Ansvarsfriskrivning All information som finns p\u00e5 v\u00e5r webbplats \u00e4r allm\u00e4n information om kasinon, kasinospel och relaterade \u00e4mnen. www.kasinobonus.ai \u00e4r inte ansvarigt f\u00f6r de beslut som kunder g\u00f6r baserat p\u00e5 information fr\u00e5n l\u00e4nkade webbsidor. Uppdatering av information Vi str\u00e4var efter att kontinuerligt uppdatera informationen p\u00e5 v\u00e5r webbplats, men det \u00e4r alltid kundens ansvar att kontrollera att [&hellip;]<\/p>\n","protected":false},"author":1,"featured_media":0,"parent":0,"menu_order":0,"comment_status":"open","ping_status":"closed","template":"","meta":{"inline_featured_image":false,"footnotes":""},"class_list":["post-8833","page","type-page","status-publish","hentry"],"yoast_head":"<!-- This site is optimized with the Yoast SEO plugin v24.5 - https:\/\/yoast.com\/wordpress\/plugins\/seo\/ -->\n<title>Ansvarsfriskrivning och Anv\u00e4ndarvillkor - kasinobonus.ai<\/title>\n<meta name=\"description\" content=\"Ansvarsfriskrivning f\u00f6r kasinobonus.ai. L\u00e4s viktiga informationer och rekommendationer innan du b\u00f6rjar j\u00e4mf\u00f6ra och spela p\u00e5 kasinon.\" \/>\n<meta name=\"robots\" content=\"index, follow, max-snippet:-1, max-image-preview:large, max-video-preview:-1\" \/>\n<link rel=\"canonical\" href=\"https:\/\/www.kasinobonus.ai\/se\/ansvarsfriskrivning\/\" \/>\n<script type=\"application\/ld+json\" class=\"yoast-schema-graph\">{\"@context\":\"https:\/\/schema.org\",\"@graph\":[{\"@type\":\"WebPage\",\"@id\":\"https:\/\/www.kasinobonus.ai\/se\/ansvarsfriskrivning\/\",\"url\":\"https:\/\/www.kasinobonus.ai\/se\/ansvarsfriskrivning\/\",\"name\":\"Ansvarsfriskrivning och Anv\u00e4ndarvillkor - kasinobonus.ai\",\"isPartOf\":{\"@id\":\"https:\/\/www.kasinobonus.ai\/se\/#website\"},\"datePublished\":\"2023-09-01T06:51:17+00:00\",\"dateModified\":\"2023-12-07T11:47:46+00:00\",\"description\":\"Ansvarsfriskrivning f\u00f6r kasinobonus.ai. L\u00e4s viktiga informationer och rekommendationer innan du b\u00f6rjar j\u00e4mf\u00f6ra och spela p\u00e5 kasinon.\",\"breadcrumb\":{\"@id\":\"https:\/\/www.kasinobonus.ai\/se\/ansvarsfriskrivning\/#breadcrumb\"},\"inLanguage\":\"sv-SE\",\"potentialAction\":[{\"@type\":\"ReadAction\",\"target\":[\"https:\/\/www.kasinobonus.ai\/se\/ansvarsfriskrivning\/\"]}]},{\"@type\":\"BreadcrumbList\",\"@id\":\"https:\/\/www.kasinobonus.ai\/se\/ansvarsfriskrivning\/#breadcrumb\",\"itemListElement\":[{\"@type\":\"ListItem\",\"position\":1,\"name\":\"Home\",\"item\":\"https:\/\/www.kasinobonus.ai\/se\/\"},{\"@type\":\"ListItem\",\"position\":2,\"name\":\"Ansvarsfriskrivning\"}]},{\"@type\":\"WebSite\",\"@id\":\"https:\/\/www.kasinobonus.ai\/se\/#website\",\"url\":\"https:\/\/www.kasinobonus.ai\/se\/\",\"name\":\"www.kasinobonus.ai\",\"description\":\"\",\"publisher\":{\"@id\":\"https:\/\/www.kasinobonus.ai\/se\/#organization\"},\"potentialAction\":[{\"@type\":\"SearchAction\",\"target\":{\"@type\":\"EntryPoint\",\"urlTemplate\":\"https:\/\/www.kasinobonus.ai\/se\/?s={search_term_string}\"},\"query-input\":{\"@type\":\"PropertyValueSpecification\",\"valueRequired\":true,\"valueName\":\"search_term_string\"}}],\"inLanguage\":\"sv-SE\"},{\"@type\":\"Organization\",\"@id\":\"https:\/\/www.kasinobonus.ai\/se\/#organization\",\"name\":\"KasinoBonus\",\"alternateName\":\"KasinoBonusAI\",\"url\":\"https:\/\/www.kasinobonus.ai\/se\/\",\"logo\":{\"@type\":\"ImageObject\",\"inLanguage\":\"sv-SE\",\"@id\":\"https:\/\/www.kasinobonus.ai\/se\/#\/schema\/logo\/image\/\",\"url\":\"https:\/\/www.kasinobonus.ai\/wp-content\/uploads\/2023\/09\/kasinobonus-logo-light.png\",\"contentUrl\":\"https:\/\/www.kasinobonus.ai\/wp-content\/uploads\/2023\/09\/kasinobonus-logo-light.png\",\"width\":3200,\"height\":596,\"caption\":\"KasinoBonus\"},\"image\":{\"@id\":\"https:\/\/www.kasinobonus.ai\/se\/#\/schema\/logo\/image\/\"},\"sameAs\":[\"https:\/\/www.facebook.com\/kasinobonusio\/\",\"https:\/\/x.com\/Kasinobonus_io\",\"https:\/\/www.linkedin.com\/in\/matti-slotte-26612033b\",\"http:\/\/kasinobonus.wikidot.com\/system:welcome\",\"https:\/\/www.trustpilot.com\/review\/www.kasinobonus.ai\",\"https:\/\/orcid.org\/0009-0007-2889-1713\",\"https:\/\/en.everybodywiki.com\/Matti_Slotte\",\"https:\/\/www.immuniweb.com\/ssl\/kasinobonus.ai\/M4lqCqYY\/\"]}]}<\/script>\n<!-- \/ Yoast SEO plugin. -->","yoast_head_json":{"title":"Ansvarsfriskrivning och Anv\u00e4ndarvillkor - kasinobonus.ai","description":"Ansvarsfriskrivning f\u00f6r kasinobonus.ai. L\u00e4s viktiga informationer och rekommendationer innan du b\u00f6rjar j\u00e4mf\u00f6ra och spela p\u00e5 kasinon.","robots":{"index":"index","follow":"follow","max-snippet":"max-snippet:-1","max-image-preview":"max-image-preview:large","max-video-preview":"max-video-preview:-1"},"canonical":"https:\/\/www.kasinobonus.ai\/se\/ansvarsfriskrivning\/","schema":{"@context":"https:\/\/schema.org","@graph":[{"@type":"WebPage","@id":"https:\/\/www.kasinobonus.ai\/se\/ansvarsfriskrivning\/","url":"https:\/\/www.kasinobonus.ai\/se\/ansvarsfriskrivning\/","name":"Ansvarsfriskrivning och Anv\u00e4ndarvillkor - kasinobonus.ai","isPartOf":{"@id":"https:\/\/www.kasinobonus.ai\/se\/#website"},"datePublished":"2023-09-01T06:51:17+00:00","dateModified":"2023-12-07T11:47:46+00:00","description":"Ansvarsfriskrivning f\u00f6r kasinobonus.ai. L\u00e4s viktiga informationer och rekommendationer innan du b\u00f6rjar j\u00e4mf\u00f6ra och spela p\u00e5 kasinon.","breadcrumb":{"@id":"https:\/\/www.kasinobonus.ai\/se\/ansvarsfriskrivning\/#breadcrumb"},"inLanguage":"sv-SE","potentialAction":[{"@type":"ReadAction","target":["https:\/\/www.kasinobonus.ai\/se\/ansvarsfriskrivning\/"]}]},{"@type":"BreadcrumbList","@id":"https:\/\/www.kasinobonus.ai\/se\/ansvarsfriskrivning\/#breadcrumb","itemListElement":[{"@type":"ListItem","position":1,"name":"Home","item":"https:\/\/www.kasinobonus.ai\/se\/"},{"@type":"ListItem","position":2,"name":"Ansvarsfriskrivning"}]},{"@type":"WebSite","@id":"https:\/\/www.kasinobonus.ai\/se\/#website","url":"https:\/\/www.kasinobonus.ai\/se\/","name":"www.kasinobonus.ai","description":"","publisher":{"@id":"https:\/\/www.kasinobonus.ai\/se\/#organization"},"potentialAction":[{"@type":"SearchAction","target":{"@type":"EntryPoint","urlTemplate":"https:\/\/www.kasinobonus.ai\/se\/?s={search_term_string}"},"query-input":{"@type":"PropertyValueSpecification","valueRequired":true,"valueName":"search_term_string"}}],"inLanguage":"sv-SE"},{"@type":"Organization","@id":"https:\/\/www.kasinobonus.ai\/se\/#organization","name":"KasinoBonus","alternateName":"KasinoBonusAI","url":"https:\/\/www.kasinobonus.ai\/se\/","logo":{"@type":"ImageObject","inLanguage":"sv-SE","@id":"https:\/\/www.kasinobonus.ai\/se\/#\/schema\/logo\/image\/","url":"https:\/\/www.kasinobonus.ai\/wp-content\/uploads\/2023\/09\/kasinobonus-logo-light.png","contentUrl":"https:\/\/www.kasinobonus.ai\/wp-content\/uploads\/2023\/09\/kasinobonus-logo-light.png","width":3200,"height":596,"caption":"KasinoBonus"},"image":{"@id":"https:\/\/www.kasinobonus.ai\/se\/#\/schema\/logo\/image\/"},"sameAs":["https:\/\/www.facebook.com\/kasinobonusio\/","https:\/\/x.com\/Kasinobonus_io","https:\/\/www.linkedin.com\/in\/matti-slotte-26612033b","http:\/\/kasinobonus.wikidot.com\/system:welcome","https:\/\/www.trustpilot.com\/review\/www.kasinobonus.ai","https:\/\/orcid.org\/0009-0007-2889-1713","https:\/\/en.everybodywiki.com\/Matti_Slotte","https:\/\/www.immuniweb.com\/ssl\/kasinobonus.ai\/M4lqCqYY\/"]}]}},"_links":{"self":[{"href":"https:\/\/www.kasinobonus.ai\/se\/wp-json\/wp\/v2\/pages\/8833","targetHints":{"allow":["GET"]}}],"collection":[{"href":"https:\/\/www.kasinobonus.ai\/se\/wp-json\/wp\/v2\/pages"}],"about":[{"href":"https:\/\/www.kasinobonus.ai\/se\/wp-json\/wp\/v2\/types\/page"}],"author":[{"embeddable":true,"href":"https:\/\/www.kasinobonus.ai\/se\/wp-json\/wp\/v2\/users\/1"}],"replies":[{"embeddable":true,"href":"https:\/\/www.kasinobonus.ai\/se\/wp-json\/wp\/v2\/comments?post=8833"}],"version-history":[{"count":0,"href":"https:\/\/www.kasinobonus.ai\/se\/wp-json\/wp\/v2\/pages\/8833\/revisions"}],"wp:attachment":[{"href":"https:\/\/www.kasinobonus.ai\/se\/wp-json\/wp\/v2\/media?parent=8833"}],"curies":[{"name":"wp","href":"https:\/\/api.w.org\/{rel}","templated":true}]}}