{"id":8807,"date":"2023-09-17T14:37:20","date_gmt":"2023-09-17T14:37:20","guid":{"rendered":"http:\/\/kasinobonus.ai.dedivirt842.your-server.de\/trustly-kasinot\/"},"modified":"2025-07-13T21:23:50","modified_gmt":"2025-07-13T21:23:50","slug":"trustly-kasinon","status":"publish","type":"page","link":"https:\/\/www.kasinobonus.ai\/se\/trustly-kasinon\/","title":{"rendered":"Trustly Kasinon"},"content":{"rendered":"\n<h1 class=\"wp-block-heading\">B\u00e4sta Trustly Kasinon 2025 \u2013 Hitta Din Favorit H\u00e4r!<\/h1>\n\n\n\n<p>Trustly-casinon blir allt mer popul\u00e4ra i Sverige och erbjuder snabba, s\u00e4kra och problemfria betalningar f\u00f6r dig som spelar online. Som betalningsmetod l\u00e5ter Trustly dig s\u00e4tta in och ta ut pengar direkt fr\u00e5n ditt bankkonto \u2013 utan att du beh\u00f6ver anv\u00e4nda kort!<\/p>\n\n\n\n<p>Det \u00e4r brett tillg\u00e4ngligt, enkelt att anv\u00e4nda \u2013 och i den h\u00e4r guiden visar jag dig de b\u00e4sta n\u00e4tcasinona i Sverige som accepterar Trustly, samt f\u00f6rklarar n\u00e5gra av de st\u00f6rsta f\u00f6r- och nackdelarna med att anv\u00e4nda tj\u00e4nsten.<\/p>\n\n\n\n<h2 class=\"wp-block-heading\">B\u00e4sta n\u00e4tcasinona som accepterar Trustly 2025<\/h2>\n\n\n\n<p>Om du letar efter ett n\u00e4tcasino som erbjuder ins\u00e4ttningar och uttag med Trustly har du tur. Fler svenska spelsajter \u00e4n n\u00e5gonsin tidigare har integrerat sig med betalningsmetoden, och om du vill hitta de b\u00e4sta sajterna som erbjuder Trustly, ta en titt p\u00e5 den handplockade listan nedan:<\/p>\n\n\n<p>[brand_table template=&#8221;table_style_1.php&#8221; country=&#8221;SE&#8221; bonus=&#8221;&#8221;]<\/p>\n\n\n\n<p>N\u00e4r du har valt ett Trustly-casino fr\u00e5n listan \u00e4r det enkelt att registrera sig och s\u00e4tta in pengar. V\u00e4lj bara Trustly som betalningsalternativ, koppla ditt bankkonto p\u00e5 ett s\u00e4kert s\u00e4tt \u2013 och b\u00f6rja spela!<\/p>\n\n\n\n<figure class=\"wp-block-image size-full\"><img decoding=\"async\" width=\"1000\" height=\"666\" src=\"https:\/\/www.kasinobonus.ai\/wp-content\/uploads\/2025\/07\/Trustly-Kasinon.jpg\" alt=\"Trustly Kasinon\" class=\"wp-image-33598\" srcset=\"https:\/\/www.kasinobonus.ai\/wp-content\/uploads\/2025\/07\/Trustly-Kasinon.jpg 1000w, https:\/\/www.kasinobonus.ai\/wp-content\/uploads\/2025\/07\/Trustly-Kasinon-300x200.jpg 300w, https:\/\/www.kasinobonus.ai\/wp-content\/uploads\/2025\/07\/Trustly-Kasinon-768x511.jpg 768w, https:\/\/www.kasinobonus.ai\/wp-content\/uploads\/2025\/07\/Trustly-Kasinon-110x73.jpg 110w, https:\/\/www.kasinobonus.ai\/wp-content\/uploads\/2025\/07\/Trustly-Kasinon-575x383.jpg 575w\" sizes=\"(max-width: 1000px) 100vw, 1000px\" \/><\/figure>\n\n\n\n<h2 class=\"wp-block-heading\">S\u00e5 recenserar vi Trustly-casinon<\/h2>\n\n\n\n<p>N\u00e4r vi utv\u00e4rderar Trustly-casinon i Sverige h\u00e4r p\u00e5 KasinoBonus fokuserar vi p\u00e5 ett stort antal faktorer f\u00f6r att s\u00e4kerst\u00e4lla att vi bara rekommenderar de b\u00e4sta i branschen.<\/p>\n\n\n\n<p>Sj\u00e4lvklart vill vi se ett stort spelutbud \u2013 helst fr\u00e5n s\u00e5 m\u00e5nga olika spelleverant\u00f6rer som m\u00f6jligt. Vi tittar ocks\u00e5 p\u00e5 allt det juridiska: licenser, rykte, historik kring \u00e4gare, med mera.<\/p>\n\n\n\n<p>N\u00e4r vi \u00e4r n\u00f6jda med dessa faktorer testar vi casinot sj\u00e4lva \u2013 vilket inneb\u00e4r att vi g\u00f6r ins\u00e4ttningar och uttag, kontaktar kundtj\u00e4nst och rapporterar helt \u00e4rligt om v\u00e5r upplevelse.<\/p>\n\n\n\n<h3 class=\"wp-block-heading\">F\u00f6rdelar med Trustly-casinon<\/h3>\n\n\n\n<ul class=\"wp-block-list\">\n<li><strong>Omedelbara transaktioner <\/strong>\u2013 Ins\u00e4ttningar behandlas direkt, och uttag tar ofta bara n\u00e5gra minuter.<\/li>\n\n\n\n<li><strong>H\u00f6g s\u00e4kerhet<\/strong> \u2013 Anv\u00e4nder kryptering p\u00e5 bankniv\u00e5 och lagrar aldrig dina bankuppgifter.<\/li>\n\n\n\n<li><strong>Inga extra konton kr\u00e4vs <\/strong>\u2013 Du beh\u00f6ver inte skapa n\u00e5got Trustly-konto, och alla betalningar slutf\u00f6rs direkt i din webbl\u00e4sare.<\/li>\n\n\n\n<li><strong>Pay N Play-integration <\/strong>\u2013 M\u00e5nga casinon st\u00f6djer Trustlys Pay N Play, vilket m\u00f6jligg\u00f6r omedelbar verifiering av kontot och inga KYC-processer!<\/li>\n<\/ul>\n\n\n\n<h3 class=\"wp-block-heading\">Nackdelar med Trustly-casinon<\/h3>\n\n\n\n<ul class=\"wp-block-list\">\n<li><strong>Begr\u00e4nsad tillg\u00e4nglighet<\/strong> \u2013 Alla svenska n\u00e4tcasinon st\u00f6djer inte Trustly.<\/li>\n\n\n\n<li><strong>M\u00f6jliga uttagsf\u00f6rdr\u00f6jningar <\/strong>\u2013 \u00c4ven om Trustly \u00e4r snabb kan vissa casinon ha egna, l\u00e4ngre handl\u00e4ggningstider.<\/li>\n\n\n\n<li><strong>Kompatibilitetsproblem med vissa banker <\/strong>\u2013 Alla banker st\u00f6djer inte Trustly-transaktioner, \u00e4ven om nya l\u00e4ggs till ganska ofta.<\/li>\n\n\n\n<li><strong>Potentiella avgifter <\/strong>\u2013 Trustly \u00e4r avgiftsfritt i sig, men vissa casinon kan ta ut egna avgifter vid uttag.<\/li>\n<\/ul>\n","protected":false},"excerpt":{"rendered":"<p>B\u00e4sta Trustly Kasinon 2025 \u2013 Hitta Din Favorit H\u00e4r! Trustly-casinon blir allt mer popul\u00e4ra i Sverige och erbjuder snabba, s\u00e4kra och problemfria betalningar f\u00f6r dig som spelar online. Som betalningsmetod l\u00e5ter Trustly dig s\u00e4tta in och ta ut pengar direkt fr\u00e5n ditt bankkonto \u2013 utan att du beh\u00f6ver anv\u00e4nda kort! Det \u00e4r brett tillg\u00e4ngligt, enkelt [&hellip;]<\/p>\n","protected":false},"author":1,"featured_media":9713,"parent":0,"menu_order":0,"comment_status":"open","ping_status":"closed","template":"","meta":{"inline_featured_image":false,"footnotes":""},"class_list":["post-8807","page","type-page","status-publish","has-post-thumbnail","hentry"],"yoast_head":"<!-- This site is optimized with the Yoast SEO plugin v24.5 - https:\/\/yoast.com\/wordpress\/plugins\/seo\/ -->\n<title>Trustly Kasinon (2025) - www.kasinobonus.ai<\/title>\n<meta name=\"description\" content=\"Trustly Kasinon 2025: v\u00e4lj, s\u00e4tt in och b\u00f6rja spela! Hitta de b\u00e4sta Trustly casinon och erbjudanden h\u00e4r!\" \/>\n<meta name=\"robots\" content=\"index, follow, max-snippet:-1, max-image-preview:large, max-video-preview:-1\" \/>\n<link rel=\"canonical\" href=\"https:\/\/www.kasinobonus.ai\/se\/trustly-kasinon\/\" \/>\n<script type=\"application\/ld+json\" class=\"yoast-schema-graph\">{\"@context\":\"https:\/\/schema.org\",\"@graph\":[{\"@type\":\"WebPage\",\"@id\":\"https:\/\/www.kasinobonus.ai\/se\/trustly-kasinon\/\",\"url\":\"https:\/\/www.kasinobonus.ai\/se\/trustly-kasinon\/\",\"name\":\"Trustly Kasinon (2025) - www.kasinobonus.ai\",\"isPartOf\":{\"@id\":\"https:\/\/www.kasinobonus.ai\/se\/#website\"},\"primaryImageOfPage\":{\"@id\":\"https:\/\/www.kasinobonus.ai\/se\/trustly-kasinon\/#primaryimage\"},\"image\":{\"@id\":\"https:\/\/www.kasinobonus.ai\/se\/trustly-kasinon\/#primaryimage\"},\"thumbnailUrl\":\"https:\/\/www.kasinobonus.ai\/wp-content\/uploads\/2023\/12\/Trustly-Casinon-Sverige.jpg\",\"datePublished\":\"2023-09-17T14:37:20+00:00\",\"dateModified\":\"2025-07-13T21:23:50+00:00\",\"description\":\"Trustly Kasinon 2025: v\u00e4lj, s\u00e4tt in och b\u00f6rja spela! Hitta de b\u00e4sta Trustly casinon och erbjudanden h\u00e4r!\",\"breadcrumb\":{\"@id\":\"https:\/\/www.kasinobonus.ai\/se\/trustly-kasinon\/#breadcrumb\"},\"inLanguage\":\"sv-SE\",\"potentialAction\":[{\"@type\":\"ReadAction\",\"target\":[\"https:\/\/www.kasinobonus.ai\/se\/trustly-kasinon\/\"]}]},{\"@type\":\"ImageObject\",\"inLanguage\":\"sv-SE\",\"@id\":\"https:\/\/www.kasinobonus.ai\/se\/trustly-kasinon\/#primaryimage\",\"url\":\"https:\/\/www.kasinobonus.ai\/wp-content\/uploads\/2023\/12\/Trustly-Casinon-Sverige.jpg\",\"contentUrl\":\"https:\/\/www.kasinobonus.ai\/wp-content\/uploads\/2023\/12\/Trustly-Casinon-Sverige.jpg\",\"width\":1200,\"height\":628,\"caption\":\"Trustly Casinon Sverige\"},{\"@type\":\"BreadcrumbList\",\"@id\":\"https:\/\/www.kasinobonus.ai\/se\/trustly-kasinon\/#breadcrumb\",\"itemListElement\":[{\"@type\":\"ListItem\",\"position\":1,\"name\":\"Home\",\"item\":\"https:\/\/www.kasinobonus.ai\/se\/\"},{\"@type\":\"ListItem\",\"position\":2,\"name\":\"Trustly Kasinon\"}]},{\"@type\":\"WebSite\",\"@id\":\"https:\/\/www.kasinobonus.ai\/se\/#website\",\"url\":\"https:\/\/www.kasinobonus.ai\/se\/\",\"name\":\"www.kasinobonus.ai\",\"description\":\"\",\"publisher\":{\"@id\":\"https:\/\/www.kasinobonus.ai\/se\/#organization\"},\"potentialAction\":[{\"@type\":\"SearchAction\",\"target\":{\"@type\":\"EntryPoint\",\"urlTemplate\":\"https:\/\/www.kasinobonus.ai\/se\/?s={search_term_string}\"},\"query-input\":{\"@type\":\"PropertyValueSpecification\",\"valueRequired\":true,\"valueName\":\"search_term_string\"}}],\"inLanguage\":\"sv-SE\"},{\"@type\":\"Organization\",\"@id\":\"https:\/\/www.kasinobonus.ai\/se\/#organization\",\"name\":\"KasinoBonus\",\"alternateName\":\"KasinoBonusAI\",\"url\":\"https:\/\/www.kasinobonus.ai\/se\/\",\"logo\":{\"@type\":\"ImageObject\",\"inLanguage\":\"sv-SE\",\"@id\":\"https:\/\/www.kasinobonus.ai\/se\/#\/schema\/logo\/image\/\",\"url\":\"https:\/\/www.kasinobonus.ai\/wp-content\/uploads\/2023\/09\/kasinobonus-logo-light.png\",\"contentUrl\":\"https:\/\/www.kasinobonus.ai\/wp-content\/uploads\/2023\/09\/kasinobonus-logo-light.png\",\"width\":3200,\"height\":596,\"caption\":\"KasinoBonus\"},\"image\":{\"@id\":\"https:\/\/www.kasinobonus.ai\/se\/#\/schema\/logo\/image\/\"},\"sameAs\":[\"https:\/\/www.facebook.com\/kasinobonusio\/\",\"https:\/\/x.com\/Kasinobonus_io\",\"https:\/\/www.linkedin.com\/in\/matti-slotte-26612033b\",\"http:\/\/kasinobonus.wikidot.com\/system:welcome\",\"https:\/\/www.trustpilot.com\/review\/www.kasinobonus.ai\",\"https:\/\/orcid.org\/0009-0007-2889-1713\",\"https:\/\/en.everybodywiki.com\/Matti_Slotte\",\"https:\/\/www.immuniweb.com\/ssl\/kasinobonus.ai\/M4lqCqYY\/\"]}]}<\/script>\n<!-- \/ Yoast SEO plugin. -->","yoast_head_json":{"title":"Trustly Kasinon (2025) - www.kasinobonus.ai","description":"Trustly Kasinon 2025: v\u00e4lj, s\u00e4tt in och b\u00f6rja spela! Hitta de b\u00e4sta Trustly casinon och erbjudanden h\u00e4r!","robots":{"index":"index","follow":"follow","max-snippet":"max-snippet:-1","max-image-preview":"max-image-preview:large","max-video-preview":"max-video-preview:-1"},"canonical":"https:\/\/www.kasinobonus.ai\/se\/trustly-kasinon\/","schema":{"@context":"https:\/\/schema.org","@graph":[{"@type":"WebPage","@id":"https:\/\/www.kasinobonus.ai\/se\/trustly-kasinon\/","url":"https:\/\/www.kasinobonus.ai\/se\/trustly-kasinon\/","name":"Trustly Kasinon (2025) - www.kasinobonus.ai","isPartOf":{"@id":"https:\/\/www.kasinobonus.ai\/se\/#website"},"primaryImageOfPage":{"@id":"https:\/\/www.kasinobonus.ai\/se\/trustly-kasinon\/#primaryimage"},"image":{"@id":"https:\/\/www.kasinobonus.ai\/se\/trustly-kasinon\/#primaryimage"},"thumbnailUrl":"https:\/\/www.kasinobonus.ai\/wp-content\/uploads\/2023\/12\/Trustly-Casinon-Sverige.jpg","datePublished":"2023-09-17T14:37:20+00:00","dateModified":"2025-07-13T21:23:50+00:00","description":"Trustly Kasinon 2025: v\u00e4lj, s\u00e4tt in och b\u00f6rja spela! Hitta de b\u00e4sta Trustly casinon och erbjudanden h\u00e4r!","breadcrumb":{"@id":"https:\/\/www.kasinobonus.ai\/se\/trustly-kasinon\/#breadcrumb"},"inLanguage":"sv-SE","potentialAction":[{"@type":"ReadAction","target":["https:\/\/www.kasinobonus.ai\/se\/trustly-kasinon\/"]}]},{"@type":"ImageObject","inLanguage":"sv-SE","@id":"https:\/\/www.kasinobonus.ai\/se\/trustly-kasinon\/#primaryimage","url":"https:\/\/www.kasinobonus.ai\/wp-content\/uploads\/2023\/12\/Trustly-Casinon-Sverige.jpg","contentUrl":"https:\/\/www.kasinobonus.ai\/wp-content\/uploads\/2023\/12\/Trustly-Casinon-Sverige.jpg","width":1200,"height":628,"caption":"Trustly Casinon Sverige"},{"@type":"BreadcrumbList","@id":"https:\/\/www.kasinobonus.ai\/se\/trustly-kasinon\/#breadcrumb","itemListElement":[{"@type":"ListItem","position":1,"name":"Home","item":"https:\/\/www.kasinobonus.ai\/se\/"},{"@type":"ListItem","position":2,"name":"Trustly Kasinon"}]},{"@type":"WebSite","@id":"https:\/\/www.kasinobonus.ai\/se\/#website","url":"https:\/\/www.kasinobonus.ai\/se\/","name":"www.kasinobonus.ai","description":"","publisher":{"@id":"https:\/\/www.kasinobonus.ai\/se\/#organization"},"potentialAction":[{"@type":"SearchAction","target":{"@type":"EntryPoint","urlTemplate":"https:\/\/www.kasinobonus.ai\/se\/?s={search_term_string}"},"query-input":{"@type":"PropertyValueSpecification","valueRequired":true,"valueName":"search_term_string"}}],"inLanguage":"sv-SE"},{"@type":"Organization","@id":"https:\/\/www.kasinobonus.ai\/se\/#organization","name":"KasinoBonus","alternateName":"KasinoBonusAI","url":"https:\/\/www.kasinobonus.ai\/se\/","logo":{"@type":"ImageObject","inLanguage":"sv-SE","@id":"https:\/\/www.kasinobonus.ai\/se\/#\/schema\/logo\/image\/","url":"https:\/\/www.kasinobonus.ai\/wp-content\/uploads\/2023\/09\/kasinobonus-logo-light.png","contentUrl":"https:\/\/www.kasinobonus.ai\/wp-content\/uploads\/2023\/09\/kasinobonus-logo-light.png","width":3200,"height":596,"caption":"KasinoBonus"},"image":{"@id":"https:\/\/www.kasinobonus.ai\/se\/#\/schema\/logo\/image\/"},"sameAs":["https:\/\/www.facebook.com\/kasinobonusio\/","https:\/\/x.com\/Kasinobonus_io","https:\/\/www.linkedin.com\/in\/matti-slotte-26612033b","http:\/\/kasinobonus.wikidot.com\/system:welcome","https:\/\/www.trustpilot.com\/review\/www.kasinobonus.ai","https:\/\/orcid.org\/0009-0007-2889-1713","https:\/\/en.everybodywiki.com\/Matti_Slotte","https:\/\/www.immuniweb.com\/ssl\/kasinobonus.ai\/M4lqCqYY\/"]}]}},"_links":{"self":[{"href":"https:\/\/www.kasinobonus.ai\/se\/wp-json\/wp\/v2\/pages\/8807","targetHints":{"allow":["GET"]}}],"collection":[{"href":"https:\/\/www.kasinobonus.ai\/se\/wp-json\/wp\/v2\/pages"}],"about":[{"href":"https:\/\/www.kasinobonus.ai\/se\/wp-json\/wp\/v2\/types\/page"}],"author":[{"embeddable":true,"href":"https:\/\/www.kasinobonus.ai\/se\/wp-json\/wp\/v2\/users\/1"}],"replies":[{"embeddable":true,"href":"https:\/\/www.kasinobonus.ai\/se\/wp-json\/wp\/v2\/comments?post=8807"}],"version-history":[{"count":2,"href":"https:\/\/www.kasinobonus.ai\/se\/wp-json\/wp\/v2\/pages\/8807\/revisions"}],"predecessor-version":[{"id":33860,"href":"https:\/\/www.kasinobonus.ai\/se\/wp-json\/wp\/v2\/pages\/8807\/revisions\/33860"}],"wp:featuredmedia":[{"embeddable":true,"href":"https:\/\/www.kasinobonus.ai\/se\/wp-json\/wp\/v2\/media\/9713"}],"wp:attachment":[{"href":"https:\/\/www.kasinobonus.ai\/se\/wp-json\/wp\/v2\/media?parent=8807"}],"curies":[{"name":"wp","href":"https:\/\/api.w.org\/{rel}","templated":true}]}}