{"id":8791,"date":"2023-09-19T12:46:45","date_gmt":"2023-09-19T12:46:45","guid":{"rendered":"http:\/\/kasinobonus.ai.dedivirt842.your-server.de\/tervetuliaisbonus\/"},"modified":"2025-07-13T21:18:37","modified_gmt":"2025-07-13T21:18:37","slug":"valkomstbonus","status":"publish","type":"page","link":"https:\/\/www.kasinobonus.ai\/se\/valkomstbonus\/","title":{"rendered":"V\u00e4lkomstbonus"},"content":{"rendered":"\n<h1 class=\"wp-block-heading\">V\u00e4lkomstbonus &#8211; Samlade \u00d6verl\u00e4gsna Erbjudanden fr\u00e5n N\u00e4tbaserade Kasinon<\/h1>\n\n\n\n<p>En v\u00e4lkomstbonus p\u00e5 casino \u00e4r det f\u00f6rsta erbjudandet du f\u00e5r n\u00e4r du registrerar dig p\u00e5 ett nytt n\u00e4tcasino \u2013 och det \u00e4r ofta den mest gener\u00f6sa kampanjen som finns tillg\u00e4nglig. Dessa bonusar \u00e4r utformade f\u00f6r att locka nya spelare, och best\u00e5r vanligtvis av <a class=\"\" href=\"https:\/\/www.kasinobonus.ai\/se\/insattningsbonusar\/\">ins\u00e4ttningsbonusar<\/a>, free spins \u2013 eller en kombination av b\u00e5da \u2013 vilket ger dig gott om extra pengar att b\u00f6rja din casinoupplevelse med!<\/p>\n\n\n\n<p>Men eftersom det finns s\u00e5 m\u00e5nga olika v\u00e4lkomstbonusar d\u00e4r ute \u00e4r det viktigt att veta hur man hittar de b\u00e4sta\u2026 och det \u00e4r precis det jag ska hj\u00e4lpa dig med idag!<\/p>\n\n\n\n<h2 class=\"wp-block-heading\">Casinon som erbjuder de b\u00e4sta v\u00e4lkomstbonusarna 2025<\/h2>\n\n\n\n<p>Vad som g\u00f6r en v\u00e4lkomstbonus till den b\u00e4sta \u00e4r till viss del subjektivt. F\u00f6r vissa spelare handlar det om en stor ins\u00e4ttningsbonus, medan det f\u00f6r andra handlar om l\u00e5ga oms\u00e4ttningskrav \u2013 eller inga alls. Nedan hittar du en lista \u00f6ver de b\u00e4sta v\u00e4lkomstbonusarna p\u00e5 casinon i Sverige som finns tillg\u00e4ngliga just nu \u2013 alla fr\u00e5n granskade, testade och p\u00e5litliga n\u00e4tcasinon:<\/p>\n\n\n<p>[brand_table template=&#8221;table_style_1.php&#8221; country=&#8221;SE&#8221; bonus=&#8221;&#8221;]<\/p>\n\n\n\n<p>N\u00e4r du har hittat ett casino du gillar, registrera dig, g\u00f6r din f\u00f6rsta ins\u00e4ttning och h\u00e4mta din v\u00e4lkomstbonus f\u00f6r att b\u00f6rja spela med extra pengar, free spins \u2013 eller b\u00e5da!<\/p>\n\n\n\n<figure class=\"wp-block-image size-full\"><img decoding=\"async\" width=\"1000\" height=\"666\" src=\"https:\/\/www.kasinobonus.ai\/wp-content\/uploads\/2025\/07\/Valkomstbonus.jpg\" alt=\"V\u00e4lkomstbonus\" class=\"wp-image-33793\" srcset=\"https:\/\/www.kasinobonus.ai\/wp-content\/uploads\/2025\/07\/Valkomstbonus.jpg 1000w, https:\/\/www.kasinobonus.ai\/wp-content\/uploads\/2025\/07\/Valkomstbonus-300x200.jpg 300w, https:\/\/www.kasinobonus.ai\/wp-content\/uploads\/2025\/07\/Valkomstbonus-768x511.jpg 768w, https:\/\/www.kasinobonus.ai\/wp-content\/uploads\/2025\/07\/Valkomstbonus-110x73.jpg 110w, https:\/\/www.kasinobonus.ai\/wp-content\/uploads\/2025\/07\/Valkomstbonus-575x383.jpg 575w\" sizes=\"(max-width: 1000px) 100vw, 1000px\" \/><\/figure>\n\n\n\n<h2 class=\"wp-block-heading\">S\u00e5 recenserar vi casinon<\/h2>\n\n\n\n<p>N\u00e4r jag recenserar v\u00e4lkomstbonusar p\u00e5 casinon fokuserar jag p\u00e5 det totala v\u00e4rdet av kampanjen \u2013 inte bara storleken p\u00e5 bonusen. Ett enormt v\u00e4lkomsterbjudande kan verka lockande, men om det har h\u00f6ga oms\u00e4ttningskrav \u2013 som 50x till exempel \u2013 l\u00e5ga uttagsgr\u00e4nser eller massor av spelbegr\u00e4nsningar, s\u00e5 \u00e4r det egentligen inte mycket v\u00e4rt att h\u00e4mta det fr\u00e5n b\u00f6rjan.<\/p>\n\n\n\n<p>N\u00e4r jag \u00e4r n\u00f6jd med att bonusen \u00e4r gener\u00f6s och r\u00e4ttvis g\u00e5r jag vidare till att granska sj\u00e4lva casinot. Jag tittar p\u00e5 allt fr\u00e5n s\u00e4kerhet och trygghet, till spelutbud, uttagshastighet, tillg\u00e4ngliga betalningsmetoder \u2013 och jag testar \u00e4ven hur kundsupporten fungerar!<\/p>\n\n\n\n<h2 class=\"wp-block-heading\">F\u00f6rdelar och Nackdelar<\/h2>\n\n\n\n<figure class=\"wp-block-image size-full\"><img decoding=\"async\" width=\"1000\" height=\"666\" src=\"https:\/\/www.kasinobonus.ai\/wp-content\/uploads\/2025\/06\/KB-Insattningsbonusar.jpg\" alt=\"Ins\u00e4ttningsbonusar\" class=\"wp-image-30090\" srcset=\"https:\/\/www.kasinobonus.ai\/wp-content\/uploads\/2025\/06\/KB-Insattningsbonusar.jpg 1000w, https:\/\/www.kasinobonus.ai\/wp-content\/uploads\/2025\/06\/KB-Insattningsbonusar-300x200.jpg 300w, https:\/\/www.kasinobonus.ai\/wp-content\/uploads\/2025\/06\/KB-Insattningsbonusar-768x511.jpg 768w, https:\/\/www.kasinobonus.ai\/wp-content\/uploads\/2025\/06\/KB-Insattningsbonusar-110x73.jpg 110w, https:\/\/www.kasinobonus.ai\/wp-content\/uploads\/2025\/06\/KB-Insattningsbonusar-575x383.jpg 575w\" sizes=\"(max-width: 1000px) 100vw, 1000px\" \/><\/figure>\n\n\n\n<div class=\"wp-block-columns is-layout-flex wp-container-core-columns-is-layout-28f84493 wp-block-columns-is-layout-flex\">\n<div class=\"wp-block-column is-layout-flow wp-block-column-is-layout-flow\">\n<h3 class=\"wp-block-heading\">\u2705 F\u00f6rdelar<\/h3>\n\n\n\n<ul class=\"wp-block-list\">\n<li>\u2705 H\u00f6gre bonusbelopp j\u00e4mf\u00f6rt med erbjudanden utan ins\u00e4ttning<\/li>\n\n\n\n<li>\u2705 Ger tillg\u00e5ng till v\u00e4lkomstpaket och VIP-f\u00f6rm\u00e5ner<\/li>\n\n\n\n<li>\u2705 Inneh\u00e5ller ofta b\u00e5de bonuspengar och gratissnurr<\/li>\n\n\n\n<li>\u2705 Mycket v\u00e4rde f\u00f6r spelare som redan planerar att s\u00e4tta in<\/li>\n\n\n\n<li>\u2705 Accepteras brett p\u00e5 de flesta n\u00e4tcasinon<\/li>\n<\/ul>\n<\/div>\n\n\n\n<div class=\"wp-block-column is-layout-flow wp-block-column-is-layout-flow\">\n<h3 class=\"wp-block-heading\">\u274c Nackdelar<\/h3>\n\n\n\n<ul class=\"wp-block-list\">\n<li>\u274c Kommer med oms\u00e4ttningskrav (ibland 30x\u201350x)<\/li>\n\n\n\n<li>\u274c Bonuspengar kan vara l\u00e5sta tills villkoren \u00e4r uppfyllda<\/li>\n\n\n\n<li>\u274c Vissa spel \u00e4r undantagna fr\u00e5n bonusspelet<\/li>\n\n\n\n<li>\u274c Maxinsatsgr\u00e4nser kan g\u00e4lla vid anv\u00e4ndning av bonus<\/li>\n\n\n\n<li>\u274c Uttag \u00e4r ofta begr\u00e4nsade tills bonusen \u00e4r omsatt<\/li>\n<\/ul>\n<\/div>\n<\/div>\n\n\n\n<h2 class=\"wp-block-heading\">B\u00e4sta ins\u00e4ttningsbonusar i Sverige<\/h2>\n\n\n\n<figure class=\"wp-block-table\"><table class=\"has-fixed-layout\"><thead><tr><th>Casino<\/th><th>Bonus<\/th><th>Villkor<\/th><th>Kod \/ Info<\/th><th>L\u00e4nk<\/th><\/tr><\/thead><tbody><tr><td>LuckyVibe<\/td><td>Upp till \u20ac1000 + 100 gratissnurr. Bonusar p\u00e5 2:a\u20134:e ins\u00e4ttningarna<\/td><td>Ins\u00e4ttningsbonus + reload<\/td><td>\u2013<\/td><td><a href=\"https:\/\/www.kasinobonus.ai\/go\/luckyvibefi\/\">Spela nu<\/a><\/td><\/tr><tr><td>Bet on Red<\/td><td>50 gratissnurr utan ins\u00e4ttning + 100% upp till \u20ac100 + 150 gratissnurr<\/td><td>Ingen ins\u00e4ttning + ins\u00e4ttningsbonus<\/td><td>BLITZ3<\/td><td><a href=\"https:\/\/www.kasinobonus.ai\/go\/betonred\">Spela nu<\/a><\/td><\/tr><tr><td>Wbetz<\/td><td>50 gratissnurr utan ins\u00e4ttning + 225% upp till \u20ac450 + 250 gratissnurr<\/td><td>Ingen ins\u00e4ttning + ins\u00e4ttningsbonus<\/td><td>BLITZ3<\/td><td><a href=\"https:\/\/www.kasinobonus.ai\/go\/wbetz\">Spela nu<\/a><\/td><\/tr><tr><td>Sol Casino<\/td><td>50 gratissnurr utan ins\u00e4ttning + 100% upp till \u20ac300<\/td><td>Ingen ins\u00e4ttning + ins\u00e4ttningsbonus<\/td><td>EXKLUSIVT<\/td><td><a href=\"https:\/\/www.kasinobonus.ai\/go\/sol\">Spela nu<\/a><\/td><\/tr><tr><td>Depositwin<\/td><td>100% upp till \u20ac400 utan oms\u00e4ttningskrav + 100 oms\u00e4ttningsfria gratissnurr<\/td><td>Ingen wagering p\u00e5 3 ins\u00e4ttningar<\/td><td>INGEN WAGERING<\/td><td><a href=\"https:\/\/www.kasinobonus.ai\/go\/depositwin\">Spela nu<\/a><\/td><\/tr><\/tbody><\/table><\/figure>\n\n\n\n<h2 class=\"wp-block-heading\">Resurser f\u00f6r ansvarsfullt spelande<\/h2>\n\n\n\n<ul class=\"wp-block-list\">\n<li><a href=\"https:\/\/www.spelinspektionen.se\/\">https:\/\/www.spelinspektionen.se\/<\/a><\/li>\n\n\n\n<li><a href=\"https:\/\/www.spelinspektionen.se\/\">https:\/\/www.spelinspektionen.se\/<\/a><\/li>\n\n\n\n<li><a href=\"https:\/\/www.spelpaus.se\/\">https:\/\/www.spelpaus.se\/<\/a><\/li>\n\n\n\n<li><a href=\"https:\/\/www.spelpaus.se\/\">https:\/\/www.spelpaus.se\/<\/a><\/li>\n\n\n\n<li><a href=\"https:\/\/www.stodlinjen.se\/\">https:\/\/www.stodlinjen.se\/<\/a><\/li>\n\n\n\n<li><a href=\"https:\/\/gamblingtherapy.org\/\">https:\/\/gamblingtherapy.org\/<\/a><\/li>\n<\/ul>\n","protected":false},"excerpt":{"rendered":"<p>V\u00e4lkomstbonus &#8211; Samlade \u00d6verl\u00e4gsna Erbjudanden fr\u00e5n N\u00e4tbaserade Kasinon En v\u00e4lkomstbonus p\u00e5 casino \u00e4r det f\u00f6rsta erbjudandet du f\u00e5r n\u00e4r du registrerar dig p\u00e5 ett nytt n\u00e4tcasino \u2013 och det \u00e4r ofta den mest gener\u00f6sa kampanjen som finns tillg\u00e4nglig. Dessa bonusar \u00e4r utformade f\u00f6r att locka nya spelare, och best\u00e5r vanligtvis av ins\u00e4ttningsbonusar, free spins \u2013 [&hellip;]<\/p>\n","protected":false},"author":3,"featured_media":9335,"parent":0,"menu_order":0,"comment_status":"open","ping_status":"closed","template":"","meta":{"inline_featured_image":false,"footnotes":""},"class_list":["post-8791","page","type-page","status-publish","has-post-thumbnail","hentry"],"yoast_head":"<!-- This site is optimized with the Yoast SEO plugin v24.5 - https:\/\/yoast.com\/wordpress\/plugins\/seo\/ -->\n<title>V\u00e4lkomstbonus (2025) - www.kasinobonus.ai<\/title>\n<meta name=\"description\" content=\"Hitta den b\u00e4sta v\u00e4lkomstbonusen f\u00f6r olika kasinon! Omfattande guide hj\u00e4lper dig att utnyttja de mest lockande erbjudandena fr\u00e5n n\u00e4tkasinon.\" \/>\n<meta name=\"robots\" content=\"index, follow, max-snippet:-1, max-image-preview:large, max-video-preview:-1\" \/>\n<link rel=\"canonical\" href=\"https:\/\/www.kasinobonus.ai\/se\/valkomstbonus\/\" \/>\n<script type=\"application\/ld+json\" class=\"yoast-schema-graph\">{\"@context\":\"https:\/\/schema.org\",\"@graph\":[{\"@type\":\"WebPage\",\"@id\":\"https:\/\/www.kasinobonus.ai\/se\/valkomstbonus\/\",\"url\":\"https:\/\/www.kasinobonus.ai\/se\/valkomstbonus\/\",\"name\":\"V\u00e4lkomstbonus (2025) - www.kasinobonus.ai\",\"isPartOf\":{\"@id\":\"https:\/\/www.kasinobonus.ai\/se\/#website\"},\"primaryImageOfPage\":{\"@id\":\"https:\/\/www.kasinobonus.ai\/se\/valkomstbonus\/#primaryimage\"},\"image\":{\"@id\":\"https:\/\/www.kasinobonus.ai\/se\/valkomstbonus\/#primaryimage\"},\"thumbnailUrl\":\"https:\/\/www.kasinobonus.ai\/wp-content\/uploads\/2023\/12\/Valkomstbonus.jpg\",\"datePublished\":\"2023-09-19T12:46:45+00:00\",\"dateModified\":\"2025-07-13T21:18:37+00:00\",\"description\":\"Hitta den b\u00e4sta v\u00e4lkomstbonusen f\u00f6r olika kasinon! Omfattande guide hj\u00e4lper dig att utnyttja de mest lockande erbjudandena fr\u00e5n n\u00e4tkasinon.\",\"breadcrumb\":{\"@id\":\"https:\/\/www.kasinobonus.ai\/se\/valkomstbonus\/#breadcrumb\"},\"inLanguage\":\"sv-SE\",\"potentialAction\":[{\"@type\":\"ReadAction\",\"target\":[\"https:\/\/www.kasinobonus.ai\/se\/valkomstbonus\/\"]}]},{\"@type\":\"ImageObject\",\"inLanguage\":\"sv-SE\",\"@id\":\"https:\/\/www.kasinobonus.ai\/se\/valkomstbonus\/#primaryimage\",\"url\":\"https:\/\/www.kasinobonus.ai\/wp-content\/uploads\/2023\/12\/Valkomstbonus.jpg\",\"contentUrl\":\"https:\/\/www.kasinobonus.ai\/wp-content\/uploads\/2023\/12\/Valkomstbonus.jpg\",\"width\":1200,\"height\":628,\"caption\":\"Valkomstbonus\"},{\"@type\":\"BreadcrumbList\",\"@id\":\"https:\/\/www.kasinobonus.ai\/se\/valkomstbonus\/#breadcrumb\",\"itemListElement\":[{\"@type\":\"ListItem\",\"position\":1,\"name\":\"Home\",\"item\":\"https:\/\/www.kasinobonus.ai\/se\/\"},{\"@type\":\"ListItem\",\"position\":2,\"name\":\"V\u00e4lkomstbonus\"}]},{\"@type\":\"WebSite\",\"@id\":\"https:\/\/www.kasinobonus.ai\/se\/#website\",\"url\":\"https:\/\/www.kasinobonus.ai\/se\/\",\"name\":\"www.kasinobonus.ai\",\"description\":\"\",\"publisher\":{\"@id\":\"https:\/\/www.kasinobonus.ai\/se\/#organization\"},\"potentialAction\":[{\"@type\":\"SearchAction\",\"target\":{\"@type\":\"EntryPoint\",\"urlTemplate\":\"https:\/\/www.kasinobonus.ai\/se\/?s={search_term_string}\"},\"query-input\":{\"@type\":\"PropertyValueSpecification\",\"valueRequired\":true,\"valueName\":\"search_term_string\"}}],\"inLanguage\":\"sv-SE\"},{\"@type\":\"Organization\",\"@id\":\"https:\/\/www.kasinobonus.ai\/se\/#organization\",\"name\":\"KasinoBonus\",\"alternateName\":\"KasinoBonusAI\",\"url\":\"https:\/\/www.kasinobonus.ai\/se\/\",\"logo\":{\"@type\":\"ImageObject\",\"inLanguage\":\"sv-SE\",\"@id\":\"https:\/\/www.kasinobonus.ai\/se\/#\/schema\/logo\/image\/\",\"url\":\"https:\/\/www.kasinobonus.ai\/wp-content\/uploads\/2023\/09\/kasinobonus-logo-light.png\",\"contentUrl\":\"https:\/\/www.kasinobonus.ai\/wp-content\/uploads\/2023\/09\/kasinobonus-logo-light.png\",\"width\":3200,\"height\":596,\"caption\":\"KasinoBonus\"},\"image\":{\"@id\":\"https:\/\/www.kasinobonus.ai\/se\/#\/schema\/logo\/image\/\"},\"sameAs\":[\"https:\/\/www.facebook.com\/kasinobonusio\/\",\"https:\/\/x.com\/Kasinobonus_io\",\"https:\/\/www.linkedin.com\/in\/matti-slotte-26612033b\",\"http:\/\/kasinobonus.wikidot.com\/system:welcome\",\"https:\/\/www.trustpilot.com\/review\/www.kasinobonus.ai\",\"https:\/\/orcid.org\/0009-0007-2889-1713\",\"https:\/\/en.everybodywiki.com\/Matti_Slotte\",\"https:\/\/www.immuniweb.com\/ssl\/kasinobonus.ai\/M4lqCqYY\/\"]}]}<\/script>\n<!-- \/ Yoast SEO plugin. -->","yoast_head_json":{"title":"V\u00e4lkomstbonus (2025) - www.kasinobonus.ai","description":"Hitta den b\u00e4sta v\u00e4lkomstbonusen f\u00f6r olika kasinon! Omfattande guide hj\u00e4lper dig att utnyttja de mest lockande erbjudandena fr\u00e5n n\u00e4tkasinon.","robots":{"index":"index","follow":"follow","max-snippet":"max-snippet:-1","max-image-preview":"max-image-preview:large","max-video-preview":"max-video-preview:-1"},"canonical":"https:\/\/www.kasinobonus.ai\/se\/valkomstbonus\/","schema":{"@context":"https:\/\/schema.org","@graph":[{"@type":"WebPage","@id":"https:\/\/www.kasinobonus.ai\/se\/valkomstbonus\/","url":"https:\/\/www.kasinobonus.ai\/se\/valkomstbonus\/","name":"V\u00e4lkomstbonus (2025) - www.kasinobonus.ai","isPartOf":{"@id":"https:\/\/www.kasinobonus.ai\/se\/#website"},"primaryImageOfPage":{"@id":"https:\/\/www.kasinobonus.ai\/se\/valkomstbonus\/#primaryimage"},"image":{"@id":"https:\/\/www.kasinobonus.ai\/se\/valkomstbonus\/#primaryimage"},"thumbnailUrl":"https:\/\/www.kasinobonus.ai\/wp-content\/uploads\/2023\/12\/Valkomstbonus.jpg","datePublished":"2023-09-19T12:46:45+00:00","dateModified":"2025-07-13T21:18:37+00:00","description":"Hitta den b\u00e4sta v\u00e4lkomstbonusen f\u00f6r olika kasinon! Omfattande guide hj\u00e4lper dig att utnyttja de mest lockande erbjudandena fr\u00e5n n\u00e4tkasinon.","breadcrumb":{"@id":"https:\/\/www.kasinobonus.ai\/se\/valkomstbonus\/#breadcrumb"},"inLanguage":"sv-SE","potentialAction":[{"@type":"ReadAction","target":["https:\/\/www.kasinobonus.ai\/se\/valkomstbonus\/"]}]},{"@type":"ImageObject","inLanguage":"sv-SE","@id":"https:\/\/www.kasinobonus.ai\/se\/valkomstbonus\/#primaryimage","url":"https:\/\/www.kasinobonus.ai\/wp-content\/uploads\/2023\/12\/Valkomstbonus.jpg","contentUrl":"https:\/\/www.kasinobonus.ai\/wp-content\/uploads\/2023\/12\/Valkomstbonus.jpg","width":1200,"height":628,"caption":"Valkomstbonus"},{"@type":"BreadcrumbList","@id":"https:\/\/www.kasinobonus.ai\/se\/valkomstbonus\/#breadcrumb","itemListElement":[{"@type":"ListItem","position":1,"name":"Home","item":"https:\/\/www.kasinobonus.ai\/se\/"},{"@type":"ListItem","position":2,"name":"V\u00e4lkomstbonus"}]},{"@type":"WebSite","@id":"https:\/\/www.kasinobonus.ai\/se\/#website","url":"https:\/\/www.kasinobonus.ai\/se\/","name":"www.kasinobonus.ai","description":"","publisher":{"@id":"https:\/\/www.kasinobonus.ai\/se\/#organization"},"potentialAction":[{"@type":"SearchAction","target":{"@type":"EntryPoint","urlTemplate":"https:\/\/www.kasinobonus.ai\/se\/?s={search_term_string}"},"query-input":{"@type":"PropertyValueSpecification","valueRequired":true,"valueName":"search_term_string"}}],"inLanguage":"sv-SE"},{"@type":"Organization","@id":"https:\/\/www.kasinobonus.ai\/se\/#organization","name":"KasinoBonus","alternateName":"KasinoBonusAI","url":"https:\/\/www.kasinobonus.ai\/se\/","logo":{"@type":"ImageObject","inLanguage":"sv-SE","@id":"https:\/\/www.kasinobonus.ai\/se\/#\/schema\/logo\/image\/","url":"https:\/\/www.kasinobonus.ai\/wp-content\/uploads\/2023\/09\/kasinobonus-logo-light.png","contentUrl":"https:\/\/www.kasinobonus.ai\/wp-content\/uploads\/2023\/09\/kasinobonus-logo-light.png","width":3200,"height":596,"caption":"KasinoBonus"},"image":{"@id":"https:\/\/www.kasinobonus.ai\/se\/#\/schema\/logo\/image\/"},"sameAs":["https:\/\/www.facebook.com\/kasinobonusio\/","https:\/\/x.com\/Kasinobonus_io","https:\/\/www.linkedin.com\/in\/matti-slotte-26612033b","http:\/\/kasinobonus.wikidot.com\/system:welcome","https:\/\/www.trustpilot.com\/review\/www.kasinobonus.ai","https:\/\/orcid.org\/0009-0007-2889-1713","https:\/\/en.everybodywiki.com\/Matti_Slotte","https:\/\/www.immuniweb.com\/ssl\/kasinobonus.ai\/M4lqCqYY\/"]}]}},"_links":{"self":[{"href":"https:\/\/www.kasinobonus.ai\/se\/wp-json\/wp\/v2\/pages\/8791","targetHints":{"allow":["GET"]}}],"collection":[{"href":"https:\/\/www.kasinobonus.ai\/se\/wp-json\/wp\/v2\/pages"}],"about":[{"href":"https:\/\/www.kasinobonus.ai\/se\/wp-json\/wp\/v2\/types\/page"}],"author":[{"embeddable":true,"href":"https:\/\/www.kasinobonus.ai\/se\/wp-json\/wp\/v2\/users\/3"}],"replies":[{"embeddable":true,"href":"https:\/\/www.kasinobonus.ai\/se\/wp-json\/wp\/v2\/comments?post=8791"}],"version-history":[{"count":7,"href":"https:\/\/www.kasinobonus.ai\/se\/wp-json\/wp\/v2\/pages\/8791\/revisions"}],"predecessor-version":[{"id":33838,"href":"https:\/\/www.kasinobonus.ai\/se\/wp-json\/wp\/v2\/pages\/8791\/revisions\/33838"}],"wp:featuredmedia":[{"embeddable":true,"href":"https:\/\/www.kasinobonus.ai\/se\/wp-json\/wp\/v2\/media\/9335"}],"wp:attachment":[{"href":"https:\/\/www.kasinobonus.ai\/se\/wp-json\/wp\/v2\/media?parent=8791"}],"curies":[{"name":"wp","href":"https:\/\/api.w.org\/{rel}","templated":true}]}}