{"id":8764,"date":"2023-09-27T13:50:21","date_gmt":"2023-09-27T13:50:21","guid":{"rendered":"http:\/\/kasinobonus.ai.dedivirt842.your-server.de\/non-sticky-bonus\/"},"modified":"2025-07-13T21:18:27","modified_gmt":"2025-07-13T21:18:27","slug":"non-sticky-bonus-sverige","status":"publish","type":"page","link":"https:\/\/www.kasinobonus.ai\/se\/non-sticky-bonus-sverige\/","title":{"rendered":"Non Sticky Bonus"},"content":{"rendered":"\n<h1 class=\"wp-block-heading\">Non Sticky Bonus: V\u00e4lj B\u00e4sta Non Sticky Bonusarna 2025<\/h1>\n\n\n\n<p>En non-sticky bonus \u00e4r en av de mest spelv\u00e4nliga kampanjerna du kan hitta p\u00e5 ett n\u00e4tcasino. Till skillnad fr\u00e5n traditionella sticky bonusar \u2013 d\u00e4r din ins\u00e4ttning och bonus l\u00e5ses ihop tills oms\u00e4ttningskraven \u00e4r uppfyllda \u2013 l\u00e5ter en non-sticky bonus dig ta ut b\u00e5de din ins\u00e4ttning och eventuella vinster n\u00e4r som helst, utan att du f\u00f6rst m\u00e5ste uppfylla n\u00e5gra oms\u00e4ttningskrav!<\/p>\n\n\n\n<p>Tack vare en lag\u00e4ndring i Sverige f\u00f6r ett par \u00e5r sedan m\u00e5ste nu alla bonusar som erbjuds till svenska spelare vara non-sticky (\u00e4ven kallade fallsk\u00e4rmsbonusar). Men det betyder inte att du ska v\u00e4lja f\u00f6rsta b\u00e4sta \u2013 h\u00e4r p\u00e5 sidan visar jag dig de b\u00e4sta non-sticky bonusarna som finns tillg\u00e4ngliga just nu!<\/p>\n\n\n\n<h2 class=\"wp-block-heading\">Casinon som erbjuder non-sticky bonusar 2025<\/h2>\n\n\n\n<p>Om du spelar fr\u00e5n Sverige \u00e4r det ganska enkelt att hitta non-sticky bonusar \u2013 de flesta n\u00e4tcasinon erbjuder dem i n\u00e5gon form. Men med s\u00e5 m\u00e5nga casinon d\u00e4r ute kan det \u00e4nd\u00e5 vara sv\u00e5rt att hitta ett riktigt bra alternativ. D\u00e4rf\u00f6r har jag sammanst\u00e4llt de b\u00e4sta <a class=\"\" href=\"https:\/\/www.kasinobonus.ai\/se\/insattningsbonusar\/\">ins\u00e4ttningsbonusar<\/a> just nu \u2013 s\u00e5 att du enkelt kan v\u00e4lja ett p\u00e5litligt och gener\u00f6st erbjudande.<\/p>\n\n\n\n<p>F\u00f6r att hj\u00e4lpa dig har jag satt ihop en lista \u00f6ver de b\u00e4sta casinona i Sverige som just nu erbjuder non-sticky bonusar \u2013 du hittar dem nedan:<\/p>\n\n\n<p>[brand_table template=&#8221;table_style_1.php&#8221; country=&#8221;SE&#8221; bonus=&#8221;&#8221;]<\/p>\n\n\n<div class=\"wp-block-poka-faq\"><div class=\"faq-wrapper\"><ul class=\"faq-list\"><\/ul><\/div><\/div>\n\n\n<p>Hittar du ett casino som ser intressant ut? Registrera dig, g\u00f6r en ins\u00e4ttning och h\u00e4mta din bonus idag!<\/p>\n\n\n\n<figure class=\"wp-block-image size-full\"><img decoding=\"async\" width=\"1000\" height=\"666\" src=\"https:\/\/www.kasinobonus.ai\/wp-content\/uploads\/2025\/07\/Non-Sticky-Bonus-5.jpg\" alt=\"Non Sticky Bonus\" class=\"wp-image-33801\" srcset=\"https:\/\/www.kasinobonus.ai\/wp-content\/uploads\/2025\/07\/Non-Sticky-Bonus-5.jpg 1000w, https:\/\/www.kasinobonus.ai\/wp-content\/uploads\/2025\/07\/Non-Sticky-Bonus-5-300x200.jpg 300w, https:\/\/www.kasinobonus.ai\/wp-content\/uploads\/2025\/07\/Non-Sticky-Bonus-5-768x511.jpg 768w, https:\/\/www.kasinobonus.ai\/wp-content\/uploads\/2025\/07\/Non-Sticky-Bonus-5-110x73.jpg 110w, https:\/\/www.kasinobonus.ai\/wp-content\/uploads\/2025\/07\/Non-Sticky-Bonus-5-575x383.jpg 575w\" sizes=\"(max-width: 1000px) 100vw, 1000px\" \/><\/figure>\n\n\n\n<h2 class=\"wp-block-heading\">S\u00e5 recenserar vi casinon<\/h2>\n\n\n\n<p>H\u00e4r p\u00e5 KasinoBonus \u00e4r vi stolta \u00f6ver att kunna rekommendera de b\u00e4sta \u2013 och s\u00e4kraste \u2013 casinona till v\u00e5ra l\u00e4sare. Mitt team och jag testar personligen alla sajter vi recenserar och tittar p\u00e5 en m\u00e4ngd olika faktorer som spelutbud, bonusvillkor, uttagshastighet, kundsupport och licensiering\/s\u00e4kerhet.<\/p>\n\n\n\n<p>Om ett n\u00e4tcasino listas som rekommenderat h\u00e4r p\u00e5 KasinoBonus betyder det att det har klarat v\u00e5ra strikta testkriterier \u2013 och att det anses vara s\u00e4kert, p\u00e5litligt och trov\u00e4rdigt!<\/p>\n\n\n\n<h2 class=\"wp-block-heading\">F\u00f6rdelar och Nackdelar<\/h2>\n\n\n\n<figure class=\"wp-block-image size-full\"><img decoding=\"async\" width=\"1000\" height=\"666\" src=\"https:\/\/www.kasinobonus.ai\/wp-content\/uploads\/2025\/06\/KB-Insattningsbonusar.jpg\" alt=\"Ins\u00e4ttningsbonusar\" class=\"wp-image-30090\" srcset=\"https:\/\/www.kasinobonus.ai\/wp-content\/uploads\/2025\/06\/KB-Insattningsbonusar.jpg 1000w, https:\/\/www.kasinobonus.ai\/wp-content\/uploads\/2025\/06\/KB-Insattningsbonusar-300x200.jpg 300w, https:\/\/www.kasinobonus.ai\/wp-content\/uploads\/2025\/06\/KB-Insattningsbonusar-768x511.jpg 768w, https:\/\/www.kasinobonus.ai\/wp-content\/uploads\/2025\/06\/KB-Insattningsbonusar-110x73.jpg 110w, https:\/\/www.kasinobonus.ai\/wp-content\/uploads\/2025\/06\/KB-Insattningsbonusar-575x383.jpg 575w\" sizes=\"(max-width: 1000px) 100vw, 1000px\" \/><\/figure>\n\n\n\n<div class=\"wp-block-columns is-layout-flex wp-container-core-columns-is-layout-28f84493 wp-block-columns-is-layout-flex\">\n<div class=\"wp-block-column is-layout-flow wp-block-column-is-layout-flow\">\n<h3 class=\"wp-block-heading\">\u2705 F\u00f6rdelar<\/h3>\n\n\n\n<ul class=\"wp-block-list\">\n<li>\u2705 H\u00f6gre bonusbelopp j\u00e4mf\u00f6rt med erbjudanden utan ins\u00e4ttning<\/li>\n\n\n\n<li>\u2705 Ger tillg\u00e5ng till v\u00e4lkomstpaket och VIP-f\u00f6rm\u00e5ner<\/li>\n\n\n\n<li>\u2705 Inneh\u00e5ller ofta b\u00e5de bonuspengar och gratissnurr<\/li>\n\n\n\n<li>\u2705 Mycket v\u00e4rde f\u00f6r spelare som redan planerar att s\u00e4tta in<\/li>\n\n\n\n<li>\u2705 Accepteras brett p\u00e5 de flesta n\u00e4tcasinon<\/li>\n<\/ul>\n<\/div>\n\n\n\n<div class=\"wp-block-column is-layout-flow wp-block-column-is-layout-flow\">\n<h3 class=\"wp-block-heading\">\u274c Nackdelar<\/h3>\n\n\n\n<ul class=\"wp-block-list\">\n<li>\u274c Kommer med oms\u00e4ttningskrav (ibland 30x\u201350x)<\/li>\n\n\n\n<li>\u274c Bonuspengar kan vara l\u00e5sta tills villkoren \u00e4r uppfyllda<\/li>\n\n\n\n<li>\u274c Vissa spel \u00e4r undantagna fr\u00e5n bonusspelet<\/li>\n\n\n\n<li>\u274c Maxinsatsgr\u00e4nser kan g\u00e4lla vid anv\u00e4ndning av bonus<\/li>\n\n\n\n<li>\u274c Uttag \u00e4r ofta begr\u00e4nsade tills bonusen \u00e4r omsatt<\/li>\n<\/ul>\n<\/div>\n<\/div>\n\n\n\n<h2 class=\"wp-block-heading\">B\u00e4sta ins\u00e4ttningsbonusar i Sverige<\/h2>\n\n\n\n<figure class=\"wp-block-table\"><table class=\"has-fixed-layout\"><thead><tr><th>Casino<\/th><th>Bonus<\/th><th>Villkor<\/th><th>Kod \/ Info<\/th><th>L\u00e4nk<\/th><\/tr><\/thead><tbody><tr><td>LuckyVibe<\/td><td>Upp till \u20ac1000 + 100 gratissnurr. Bonusar p\u00e5 2:a\u20134:e ins\u00e4ttningarna<\/td><td>Ins\u00e4ttningsbonus + reload<\/td><td>\u2013<\/td><td><a href=\"https:\/\/www.kasinobonus.ai\/go\/luckyvibefi\/\">Spela nu<\/a><\/td><\/tr><tr><td>Bet on Red<\/td><td>50 gratissnurr utan ins\u00e4ttning + 100% upp till \u20ac100 + 150 gratissnurr<\/td><td>Ingen ins\u00e4ttning + ins\u00e4ttningsbonus<\/td><td>BLITZ3<\/td><td><a href=\"https:\/\/www.kasinobonus.ai\/go\/betonred\">Spela nu<\/a><\/td><\/tr><tr><td>Wbetz<\/td><td>50 gratissnurr utan ins\u00e4ttning + 225% upp till \u20ac450 + 250 gratissnurr<\/td><td>Ingen ins\u00e4ttning + ins\u00e4ttningsbonus<\/td><td>BLITZ3<\/td><td><a href=\"https:\/\/www.kasinobonus.ai\/go\/wbetz\">Spela nu<\/a><\/td><\/tr><tr><td>Sol Casino<\/td><td>50 gratissnurr utan ins\u00e4ttning + 100% upp till \u20ac300<\/td><td>Ingen ins\u00e4ttning + ins\u00e4ttningsbonus<\/td><td>EXKLUSIVT<\/td><td><a href=\"https:\/\/www.kasinobonus.ai\/go\/sol\">Spela nu<\/a><\/td><\/tr><tr><td>Depositwin<\/td><td>100% upp till \u20ac400 utan oms\u00e4ttningskrav + 100 oms\u00e4ttningsfria gratissnurr<\/td><td>Ingen wagering p\u00e5 3 ins\u00e4ttningar<\/td><td>INGEN WAGERING<\/td><td><a href=\"https:\/\/www.kasinobonus.ai\/go\/depositwin\">Spela nu<\/a><\/td><\/tr><\/tbody><\/table><\/figure>\n\n\n\n<h2 class=\"wp-block-heading\">Resurser f\u00f6r ansvarsfullt spelande<\/h2>\n\n\n\n<ul class=\"wp-block-list\">\n<li><a href=\"https:\/\/www.spelinspektionen.se\/\">https:\/\/www.spelinspektionen.se\/<\/a><\/li>\n\n\n\n<li><a href=\"https:\/\/www.spelinspektionen.se\/\">https:\/\/www.spelinspektionen.se\/<\/a><\/li>\n\n\n\n<li><a href=\"https:\/\/www.spelpaus.se\/\">https:\/\/www.spelpaus.se\/<\/a><\/li>\n\n\n\n<li><a href=\"https:\/\/www.spelpaus.se\/\">https:\/\/www.spelpaus.se\/<\/a><\/li>\n\n\n\n<li><a href=\"https:\/\/www.stodlinjen.se\/\">https:\/\/www.stodlinjen.se\/<\/a><\/li>\n\n\n\n<li><a href=\"https:\/\/gamblingtherapy.org\/\">https:\/\/gamblingtherapy.org\/<\/a><\/li>\n<\/ul>\n","protected":false},"excerpt":{"rendered":"<p>Non Sticky Bonus: V\u00e4lj B\u00e4sta Non Sticky Bonusarna 2025 En non-sticky bonus \u00e4r en av de mest spelv\u00e4nliga kampanjerna du kan hitta p\u00e5 ett n\u00e4tcasino. Till skillnad fr\u00e5n traditionella sticky bonusar \u2013 d\u00e4r din ins\u00e4ttning och bonus l\u00e5ses ihop tills oms\u00e4ttningskraven \u00e4r uppfyllda \u2013 l\u00e5ter en non-sticky bonus dig ta ut b\u00e5de din ins\u00e4ttning och [&hellip;]<\/p>\n","protected":false},"author":1,"featured_media":9319,"parent":0,"menu_order":0,"comment_status":"open","ping_status":"closed","template":"","meta":{"inline_featured_image":false,"footnotes":""},"class_list":["post-8764","page","type-page","status-publish","has-post-thumbnail","hentry"],"yoast_head":"<!-- This site is optimized with the Yoast SEO plugin v24.5 - https:\/\/yoast.com\/wordpress\/plugins\/seo\/ -->\n<title>Non Sticky Bonusarna (2025) - www.kasinobonus.ai<\/title>\n<meta name=\"description\" content=\"Non sticky bonus: Hitta de b\u00e4sta erbjudandena och tipsen p\u00e5 marknaden. F\u00f6rb\u00e4ttra din spelupplevelse med r\u00e4tt val!\" \/>\n<meta name=\"robots\" content=\"index, follow, max-snippet:-1, max-image-preview:large, max-video-preview:-1\" \/>\n<link rel=\"canonical\" href=\"https:\/\/www.kasinobonus.ai\/se\/non-sticky-bonus-sverige\/\" \/>\n<script type=\"application\/ld+json\" class=\"yoast-schema-graph\">{\"@context\":\"https:\/\/schema.org\",\"@graph\":[{\"@type\":\"WebPage\",\"@id\":\"https:\/\/www.kasinobonus.ai\/se\/non-sticky-bonus-sverige\/\",\"url\":\"https:\/\/www.kasinobonus.ai\/se\/non-sticky-bonus-sverige\/\",\"name\":\"Non Sticky Bonusarna (2025) - www.kasinobonus.ai\",\"isPartOf\":{\"@id\":\"https:\/\/www.kasinobonus.ai\/se\/#website\"},\"primaryImageOfPage\":{\"@id\":\"https:\/\/www.kasinobonus.ai\/se\/non-sticky-bonus-sverige\/#primaryimage\"},\"image\":{\"@id\":\"https:\/\/www.kasinobonus.ai\/se\/non-sticky-bonus-sverige\/#primaryimage\"},\"thumbnailUrl\":\"https:\/\/www.kasinobonus.ai\/wp-content\/uploads\/2023\/12\/non_sticky_bonus_sverige.jpg\",\"datePublished\":\"2023-09-27T13:50:21+00:00\",\"dateModified\":\"2025-07-13T21:18:27+00:00\",\"description\":\"Non sticky bonus: Hitta de b\u00e4sta erbjudandena och tipsen p\u00e5 marknaden. F\u00f6rb\u00e4ttra din spelupplevelse med r\u00e4tt val!\",\"breadcrumb\":{\"@id\":\"https:\/\/www.kasinobonus.ai\/se\/non-sticky-bonus-sverige\/#breadcrumb\"},\"inLanguage\":\"sv-SE\",\"potentialAction\":[{\"@type\":\"ReadAction\",\"target\":[\"https:\/\/www.kasinobonus.ai\/se\/non-sticky-bonus-sverige\/\"]}]},{\"@type\":\"ImageObject\",\"inLanguage\":\"sv-SE\",\"@id\":\"https:\/\/www.kasinobonus.ai\/se\/non-sticky-bonus-sverige\/#primaryimage\",\"url\":\"https:\/\/www.kasinobonus.ai\/wp-content\/uploads\/2023\/12\/non_sticky_bonus_sverige.jpg\",\"contentUrl\":\"https:\/\/www.kasinobonus.ai\/wp-content\/uploads\/2023\/12\/non_sticky_bonus_sverige.jpg\",\"width\":1200,\"height\":628,\"caption\":\"non sticky bonus sverige\"},{\"@type\":\"BreadcrumbList\",\"@id\":\"https:\/\/www.kasinobonus.ai\/se\/non-sticky-bonus-sverige\/#breadcrumb\",\"itemListElement\":[{\"@type\":\"ListItem\",\"position\":1,\"name\":\"Home\",\"item\":\"https:\/\/www.kasinobonus.ai\/se\/\"},{\"@type\":\"ListItem\",\"position\":2,\"name\":\"Non Sticky Bonus\"}]},{\"@type\":\"WebSite\",\"@id\":\"https:\/\/www.kasinobonus.ai\/se\/#website\",\"url\":\"https:\/\/www.kasinobonus.ai\/se\/\",\"name\":\"www.kasinobonus.ai\",\"description\":\"\",\"publisher\":{\"@id\":\"https:\/\/www.kasinobonus.ai\/se\/#organization\"},\"potentialAction\":[{\"@type\":\"SearchAction\",\"target\":{\"@type\":\"EntryPoint\",\"urlTemplate\":\"https:\/\/www.kasinobonus.ai\/se\/?s={search_term_string}\"},\"query-input\":{\"@type\":\"PropertyValueSpecification\",\"valueRequired\":true,\"valueName\":\"search_term_string\"}}],\"inLanguage\":\"sv-SE\"},{\"@type\":\"Organization\",\"@id\":\"https:\/\/www.kasinobonus.ai\/se\/#organization\",\"name\":\"KasinoBonus\",\"alternateName\":\"KasinoBonusAI\",\"url\":\"https:\/\/www.kasinobonus.ai\/se\/\",\"logo\":{\"@type\":\"ImageObject\",\"inLanguage\":\"sv-SE\",\"@id\":\"https:\/\/www.kasinobonus.ai\/se\/#\/schema\/logo\/image\/\",\"url\":\"https:\/\/www.kasinobonus.ai\/wp-content\/uploads\/2023\/09\/kasinobonus-logo-light.png\",\"contentUrl\":\"https:\/\/www.kasinobonus.ai\/wp-content\/uploads\/2023\/09\/kasinobonus-logo-light.png\",\"width\":3200,\"height\":596,\"caption\":\"KasinoBonus\"},\"image\":{\"@id\":\"https:\/\/www.kasinobonus.ai\/se\/#\/schema\/logo\/image\/\"},\"sameAs\":[\"https:\/\/www.facebook.com\/kasinobonusio\/\",\"https:\/\/x.com\/Kasinobonus_io\",\"https:\/\/www.linkedin.com\/in\/matti-slotte-26612033b\",\"http:\/\/kasinobonus.wikidot.com\/system:welcome\",\"https:\/\/www.trustpilot.com\/review\/www.kasinobonus.ai\",\"https:\/\/orcid.org\/0009-0007-2889-1713\",\"https:\/\/en.everybodywiki.com\/Matti_Slotte\",\"https:\/\/www.immuniweb.com\/ssl\/kasinobonus.ai\/M4lqCqYY\/\"]}]}<\/script>\n<!-- \/ Yoast SEO plugin. -->","yoast_head_json":{"title":"Non Sticky Bonusarna (2025) - www.kasinobonus.ai","description":"Non sticky bonus: Hitta de b\u00e4sta erbjudandena och tipsen p\u00e5 marknaden. F\u00f6rb\u00e4ttra din spelupplevelse med r\u00e4tt val!","robots":{"index":"index","follow":"follow","max-snippet":"max-snippet:-1","max-image-preview":"max-image-preview:large","max-video-preview":"max-video-preview:-1"},"canonical":"https:\/\/www.kasinobonus.ai\/se\/non-sticky-bonus-sverige\/","schema":{"@context":"https:\/\/schema.org","@graph":[{"@type":"WebPage","@id":"https:\/\/www.kasinobonus.ai\/se\/non-sticky-bonus-sverige\/","url":"https:\/\/www.kasinobonus.ai\/se\/non-sticky-bonus-sverige\/","name":"Non Sticky Bonusarna (2025) - www.kasinobonus.ai","isPartOf":{"@id":"https:\/\/www.kasinobonus.ai\/se\/#website"},"primaryImageOfPage":{"@id":"https:\/\/www.kasinobonus.ai\/se\/non-sticky-bonus-sverige\/#primaryimage"},"image":{"@id":"https:\/\/www.kasinobonus.ai\/se\/non-sticky-bonus-sverige\/#primaryimage"},"thumbnailUrl":"https:\/\/www.kasinobonus.ai\/wp-content\/uploads\/2023\/12\/non_sticky_bonus_sverige.jpg","datePublished":"2023-09-27T13:50:21+00:00","dateModified":"2025-07-13T21:18:27+00:00","description":"Non sticky bonus: Hitta de b\u00e4sta erbjudandena och tipsen p\u00e5 marknaden. F\u00f6rb\u00e4ttra din spelupplevelse med r\u00e4tt val!","breadcrumb":{"@id":"https:\/\/www.kasinobonus.ai\/se\/non-sticky-bonus-sverige\/#breadcrumb"},"inLanguage":"sv-SE","potentialAction":[{"@type":"ReadAction","target":["https:\/\/www.kasinobonus.ai\/se\/non-sticky-bonus-sverige\/"]}]},{"@type":"ImageObject","inLanguage":"sv-SE","@id":"https:\/\/www.kasinobonus.ai\/se\/non-sticky-bonus-sverige\/#primaryimage","url":"https:\/\/www.kasinobonus.ai\/wp-content\/uploads\/2023\/12\/non_sticky_bonus_sverige.jpg","contentUrl":"https:\/\/www.kasinobonus.ai\/wp-content\/uploads\/2023\/12\/non_sticky_bonus_sverige.jpg","width":1200,"height":628,"caption":"non sticky bonus sverige"},{"@type":"BreadcrumbList","@id":"https:\/\/www.kasinobonus.ai\/se\/non-sticky-bonus-sverige\/#breadcrumb","itemListElement":[{"@type":"ListItem","position":1,"name":"Home","item":"https:\/\/www.kasinobonus.ai\/se\/"},{"@type":"ListItem","position":2,"name":"Non Sticky Bonus"}]},{"@type":"WebSite","@id":"https:\/\/www.kasinobonus.ai\/se\/#website","url":"https:\/\/www.kasinobonus.ai\/se\/","name":"www.kasinobonus.ai","description":"","publisher":{"@id":"https:\/\/www.kasinobonus.ai\/se\/#organization"},"potentialAction":[{"@type":"SearchAction","target":{"@type":"EntryPoint","urlTemplate":"https:\/\/www.kasinobonus.ai\/se\/?s={search_term_string}"},"query-input":{"@type":"PropertyValueSpecification","valueRequired":true,"valueName":"search_term_string"}}],"inLanguage":"sv-SE"},{"@type":"Organization","@id":"https:\/\/www.kasinobonus.ai\/se\/#organization","name":"KasinoBonus","alternateName":"KasinoBonusAI","url":"https:\/\/www.kasinobonus.ai\/se\/","logo":{"@type":"ImageObject","inLanguage":"sv-SE","@id":"https:\/\/www.kasinobonus.ai\/se\/#\/schema\/logo\/image\/","url":"https:\/\/www.kasinobonus.ai\/wp-content\/uploads\/2023\/09\/kasinobonus-logo-light.png","contentUrl":"https:\/\/www.kasinobonus.ai\/wp-content\/uploads\/2023\/09\/kasinobonus-logo-light.png","width":3200,"height":596,"caption":"KasinoBonus"},"image":{"@id":"https:\/\/www.kasinobonus.ai\/se\/#\/schema\/logo\/image\/"},"sameAs":["https:\/\/www.facebook.com\/kasinobonusio\/","https:\/\/x.com\/Kasinobonus_io","https:\/\/www.linkedin.com\/in\/matti-slotte-26612033b","http:\/\/kasinobonus.wikidot.com\/system:welcome","https:\/\/www.trustpilot.com\/review\/www.kasinobonus.ai","https:\/\/orcid.org\/0009-0007-2889-1713","https:\/\/en.everybodywiki.com\/Matti_Slotte","https:\/\/www.immuniweb.com\/ssl\/kasinobonus.ai\/M4lqCqYY\/"]}]}},"_links":{"self":[{"href":"https:\/\/www.kasinobonus.ai\/se\/wp-json\/wp\/v2\/pages\/8764","targetHints":{"allow":["GET"]}}],"collection":[{"href":"https:\/\/www.kasinobonus.ai\/se\/wp-json\/wp\/v2\/pages"}],"about":[{"href":"https:\/\/www.kasinobonus.ai\/se\/wp-json\/wp\/v2\/types\/page"}],"author":[{"embeddable":true,"href":"https:\/\/www.kasinobonus.ai\/se\/wp-json\/wp\/v2\/users\/1"}],"replies":[{"embeddable":true,"href":"https:\/\/www.kasinobonus.ai\/se\/wp-json\/wp\/v2\/comments?post=8764"}],"version-history":[{"count":5,"href":"https:\/\/www.kasinobonus.ai\/se\/wp-json\/wp\/v2\/pages\/8764\/revisions"}],"predecessor-version":[{"id":33837,"href":"https:\/\/www.kasinobonus.ai\/se\/wp-json\/wp\/v2\/pages\/8764\/revisions\/33837"}],"wp:featuredmedia":[{"embeddable":true,"href":"https:\/\/www.kasinobonus.ai\/se\/wp-json\/wp\/v2\/media\/9319"}],"wp:attachment":[{"href":"https:\/\/www.kasinobonus.ai\/se\/wp-json\/wp\/v2\/media?parent=8764"}],"curies":[{"name":"wp","href":"https:\/\/api.w.org\/{rel}","templated":true}]}}