{"id":34497,"date":"2025-07-25T11:49:05","date_gmt":"2025-07-25T11:49:05","guid":{"rendered":"https:\/\/www.kasinobonus.ai\/om-jean-pierre-lemoine-casino-inspektor\/"},"modified":"2025-07-26T12:23:40","modified_gmt":"2025-07-26T12:23:40","slug":"om-jean-pierre-lemoine-casino-inspektor","status":"publish","type":"page","link":"https:\/\/www.kasinobonus.ai\/se\/om-jean-pierre-lemoine-casino-inspektor\/","title":{"rendered":"Om Jean-Pierre Lemoine &#8211; Casino inspekt\u00f6r"},"content":{"rendered":"\n<h1 class=\"wp-block-heading\">Om Jean-Pierre Lemoine &#8211; Casino inspekt\u00f6r<\/h1>\n\n<div class=\"wp-block-media-text is-stacked-on-mobile\"><figure class=\"wp-block-media-text__media\"><img decoding=\"async\" width=\"1024\" height=\"576\" src=\"https:\/\/www.kasinobonus.ai\/wp-content\/uploads\/2025\/07\/Jean-Pierre-Lemoine-1024x576.png\" alt=\"Jean Pierre Lemoine\" class=\"wp-image-34320 size-full\" srcset=\"https:\/\/www.kasinobonus.ai\/wp-content\/uploads\/2025\/07\/Jean-Pierre-Lemoine-1024x576.png 1024w, https:\/\/www.kasinobonus.ai\/wp-content\/uploads\/2025\/07\/Jean-Pierre-Lemoine-300x169.png 300w, https:\/\/www.kasinobonus.ai\/wp-content\/uploads\/2025\/07\/Jean-Pierre-Lemoine-768x432.png 768w, https:\/\/www.kasinobonus.ai\/wp-content\/uploads\/2025\/07\/Jean-Pierre-Lemoine-1536x864.png 1536w, https:\/\/www.kasinobonus.ai\/wp-content\/uploads\/2025\/07\/Jean-Pierre-Lemoine-110x62.png 110w, https:\/\/www.kasinobonus.ai\/wp-content\/uploads\/2025\/07\/Jean-Pierre-Lemoine-1180x664.png 1180w, https:\/\/www.kasinobonus.ai\/wp-content\/uploads\/2025\/07\/Jean-Pierre-Lemoine-575x324.png 575w, https:\/\/www.kasinobonus.ai\/wp-content\/uploads\/2025\/07\/Jean-Pierre-Lemoine.png 1820w\" sizes=\"(max-width: 1024px) 100vw, 1024px\" \/><\/figure><div class=\"wp-block-media-text__content\">\n<p>Jean-Pierre Lemoine, f\u00f6dd 5 december 1985 i Montreal, \u00e4r en kanadensisk kasinoexpert som studerade datavetenskap <a href=\"https:\/\/www.mcgill.ca\/\">vid McGill University<\/a>. Han inledde sin karri\u00e4r p\u00e5 Espacejeux 2018, d\u00e4r han fick praktisk erfarenhet av reglerade spelplattformar och utvecklade en djup f\u00f6rst\u00e5else f\u00f6r algoritmer f\u00f6r r\u00e4ttvisa och ansvarsfullt spelande.  <br\/><br\/><\/p>\n<\/div><\/div>\n\n<p>Idag fokuserar Jean-Pierre p\u00e5 verifiering och faktagranskning av onlinekasino, vilket s\u00e4kerst\u00e4ller transparens och noggrannhet f\u00f6r spelare \u00f6ver hela v\u00e4rlden. Han samarbetar ofta med den finske spelanalytikern Matti Slotte och kombinerar teknisk expertis med ett spelarcentrerat perspektiv f\u00f6r att producera tillf\u00f6rlitliga recensioner om bonusar, webbplatsens s\u00e4kerhet och RNG-r\u00e4ttvisa. <br\/><\/p>\n\n<h2 class=\"wp-block-heading\">Jean-Pierres karri\u00e4rv\u00e4g<\/h2>\n\n<figure class=\"wp-block-table\"><table class=\"has-fixed-layout\"><thead><tr><th class=\"has-text-align-left\" data-align=\"left\">\u00c5r<\/th><th class=\"has-text-align-left\" data-align=\"left\">Karri\u00e4rstadium<\/th><\/tr><\/thead><tbody><tr><td class=\"has-text-align-left\" data-align=\"left\">2007<\/td><td class=\"has-text-align-left\" data-align=\"left\">Examen fr\u00e5n McGill University med en Bachelor of Science i datavetenskap<\/td><\/tr><tr><td class=\"has-text-align-left\" data-align=\"left\">2007-2009<\/td><td class=\"has-text-align-left\" data-align=\"left\">Arbetade i startup-f\u00f6retag som utvecklade programvara f\u00f6r onlinekasinon<\/td><\/tr><tr><td class=\"has-text-align-left\" data-align=\"left\">2010<\/td><td class=\"has-text-align-left\" data-align=\"left\">Starta sm\u00e5 projekt f\u00f6r att f\u00f6rb\u00e4ttra spelarnas tillg\u00e5ng till bonuserbjudanden<\/td><\/tr><tr><td class=\"has-text-align-left\" data-align=\"left\">2018<\/td><td class=\"has-text-align-left\" data-align=\"left\">Blev medlem i Espacejeux &#8211; Loto-Qu\u00e9becs officiella onlinekasinotj\u00e4nst<\/td><\/tr><tr><td class=\"has-text-align-left\" data-align=\"left\">2022<\/td><td class=\"has-text-align-left\" data-align=\"left\">Inlett samarbete med den finska spelexperten Matti Slotte<\/td><\/tr><tr><td class=\"has-text-align-left\" data-align=\"left\">2023<\/td><td class=\"has-text-align-left\" data-align=\"left\">Bidragit till utvecklingen av verktyg f\u00f6r bonusverifiering<\/td><\/tr><tr><td class=\"has-text-align-left\" data-align=\"left\">2024<\/td><td class=\"has-text-align-left\" data-align=\"left\">Grundade ToursGratuits, en plattform med fokus p\u00e5 kanadensiska gratissnurr utan ins\u00e4ttning<\/td><\/tr><tr><td class=\"has-text-align-left\" data-align=\"left\">2024<\/td><td class=\"has-text-align-left\" data-align=\"left\">Gick med i KasinoBonus-teamet som kasinogranskare och faktagranskare<\/td><\/tr><\/tbody><\/table><\/figure>\n","protected":false},"excerpt":{"rendered":"<p>Om Jean-Pierre Lemoine &#8211; Casino inspekt\u00f6r Jean-Pierre Lemoine, f\u00f6dd 5 december 1985 i Montreal, \u00e4r en kanadensisk kasinoexpert som studerade datavetenskap vid McGill University. Han inledde sin karri\u00e4r p\u00e5 Espacejeux 2018, d\u00e4r han fick praktisk erfarenhet av reglerade spelplattformar och utvecklade en djup f\u00f6rst\u00e5else f\u00f6r algoritmer f\u00f6r r\u00e4ttvisa och ansvarsfullt spelande. Idag fokuserar Jean-Pierre p\u00e5 [&hellip;]<\/p>\n","protected":false},"author":1,"featured_media":0,"parent":0,"menu_order":0,"comment_status":"closed","ping_status":"closed","template":"page-clean.php","meta":{"inline_featured_image":false,"footnotes":""},"class_list":["post-34497","page","type-page","status-publish","hentry"],"yoast_head":"<!-- This site is optimized with the Yoast SEO plugin v24.5 - https:\/\/yoast.com\/wordpress\/plugins\/seo\/ -->\n<title>Om Jean-Pierre Lemoine - Casino inspekt\u00f6r - www.kasinobonus.ai<\/title>\n<meta name=\"robots\" content=\"index, follow, max-snippet:-1, max-image-preview:large, max-video-preview:-1\" \/>\n<link rel=\"canonical\" href=\"https:\/\/www.kasinobonus.ai\/se\/om-jean-pierre-lemoine-casino-inspektor\/\" \/>\n<script type=\"application\/ld+json\" class=\"yoast-schema-graph\">{\"@context\":\"https:\/\/schema.org\",\"@graph\":[{\"@type\":\"WebPage\",\"@id\":\"https:\/\/www.kasinobonus.ai\/se\/om-jean-pierre-lemoine-casino-inspektor\/\",\"url\":\"https:\/\/www.kasinobonus.ai\/se\/om-jean-pierre-lemoine-casino-inspektor\/\",\"name\":\"Om Jean-Pierre Lemoine - Casino inspekt\u00f6r - www.kasinobonus.ai\",\"isPartOf\":{\"@id\":\"https:\/\/www.kasinobonus.ai\/se\/#website\"},\"primaryImageOfPage\":{\"@id\":\"https:\/\/www.kasinobonus.ai\/se\/om-jean-pierre-lemoine-casino-inspektor\/#primaryimage\"},\"image\":{\"@id\":\"https:\/\/www.kasinobonus.ai\/se\/om-jean-pierre-lemoine-casino-inspektor\/#primaryimage\"},\"thumbnailUrl\":\"https:\/\/www.kasinobonus.ai\/wp-content\/uploads\/2025\/07\/Jean-Pierre-Lemoine-1024x576.png\",\"datePublished\":\"2025-07-25T11:49:05+00:00\",\"dateModified\":\"2025-07-26T12:23:40+00:00\",\"breadcrumb\":{\"@id\":\"https:\/\/www.kasinobonus.ai\/se\/om-jean-pierre-lemoine-casino-inspektor\/#breadcrumb\"},\"inLanguage\":\"sv-SE\",\"potentialAction\":[{\"@type\":\"ReadAction\",\"target\":[\"https:\/\/www.kasinobonus.ai\/se\/om-jean-pierre-lemoine-casino-inspektor\/\"]}]},{\"@type\":\"ImageObject\",\"inLanguage\":\"sv-SE\",\"@id\":\"https:\/\/www.kasinobonus.ai\/se\/om-jean-pierre-lemoine-casino-inspektor\/#primaryimage\",\"url\":\"https:\/\/www.kasinobonus.ai\/wp-content\/uploads\/2025\/07\/Jean-Pierre-Lemoine-1024x576.png\",\"contentUrl\":\"https:\/\/www.kasinobonus.ai\/wp-content\/uploads\/2025\/07\/Jean-Pierre-Lemoine-1024x576.png\"},{\"@type\":\"BreadcrumbList\",\"@id\":\"https:\/\/www.kasinobonus.ai\/se\/om-jean-pierre-lemoine-casino-inspektor\/#breadcrumb\",\"itemListElement\":[{\"@type\":\"ListItem\",\"position\":1,\"name\":\"Home\",\"item\":\"https:\/\/www.kasinobonus.ai\/se\/\"},{\"@type\":\"ListItem\",\"position\":2,\"name\":\"Om Jean-Pierre Lemoine &#8211; Casino inspekt\u00f6r\"}]},{\"@type\":\"WebSite\",\"@id\":\"https:\/\/www.kasinobonus.ai\/se\/#website\",\"url\":\"https:\/\/www.kasinobonus.ai\/se\/\",\"name\":\"www.kasinobonus.ai\",\"description\":\"\",\"publisher\":{\"@id\":\"https:\/\/www.kasinobonus.ai\/se\/#organization\"},\"potentialAction\":[{\"@type\":\"SearchAction\",\"target\":{\"@type\":\"EntryPoint\",\"urlTemplate\":\"https:\/\/www.kasinobonus.ai\/se\/?s={search_term_string}\"},\"query-input\":{\"@type\":\"PropertyValueSpecification\",\"valueRequired\":true,\"valueName\":\"search_term_string\"}}],\"inLanguage\":\"sv-SE\"},{\"@type\":\"Organization\",\"@id\":\"https:\/\/www.kasinobonus.ai\/se\/#organization\",\"name\":\"KasinoBonus\",\"alternateName\":\"KasinoBonusAI\",\"url\":\"https:\/\/www.kasinobonus.ai\/se\/\",\"logo\":{\"@type\":\"ImageObject\",\"inLanguage\":\"sv-SE\",\"@id\":\"https:\/\/www.kasinobonus.ai\/se\/#\/schema\/logo\/image\/\",\"url\":\"https:\/\/www.kasinobonus.ai\/wp-content\/uploads\/2023\/09\/kasinobonus-logo-light.png\",\"contentUrl\":\"https:\/\/www.kasinobonus.ai\/wp-content\/uploads\/2023\/09\/kasinobonus-logo-light.png\",\"width\":3200,\"height\":596,\"caption\":\"KasinoBonus\"},\"image\":{\"@id\":\"https:\/\/www.kasinobonus.ai\/se\/#\/schema\/logo\/image\/\"},\"sameAs\":[\"https:\/\/www.facebook.com\/kasinobonusio\/\",\"https:\/\/x.com\/Kasinobonus_io\",\"https:\/\/www.linkedin.com\/in\/matti-slotte-26612033b\",\"http:\/\/kasinobonus.wikidot.com\/system:welcome\",\"https:\/\/www.trustpilot.com\/review\/www.kasinobonus.ai\",\"https:\/\/orcid.org\/0009-0007-2889-1713\",\"https:\/\/en.everybodywiki.com\/Matti_Slotte\",\"https:\/\/www.immuniweb.com\/ssl\/kasinobonus.ai\/M4lqCqYY\/\"]}]}<\/script>\n<!-- \/ Yoast SEO plugin. -->","yoast_head_json":{"title":"Om Jean-Pierre Lemoine - Casino inspekt\u00f6r - www.kasinobonus.ai","robots":{"index":"index","follow":"follow","max-snippet":"max-snippet:-1","max-image-preview":"max-image-preview:large","max-video-preview":"max-video-preview:-1"},"canonical":"https:\/\/www.kasinobonus.ai\/se\/om-jean-pierre-lemoine-casino-inspektor\/","schema":{"@context":"https:\/\/schema.org","@graph":[{"@type":"WebPage","@id":"https:\/\/www.kasinobonus.ai\/se\/om-jean-pierre-lemoine-casino-inspektor\/","url":"https:\/\/www.kasinobonus.ai\/se\/om-jean-pierre-lemoine-casino-inspektor\/","name":"Om Jean-Pierre Lemoine - Casino inspekt\u00f6r - www.kasinobonus.ai","isPartOf":{"@id":"https:\/\/www.kasinobonus.ai\/se\/#website"},"primaryImageOfPage":{"@id":"https:\/\/www.kasinobonus.ai\/se\/om-jean-pierre-lemoine-casino-inspektor\/#primaryimage"},"image":{"@id":"https:\/\/www.kasinobonus.ai\/se\/om-jean-pierre-lemoine-casino-inspektor\/#primaryimage"},"thumbnailUrl":"https:\/\/www.kasinobonus.ai\/wp-content\/uploads\/2025\/07\/Jean-Pierre-Lemoine-1024x576.png","datePublished":"2025-07-25T11:49:05+00:00","dateModified":"2025-07-26T12:23:40+00:00","breadcrumb":{"@id":"https:\/\/www.kasinobonus.ai\/se\/om-jean-pierre-lemoine-casino-inspektor\/#breadcrumb"},"inLanguage":"sv-SE","potentialAction":[{"@type":"ReadAction","target":["https:\/\/www.kasinobonus.ai\/se\/om-jean-pierre-lemoine-casino-inspektor\/"]}]},{"@type":"ImageObject","inLanguage":"sv-SE","@id":"https:\/\/www.kasinobonus.ai\/se\/om-jean-pierre-lemoine-casino-inspektor\/#primaryimage","url":"https:\/\/www.kasinobonus.ai\/wp-content\/uploads\/2025\/07\/Jean-Pierre-Lemoine-1024x576.png","contentUrl":"https:\/\/www.kasinobonus.ai\/wp-content\/uploads\/2025\/07\/Jean-Pierre-Lemoine-1024x576.png"},{"@type":"BreadcrumbList","@id":"https:\/\/www.kasinobonus.ai\/se\/om-jean-pierre-lemoine-casino-inspektor\/#breadcrumb","itemListElement":[{"@type":"ListItem","position":1,"name":"Home","item":"https:\/\/www.kasinobonus.ai\/se\/"},{"@type":"ListItem","position":2,"name":"Om Jean-Pierre Lemoine &#8211; Casino inspekt\u00f6r"}]},{"@type":"WebSite","@id":"https:\/\/www.kasinobonus.ai\/se\/#website","url":"https:\/\/www.kasinobonus.ai\/se\/","name":"www.kasinobonus.ai","description":"","publisher":{"@id":"https:\/\/www.kasinobonus.ai\/se\/#organization"},"potentialAction":[{"@type":"SearchAction","target":{"@type":"EntryPoint","urlTemplate":"https:\/\/www.kasinobonus.ai\/se\/?s={search_term_string}"},"query-input":{"@type":"PropertyValueSpecification","valueRequired":true,"valueName":"search_term_string"}}],"inLanguage":"sv-SE"},{"@type":"Organization","@id":"https:\/\/www.kasinobonus.ai\/se\/#organization","name":"KasinoBonus","alternateName":"KasinoBonusAI","url":"https:\/\/www.kasinobonus.ai\/se\/","logo":{"@type":"ImageObject","inLanguage":"sv-SE","@id":"https:\/\/www.kasinobonus.ai\/se\/#\/schema\/logo\/image\/","url":"https:\/\/www.kasinobonus.ai\/wp-content\/uploads\/2023\/09\/kasinobonus-logo-light.png","contentUrl":"https:\/\/www.kasinobonus.ai\/wp-content\/uploads\/2023\/09\/kasinobonus-logo-light.png","width":3200,"height":596,"caption":"KasinoBonus"},"image":{"@id":"https:\/\/www.kasinobonus.ai\/se\/#\/schema\/logo\/image\/"},"sameAs":["https:\/\/www.facebook.com\/kasinobonusio\/","https:\/\/x.com\/Kasinobonus_io","https:\/\/www.linkedin.com\/in\/matti-slotte-26612033b","http:\/\/kasinobonus.wikidot.com\/system:welcome","https:\/\/www.trustpilot.com\/review\/www.kasinobonus.ai","https:\/\/orcid.org\/0009-0007-2889-1713","https:\/\/en.everybodywiki.com\/Matti_Slotte","https:\/\/www.immuniweb.com\/ssl\/kasinobonus.ai\/M4lqCqYY\/"]}]}},"_links":{"self":[{"href":"https:\/\/www.kasinobonus.ai\/se\/wp-json\/wp\/v2\/pages\/34497","targetHints":{"allow":["GET"]}}],"collection":[{"href":"https:\/\/www.kasinobonus.ai\/se\/wp-json\/wp\/v2\/pages"}],"about":[{"href":"https:\/\/www.kasinobonus.ai\/se\/wp-json\/wp\/v2\/types\/page"}],"author":[{"embeddable":true,"href":"https:\/\/www.kasinobonus.ai\/se\/wp-json\/wp\/v2\/users\/1"}],"replies":[{"embeddable":true,"href":"https:\/\/www.kasinobonus.ai\/se\/wp-json\/wp\/v2\/comments?post=34497"}],"version-history":[{"count":3,"href":"https:\/\/www.kasinobonus.ai\/se\/wp-json\/wp\/v2\/pages\/34497\/revisions"}],"predecessor-version":[{"id":34500,"href":"https:\/\/www.kasinobonus.ai\/se\/wp-json\/wp\/v2\/pages\/34497\/revisions\/34500"}],"wp:attachment":[{"href":"https:\/\/www.kasinobonus.ai\/se\/wp-json\/wp\/v2\/media?parent=34497"}],"curies":[{"name":"wp","href":"https:\/\/api.w.org\/{rel}","templated":true}]}}