{"id":28822,"date":"2024-11-25T11:35:43","date_gmt":"2024-11-25T11:35:43","guid":{"rendered":"https:\/\/kasinobonus.ai\/omsattningskalkylator\/"},"modified":"2025-06-15T10:39:10","modified_gmt":"2025-06-15T10:39:10","slug":"omsattningskalkylator","status":"publish","type":"page","link":"https:\/\/www.kasinobonus.ai\/se\/omsattningskalkylator\/","title":{"rendered":"Oms\u00e4ttningskalkylator"},"content":{"rendered":"\n<h1 class=\"wp-block-heading\">Oms\u00e4ttningskalkylator<\/h1>\n\n<p>Oms\u00e4ttningskalkylatorn l\u00e5ter dig ber\u00e4kna det belopp du beh\u00f6ver satsa samt den teoretiska vinsten eller f\u00f6rlusten. RTP fungerar inte p\u00e5 ett f\u00f6ruts\u00e4gbart s\u00e4tt, s\u00e5 kalkylatorn visar endast ett sannolikhetsbaserat scenario och garanterar inte n\u00e5gon vinst.<\/p>\n\n<section class=\"rounded bs bonus-calculator txt-primary\" id=\"bonusCalculator\" data-temp-json=\"\">\r\n<div>\r\n<nav>\r\n<div class=\"nav nav-tabs\" id=\"nav-tab\" role=\"tablist\">\r\n<button class=\"nav-link active\" id=\"deposit-bonus\">\r\nDeposit Bonus<\/button>\r\n<button class=\"nav-link\" id=\"free-money\">Free Bonus Money<\/button>\r\n<\/div>\r\n<\/nav>\r\n<div class=\"row-grid\">\r\n\r\n<div data-calc=\"deposit-bonus\">\r\n<label class=\"d-block\">Wagering Type<\/label>\r\n<select name=\"bonus_only\">\r\n<option value=\"1\" selected=\"\">Bonus only<\/option>\r\n<option value=\"0\">Deposit bonus<\/option>\r\n<\/select>\r\n<\/div>\r\n\r\n<div data-calc=\"deposit-bonus\">\r\n<label class=\"d-block\">Deposit Amount *<\/label>\r\n<input type=\"number\" placeholder=\"500\" name=\"deposit_amount\" value=\"100\"\/>\r\n<\/div>\r\n\r\n<div data-calc=\"deposit-bonus\">\r\n<label class=\"d-block\">Deposit Match %<\/label>\r\n<input type=\"number\" placeholder=\"100%\" min=\"0\" name=\"deposit_match\" value=\"100\"\/>\r\n<\/div>\r\n\r\n<div data-calc=\"deposit-bonus\">\r\n<label class=\"d-block\">Bonus Limit<\/label>\r\n<input type=\"number\" placeholder=\"300\" class=\"rounded\" name=\"casino_bonus\" value=\"200\" id=\"bc_casino_bonus\"\/>\r\n<\/div>\r\n\r\n<div class=\"free_money d-none\" data-calc=\"free-money\">\r\n<label class=\"d-block\">Free Bonus Money<\/label>\r\n<input type=\"number\" placeholder=\"300\" min=\"0\" name=\"free_money\" value=\"100\"\/>\r\n<\/div>\r\n\r\n<div>\r\n<label class=\"d-block\">Wagering Requirement (x)<\/label>\r\n<input type=\"number\" placeholder=\"100x\" name=\"casino_bonus_wager\" value=\"15\" id=\"bc_casino_bonus_wager\"\/>\r\n<\/div>\r\n\r\n<div data-calc=\"deposit-bonus\">\r\n<label class=\"d-block\">Game Contribution %<\/label>\r\n<input type=\"number\" placeholder=\"100%\" min=\"0\" max=\"100\" name=\"game_contribution\" value=\"100\"\/>\r\n<\/div>\r\n\r\n<div data-calc=\"deposit-bonus\">\r\n<label class=\"d-block\">Game RTP %<\/label>\r\n<input type=\"number\" placeholder=\"100%\" min=\"0\" max=\"100\" name=\"game_rtp\" value=\"96.5\"\/>\r\n<\/div>\r\n<div>\r\n<button class=\"btn\" id=\"bc_reset\">Reset<\/button>\r\n<\/div>\r\n<\/div>\r\n<\/div>\r\n<div>\r\n<strong class=\"border-bottom\">Wagering Outcome<\/strong>\r\n<div class=\"border-bottom fs-09\" data-calc=\"deposit-bonus\">\r\n<span>Free Bonus Money<\/span><span class=\"fw-7 float-end\" id=\"bc_free_bonus_money\">100<\/span>\r\n<\/div>\r\n<div class=\"border-bottom fs-09\" data-calc=\"deposit-bonus\">\r\n<span>Total Play Money<\/span><span class=\"fw-7 float-end\" id=\"bc_total_play_money\">200<\/span>\r\n<\/div>\r\n<div class=\"txt-green-3 fw-7\">\r\n<span>Amount to Wager<\/span>\r\n<span class=\"fw-7 float-end\" id=\"bc_amount_to_be_wagered\" data-calc=\"deposit-bonus\">1500<\/span>\r\n<span class=\"fw-7 float-end d-none\" id=\"bc_amount_to_be_wagered_2\" data-calc=\"free-money\">1500<\/span>\r\n<\/div>\r\n<div class=\"py-3 w-100 txt-green-3 fw-7 border-top\" data-calc=\"deposit-bonus\">\r\n<span>Theoretical Win<\/span><span class=\"fw-7 float-end\" id=\"bc_theoretical_win\">148<\/span>\r\n<\/div>\r\n<div class=\"fs-s\" data-calc=\"deposit-bonus\">\r\n<svg xmlns=\"http:\/\/www.w3.org\/2000\/svg\" width=\"16\" height=\"16\" fill=\"currentColor\" class=\"bi bi-exclamation-circle me-2 txt-neutral-6\" viewbox=\"0 0 16 16\">\r\n<path d=\"M8 15A7 7 0 1 1 8 1a7 7 0 0 1 0 14zm0 1A8 8 0 1 0 8 0a8 8 0 0 0 0 16z\"><\/path>\r\n<path d=\"M7.002 11a1 1 0 1 1 2 0 1 1 0 0 1-2 0zM7.1 4.995a.905.905 0 1 1 1.8 0l-.35 3.507a.552.552 0 0 1-1.1 0L7.1 4.995z\"><\/path>\r\n<\/svg>\r\n<span class=\"align-middle\">Theoretical win is based on game RTP%. May not match your own experience.<\/span>\r\n<\/div>\r\n<\/div>\r\n<\/section>\r\n\n<script type=\"module\">\r\n                    (function() {\r\n                        document.addEventListener(\"DOMContentLoaded\", bc_init);\r\n                        var values = {};\r\n                        var default_values = {};\r\n                        let hide_list = true;\r\n                        function bc_init() {\r\n                            const calculator = document.getElementById('bonusCalculator');\r\n                            const inputs = calculator.querySelectorAll('input, select');\r\n                            const navs = calculator.querySelectorAll('.nav-link');\r\n                            const free_bonus_money_el = document.getElementById('bc_free_bonus_money');\r\n                            const total_play_money_el = document.getElementById('bc_total_play_money');\r\n                            const amount_to_be_wagered_el = document.getElementById('bc_amount_to_be_wagered');\r\n                            const amount_to_be_wagered_2_el = document.getElementById('bc_amount_to_be_wagered_2');\r\n                            const theoretical_win_el = document.getElementById('bc_theoretical_win');\r\n                            const reset_el = document.getElementById('bc_reset');\r\n                            const casino_list_el = document.getElementById('bc_casino_list_el');\r\n                            const json = calculator.getAttribute('data-temp-json');\r\n                            if (json != '') {\r\n                                const obj = JSON.parse(json)\r\n                            }\r\n                            Array.prototype.forEach.call(navs, function(el) {\r\n                                el.addEventListener(\"click\", function() {\r\n                                    Array.prototype.forEach.call(navs, function(el) {\r\n                                        el.classList.remove(\"active\")\r\n                                    });\r\n                                    this.classList.add(\"active\");\r\n                                    var id = this.getAttribute(\"id\");\r\n                                    var els = calculator.querySelectorAll('[data-calc]');\r\n                                    Array.prototype.forEach.call(els, function(el) {\r\n                                        if (el.getAttribute(\"data-calc\") != id) {\r\n                                            el.classList.add(\"d-none\")\r\n                                        } else {\r\n                                            el.classList.remove(\"d-none\")\r\n                                        }\r\n                                    })\r\n                                })\r\n                            });\r\n                            Array.prototype.forEach.call(inputs, function(el) {\r\n                                values[el.name] = el.value;\r\n                                default_values[el.name] = el.value;\r\n                                el.addEventListener('input', function() {\r\n                                    if (el.getAttribute(\"type\") == \"number\" && (isNaN(el.value) || el.value == '')) {\r\n                                        el.value = 0\r\n                                    }\r\n                                    values[el.name] = el.value;\r\n                                    if (el.hasAttribute('max') && parseInt(el.value) > parseInt(el.getAttribute('max'))) {\r\n                                        values[el.name] = parseInt(el.getAttribute('max'));\r\n                                        el.value = parseInt(el.getAttribute('max'))\r\n                                    }\r\n                                    if (json != '') {\r\n                                        if (el.name === 'bc_casino_search') {\r\n                                            populate_casino_list(el.value)\r\n                                        } else {\r\n                                            casino_list_el.classList.add('d-none')\r\n                                        }\r\n                                    }\r\n                                    setHTML()\r\n                                });\r\n                                if (el.name === 'bc_casino_search' && obj != null) {\r\n                                    el.addEventListener('focus', function() {\r\n                                        populate_casino_list(el.value)\r\n                                    })\r\n                                }\r\n                            });\r\n                            setHTML();\r\n                            reset_el.addEventListener(\"click\", function() {\r\n                                Array.prototype.forEach.call(inputs, function(el) {\r\n                                    el.value = default_values[el.name];\r\n                                    values[el.name] = default_values[el.name]\r\n                                });\r\n                                if (json != '')\r\n                                    casino_list_el.classList.add('d-none');\r\n                                setHTML()\r\n                            });\r\n                            function populate_casino_list(query) {\r\n                                query = query.toLowerCase();\r\n                                casino_list_el.innerHTML = '';\r\n                                hide_list = true;\r\n                                var result = populate_casino_list_loop(query, true);\r\n                                if (result == false) {\r\n                                    populate_casino_list_loop(query, false)\r\n                                }\r\n                                if (hide_list) {\r\n                                    casino_list_el.classList.add('d-none')\r\n                                } else {\r\n                                    casino_list_el.classList.remove('d-none')\r\n                                }\r\n                            }\r\n                            function populate_casino_list_loop(query, match_query) {\r\n                                var results_found = false;\r\n                                for (const prop in obj) {\r\n                                    if (obj.hasOwnProperty(prop)) {\r\n                                        let name = prop.toLowerCase();\r\n                                        if (name.includes(query) || match_query == false) {\r\n                                            if (name.includes(query))\r\n                                                results_found = true;\r\n                                            hide_list = false;\r\n                                            var div = document.createElement('div');\r\n                                            div.innerHTML = prop;\r\n                                            div.addEventListener('click', function() {\r\n                                                var casino_bonus = parseInt(obj[prop].casino_bonus == \"\" ? 0 : obj[prop].casino_bonus);\r\n                                                var casino_bonus_wager = parseInt(obj[prop].casino_bonus_wager == \"\" ? 0 : obj[prop].casino_bonus_wager);\r\n                                                values.casino_bonus_wager = parseInt(casino_bonus_wager);\r\n                                                values.casino_bonus = parseFloat(casino_bonus);\r\n                                                document.getElementById('bc_casino_search').value = '';\r\n                                                document.getElementById('bc_casino_search').placeholder = prop;\r\n                                                document.getElementById('bc_casino_bonus_wager').value = casino_bonus_wager;\r\n                                                document.getElementById('bc_casino_bonus').value = casino_bonus;\r\n                                                casino_list_el.classList.add('d-none');\r\n                                                document.getElementById('bc_casino_status').classList.add(\"d-none\");\r\n                                                setHTML()\r\n                                            });\r\n                                            casino_list_el.appendChild(div)\r\n                                        }\r\n                                    }\r\n                                }\r\n                                if (match_query === false && query !== '') {\r\n                                    document.getElementById('bc_casino_status').classList.remove(\"d-none\")\r\n                                } else {\r\n                                    document.getElementById('bc_casino_status').classList.add(\"d-none\")\r\n                                }\r\n                                return results_found\r\n                            }\r\n                            function calc_free_bonus_money() {\r\n                                var bonus_amount = parseInt(values.deposit_amount) > parseInt(values.casino_bonus) ? parseInt(values.casino_bonus) : parseInt(values.deposit_amount);\r\n                                return Math.round((parseFloat(values.deposit_match) \/ 100) * parseInt(bonus_amount), 1)\r\n                            }\r\n                            function calc_total_play_money() {\r\n                                return calc_free_bonus_money() + parseInt(values.deposit_amount)\r\n                            }\r\n                            function calc_wagering_amount() {\r\n                                if (values.bonus_only === '1') {\r\n                                    return Math.round(calc_free_bonus_money() * parseInt(values.casino_bonus_wager) * (1 \/ (parseFloat(values.game_contribution) \/ 100)), 1)\r\n                                } else {\r\n                                    return Math.round(calc_total_play_money() * parseInt(values.casino_bonus_wager) * (parseFloat(values.game_contribution) \/ 100), 1)\r\n                                }\r\n                            }\r\n                            function calc_wagering_amount_2() {\r\n                                return Math.round(parseFloat(values.free_money) * parseFloat(values.casino_bonus_wager))\r\n                            }\r\n                            function calc_theoretical_win() {\r\n                                var theoretical_loss = calc_wagering_amount() - (calc_wagering_amount() * (parseFloat(values.game_rtp) \/ 100));\r\n                                return Math.round(calc_total_play_money() - theoretical_loss, 1)\r\n                            }\r\n                            function setHTML() {\r\n                                free_bonus_money_el.innerHTML = calc_free_bonus_money();\r\n                                total_play_money_el.innerHTML = calc_total_play_money();\r\n                                amount_to_be_wagered_el.innerHTML = calc_wagering_amount();\r\n                                amount_to_be_wagered_2_el.innerHTML = calc_wagering_amount_2();\r\n                                theoretical_win_el.innerHTML = calc_theoretical_win()\r\n                            }\r\n                        }\r\n                    }\r\n                    )();\r\n                <\/script>\r\n","protected":false},"excerpt":{"rendered":"<p>Oms\u00e4ttningskalkylator Oms\u00e4ttningskalkylatorn l\u00e5ter dig ber\u00e4kna det belopp du beh\u00f6ver satsa samt den teoretiska vinsten eller f\u00f6rlusten. RTP fungerar inte p\u00e5 ett f\u00f6ruts\u00e4gbart s\u00e4tt, s\u00e5 kalkylatorn visar endast ett sannolikhetsbaserat scenario och garanterar inte n\u00e5gon vinst. Deposit Bonus Free Bonus Money Wagering Type Bonus onlyDeposit bonus Deposit Amount * Deposit Match % Bonus Limit Free Bonus [&hellip;]<\/p>\n","protected":false},"author":1,"featured_media":0,"parent":0,"menu_order":0,"comment_status":"closed","ping_status":"closed","template":"","meta":{"inline_featured_image":false,"footnotes":""},"class_list":["post-28822","page","type-page","status-publish","hentry"],"yoast_head":"<!-- This site is optimized with the Yoast SEO plugin v24.5 - https:\/\/yoast.com\/wordpress\/plugins\/seo\/ -->\n<title>Oms\u00e4ttningskalkylator - www.kasinobonus.ai<\/title>\n<meta name=\"description\" content=\"Anv\u00e4nd v\u00e5r gratis oms\u00e4ttningskalkylator f\u00f6r att r\u00e4kna ut hur mycket du beh\u00f6ver spela f\u00f6r att uppfylla bonuskraven. Snabbt, enkelt och exakt.\" \/>\n<meta name=\"robots\" content=\"index, follow, max-snippet:-1, max-image-preview:large, max-video-preview:-1\" \/>\n<link rel=\"canonical\" href=\"https:\/\/www.kasinobonus.ai\/se\/omsattningskalkylator\/\" \/>\n<script type=\"application\/ld+json\" class=\"yoast-schema-graph\">{\"@context\":\"https:\/\/schema.org\",\"@graph\":[{\"@type\":\"WebPage\",\"@id\":\"https:\/\/www.kasinobonus.ai\/se\/omsattningskalkylator\/\",\"url\":\"https:\/\/www.kasinobonus.ai\/se\/omsattningskalkylator\/\",\"name\":\"Oms\u00e4ttningskalkylator - www.kasinobonus.ai\",\"isPartOf\":{\"@id\":\"https:\/\/www.kasinobonus.ai\/se\/#website\"},\"datePublished\":\"2024-11-25T11:35:43+00:00\",\"dateModified\":\"2025-06-15T10:39:10+00:00\",\"description\":\"Anv\u00e4nd v\u00e5r gratis oms\u00e4ttningskalkylator f\u00f6r att r\u00e4kna ut hur mycket du beh\u00f6ver spela f\u00f6r att uppfylla bonuskraven. Snabbt, enkelt och exakt.\",\"breadcrumb\":{\"@id\":\"https:\/\/www.kasinobonus.ai\/se\/omsattningskalkylator\/#breadcrumb\"},\"inLanguage\":\"sv-SE\",\"potentialAction\":[{\"@type\":\"ReadAction\",\"target\":[\"https:\/\/www.kasinobonus.ai\/se\/omsattningskalkylator\/\"]}]},{\"@type\":\"BreadcrumbList\",\"@id\":\"https:\/\/www.kasinobonus.ai\/se\/omsattningskalkylator\/#breadcrumb\",\"itemListElement\":[{\"@type\":\"ListItem\",\"position\":1,\"name\":\"Home\",\"item\":\"https:\/\/www.kasinobonus.ai\/se\/\"},{\"@type\":\"ListItem\",\"position\":2,\"name\":\"Oms\u00e4ttningskalkylator\"}]},{\"@type\":\"WebSite\",\"@id\":\"https:\/\/www.kasinobonus.ai\/se\/#website\",\"url\":\"https:\/\/www.kasinobonus.ai\/se\/\",\"name\":\"www.kasinobonus.ai\",\"description\":\"\",\"publisher\":{\"@id\":\"https:\/\/www.kasinobonus.ai\/se\/#organization\"},\"potentialAction\":[{\"@type\":\"SearchAction\",\"target\":{\"@type\":\"EntryPoint\",\"urlTemplate\":\"https:\/\/www.kasinobonus.ai\/se\/?s={search_term_string}\"},\"query-input\":{\"@type\":\"PropertyValueSpecification\",\"valueRequired\":true,\"valueName\":\"search_term_string\"}}],\"inLanguage\":\"sv-SE\"},{\"@type\":\"Organization\",\"@id\":\"https:\/\/www.kasinobonus.ai\/se\/#organization\",\"name\":\"KasinoBonus\",\"alternateName\":\"KasinoBonusAI\",\"url\":\"https:\/\/www.kasinobonus.ai\/se\/\",\"logo\":{\"@type\":\"ImageObject\",\"inLanguage\":\"sv-SE\",\"@id\":\"https:\/\/www.kasinobonus.ai\/se\/#\/schema\/logo\/image\/\",\"url\":\"https:\/\/www.kasinobonus.ai\/wp-content\/uploads\/2023\/09\/kasinobonus-logo-light.png\",\"contentUrl\":\"https:\/\/www.kasinobonus.ai\/wp-content\/uploads\/2023\/09\/kasinobonus-logo-light.png\",\"width\":3200,\"height\":596,\"caption\":\"KasinoBonus\"},\"image\":{\"@id\":\"https:\/\/www.kasinobonus.ai\/se\/#\/schema\/logo\/image\/\"},\"sameAs\":[\"https:\/\/www.facebook.com\/kasinobonusio\/\",\"https:\/\/x.com\/Kasinobonus_io\",\"https:\/\/www.linkedin.com\/in\/matti-slotte-26612033b\",\"http:\/\/kasinobonus.wikidot.com\/system:welcome\",\"https:\/\/www.trustpilot.com\/review\/www.kasinobonus.ai\",\"https:\/\/orcid.org\/0009-0007-2889-1713\",\"https:\/\/en.everybodywiki.com\/Matti_Slotte\",\"https:\/\/www.immuniweb.com\/ssl\/kasinobonus.ai\/M4lqCqYY\/\"]}]}<\/script>\n<!-- \/ Yoast SEO plugin. -->","yoast_head_json":{"title":"Oms\u00e4ttningskalkylator - www.kasinobonus.ai","description":"Anv\u00e4nd v\u00e5r gratis oms\u00e4ttningskalkylator f\u00f6r att r\u00e4kna ut hur mycket du beh\u00f6ver spela f\u00f6r att uppfylla bonuskraven. Snabbt, enkelt och exakt.","robots":{"index":"index","follow":"follow","max-snippet":"max-snippet:-1","max-image-preview":"max-image-preview:large","max-video-preview":"max-video-preview:-1"},"canonical":"https:\/\/www.kasinobonus.ai\/se\/omsattningskalkylator\/","schema":{"@context":"https:\/\/schema.org","@graph":[{"@type":"WebPage","@id":"https:\/\/www.kasinobonus.ai\/se\/omsattningskalkylator\/","url":"https:\/\/www.kasinobonus.ai\/se\/omsattningskalkylator\/","name":"Oms\u00e4ttningskalkylator - www.kasinobonus.ai","isPartOf":{"@id":"https:\/\/www.kasinobonus.ai\/se\/#website"},"datePublished":"2024-11-25T11:35:43+00:00","dateModified":"2025-06-15T10:39:10+00:00","description":"Anv\u00e4nd v\u00e5r gratis oms\u00e4ttningskalkylator f\u00f6r att r\u00e4kna ut hur mycket du beh\u00f6ver spela f\u00f6r att uppfylla bonuskraven. Snabbt, enkelt och exakt.","breadcrumb":{"@id":"https:\/\/www.kasinobonus.ai\/se\/omsattningskalkylator\/#breadcrumb"},"inLanguage":"sv-SE","potentialAction":[{"@type":"ReadAction","target":["https:\/\/www.kasinobonus.ai\/se\/omsattningskalkylator\/"]}]},{"@type":"BreadcrumbList","@id":"https:\/\/www.kasinobonus.ai\/se\/omsattningskalkylator\/#breadcrumb","itemListElement":[{"@type":"ListItem","position":1,"name":"Home","item":"https:\/\/www.kasinobonus.ai\/se\/"},{"@type":"ListItem","position":2,"name":"Oms\u00e4ttningskalkylator"}]},{"@type":"WebSite","@id":"https:\/\/www.kasinobonus.ai\/se\/#website","url":"https:\/\/www.kasinobonus.ai\/se\/","name":"www.kasinobonus.ai","description":"","publisher":{"@id":"https:\/\/www.kasinobonus.ai\/se\/#organization"},"potentialAction":[{"@type":"SearchAction","target":{"@type":"EntryPoint","urlTemplate":"https:\/\/www.kasinobonus.ai\/se\/?s={search_term_string}"},"query-input":{"@type":"PropertyValueSpecification","valueRequired":true,"valueName":"search_term_string"}}],"inLanguage":"sv-SE"},{"@type":"Organization","@id":"https:\/\/www.kasinobonus.ai\/se\/#organization","name":"KasinoBonus","alternateName":"KasinoBonusAI","url":"https:\/\/www.kasinobonus.ai\/se\/","logo":{"@type":"ImageObject","inLanguage":"sv-SE","@id":"https:\/\/www.kasinobonus.ai\/se\/#\/schema\/logo\/image\/","url":"https:\/\/www.kasinobonus.ai\/wp-content\/uploads\/2023\/09\/kasinobonus-logo-light.png","contentUrl":"https:\/\/www.kasinobonus.ai\/wp-content\/uploads\/2023\/09\/kasinobonus-logo-light.png","width":3200,"height":596,"caption":"KasinoBonus"},"image":{"@id":"https:\/\/www.kasinobonus.ai\/se\/#\/schema\/logo\/image\/"},"sameAs":["https:\/\/www.facebook.com\/kasinobonusio\/","https:\/\/x.com\/Kasinobonus_io","https:\/\/www.linkedin.com\/in\/matti-slotte-26612033b","http:\/\/kasinobonus.wikidot.com\/system:welcome","https:\/\/www.trustpilot.com\/review\/www.kasinobonus.ai","https:\/\/orcid.org\/0009-0007-2889-1713","https:\/\/en.everybodywiki.com\/Matti_Slotte","https:\/\/www.immuniweb.com\/ssl\/kasinobonus.ai\/M4lqCqYY\/"]}]}},"_links":{"self":[{"href":"https:\/\/www.kasinobonus.ai\/se\/wp-json\/wp\/v2\/pages\/28822","targetHints":{"allow":["GET"]}}],"collection":[{"href":"https:\/\/www.kasinobonus.ai\/se\/wp-json\/wp\/v2\/pages"}],"about":[{"href":"https:\/\/www.kasinobonus.ai\/se\/wp-json\/wp\/v2\/types\/page"}],"author":[{"embeddable":true,"href":"https:\/\/www.kasinobonus.ai\/se\/wp-json\/wp\/v2\/users\/1"}],"replies":[{"embeddable":true,"href":"https:\/\/www.kasinobonus.ai\/se\/wp-json\/wp\/v2\/comments?post=28822"}],"version-history":[{"count":1,"href":"https:\/\/www.kasinobonus.ai\/se\/wp-json\/wp\/v2\/pages\/28822\/revisions"}],"predecessor-version":[{"id":28823,"href":"https:\/\/www.kasinobonus.ai\/se\/wp-json\/wp\/v2\/pages\/28822\/revisions\/28823"}],"wp:attachment":[{"href":"https:\/\/www.kasinobonus.ai\/se\/wp-json\/wp\/v2\/media?parent=28822"}],"curies":[{"name":"wp","href":"https:\/\/api.w.org\/{rel}","templated":true}]}}