{"id":28819,"date":"2024-11-25T08:41:09","date_gmt":"2024-11-25T08:41:09","guid":{"rendered":"https:\/\/kasinobonus.ai\/how-we-review\/"},"modified":"2025-06-15T09:55:17","modified_gmt":"2025-06-15T09:55:17","slug":"how-we-review","status":"publish","type":"page","link":"https:\/\/www.kasinobonus.ai\/se\/how-we-review\/","title":{"rendered":"S\u00e5 granskar onlinecasinon"},"content":{"rendered":"\n<h1 class=\"wp-block-heading\"><strong>S\u00e5 granskar vi Sverige onlinecasinon<\/strong><\/h1>\n\n\n\n<p>Redaktionen p\u00e5 KasinoBonus, ledd av grundaren, chefredakt\u00f6ren och den finska spellegendaren Matti Slotte, \u00e4r helt dedikerad till att ge \u00e4rliga och faktabaserade recensioner av onlinecasinon f\u00f6r spelare i Finland. S\u00e5 h\u00e4r g\u00e5r processen till.<\/p>\n\n\n\n<h2 class=\"wp-block-heading\"><strong>Oberoende recensioner<\/strong><\/h2>\n\n\n\n<p>Journalistisk integritet \u00e4r allt f\u00f6r en skribent \u2013 och det blir \u00e4nnu viktigare n\u00e4r man recenserar produkter. Du har s\u00e4kert m\u00e4rkt att n\u00e4stan varje recension av exempelvis en dammsugare p\u00e5 YouTube \u00e4r positiv \u2013 det beror oftast p\u00e5 att recensenten f\u00e5tt betalt. Men om produkten \u00e4r ett onlinecasino \u00e4r insatsen \u00e4nnu h\u00f6gre \u2013 urs\u00e4kta ordvitsen. Det \u00e4r absolut avg\u00f6rande att en casinorecensent \u00e4r brutalt \u00e4rlig och s\u00e4ger som det \u00e4r: om ett casino \u00e4r bra eller d\u00e5ligt. Och det \u00e4r precis s\u00e5 vi g\u00f6r p\u00e5 KasinoBonus.<\/p>\n\n\n\n<p>V\u00e5ra recensioner p\u00e5verkas inte av pengar, vilket du kan l\u00e4sa mer om i v\u00e5r <a href=\"https:\/\/kasinobonus.today\/en\/advertising-disclosure\/\">annonsinformation<\/a>. Vissa casinon betalar oss f\u00f6r att vi ska skriva om dem \u2013 och vi g\u00f6r jobbet. Men de kan aldrig betala oss f\u00f6r att vi ska skriva n\u00e5got positivt. Varje casino, oavsett om de betalat eller inte, granskas med samma noggrannhet och efter samma kriterier som beskrivs h\u00e4r.<\/p>\n\n\n\n<h2 class=\"wp-block-heading\"><strong>Redaktionen<\/strong><\/h2>\n\n\n\n<p>Redaktionen p\u00e5 KasinoBonus leds av <a href=\"https:\/\/kasinobonus.today\/en\/matti-slotte\/\">Matti Slotte<\/a>, som varit en del av spelscenen sedan slutet av 2000-talet, n\u00e4r marknaden precis h\u00f6ll p\u00e5 att v\u00e4xa fram.<\/p>\n\n\n\n<h2 class=\"wp-block-heading\"><strong>V\u00e5rt redaktionella l\u00f6fte<\/strong><\/h2>\n\n\n\n<p>Matti lovar att varje casinorecension du l\u00e4ser p\u00e5 KasinoBonus \u00e4r opartisk, sanningsenlig och syftar till att ber\u00e4tta f\u00f6r den finska spelaren om casinot \u00e4r bra eller inte.<\/p>\n\n\n\n<p>F\u00f6r n\u00e4rvarande, \u00e5r 2024, har Finland ett st\u00e4ngt monopolssystem som drivs av Veikkaus Oy. Detta \u00f6ppnar d\u00f6rren f\u00f6r m\u00e5nga svartmarknadscasinon, fr\u00e4mst s\u00e5dana med licens fr\u00e5n Curacao. \u00c4r alla dessa d\u00e5liga? Absolut inte. Mycket kommer att f\u00f6r\u00e4ndras \u00e5r 2026 n\u00e4r licenssystemet inf\u00f6rs. Kommer d\u00e5 alla licensierade casinon att vara helt rena medan alla andra \u00e4r helt oseri\u00f6sa? Definitivt inte.<\/p>\n\n\n\n<p>Det \u00e4r d\u00e4rf\u00f6r Matti och hans team \u00e4r dedikerade till att unders\u00f6ka varje casino f\u00f6r vad det faktiskt \u00e4r, oavsett vilken licensmyndighets m\u00e4rke det har satt p\u00e5 sig sj\u00e4lv.<\/p>\n\n\n\n<h2 class=\"wp-block-heading\"><strong>Tre enkla fr\u00e5gor Matti alltid st\u00e4ller<\/strong><\/h2>\n\n\n\n<p>F\u00f6r att g\u00f6ra det riktigt enkelt \u00e4r Matti och redaktionen tr\u00e4nade i att se f\u00f6rbi licenser, flashiga sajter och marknadsf\u00f6ring. N\u00e4r de granskar ett casino st\u00e4ller de alltid tre grundl\u00e4ggande fr\u00e5gor:<\/p>\n\n\n\n<h3 class=\"wp-block-heading\"><strong>1. Betalar casinot ut vinster?<\/strong><\/h3>\n\n\n\n<p>En enkel fr\u00e5ga \u2013 men en som f\u00f6rv\u00e5nansv\u00e4rt m\u00e5nga casinon inte kan besvara med ett ja.<\/p>\n\n\n\n<p>Om du vinner stort, ska casinot betala ut dina pengar. Vi accepterar inte casinon som f\u00f6rdr\u00f6jer betalningar, st\u00e4nger konton, konfiskerar pengar, utnyttjar finstilt text mot spelaren eller makulerar bonuspengar. Det h\u00e4r \u00e4r den absolut viktigaste fr\u00e5gan. Du spelar i hopp om att vinna \u2013 d\u00e5 har du ocks\u00e5 r\u00e4tt att f\u00e5 dina vinster utbetalda. Det \u00e4r den oskrivna \u00f6verenskommelsen mellan spelaren och casinot. Vi vill bara rekommendera casinon som respekterar den \u00f6verenskommelsen.<\/p>\n\n\n\n<h3 class=\"wp-block-heading\"><strong>2. \u00c4r spelen r\u00e4ttvisa?<\/strong><\/h3>\n\n\n\n<p>Den h\u00e4r fr\u00e5gan best\u00e5r av tv\u00e5 delar: dels handlar det om sj\u00e4lva casinospelen, dels om bonusarna och allt annat som erbjuds.<\/p>\n\n\n\n<p>Vissa spel \u00e4r mer vinstv\u00e4nliga \u00e4n andra, till exempel slots med h\u00f6g volatilitet och stora maxvinster. Vissa casinon v\u00e4ljer att inte erbjuda dessa spel eftersom de inte vill riskera att spelare vinner stort. Det \u00e4r en ful taktik som Matti starkt ogillar.<\/p>\n\n\n\n<p>Vissa spelleverant\u00f6rer, till exempel Pragmatic Play, till\u00e5ter dessutom casinon att justera spelets RTP (Return to Player). Vi testar RTP f\u00f6r att se vilket beslut casinot har tagit. Ofta \u00e4r det genomg\u00e5ende \u2013 om ett casino har satt alla spel till 95\u202f% RTP, g\u00e4ller det i hela sortimentet. Om de d\u00e4remot valt h\u00f6g utbetalningsgrad g\u00e4ller det f\u00f6r allt.<\/p>\n\n\n\n<p>Sedan har vi bonusarna. Ett bonuserbjudande ska ha regler som f\u00f6rhindrar missbruk \u2013 men det f\u00e5r inte vara s\u00e5 att det \u00e4r om\u00f6jligt att uppfylla kraven. Vi f\u00f6rv\u00e4ntar oss inte gratispengar, men vi f\u00f6rv\u00e4ntar oss att det g\u00e5r att anv\u00e4nda bonusen.<\/p>\n\n\n\n<h3 class=\"wp-block-heading\"><strong>3. Betalar casinot snabbt?<\/strong><\/h3>\n\n\n\n<p>Sist men inte minst: vi vill att casinot betalar ut vinster snabbt.<\/p>\n\n\n\n<p>Inte bara f\u00f6r att vi \u00e4r ot\u00e5liga i dagens snabba v\u00e4rld, utan f\u00f6r att utbetalningshastigheten \u00e4r en indikator p\u00e5 hur casinot behandlar sina spelare. Matti har aldrig st\u00f6tt p\u00e5 ett casino som betalar snabbt och som inte ocks\u00e5 har bra kundsupport och rimliga bonusvillkor. Om ett casino betalar snabbt \u00e4r resten oftast ocks\u00e5 A+.<\/p>\n\n\n\n<h2 class=\"wp-block-heading\"><strong>Recensionsprocessen<\/strong><\/h2>\n\n\n\n<p>Det h\u00e4r \u00e4r processen bakom varje casinorecension som publiceras p\u00e5 KasinoBonus. Alla skribenter f\u00f6ljer exakt samma steg:<\/p>\n\n\n\n<h3 class=\"wp-block-heading\"><strong>Bakgrundskontroll<\/strong><\/h3>\n\n\n\n<p>Vi granskar f\u00f6retagsinformationen, kontrollerar om licens finns eller inte, unders\u00f6ker systercasinon och deras rykte samt vilka personer som st\u00e5r bakom. Vi vill veta vem som driver casinot \u2013 har de goda avsikter, eller \u00e4r det ett vinstdrivet uppl\u00e4gg p\u00e5 spelarens bekostnad?<\/p>\n\n\n\n<p>Bra: F\u00f6retaget har gott rykte i branschen och behandlar spelare r\u00e4ttvist.<\/p>\n\n\n\n<p>D\u00e5ligt: F\u00f6retaget \u00e4r k\u00e4nt f\u00f6r att lura spelare, st\u00e4nger ner casinon pl\u00f6tsligt och v\u00e4grar betala ut vinster.<\/p>\n\n\n\n<h3 class=\"wp-block-heading\"><strong>Juridiska villkor<\/strong><\/h3>\n\n\n\n<p>Vi g\u00e5r noggrant igenom casinots villkor (Terms &amp; Conditions). Eftersom vi g\u00f6r detta regelbundet vet vi exakt vad vi ska leta efter. M\u00e4rkliga eller fientliga villkor presenteras tydligt f\u00f6r l\u00e4saren. Oftast hittar vi dem i bonusvillkoren \u2013 eller n\u00e4r casinot f\u00f6rs\u00f6ker d\u00f6lja vilket f\u00f6retag som faktiskt driver sajten.<\/p>\n\n\n\n<p>Bra: Tydliga, raka villkor utan fluff, finstilt eller \u00f6verdrivet spr\u00e5k. R\u00e4ttvisa mot spelaren och branschen i stort.<\/p>\n\n\n\n<p>D\u00e5ligt: Kr\u00e5ngliga, finstilta och fientliga villkor som \u00e4r designade f\u00f6r att lura spelaren.<\/p>\n\n\n\n<h3 class=\"wp-block-heading\"><strong>Konsultation med spelare<\/strong><\/h3>\n\n\n\n<p>Vi l\u00e4ser spelarrecessioner och pratar med faktiska spelare om deras upplevelser. Fokus ligger alltid p\u00e5 finska spelare.<\/p>\n\n\n\n<p>Bra: Spelare rapporterar att de f\u00e5r sina vinster utbetalda utan problem.<\/p>\n\n\n\n<p>D\u00e5ligt: M\u00e5nga spelare ber\u00e4ttar att de f\u00e5tt sina konton st\u00e4ngda eller att casinot inte betalade ut vinsten.<\/p>\n\n\n\n<h3 class=\"wp-block-heading\"><strong>Utbetalningshastighet och betalmetoder<\/strong><\/h3>\n\n\n\n<p>Den viktigaste aspekten hos ett casino \u00e4r hur snabbt det betalar ut vinster och vilka betalningsalternativ som finns tillg\u00e4ngliga. Idealet \u00e4r att alla de vanligaste finska betalningsmetoderna ska finnas. \u00c4ven PayPal \u00e4r ett \u00f6nskv\u00e4rt alternativ, \u00e4ven om det \u00e4r ovanligt bland olicensierade casinon. \u00d6verlag b\u00f6r hela processen vara s\u00e5 smidig som m\u00f6jligt.<\/p>\n\n\n\n<p>Bra: Utbetalningsprocessen \u00e4r s\u00e5 effektiv att utbetalningar samma dag \u00e4r standard.<\/p>\n\n\n\n<p>D\u00e5ligt: Casinot har en v\u00e4ntetid p\u00e5 alla utbetalningar och beg\u00e4r sedan ytterligare verifieringsdokument f\u00f6r att f\u00f6rdr\u00f6ja processen ytterligare.<\/p>\n\n\n\n<h3 class=\"wp-block-heading\"><strong>Spelutbud<\/strong><\/h3>\n\n\n\n<p>Spelutbudet varierar mellan olika casinon, men i idealfallet vill vi se alla de st\u00f6rsta spelleverant\u00f6rerna samt de mest popul\u00e4ra spelen bland finska spelare. Om spelen g\u00e5r att konfigurera, ska de vara inst\u00e4llda p\u00e5 h\u00f6g \u00e5terbetalningsprocent (RTP). Vi vill ocks\u00e5 se spel d\u00e4r man faktiskt kan vinna stort \u2013 inklusive progressiva jackpottar.<\/p>\n\n\n\n<p>Bra: Alla viktiga leverant\u00f6rer finns med, inklusive de mest omtyckta i Finland, och spelen \u00e4r inst\u00e4llda p\u00e5 h\u00f6ga utbetalningar.<\/p>\n\n\n\n<p>D\u00e5ligt: N\u00e5gra v\u00e4lk\u00e4nda leverant\u00f6rer saknas och\/eller casinot erbjuder spel fr\u00e5n ok\u00e4nda leverant\u00f6rer. Spelen har en rovlysten RTP-niv\u00e5.<\/p>\n\n\n\n<h3 class=\"wp-block-heading\"><strong>Anv\u00e4ndarupplevelse<\/strong><\/h3>\n\n\n\n<p>Webbplatsen ska vara enkel att anv\u00e4nda \u2013 b\u00e5de p\u00e5 dator och mobila enheter. Det h\u00e4r \u00e4r vanligare hos nyare casinon, medan vissa \u00e4ldre fortfarande har en gammal design som inte fungerar lika bra. F\u00f6r de flesta spelare \u00e4r detta dock inte en avg\u00f6rande faktor.<\/p>\n\n\n\n<p>Bra: En modern, genomt\u00e4nkt och smidig design med god anv\u00e4ndarupplevelse (UX).<\/p>\n\n\n\n<p>D\u00e5ligt: En klumpig och f\u00f6r\u00e5ldrad design som fungerar d\u00e5ligt i mobilen.<\/p>\n\n\n\n<h2 class=\"wp-block-heading\"><strong>V\u00e5ra recensioner i siffror<\/strong><\/h2>\n\n\n\n<ul class=\"wp-block-list\">\n<li>Antal aktiva spelkonton per recension 1<\/li>\n\n\n\n<li>Antal experter som konsulteras per casino 2<\/li>\n\n\n\n<li>Antal medarbetare per recension 3+<\/li>\n\n\n\n<li>Antal finska spelare som konsulteras 5+<\/li>\n\n\n\n<li>Samlad erfarenhet inom casinobranschen 30+ \u00e5r<\/li>\n\n\n\n<li>Genomsnittlig speltid f\u00f6r testning 8 timmar<\/li>\n\n\n\n<li>Antal testade spel per recension 20+<\/li>\n\n\n\n<li>Genomsnittlig ins\u00e4ttning \u20ac20<\/li>\n\n\n\n<li>Genomsnittligt uttag \u20ac0\u2013\u20ac100<\/li>\n<\/ul>\n\n\n\n<h2 class=\"wp-block-heading\"><strong>V\u00e5r steg-f\u00f6r-steg-process f\u00f6r att publicera en casinorecension<\/strong><\/h2>\n\n\n\n<ol class=\"wp-block-list\">\n<li>Vi registrerar ett nytt spelkonto hos casinot och verifierar kontot.<\/li>\n\n\n\n<li>Vi unders\u00f6ker bonuserbjudandena och hur bonusar h\u00e4mtas.<\/li>\n\n\n\n<li>Vi kontaktar kundtj\u00e4nst med fr\u00e5gor om bonus eller betalningar och noterar hur kunniga och hj\u00e4lpsamma de \u00e4r, samt svarstid.<\/li>\n\n\n\n<li>Vi g\u00f6r en ins\u00e4ttning med en av betalningsmetoderna och noterar hur snabbt och smidigt det gick.<\/li>\n\n\n\n<li>Vi h\u00e4mtar bonusen och dokumenterar hur processen fungerade.<\/li>\n\n\n\n<li>Vi navigerar p\u00e5 sajten b\u00e5de via dator och mobil f\u00f6r att testa anv\u00e4ndarv\u00e4nligheten och responsiviteten.<\/li>\n\n\n\n<li>Vi granskar spelutbudet, r\u00e4knar leverant\u00f6rer och spel, och noterar vilka som finns \u2013 och vilka som borde finnas men saknas.<\/li>\n\n\n\n<li>Vi spelar 10\u201320 olika spel fr\u00e5n olika kategorier som representerar hela casinots utbud. Vi anv\u00e4nder tredjepartsverktyg och egen erfarenhet f\u00f6r att bed\u00f6ma hur spelen presterar. Vi spelar f\u00f6r riktiga pengar.<\/li>\n\n\n\n<li>Vi uppfyller oms\u00e4ttningskraven f\u00f6r bonusen, om m\u00f6jligt, och beskriver hur processen gick till.<\/li>\n\n\n\n<li>Vi genomg\u00e5r kundverifiering och noterar hur l\u00e5ng tid det tog, hur processen fungerade, och vilka dokument som beg\u00e4rdes.<\/li>\n\n\n\n<li>Vi g\u00f6r ett uttag om det finns pengar kvar p\u00e5 kontot och noterar utbetalningens snabbhet och smidighet.<\/li>\n\n\n\n<li>Vi g\u00f6r en bakgrundskontroll p\u00e5 f\u00f6retaget bakom casinot.<\/li>\n\n\n\n<li>Teamet g\u00e5r igenom alla anv\u00e4ndarvillkor och markerar de som sticker ut och kan vara viktiga f\u00f6r spelare.<\/li>\n\n\n\n<li>Vi kontaktar andra finska spelare via forum f\u00f6r att h\u00f6ra deras erfarenheter, och granskar om det finns klagom\u00e5l mot casinot sedan tidigare.<\/li>\n\n\n\n<li>Vi sammanst\u00e4ller all information fr\u00e5n de 14 stegen ovan till en detaljerad skriven recension. Viktig information lyfts i faktarutor f\u00f6r att g\u00f6ra recensionen l\u00e4tt att l\u00e4sa.<\/li>\n\n\n\n<li>Recensionen korrekturl\u00e4ses av tv\u00e5 olika redaktionsmedlemmar innan den publiceras p\u00e5 KasinoBonus, tillsammans med sk\u00e4rmdumpar tagna under testprocessen.<\/li>\n<\/ol>\n\n\n\n<h2 class=\"wp-block-heading\"><strong>S\u00e5 anv\u00e4nder du v\u00e5ra expertrecensioner<\/strong><\/h2>\n\n\n\n<ul class=\"wp-block-list\">\n<li>L\u00e4s alla recensioner.<\/li>\n\n\n\n<li>Lyssna p\u00e5 vad som s\u00e4gs och var uppm\u00e4rksam p\u00e5 spelarnas erfarenheter och kommentarer.<\/li>\n\n\n\n<li>Ta juridiska fr\u00e5gor p\u00e5 allvar \u2013 s\u00e4rskilt vad g\u00e4ller bonusar, kontoverifiering och utbetalningar.<\/li>\n\n\n\n<li>Anv\u00e4nd recensionerna som underlag utifr\u00e5n dina egna preferenser, t.ex. vad g\u00e4ller spel och betalningsmetoder.<\/li>\n\n\n\n<li>J\u00e4mf\u00f6r f\u00f6rdelar och nackdelar \u2013 och fundera \u00f6ver vilka som v\u00e4ger tyngst f\u00f6r just dig.<\/li>\n<\/ul>\n","protected":false},"excerpt":{"rendered":"<p>S\u00e5 granskar vi Sverige onlinecasinon Redaktionen p\u00e5 KasinoBonus, ledd av grundaren, chefredakt\u00f6ren och den finska spellegendaren Matti Slotte, \u00e4r helt dedikerad till att ge \u00e4rliga och faktabaserade recensioner av onlinecasinon f\u00f6r spelare i Finland. S\u00e5 h\u00e4r g\u00e5r processen till. Oberoende recensioner Journalistisk integritet \u00e4r allt f\u00f6r en skribent \u2013 och det blir \u00e4nnu viktigare n\u00e4r [&hellip;]<\/p>\n","protected":false},"author":1,"featured_media":0,"parent":0,"menu_order":0,"comment_status":"closed","ping_status":"closed","template":"","meta":{"inline_featured_image":false,"footnotes":""},"class_list":["post-28819","page","type-page","status-publish","hentry"],"yoast_head":"<!-- This site is optimized with the Yoast SEO plugin v24.5 - https:\/\/yoast.com\/wordpress\/plugins\/seo\/ -->\n<title>S\u00e5 granskar onlinecasinon - www.kasinobonus.ai<\/title>\n<meta name=\"description\" content=\"L\u00e4r dig hur vi granskar onlinecasinon \u2013 v\u00e5ra kriterier, granskningsprocess och varf\u00f6r du kan lita p\u00e5 v\u00e5ra \u00e4rliga och oberoende recensioner.\" \/>\n<meta name=\"robots\" content=\"index, follow, max-snippet:-1, max-image-preview:large, max-video-preview:-1\" \/>\n<link rel=\"canonical\" href=\"https:\/\/www.kasinobonus.ai\/se\/how-we-review\/\" \/>\n<script type=\"application\/ld+json\" class=\"yoast-schema-graph\">{\"@context\":\"https:\/\/schema.org\",\"@graph\":[{\"@type\":\"WebPage\",\"@id\":\"https:\/\/www.kasinobonus.ai\/se\/how-we-review\/\",\"url\":\"https:\/\/www.kasinobonus.ai\/se\/how-we-review\/\",\"name\":\"S\u00e5 granskar onlinecasinon - www.kasinobonus.ai\",\"isPartOf\":{\"@id\":\"https:\/\/www.kasinobonus.ai\/se\/#website\"},\"datePublished\":\"2024-11-25T08:41:09+00:00\",\"dateModified\":\"2025-06-15T09:55:17+00:00\",\"description\":\"L\u00e4r dig hur vi granskar onlinecasinon \u2013 v\u00e5ra kriterier, granskningsprocess och varf\u00f6r du kan lita p\u00e5 v\u00e5ra \u00e4rliga och oberoende recensioner.\",\"breadcrumb\":{\"@id\":\"https:\/\/www.kasinobonus.ai\/se\/how-we-review\/#breadcrumb\"},\"inLanguage\":\"sv-SE\",\"potentialAction\":[{\"@type\":\"ReadAction\",\"target\":[\"https:\/\/www.kasinobonus.ai\/se\/how-we-review\/\"]}]},{\"@type\":\"BreadcrumbList\",\"@id\":\"https:\/\/www.kasinobonus.ai\/se\/how-we-review\/#breadcrumb\",\"itemListElement\":[{\"@type\":\"ListItem\",\"position\":1,\"name\":\"Home\",\"item\":\"https:\/\/www.kasinobonus.ai\/se\/\"},{\"@type\":\"ListItem\",\"position\":2,\"name\":\"S\u00e5 granskar onlinecasinon\"}]},{\"@type\":\"WebSite\",\"@id\":\"https:\/\/www.kasinobonus.ai\/se\/#website\",\"url\":\"https:\/\/www.kasinobonus.ai\/se\/\",\"name\":\"www.kasinobonus.ai\",\"description\":\"\",\"publisher\":{\"@id\":\"https:\/\/www.kasinobonus.ai\/se\/#organization\"},\"potentialAction\":[{\"@type\":\"SearchAction\",\"target\":{\"@type\":\"EntryPoint\",\"urlTemplate\":\"https:\/\/www.kasinobonus.ai\/se\/?s={search_term_string}\"},\"query-input\":{\"@type\":\"PropertyValueSpecification\",\"valueRequired\":true,\"valueName\":\"search_term_string\"}}],\"inLanguage\":\"sv-SE\"},{\"@type\":\"Organization\",\"@id\":\"https:\/\/www.kasinobonus.ai\/se\/#organization\",\"name\":\"KasinoBonus\",\"alternateName\":\"KasinoBonusAI\",\"url\":\"https:\/\/www.kasinobonus.ai\/se\/\",\"logo\":{\"@type\":\"ImageObject\",\"inLanguage\":\"sv-SE\",\"@id\":\"https:\/\/www.kasinobonus.ai\/se\/#\/schema\/logo\/image\/\",\"url\":\"https:\/\/www.kasinobonus.ai\/wp-content\/uploads\/2023\/09\/kasinobonus-logo-light.png\",\"contentUrl\":\"https:\/\/www.kasinobonus.ai\/wp-content\/uploads\/2023\/09\/kasinobonus-logo-light.png\",\"width\":3200,\"height\":596,\"caption\":\"KasinoBonus\"},\"image\":{\"@id\":\"https:\/\/www.kasinobonus.ai\/se\/#\/schema\/logo\/image\/\"},\"sameAs\":[\"https:\/\/www.facebook.com\/kasinobonusio\/\",\"https:\/\/x.com\/Kasinobonus_io\",\"https:\/\/www.linkedin.com\/in\/matti-slotte-26612033b\",\"http:\/\/kasinobonus.wikidot.com\/system:welcome\",\"https:\/\/www.trustpilot.com\/review\/www.kasinobonus.ai\",\"https:\/\/orcid.org\/0009-0007-2889-1713\",\"https:\/\/en.everybodywiki.com\/Matti_Slotte\",\"https:\/\/www.immuniweb.com\/ssl\/kasinobonus.ai\/M4lqCqYY\/\"]}]}<\/script>\n<!-- \/ Yoast SEO plugin. -->","yoast_head_json":{"title":"S\u00e5 granskar onlinecasinon - www.kasinobonus.ai","description":"L\u00e4r dig hur vi granskar onlinecasinon \u2013 v\u00e5ra kriterier, granskningsprocess och varf\u00f6r du kan lita p\u00e5 v\u00e5ra \u00e4rliga och oberoende recensioner.","robots":{"index":"index","follow":"follow","max-snippet":"max-snippet:-1","max-image-preview":"max-image-preview:large","max-video-preview":"max-video-preview:-1"},"canonical":"https:\/\/www.kasinobonus.ai\/se\/how-we-review\/","schema":{"@context":"https:\/\/schema.org","@graph":[{"@type":"WebPage","@id":"https:\/\/www.kasinobonus.ai\/se\/how-we-review\/","url":"https:\/\/www.kasinobonus.ai\/se\/how-we-review\/","name":"S\u00e5 granskar onlinecasinon - www.kasinobonus.ai","isPartOf":{"@id":"https:\/\/www.kasinobonus.ai\/se\/#website"},"datePublished":"2024-11-25T08:41:09+00:00","dateModified":"2025-06-15T09:55:17+00:00","description":"L\u00e4r dig hur vi granskar onlinecasinon \u2013 v\u00e5ra kriterier, granskningsprocess och varf\u00f6r du kan lita p\u00e5 v\u00e5ra \u00e4rliga och oberoende recensioner.","breadcrumb":{"@id":"https:\/\/www.kasinobonus.ai\/se\/how-we-review\/#breadcrumb"},"inLanguage":"sv-SE","potentialAction":[{"@type":"ReadAction","target":["https:\/\/www.kasinobonus.ai\/se\/how-we-review\/"]}]},{"@type":"BreadcrumbList","@id":"https:\/\/www.kasinobonus.ai\/se\/how-we-review\/#breadcrumb","itemListElement":[{"@type":"ListItem","position":1,"name":"Home","item":"https:\/\/www.kasinobonus.ai\/se\/"},{"@type":"ListItem","position":2,"name":"S\u00e5 granskar onlinecasinon"}]},{"@type":"WebSite","@id":"https:\/\/www.kasinobonus.ai\/se\/#website","url":"https:\/\/www.kasinobonus.ai\/se\/","name":"www.kasinobonus.ai","description":"","publisher":{"@id":"https:\/\/www.kasinobonus.ai\/se\/#organization"},"potentialAction":[{"@type":"SearchAction","target":{"@type":"EntryPoint","urlTemplate":"https:\/\/www.kasinobonus.ai\/se\/?s={search_term_string}"},"query-input":{"@type":"PropertyValueSpecification","valueRequired":true,"valueName":"search_term_string"}}],"inLanguage":"sv-SE"},{"@type":"Organization","@id":"https:\/\/www.kasinobonus.ai\/se\/#organization","name":"KasinoBonus","alternateName":"KasinoBonusAI","url":"https:\/\/www.kasinobonus.ai\/se\/","logo":{"@type":"ImageObject","inLanguage":"sv-SE","@id":"https:\/\/www.kasinobonus.ai\/se\/#\/schema\/logo\/image\/","url":"https:\/\/www.kasinobonus.ai\/wp-content\/uploads\/2023\/09\/kasinobonus-logo-light.png","contentUrl":"https:\/\/www.kasinobonus.ai\/wp-content\/uploads\/2023\/09\/kasinobonus-logo-light.png","width":3200,"height":596,"caption":"KasinoBonus"},"image":{"@id":"https:\/\/www.kasinobonus.ai\/se\/#\/schema\/logo\/image\/"},"sameAs":["https:\/\/www.facebook.com\/kasinobonusio\/","https:\/\/x.com\/Kasinobonus_io","https:\/\/www.linkedin.com\/in\/matti-slotte-26612033b","http:\/\/kasinobonus.wikidot.com\/system:welcome","https:\/\/www.trustpilot.com\/review\/www.kasinobonus.ai","https:\/\/orcid.org\/0009-0007-2889-1713","https:\/\/en.everybodywiki.com\/Matti_Slotte","https:\/\/www.immuniweb.com\/ssl\/kasinobonus.ai\/M4lqCqYY\/"]}]}},"_links":{"self":[{"href":"https:\/\/www.kasinobonus.ai\/se\/wp-json\/wp\/v2\/pages\/28819","targetHints":{"allow":["GET"]}}],"collection":[{"href":"https:\/\/www.kasinobonus.ai\/se\/wp-json\/wp\/v2\/pages"}],"about":[{"href":"https:\/\/www.kasinobonus.ai\/se\/wp-json\/wp\/v2\/types\/page"}],"author":[{"embeddable":true,"href":"https:\/\/www.kasinobonus.ai\/se\/wp-json\/wp\/v2\/users\/1"}],"replies":[{"embeddable":true,"href":"https:\/\/www.kasinobonus.ai\/se\/wp-json\/wp\/v2\/comments?post=28819"}],"version-history":[{"count":2,"href":"https:\/\/www.kasinobonus.ai\/se\/wp-json\/wp\/v2\/pages\/28819\/revisions"}],"predecessor-version":[{"id":28821,"href":"https:\/\/www.kasinobonus.ai\/se\/wp-json\/wp\/v2\/pages\/28819\/revisions\/28821"}],"wp:attachment":[{"href":"https:\/\/www.kasinobonus.ai\/se\/wp-json\/wp\/v2\/media?parent=28819"}],"curies":[{"name":"wp","href":"https:\/\/api.w.org\/{rel}","templated":true}]}}