{"id":28815,"date":"2024-11-25T08:51:49","date_gmt":"2024-11-25T08:51:49","guid":{"rendered":"https:\/\/kasinobonus.ai\/casino-disputes\/"},"modified":"2025-06-15T09:43:07","modified_gmt":"2025-06-15T09:43:07","slug":"casino-disputes","status":"publish","type":"page","link":"https:\/\/www.kasinobonus.ai\/se\/casino-disputes\/","title":{"rendered":"Casino tvistl\u00f6sning"},"content":{"rendered":"\n<h1 class=\"wp-block-heading\"><strong>Alternativ tvistl\u00f6sning (ADR) f\u00f6r casinospelare<\/strong> <strong>i Sverige<\/strong><\/h1>\n\n\n\n<p>Om du som Sverige spelare har problem med ett casino kan vi p\u00e5 KasinoBonus hj\u00e4lpa dig. Om du uppfyller v\u00e5ra kriterier kan v\u00e5r alternativa tvistl\u00f6sningstj\u00e4nst (ADR) p\u00e5skynda processen \u2013 eller i vissa fall helt l\u00f6sa problemet.<\/p>\n\n\n\n<h2 class=\"wp-block-heading\"><strong>Kriterier f\u00f6r att f\u00e5 hj\u00e4lp<\/strong><\/h2>\n\n\n\n<ul class=\"wp-block-list\">\n<li>Du \u00e4r folkbokf\u00f6rd i Finland<\/li>\n\n\n\n<li>Du registrerade dig hos casinot via v\u00e5ra l\u00e4nkar<\/li>\n\n\n\n<li>Du har inte sj\u00e4lv orsakat problemet<\/li>\n<\/ul>\n\n\n\n<h2 class=\"wp-block-heading\"><strong>Klagom\u00e5l vi inte behandlar<\/strong><\/h2>\n\n\n\n<ul class=\"wp-block-list\">\n<li>Problem med att logga in<\/li>\n\n\n\n<li>F\u00f6rlustrundor eller uteblivna vinster<\/li>\n\n\n\n<li>Otrevlig eller icke-svarande livechatt<\/li>\n\n\n\n<li>Tekniska fel p\u00e5 casinots webbplats, t.ex. buggar eller l\u00e5ngsamma spel<\/li>\n<\/ul>\n\n\n\n<h2 class=\"wp-block-heading\"><strong>Klagom\u00e5l vi behandlar<\/strong><\/h2>\n\n\n\n<ul class=\"wp-block-list\">\n<li>Ditt konto har st\u00e4ngts utan giltig anledning<\/li>\n\n\n\n<li>Dina pengar har blivit konfiskerade<\/li>\n\n\n\n<li>Bonuspengar har makulerats<\/li>\n\n\n\n<li>Du tvingas genomf\u00f6ra orimliga verifieringssteg<\/li>\n\n\n\n<li>Din ins\u00e4ttning har inte krediterats p\u00e5 spelkontot<\/li>\n<\/ul>\n\n\n\n<h2 class=\"wp-block-heading\"><strong>Vad du b\u00f6r g\u00f6ra innan du kontaktar v\u00e5r ADR-tj\u00e4nst<\/strong><\/h2>\n\n\n\n<ol class=\"wp-block-list\">\n<li>Samla alla relevanta dokument: e-postkonversationer, sk\u00e4rmdumpar, kontoutdrag och allt annat som kan styrka ditt \u00e4rende. Ju mer underlag, desto b\u00e4ttre.<\/li>\n\n\n\n<li>Skicka in ett formellt klagom\u00e5l till casinot. Anv\u00e4nd en saklig och professionell ton och h\u00e5ll dig till fakta.<\/li>\n\n\n\n<li>Om casinot inte hanterar \u00e4rendet till din bel\u00e5tenhet, skicka \u00e4rendet vidare till deras licensutf\u00e4rdare eller tillsynsmyndighet \u2013 om en s\u00e5dan finns.<\/li>\n\n\n\n<li>Om det inte finns n\u00e5gon relevant myndighet, eller om \u00e4rendet inte l\u00f6ses d\u00e4r, kan du v\u00e4nda dig till oss \u2013 om du uppfyller kriterierna ovan.<\/li>\n<\/ol>\n\n\n\n<h2 class=\"wp-block-heading\"><strong>S\u00e5 h\u00e4r skickar du in ett klagom\u00e5l till v\u00e5r ADR-tj\u00e4nst<\/strong><\/h2>\n\n\n\n<p>Skicka ett mejl till oss s\u00e5 tilldelas du en s\u00e4rskild \u00e4rendeansvarig f\u00f6r din tvist. Inkludera f\u00f6ljande information i ditt mejl:<\/p>\n\n\n\n<ul class=\"wp-block-list\">\n<li>Namnet p\u00e5 casinot som klagom\u00e5let g\u00e4ller<\/li>\n\n\n\n<li>Det belopp tvisten g\u00e4ller (om till\u00e4mpligt)<\/li>\n\n\n\n<li>En tydlig och detaljerad beskrivning av problemet<\/li>\n<\/ul>\n\n\n\n<p>Dokumentation som styrker dina p\u00e5st\u00e5enden (t.ex. sk\u00e4rmdumpar) \u2013 viktigt!<\/p>\n\n\n\n<div id='bug-library-list'>\n<div id='bug-library-currentfilters'>Filtered by: None&nbsp;&nbsp;&nbsp;&nbsp;&nbsp;&nbsp;&nbsp;&nbsp;&nbsp;&nbsp;<span id='bug-library-filterchange'>Change Filter<\/span>&nbsp;&nbsp;&nbsp;&nbsp;&nbsp;&nbsp;&nbsp;&nbsp;&nbsp;&nbsp;<a href='https:\/\/www.kasinobonus.ai\/se\/\/casino-disputes'>Remove all filters<\/a><\/div><div id='bug-library-newissuebutton'><button id='submitnewissue'>Report new issue<\/button><\/div><div id='bug-library-filters'><div id='bug-library-filter-product'><div id='bug-library-filter-producttitle'>Products<\/div><div id='bug-library-filter-productitems'><span id='bug-library-filter-currentproduct'>All Products<\/span><br \/><a href='\/se\/wp-json\/wp\/v2\/pages\/28815?bugcatid=196'>Default Product<\/a><br \/><\/div><\/div><div id='bug-library-filter-types'><div id='bug-library-filter-typestitle'>Types<\/div><div id='bug-library-filter-typesitems'><span id='bug-library-filter-currentproduct'>All Types<\/span><br \/><a href='\/se\/wp-json\/wp\/v2\/pages\/28815?bugtypeid=197'>Default Type<\/a><br \/><\/div><\/div><div id='bug-library-filter-status'><div id='bug-library-filter-statustitle'>Status<\/div><div id='bug-library-filter-statusitems'><span id='bug-library-filter-currentstatus'>All Statuses<\/span><br \/><a href='\/se\/wp-json\/wp\/v2\/pages\/28815?bugstatusid=201'>Opened<\/a><br \/><a href='\/se\/wp-json\/wp\/v2\/pages\/28815?bugstatusid=200'>Resolved<\/a><br \/><a href='\/se\/wp-json\/wp\/v2\/pages\/28815?bugstatusid=198'>Unresolved<\/a><br \/><\/div><\/div><div id='bug-library-filter-priorities'><div id='bug-library-filter-prioritiestitle'>Priorities<\/div><div id='bug-library-filter-prioritiesitems'><span id='bug-library-filter-currentpriorities'>All Priorities<\/span><br \/><a href='\/se\/wp-json\/wp\/v2\/pages\/28815?bugpriorityid=199'>Default Priority<\/a><br \/><\/div><\/div><\/div><div id='bug-library-item-table'><table>\n<tr id='odd'><td id='bug-library-type'><div id='bug-library-type-default-type'>Default Type<\/div><\/td><td id='bug-library-title'><a href='https:\/\/www.kasinobonus.ai\/se\/casino-disputes\/boost-casino-long-losing-streak-on-blackjack\/'>Boost Casino - Long losing streak on blackjack<\/a><\/td><\/tr><tr id='odd'><td id='bug-library-data' colspan='2'>ID: <a href='https:\/\/www.kasinobonus.ai\/se\/casino-disputes\/boost-casino-long-losing-streak-on-blackjack\/'>21175<\/a>&nbsp;&nbsp;&nbsp;&nbsp;&nbsp;&nbsp;Product: Default Product&nbsp;&nbsp;&nbsp;&nbsp;&nbsp;&nbsp;Version: N\/A&nbsp;&nbsp;&nbsp;&nbsp;&nbsp;&nbsp;Report Date: November 25, 2024<\/td><\/tr><tr id='odd'><td id='bug-library-data2' colspan='2'><span class='Unresolved'>Unresolved<\/span><\/td><\/tr><\/td><\/tr><\/table>\n<table>\n<tr id='even'><td id='bug-library-type'><div id='bug-library-type-default-type'>Default Type<\/div><\/td><td id='bug-library-title'><a href='https:\/\/www.kasinobonus.ai\/se\/casino-disputes\/wheelz-wagering-conditions-too-difficult\/'>Wheelz - Wagering conditions too difficult<\/a><\/td><\/tr><tr id='even'><td id='bug-library-data' colspan='2'>ID: <a href='https:\/\/www.kasinobonus.ai\/se\/casino-disputes\/wheelz-wagering-conditions-too-difficult\/'>21174<\/a>&nbsp;&nbsp;&nbsp;&nbsp;&nbsp;&nbsp;Product: Default Product&nbsp;&nbsp;&nbsp;&nbsp;&nbsp;&nbsp;Version: N\/A&nbsp;&nbsp;&nbsp;&nbsp;&nbsp;&nbsp;Report Date: November 25, 2024<\/td><\/tr><tr id='even'><td id='bug-library-data2' colspan='2'><span class='Resolved'>Resolved<\/span><\/td><\/tr><\/td><\/tr><\/table>\n<table>\n<tr id='odd'><td id='bug-library-type'><div id='bug-library-type-default-type'>Default Type<\/div><\/td><td id='bug-library-title'><a href='https:\/\/www.kasinobonus.ai\/se\/casino-disputes\/betwinner-verification-issues\/'>BetWinner - Verification issues<\/a><\/td><\/tr><tr id='odd'><td id='bug-library-data' colspan='2'>ID: <a href='https:\/\/www.kasinobonus.ai\/se\/casino-disputes\/betwinner-verification-issues\/'>21173<\/a>&nbsp;&nbsp;&nbsp;&nbsp;&nbsp;&nbsp;Product: Default Product&nbsp;&nbsp;&nbsp;&nbsp;&nbsp;&nbsp;Version: N\/A&nbsp;&nbsp;&nbsp;&nbsp;&nbsp;&nbsp;Report Date: November 25, 2024<\/td><\/tr><tr id='odd'><td id='bug-library-data2' colspan='2'><span class='Opened'>Opened<\/span><\/td><\/tr><\/td><\/tr><\/table>\n<table>\n<tr id='even'><td id='bug-library-type'><div id='bug-library-type-default-type'>Default Type<\/div><\/td><td id='bug-library-title'><a href='https:\/\/www.kasinobonus.ai\/se\/casino-disputes\/respin-the-bonus-wasnt-what-i-expected\/'>ReSpin - The bonus wasn\u2019t what I expected<\/a><\/td><\/tr><tr id='even'><td id='bug-library-data' colspan='2'>ID: <a href='https:\/\/www.kasinobonus.ai\/se\/casino-disputes\/respin-the-bonus-wasnt-what-i-expected\/'>21172<\/a>&nbsp;&nbsp;&nbsp;&nbsp;&nbsp;&nbsp;Product: Default Product&nbsp;&nbsp;&nbsp;&nbsp;&nbsp;&nbsp;Version: N\/A&nbsp;&nbsp;&nbsp;&nbsp;&nbsp;&nbsp;Report Date: November 25, 2024<\/td><\/tr><tr id='even'><td id='bug-library-data2' colspan='2'><span class='Unresolved'>Unresolved<\/span><\/td><\/tr><\/td><\/tr><\/table>\n<table>\n<tr id='odd'><td id='bug-library-type'><div id='bug-library-type-default-type'>Default Type<\/div><\/td><td id='bug-library-title'><a href='https:\/\/www.kasinobonus.ai\/se\/casino-disputes\/casino-universe-didnt-get-the-no-deposit-bonus\/'>Casino Universe - Didn\u2019t get the no deposit bonus<\/a><\/td><\/tr><tr id='odd'><td id='bug-library-data' colspan='2'>ID: <a href='https:\/\/www.kasinobonus.ai\/se\/casino-disputes\/casino-universe-didnt-get-the-no-deposit-bonus\/'>21171<\/a>&nbsp;&nbsp;&nbsp;&nbsp;&nbsp;&nbsp;Product: Default Product&nbsp;&nbsp;&nbsp;&nbsp;&nbsp;&nbsp;Version: N\/A&nbsp;&nbsp;&nbsp;&nbsp;&nbsp;&nbsp;Report Date: November 25, 2024<\/td><\/tr><tr id='odd'><td id='bug-library-data2' colspan='2'><span class='Resolved'>Resolved<\/span><\/td><\/tr><\/td><\/tr><\/table>\n<table>\n<tr id='even'><td id='bug-library-type'><div id='bug-library-type-default-type'>Default Type<\/div><\/td><td id='bug-library-title'><a href='https:\/\/www.kasinobonus.ai\/se\/casino-disputes\/rollino-bonus-voided-by-the-casino\/'>Rollino - Bonus voided by the casino<\/a><\/td><\/tr><tr id='even'><td id='bug-library-data' colspan='2'>ID: <a href='https:\/\/www.kasinobonus.ai\/se\/casino-disputes\/rollino-bonus-voided-by-the-casino\/'>21170<\/a>&nbsp;&nbsp;&nbsp;&nbsp;&nbsp;&nbsp;Product: Default Product&nbsp;&nbsp;&nbsp;&nbsp;&nbsp;&nbsp;Version: N\/A&nbsp;&nbsp;&nbsp;&nbsp;&nbsp;&nbsp;Report Date: November 25, 2024<\/td><\/tr><tr id='even'><td id='bug-library-data2' colspan='2'><span class='Opened'>Opened<\/span><\/td><\/tr><\/td><\/tr><\/table>\n<\/div><\/div><script type='text\/javascript'>\/* <![CDATA[ *\/jQuery(document).ready(function() {\tjQuery('#bug-library-filterchange').click(function() { jQuery('#bug-library-filters').slideToggle('slow'); });\tjQuery('#submitnewissue').colorbox({href:'https:\/\/www.kasinobonus.ai\/se\/?bug_library_popup_content=true', opacity: 0.3, iframe:true, width:'580px', height:'720px'});});\/* ]]> *\/<\/script>\n","protected":false},"excerpt":{"rendered":"<p>Alternativ tvistl\u00f6sning (ADR) f\u00f6r casinospelare i Sverige Om du som Sverige spelare har problem med ett casino kan vi p\u00e5 KasinoBonus hj\u00e4lpa dig. Om du uppfyller v\u00e5ra kriterier kan v\u00e5r alternativa tvistl\u00f6sningstj\u00e4nst (ADR) p\u00e5skynda processen \u2013 eller i vissa fall helt l\u00f6sa problemet. Kriterier f\u00f6r att f\u00e5 hj\u00e4lp Klagom\u00e5l vi inte behandlar Klagom\u00e5l vi behandlar [&hellip;]<\/p>\n","protected":false},"author":1,"featured_media":0,"parent":0,"menu_order":0,"comment_status":"closed","ping_status":"closed","template":"","meta":{"inline_featured_image":false,"footnotes":""},"class_list":["post-28815","page","type-page","status-publish","hentry"],"yoast_head":"<!-- This site is optimized with the Yoast SEO plugin v24.5 - https:\/\/yoast.com\/wordpress\/plugins\/seo\/ -->\n<title>Casino tvistl\u00f6sning - www.kasinobonus.ai<\/title>\n<meta name=\"description\" content=\"Utforska riktiga spelarklagom\u00e5l och tvister med n\u00e4tcasinon. Ta reda p\u00e5 vad som gick fel och hur du undviker liknande problem n\u00e4r du spelar online.\" \/>\n<meta name=\"robots\" content=\"index, follow, max-snippet:-1, max-image-preview:large, max-video-preview:-1\" \/>\n<link rel=\"canonical\" href=\"https:\/\/www.kasinobonus.ai\/se\/casino-disputes\/\" \/>\n<script type=\"application\/ld+json\" class=\"yoast-schema-graph\">{\"@context\":\"https:\/\/schema.org\",\"@graph\":[{\"@type\":\"WebPage\",\"@id\":\"https:\/\/www.kasinobonus.ai\/se\/casino-disputes\/\",\"url\":\"https:\/\/www.kasinobonus.ai\/se\/casino-disputes\/\",\"name\":\"Casino tvistl\u00f6sning - www.kasinobonus.ai\",\"isPartOf\":{\"@id\":\"https:\/\/www.kasinobonus.ai\/se\/#website\"},\"datePublished\":\"2024-11-25T08:51:49+00:00\",\"dateModified\":\"2025-06-15T09:43:07+00:00\",\"description\":\"Utforska riktiga spelarklagom\u00e5l och tvister med n\u00e4tcasinon. Ta reda p\u00e5 vad som gick fel och hur du undviker liknande problem n\u00e4r du spelar online.\",\"breadcrumb\":{\"@id\":\"https:\/\/www.kasinobonus.ai\/se\/casino-disputes\/#breadcrumb\"},\"inLanguage\":\"sv-SE\",\"potentialAction\":[{\"@type\":\"ReadAction\",\"target\":[\"https:\/\/www.kasinobonus.ai\/se\/casino-disputes\/\"]}]},{\"@type\":\"BreadcrumbList\",\"@id\":\"https:\/\/www.kasinobonus.ai\/se\/casino-disputes\/#breadcrumb\",\"itemListElement\":[{\"@type\":\"ListItem\",\"position\":1,\"name\":\"Home\",\"item\":\"https:\/\/www.kasinobonus.ai\/se\/\"},{\"@type\":\"ListItem\",\"position\":2,\"name\":\"Casino tvistl\u00f6sning\"}]},{\"@type\":\"WebSite\",\"@id\":\"https:\/\/www.kasinobonus.ai\/se\/#website\",\"url\":\"https:\/\/www.kasinobonus.ai\/se\/\",\"name\":\"www.kasinobonus.ai\",\"description\":\"\",\"publisher\":{\"@id\":\"https:\/\/www.kasinobonus.ai\/se\/#organization\"},\"potentialAction\":[{\"@type\":\"SearchAction\",\"target\":{\"@type\":\"EntryPoint\",\"urlTemplate\":\"https:\/\/www.kasinobonus.ai\/se\/?s={search_term_string}\"},\"query-input\":{\"@type\":\"PropertyValueSpecification\",\"valueRequired\":true,\"valueName\":\"search_term_string\"}}],\"inLanguage\":\"sv-SE\"},{\"@type\":\"Organization\",\"@id\":\"https:\/\/www.kasinobonus.ai\/se\/#organization\",\"name\":\"KasinoBonus\",\"alternateName\":\"KasinoBonusAI\",\"url\":\"https:\/\/www.kasinobonus.ai\/se\/\",\"logo\":{\"@type\":\"ImageObject\",\"inLanguage\":\"sv-SE\",\"@id\":\"https:\/\/www.kasinobonus.ai\/se\/#\/schema\/logo\/image\/\",\"url\":\"https:\/\/www.kasinobonus.ai\/wp-content\/uploads\/2023\/09\/kasinobonus-logo-light.png\",\"contentUrl\":\"https:\/\/www.kasinobonus.ai\/wp-content\/uploads\/2023\/09\/kasinobonus-logo-light.png\",\"width\":3200,\"height\":596,\"caption\":\"KasinoBonus\"},\"image\":{\"@id\":\"https:\/\/www.kasinobonus.ai\/se\/#\/schema\/logo\/image\/\"},\"sameAs\":[\"https:\/\/www.facebook.com\/kasinobonusio\/\",\"https:\/\/x.com\/Kasinobonus_io\",\"https:\/\/www.linkedin.com\/in\/matti-slotte-26612033b\",\"http:\/\/kasinobonus.wikidot.com\/system:welcome\",\"https:\/\/www.trustpilot.com\/review\/www.kasinobonus.ai\",\"https:\/\/orcid.org\/0009-0007-2889-1713\",\"https:\/\/en.everybodywiki.com\/Matti_Slotte\",\"https:\/\/www.immuniweb.com\/ssl\/kasinobonus.ai\/M4lqCqYY\/\"]}]}<\/script>\n<!-- \/ Yoast SEO plugin. -->","yoast_head_json":{"title":"Casino tvistl\u00f6sning - www.kasinobonus.ai","description":"Utforska riktiga spelarklagom\u00e5l och tvister med n\u00e4tcasinon. Ta reda p\u00e5 vad som gick fel och hur du undviker liknande problem n\u00e4r du spelar online.","robots":{"index":"index","follow":"follow","max-snippet":"max-snippet:-1","max-image-preview":"max-image-preview:large","max-video-preview":"max-video-preview:-1"},"canonical":"https:\/\/www.kasinobonus.ai\/se\/casino-disputes\/","schema":{"@context":"https:\/\/schema.org","@graph":[{"@type":"WebPage","@id":"https:\/\/www.kasinobonus.ai\/se\/casino-disputes\/","url":"https:\/\/www.kasinobonus.ai\/se\/casino-disputes\/","name":"Casino tvistl\u00f6sning - www.kasinobonus.ai","isPartOf":{"@id":"https:\/\/www.kasinobonus.ai\/se\/#website"},"datePublished":"2024-11-25T08:51:49+00:00","dateModified":"2025-06-15T09:43:07+00:00","description":"Utforska riktiga spelarklagom\u00e5l och tvister med n\u00e4tcasinon. Ta reda p\u00e5 vad som gick fel och hur du undviker liknande problem n\u00e4r du spelar online.","breadcrumb":{"@id":"https:\/\/www.kasinobonus.ai\/se\/casino-disputes\/#breadcrumb"},"inLanguage":"sv-SE","potentialAction":[{"@type":"ReadAction","target":["https:\/\/www.kasinobonus.ai\/se\/casino-disputes\/"]}]},{"@type":"BreadcrumbList","@id":"https:\/\/www.kasinobonus.ai\/se\/casino-disputes\/#breadcrumb","itemListElement":[{"@type":"ListItem","position":1,"name":"Home","item":"https:\/\/www.kasinobonus.ai\/se\/"},{"@type":"ListItem","position":2,"name":"Casino tvistl\u00f6sning"}]},{"@type":"WebSite","@id":"https:\/\/www.kasinobonus.ai\/se\/#website","url":"https:\/\/www.kasinobonus.ai\/se\/","name":"www.kasinobonus.ai","description":"","publisher":{"@id":"https:\/\/www.kasinobonus.ai\/se\/#organization"},"potentialAction":[{"@type":"SearchAction","target":{"@type":"EntryPoint","urlTemplate":"https:\/\/www.kasinobonus.ai\/se\/?s={search_term_string}"},"query-input":{"@type":"PropertyValueSpecification","valueRequired":true,"valueName":"search_term_string"}}],"inLanguage":"sv-SE"},{"@type":"Organization","@id":"https:\/\/www.kasinobonus.ai\/se\/#organization","name":"KasinoBonus","alternateName":"KasinoBonusAI","url":"https:\/\/www.kasinobonus.ai\/se\/","logo":{"@type":"ImageObject","inLanguage":"sv-SE","@id":"https:\/\/www.kasinobonus.ai\/se\/#\/schema\/logo\/image\/","url":"https:\/\/www.kasinobonus.ai\/wp-content\/uploads\/2023\/09\/kasinobonus-logo-light.png","contentUrl":"https:\/\/www.kasinobonus.ai\/wp-content\/uploads\/2023\/09\/kasinobonus-logo-light.png","width":3200,"height":596,"caption":"KasinoBonus"},"image":{"@id":"https:\/\/www.kasinobonus.ai\/se\/#\/schema\/logo\/image\/"},"sameAs":["https:\/\/www.facebook.com\/kasinobonusio\/","https:\/\/x.com\/Kasinobonus_io","https:\/\/www.linkedin.com\/in\/matti-slotte-26612033b","http:\/\/kasinobonus.wikidot.com\/system:welcome","https:\/\/www.trustpilot.com\/review\/www.kasinobonus.ai","https:\/\/orcid.org\/0009-0007-2889-1713","https:\/\/en.everybodywiki.com\/Matti_Slotte","https:\/\/www.immuniweb.com\/ssl\/kasinobonus.ai\/M4lqCqYY\/"]}]}},"_links":{"self":[{"href":"https:\/\/www.kasinobonus.ai\/se\/wp-json\/wp\/v2\/pages\/28815","targetHints":{"allow":["GET"]}}],"collection":[{"href":"https:\/\/www.kasinobonus.ai\/se\/wp-json\/wp\/v2\/pages"}],"about":[{"href":"https:\/\/www.kasinobonus.ai\/se\/wp-json\/wp\/v2\/types\/page"}],"author":[{"embeddable":true,"href":"https:\/\/www.kasinobonus.ai\/se\/wp-json\/wp\/v2\/users\/1"}],"replies":[{"embeddable":true,"href":"https:\/\/www.kasinobonus.ai\/se\/wp-json\/wp\/v2\/comments?post=28815"}],"version-history":[{"count":2,"href":"https:\/\/www.kasinobonus.ai\/se\/wp-json\/wp\/v2\/pages\/28815\/revisions"}],"predecessor-version":[{"id":28818,"href":"https:\/\/www.kasinobonus.ai\/se\/wp-json\/wp\/v2\/pages\/28815\/revisions\/28818"}],"wp:attachment":[{"href":"https:\/\/www.kasinobonus.ai\/se\/wp-json\/wp\/v2\/media?parent=28815"}],"curies":[{"name":"wp","href":"https:\/\/api.w.org\/{rel}","templated":true}]}}