{"id":28812,"date":"2024-11-25T08:53:00","date_gmt":"2024-11-25T08:53:00","guid":{"rendered":"https:\/\/kasinobonus.ai\/gambling-law\/"},"modified":"2025-06-15T10:38:29","modified_gmt":"2025-06-15T10:38:29","slug":"gambling-law","status":"publish","type":"page","link":"https:\/\/www.kasinobonus.ai\/se\/gambling-law\/","title":{"rendered":"Spelreglering"},"content":{"rendered":"\n<h1 class=\"wp-block-heading\"><strong>Spelreglering i Sverige<\/strong><\/h1>\n\n\n\n<p>I Sverige \u00e4r alla former av spel om pengar reglerade av Spelinspektionen, som ansvarar f\u00f6r att bevilja licenser till spelbolag som vill verka lagligt p\u00e5 den svenska marknaden.<\/p>\n\n\n\n<p>Marknaden \u00e4r \u00f6ppen p\u00e5 s\u00e5 s\u00e4tt att alla akt\u00f6rer som uppfyller kraven och betalar de till\u00e4mpliga avgifterna kan ans\u00f6ka om en svensk spellicens. Antalet licenser \u00e4r inte begr\u00e4nsat, men Spelinspektionen \u00e4r en strikt tillsynsmyndighet som \u00f6vervakar att reglerna f\u00f6ljs \u2013 annars riskerar bolagen b\u00f6ter eller indragen licens.<\/p>\n\n\n\n<p>Det \u00e4r inte bara speloperat\u00f6rer som m\u00e5ste ha licens \u2013 \u00e4ven spelleverant\u00f6rer (till exempel utvecklare av casinospel) beh\u00f6ver licens f\u00f6r att leverera inneh\u00e5ll till den svenska marknaden.<\/p>\n\n\n\n<p>En svensk spellicens ger operat\u00f6ren r\u00e4tt att erbjuda spel till svenska spelare \u2013 men inte till spelare i andra l\u00e4nder. F\u00f6r att kunna erbjuda spel internationellt v\u00e4ljer m\u00e5nga akt\u00f6rer att kombinera den svenska licensen med exempelvis en licens fr\u00e5n Malta.<\/p>\n\n\n\n<p>Sverige har ocks\u00e5 inf\u00f6rt unika krav p\u00e5 spelbolagen vad g\u00e4ller ansvarsfullt spelande. Det \u00e4r speloperat\u00f6rernas skyldighet att identifiera riskspelare och f\u00f6rhindra att dessa forts\u00e4tter s\u00e4tta in eller spela f\u00f6r pengar \u2013 annars kan bolaget f\u00e5 k\u00e4nnbara sanktioner.<\/p>\n\n\n\n<p>Det \u00e4r \u00e4ven f\u00f6rbjudet att rikta marknadsf\u00f6ring mot personer som har visat tecken p\u00e5 spelproblem, och st\u00f6rre ins\u00e4ttningar m\u00e5ste alltid granskas med s\u00e5 kallade k\u00e4llor till medel-kontroller. M\u00e5nga licenshavare som brister i detta har b\u00f6tf\u00e4llts av Spelinspektionen.<\/p>\n\n\n\n<p>Den totala bruttospelint\u00e4kten (Gross Gaming Revenue, GGR) i Sverige \u00e5r 2023 uppgick till cirka 27 miljarder kronor enligt Spelinspektionens rapporter.<\/p>\n","protected":false},"excerpt":{"rendered":"<p>Spelreglering i Sverige I Sverige \u00e4r alla former av spel om pengar reglerade av Spelinspektionen, som ansvarar f\u00f6r att bevilja licenser till spelbolag som vill verka lagligt p\u00e5 den svenska marknaden. Marknaden \u00e4r \u00f6ppen p\u00e5 s\u00e5 s\u00e4tt att alla akt\u00f6rer som uppfyller kraven och betalar de till\u00e4mpliga avgifterna kan ans\u00f6ka om en svensk spellicens. Antalet [&hellip;]<\/p>\n","protected":false},"author":1,"featured_media":0,"parent":0,"menu_order":0,"comment_status":"closed","ping_status":"closed","template":"","meta":{"inline_featured_image":false,"footnotes":""},"class_list":["post-28812","page","type-page","status-publish","hentry"],"yoast_head":"<!-- This site is optimized with the Yoast SEO plugin v24.5 - https:\/\/yoast.com\/wordpress\/plugins\/seo\/ -->\n<title>Spelreglering - www.kasinobonus.ai<\/title>\n<meta name=\"description\" content=\"H\u00e5ll dig uppdaterad om Sveriges spellagar och regler. L\u00e4r dig dina r\u00e4ttigheter som spelare och hur du spelar lagligt och ansvarsfullt.\" \/>\n<meta name=\"robots\" content=\"index, follow, max-snippet:-1, max-image-preview:large, max-video-preview:-1\" \/>\n<link rel=\"canonical\" href=\"https:\/\/www.kasinobonus.ai\/se\/gambling-law\/\" \/>\n<script type=\"application\/ld+json\" class=\"yoast-schema-graph\">{\"@context\":\"https:\/\/schema.org\",\"@graph\":[{\"@type\":\"WebPage\",\"@id\":\"https:\/\/www.kasinobonus.ai\/se\/gambling-law\/\",\"url\":\"https:\/\/www.kasinobonus.ai\/se\/gambling-law\/\",\"name\":\"Spelreglering - www.kasinobonus.ai\",\"isPartOf\":{\"@id\":\"https:\/\/www.kasinobonus.ai\/se\/#website\"},\"datePublished\":\"2024-11-25T08:53:00+00:00\",\"dateModified\":\"2025-06-15T10:38:29+00:00\",\"description\":\"H\u00e5ll dig uppdaterad om Sveriges spellagar och regler. L\u00e4r dig dina r\u00e4ttigheter som spelare och hur du spelar lagligt och ansvarsfullt.\",\"breadcrumb\":{\"@id\":\"https:\/\/www.kasinobonus.ai\/se\/gambling-law\/#breadcrumb\"},\"inLanguage\":\"sv-SE\",\"potentialAction\":[{\"@type\":\"ReadAction\",\"target\":[\"https:\/\/www.kasinobonus.ai\/se\/gambling-law\/\"]}]},{\"@type\":\"BreadcrumbList\",\"@id\":\"https:\/\/www.kasinobonus.ai\/se\/gambling-law\/#breadcrumb\",\"itemListElement\":[{\"@type\":\"ListItem\",\"position\":1,\"name\":\"Home\",\"item\":\"https:\/\/www.kasinobonus.ai\/se\/\"},{\"@type\":\"ListItem\",\"position\":2,\"name\":\"Spelreglering\"}]},{\"@type\":\"WebSite\",\"@id\":\"https:\/\/www.kasinobonus.ai\/se\/#website\",\"url\":\"https:\/\/www.kasinobonus.ai\/se\/\",\"name\":\"www.kasinobonus.ai\",\"description\":\"\",\"publisher\":{\"@id\":\"https:\/\/www.kasinobonus.ai\/se\/#organization\"},\"potentialAction\":[{\"@type\":\"SearchAction\",\"target\":{\"@type\":\"EntryPoint\",\"urlTemplate\":\"https:\/\/www.kasinobonus.ai\/se\/?s={search_term_string}\"},\"query-input\":{\"@type\":\"PropertyValueSpecification\",\"valueRequired\":true,\"valueName\":\"search_term_string\"}}],\"inLanguage\":\"sv-SE\"},{\"@type\":\"Organization\",\"@id\":\"https:\/\/www.kasinobonus.ai\/se\/#organization\",\"name\":\"KasinoBonus\",\"alternateName\":\"KasinoBonusAI\",\"url\":\"https:\/\/www.kasinobonus.ai\/se\/\",\"logo\":{\"@type\":\"ImageObject\",\"inLanguage\":\"sv-SE\",\"@id\":\"https:\/\/www.kasinobonus.ai\/se\/#\/schema\/logo\/image\/\",\"url\":\"https:\/\/www.kasinobonus.ai\/wp-content\/uploads\/2023\/09\/kasinobonus-logo-light.png\",\"contentUrl\":\"https:\/\/www.kasinobonus.ai\/wp-content\/uploads\/2023\/09\/kasinobonus-logo-light.png\",\"width\":3200,\"height\":596,\"caption\":\"KasinoBonus\"},\"image\":{\"@id\":\"https:\/\/www.kasinobonus.ai\/se\/#\/schema\/logo\/image\/\"},\"sameAs\":[\"https:\/\/www.facebook.com\/kasinobonusio\/\",\"https:\/\/x.com\/Kasinobonus_io\",\"https:\/\/www.linkedin.com\/in\/matti-slotte-26612033b\",\"http:\/\/kasinobonus.wikidot.com\/system:welcome\",\"https:\/\/www.trustpilot.com\/review\/www.kasinobonus.ai\",\"https:\/\/orcid.org\/0009-0007-2889-1713\",\"https:\/\/en.everybodywiki.com\/Matti_Slotte\",\"https:\/\/www.immuniweb.com\/ssl\/kasinobonus.ai\/M4lqCqYY\/\"]}]}<\/script>\n<!-- \/ Yoast SEO plugin. -->","yoast_head_json":{"title":"Spelreglering - www.kasinobonus.ai","description":"H\u00e5ll dig uppdaterad om Sveriges spellagar och regler. L\u00e4r dig dina r\u00e4ttigheter som spelare och hur du spelar lagligt och ansvarsfullt.","robots":{"index":"index","follow":"follow","max-snippet":"max-snippet:-1","max-image-preview":"max-image-preview:large","max-video-preview":"max-video-preview:-1"},"canonical":"https:\/\/www.kasinobonus.ai\/se\/gambling-law\/","schema":{"@context":"https:\/\/schema.org","@graph":[{"@type":"WebPage","@id":"https:\/\/www.kasinobonus.ai\/se\/gambling-law\/","url":"https:\/\/www.kasinobonus.ai\/se\/gambling-law\/","name":"Spelreglering - www.kasinobonus.ai","isPartOf":{"@id":"https:\/\/www.kasinobonus.ai\/se\/#website"},"datePublished":"2024-11-25T08:53:00+00:00","dateModified":"2025-06-15T10:38:29+00:00","description":"H\u00e5ll dig uppdaterad om Sveriges spellagar och regler. L\u00e4r dig dina r\u00e4ttigheter som spelare och hur du spelar lagligt och ansvarsfullt.","breadcrumb":{"@id":"https:\/\/www.kasinobonus.ai\/se\/gambling-law\/#breadcrumb"},"inLanguage":"sv-SE","potentialAction":[{"@type":"ReadAction","target":["https:\/\/www.kasinobonus.ai\/se\/gambling-law\/"]}]},{"@type":"BreadcrumbList","@id":"https:\/\/www.kasinobonus.ai\/se\/gambling-law\/#breadcrumb","itemListElement":[{"@type":"ListItem","position":1,"name":"Home","item":"https:\/\/www.kasinobonus.ai\/se\/"},{"@type":"ListItem","position":2,"name":"Spelreglering"}]},{"@type":"WebSite","@id":"https:\/\/www.kasinobonus.ai\/se\/#website","url":"https:\/\/www.kasinobonus.ai\/se\/","name":"www.kasinobonus.ai","description":"","publisher":{"@id":"https:\/\/www.kasinobonus.ai\/se\/#organization"},"potentialAction":[{"@type":"SearchAction","target":{"@type":"EntryPoint","urlTemplate":"https:\/\/www.kasinobonus.ai\/se\/?s={search_term_string}"},"query-input":{"@type":"PropertyValueSpecification","valueRequired":true,"valueName":"search_term_string"}}],"inLanguage":"sv-SE"},{"@type":"Organization","@id":"https:\/\/www.kasinobonus.ai\/se\/#organization","name":"KasinoBonus","alternateName":"KasinoBonusAI","url":"https:\/\/www.kasinobonus.ai\/se\/","logo":{"@type":"ImageObject","inLanguage":"sv-SE","@id":"https:\/\/www.kasinobonus.ai\/se\/#\/schema\/logo\/image\/","url":"https:\/\/www.kasinobonus.ai\/wp-content\/uploads\/2023\/09\/kasinobonus-logo-light.png","contentUrl":"https:\/\/www.kasinobonus.ai\/wp-content\/uploads\/2023\/09\/kasinobonus-logo-light.png","width":3200,"height":596,"caption":"KasinoBonus"},"image":{"@id":"https:\/\/www.kasinobonus.ai\/se\/#\/schema\/logo\/image\/"},"sameAs":["https:\/\/www.facebook.com\/kasinobonusio\/","https:\/\/x.com\/Kasinobonus_io","https:\/\/www.linkedin.com\/in\/matti-slotte-26612033b","http:\/\/kasinobonus.wikidot.com\/system:welcome","https:\/\/www.trustpilot.com\/review\/www.kasinobonus.ai","https:\/\/orcid.org\/0009-0007-2889-1713","https:\/\/en.everybodywiki.com\/Matti_Slotte","https:\/\/www.immuniweb.com\/ssl\/kasinobonus.ai\/M4lqCqYY\/"]}]}},"_links":{"self":[{"href":"https:\/\/www.kasinobonus.ai\/se\/wp-json\/wp\/v2\/pages\/28812","targetHints":{"allow":["GET"]}}],"collection":[{"href":"https:\/\/www.kasinobonus.ai\/se\/wp-json\/wp\/v2\/pages"}],"about":[{"href":"https:\/\/www.kasinobonus.ai\/se\/wp-json\/wp\/v2\/types\/page"}],"author":[{"embeddable":true,"href":"https:\/\/www.kasinobonus.ai\/se\/wp-json\/wp\/v2\/users\/1"}],"replies":[{"embeddable":true,"href":"https:\/\/www.kasinobonus.ai\/se\/wp-json\/wp\/v2\/comments?post=28812"}],"version-history":[{"count":2,"href":"https:\/\/www.kasinobonus.ai\/se\/wp-json\/wp\/v2\/pages\/28812\/revisions"}],"predecessor-version":[{"id":28814,"href":"https:\/\/www.kasinobonus.ai\/se\/wp-json\/wp\/v2\/pages\/28812\/revisions\/28814"}],"wp:attachment":[{"href":"https:\/\/www.kasinobonus.ai\/se\/wp-json\/wp\/v2\/media?parent=28812"}],"curies":[{"name":"wp","href":"https:\/\/api.w.org\/{rel}","templated":true}]}}