{"id":28808,"date":"2024-11-25T08:54:24","date_gmt":"2024-11-25T08:54:24","guid":{"rendered":"https:\/\/kasinobonus.ai\/zwarte-lijst-van-casinos\/"},"modified":"2025-06-07T14:16:09","modified_gmt":"2025-06-07T14:16:09","slug":"zwarte-lijst-van-casinos","status":"publish","type":"page","link":"https:\/\/www.kasinobonus.ai\/se\/zwarte-lijst-van-casinos\/","title":{"rendered":"Svartlistade casinon"},"content":{"rendered":"\n<h1 class=\"wp-block-heading\"><strong><strong>Svartlistade casinon f\u00f6r<\/strong><\/strong> Sverige<\/h1>\n\n\n\n<p>M\u00e5nga casinon passerar genom KasinoBonus:s noggranna tester. Vi granskar fler casinon \u00e4n du som enskild spelare n\u00e5gonsin skulle st\u00f6ta p\u00e5 \u2013 och vi testar dem grundligt. Vi pratar ocks\u00e5 med ett stort antal  spelare och har goda kontakter i branschen, vilket g\u00f6r att vi k\u00e4nner till bakgrunden bakom varje bolag och f\u00e5r reda p\u00e5 s\u00e5dant som inte alltid \u00e4r offentligt.<\/p>\n\n\n\n<p>M\u00e5nga av de casinon vi testar h\u00e5ller h\u00f6g kvalitet och f\u00f6rtj\u00e4nar en plats p\u00e5 KasinoBonus, eftersom vi kan rekommendera dem till spelare med gott samvete. Det \u00e4r viktigt att lyfta fram de bra akt\u00f6rerna \u2013 f\u00f6r att samtidigt avr\u00e5da dig fr\u00e5n att spela p\u00e5 de d\u00e5liga.<\/p>\n\n\n\n<p>Vissa casinon f\u00f6rtj\u00e4nar helt enkelt inte att rekommenderas. D\u00e5 v\u00e4ljer vi antingen att inte ta med dem alls, eller s\u00e5 listar vi dem tillsammans med en tydlig varning om att de inte h\u00e5ller m\u00e5ttet. I vissa fall l\u00e4mnar vi det upp till spelaren att avg\u00f6ra om casinot passar ens egna behov \u2013 och det \u00e4r helt okej.<\/p>\n\n\n\n<p>Men n\u00e4r det g\u00e4ller vissa casinon det inget att diskutera. De \u00e4r helt enkelt oseri\u00f6sa. De existerar i princip enbart f\u00f6r att lura till sig pengar fr\u00e5n spelare.<\/p>\n\n\n\n<h2 class=\"wp-block-heading\"><strong>Svartlistade casinon<\/strong><\/h2>\n\n\n\n<ul class=\"wp-block-list\">\n<li>1xBet<\/li>\n\n\n\n<li>BetWinnner<\/li>\n<\/ul>\n\n\n\n<p>Om du har pengar insatta hos n\u00e5got av ovanst\u00e5ende varum\u00e4rken b\u00f6r du ta ut dem omedelbart \u2013 och aldrig spela d\u00e4r igen.<\/p>\n","protected":false},"excerpt":{"rendered":"<p>Svartlistade casinon f\u00f6r Sverige M\u00e5nga casinon passerar genom KasinoBonus:s noggranna tester. Vi granskar fler casinon \u00e4n du som enskild spelare n\u00e5gonsin skulle st\u00f6ta p\u00e5 \u2013 och vi testar dem grundligt. Vi pratar ocks\u00e5 med ett stort antal spelare och har goda kontakter i branschen, vilket g\u00f6r att vi k\u00e4nner till bakgrunden bakom varje bolag och [&hellip;]<\/p>\n","protected":false},"author":1,"featured_media":0,"parent":0,"menu_order":0,"comment_status":"closed","ping_status":"closed","template":"","meta":{"inline_featured_image":false,"footnotes":""},"class_list":["post-28808","page","type-page","status-publish","hentry"],"yoast_head":"<!-- This site is optimized with the Yoast SEO plugin v24.5 - https:\/\/yoast.com\/wordpress\/plugins\/seo\/ -->\n<title>Svartlistade casinon - www.kasinobonus.ai<\/title>\n<meta name=\"description\" content=\"Svartlistade casinon f\u00f6r Sverige\" \/>\n<meta name=\"robots\" content=\"index, follow, max-snippet:-1, max-image-preview:large, max-video-preview:-1\" \/>\n<link rel=\"canonical\" href=\"https:\/\/www.kasinobonus.ai\/se\/zwarte-lijst-van-casinos\/\" \/>\n<script type=\"application\/ld+json\" class=\"yoast-schema-graph\">{\"@context\":\"https:\/\/schema.org\",\"@graph\":[{\"@type\":\"WebPage\",\"@id\":\"https:\/\/www.kasinobonus.ai\/se\/zwarte-lijst-van-casinos\/\",\"url\":\"https:\/\/www.kasinobonus.ai\/se\/zwarte-lijst-van-casinos\/\",\"name\":\"Svartlistade casinon - www.kasinobonus.ai\",\"isPartOf\":{\"@id\":\"https:\/\/www.kasinobonus.ai\/se\/#website\"},\"datePublished\":\"2024-11-25T08:54:24+00:00\",\"dateModified\":\"2025-06-07T14:16:09+00:00\",\"description\":\"Svartlistade casinon f\u00f6r Sverige\",\"breadcrumb\":{\"@id\":\"https:\/\/www.kasinobonus.ai\/se\/zwarte-lijst-van-casinos\/#breadcrumb\"},\"inLanguage\":\"sv-SE\",\"potentialAction\":[{\"@type\":\"ReadAction\",\"target\":[\"https:\/\/www.kasinobonus.ai\/se\/zwarte-lijst-van-casinos\/\"]}]},{\"@type\":\"BreadcrumbList\",\"@id\":\"https:\/\/www.kasinobonus.ai\/se\/zwarte-lijst-van-casinos\/#breadcrumb\",\"itemListElement\":[{\"@type\":\"ListItem\",\"position\":1,\"name\":\"Home\",\"item\":\"https:\/\/www.kasinobonus.ai\/se\/\"},{\"@type\":\"ListItem\",\"position\":2,\"name\":\"Svartlistade casinon\"}]},{\"@type\":\"WebSite\",\"@id\":\"https:\/\/www.kasinobonus.ai\/se\/#website\",\"url\":\"https:\/\/www.kasinobonus.ai\/se\/\",\"name\":\"www.kasinobonus.ai\",\"description\":\"\",\"publisher\":{\"@id\":\"https:\/\/www.kasinobonus.ai\/se\/#organization\"},\"potentialAction\":[{\"@type\":\"SearchAction\",\"target\":{\"@type\":\"EntryPoint\",\"urlTemplate\":\"https:\/\/www.kasinobonus.ai\/se\/?s={search_term_string}\"},\"query-input\":{\"@type\":\"PropertyValueSpecification\",\"valueRequired\":true,\"valueName\":\"search_term_string\"}}],\"inLanguage\":\"sv-SE\"},{\"@type\":\"Organization\",\"@id\":\"https:\/\/www.kasinobonus.ai\/se\/#organization\",\"name\":\"KasinoBonus\",\"alternateName\":\"KasinoBonusAI\",\"url\":\"https:\/\/www.kasinobonus.ai\/se\/\",\"logo\":{\"@type\":\"ImageObject\",\"inLanguage\":\"sv-SE\",\"@id\":\"https:\/\/www.kasinobonus.ai\/se\/#\/schema\/logo\/image\/\",\"url\":\"https:\/\/www.kasinobonus.ai\/wp-content\/uploads\/2023\/09\/kasinobonus-logo-light.png\",\"contentUrl\":\"https:\/\/www.kasinobonus.ai\/wp-content\/uploads\/2023\/09\/kasinobonus-logo-light.png\",\"width\":3200,\"height\":596,\"caption\":\"KasinoBonus\"},\"image\":{\"@id\":\"https:\/\/www.kasinobonus.ai\/se\/#\/schema\/logo\/image\/\"},\"sameAs\":[\"https:\/\/www.facebook.com\/kasinobonusio\/\",\"https:\/\/x.com\/Kasinobonus_io\",\"https:\/\/www.linkedin.com\/in\/matti-slotte-26612033b\",\"http:\/\/kasinobonus.wikidot.com\/system:welcome\",\"https:\/\/www.trustpilot.com\/review\/www.kasinobonus.ai\",\"https:\/\/orcid.org\/0009-0007-2889-1713\",\"https:\/\/en.everybodywiki.com\/Matti_Slotte\",\"https:\/\/www.immuniweb.com\/ssl\/kasinobonus.ai\/M4lqCqYY\/\"]}]}<\/script>\n<!-- \/ Yoast SEO plugin. -->","yoast_head_json":{"title":"Svartlistade casinon - www.kasinobonus.ai","description":"Svartlistade casinon f\u00f6r Sverige","robots":{"index":"index","follow":"follow","max-snippet":"max-snippet:-1","max-image-preview":"max-image-preview:large","max-video-preview":"max-video-preview:-1"},"canonical":"https:\/\/www.kasinobonus.ai\/se\/zwarte-lijst-van-casinos\/","schema":{"@context":"https:\/\/schema.org","@graph":[{"@type":"WebPage","@id":"https:\/\/www.kasinobonus.ai\/se\/zwarte-lijst-van-casinos\/","url":"https:\/\/www.kasinobonus.ai\/se\/zwarte-lijst-van-casinos\/","name":"Svartlistade casinon - www.kasinobonus.ai","isPartOf":{"@id":"https:\/\/www.kasinobonus.ai\/se\/#website"},"datePublished":"2024-11-25T08:54:24+00:00","dateModified":"2025-06-07T14:16:09+00:00","description":"Svartlistade casinon f\u00f6r Sverige","breadcrumb":{"@id":"https:\/\/www.kasinobonus.ai\/se\/zwarte-lijst-van-casinos\/#breadcrumb"},"inLanguage":"sv-SE","potentialAction":[{"@type":"ReadAction","target":["https:\/\/www.kasinobonus.ai\/se\/zwarte-lijst-van-casinos\/"]}]},{"@type":"BreadcrumbList","@id":"https:\/\/www.kasinobonus.ai\/se\/zwarte-lijst-van-casinos\/#breadcrumb","itemListElement":[{"@type":"ListItem","position":1,"name":"Home","item":"https:\/\/www.kasinobonus.ai\/se\/"},{"@type":"ListItem","position":2,"name":"Svartlistade casinon"}]},{"@type":"WebSite","@id":"https:\/\/www.kasinobonus.ai\/se\/#website","url":"https:\/\/www.kasinobonus.ai\/se\/","name":"www.kasinobonus.ai","description":"","publisher":{"@id":"https:\/\/www.kasinobonus.ai\/se\/#organization"},"potentialAction":[{"@type":"SearchAction","target":{"@type":"EntryPoint","urlTemplate":"https:\/\/www.kasinobonus.ai\/se\/?s={search_term_string}"},"query-input":{"@type":"PropertyValueSpecification","valueRequired":true,"valueName":"search_term_string"}}],"inLanguage":"sv-SE"},{"@type":"Organization","@id":"https:\/\/www.kasinobonus.ai\/se\/#organization","name":"KasinoBonus","alternateName":"KasinoBonusAI","url":"https:\/\/www.kasinobonus.ai\/se\/","logo":{"@type":"ImageObject","inLanguage":"sv-SE","@id":"https:\/\/www.kasinobonus.ai\/se\/#\/schema\/logo\/image\/","url":"https:\/\/www.kasinobonus.ai\/wp-content\/uploads\/2023\/09\/kasinobonus-logo-light.png","contentUrl":"https:\/\/www.kasinobonus.ai\/wp-content\/uploads\/2023\/09\/kasinobonus-logo-light.png","width":3200,"height":596,"caption":"KasinoBonus"},"image":{"@id":"https:\/\/www.kasinobonus.ai\/se\/#\/schema\/logo\/image\/"},"sameAs":["https:\/\/www.facebook.com\/kasinobonusio\/","https:\/\/x.com\/Kasinobonus_io","https:\/\/www.linkedin.com\/in\/matti-slotte-26612033b","http:\/\/kasinobonus.wikidot.com\/system:welcome","https:\/\/www.trustpilot.com\/review\/www.kasinobonus.ai","https:\/\/orcid.org\/0009-0007-2889-1713","https:\/\/en.everybodywiki.com\/Matti_Slotte","https:\/\/www.immuniweb.com\/ssl\/kasinobonus.ai\/M4lqCqYY\/"]}]}},"_links":{"self":[{"href":"https:\/\/www.kasinobonus.ai\/se\/wp-json\/wp\/v2\/pages\/28808","targetHints":{"allow":["GET"]}}],"collection":[{"href":"https:\/\/www.kasinobonus.ai\/se\/wp-json\/wp\/v2\/pages"}],"about":[{"href":"https:\/\/www.kasinobonus.ai\/se\/wp-json\/wp\/v2\/types\/page"}],"author":[{"embeddable":true,"href":"https:\/\/www.kasinobonus.ai\/se\/wp-json\/wp\/v2\/users\/1"}],"replies":[{"embeddable":true,"href":"https:\/\/www.kasinobonus.ai\/se\/wp-json\/wp\/v2\/comments?post=28808"}],"version-history":[{"count":2,"href":"https:\/\/www.kasinobonus.ai\/se\/wp-json\/wp\/v2\/pages\/28808\/revisions"}],"predecessor-version":[{"id":28811,"href":"https:\/\/www.kasinobonus.ai\/se\/wp-json\/wp\/v2\/pages\/28808\/revisions\/28811"}],"wp:attachment":[{"href":"https:\/\/www.kasinobonus.ai\/se\/wp-json\/wp\/v2\/media?parent=28808"}],"curies":[{"name":"wp","href":"https:\/\/api.w.org\/{rel}","templated":true}]}}