{"id":28804,"date":"2024-11-25T08:55:15","date_gmt":"2024-11-25T08:55:15","guid":{"rendered":"https:\/\/kasinobonus.ai\/advertising-disclosure\/"},"modified":"2025-06-07T14:09:46","modified_gmt":"2025-06-07T14:09:46","slug":"advertising-disclosure","status":"publish","type":"page","link":"https:\/\/www.kasinobonus.ai\/se\/advertising-disclosure\/","title":{"rendered":"Annonsinformation"},"content":{"rendered":"\n<h1 class=\"wp-block-heading\"><strong>Annonsinformation<\/strong><\/h1>\n\n\n\n<p>KasinoBonus \u00e4r en oberoende akt\u00f6r som \u00e4r dedikerad till att uppr\u00e4tth\u00e5lla journalistiska standarder och integritet n\u00e4r det g\u00e4ller att f\u00f6rmedla oberoende och v\u00e4l underbyggda \u00e5sikter.<\/p>\n\n\n\n<p>Redaktionen och hela teamet arbetar efter gemensamma riktlinjer f\u00f6r research och skrivande, vilket s\u00e4kerst\u00e4ller att endast den mest korrekta informationen presenteras f\u00f6r l\u00e4saren \u2013 utan extern p\u00e5verkan, \u00e4ven n\u00e4r vi skriver om n\u00e5gon som har betalat oss f\u00f6r att g\u00f6ra det.<\/p>\n\n\n\n<h2 class=\"wp-block-heading\"><strong>Betalda recensioner<\/strong><\/h2>\n\n\n\n<p>I de fall d\u00e4r ett casinovarum\u00e4rke har valt att ers\u00e4tta oss f\u00f6r det arbete vi g\u00f6r med att recensera varum\u00e4rket, accepterar vi g\u00e4rna kompensation f\u00f6r v\u00e5rt arbete \u2013 men v\u00e5r research och v\u00e5ra slutsatser \u00e4r vad de \u00e4r. Den \u00e5sikt v\u00e5ra skribenter uttrycker p\u00e5verkas inte av den ekonomiska biten. Med andra ord: ett casino kan betala oss f\u00f6r att skriva om dem \u2013 men inte f\u00f6r att vi ska skriva n\u00e5got positivt.<\/p>\n\n\n\n<h2 class=\"wp-block-heading\"><strong>Betalda samarbeten<\/strong><\/h2>\n\n\n\n<p>N\u00e4r ett casinovarum\u00e4rke erbjuder oss ekonomisk ers\u00e4ttning genom ett samarbetsavtal med KasinoBonus, diskuteras detaljerna f\u00f6r varje enskilt avtal direkt med casinot. Vi kan f\u00e5 betalt f\u00f6r olika delar av samarbetet.<\/p>\n\n\n\n<p>Det viktiga \u00e4r dock att det aldrig p\u00e5verkar dig som l\u00e4sare \u2013 allts\u00e5 dig, den finska spelaren. Oavsett vilka casinon vi har samarbeten med, kommer du alltid att f\u00e5 korrekt information. Recensionerna kommer alltid att vara \u00e4rliga och faktabaserade. Inneh\u00e5llet i v\u00e5ra avtal p\u00e5verkar inte vilka bonusar du f\u00e5r eller n\u00e5got annat som r\u00f6r din spelupplevelse. V\u00e5ra samarbeten sker aldrig p\u00e5 din bekostnad.<\/p>\n\n\n\n<h2 class=\"wp-block-heading\"><strong>Slutsats<\/strong><\/h2>\n\n\n\n<p>\u00c4ven om vi f\u00e5r ekonomisk ers\u00e4ttning f\u00f6r v\u00e5ra samarbeten med casinon, drar vi en tydlig gr\u00e4ns: den finska spelaren ska aldrig p\u00e5verkas \u2013 varken positivt eller negativt \u2013 av v\u00e5ra aff\u00e4rsrelationer.<\/p>\n\n\n\n<p>Detta \u00e4r en betydligt striktare h\u00e5llning \u00e4n vad n\u00e5gon annan finsk casinosajt erbjuder.<\/p>\n\n\n\n<p>KasinoBonus l\u00e5ter aldrig pengar styra vilka casinon som f\u00e5r mer exponering eller beskrivs i mer positiva ordalag. Vi tar emot betalning \u2013 men vi l\u00e5ter inte casinon ta ifr\u00e5n oss v\u00e5r yttrandefrihet.<\/p>\n\n\n\n<p>Vi har haft fall d\u00e4r ett casino betalade oss f\u00f6r en recension, och recensionen blev en h\u00e5rd varning till finska spelare om att inte spela d\u00e4r. Det \u00e4r Matti och hans integritet. F\u00f6r honom \u00e4r finska spelare viktigare \u00e4n pengar fr\u00e5n n\u00e5got casino.<\/p>\n","protected":false},"excerpt":{"rendered":"<p>Annonsinformation KasinoBonus \u00e4r en oberoende akt\u00f6r som \u00e4r dedikerad till att uppr\u00e4tth\u00e5lla journalistiska standarder och integritet n\u00e4r det g\u00e4ller att f\u00f6rmedla oberoende och v\u00e4l underbyggda \u00e5sikter. Redaktionen och hela teamet arbetar efter gemensamma riktlinjer f\u00f6r research och skrivande, vilket s\u00e4kerst\u00e4ller att endast den mest korrekta informationen presenteras f\u00f6r l\u00e4saren \u2013 utan extern p\u00e5verkan, \u00e4ven n\u00e4r [&hellip;]<\/p>\n","protected":false},"author":1,"featured_media":0,"parent":0,"menu_order":0,"comment_status":"closed","ping_status":"closed","template":"","meta":{"inline_featured_image":false,"footnotes":""},"class_list":["post-28804","page","type-page","status-publish","hentry"],"yoast_head":"<!-- This site is optimized with the Yoast SEO plugin v24.5 - https:\/\/yoast.com\/wordpress\/plugins\/seo\/ -->\n<title>Annonsinformation - www.kasinobonus.ai<\/title>\n<meta name=\"description\" content=\"KasinoBonus \u00e4r en oberoende akt\u00f6r som \u00e4r dedikerad till att uppr\u00e4tth\u00e5lla journalistiska standarder och integritet n\u00e4r det g\u00e4ller att f\u00f6rmedla oberoende och v\u00e4l underbyggda \u00e5sikter.\" \/>\n<meta name=\"robots\" content=\"index, follow, max-snippet:-1, max-image-preview:large, max-video-preview:-1\" \/>\n<link rel=\"canonical\" href=\"https:\/\/www.kasinobonus.ai\/se\/advertising-disclosure\/\" \/>\n<script type=\"application\/ld+json\" class=\"yoast-schema-graph\">{\"@context\":\"https:\/\/schema.org\",\"@graph\":[{\"@type\":\"WebPage\",\"@id\":\"https:\/\/www.kasinobonus.ai\/se\/advertising-disclosure\/\",\"url\":\"https:\/\/www.kasinobonus.ai\/se\/advertising-disclosure\/\",\"name\":\"Annonsinformation - www.kasinobonus.ai\",\"isPartOf\":{\"@id\":\"https:\/\/www.kasinobonus.ai\/se\/#website\"},\"datePublished\":\"2024-11-25T08:55:15+00:00\",\"dateModified\":\"2025-06-07T14:09:46+00:00\",\"description\":\"KasinoBonus \u00e4r en oberoende akt\u00f6r som \u00e4r dedikerad till att uppr\u00e4tth\u00e5lla journalistiska standarder och integritet n\u00e4r det g\u00e4ller att f\u00f6rmedla oberoende och v\u00e4l underbyggda \u00e5sikter.\",\"breadcrumb\":{\"@id\":\"https:\/\/www.kasinobonus.ai\/se\/advertising-disclosure\/#breadcrumb\"},\"inLanguage\":\"sv-SE\",\"potentialAction\":[{\"@type\":\"ReadAction\",\"target\":[\"https:\/\/www.kasinobonus.ai\/se\/advertising-disclosure\/\"]}]},{\"@type\":\"BreadcrumbList\",\"@id\":\"https:\/\/www.kasinobonus.ai\/se\/advertising-disclosure\/#breadcrumb\",\"itemListElement\":[{\"@type\":\"ListItem\",\"position\":1,\"name\":\"Home\",\"item\":\"https:\/\/www.kasinobonus.ai\/se\/\"},{\"@type\":\"ListItem\",\"position\":2,\"name\":\"Annonsinformation\"}]},{\"@type\":\"WebSite\",\"@id\":\"https:\/\/www.kasinobonus.ai\/se\/#website\",\"url\":\"https:\/\/www.kasinobonus.ai\/se\/\",\"name\":\"www.kasinobonus.ai\",\"description\":\"\",\"publisher\":{\"@id\":\"https:\/\/www.kasinobonus.ai\/se\/#organization\"},\"potentialAction\":[{\"@type\":\"SearchAction\",\"target\":{\"@type\":\"EntryPoint\",\"urlTemplate\":\"https:\/\/www.kasinobonus.ai\/se\/?s={search_term_string}\"},\"query-input\":{\"@type\":\"PropertyValueSpecification\",\"valueRequired\":true,\"valueName\":\"search_term_string\"}}],\"inLanguage\":\"sv-SE\"},{\"@type\":\"Organization\",\"@id\":\"https:\/\/www.kasinobonus.ai\/se\/#organization\",\"name\":\"KasinoBonus\",\"alternateName\":\"KasinoBonusAI\",\"url\":\"https:\/\/www.kasinobonus.ai\/se\/\",\"logo\":{\"@type\":\"ImageObject\",\"inLanguage\":\"sv-SE\",\"@id\":\"https:\/\/www.kasinobonus.ai\/se\/#\/schema\/logo\/image\/\",\"url\":\"https:\/\/www.kasinobonus.ai\/wp-content\/uploads\/2023\/09\/kasinobonus-logo-light.png\",\"contentUrl\":\"https:\/\/www.kasinobonus.ai\/wp-content\/uploads\/2023\/09\/kasinobonus-logo-light.png\",\"width\":3200,\"height\":596,\"caption\":\"KasinoBonus\"},\"image\":{\"@id\":\"https:\/\/www.kasinobonus.ai\/se\/#\/schema\/logo\/image\/\"},\"sameAs\":[\"https:\/\/www.facebook.com\/kasinobonusio\/\",\"https:\/\/x.com\/Kasinobonus_io\",\"https:\/\/www.linkedin.com\/in\/matti-slotte-26612033b\",\"http:\/\/kasinobonus.wikidot.com\/system:welcome\",\"https:\/\/www.trustpilot.com\/review\/www.kasinobonus.ai\",\"https:\/\/orcid.org\/0009-0007-2889-1713\",\"https:\/\/en.everybodywiki.com\/Matti_Slotte\",\"https:\/\/www.immuniweb.com\/ssl\/kasinobonus.ai\/M4lqCqYY\/\"]}]}<\/script>\n<!-- \/ Yoast SEO plugin. -->","yoast_head_json":{"title":"Annonsinformation - www.kasinobonus.ai","description":"KasinoBonus \u00e4r en oberoende akt\u00f6r som \u00e4r dedikerad till att uppr\u00e4tth\u00e5lla journalistiska standarder och integritet n\u00e4r det g\u00e4ller att f\u00f6rmedla oberoende och v\u00e4l underbyggda \u00e5sikter.","robots":{"index":"index","follow":"follow","max-snippet":"max-snippet:-1","max-image-preview":"max-image-preview:large","max-video-preview":"max-video-preview:-1"},"canonical":"https:\/\/www.kasinobonus.ai\/se\/advertising-disclosure\/","schema":{"@context":"https:\/\/schema.org","@graph":[{"@type":"WebPage","@id":"https:\/\/www.kasinobonus.ai\/se\/advertising-disclosure\/","url":"https:\/\/www.kasinobonus.ai\/se\/advertising-disclosure\/","name":"Annonsinformation - www.kasinobonus.ai","isPartOf":{"@id":"https:\/\/www.kasinobonus.ai\/se\/#website"},"datePublished":"2024-11-25T08:55:15+00:00","dateModified":"2025-06-07T14:09:46+00:00","description":"KasinoBonus \u00e4r en oberoende akt\u00f6r som \u00e4r dedikerad till att uppr\u00e4tth\u00e5lla journalistiska standarder och integritet n\u00e4r det g\u00e4ller att f\u00f6rmedla oberoende och v\u00e4l underbyggda \u00e5sikter.","breadcrumb":{"@id":"https:\/\/www.kasinobonus.ai\/se\/advertising-disclosure\/#breadcrumb"},"inLanguage":"sv-SE","potentialAction":[{"@type":"ReadAction","target":["https:\/\/www.kasinobonus.ai\/se\/advertising-disclosure\/"]}]},{"@type":"BreadcrumbList","@id":"https:\/\/www.kasinobonus.ai\/se\/advertising-disclosure\/#breadcrumb","itemListElement":[{"@type":"ListItem","position":1,"name":"Home","item":"https:\/\/www.kasinobonus.ai\/se\/"},{"@type":"ListItem","position":2,"name":"Annonsinformation"}]},{"@type":"WebSite","@id":"https:\/\/www.kasinobonus.ai\/se\/#website","url":"https:\/\/www.kasinobonus.ai\/se\/","name":"www.kasinobonus.ai","description":"","publisher":{"@id":"https:\/\/www.kasinobonus.ai\/se\/#organization"},"potentialAction":[{"@type":"SearchAction","target":{"@type":"EntryPoint","urlTemplate":"https:\/\/www.kasinobonus.ai\/se\/?s={search_term_string}"},"query-input":{"@type":"PropertyValueSpecification","valueRequired":true,"valueName":"search_term_string"}}],"inLanguage":"sv-SE"},{"@type":"Organization","@id":"https:\/\/www.kasinobonus.ai\/se\/#organization","name":"KasinoBonus","alternateName":"KasinoBonusAI","url":"https:\/\/www.kasinobonus.ai\/se\/","logo":{"@type":"ImageObject","inLanguage":"sv-SE","@id":"https:\/\/www.kasinobonus.ai\/se\/#\/schema\/logo\/image\/","url":"https:\/\/www.kasinobonus.ai\/wp-content\/uploads\/2023\/09\/kasinobonus-logo-light.png","contentUrl":"https:\/\/www.kasinobonus.ai\/wp-content\/uploads\/2023\/09\/kasinobonus-logo-light.png","width":3200,"height":596,"caption":"KasinoBonus"},"image":{"@id":"https:\/\/www.kasinobonus.ai\/se\/#\/schema\/logo\/image\/"},"sameAs":["https:\/\/www.facebook.com\/kasinobonusio\/","https:\/\/x.com\/Kasinobonus_io","https:\/\/www.linkedin.com\/in\/matti-slotte-26612033b","http:\/\/kasinobonus.wikidot.com\/system:welcome","https:\/\/www.trustpilot.com\/review\/www.kasinobonus.ai","https:\/\/orcid.org\/0009-0007-2889-1713","https:\/\/en.everybodywiki.com\/Matti_Slotte","https:\/\/www.immuniweb.com\/ssl\/kasinobonus.ai\/M4lqCqYY\/"]}]}},"_links":{"self":[{"href":"https:\/\/www.kasinobonus.ai\/se\/wp-json\/wp\/v2\/pages\/28804","targetHints":{"allow":["GET"]}}],"collection":[{"href":"https:\/\/www.kasinobonus.ai\/se\/wp-json\/wp\/v2\/pages"}],"about":[{"href":"https:\/\/www.kasinobonus.ai\/se\/wp-json\/wp\/v2\/types\/page"}],"author":[{"embeddable":true,"href":"https:\/\/www.kasinobonus.ai\/se\/wp-json\/wp\/v2\/users\/1"}],"replies":[{"embeddable":true,"href":"https:\/\/www.kasinobonus.ai\/se\/wp-json\/wp\/v2\/comments?post=28804"}],"version-history":[{"count":3,"href":"https:\/\/www.kasinobonus.ai\/se\/wp-json\/wp\/v2\/pages\/28804\/revisions"}],"predecessor-version":[{"id":28807,"href":"https:\/\/www.kasinobonus.ai\/se\/wp-json\/wp\/v2\/pages\/28804\/revisions\/28807"}],"wp:attachment":[{"href":"https:\/\/www.kasinobonus.ai\/se\/wp-json\/wp\/v2\/media?parent=28804"}],"curies":[{"name":"wp","href":"https:\/\/api.w.org\/{rel}","templated":true}]}}