{"id":28774,"date":"2024-11-25T08:50:17","date_gmt":"2024-11-25T08:50:17","guid":{"rendered":"https:\/\/kasinobonus.ai\/gambling-addiction\/"},"modified":"2025-06-15T10:41:14","modified_gmt":"2025-06-15T10:41:14","slug":"gambling-addiction","status":"publish","type":"page","link":"https:\/\/www.kasinobonus.ai\/se\/gambling-addiction\/","title":{"rendered":"spelberoende"},"content":{"rendered":"\n<h1 class=\"wp-block-heading\"><strong>S\u00e5 slutar du spela \u2013 Hj\u00e4lp vid spelberoende<\/strong><\/h1>\n\n\n\n<p>Om du bor i Finland och k\u00e4mpar med spelberoende \u2013 eller om du ser tidiga tecken hos dig sj\u00e4lv eller n\u00e5gon du bryr dig om \u2013 \u00e4r den h\u00e4r sidan ditt f\u00f6rsta steg mot att bryta beroendet och b\u00f6rja l\u00e4ka.<\/p>\n\n\n\n<p>H\u00e4r hj\u00e4lper vi dig att identifiera om du har ett problem, f\u00f6rst\u00e5 orsakerna bakom ditt spelande och arbeta bort de bakomliggande drivkrafterna f\u00f6r att sluta.<\/p>\n\n\n\n<h2 class=\"wp-block-heading\"><strong>Vad \u00e4r spelberoende?<\/strong><\/h2>\n\n\n\n<p>Spelberoende, eller problemspelande, \u00e4r ett tillst\u00e5nd d\u00e4r du k\u00e4nner ett tv\u00e5ngsm\u00e4ssigt behov av att spela.<\/p>\n\n\n\n<p>Som grundregel g\u00e4ller: om du k\u00e4nner att du kan ha ett problem, d\u00e5 har du med st\u00f6rsta sannolikhet ett problem. H\u00e4r \u00e4r en checklista \u00f6ver vanliga tecken. Om n\u00e5got av dessa st\u00e4mmer in p\u00e5 dig \u00e4r du redan en problemspelare:<\/p>\n\n\n\n<ul class=\"wp-block-list\">\n<li>Spelandet \u00e4r inte roligt l\u00e4ngre<\/li>\n\n\n\n<li>Du har ljugit om spelandet f\u00f6r en v\u00e4n eller familjemedlem<\/li>\n\n\n\n<li>Du har l\u00e5nat pengar f\u00f6r att spela<\/li>\n\n\n\n<li>Du har anv\u00e4nt pengar avsedda f\u00f6r r\u00e4kningar eller annat viktigt f\u00f6r att spela<\/li>\n\n\n\n<li>Du har s\u00e5lt saker f\u00f6r att kunna forts\u00e4tta spela<\/li>\n\n\n\n<li>Du jagar f\u00f6rluster<\/li>\n\n\n\n<li>Du g\u00f6r allt st\u00f6rre ins\u00e4ttningar f\u00f6r att vinna tillbaka det du f\u00f6rlorat<\/li>\n\n\n\n<li>Du spelar med m\u00e5let att vinna pengar<\/li>\n\n\n\n<li>Du k\u00e4nner att du f\u00f6rtj\u00e4nar en vinst<\/li>\n\n\n\n<li>Du vet att du borde sluta \u2013 men kan inte<\/li>\n\n\n\n<li>Du har f\u00f6rs\u00f6kt sluta tidigare, men misslyckats<\/li>\n\n\n\n<li>Du kan inte t\u00e4nka p\u00e5 n\u00e5got annat \u00e4n spel<\/li>\n\n\n\n<li><\/li>\n<\/ul>\n\n\n\n<h2 class=\"wp-block-heading\"><strong>Faser i ett spelberoende<\/strong><\/h2>\n\n\n\n<p>Problematiskt spelbeteende utvecklas i olika faser \u2013 fr\u00e5n att vara i riskzonen till att helt ha f\u00f6rlorat kontrollen och f\u00f6rst\u00f6rt sitt liv p\u00e5 grund av spelberoende.<\/p>\n\n\n\n<h3 class=\"wp-block-heading\"><strong>Fas 0 \u2013 Oinformerad spelare<\/strong><\/h3>\n\n\n\n<p>Den h\u00e4r personen \u00e4r \u00e4nnu inte spelberoende och kanske aldrig blir det, men saknar kunskap om hur spel fungerar och vilka risker som finns. I fel situation kan hen b\u00f6rja jaga f\u00f6rluster utan att f\u00f6rst\u00e5 att det \u00e4r ett beteende som leder till n\u00e4sta fas.<\/p>\n\n\n\n<h3 class=\"wp-block-heading\"><strong>Fas 1 \u2013 V\u00e4xande problem<\/strong><\/h3>\n\n\n\n<p>Personen b\u00f6rjar, ofta omedvetet, jaga tidigare f\u00f6rluster i hopp om att vinna tillbaka pengar. Spelandet k\u00e4nns inte l\u00e4ngre roligt. Efter en vinst kanske personen tror att allt \u00e4r under kontroll igen \u2013 men n\u00e4sta f\u00f6rlust triggar ett nytt \u00e5terfall.<\/p>\n\n\n\n<h3 class=\"wp-block-heading\"><strong>Fas 2 \u2013 Spelberoende<\/strong><\/h3>\n\n\n\n<p>H\u00e4r b\u00f6rjar personen satsa allt st\u00f6rre summor. Ekonomin styrs i h\u00f6g grad av vinst eller f\u00f6rlust vid spel. Det \u00e4r vanligt att personen l\u00e5nar pengar, spelar f\u00f6r pengar avsedda f\u00f6r andra viktiga utgifter, och \u00e4r st\u00e4ndigt i jakt p\u00e5 f\u00f6rlorade belopp.<\/p>\n\n\n\n<h3 class=\"wp-block-heading\"><strong>Fas 3 \u2013 Ingen \u00e5terv\u00e4ndo<\/strong><\/h3>\n\n\n\n<p>Efter att ha investerat stora summor i spel har personen f\u00f6rlorat allt avg\u00f6rande. Det kan handla om bilen, relationen, bostaden, familjen \u2013 ibland allt p\u00e5 en g\u00e5ng. Personen har g\u00e5tt i personlig konkurs och f\u00f6rlorat relationerna runt omkring sig. Sj\u00e4lvmordstankar \u00e4r tyv\u00e4rr vanligt f\u00f6rekommande i detta skede.<\/p>\n\n\n\n<h2 class=\"wp-block-heading\"><strong>Tips f\u00f6r att sluta spela<\/strong><\/h2>\n\n\n\n<p>M\u00e4nniskor som har lyckats sluta spela vittnar n\u00e4stan alla om samma sak: de har hittat den bakomliggande orsaken till varf\u00f6r de spelade \u2013 och n\u00e4r den orsaken f\u00f6rsvann, f\u00f6rsvann ocks\u00e5 spelbehovet.<\/p>\n\n\n\n<p>F\u00f6r de flesta spelare som redan f\u00f6rlorat mycket pengar kommer behovet att forts\u00e4tta spela fr\u00e5n viljan att vinna tillbaka det man f\u00f6rlorat. Nedan f\u00f6ljer konkreta tips och tankes\u00e4tt som kan hj\u00e4lpa dig att sluta.<\/p>\n\n\n\n<h3 class=\"wp-block-heading\"><strong>Du kan inte vinna tillbaka pengarna<\/strong><\/h3>\n\n\n\n<p>Sanningen \u00e4r: du kan inte vinna tillbaka pengarna du har f\u00f6rlorat. De \u00e4r borta.<\/p>\n\n\n\n<p>Spel \u00e4r en aktivitet som \u00e4r utformad f\u00f6r att m\u00e4nniskor ska f\u00f6rlora pengar, och om du redan har f\u00f6rlorat mycket pengar, s\u00e5 \u00e4r du uppenbarligen s\u00e4rskilt d\u00e5lig p\u00e5 det. Annars skulle du inte befinna dig i den h\u00e4r situationen. Spel \u00e4r, f\u00f6r dig, ett d\u00e5ligt ekonomiskt val. Acceptera att du har f\u00f6rlorat pengar och att du inte kan vinna tillbaka dem.<\/p>\n\n\n\n<h3 class=\"wp-block-heading\"><strong>Om du aldrig spelar igen \u2013 f\u00f6rlorar du aldrig igen<\/strong><\/h3>\n\n\n\n<p>Det finns ett enkelt s\u00e4tt att aldrig mer f\u00f6rlora pengar p\u00e5 spel och d\u00e4rmed aldrig mer uppleva de hemska k\u00e4nslorna igen. Spela aldrig mer. P\u00e5 det s\u00e4ttet kommer din nettoinkomst fr\u00e5n spel alltid att vara +0. Du kommer inte f\u00f6rlora en krona till. Det \u00e4r j\u00e4ttel\u00e4tt \u2013 bara sluta.<\/p>\n\n\n\n<h3 class=\"wp-block-heading\"><strong>Fokusera p\u00e5 saker som ger pengar<\/strong><\/h3>\n\n\n\n<p>Om spel inte har fungerat f\u00f6r dig, vore det klokt att \u00e4gna dig \u00e5t n\u00e5got annat som faktiskt kan ge pengar. Till exempel, ta ett extrajobb eller frilansa. Eller skaffa ett jobb till att b\u00f6rja med. Vad som helst som kan p\u00e5verka ditt kontoutdrag positivt \u00e4r b\u00e4ttre \u00e4n n\u00e5got som har orsakat dig f\u00f6rluster.<\/p>\n\n\n\n<p>F\u00f6rest\u00e4ll dig \u2013 du kan spendera dagen med att spela bort 500 euro, eller s\u00e5 kan du jobba med n\u00e5got som garanterat ger dig 100 euro. Utan risk. Vad \u00e4r b\u00e4ttre?<\/p>\n\n\n\n<h3 class=\"wp-block-heading\"><strong>Fokusera p\u00e5 n\u00e5got annat \u00e4n pengar<\/strong><\/h3>\n\n\n\n<p>F\u00f6r m\u00e5nga problemspelare kretsar hela v\u00e4rlden kring pengar. Tro mig \u2013 det finns natur d\u00e4r ute, med fina vandringsleder, och du kanske till och med f\u00e5r se ett r\u00e5djur. Det \u00e4r livet p\u00e5 den h\u00e4r planeten. Det m\u00e5ste inte handla om pengar.<\/p>\n\n\n\n<p>Det finns m\u00e4nniskor, relationer, dr\u00f6mmar och m\u00e5l, utbildning, barn, skratt med v\u00e4nner, tr\u00e4ning, personlig utveckling. Alla dessa saker kan vara otroligt meningsfulla \u2013 du kan ta en doktorsexamen eller vinna n\u00e5got inom idrott \u2013 det handlar inte bara om pengar. L\u00e4r dig att leva utan att hela tiden betala f\u00f6r saker.<\/p>\n\n\n\n<h3 class=\"wp-block-heading\"><strong>Erk\u00e4nn ditt problem f\u00f6r dem som \u00e4lskar dig<\/strong><\/h3>\n\n\n\n<p>En stor tyngd kommer lyftas fr\u00e5n dina axlar om du ber\u00e4ttar f\u00f6r m\u00e4nniskor som \u00e4lskar dig att du har ett spelproblem, att du har f\u00f6rlorat xxxx euro och att du beh\u00f6ver hj\u00e4lp. De kommer garanterat att hj\u00e4lpa dig och de kommer inte d\u00f6ma dig.<\/p>\n\n\n\n<p>Deras st\u00f6d kan inneb\u00e4ra att ta med dig p\u00e5 n\u00e5gon trevlig aktivitet n\u00e4r du k\u00e4nner spelsuget. Du m\u00e5ste ha n\u00e5gon att ringa n\u00e4r du m\u00e5r d\u00e5ligt.<\/p>\n\n\n\n<h2 class=\"wp-block-heading\"><strong>Slutsats<\/strong><\/h2>\n\n\n\n<p>Spelberoende \u00e4r en psykologisk ned\u00e5tspiral som m\u00e5nga inte hittar n\u00e5gon v\u00e4g ut ur, eftersom de \u00e4r fixerade vid att vinna tillbaka sina pengar.<\/p>\n\n\n\n<p>Det blir en kamp f\u00f6r \u00f6verlevnad, d\u00e4r det \u00e4r du mot casinot eller spelbolaget \u2013 och du investerar pengar du egentligen beh\u00f6ver till annat i spelandet. Om du k\u00e4nner att du har ett problem, s\u00e5 har du ett problem. Om det roliga tar slut \u2013 sluta.<\/p>\n\n\n\n<h2 class=\"wp-block-heading\"><strong>L\u00e4nkar till finska organisationer som kan hj\u00e4lpa dig vid spelberoende<\/strong><\/h2>\n\n\n\n<figure class=\"wp-block-embed\"><div class=\"wp-block-embed__wrapper\">\nhttps:\/\/www.peluuri.fi\/en\/facts-advice\/finnish-gambling-problem\n<\/div><\/figure>\n\n\n\n<p><a href=\"https:\/\/ehyt.fi\/en\/substances-gaming-and-gambling\/gambling\/\"><em>Gambling<\/em><\/a><\/p>\n\n\n\n<figure class=\"wp-block-embed\"><div class=\"wp-block-embed__wrapper\">\nhttps:\/\/thl.fi\/en\/topics\/alcohol-tobacco-and-addictions\/gambling\n<\/div><\/figure>\n","protected":false},"excerpt":{"rendered":"<p>S\u00e5 slutar du spela \u2013 Hj\u00e4lp vid spelberoende Om du bor i Finland och k\u00e4mpar med spelberoende \u2013 eller om du ser tidiga tecken hos dig sj\u00e4lv eller n\u00e5gon du bryr dig om \u2013 \u00e4r den h\u00e4r sidan ditt f\u00f6rsta steg mot att bryta beroendet och b\u00f6rja l\u00e4ka. H\u00e4r hj\u00e4lper vi dig att identifiera om [&hellip;]<\/p>\n","protected":false},"author":1,"featured_media":0,"parent":0,"menu_order":0,"comment_status":"closed","ping_status":"closed","template":"","meta":{"inline_featured_image":false,"footnotes":""},"class_list":["post-28774","page","type-page","status-publish","hentry"],"yoast_head":"<!-- This site is optimized with the Yoast SEO plugin v24.5 - https:\/\/yoast.com\/wordpress\/plugins\/seo\/ -->\n<title>spelberoende - www.kasinobonus.ai<\/title>\n<meta name=\"description\" content=\"L\u00e4r dig k\u00e4nna igen och bek\u00e4mpa spelberoende. F\u00e5 st\u00f6d, r\u00e5dgivning och resurser f\u00f6r att spela ansvarsfullt och beh\u00e5lla kontrollen.\" \/>\n<meta name=\"robots\" content=\"index, follow, max-snippet:-1, max-image-preview:large, max-video-preview:-1\" \/>\n<link rel=\"canonical\" href=\"https:\/\/www.kasinobonus.ai\/se\/gambling-addiction\/\" \/>\n<script type=\"application\/ld+json\" class=\"yoast-schema-graph\">{\"@context\":\"https:\/\/schema.org\",\"@graph\":[{\"@type\":\"WebPage\",\"@id\":\"https:\/\/www.kasinobonus.ai\/se\/gambling-addiction\/\",\"url\":\"https:\/\/www.kasinobonus.ai\/se\/gambling-addiction\/\",\"name\":\"spelberoende - www.kasinobonus.ai\",\"isPartOf\":{\"@id\":\"https:\/\/www.kasinobonus.ai\/se\/#website\"},\"datePublished\":\"2024-11-25T08:50:17+00:00\",\"dateModified\":\"2025-06-15T10:41:14+00:00\",\"description\":\"L\u00e4r dig k\u00e4nna igen och bek\u00e4mpa spelberoende. F\u00e5 st\u00f6d, r\u00e5dgivning och resurser f\u00f6r att spela ansvarsfullt och beh\u00e5lla kontrollen.\",\"breadcrumb\":{\"@id\":\"https:\/\/www.kasinobonus.ai\/se\/gambling-addiction\/#breadcrumb\"},\"inLanguage\":\"sv-SE\",\"potentialAction\":[{\"@type\":\"ReadAction\",\"target\":[\"https:\/\/www.kasinobonus.ai\/se\/gambling-addiction\/\"]}]},{\"@type\":\"BreadcrumbList\",\"@id\":\"https:\/\/www.kasinobonus.ai\/se\/gambling-addiction\/#breadcrumb\",\"itemListElement\":[{\"@type\":\"ListItem\",\"position\":1,\"name\":\"Home\",\"item\":\"https:\/\/www.kasinobonus.ai\/se\/\"},{\"@type\":\"ListItem\",\"position\":2,\"name\":\"spelberoende\"}]},{\"@type\":\"WebSite\",\"@id\":\"https:\/\/www.kasinobonus.ai\/se\/#website\",\"url\":\"https:\/\/www.kasinobonus.ai\/se\/\",\"name\":\"www.kasinobonus.ai\",\"description\":\"\",\"publisher\":{\"@id\":\"https:\/\/www.kasinobonus.ai\/se\/#organization\"},\"potentialAction\":[{\"@type\":\"SearchAction\",\"target\":{\"@type\":\"EntryPoint\",\"urlTemplate\":\"https:\/\/www.kasinobonus.ai\/se\/?s={search_term_string}\"},\"query-input\":{\"@type\":\"PropertyValueSpecification\",\"valueRequired\":true,\"valueName\":\"search_term_string\"}}],\"inLanguage\":\"sv-SE\"},{\"@type\":\"Organization\",\"@id\":\"https:\/\/www.kasinobonus.ai\/se\/#organization\",\"name\":\"KasinoBonus\",\"alternateName\":\"KasinoBonusAI\",\"url\":\"https:\/\/www.kasinobonus.ai\/se\/\",\"logo\":{\"@type\":\"ImageObject\",\"inLanguage\":\"sv-SE\",\"@id\":\"https:\/\/www.kasinobonus.ai\/se\/#\/schema\/logo\/image\/\",\"url\":\"https:\/\/www.kasinobonus.ai\/wp-content\/uploads\/2023\/09\/kasinobonus-logo-light.png\",\"contentUrl\":\"https:\/\/www.kasinobonus.ai\/wp-content\/uploads\/2023\/09\/kasinobonus-logo-light.png\",\"width\":3200,\"height\":596,\"caption\":\"KasinoBonus\"},\"image\":{\"@id\":\"https:\/\/www.kasinobonus.ai\/se\/#\/schema\/logo\/image\/\"},\"sameAs\":[\"https:\/\/www.facebook.com\/kasinobonusio\/\",\"https:\/\/x.com\/Kasinobonus_io\",\"https:\/\/www.linkedin.com\/in\/matti-slotte-26612033b\",\"http:\/\/kasinobonus.wikidot.com\/system:welcome\",\"https:\/\/www.trustpilot.com\/review\/www.kasinobonus.ai\",\"https:\/\/orcid.org\/0009-0007-2889-1713\",\"https:\/\/en.everybodywiki.com\/Matti_Slotte\",\"https:\/\/www.immuniweb.com\/ssl\/kasinobonus.ai\/M4lqCqYY\/\"]}]}<\/script>\n<!-- \/ Yoast SEO plugin. -->","yoast_head_json":{"title":"spelberoende - www.kasinobonus.ai","description":"L\u00e4r dig k\u00e4nna igen och bek\u00e4mpa spelberoende. F\u00e5 st\u00f6d, r\u00e5dgivning och resurser f\u00f6r att spela ansvarsfullt och beh\u00e5lla kontrollen.","robots":{"index":"index","follow":"follow","max-snippet":"max-snippet:-1","max-image-preview":"max-image-preview:large","max-video-preview":"max-video-preview:-1"},"canonical":"https:\/\/www.kasinobonus.ai\/se\/gambling-addiction\/","schema":{"@context":"https:\/\/schema.org","@graph":[{"@type":"WebPage","@id":"https:\/\/www.kasinobonus.ai\/se\/gambling-addiction\/","url":"https:\/\/www.kasinobonus.ai\/se\/gambling-addiction\/","name":"spelberoende - www.kasinobonus.ai","isPartOf":{"@id":"https:\/\/www.kasinobonus.ai\/se\/#website"},"datePublished":"2024-11-25T08:50:17+00:00","dateModified":"2025-06-15T10:41:14+00:00","description":"L\u00e4r dig k\u00e4nna igen och bek\u00e4mpa spelberoende. F\u00e5 st\u00f6d, r\u00e5dgivning och resurser f\u00f6r att spela ansvarsfullt och beh\u00e5lla kontrollen.","breadcrumb":{"@id":"https:\/\/www.kasinobonus.ai\/se\/gambling-addiction\/#breadcrumb"},"inLanguage":"sv-SE","potentialAction":[{"@type":"ReadAction","target":["https:\/\/www.kasinobonus.ai\/se\/gambling-addiction\/"]}]},{"@type":"BreadcrumbList","@id":"https:\/\/www.kasinobonus.ai\/se\/gambling-addiction\/#breadcrumb","itemListElement":[{"@type":"ListItem","position":1,"name":"Home","item":"https:\/\/www.kasinobonus.ai\/se\/"},{"@type":"ListItem","position":2,"name":"spelberoende"}]},{"@type":"WebSite","@id":"https:\/\/www.kasinobonus.ai\/se\/#website","url":"https:\/\/www.kasinobonus.ai\/se\/","name":"www.kasinobonus.ai","description":"","publisher":{"@id":"https:\/\/www.kasinobonus.ai\/se\/#organization"},"potentialAction":[{"@type":"SearchAction","target":{"@type":"EntryPoint","urlTemplate":"https:\/\/www.kasinobonus.ai\/se\/?s={search_term_string}"},"query-input":{"@type":"PropertyValueSpecification","valueRequired":true,"valueName":"search_term_string"}}],"inLanguage":"sv-SE"},{"@type":"Organization","@id":"https:\/\/www.kasinobonus.ai\/se\/#organization","name":"KasinoBonus","alternateName":"KasinoBonusAI","url":"https:\/\/www.kasinobonus.ai\/se\/","logo":{"@type":"ImageObject","inLanguage":"sv-SE","@id":"https:\/\/www.kasinobonus.ai\/se\/#\/schema\/logo\/image\/","url":"https:\/\/www.kasinobonus.ai\/wp-content\/uploads\/2023\/09\/kasinobonus-logo-light.png","contentUrl":"https:\/\/www.kasinobonus.ai\/wp-content\/uploads\/2023\/09\/kasinobonus-logo-light.png","width":3200,"height":596,"caption":"KasinoBonus"},"image":{"@id":"https:\/\/www.kasinobonus.ai\/se\/#\/schema\/logo\/image\/"},"sameAs":["https:\/\/www.facebook.com\/kasinobonusio\/","https:\/\/x.com\/Kasinobonus_io","https:\/\/www.linkedin.com\/in\/matti-slotte-26612033b","http:\/\/kasinobonus.wikidot.com\/system:welcome","https:\/\/www.trustpilot.com\/review\/www.kasinobonus.ai","https:\/\/orcid.org\/0009-0007-2889-1713","https:\/\/en.everybodywiki.com\/Matti_Slotte","https:\/\/www.immuniweb.com\/ssl\/kasinobonus.ai\/M4lqCqYY\/"]}]}},"_links":{"self":[{"href":"https:\/\/www.kasinobonus.ai\/se\/wp-json\/wp\/v2\/pages\/28774","targetHints":{"allow":["GET"]}}],"collection":[{"href":"https:\/\/www.kasinobonus.ai\/se\/wp-json\/wp\/v2\/pages"}],"about":[{"href":"https:\/\/www.kasinobonus.ai\/se\/wp-json\/wp\/v2\/types\/page"}],"author":[{"embeddable":true,"href":"https:\/\/www.kasinobonus.ai\/se\/wp-json\/wp\/v2\/users\/1"}],"replies":[{"embeddable":true,"href":"https:\/\/www.kasinobonus.ai\/se\/wp-json\/wp\/v2\/comments?post=28774"}],"version-history":[{"count":2,"href":"https:\/\/www.kasinobonus.ai\/se\/wp-json\/wp\/v2\/pages\/28774\/revisions"}],"predecessor-version":[{"id":28826,"href":"https:\/\/www.kasinobonus.ai\/se\/wp-json\/wp\/v2\/pages\/28774\/revisions\/28826"}],"wp:attachment":[{"href":"https:\/\/www.kasinobonus.ai\/se\/wp-json\/wp\/v2\/media?parent=28774"}],"curies":[{"name":"wp","href":"https:\/\/api.w.org\/{rel}","templated":true}]}}