{"id":21891,"date":"2024-11-25T07:35:04","date_gmt":"2024-11-25T07:35:04","guid":{"rendered":"https:\/\/kasinobonus.ai\/?page_id=21891"},"modified":"2025-07-26T09:04:40","modified_gmt":"2025-07-26T09:04:40","slug":"matti-slotte","status":"publish","type":"page","link":"https:\/\/www.kasinobonus.ai\/se\/matti-slotte\/","title":{"rendered":"Matti Slotte: grundare Kasinobonus"},"content":{"rendered":"\n<h1 class=\"wp-block-heading\">Matti Slotte: grundare Kasinobonus<\/h1>\n\n\n\n<div class=\"wp-block-media-text is-stacked-on-mobile\" style=\"grid-template-columns:26% auto\"><figure class=\"wp-block-media-text__media\"><img decoding=\"async\" width=\"512\" height=\"512\" src=\"https:\/\/www.kasinobonus.ai\/wp-content\/uploads\/2024\/11\/matti-1.webp\" alt=\"\" class=\"wp-image-21324 size-full\" srcset=\"https:\/\/www.kasinobonus.ai\/wp-content\/uploads\/2024\/11\/matti-1.webp 512w, https:\/\/www.kasinobonus.ai\/wp-content\/uploads\/2024\/11\/matti-1-300x300.webp 300w, https:\/\/www.kasinobonus.ai\/wp-content\/uploads\/2024\/11\/matti-1-150x150.webp 150w, https:\/\/www.kasinobonus.ai\/wp-content\/uploads\/2024\/11\/matti-1-110x110.webp 110w\" sizes=\"(max-width: 512px) 100vw, 512px\" \/><\/figure><div class=\"wp-block-media-text__content\">\n<p>Matti Slotte \u00e4r en expert p\u00e5 onlinespel som \u00e4r f\u00f6dd i Kuopio och grundare och chefredakt\u00f6r f\u00f6r Kasinobonus. Han har en IT-bakgrund fr\u00e5n \u00c5bo universitet (B.Sc. 2007) och har blivit en ledande r\u00f6st i den finska spelbranschen, och han \u00e4r k\u00e4nd f\u00f6r att erbjuda opartiska kasinorecensioner, experttips och detaljerade guider.<\/p>\n\n\n\n<p>P\u00e5 den h\u00e4r sidan kommer vi att dela Mattis resa med dig &#8211; och titta p\u00e5 hur han kom dit han \u00e4r idag.<\/p>\n<\/div><\/div>\n\n\n\n<h2 class=\"wp-block-heading\"><strong>Tidigt liv och utbildning<\/strong><\/h2>\n\n\n\n<p>Matti Slotte f\u00f6ddes och v\u00e4xte upp i den vackra staden Kuopio i finska Insj\u00f6finland, omgiven av sj\u00f6ar, skogar och ett t\u00e4tt sammansvetsat samh\u00e4lle. Redan i unga \u00e5r fascinerades Matti av teknik och hur den kunde f\u00f6r\u00e4ndra vardagen.<\/p>\n\n\n\n<p>Passionen ledde honom till en kandidatexamen i informationsteknik <a href=\"https:\/\/www.utu.fi\/en\">vid \u00c5bo universitet<\/a>, d\u00e4r han tog examen 2007. Det var under tiden i \u00c5bo som han b\u00f6rjade utveckla ett stort intresse f\u00f6r mjukvaruutveckling och onlineplattformar &#8211; saker som b\u00e5da skulle l\u00e4gga grunden f\u00f6r hans framtid inom iGaming-industrin.<\/p>\n\n\n\n<h2 class=\"wp-block-heading\"><a><\/a><strong>Uppt\u00e4ckte onlinespel<\/strong><\/h2>\n\n\n\n<p>N\u00e4r Matti \u00e5terv\u00e4nde till Kuopio efter examen k\u00e4nde han att han ville ha mer sp\u00e4nning \u00e4n vad hans hemstad kunde erbjuda. Vid den h\u00e4r tiden exploderade onlinespelindustrin i popularitet, med spel som Mega Moolah och onlinepoker som f\u00e5ngade fantasin hos spelare \u00f6ver hela v\u00e4rlden. Matti drogs till den snabba digitala spelv\u00e4rlden och best\u00e4mde sig f\u00f6r att omfamna denna nya bransch &#8211; f\u00f6rst som en nyfiken spelare, sedan som en innovat\u00f6r.<\/p>\n\n\n\n<h2 class=\"wp-block-heading\"><a><\/a><strong>Tidig karri\u00e4r: Fr\u00e5n utvecklare till expert inom branschen<\/strong><\/h2>\n\n\n\n<p>2008 b\u00f6rjade Matti som utvecklingsassistent p\u00e5 ett framst\u00e5ende onlinekasino, d\u00e4r han snabbt imponerade p\u00e5 sina kollegor med sina tekniska f\u00e4rdigheter och sitt innovativa t\u00e4nkande. Han f\u00f6rdjupade sig i backend-system, betalningsintegrationer och strategier f\u00f6r affiliatemarknadsf\u00f6ring &#8211; alla mycket viktiga komponenter i det snabbt f\u00f6r\u00e4nderliga ekosystemet f\u00f6r iGaming. Inom n\u00e5gra \u00e5r avancerade Matti till en roll som senior utvecklare och han blev snabbt en av nyckelpersonerna som arbetade med att utveckla och modernisera Finlands onlinespellandskap.<\/p>\n\n\n\n<p>Matti blev samtidigt en viktig <em>r\u00f6st <\/em>i Finlands onlinespelscommunity. Han deltog i forum, delade med sig av strategier f\u00f6r bonusjakt och guidade nya spelare genom den ibland komplicerade v\u00e4rlden av onlinekasinon. Det var detta dubbla perspektiv &#8211; b\u00e5de som utvecklare <em>och <\/em>spelare &#8211; som gav honom en unik f\u00f6rst\u00e5else f\u00f6r vad de finska spelarna ville ha: transparens, r\u00e4ttvisa och sp\u00e4nning!<\/p>\n\n\n\n<h2 class=\"wp-block-heading\"><strong>Grundandet av Kasinobonus<\/strong><\/h2>\n\n\n\n<p>Efter n\u00e4stan ett decennium i branschen k\u00e4nde Matti sig redo att f\u00f6rverkliga sin vision 2018. D\u00e4rf\u00f6r grundade han Kasinobonus &#8211; en plattform som ska ge finska spelare korrekta och opartiska recensioner av onlinekasinon samt experttips och strategier som hj\u00e4lper dem att spela smartare. Under hans ledning blev webbplatsen snabbt en av de mest betrodda resurserna f\u00f6r finska spelare som s\u00f6ker tillf\u00f6rlitlig information, exklusiva bonusar och v\u00e4gledning om hur de kan maximera sin spelupplevelse.<\/p>\n\n\n\n<p>Mattis uppdrag \u00e4r tydligt: att ge spelarna den kunskap de beh\u00f6ver f\u00f6r att spela ansvarsfullt och tryggt. Han \u00f6vervakar personligen varje recension som publiceras p\u00e5 Kasinobonus och ser till att inneh\u00e5llet f\u00f6rblir korrekt, uppdaterat och opartiskt. Han har ocks\u00e5 ett n\u00e4ra samarbete med ett team av beg\u00e5vade skribenter och branschexperter f\u00f6r att uppr\u00e4tth\u00e5lla webbplatsens rykte som en ledande auktoritet inom det finska iGaming-omr\u00e5det.<\/p>\n\n\n\n<h2 class=\"wp-block-heading\"><a><\/a><strong>Tidslinje f\u00f6r Mattis karri\u00e4r<\/strong><\/h2>\n\n\n\n<figure class=\"wp-block-table\"><table class=\"has-fixed-layout\"><tbody><tr><td>\u00c5rtal<\/td><td>Milstolpe<\/td><\/tr><tr><td>2007<\/td><td>Avslutade B.Sc. (IT), \u00c5bo universitet<\/td><\/tr><tr><td>2008-2017<\/td><td>Junior \u2192 Senior Developer p\u00e5 <em>mycket <\/em>v\u00e4lk\u00e4nt onlinekasino<\/td><\/tr><tr><td>2010<\/td><td>Medgrundare av Finnish Poker Forum<\/td><\/tr><tr><td>2013<\/td><td>Certifierad inom iGaming Compliance, Contauga Institute (informellt)<\/td><\/tr><tr><td>2015<\/td><td>Kurs i SEO och affiliatemarknadsf\u00f6ring, Kuopio Online Academy<\/td><\/tr><tr><td>2018<\/td><td>Grundade KasinoBonus.oi<\/td><\/tr><tr><td>2020<\/td><td>Deltog som g\u00e4sttalare vid Finnish Gambling Summit<\/td><\/tr><tr><td>2022<\/td><td>Medverkar i Pelit.fi f\u00f6r expertkommentarer<\/td><\/tr><tr><td>2024<\/td><td>V\u00e4rd f\u00f6r webinariet &#8220;Smarta casinobonusar&#8221; f\u00f6r Nordic iGaming<\/td><\/tr><\/tbody><\/table><\/figure>\n\n\n\n<h2 class=\"wp-block-heading\"><a><\/a><strong>Legitimationer och certifieringar<\/strong><\/h2>\n\n\n\n<p>Matti Slotte \u00e4r expert p\u00e5 onlinespel, onlinecasinon och poker.<\/p>\n\n\n\n<ul class=\"wp-block-list\">\n<li><strong>iGaming Compliance (informell<\/strong>) &#8211; Contauga Institute, 2013 (Certifikat)<\/li>\n\n\n\n<li><strong>SEO och affiliatemarknadsf\u00f6ring <\/strong>&#8211; Kuopio Online Academy, 2015<\/li>\n\n\n\n<li>Regelbundna informella seminarier inom omr\u00e5den som s\u00e4kerhet f\u00f6r betalningsprocessorer, GDPR och ansvarsfullt spelande<\/li>\n<\/ul>\n\n\n\n<h2 class=\"wp-block-heading\"><a><\/a><strong>Kontakta och hitta Matti<\/strong><\/h2>\n\n\n\n<p>LinkedIn: <a href=\"https:\/\/www.linkedin.com\/in\/matti%E2%80%91slotte\">Matti Slotte<\/a><\/p>\n\n\n\n<p>Twitter: <a href=\"https:\/\/x.com\/mattislotte\">https:\/\/x.com\/mattislotte<\/a><\/p>\n\n\n\n<h2 class=\"wp-block-heading\"><a><\/a><strong>Mina intervjuer i popul\u00e4rmedia<\/strong><\/h2>\n\n\n\n<p>Intervju i <a href=\"https:\/\/theedinburghreporter.co.uk\/2025\/04\/an-exclusive-interview-with-matti-slottethe-future-of-online-gambling-through-an-experts-eyes\/\">Edinburgh Reporter<\/a>: Framtiden f\u00f6r onlinespel genom en experts \u00f6gon<\/p>\n\n\n\n<p>Intervju om <a href=\"https:\/\/europeangaming.eu\/portal\/latest-news\/2024\/12\/10\/172658\/interview-with-finnish-gambling-expert-matti-slotte-talks-about-upcoming-2026-gambling-regulation\/\">europeiska spel<\/a>: Finska spelexperten Matti Slotte: Pratar om kommande spelreglering 2026<\/p>\n\n\n\n<p>Intervju i <a href=\"https:\/\/www.thehendonmob.com\/gambling-writer-matti-slotte-interview-how-a-finnish-it-expert-transformed-the-online-casino-market\/\">HendonMOB<\/a>: Hur en finsk IT-expert f\u00f6r\u00e4ndrade marknaden f\u00f6r onlinekasinon<\/p>\n\n\n\n<p>Intervju i <a href=\"https:\/\/guardian.ng\/news\/finnish-writer-matti-slotte-interview\/\">The Guardian<\/a><\/p>\n\n\n\n<p>Intervju p\u00e5 <a href=\"https:\/\/www.roger.com\/articles\/bonuses\/matti-slotte-kasino-bonus-review\/\">Roger.com<\/a>: om \u00e4rlighet och transparens i spelbranschen<\/p>\n\n\n\n<p>Intervju i <a href=\"https:\/\/www.psu.com\/news\/casino-writer-matti-slotte-exclusive-interview-the-future-of-gambling-in-finland\/\">PlayStation Universe<\/a>: framtidens spelande i Finland<\/p>\n\n\n\n<script type=\"application\/ld+json\">\n{\n\n\t\"@context\": \"http:\/\/schema.org\",\n\n\t\"@type\": \"Person\",\n\n\t\"familyName\": \"Slotte\",\n\n\t\"givenName\": \"Matti\",\n\n\t\"worksFor\": \"https:\/\/www.kasinobonus.ai\/\",\n\n\t\"jobTitle\": \"Gambling expert, Owner of KasinobonusIO\",\n\n\t\"alumniOf\": \"University of Turku\",\n\n\t\"image\": \"https:\/\/www.kasinobonus.ai\/wp-content\/uploads\/2024\/11\/matti-1.webp\",\n\n\t\"gender\": \"Male\",\n\n\t\"sameAs\": [\"https:\/\/x.com\/mattislotte\",\"https:\/\/www.linkedin.com\/in\/matti-slotte-26612033b\/\",\"https:\/\/en.everybodywiki.com\/Matti_Slotte\",\"https:\/\/muckrack.com\/matti-slotte\",\"https:\/\/mattislotte.com\" ]\n\n}\n<\/script>\n","protected":false},"excerpt":{"rendered":"<p>Matti Slotte: grundare Kasinobonus Matti Slotte \u00e4r en expert p\u00e5 onlinespel som \u00e4r f\u00f6dd i Kuopio och grundare och chefredakt\u00f6r f\u00f6r Kasinobonus. Han har en IT-bakgrund fr\u00e5n \u00c5bo universitet (B.Sc. 2007) och har blivit en ledande r\u00f6st i den finska spelbranschen, och han \u00e4r k\u00e4nd f\u00f6r att erbjuda opartiska kasinorecensioner, experttips och detaljerade guider. P\u00e5 [&hellip;]<\/p>\n","protected":false},"author":1,"featured_media":0,"parent":0,"menu_order":0,"comment_status":"closed","ping_status":"closed","template":"","meta":{"inline_featured_image":false,"footnotes":""},"class_list":["post-21891","page","type-page","status-publish","hentry"],"yoast_head":"<!-- This site is optimized with the Yoast SEO plugin v24.5 - https:\/\/yoast.com\/wordpress\/plugins\/seo\/ -->\n<title>Matti Slotte: grundare Kasinobonus - www.kasinobonus.ai<\/title>\n<meta name=\"description\" content=\"L\u00e4r k\u00e4nna Matti Slotte \u2013 v\u00e5r casinoexpert som delar \u00e4rliga recensioner, tips och personliga spelupplevelser f\u00f6r svenska spelare.\" \/>\n<meta name=\"robots\" content=\"index, follow, max-snippet:-1, max-image-preview:large, max-video-preview:-1\" \/>\n<link rel=\"canonical\" href=\"https:\/\/www.kasinobonus.ai\/se\/matti-slotte\/\" \/>\n<script type=\"application\/ld+json\" class=\"yoast-schema-graph\">{\"@context\":\"https:\/\/schema.org\",\"@graph\":[{\"@type\":\"WebPage\",\"@id\":\"https:\/\/www.kasinobonus.ai\/se\/matti-slotte\/\",\"url\":\"https:\/\/www.kasinobonus.ai\/se\/matti-slotte\/\",\"name\":\"Matti Slotte: grundare Kasinobonus - www.kasinobonus.ai\",\"isPartOf\":{\"@id\":\"https:\/\/www.kasinobonus.ai\/se\/#website\"},\"primaryImageOfPage\":{\"@id\":\"https:\/\/www.kasinobonus.ai\/se\/matti-slotte\/#primaryimage\"},\"image\":{\"@id\":\"https:\/\/www.kasinobonus.ai\/se\/matti-slotte\/#primaryimage\"},\"thumbnailUrl\":\"https:\/\/www.kasinobonus.ai\/wp-content\/uploads\/2024\/11\/matti-1.webp\",\"datePublished\":\"2024-11-25T07:35:04+00:00\",\"dateModified\":\"2025-07-26T09:04:40+00:00\",\"description\":\"L\u00e4r k\u00e4nna Matti Slotte \u2013 v\u00e5r casinoexpert som delar \u00e4rliga recensioner, tips och personliga spelupplevelser f\u00f6r svenska spelare.\",\"breadcrumb\":{\"@id\":\"https:\/\/www.kasinobonus.ai\/se\/matti-slotte\/#breadcrumb\"},\"inLanguage\":\"sv-SE\",\"potentialAction\":[{\"@type\":\"ReadAction\",\"target\":[\"https:\/\/www.kasinobonus.ai\/se\/matti-slotte\/\"]}]},{\"@type\":\"ImageObject\",\"inLanguage\":\"sv-SE\",\"@id\":\"https:\/\/www.kasinobonus.ai\/se\/matti-slotte\/#primaryimage\",\"url\":\"https:\/\/www.kasinobonus.ai\/wp-content\/uploads\/2024\/11\/matti-1.webp\",\"contentUrl\":\"https:\/\/www.kasinobonus.ai\/wp-content\/uploads\/2024\/11\/matti-1.webp\"},{\"@type\":\"BreadcrumbList\",\"@id\":\"https:\/\/www.kasinobonus.ai\/se\/matti-slotte\/#breadcrumb\",\"itemListElement\":[{\"@type\":\"ListItem\",\"position\":1,\"name\":\"Home\",\"item\":\"https:\/\/www.kasinobonus.ai\/se\/\"},{\"@type\":\"ListItem\",\"position\":2,\"name\":\"Matti Slotte: grundare Kasinobonus\"}]},{\"@type\":\"WebSite\",\"@id\":\"https:\/\/www.kasinobonus.ai\/se\/#website\",\"url\":\"https:\/\/www.kasinobonus.ai\/se\/\",\"name\":\"www.kasinobonus.ai\",\"description\":\"\",\"publisher\":{\"@id\":\"https:\/\/www.kasinobonus.ai\/se\/#organization\"},\"potentialAction\":[{\"@type\":\"SearchAction\",\"target\":{\"@type\":\"EntryPoint\",\"urlTemplate\":\"https:\/\/www.kasinobonus.ai\/se\/?s={search_term_string}\"},\"query-input\":{\"@type\":\"PropertyValueSpecification\",\"valueRequired\":true,\"valueName\":\"search_term_string\"}}],\"inLanguage\":\"sv-SE\"},{\"@type\":\"Organization\",\"@id\":\"https:\/\/www.kasinobonus.ai\/se\/#organization\",\"name\":\"KasinoBonus\",\"alternateName\":\"KasinoBonusAI\",\"url\":\"https:\/\/www.kasinobonus.ai\/se\/\",\"logo\":{\"@type\":\"ImageObject\",\"inLanguage\":\"sv-SE\",\"@id\":\"https:\/\/www.kasinobonus.ai\/se\/#\/schema\/logo\/image\/\",\"url\":\"https:\/\/www.kasinobonus.ai\/wp-content\/uploads\/2023\/09\/kasinobonus-logo-light.png\",\"contentUrl\":\"https:\/\/www.kasinobonus.ai\/wp-content\/uploads\/2023\/09\/kasinobonus-logo-light.png\",\"width\":3200,\"height\":596,\"caption\":\"KasinoBonus\"},\"image\":{\"@id\":\"https:\/\/www.kasinobonus.ai\/se\/#\/schema\/logo\/image\/\"},\"sameAs\":[\"https:\/\/www.facebook.com\/kasinobonusio\/\",\"https:\/\/x.com\/Kasinobonus_io\",\"https:\/\/www.linkedin.com\/in\/matti-slotte-26612033b\",\"http:\/\/kasinobonus.wikidot.com\/system:welcome\",\"https:\/\/www.trustpilot.com\/review\/www.kasinobonus.ai\",\"https:\/\/orcid.org\/0009-0007-2889-1713\",\"https:\/\/en.everybodywiki.com\/Matti_Slotte\",\"https:\/\/www.immuniweb.com\/ssl\/kasinobonus.ai\/M4lqCqYY\/\"]}]}<\/script>\n<!-- \/ Yoast SEO plugin. -->","yoast_head_json":{"title":"Matti Slotte: grundare Kasinobonus - www.kasinobonus.ai","description":"L\u00e4r k\u00e4nna Matti Slotte \u2013 v\u00e5r casinoexpert som delar \u00e4rliga recensioner, tips och personliga spelupplevelser f\u00f6r svenska spelare.","robots":{"index":"index","follow":"follow","max-snippet":"max-snippet:-1","max-image-preview":"max-image-preview:large","max-video-preview":"max-video-preview:-1"},"canonical":"https:\/\/www.kasinobonus.ai\/se\/matti-slotte\/","schema":{"@context":"https:\/\/schema.org","@graph":[{"@type":"WebPage","@id":"https:\/\/www.kasinobonus.ai\/se\/matti-slotte\/","url":"https:\/\/www.kasinobonus.ai\/se\/matti-slotte\/","name":"Matti Slotte: grundare Kasinobonus - www.kasinobonus.ai","isPartOf":{"@id":"https:\/\/www.kasinobonus.ai\/se\/#website"},"primaryImageOfPage":{"@id":"https:\/\/www.kasinobonus.ai\/se\/matti-slotte\/#primaryimage"},"image":{"@id":"https:\/\/www.kasinobonus.ai\/se\/matti-slotte\/#primaryimage"},"thumbnailUrl":"https:\/\/www.kasinobonus.ai\/wp-content\/uploads\/2024\/11\/matti-1.webp","datePublished":"2024-11-25T07:35:04+00:00","dateModified":"2025-07-26T09:04:40+00:00","description":"L\u00e4r k\u00e4nna Matti Slotte \u2013 v\u00e5r casinoexpert som delar \u00e4rliga recensioner, tips och personliga spelupplevelser f\u00f6r svenska spelare.","breadcrumb":{"@id":"https:\/\/www.kasinobonus.ai\/se\/matti-slotte\/#breadcrumb"},"inLanguage":"sv-SE","potentialAction":[{"@type":"ReadAction","target":["https:\/\/www.kasinobonus.ai\/se\/matti-slotte\/"]}]},{"@type":"ImageObject","inLanguage":"sv-SE","@id":"https:\/\/www.kasinobonus.ai\/se\/matti-slotte\/#primaryimage","url":"https:\/\/www.kasinobonus.ai\/wp-content\/uploads\/2024\/11\/matti-1.webp","contentUrl":"https:\/\/www.kasinobonus.ai\/wp-content\/uploads\/2024\/11\/matti-1.webp"},{"@type":"BreadcrumbList","@id":"https:\/\/www.kasinobonus.ai\/se\/matti-slotte\/#breadcrumb","itemListElement":[{"@type":"ListItem","position":1,"name":"Home","item":"https:\/\/www.kasinobonus.ai\/se\/"},{"@type":"ListItem","position":2,"name":"Matti Slotte: grundare Kasinobonus"}]},{"@type":"WebSite","@id":"https:\/\/www.kasinobonus.ai\/se\/#website","url":"https:\/\/www.kasinobonus.ai\/se\/","name":"www.kasinobonus.ai","description":"","publisher":{"@id":"https:\/\/www.kasinobonus.ai\/se\/#organization"},"potentialAction":[{"@type":"SearchAction","target":{"@type":"EntryPoint","urlTemplate":"https:\/\/www.kasinobonus.ai\/se\/?s={search_term_string}"},"query-input":{"@type":"PropertyValueSpecification","valueRequired":true,"valueName":"search_term_string"}}],"inLanguage":"sv-SE"},{"@type":"Organization","@id":"https:\/\/www.kasinobonus.ai\/se\/#organization","name":"KasinoBonus","alternateName":"KasinoBonusAI","url":"https:\/\/www.kasinobonus.ai\/se\/","logo":{"@type":"ImageObject","inLanguage":"sv-SE","@id":"https:\/\/www.kasinobonus.ai\/se\/#\/schema\/logo\/image\/","url":"https:\/\/www.kasinobonus.ai\/wp-content\/uploads\/2023\/09\/kasinobonus-logo-light.png","contentUrl":"https:\/\/www.kasinobonus.ai\/wp-content\/uploads\/2023\/09\/kasinobonus-logo-light.png","width":3200,"height":596,"caption":"KasinoBonus"},"image":{"@id":"https:\/\/www.kasinobonus.ai\/se\/#\/schema\/logo\/image\/"},"sameAs":["https:\/\/www.facebook.com\/kasinobonusio\/","https:\/\/x.com\/Kasinobonus_io","https:\/\/www.linkedin.com\/in\/matti-slotte-26612033b","http:\/\/kasinobonus.wikidot.com\/system:welcome","https:\/\/www.trustpilot.com\/review\/www.kasinobonus.ai","https:\/\/orcid.org\/0009-0007-2889-1713","https:\/\/en.everybodywiki.com\/Matti_Slotte","https:\/\/www.immuniweb.com\/ssl\/kasinobonus.ai\/M4lqCqYY\/"]}]}},"_links":{"self":[{"href":"https:\/\/www.kasinobonus.ai\/se\/wp-json\/wp\/v2\/pages\/21891","targetHints":{"allow":["GET"]}}],"collection":[{"href":"https:\/\/www.kasinobonus.ai\/se\/wp-json\/wp\/v2\/pages"}],"about":[{"href":"https:\/\/www.kasinobonus.ai\/se\/wp-json\/wp\/v2\/types\/page"}],"author":[{"embeddable":true,"href":"https:\/\/www.kasinobonus.ai\/se\/wp-json\/wp\/v2\/users\/1"}],"replies":[{"embeddable":true,"href":"https:\/\/www.kasinobonus.ai\/se\/wp-json\/wp\/v2\/comments?post=21891"}],"version-history":[{"count":5,"href":"https:\/\/www.kasinobonus.ai\/se\/wp-json\/wp\/v2\/pages\/21891\/revisions"}],"predecessor-version":[{"id":34453,"href":"https:\/\/www.kasinobonus.ai\/se\/wp-json\/wp\/v2\/pages\/21891\/revisions\/34453"}],"wp:attachment":[{"href":"https:\/\/www.kasinobonus.ai\/se\/wp-json\/wp\/v2\/media?parent=21891"}],"curies":[{"name":"wp","href":"https:\/\/api.w.org\/{rel}","templated":true}]}}