{"id":9131,"date":"2023-08-29T13:49:51","date_gmt":"2023-08-29T13:49:51","guid":{"rendered":"http:\/\/kasinobonus.ai.dedivirt842.your-server.de\/ilmaiskierrokset\/"},"modified":"2025-07-13T20:40:20","modified_gmt":"2025-07-13T20:40:20","slug":"gratisspinn","status":"publish","type":"page","link":"https:\/\/www.kasinobonus.ai\/no\/gratisspinn\/","title":{"rendered":"Gratisspinn"},"content":{"rendered":"\n<h1 class=\"wp-block-heading\">Gratisspinn Uten Innskudd i Norge<\/h1>\n\n\n\n<p>Hvis du leter etter de beste gratisspinn-tilbudene i Norge, er du p\u00e5 rett sted! Nettkasinoer tilbyr <em>ofte <\/em>gratisspinn, slik at du kan pr\u00f8ve de nyeste spilleautomatene uten \u00e5 risikere mye av dine egne penger (eller noen i det hele tatt).&nbsp;<\/p>\n\n\n\n<p>Enten du er en erfaren spiller som har som m\u00e5l \u00e5 maksimere bonusene dine eller en ny spiller som h\u00e5per \u00e5 f\u00e5 noen gratisspinn f\u00f8r du gj\u00f8r et ekte innskudd, har denne siden noe for deg!<\/p>\n\n\n\n<h2 class=\"wp-block-heading\">Topp kasinoer uten innskudd med gratisspinn 2025<\/h2>\n\n\n\n<p>Det \u00e5 kreve gratisspinn er enkelt \u2013 bare registrer deg p\u00e5 et av kasinoene som er oppf\u00f8rt nedenfor, og du vil f\u00e5 tilgang til noen gener\u00f8se gratisspinn-kampanjer! Noen av disse bonusene kan kreve et innskudd, mens andre lar deg kreve spinn gratis.<\/p>\n\n\n<p>[brand_table template=&#8221;table_style_1.php&#8221; country=&#8221;NO&#8221; bonus_type=&#8221;no_deposit&#8221;]<\/p>\n\n\n\n<p>Hvis du oppdager et kasino eller gratisspinn-kampanje du liker, klikker du bare p\u00e5 &#8220;Spill n\u00e5&#8221;-knappen for \u00e5 komme direkte til casinoets registreringsside.<\/p>\n\n\n\n<figure class=\"wp-block-image size-full\"><img decoding=\"async\" width=\"1000\" height=\"666\" src=\"https:\/\/www.kasinobonus.ai\/wp-content\/uploads\/2025\/07\/Gratisspinn.jpg\" alt=\"Gratisspinn\" class=\"wp-image-33325\" srcset=\"https:\/\/www.kasinobonus.ai\/wp-content\/uploads\/2025\/07\/Gratisspinn.jpg 1000w, https:\/\/www.kasinobonus.ai\/wp-content\/uploads\/2025\/07\/Gratisspinn-300x200.jpg 300w, https:\/\/www.kasinobonus.ai\/wp-content\/uploads\/2025\/07\/Gratisspinn-768x511.jpg 768w, https:\/\/www.kasinobonus.ai\/wp-content\/uploads\/2025\/07\/Gratisspinn-110x73.jpg 110w, https:\/\/www.kasinobonus.ai\/wp-content\/uploads\/2025\/07\/Gratisspinn-575x383.jpg 575w\" sizes=\"(max-width: 1000px) 100vw, 1000px\" \/><\/figure>\n\n\n\n<h2 class=\"wp-block-heading\"><strong>Hvordan fungerer gratisspinn<\/strong><\/h2>\n\n\n\n<p><em>&#8220;Gratisspinn lar deg snurre hjulene til et spilleautomat uten \u00e5 bruke dine egne penger. Kasinoer tilbyr gratisspinn som en del av sine kampanjer, enten som velkomsttilbud eller spesielle bonuser. For eksempel kan du f\u00e5<\/em> <a class=\"\" href=\"https:\/\/www.kasinobonus.ai\/no\/10-gratisspinn-uten-innskudd\/\">10 Gratisspinn Uten Innskudd<\/a> <em>bare for \u00e5 registrere deg, eller dra nytte av st\u00f8rre kampanjer som<\/em> <a class=\"\" href=\"https:\/\/www.kasinobonus.ai\/no\/50-gratis-spinn-uten-innskudd\/\">50 Gratis Spinn Uten Innskudd<\/a> <em>eller til og med<\/em> <a class=\"\" href=\"https:\/\/www.kasinobonus.ai\/no\/100-gratis-spinn-uten-innskudd\/\">100 Gratis Spinn Uten Innskudd<\/a>.&#8221;*<\/p>\n\n\n\n<hr class=\"wp-block-separator has-alpha-channel-opacity\"\/>\n\n\n\n<h3 class=\"wp-block-heading\"><strong>Types gratisspinn<\/strong><\/h3>\n\n\n\n<h4 class=\"wp-block-heading\"><strong>Gratisspinn uten innskudd<\/strong><\/h4>\n\n\n\n<p><em>&#8220;En av de mest popul\u00e6re formene for gratisspinn er de som gis uten krav om innskudd. Noen kasinoer tilbyr sm\u00e5 mengder, som<\/em> <a class=\"\" href=\"https:\/\/www.kasinobonus.ai\/no\/10-gratisspinn-uten-innskudd\/\">10 Gratisspinn Uten Innskudd<\/a> <em>eller<\/em> <a class=\"\" href=\"https:\/\/www.kasinobonus.ai\/no\/20-gratisspinn-uten-innskudd\/\">20 Gratisspinn Uten Innskudd<\/a>, <em>mens andre gir mer gener\u00f8se bel\u00f8nninger, som<\/em> <a class=\"\" href=\"https:\/\/www.kasinobonus.ai\/no\/30-gratis-spinn-uten-innskudd\/\">30 Gratis Spinn Uten Innskudd<\/a> <em>eller til og med<\/em> <a class=\"\" href=\"https:\/\/www.kasinobonus.ai\/no\/50-gratis-spinn-uten-innskudd\/\">50 Gratis Spinn Uten Innskudd<\/a>.&#8221;*<\/p>\n\n\n\n<h4 class=\"wp-block-heading\"><strong>Innskuddsbaserte gratisspinn<\/strong><\/h4>\n\n\n\n<p><em>&#8220;Dersom du er villig til \u00e5 gj\u00f8re et lite innskudd, kan du motta langt flere gratisspinn. For eksempel kan et kasino gi deg<\/em> <a class=\"\" href=\"https:\/\/www.kasinobonus.ai\/no\/60-gratisspinn-uten-innskudd\/\">60 Gratisspinn Uten Innskudd<\/a> <em>som en del av en innskuddsbonus, mens andre kan tilby hele<\/em> <a class=\"\" href=\"https:\/\/www.kasinobonus.ai\/no\/200-gratis-spinn-uten-innskudd\/\">200 Gratis Spinn Uten Innskudd<\/a>.&#8221;*<\/p>\n\n\n\n<h4 class=\"wp-block-heading\"><strong>H\u00f8yverdige gratisspinn-tilbud<\/strong><\/h4>\n\n\n\n<p><em>&#8220;For de som \u00f8nsker \u00e5 spille mye uten \u00e5 bruke egne penger, finnes det ogs\u00e5 storsl\u00e5tte kampanjer. Noen kasinoer tilbyr opptil<\/em> <a class=\"\" href=\"https:\/\/www.kasinobonus.ai\/no\/500-gratis-spinn-uten-innskudd\/\">500 Gratis Spinn Uten Innskudd<\/a> <em>til lojale spillere eller som en del av eksklusive kampanjer.&#8221;<\/em><\/p>\n\n\n\n<hr class=\"wp-block-separator has-alpha-channel-opacity\"\/>\n\n\n\n<h3 class=\"wp-block-heading\"><strong>Vilk\u00e5r og betingelser for gratisspinn<\/strong><\/h3>\n\n\n\n<p><em>&#8220;Det er viktig \u00e5 forst\u00e5 betingelsene for gratisspinn f\u00f8r du benytter deg av et tilbud. Noen bonuser, som<\/em> <a class=\"\" href=\"https:\/\/www.kasinobonus.ai\/no\/gratisspinn-uten-omsetningskrav\/\">Gratisspinn Uten Omsetningskrav<\/a>, <em>lar deg ta ut gevinstene dine umiddelbart, mens andre kan ha omsetningskrav. Hvis du for eksempel vinner 200 kr fra<\/em> <a class=\"\" href=\"https:\/\/www.kasinobonus.ai\/no\/25-gratisspinn-uten-innskudd\/\">25 Gratisspinn Uten Innskudd<\/a>, <em>kan det v\u00e6re at du m\u00e5 omsette bel\u00f8pet 35 ganger f\u00f8r uttak.&#8221;<\/em><\/p>\n\n\n\n<h2 class=\"wp-block-heading\">Popul\u00e6re spilleautomater med gratisspinn-bonus<\/h2>\n\n\n\n<figure class=\"wp-block-table\"><table class=\"has-fixed-layout\"><thead><tr><th>Popul\u00e6r spilleautomat<\/th><th>Spilleverand\u00f8r<\/th><th>Gratisspinn (Bonus)<\/th><th>RTP<\/th><th>Casino<\/th><\/tr><\/thead><tbody><tr><td>Sweet\u202fBonanza<\/td><td>Pragmatic\u202fPlay<\/td><td>20 gratisspinn<\/td><td>96,51\u202f%<\/td><td>Rollino<\/td><\/tr><tr><td>Book\u202fof\u202fMuseum<\/td><td>GameArt<\/td><td>25 gratisspinn<\/td><td>96,10\u202f%<\/td><td>Horus Casino<\/td><\/tr><tr><td>Angry\u202fDogs<\/td><td>GameArt<\/td><td>25 gratisspinn<\/td><td>96,36\u202f%<\/td><td>Kryptosino<\/td><\/tr><tr><td>Hollywoof<\/td><td>GameArt<\/td><td>25 gratisspinn<\/td><td>96,10\u202f%<\/td><td>Vegaz Casino<\/td><\/tr><tr><td>Sweet\u202fBonanza<\/td><td>Pragmatic\u202fPlay<\/td><td>30 gratisspinn<\/td><td>96,51\u202f%<\/td><td>Megapari<\/td><\/tr><tr><td>Book\u202fof\u202fDead<\/td><td>Play\u2019n\u202fGO<\/td><td>25 gratisspinn<\/td><td>96,21\u202f%<\/td><td>BetMaximus<\/td><\/tr><tr><td>Ruby Win \u2013 Hold the Spin<\/td><td>Gamzix<\/td><td>25 gratisspinn<\/td><td>96,00\u202f%<\/td><td>LevelUp Casino<\/td><\/tr><tr><td>Joker Stoker<\/td><td>Endorphina<\/td><td>100 gratisspinn<\/td><td>96,00\u202f%<\/td><td>BetFury<\/td><\/tr><tr><td>Bastet and Cats<\/td><td>Betfury<\/td><td>100 gratisspinn<\/td><td>96,20\u202f%<\/td><td>BetFury<\/td><\/tr><tr><td>Doors Of Fresh<\/td><td>BGaming<\/td><td>50 gratisspinn<\/td><td>96,85\u202f%<\/td><td>Fresh Casino<\/td><\/tr><tr><td>Gates of Olympus<\/td><td>Pragmatic\u202fPlay<\/td><td>50 gratisspinn<\/td><td>96,50\u202f%<\/td><td>Campeonbet<\/td><\/tr><tr><td>Alien Fruits<\/td><td>BGaming<\/td><td>50 gratisspinn<\/td><td>97,00\u202f%<\/td><td>Drip Casino<\/td><\/tr><\/tbody><\/table><\/figure>\n\n\n\n<h2 class=\"wp-block-heading\"><strong>Fordeler og Ulemper<\/strong><\/h2>\n\n\n\n<figure class=\"wp-block-image size-full\"><img decoding=\"async\" width=\"1000\" height=\"666\" src=\"https:\/\/www.kasinobonus.ai\/wp-content\/uploads\/2025\/06\/KB-Gratisspinn.jpg\" alt=\"Gratisspinn\" class=\"wp-image-29887\" srcset=\"https:\/\/www.kasinobonus.ai\/wp-content\/uploads\/2025\/06\/KB-Gratisspinn.jpg 1000w, https:\/\/www.kasinobonus.ai\/wp-content\/uploads\/2025\/06\/KB-Gratisspinn-300x200.jpg 300w, https:\/\/www.kasinobonus.ai\/wp-content\/uploads\/2025\/06\/KB-Gratisspinn-768x511.jpg 768w, https:\/\/www.kasinobonus.ai\/wp-content\/uploads\/2025\/06\/KB-Gratisspinn-110x73.jpg 110w, https:\/\/www.kasinobonus.ai\/wp-content\/uploads\/2025\/06\/KB-Gratisspinn-575x383.jpg 575w\" sizes=\"(max-width: 1000px) 100vw, 1000px\" \/><\/figure>\n\n\n\n<div class=\"wp-block-columns is-layout-flex wp-container-core-columns-is-layout-28f84493 wp-block-columns-is-layout-flex\">\n<div class=\"wp-block-column is-layout-flow wp-block-column-is-layout-flow\">\n<h3 class=\"wp-block-heading\">\u2705 Fordeler<\/h3>\n\n\n\n<ul class=\"wp-block-list\">\n<li>\u2705 Pr\u00f8v spilleautomater uten \u00e5 risikere dine egne penger<\/li>\n\n\n\n<li>\u2705 Tilbud uten innskudd tilgjengelig hos mange kasinoer<\/li>\n\n\n\n<li>\u2705 Sjanse til \u00e5 vinne ekte penger uten investering<\/li>\n\n\n\n<li>\u2705 God m\u00e5te \u00e5 utforske nye spill og leverand\u00f8rer<\/li>\n\n\n\n<li>\u2705 Nyttig for \u00e5 l\u00e6re hvordan spilleautomater fungerer<\/li>\n<\/ul>\n<\/div>\n\n\n\n<div class=\"wp-block-column is-layout-flow wp-block-column-is-layout-flow\">\n<h3 class=\"wp-block-heading\">\u274c Ulemper<\/h3>\n\n\n\n<ul class=\"wp-block-list\">\n<li>\u274c Omsetningskrav f\u00f8r uttak<\/li>\n\n\n\n<li>\u274c Ofte begrenset til bestemte spilleautomater<\/li>\n\n\n\n<li>\u274c Maksimale gevinst- eller uttaksgrenser gjelder<\/li>\n\n\n\n<li>\u274c Gratisspinn utl\u00f8per vanligvis innen 24\u201372 timer<\/li>\n\n\n\n<li>\u274c Bonusvilk\u00e5rene kan v\u00e6re strenge eller forvirrende<\/li>\n<\/ul>\n<\/div>\n<\/div>\n\n\n\n<h2 class=\"wp-block-heading\" id=\"tw-target-text\">Ansvarlige spillressurser<\/h2>\n\n\n\n<ul class=\"wp-block-list\">\n<li><a href=\"https:\/\/www.lottstift.no\/\">https:\/\/www.lottstift.no\/<\/a><\/li>\n\n\n\n<li><a href=\"https:\/\/www.hjelpelinjen.no\/\">https:\/\/www.hjelpelinjen.no\/<\/a><\/li>\n\n\n\n<li><a href=\"https:\/\/www.spillkontroll.no\/\">https:\/\/www.spillkontroll.no\/<\/a><\/li>\n\n\n\n<li><a href=\"https:\/\/www.blakors.no\/\">https:\/\/www.blakors.no\/<\/a><\/li>\n\n\n\n<li><a href=\"https:\/\/www.spillavhengighet.no\/\">https:\/\/www.spillavhengighet.no\/<\/a><\/li>\n<\/ul>\n","protected":false},"excerpt":{"rendered":"<p>Gratisspinn Uten Innskudd i Norge Hvis du leter etter de beste gratisspinn-tilbudene i Norge, er du p\u00e5 rett sted! Nettkasinoer tilbyr ofte gratisspinn, slik at du kan pr\u00f8ve de nyeste spilleautomatene uten \u00e5 risikere mye av dine egne penger (eller noen i det hele tatt).&nbsp; Enten du er en erfaren spiller som har som m\u00e5l [&hellip;]<\/p>\n","protected":false},"author":1,"featured_media":9991,"parent":0,"menu_order":0,"comment_status":"open","ping_status":"closed","template":"","meta":{"inline_featured_image":false,"footnotes":""},"class_list":["post-9131","page","type-page","status-publish","has-post-thumbnail","hentry"],"yoast_head":"<!-- This site is optimized with the Yoast SEO plugin v24.5 - https:\/\/yoast.com\/wordpress\/plugins\/seo\/ -->\n<title>Gratisspinn Uten Innskudd i Norge (2025) - www.kasinobonus.ai<\/title>\n<meta name=\"description\" content=\"Gratisspinn i 2025: Her finner du de beste tilbudene og kasinoene p\u00e5 markedet. Begynn \u00e5 vinne n\u00e5!\" \/>\n<meta name=\"robots\" content=\"index, follow, max-snippet:-1, max-image-preview:large, max-video-preview:-1\" \/>\n<link rel=\"canonical\" href=\"https:\/\/www.kasinobonus.ai\/no\/gratisspinn\/\" \/>\n<script type=\"application\/ld+json\" class=\"yoast-schema-graph\">{\"@context\":\"https:\/\/schema.org\",\"@graph\":[{\"@type\":\"WebPage\",\"@id\":\"https:\/\/www.kasinobonus.ai\/no\/gratisspinn\/\",\"url\":\"https:\/\/www.kasinobonus.ai\/no\/gratisspinn\/\",\"name\":\"Gratisspinn Uten Innskudd i Norge (2025) - www.kasinobonus.ai\",\"isPartOf\":{\"@id\":\"https:\/\/www.kasinobonus.ai\/no\/#website\"},\"primaryImageOfPage\":{\"@id\":\"https:\/\/www.kasinobonus.ai\/no\/gratisspinn\/#primaryimage\"},\"image\":{\"@id\":\"https:\/\/www.kasinobonus.ai\/no\/gratisspinn\/#primaryimage\"},\"thumbnailUrl\":\"https:\/\/www.kasinobonus.ai\/wp-content\/uploads\/2023\/12\/gratis_spinn_til_nettkasinoer.jpg\",\"datePublished\":\"2023-08-29T13:49:51+00:00\",\"dateModified\":\"2025-07-13T20:40:20+00:00\",\"description\":\"Gratisspinn i 2025: Her finner du de beste tilbudene og kasinoene p\u00e5 markedet. Begynn \u00e5 vinne n\u00e5!\",\"breadcrumb\":{\"@id\":\"https:\/\/www.kasinobonus.ai\/no\/gratisspinn\/#breadcrumb\"},\"inLanguage\":\"no-NO\",\"potentialAction\":[{\"@type\":\"ReadAction\",\"target\":[\"https:\/\/www.kasinobonus.ai\/no\/gratisspinn\/\"]}]},{\"@type\":\"ImageObject\",\"inLanguage\":\"no-NO\",\"@id\":\"https:\/\/www.kasinobonus.ai\/no\/gratisspinn\/#primaryimage\",\"url\":\"https:\/\/www.kasinobonus.ai\/wp-content\/uploads\/2023\/12\/gratis_spinn_til_nettkasinoer.jpg\",\"contentUrl\":\"https:\/\/www.kasinobonus.ai\/wp-content\/uploads\/2023\/12\/gratis_spinn_til_nettkasinoer.jpg\",\"width\":1200,\"height\":628,\"caption\":\"gratis spinn til nettkasinoer\"},{\"@type\":\"BreadcrumbList\",\"@id\":\"https:\/\/www.kasinobonus.ai\/no\/gratisspinn\/#breadcrumb\",\"itemListElement\":[{\"@type\":\"ListItem\",\"position\":1,\"name\":\"Home\",\"item\":\"https:\/\/kasinobonus.ai\/no\/\"},{\"@type\":\"ListItem\",\"position\":2,\"name\":\"Gratisspinn\"}]},{\"@type\":\"WebSite\",\"@id\":\"https:\/\/www.kasinobonus.ai\/no\/#website\",\"url\":\"https:\/\/www.kasinobonus.ai\/no\/\",\"name\":\"www.kasinobonus.ai\",\"description\":\"\",\"publisher\":{\"@id\":\"https:\/\/www.kasinobonus.ai\/no\/#organization\"},\"potentialAction\":[{\"@type\":\"SearchAction\",\"target\":{\"@type\":\"EntryPoint\",\"urlTemplate\":\"https:\/\/www.kasinobonus.ai\/no\/?s={search_term_string}\"},\"query-input\":{\"@type\":\"PropertyValueSpecification\",\"valueRequired\":true,\"valueName\":\"search_term_string\"}}],\"inLanguage\":\"no-NO\"},{\"@type\":\"Organization\",\"@id\":\"https:\/\/www.kasinobonus.ai\/no\/#organization\",\"name\":\"KasinoBonus\",\"alternateName\":\"KasinoBonusAI\",\"url\":\"https:\/\/www.kasinobonus.ai\/no\/\",\"logo\":{\"@type\":\"ImageObject\",\"inLanguage\":\"no-NO\",\"@id\":\"https:\/\/www.kasinobonus.ai\/no\/#\/schema\/logo\/image\/\",\"url\":\"https:\/\/www.kasinobonus.ai\/wp-content\/uploads\/2023\/09\/kasinobonus-logo-light.png\",\"contentUrl\":\"https:\/\/www.kasinobonus.ai\/wp-content\/uploads\/2023\/09\/kasinobonus-logo-light.png\",\"width\":3200,\"height\":596,\"caption\":\"KasinoBonus\"},\"image\":{\"@id\":\"https:\/\/www.kasinobonus.ai\/no\/#\/schema\/logo\/image\/\"},\"sameAs\":[\"https:\/\/www.facebook.com\/kasinobonusio\/\",\"https:\/\/x.com\/Kasinobonus_io\",\"https:\/\/www.linkedin.com\/in\/matti-slotte-26612033b\",\"http:\/\/kasinobonus.wikidot.com\/system:welcome\",\"https:\/\/www.trustpilot.com\/review\/www.kasinobonus.ai\",\"https:\/\/orcid.org\/0009-0007-2889-1713\",\"https:\/\/en.everybodywiki.com\/Matti_Slotte\",\"https:\/\/www.immuniweb.com\/ssl\/kasinobonus.ai\/M4lqCqYY\/\"]}]}<\/script>\n<!-- \/ Yoast SEO plugin. -->","yoast_head_json":{"title":"Gratisspinn Uten Innskudd i Norge (2025) - www.kasinobonus.ai","description":"Gratisspinn i 2025: Her finner du de beste tilbudene og kasinoene p\u00e5 markedet. Begynn \u00e5 vinne n\u00e5!","robots":{"index":"index","follow":"follow","max-snippet":"max-snippet:-1","max-image-preview":"max-image-preview:large","max-video-preview":"max-video-preview:-1"},"canonical":"https:\/\/www.kasinobonus.ai\/no\/gratisspinn\/","schema":{"@context":"https:\/\/schema.org","@graph":[{"@type":"WebPage","@id":"https:\/\/www.kasinobonus.ai\/no\/gratisspinn\/","url":"https:\/\/www.kasinobonus.ai\/no\/gratisspinn\/","name":"Gratisspinn Uten Innskudd i Norge (2025) - www.kasinobonus.ai","isPartOf":{"@id":"https:\/\/www.kasinobonus.ai\/no\/#website"},"primaryImageOfPage":{"@id":"https:\/\/www.kasinobonus.ai\/no\/gratisspinn\/#primaryimage"},"image":{"@id":"https:\/\/www.kasinobonus.ai\/no\/gratisspinn\/#primaryimage"},"thumbnailUrl":"https:\/\/www.kasinobonus.ai\/wp-content\/uploads\/2023\/12\/gratis_spinn_til_nettkasinoer.jpg","datePublished":"2023-08-29T13:49:51+00:00","dateModified":"2025-07-13T20:40:20+00:00","description":"Gratisspinn i 2025: Her finner du de beste tilbudene og kasinoene p\u00e5 markedet. Begynn \u00e5 vinne n\u00e5!","breadcrumb":{"@id":"https:\/\/www.kasinobonus.ai\/no\/gratisspinn\/#breadcrumb"},"inLanguage":"no-NO","potentialAction":[{"@type":"ReadAction","target":["https:\/\/www.kasinobonus.ai\/no\/gratisspinn\/"]}]},{"@type":"ImageObject","inLanguage":"no-NO","@id":"https:\/\/www.kasinobonus.ai\/no\/gratisspinn\/#primaryimage","url":"https:\/\/www.kasinobonus.ai\/wp-content\/uploads\/2023\/12\/gratis_spinn_til_nettkasinoer.jpg","contentUrl":"https:\/\/www.kasinobonus.ai\/wp-content\/uploads\/2023\/12\/gratis_spinn_til_nettkasinoer.jpg","width":1200,"height":628,"caption":"gratis spinn til nettkasinoer"},{"@type":"BreadcrumbList","@id":"https:\/\/www.kasinobonus.ai\/no\/gratisspinn\/#breadcrumb","itemListElement":[{"@type":"ListItem","position":1,"name":"Home","item":"https:\/\/kasinobonus.ai\/no\/"},{"@type":"ListItem","position":2,"name":"Gratisspinn"}]},{"@type":"WebSite","@id":"https:\/\/www.kasinobonus.ai\/no\/#website","url":"https:\/\/www.kasinobonus.ai\/no\/","name":"www.kasinobonus.ai","description":"","publisher":{"@id":"https:\/\/www.kasinobonus.ai\/no\/#organization"},"potentialAction":[{"@type":"SearchAction","target":{"@type":"EntryPoint","urlTemplate":"https:\/\/www.kasinobonus.ai\/no\/?s={search_term_string}"},"query-input":{"@type":"PropertyValueSpecification","valueRequired":true,"valueName":"search_term_string"}}],"inLanguage":"no-NO"},{"@type":"Organization","@id":"https:\/\/www.kasinobonus.ai\/no\/#organization","name":"KasinoBonus","alternateName":"KasinoBonusAI","url":"https:\/\/www.kasinobonus.ai\/no\/","logo":{"@type":"ImageObject","inLanguage":"no-NO","@id":"https:\/\/www.kasinobonus.ai\/no\/#\/schema\/logo\/image\/","url":"https:\/\/www.kasinobonus.ai\/wp-content\/uploads\/2023\/09\/kasinobonus-logo-light.png","contentUrl":"https:\/\/www.kasinobonus.ai\/wp-content\/uploads\/2023\/09\/kasinobonus-logo-light.png","width":3200,"height":596,"caption":"KasinoBonus"},"image":{"@id":"https:\/\/www.kasinobonus.ai\/no\/#\/schema\/logo\/image\/"},"sameAs":["https:\/\/www.facebook.com\/kasinobonusio\/","https:\/\/x.com\/Kasinobonus_io","https:\/\/www.linkedin.com\/in\/matti-slotte-26612033b","http:\/\/kasinobonus.wikidot.com\/system:welcome","https:\/\/www.trustpilot.com\/review\/www.kasinobonus.ai","https:\/\/orcid.org\/0009-0007-2889-1713","https:\/\/en.everybodywiki.com\/Matti_Slotte","https:\/\/www.immuniweb.com\/ssl\/kasinobonus.ai\/M4lqCqYY\/"]}]}},"_links":{"self":[{"href":"https:\/\/www.kasinobonus.ai\/no\/wp-json\/wp\/v2\/pages\/9131","targetHints":{"allow":["GET"]}}],"collection":[{"href":"https:\/\/www.kasinobonus.ai\/no\/wp-json\/wp\/v2\/pages"}],"about":[{"href":"https:\/\/www.kasinobonus.ai\/no\/wp-json\/wp\/v2\/types\/page"}],"author":[{"embeddable":true,"href":"https:\/\/www.kasinobonus.ai\/no\/wp-json\/wp\/v2\/users\/1"}],"replies":[{"embeddable":true,"href":"https:\/\/www.kasinobonus.ai\/no\/wp-json\/wp\/v2\/comments?post=9131"}],"version-history":[{"count":3,"href":"https:\/\/www.kasinobonus.ai\/no\/wp-json\/wp\/v2\/pages\/9131\/revisions"}],"predecessor-version":[{"id":33531,"href":"https:\/\/www.kasinobonus.ai\/no\/wp-json\/wp\/v2\/pages\/9131\/revisions\/33531"}],"wp:featuredmedia":[{"embeddable":true,"href":"https:\/\/www.kasinobonus.ai\/no\/wp-json\/wp\/v2\/media\/9991"}],"wp:attachment":[{"href":"https:\/\/www.kasinobonus.ai\/no\/wp-json\/wp\/v2\/media?parent=9131"}],"curies":[{"name":"wp","href":"https:\/\/api.w.org\/{rel}","templated":true}]}}