{"id":9124,"date":"2023-08-29T13:50:04","date_gmt":"2023-08-29T13:50:04","guid":{"rendered":"http:\/\/kasinobonus.ai.dedivirt842.your-server.de\/ilmaista-pelirahaa\/"},"modified":"2025-07-13T20:41:58","modified_gmt":"2025-07-13T20:41:58","slug":"gratis-spillepenger","status":"publish","type":"page","link":"https:\/\/www.kasinobonus.ai\/no\/gratis-spillepenger\/","title":{"rendered":"Gratis Spillepenger"},"content":{"rendered":"\n<h1 class=\"wp-block-heading\">Gratis Spillepenger <\/h1>\n\n\n\n<p>Gratis Spillepenger er en av de beste metodene for \u00e5 pr\u00f8ve ut nettkasinoer uten \u00e5 risikere dine egne penger! Gratis free play-penger, enten som en del av en bonus uten innskudd, et lojalitetsincentiv eller et kampanjetilbud, er noe ingen vil g\u00e5 glipp av!Heldigvis tilbyr <em>dusinvis<\/em> av kasinoer gratis bonuspenger for \u00e5 lokke nye spillere \u2013 eller holde eksisterende forn\u00f8yde! Det finnes mange forskjellige <em>typer<\/em>, og p\u00e5 denne siden vil jeg lede deg gjennom noen av de beste gratispengebonusene, vise deg de beste kasinoene, og til og med avsl\u00f8re mine beste anbefalinger for \u00e5 dra nytte av disse kampanjene!<\/p>\n\n\n\n<h2 class=\"wp-block-heading\">Norske kasino tilbyr gratisbonuser&nbsp;2025<\/h2>\n\n\n\n<p>Finding casinos that offer Gratis Spillepenger isn\u2019t always easy: you\u2019ll often find many sites offering no-deposit bonuses or free spins instead. However, if you know where to look, these bonuses can still be found. In the table below, you can find the best free money bonuses currently available:<br>Det er ikke alltid lett \u00e5 finne casinoer som gir gratisfree play-penger; i stedet tilbyr mange nettsteder bonuser uten innskudd eller gratisspinn. Men hvis du vet hvor du skal s\u00f8ke, er disse fordelene fortsatt tilgjengelige. Tabellen nedenfor viser de beste free play-pengebonusene som er tilgjengelige for \u00f8yeblikket:<\/p>\n\n\n<p>[brand_table template=&#8221;table_style_1.php&#8221; country=&#8221;NO&#8221; bonus_type=&#8221;no_deposit&#8221;]<\/p>\n\n\n\n<p>Hvis du ser et kasino du liker utseendet til, trykk &#8220;Spill n\u00e5&#8221; og krev bonusen din!<\/p>\n\n\n\n<figure class=\"wp-block-image size-full\"><img decoding=\"async\" width=\"1000\" height=\"666\" src=\"https:\/\/www.kasinobonus.ai\/wp-content\/uploads\/2025\/07\/Gratis-Spillepenger.jpg\" alt=\"Gratis Spillepenger\" class=\"wp-image-33433\" srcset=\"https:\/\/www.kasinobonus.ai\/wp-content\/uploads\/2025\/07\/Gratis-Spillepenger.jpg 1000w, https:\/\/www.kasinobonus.ai\/wp-content\/uploads\/2025\/07\/Gratis-Spillepenger-300x200.jpg 300w, https:\/\/www.kasinobonus.ai\/wp-content\/uploads\/2025\/07\/Gratis-Spillepenger-768x511.jpg 768w, https:\/\/www.kasinobonus.ai\/wp-content\/uploads\/2025\/07\/Gratis-Spillepenger-110x73.jpg 110w, https:\/\/www.kasinobonus.ai\/wp-content\/uploads\/2025\/07\/Gratis-Spillepenger-575x383.jpg 575w\" sizes=\"(max-width: 1000px) 100vw, 1000px\" \/><\/figure>\n\n\n\n<h2 class=\"wp-block-heading\"><strong>Hvordan vi velger og vurderer nettkasino<\/strong><\/h2>\n\n\n\n<p><em>&#8220;N\u00e5r vi analyserer kasinoer som gir gratis bonuspenger, vurderer vi mange kritiske elementer for \u00e5 garantere den beste opplevelsen for spillerne. Det f\u00f8rste kriteriet er lisensiering \u2013 ethvert kasino vi anbefaler m\u00e5 v\u00e6re regulert av en p\u00e5litelig myndighet som UK Gambling Commission eller Malta Gaming Authority. I tillegg ser vi p\u00e5 spillutvalg og programvareleverand\u00f8rer, fordi et bredt spillutvalg gir flere muligheter til \u00e5 bruke<\/em> <a class=\"\" href=\"https:\/\/www.kasinobonus.ai\/no\/gratis-spillepenger-uten-innskudd\/\">Gratis Spillepenger Uten Innskudd<\/a>.&#8221;*<\/p>\n\n\n\n<p><em>&#8220;Andre viktige faktorer inkluderer bonusvilk\u00e5r, utbetalingshastigheter og kvaliteten p\u00e5 kundest\u00f8tte. Noen kasinoer tilbyr sm\u00e5 bel\u00f8p som<\/em> <a class=\"\" href=\"https:\/\/www.kasinobonus.ai\/no\/50-kr-gratis-spillepenger-uten-innskudd\/\">50 kr Gratis Spillepenger Uten Innskudd<\/a> <em>eller<\/em> <a class=\"\" href=\"https:\/\/www.kasinobonus.ai\/no\/80-kr-gratis-spillepenger-uten-innskudd\/\">80 kr Gratis Spillepenger Uten Innskudd<\/a>, <em>mens andre gir st\u00f8rre bonuser, for eksempel<\/em> <a class=\"\" href=\"https:\/\/www.kasinobonus.ai\/no\/100-kr-gratis-spillepenger-uten-innskudd\/\">100 kr Gratis Spillepenger Uten Innskudd<\/a> <em>eller til og med<\/em> <a class=\"\" href=\"https:\/\/www.kasinobonus.ai\/no\/200-kr-gratis-spillepenger-uten-innskudd\/\">200 kr Gratis Spillepenger Uten Innskudd<\/a>.&#8221;*<\/p>\n\n\n\n<hr class=\"wp-block-separator has-alpha-channel-opacity\"\/>\n\n\n\n<h3 class=\"wp-block-heading\"><strong>Hvordan f\u00e5 mest mulig ut av gratis bonuser<\/strong><\/h3>\n\n\n\n<p><em>&#8220;For \u00e5 maksimere verdien av en gratis bonus, er det viktig \u00e5 forst\u00e5 vilk\u00e5rene. Mange av disse bonusene har omsetningskrav, s\u00e5 det l\u00f8nner seg \u00e5 velge spill med h\u00f8yest mulig RTP. Spilleautomater er ofte det beste valget, men noen kasinoer tillater ogs\u00e5 at du bruker<\/em> <a class=\"\" href=\"https:\/\/www.kasinobonus.ai\/no\/140-kr-gratis-spillepenger-uten-innskudd\/\">140 kr Gratis Spillepenger Uten Innskudd<\/a> <em>p\u00e5 bordspill. Sjekk alltid omsetningskrav, eventuelle spillekskluderinger og gevinstgrenser f\u00f8r du begynner \u00e5 spille.&#8221;<\/em><\/p>\n\n\n\n<h2 class=\"wp-block-heading\"><strong>Fordeler og Ulemper<\/strong><\/h2>\n\n\n\n<figure class=\"wp-block-image size-full\"><img decoding=\"async\" width=\"1000\" height=\"666\" src=\"https:\/\/www.kasinobonus.ai\/wp-content\/uploads\/2025\/06\/KB-Gratis-Spillepenger.jpg\" alt=\"Gratis Spillepenger\" class=\"wp-image-29910\" srcset=\"https:\/\/www.kasinobonus.ai\/wp-content\/uploads\/2025\/06\/KB-Gratis-Spillepenger.jpg 1000w, https:\/\/www.kasinobonus.ai\/wp-content\/uploads\/2025\/06\/KB-Gratis-Spillepenger-300x200.jpg 300w, https:\/\/www.kasinobonus.ai\/wp-content\/uploads\/2025\/06\/KB-Gratis-Spillepenger-768x511.jpg 768w, https:\/\/www.kasinobonus.ai\/wp-content\/uploads\/2025\/06\/KB-Gratis-Spillepenger-110x73.jpg 110w, https:\/\/www.kasinobonus.ai\/wp-content\/uploads\/2025\/06\/KB-Gratis-Spillepenger-575x383.jpg 575w\" sizes=\"(max-width: 1000px) 100vw, 1000px\" \/><\/figure>\n\n\n\n<div class=\"wp-block-columns is-layout-flex wp-container-core-columns-is-layout-28f84493 wp-block-columns-is-layout-flex\">\n<div class=\"wp-block-column is-layout-flow wp-block-column-is-layout-flow\">\n<h3 class=\"wp-block-heading\">\u2705 Fordeler<\/h3>\n\n\n\n<ul class=\"wp-block-list\">\n<li>\u2705 Perfekt for \u00e5 teste et casino uten \u00e5 bruke egne penger<\/li>\n\n\n\n<li>\u2705 Reell sjanse til \u00e5 vinne \u2013 ingen \u00f8konomisk risiko<\/li>\n\n\n\n<li>\u2705 Umiddelbar tilgang til spilleautomater eller spill etter registrering<\/li>\n\n\n\n<li>\u2705 Ingen forpliktelser: bare registrer deg og spill<\/li>\n\n\n\n<li>\u2705 Flott for \u00e5 utforske forskjellige plattformer og grensesnitt<\/li>\n<\/ul>\n<\/div>\n\n\n\n<div class=\"wp-block-column is-layout-flow wp-block-column-is-layout-flow\">\n<h3 class=\"wp-block-heading\">\u274c Ulemper<\/h3>\n\n\n\n<ul class=\"wp-block-list\">\n<li>\u274c Det gjelder vanligvis strenge omsetningskrav<\/li>\n\n\n\n<li>\u274c Maksimale gevinst- og uttaksgrenser er ofte ganske lave<\/li>\n\n\n\n<li>\u274c Bonusen kan v\u00e6re begrenset til bestemte spill<\/li>\n\n\n\n<li>\u274c Noen ganger kreves det et innskudd for \u00e5 ta ut gevinster<\/li>\n\n\n\n<li>\u274c Ikke alle bonuser uten innskudd er virkelig \u00abgratis\u00bb \u2013 les alltid det med liten skrift<\/li>\n<\/ul>\n<\/div>\n<\/div>\n\n\n\n<h2 class=\"wp-block-heading\">Beste gratis spilleautomater med ekte penger<\/h2>\n\n\n\n<figure class=\"wp-block-table\"><table class=\"has-fixed-layout\"><thead><tr><th>Spilleautomat<\/th><th>Spillutvikler<\/th><th>Gratisspinn<\/th><th>Verdi per spinn (\u20ac)<\/th><th>Totalverdi (\u20ac)<\/th><th>Vilk\u00e5r<\/th><th>Casino<\/th><\/tr><\/thead><tbody><tr><td>Alien Fruits<\/td><td>BGaming<\/td><td>50<\/td><td>0,10\u202f\u20ac<\/td><td>5,00\u202f\u20ac<\/td><td>Ingen omsetningskrav<\/td><td>Drip Casino<\/td><\/tr><tr><td>Gates of Olympus<\/td><td>Pragmatic Play<\/td><td>50<\/td><td>0,10\u202f\u20ac<\/td><td>5,00\u202f\u20ac<\/td><td>Ingen omsetningskrav<\/td><td>Campeonbet<\/td><\/tr><tr><td>Sweet Bonanza<\/td><td>Pragmatic Play<\/td><td>40<\/td><td>0,10\u202f\u20ac<\/td><td>4,00\u202f\u20ac<\/td><td>Kampanjekode: 40ZENBONUS<\/td><td>Campeonbet<\/td><\/tr><tr><td>Big Bass Bonanza<\/td><td>Pragmatic Play<\/td><td>30<\/td><td>0,10\u202f\u20ac<\/td><td>3,00\u202f\u20ac<\/td><td>Ingen innskudd, kun registrering<\/td><td>Campeonbet<\/td><\/tr><tr><td>Elvis Frog in Vegas<\/td><td>BGaming<\/td><td>25<\/td><td>0,10\u202f\u20ac<\/td><td>2,50\u202f\u20ac<\/td><td>Kun for nye spillere<\/td><td>Drip Casino<\/td><\/tr><tr><td>Book of Dead<\/td><td>Play\u2019n GO<\/td><td>20<\/td><td>0,10\u202f\u20ac<\/td><td>2,00\u202f\u20ac<\/td><td>Ingen innskudd, begrenset tilgjengelighet<\/td><td>Campeonbet<\/td><\/tr><\/tbody><\/table><\/figure>\n\n\n\n<h2 class=\"wp-block-heading\" id=\"tw-target-text\">Ansvarlige spillressurser<\/h2>\n\n\n\n<ul class=\"wp-block-list\">\n<li><a href=\"https:\/\/www.lottstift.no\/\">https:\/\/www.lottstift.no\/<\/a><\/li>\n\n\n\n<li><a href=\"https:\/\/www.hjelpelinjen.no\/\">https:\/\/www.hjelpelinjen.no\/<\/a><\/li>\n\n\n\n<li><a href=\"https:\/\/www.spillkontroll.no\/\">https:\/\/www.spillkontroll.no\/<\/a><\/li>\n\n\n\n<li><a href=\"https:\/\/www.blakors.no\/\">https:\/\/www.blakors.no\/<\/a><\/li>\n\n\n\n<li><a href=\"https:\/\/www.spillavhengighet.no\/\">https:\/\/www.spillavhengighet.no\/<\/a><\/li>\n<\/ul>\n","protected":false},"excerpt":{"rendered":"<p>Gratis Spillepenger Gratis Spillepenger er en av de beste metodene for \u00e5 pr\u00f8ve ut nettkasinoer uten \u00e5 risikere dine egne penger! Gratis free play-penger, enten som en del av en bonus uten innskudd, et lojalitetsincentiv eller et kampanjetilbud, er noe ingen vil g\u00e5 glipp av!Heldigvis tilbyr dusinvis av kasinoer gratis bonuspenger for \u00e5 lokke nye [&hellip;]<\/p>\n","protected":false},"author":1,"featured_media":10210,"parent":0,"menu_order":0,"comment_status":"open","ping_status":"closed","template":"","meta":{"inline_featured_image":false,"footnotes":""},"class_list":["post-9124","page","type-page","status-publish","has-post-thumbnail","hentry"],"yoast_head":"<!-- This site is optimized with the Yoast SEO plugin v24.5 - https:\/\/yoast.com\/wordpress\/plugins\/seo\/ -->\n<title>Gratis Spillepenger (2025) - www.kasinobonus.ai<\/title>\n<meta name=\"description\" content=\"Leter du etter gratis spillepenger for 2025? Utforsk de beste tilbudene og bonusene som lar deg spille uten risiko og vinne mer!\" \/>\n<meta name=\"robots\" content=\"index, follow, max-snippet:-1, max-image-preview:large, max-video-preview:-1\" \/>\n<link rel=\"canonical\" href=\"https:\/\/www.kasinobonus.ai\/no\/gratis-spillepenger\/\" \/>\n<script type=\"application\/ld+json\" class=\"yoast-schema-graph\">{\"@context\":\"https:\/\/schema.org\",\"@graph\":[{\"@type\":\"WebPage\",\"@id\":\"https:\/\/www.kasinobonus.ai\/no\/gratis-spillepenger\/\",\"url\":\"https:\/\/www.kasinobonus.ai\/no\/gratis-spillepenger\/\",\"name\":\"Gratis Spillepenger (2025) - www.kasinobonus.ai\",\"isPartOf\":{\"@id\":\"https:\/\/www.kasinobonus.ai\/no\/#website\"},\"primaryImageOfPage\":{\"@id\":\"https:\/\/www.kasinobonus.ai\/no\/gratis-spillepenger\/#primaryimage\"},\"image\":{\"@id\":\"https:\/\/www.kasinobonus.ai\/no\/gratis-spillepenger\/#primaryimage\"},\"thumbnailUrl\":\"https:\/\/www.kasinobonus.ai\/wp-content\/uploads\/2023\/12\/gratis-spillepenger.jpg\",\"datePublished\":\"2023-08-29T13:50:04+00:00\",\"dateModified\":\"2025-07-13T20:41:58+00:00\",\"description\":\"Leter du etter gratis spillepenger for 2025? Utforsk de beste tilbudene og bonusene som lar deg spille uten risiko og vinne mer!\",\"breadcrumb\":{\"@id\":\"https:\/\/www.kasinobonus.ai\/no\/gratis-spillepenger\/#breadcrumb\"},\"inLanguage\":\"no-NO\",\"potentialAction\":[{\"@type\":\"ReadAction\",\"target\":[\"https:\/\/www.kasinobonus.ai\/no\/gratis-spillepenger\/\"]}]},{\"@type\":\"ImageObject\",\"inLanguage\":\"no-NO\",\"@id\":\"https:\/\/www.kasinobonus.ai\/no\/gratis-spillepenger\/#primaryimage\",\"url\":\"https:\/\/www.kasinobonus.ai\/wp-content\/uploads\/2023\/12\/gratis-spillepenger.jpg\",\"contentUrl\":\"https:\/\/www.kasinobonus.ai\/wp-content\/uploads\/2023\/12\/gratis-spillepenger.jpg\",\"width\":1200,\"height\":628,\"caption\":\"gratis spillepenger\"},{\"@type\":\"BreadcrumbList\",\"@id\":\"https:\/\/www.kasinobonus.ai\/no\/gratis-spillepenger\/#breadcrumb\",\"itemListElement\":[{\"@type\":\"ListItem\",\"position\":1,\"name\":\"Home\",\"item\":\"https:\/\/kasinobonus.ai\/no\/\"},{\"@type\":\"ListItem\",\"position\":2,\"name\":\"Gratis Spillepenger\"}]},{\"@type\":\"WebSite\",\"@id\":\"https:\/\/www.kasinobonus.ai\/no\/#website\",\"url\":\"https:\/\/www.kasinobonus.ai\/no\/\",\"name\":\"www.kasinobonus.ai\",\"description\":\"\",\"publisher\":{\"@id\":\"https:\/\/www.kasinobonus.ai\/no\/#organization\"},\"potentialAction\":[{\"@type\":\"SearchAction\",\"target\":{\"@type\":\"EntryPoint\",\"urlTemplate\":\"https:\/\/www.kasinobonus.ai\/no\/?s={search_term_string}\"},\"query-input\":{\"@type\":\"PropertyValueSpecification\",\"valueRequired\":true,\"valueName\":\"search_term_string\"}}],\"inLanguage\":\"no-NO\"},{\"@type\":\"Organization\",\"@id\":\"https:\/\/www.kasinobonus.ai\/no\/#organization\",\"name\":\"KasinoBonus\",\"alternateName\":\"KasinoBonusAI\",\"url\":\"https:\/\/www.kasinobonus.ai\/no\/\",\"logo\":{\"@type\":\"ImageObject\",\"inLanguage\":\"no-NO\",\"@id\":\"https:\/\/www.kasinobonus.ai\/no\/#\/schema\/logo\/image\/\",\"url\":\"https:\/\/www.kasinobonus.ai\/wp-content\/uploads\/2023\/09\/kasinobonus-logo-light.png\",\"contentUrl\":\"https:\/\/www.kasinobonus.ai\/wp-content\/uploads\/2023\/09\/kasinobonus-logo-light.png\",\"width\":3200,\"height\":596,\"caption\":\"KasinoBonus\"},\"image\":{\"@id\":\"https:\/\/www.kasinobonus.ai\/no\/#\/schema\/logo\/image\/\"},\"sameAs\":[\"https:\/\/www.facebook.com\/kasinobonusio\/\",\"https:\/\/x.com\/Kasinobonus_io\",\"https:\/\/www.linkedin.com\/in\/matti-slotte-26612033b\",\"http:\/\/kasinobonus.wikidot.com\/system:welcome\",\"https:\/\/www.trustpilot.com\/review\/www.kasinobonus.ai\",\"https:\/\/orcid.org\/0009-0007-2889-1713\",\"https:\/\/en.everybodywiki.com\/Matti_Slotte\",\"https:\/\/www.immuniweb.com\/ssl\/kasinobonus.ai\/M4lqCqYY\/\"]}]}<\/script>\n<!-- \/ Yoast SEO plugin. -->","yoast_head_json":{"title":"Gratis Spillepenger (2025) - www.kasinobonus.ai","description":"Leter du etter gratis spillepenger for 2025? Utforsk de beste tilbudene og bonusene som lar deg spille uten risiko og vinne mer!","robots":{"index":"index","follow":"follow","max-snippet":"max-snippet:-1","max-image-preview":"max-image-preview:large","max-video-preview":"max-video-preview:-1"},"canonical":"https:\/\/www.kasinobonus.ai\/no\/gratis-spillepenger\/","schema":{"@context":"https:\/\/schema.org","@graph":[{"@type":"WebPage","@id":"https:\/\/www.kasinobonus.ai\/no\/gratis-spillepenger\/","url":"https:\/\/www.kasinobonus.ai\/no\/gratis-spillepenger\/","name":"Gratis Spillepenger (2025) - www.kasinobonus.ai","isPartOf":{"@id":"https:\/\/www.kasinobonus.ai\/no\/#website"},"primaryImageOfPage":{"@id":"https:\/\/www.kasinobonus.ai\/no\/gratis-spillepenger\/#primaryimage"},"image":{"@id":"https:\/\/www.kasinobonus.ai\/no\/gratis-spillepenger\/#primaryimage"},"thumbnailUrl":"https:\/\/www.kasinobonus.ai\/wp-content\/uploads\/2023\/12\/gratis-spillepenger.jpg","datePublished":"2023-08-29T13:50:04+00:00","dateModified":"2025-07-13T20:41:58+00:00","description":"Leter du etter gratis spillepenger for 2025? Utforsk de beste tilbudene og bonusene som lar deg spille uten risiko og vinne mer!","breadcrumb":{"@id":"https:\/\/www.kasinobonus.ai\/no\/gratis-spillepenger\/#breadcrumb"},"inLanguage":"no-NO","potentialAction":[{"@type":"ReadAction","target":["https:\/\/www.kasinobonus.ai\/no\/gratis-spillepenger\/"]}]},{"@type":"ImageObject","inLanguage":"no-NO","@id":"https:\/\/www.kasinobonus.ai\/no\/gratis-spillepenger\/#primaryimage","url":"https:\/\/www.kasinobonus.ai\/wp-content\/uploads\/2023\/12\/gratis-spillepenger.jpg","contentUrl":"https:\/\/www.kasinobonus.ai\/wp-content\/uploads\/2023\/12\/gratis-spillepenger.jpg","width":1200,"height":628,"caption":"gratis spillepenger"},{"@type":"BreadcrumbList","@id":"https:\/\/www.kasinobonus.ai\/no\/gratis-spillepenger\/#breadcrumb","itemListElement":[{"@type":"ListItem","position":1,"name":"Home","item":"https:\/\/kasinobonus.ai\/no\/"},{"@type":"ListItem","position":2,"name":"Gratis Spillepenger"}]},{"@type":"WebSite","@id":"https:\/\/www.kasinobonus.ai\/no\/#website","url":"https:\/\/www.kasinobonus.ai\/no\/","name":"www.kasinobonus.ai","description":"","publisher":{"@id":"https:\/\/www.kasinobonus.ai\/no\/#organization"},"potentialAction":[{"@type":"SearchAction","target":{"@type":"EntryPoint","urlTemplate":"https:\/\/www.kasinobonus.ai\/no\/?s={search_term_string}"},"query-input":{"@type":"PropertyValueSpecification","valueRequired":true,"valueName":"search_term_string"}}],"inLanguage":"no-NO"},{"@type":"Organization","@id":"https:\/\/www.kasinobonus.ai\/no\/#organization","name":"KasinoBonus","alternateName":"KasinoBonusAI","url":"https:\/\/www.kasinobonus.ai\/no\/","logo":{"@type":"ImageObject","inLanguage":"no-NO","@id":"https:\/\/www.kasinobonus.ai\/no\/#\/schema\/logo\/image\/","url":"https:\/\/www.kasinobonus.ai\/wp-content\/uploads\/2023\/09\/kasinobonus-logo-light.png","contentUrl":"https:\/\/www.kasinobonus.ai\/wp-content\/uploads\/2023\/09\/kasinobonus-logo-light.png","width":3200,"height":596,"caption":"KasinoBonus"},"image":{"@id":"https:\/\/www.kasinobonus.ai\/no\/#\/schema\/logo\/image\/"},"sameAs":["https:\/\/www.facebook.com\/kasinobonusio\/","https:\/\/x.com\/Kasinobonus_io","https:\/\/www.linkedin.com\/in\/matti-slotte-26612033b","http:\/\/kasinobonus.wikidot.com\/system:welcome","https:\/\/www.trustpilot.com\/review\/www.kasinobonus.ai","https:\/\/orcid.org\/0009-0007-2889-1713","https:\/\/en.everybodywiki.com\/Matti_Slotte","https:\/\/www.immuniweb.com\/ssl\/kasinobonus.ai\/M4lqCqYY\/"]}]}},"_links":{"self":[{"href":"https:\/\/www.kasinobonus.ai\/no\/wp-json\/wp\/v2\/pages\/9124","targetHints":{"allow":["GET"]}}],"collection":[{"href":"https:\/\/www.kasinobonus.ai\/no\/wp-json\/wp\/v2\/pages"}],"about":[{"href":"https:\/\/www.kasinobonus.ai\/no\/wp-json\/wp\/v2\/types\/page"}],"author":[{"embeddable":true,"href":"https:\/\/www.kasinobonus.ai\/no\/wp-json\/wp\/v2\/users\/1"}],"replies":[{"embeddable":true,"href":"https:\/\/www.kasinobonus.ai\/no\/wp-json\/wp\/v2\/comments?post=9124"}],"version-history":[{"count":3,"href":"https:\/\/www.kasinobonus.ai\/no\/wp-json\/wp\/v2\/pages\/9124\/revisions"}],"predecessor-version":[{"id":33543,"href":"https:\/\/www.kasinobonus.ai\/no\/wp-json\/wp\/v2\/pages\/9124\/revisions\/33543"}],"wp:featuredmedia":[{"embeddable":true,"href":"https:\/\/www.kasinobonus.ai\/no\/wp-json\/wp\/v2\/media\/10210"}],"wp:attachment":[{"href":"https:\/\/www.kasinobonus.ai\/no\/wp-json\/wp\/v2\/media?parent=9124"}],"curies":[{"name":"wp","href":"https:\/\/api.w.org\/{rel}","templated":true}]}}