{"id":9116,"date":"2023-08-29T13:50:19","date_gmt":"2023-08-29T13:50:19","guid":{"rendered":"http:\/\/kasinobonus.ai.dedivirt842.your-server.de\/nettikasinot\/"},"modified":"2025-07-13T20:43:07","modified_gmt":"2025-07-13T20:43:07","slug":"nettcasinoer","status":"publish","type":"page","link":"https:\/\/www.kasinobonus.ai\/no\/nettcasinoer\/","title":{"rendered":"Online Casinoer"},"content":{"rendered":"\n<h1 class=\"wp-block-heading\">Beste nettkasino i Norge<\/h1>\n\n\n\n<p>Norge har noen av de beste nettkasinoene i verden, og \u00e5 spille p\u00e5 de riktige kasinoene med ekte penger lar deg sette inn, spille og <em>vinne<\/em> \u2013 alt i et trygt, rettferdig og regulert milj\u00f8.<\/p>\n\n\n\n<p>I dagens guide vil jeg hjelpe deg med \u00e5 identifisere de beste kasinoene med ekte penger i Norge, forklare hva du skal se etter n\u00e5r du registrerer deg, og bryte ned de mange typene nettkasinoer som er tilgjengelige i dag.<\/p>\n\n\n\n<h2 class=\"wp-block-heading\">Topp kasinoer med ekte penger 2025<\/h2>\n\n\n\n<p>Hvis du vil ha en best mulig spillopplevelse, m\u00e5 du finne et p\u00e5litelig kasino med ekte penger. Jeg har h\u00e5ndplukket fem av mine favoritt kasinosider i Norge, som alle tilbyr n\u00e5 gratis pengebonuser. Sjekk dem ut selv:<\/p>\n\n\n<p>[brand_table template=&#8221;table_style_1.php&#8221; country=&#8221;NO&#8221; bonus=&#8221;&#8221;]<\/p>\n\n\n\n<p>N\u00e5r du har valgt et kasino, er det enkelt \u00e5 registrere seg. Bare opprett en konto, bekreft din alder og ID og begynn \u00e5 spille med din gratis bonus!<\/p>\n\n\n\n<figure class=\"wp-block-image size-full\"><img decoding=\"async\" width=\"1000\" height=\"666\" src=\"https:\/\/www.kasinobonus.ai\/wp-content\/uploads\/2025\/07\/Online-Casinoer.jpg\" alt=\"Online Casinoer\" class=\"wp-image-33496\" srcset=\"https:\/\/www.kasinobonus.ai\/wp-content\/uploads\/2025\/07\/Online-Casinoer.jpg 1000w, https:\/\/www.kasinobonus.ai\/wp-content\/uploads\/2025\/07\/Online-Casinoer-300x200.jpg 300w, https:\/\/www.kasinobonus.ai\/wp-content\/uploads\/2025\/07\/Online-Casinoer-768x511.jpg 768w, https:\/\/www.kasinobonus.ai\/wp-content\/uploads\/2025\/07\/Online-Casinoer-110x73.jpg 110w, https:\/\/www.kasinobonus.ai\/wp-content\/uploads\/2025\/07\/Online-Casinoer-575x383.jpg 575w\" sizes=\"(max-width: 1000px) 100vw, 1000px\" \/><\/figure>\n\n\n\n<h2 class=\"wp-block-heading\">Hvordan vi velger og vurderer nettkasinoer&nbsp;&nbsp;<\/h2>\n\n\n\n<p>Det \u00e5 velge et kasino med ekte penger er betydelig mer enn bare \u00e5 f\u00e5 den st\u00f8rste bonusen; du vil ogs\u00e5 velge et nettsted som er rettferdig, trygt og gir en fantastisk helhetsopplevelse. N\u00e5r de analyserer kasinoer, vurderer KasinoBonus-teamet en <em>rekke<\/em> variabler, inkludert lisens, spillmangfold, utbetalingshastigheter, kundest\u00f8tterespons og tilgjengelige betalingsalternativer.<\/p>\n\n\n\n<h2 class=\"wp-block-heading\">Typer beste kasino i Norge<\/h2>\n\n\n\n<p>Ikke alle kasinoer med ekte penger er like, og \u00e5 forst\u00e5 de forskjellige typene kan hjelpe deg med \u00e5 finne det som passer best for din spillestil<\/p>\n\n\n\n<ol class=\"wp-block-list\">\n<li><strong>Tradisjonelle nettkasinoer<\/strong> \u2013 Dette er de klassiske allrounderne, som tilbyr en blanding av spilleautomater, bordspill og alternativer for live dealer. De er godt egnet for spillere som vil ha <em>litt av hvert<\/em>.<\/li>\n\n\n\n<li><strong>Live-dealer-kasinoer<\/strong> \u2013 Hvis du foretrekker live-dealer-spill, vil du gjerne finne ut at det finnes nettsteder som <em>fokuserer<\/em> p\u00e5 et live casino-tilbud.<\/li>\n\n\n\n<li><strong>Mobilkasinoer<\/strong> \u2013 Med flere spillere som spiller p\u00e5 farten, sikrer mobiloptimaliserte kasinoer at du kan nyte alle favorittspillene dine rett fra smarttelefonen eller nettbrettet!<\/li>\n\n\n\n<li><strong>Kryptokasinoer<\/strong> \u2013 Et \u00f8kende antall kasinoer aksepterer n\u00e5 Bitcoin og andre kryptovalutaer, og tilbyr raskere uttak, beviselig rettferdig spilling og mindre problemer!<\/li>\n\n\n\n<li><strong>Kasinoer uten innsatser<\/strong> \u2013 Lei av vanskelige bonusforhold? Noen nettcasinoer har til og med begynt \u00e5 annonsere seg selv som uten satser! Dette betyr at alle (eller de fleste) av bonusene deres kommer uten omsetningskrav!<\/li>\n<\/ol>\n\n\n\n<p>S\u00e5, enten du leter etter ditt tradisjonelle nettkasino eller et mer spesialisert nettsted, her p\u00e5 KasinoBonus, kan vi hjelpe deg med \u00e5 finne alt!<\/p>\n","protected":false},"excerpt":{"rendered":"<p>Beste nettkasino i Norge Norge har noen av de beste nettkasinoene i verden, og \u00e5 spille p\u00e5 de riktige kasinoene med ekte penger lar deg sette inn, spille og vinne \u2013 alt i et trygt, rettferdig og regulert milj\u00f8. I dagens guide vil jeg hjelpe deg med \u00e5 identifisere de beste kasinoene med ekte penger [&hellip;]<\/p>\n","protected":false},"author":1,"featured_media":10285,"parent":0,"menu_order":0,"comment_status":"open","ping_status":"closed","template":"","meta":{"inline_featured_image":false,"footnotes":""},"class_list":["post-9116","page","type-page","status-publish","has-post-thumbnail","hentry"],"yoast_head":"<!-- This site is optimized with the Yoast SEO plugin v24.5 - https:\/\/yoast.com\/wordpress\/plugins\/seo\/ -->\n<title>Beste nettkasino i Norge (2025) - www.kasinobonus.ai<\/title>\n<meta name=\"description\" content=\"Sammenligning av de heteste nettcasinoene i 2025! Bli kjent med de beste bonusene, spillene og tjenestene. Velg ditt casino og start spillene n\u00e5!\" \/>\n<meta name=\"robots\" content=\"index, follow, max-snippet:-1, max-image-preview:large, max-video-preview:-1\" \/>\n<link rel=\"canonical\" href=\"https:\/\/www.kasinobonus.ai\/no\/nettcasinoer\/\" \/>\n<script type=\"application\/ld+json\" class=\"yoast-schema-graph\">{\"@context\":\"https:\/\/schema.org\",\"@graph\":[{\"@type\":\"WebPage\",\"@id\":\"https:\/\/www.kasinobonus.ai\/no\/nettcasinoer\/\",\"url\":\"https:\/\/www.kasinobonus.ai\/no\/nettcasinoer\/\",\"name\":\"Beste nettkasino i Norge (2025) - www.kasinobonus.ai\",\"isPartOf\":{\"@id\":\"https:\/\/www.kasinobonus.ai\/no\/#website\"},\"primaryImageOfPage\":{\"@id\":\"https:\/\/www.kasinobonus.ai\/no\/nettcasinoer\/#primaryimage\"},\"image\":{\"@id\":\"https:\/\/www.kasinobonus.ai\/no\/nettcasinoer\/#primaryimage\"},\"thumbnailUrl\":\"https:\/\/www.kasinobonus.ai\/wp-content\/uploads\/2023\/12\/Nettkasinoer.jpg\",\"datePublished\":\"2023-08-29T13:50:19+00:00\",\"dateModified\":\"2025-07-13T20:43:07+00:00\",\"description\":\"Sammenligning av de heteste nettcasinoene i 2025! Bli kjent med de beste bonusene, spillene og tjenestene. Velg ditt casino og start spillene n\u00e5!\",\"breadcrumb\":{\"@id\":\"https:\/\/www.kasinobonus.ai\/no\/nettcasinoer\/#breadcrumb\"},\"inLanguage\":\"no-NO\",\"potentialAction\":[{\"@type\":\"ReadAction\",\"target\":[\"https:\/\/www.kasinobonus.ai\/no\/nettcasinoer\/\"]}]},{\"@type\":\"ImageObject\",\"inLanguage\":\"no-NO\",\"@id\":\"https:\/\/www.kasinobonus.ai\/no\/nettcasinoer\/#primaryimage\",\"url\":\"https:\/\/www.kasinobonus.ai\/wp-content\/uploads\/2023\/12\/Nettkasinoer.jpg\",\"contentUrl\":\"https:\/\/www.kasinobonus.ai\/wp-content\/uploads\/2023\/12\/Nettkasinoer.jpg\",\"width\":1200,\"height\":628,\"caption\":\"Nettkasinoer\"},{\"@type\":\"BreadcrumbList\",\"@id\":\"https:\/\/www.kasinobonus.ai\/no\/nettcasinoer\/#breadcrumb\",\"itemListElement\":[{\"@type\":\"ListItem\",\"position\":1,\"name\":\"Home\",\"item\":\"https:\/\/kasinobonus.ai\/no\/\"},{\"@type\":\"ListItem\",\"position\":2,\"name\":\"Online Casinoer\"}]},{\"@type\":\"WebSite\",\"@id\":\"https:\/\/www.kasinobonus.ai\/no\/#website\",\"url\":\"https:\/\/www.kasinobonus.ai\/no\/\",\"name\":\"www.kasinobonus.ai\",\"description\":\"\",\"publisher\":{\"@id\":\"https:\/\/www.kasinobonus.ai\/no\/#organization\"},\"potentialAction\":[{\"@type\":\"SearchAction\",\"target\":{\"@type\":\"EntryPoint\",\"urlTemplate\":\"https:\/\/www.kasinobonus.ai\/no\/?s={search_term_string}\"},\"query-input\":{\"@type\":\"PropertyValueSpecification\",\"valueRequired\":true,\"valueName\":\"search_term_string\"}}],\"inLanguage\":\"no-NO\"},{\"@type\":\"Organization\",\"@id\":\"https:\/\/www.kasinobonus.ai\/no\/#organization\",\"name\":\"KasinoBonus\",\"alternateName\":\"KasinoBonusAI\",\"url\":\"https:\/\/www.kasinobonus.ai\/no\/\",\"logo\":{\"@type\":\"ImageObject\",\"inLanguage\":\"no-NO\",\"@id\":\"https:\/\/www.kasinobonus.ai\/no\/#\/schema\/logo\/image\/\",\"url\":\"https:\/\/www.kasinobonus.ai\/wp-content\/uploads\/2023\/09\/kasinobonus-logo-light.png\",\"contentUrl\":\"https:\/\/www.kasinobonus.ai\/wp-content\/uploads\/2023\/09\/kasinobonus-logo-light.png\",\"width\":3200,\"height\":596,\"caption\":\"KasinoBonus\"},\"image\":{\"@id\":\"https:\/\/www.kasinobonus.ai\/no\/#\/schema\/logo\/image\/\"},\"sameAs\":[\"https:\/\/www.facebook.com\/kasinobonusio\/\",\"https:\/\/x.com\/Kasinobonus_io\",\"https:\/\/www.linkedin.com\/in\/matti-slotte-26612033b\",\"http:\/\/kasinobonus.wikidot.com\/system:welcome\",\"https:\/\/www.trustpilot.com\/review\/www.kasinobonus.ai\",\"https:\/\/orcid.org\/0009-0007-2889-1713\",\"https:\/\/en.everybodywiki.com\/Matti_Slotte\",\"https:\/\/www.immuniweb.com\/ssl\/kasinobonus.ai\/M4lqCqYY\/\"]}]}<\/script>\n<!-- \/ Yoast SEO plugin. -->","yoast_head_json":{"title":"Beste nettkasino i Norge (2025) - www.kasinobonus.ai","description":"Sammenligning av de heteste nettcasinoene i 2025! Bli kjent med de beste bonusene, spillene og tjenestene. Velg ditt casino og start spillene n\u00e5!","robots":{"index":"index","follow":"follow","max-snippet":"max-snippet:-1","max-image-preview":"max-image-preview:large","max-video-preview":"max-video-preview:-1"},"canonical":"https:\/\/www.kasinobonus.ai\/no\/nettcasinoer\/","schema":{"@context":"https:\/\/schema.org","@graph":[{"@type":"WebPage","@id":"https:\/\/www.kasinobonus.ai\/no\/nettcasinoer\/","url":"https:\/\/www.kasinobonus.ai\/no\/nettcasinoer\/","name":"Beste nettkasino i Norge (2025) - www.kasinobonus.ai","isPartOf":{"@id":"https:\/\/www.kasinobonus.ai\/no\/#website"},"primaryImageOfPage":{"@id":"https:\/\/www.kasinobonus.ai\/no\/nettcasinoer\/#primaryimage"},"image":{"@id":"https:\/\/www.kasinobonus.ai\/no\/nettcasinoer\/#primaryimage"},"thumbnailUrl":"https:\/\/www.kasinobonus.ai\/wp-content\/uploads\/2023\/12\/Nettkasinoer.jpg","datePublished":"2023-08-29T13:50:19+00:00","dateModified":"2025-07-13T20:43:07+00:00","description":"Sammenligning av de heteste nettcasinoene i 2025! Bli kjent med de beste bonusene, spillene og tjenestene. Velg ditt casino og start spillene n\u00e5!","breadcrumb":{"@id":"https:\/\/www.kasinobonus.ai\/no\/nettcasinoer\/#breadcrumb"},"inLanguage":"no-NO","potentialAction":[{"@type":"ReadAction","target":["https:\/\/www.kasinobonus.ai\/no\/nettcasinoer\/"]}]},{"@type":"ImageObject","inLanguage":"no-NO","@id":"https:\/\/www.kasinobonus.ai\/no\/nettcasinoer\/#primaryimage","url":"https:\/\/www.kasinobonus.ai\/wp-content\/uploads\/2023\/12\/Nettkasinoer.jpg","contentUrl":"https:\/\/www.kasinobonus.ai\/wp-content\/uploads\/2023\/12\/Nettkasinoer.jpg","width":1200,"height":628,"caption":"Nettkasinoer"},{"@type":"BreadcrumbList","@id":"https:\/\/www.kasinobonus.ai\/no\/nettcasinoer\/#breadcrumb","itemListElement":[{"@type":"ListItem","position":1,"name":"Home","item":"https:\/\/kasinobonus.ai\/no\/"},{"@type":"ListItem","position":2,"name":"Online Casinoer"}]},{"@type":"WebSite","@id":"https:\/\/www.kasinobonus.ai\/no\/#website","url":"https:\/\/www.kasinobonus.ai\/no\/","name":"www.kasinobonus.ai","description":"","publisher":{"@id":"https:\/\/www.kasinobonus.ai\/no\/#organization"},"potentialAction":[{"@type":"SearchAction","target":{"@type":"EntryPoint","urlTemplate":"https:\/\/www.kasinobonus.ai\/no\/?s={search_term_string}"},"query-input":{"@type":"PropertyValueSpecification","valueRequired":true,"valueName":"search_term_string"}}],"inLanguage":"no-NO"},{"@type":"Organization","@id":"https:\/\/www.kasinobonus.ai\/no\/#organization","name":"KasinoBonus","alternateName":"KasinoBonusAI","url":"https:\/\/www.kasinobonus.ai\/no\/","logo":{"@type":"ImageObject","inLanguage":"no-NO","@id":"https:\/\/www.kasinobonus.ai\/no\/#\/schema\/logo\/image\/","url":"https:\/\/www.kasinobonus.ai\/wp-content\/uploads\/2023\/09\/kasinobonus-logo-light.png","contentUrl":"https:\/\/www.kasinobonus.ai\/wp-content\/uploads\/2023\/09\/kasinobonus-logo-light.png","width":3200,"height":596,"caption":"KasinoBonus"},"image":{"@id":"https:\/\/www.kasinobonus.ai\/no\/#\/schema\/logo\/image\/"},"sameAs":["https:\/\/www.facebook.com\/kasinobonusio\/","https:\/\/x.com\/Kasinobonus_io","https:\/\/www.linkedin.com\/in\/matti-slotte-26612033b","http:\/\/kasinobonus.wikidot.com\/system:welcome","https:\/\/www.trustpilot.com\/review\/www.kasinobonus.ai","https:\/\/orcid.org\/0009-0007-2889-1713","https:\/\/en.everybodywiki.com\/Matti_Slotte","https:\/\/www.immuniweb.com\/ssl\/kasinobonus.ai\/M4lqCqYY\/"]}]}},"_links":{"self":[{"href":"https:\/\/www.kasinobonus.ai\/no\/wp-json\/wp\/v2\/pages\/9116","targetHints":{"allow":["GET"]}}],"collection":[{"href":"https:\/\/www.kasinobonus.ai\/no\/wp-json\/wp\/v2\/pages"}],"about":[{"href":"https:\/\/www.kasinobonus.ai\/no\/wp-json\/wp\/v2\/types\/page"}],"author":[{"embeddable":true,"href":"https:\/\/www.kasinobonus.ai\/no\/wp-json\/wp\/v2\/users\/1"}],"replies":[{"embeddable":true,"href":"https:\/\/www.kasinobonus.ai\/no\/wp-json\/wp\/v2\/comments?post=9116"}],"version-history":[{"count":1,"href":"https:\/\/www.kasinobonus.ai\/no\/wp-json\/wp\/v2\/pages\/9116\/revisions"}],"predecessor-version":[{"id":33550,"href":"https:\/\/www.kasinobonus.ai\/no\/wp-json\/wp\/v2\/pages\/9116\/revisions\/33550"}],"wp:featuredmedia":[{"embeddable":true,"href":"https:\/\/www.kasinobonus.ai\/no\/wp-json\/wp\/v2\/media\/10285"}],"wp:attachment":[{"href":"https:\/\/www.kasinobonus.ai\/no\/wp-json\/wp\/v2\/media?parent=9116"}],"curies":[{"name":"wp","href":"https:\/\/api.w.org\/{rel}","templated":true}]}}