{"id":9108,"date":"2023-08-29T13:54:22","date_gmt":"2023-08-29T13:54:22","guid":{"rendered":"http:\/\/kasinobonus.ai.dedivirt842.your-server.de\/100-talletusbonus\/"},"modified":"2025-07-13T20:36:49","modified_gmt":"2025-07-13T20:36:49","slug":"100-innskuddsbonus","status":"publish","type":"page","link":"https:\/\/www.kasinobonus.ai\/no\/100-innskuddsbonus\/","title":{"rendered":"100% Innskuddsbonus"},"content":{"rendered":"\n<h1 class=\"wp-block-heading\">100% Innskuddsbonus <\/h1>\n\n\n\n<p><strong>1<\/strong>En 100% innskuddsbonus er en av de mest vanlige og l\u00f8nnsomme tilbudene du vil finne p\u00e5 nettkasinoer. Disse bonusene, som ofte omtales som 100% matchede <a href=\"https:\/\/www.kasinobonus.ai\/no\/innskuddsbonuser\/\">innskuddsbonuser<\/a>, lar deg doble ditt f\u00f8rste innskudd enten du er en ny eller returnerende spiller.<\/p>\n\n\n\n<p>I dag skal jeg ta deg gjennom de beste tilgjengelige 100% innskuddsbonusene, hvordan disse bunderer og n\u00f8kkelvilk\u00e5r \u00e5 v\u00e6re klar over.<\/p>\n\n\n\n<h2 class=\"wp-block-heading\">Kasinoer som tilbyr 100% bonuser 2025<\/h2>\n\n\n\n<p>I dag tilbyr nesten <em>alle<\/em> kasinoer en matchende innskuddsbonus &#8211; med 100% som den mest popul\u00e6re prosentandelen. Jeg har satt sammen en liste over de 100 beste kasinoene med innskuddsbonus, som alle er regulerte, sikre og tilby<\/p>\n\n\n<p>[brand_table template=&#8221;table_style_1.php&#8221; country=&#8221;NO&#8221; bonus=&#8221;&#8221;]<\/p>\n\n\n\n<p>Hvis du ser en bonus (eller et kasino) du liker utseendet til, klikker du bare p\u00e5 \u00abSpill n\u00e5\u00bb for \u00e5 registrere deg og gj\u00f8r et innskudd for \u00e5 komme i gang!<\/p>\n\n\n\n<figure class=\"wp-block-image size-full\"><img decoding=\"async\" width=\"1000\" height=\"666\" src=\"https:\/\/www.kasinobonus.ai\/wp-content\/uploads\/2025\/07\/100-Innskuddsbonus.jpg\" alt=\"% Innskuddsbonus\" class=\"wp-image-33263\" srcset=\"https:\/\/www.kasinobonus.ai\/wp-content\/uploads\/2025\/07\/100-Innskuddsbonus.jpg 1000w, https:\/\/www.kasinobonus.ai\/wp-content\/uploads\/2025\/07\/100-Innskuddsbonus-300x200.jpg 300w, https:\/\/www.kasinobonus.ai\/wp-content\/uploads\/2025\/07\/100-Innskuddsbonus-768x511.jpg 768w, https:\/\/www.kasinobonus.ai\/wp-content\/uploads\/2025\/07\/100-Innskuddsbonus-110x73.jpg 110w, https:\/\/www.kasinobonus.ai\/wp-content\/uploads\/2025\/07\/100-Innskuddsbonus-575x383.jpg 575w\" sizes=\"(max-width: 1000px) 100vw, 1000px\" \/><\/figure>\n\n\n\n<h2 class=\"wp-block-heading\">Hvordan vi vurderer et kasino<\/h2>\n\n\n\n<p>Her hos KadinoBonus pryder vi oss p\u00e5 v\u00e5re anbefalinger. Vi anbefaler <em>kun <\/em>kasinoer vi personlig har testet &#8211; og det vil si innskudd med ekte penger, spille spillene, teste kundeservicen og, hvor gjeldende, utf\u00f8re uttak.&nbsp;<\/p>\n\n\n\n<p>V\u00e5re anmeldere benytter deretter sin f\u00f8rsteh\u00e5ndserfaring til \u00e5 gi deg en \u00e6rlig, n\u00f8yaktig oversikt over hva kasinoet har \u00e5 tilby \u2013 slik at du vet n\u00f8yaktig hva du kan forvente n\u00e5r du spiller selv.<\/p>\n\n\n\n<h2 class=\"wp-block-heading\">Hvordan 100% matchet innskuddsbonus fungerer<\/h2>\n\n\n\n<p>En 100% innskuddsbonus betyr at kasinoet vil matche innskuddet ditt krone for krone, i hovedsak dobler spillesummen din. For eksempel, hvis du setter inn 500kr, vil du tjene ytterligere 500kr i bonuspenger, totalt 1000kr \u00e5 spille med! I tillegg til disse kampanjene tilbyr noen nettkasinoer gratisspinn!<\/p>\n\n\n\n<h2 class=\"wp-block-heading\"><strong>Fordeler og Ulemper<\/strong><\/h2>\n\n\n\n<figure class=\"wp-block-image size-full is-resized\"><img decoding=\"async\" width=\"1000\" height=\"666\" src=\"https:\/\/www.kasinobonus.ai\/wp-content\/uploads\/2025\/06\/KB-Innskuddsbonus.jpg\" alt=\"Innskuddsbonus\" class=\"wp-image-29877\" style=\"width:1180px;height:auto\" srcset=\"https:\/\/www.kasinobonus.ai\/wp-content\/uploads\/2025\/06\/KB-Innskuddsbonus.jpg 1000w, https:\/\/www.kasinobonus.ai\/wp-content\/uploads\/2025\/06\/KB-Innskuddsbonus-300x200.jpg 300w, https:\/\/www.kasinobonus.ai\/wp-content\/uploads\/2025\/06\/KB-Innskuddsbonus-768x511.jpg 768w, https:\/\/www.kasinobonus.ai\/wp-content\/uploads\/2025\/06\/KB-Innskuddsbonus-110x73.jpg 110w, https:\/\/www.kasinobonus.ai\/wp-content\/uploads\/2025\/06\/KB-Innskuddsbonus-575x383.jpg 575w\" sizes=\"(max-width: 1000px) 100vw, 1000px\" \/><\/figure>\n\n\n\n<div class=\"wp-block-columns is-layout-flex wp-container-core-columns-is-layout-28f84493 wp-block-columns-is-layout-flex\">\n<div class=\"wp-block-column is-layout-flow wp-block-column-is-layout-flow\">\n<h3 class=\"wp-block-heading\">\u2705 Fordeler<\/h3>\n\n\n\n<ul class=\"wp-block-list\">\n<li>\u2705 H\u00f8yere bonusbel\u00f8p sammenlignet med tilbud uten innskudd<\/li>\n\n\n\n<li>\u2705 Gir tilgang til velkomstpakker og VIP-fordeler<\/li>\n\n\n\n<li>\u2705 Inkluderer ofte b\u00e5de bonuspenger og gratisspinn<\/li>\n\n\n\n<li>\u2705 God verdi for spillere som allerede planlegger \u00e5 gj\u00f8re et innskudd<\/li>\n\n\n\n<li>\u2705 Aksepteres av de fleste nettcasinoer<\/li>\n<\/ul>\n<\/div>\n\n\n\n<div class=\"wp-block-column is-layout-flow wp-block-column-is-layout-flow\">\n<h3 class=\"wp-block-heading\">\u274c Ulemper<\/h3>\n\n\n\n<ul class=\"wp-block-list\">\n<li>\u274c Kommer med omsetningskrav (noen ganger 30x\u201350x)<\/li>\n\n\n\n<li>\u274c Bonusmidler kan v\u00e6re l\u00e5st inntil vilk\u00e5rene er oppfylt<\/li>\n\n\n\n<li>\u274c Noen spill er ekskludert fra bonusspill<\/li>\n\n\n\n<li>\u274c Maksimale innsatsgrenser kan gjelde n\u00e5r du bruker bonusen<\/li>\n\n\n\n<li>\u274c Uttak er ofte begrenset inntil bonusen er oppfylt<\/li>\n<\/ul>\n<\/div>\n<\/div>\n\n\n\n<h2 class=\"wp-block-heading\">Beste innskuddsbonuser i Norge<\/h2>\n\n\n\n<figure class=\"wp-block-table\"><table class=\"has-fixed-layout\"><thead><tr><th>Casino<\/th><th>Bonus<\/th><th>Betingelser<\/th><th>Kode \/ Info<\/th><th>Lenke<\/th><\/tr><\/thead><tbody><tr><td>LuckyVibe<\/td><td>Opptil kr 1 000 + 100 gratisspinn. Bonuser p\u00e5 2., 3. og 4. innskudd.<\/td><td>Reload-bonuser<\/td><td>\u2013<\/td><td><a href=\"https:\/\/www.kasinobonus.ai\/go\/luckyvibefi\/\">Spill n\u00e5<\/a><\/td><\/tr><tr><td>Bet on Red<\/td><td>50 gratisspinn uten innskudd + 100\u202f% opptil \u20ac100 + 150 gratisspinn<\/td><td>Bruk kampanjekode <strong>BLITZ3<\/strong> ved registrering<\/td><td><strong>BLITZ3<\/strong><\/td><td><a href=\"https:\/\/www.kasinobonus.ai\/go\/betonred\">Spill n\u00e5<\/a><\/td><\/tr><tr><td>Drip Casino<\/td><td>50 gratisspinn uten innskudd + 150\u202f% opptil \u20ac600<\/td><td>Gratisspinn p\u00e5 Alien Fruits (BGaming)<\/td><td>EKSKLUSIVT<\/td><td><a href=\"https:\/\/www.kasinobonus.ai\/go\/drip\">Spill n\u00e5<\/a><\/td><\/tr><tr><td>Campeonbet<\/td><td>50 gratisspinn p\u00e5 Gates of Olympus \u2013 GRATIS! + 140\u202f% opptil \u20ac1\u202f500<\/td><td>Kun for \ud83c\uddf3\ud83c\uddf4 spillere<\/td><td>\u2013<\/td><td><a href=\"https:\/\/www.kasinobonus.ai\/go\/campeonbet\">Spill n\u00e5<\/a><\/td><\/tr><tr><td>Gamblezen<\/td><td>40 gratisspinn p\u00e5 Sweet Bonanza \u2013 INGEN INNSKUDD + 500\u202f% opptil \u20ac3\u202f625 + 350 FS<\/td><td>Bruk kampanjekode <strong>40ZENBONUS<\/strong> ved registrering<\/td><td><strong>40ZENBONUS<\/strong><\/td><td><a href=\"https:\/\/www.kasinobonus.ai\/go\/gamblezen\">Spill n\u00e5<\/a><\/td><\/tr><\/tbody><\/table><\/figure>\n\n\n\n<h2 class=\"wp-block-heading\" id=\"tw-target-text\">Ansvarlige spillressurser<\/h2>\n\n\n\n<ul class=\"wp-block-list\">\n<li><a href=\"https:\/\/www.lottstift.no\/\">https:\/\/www.lottstift.no\/<\/a><\/li>\n\n\n\n<li><a href=\"https:\/\/www.hjelpelinjen.no\/\">https:\/\/www.hjelpelinjen.no\/<\/a><\/li>\n\n\n\n<li><a href=\"https:\/\/www.spillkontroll.no\/\">https:\/\/www.spillkontroll.no\/<\/a><\/li>\n\n\n\n<li><a href=\"https:\/\/www.blakors.no\/\">https:\/\/www.blakors.no\/<\/a><\/li>\n\n\n\n<li><a href=\"https:\/\/www.spillavhengighet.no\/\">https:\/\/www.spillavhengighet.no\/<\/a><\/li>\n<\/ul>\n","protected":false},"excerpt":{"rendered":"<p>100% Innskuddsbonus 1En 100% innskuddsbonus er en av de mest vanlige og l\u00f8nnsomme tilbudene du vil finne p\u00e5 nettkasinoer. Disse bonusene, som ofte omtales som 100% matchede innskuddsbonuser, lar deg doble ditt f\u00f8rste innskudd enten du er en ny eller returnerende spiller. I dag skal jeg ta deg gjennom de beste tilgjengelige 100% innskuddsbonusene, hvordan [&hellip;]<\/p>\n","protected":false},"author":1,"featured_media":9882,"parent":0,"menu_order":0,"comment_status":"open","ping_status":"closed","template":"","meta":{"inline_featured_image":false,"footnotes":""},"class_list":["post-9108","page","type-page","status-publish","has-post-thumbnail","hentry"],"yoast_head":"<!-- This site is optimized with the Yoast SEO plugin v24.5 - https:\/\/yoast.com\/wordpress\/plugins\/seo\/ -->\n<title>100% Innskuddsbonus (2025) - www.kasinobonus.ai<\/title>\n<meta name=\"description\" content=\"Benytt 100% innskuddsbonus og doble din spillkasse. Oppdag de beste kasinoene i 2025 som tilbyr denne bonusen.\" \/>\n<meta name=\"robots\" content=\"index, follow, max-snippet:-1, max-image-preview:large, max-video-preview:-1\" \/>\n<link rel=\"canonical\" href=\"https:\/\/www.kasinobonus.ai\/no\/100-innskuddsbonus\/\" \/>\n<script type=\"application\/ld+json\" class=\"yoast-schema-graph\">{\"@context\":\"https:\/\/schema.org\",\"@graph\":[{\"@type\":\"WebPage\",\"@id\":\"https:\/\/www.kasinobonus.ai\/no\/100-innskuddsbonus\/\",\"url\":\"https:\/\/www.kasinobonus.ai\/no\/100-innskuddsbonus\/\",\"name\":\"100% Innskuddsbonus (2025) - www.kasinobonus.ai\",\"isPartOf\":{\"@id\":\"https:\/\/www.kasinobonus.ai\/no\/#website\"},\"primaryImageOfPage\":{\"@id\":\"https:\/\/www.kasinobonus.ai\/no\/100-innskuddsbonus\/#primaryimage\"},\"image\":{\"@id\":\"https:\/\/www.kasinobonus.ai\/no\/100-innskuddsbonus\/#primaryimage\"},\"thumbnailUrl\":\"https:\/\/www.kasinobonus.ai\/wp-content\/uploads\/2023\/12\/100-innskuddsbonus.jpg\",\"datePublished\":\"2023-08-29T13:54:22+00:00\",\"dateModified\":\"2025-07-13T20:36:49+00:00\",\"description\":\"Benytt 100% innskuddsbonus og doble din spillkasse. Oppdag de beste kasinoene i 2025 som tilbyr denne bonusen.\",\"breadcrumb\":{\"@id\":\"https:\/\/www.kasinobonus.ai\/no\/100-innskuddsbonus\/#breadcrumb\"},\"inLanguage\":\"no-NO\",\"potentialAction\":[{\"@type\":\"ReadAction\",\"target\":[\"https:\/\/www.kasinobonus.ai\/no\/100-innskuddsbonus\/\"]}]},{\"@type\":\"ImageObject\",\"inLanguage\":\"no-NO\",\"@id\":\"https:\/\/www.kasinobonus.ai\/no\/100-innskuddsbonus\/#primaryimage\",\"url\":\"https:\/\/www.kasinobonus.ai\/wp-content\/uploads\/2023\/12\/100-innskuddsbonus.jpg\",\"contentUrl\":\"https:\/\/www.kasinobonus.ai\/wp-content\/uploads\/2023\/12\/100-innskuddsbonus.jpg\",\"width\":1200,\"height\":628,\"caption\":\"100 innskuddsbonus\"},{\"@type\":\"BreadcrumbList\",\"@id\":\"https:\/\/www.kasinobonus.ai\/no\/100-innskuddsbonus\/#breadcrumb\",\"itemListElement\":[{\"@type\":\"ListItem\",\"position\":1,\"name\":\"Home\",\"item\":\"https:\/\/kasinobonus.ai\/no\/\"},{\"@type\":\"ListItem\",\"position\":2,\"name\":\"100% Innskuddsbonus\"}]},{\"@type\":\"WebSite\",\"@id\":\"https:\/\/www.kasinobonus.ai\/no\/#website\",\"url\":\"https:\/\/www.kasinobonus.ai\/no\/\",\"name\":\"www.kasinobonus.ai\",\"description\":\"\",\"publisher\":{\"@id\":\"https:\/\/www.kasinobonus.ai\/no\/#organization\"},\"potentialAction\":[{\"@type\":\"SearchAction\",\"target\":{\"@type\":\"EntryPoint\",\"urlTemplate\":\"https:\/\/www.kasinobonus.ai\/no\/?s={search_term_string}\"},\"query-input\":{\"@type\":\"PropertyValueSpecification\",\"valueRequired\":true,\"valueName\":\"search_term_string\"}}],\"inLanguage\":\"no-NO\"},{\"@type\":\"Organization\",\"@id\":\"https:\/\/www.kasinobonus.ai\/no\/#organization\",\"name\":\"KasinoBonus\",\"alternateName\":\"KasinoBonusAI\",\"url\":\"https:\/\/www.kasinobonus.ai\/no\/\",\"logo\":{\"@type\":\"ImageObject\",\"inLanguage\":\"no-NO\",\"@id\":\"https:\/\/www.kasinobonus.ai\/no\/#\/schema\/logo\/image\/\",\"url\":\"https:\/\/www.kasinobonus.ai\/wp-content\/uploads\/2023\/09\/kasinobonus-logo-light.png\",\"contentUrl\":\"https:\/\/www.kasinobonus.ai\/wp-content\/uploads\/2023\/09\/kasinobonus-logo-light.png\",\"width\":3200,\"height\":596,\"caption\":\"KasinoBonus\"},\"image\":{\"@id\":\"https:\/\/www.kasinobonus.ai\/no\/#\/schema\/logo\/image\/\"},\"sameAs\":[\"https:\/\/www.facebook.com\/kasinobonusio\/\",\"https:\/\/x.com\/Kasinobonus_io\",\"https:\/\/www.linkedin.com\/in\/matti-slotte-26612033b\",\"http:\/\/kasinobonus.wikidot.com\/system:welcome\",\"https:\/\/www.trustpilot.com\/review\/www.kasinobonus.ai\",\"https:\/\/orcid.org\/0009-0007-2889-1713\",\"https:\/\/en.everybodywiki.com\/Matti_Slotte\",\"https:\/\/www.immuniweb.com\/ssl\/kasinobonus.ai\/M4lqCqYY\/\"]}]}<\/script>\n<!-- \/ Yoast SEO plugin. -->","yoast_head_json":{"title":"100% Innskuddsbonus (2025) - www.kasinobonus.ai","description":"Benytt 100% innskuddsbonus og doble din spillkasse. Oppdag de beste kasinoene i 2025 som tilbyr denne bonusen.","robots":{"index":"index","follow":"follow","max-snippet":"max-snippet:-1","max-image-preview":"max-image-preview:large","max-video-preview":"max-video-preview:-1"},"canonical":"https:\/\/www.kasinobonus.ai\/no\/100-innskuddsbonus\/","schema":{"@context":"https:\/\/schema.org","@graph":[{"@type":"WebPage","@id":"https:\/\/www.kasinobonus.ai\/no\/100-innskuddsbonus\/","url":"https:\/\/www.kasinobonus.ai\/no\/100-innskuddsbonus\/","name":"100% Innskuddsbonus (2025) - www.kasinobonus.ai","isPartOf":{"@id":"https:\/\/www.kasinobonus.ai\/no\/#website"},"primaryImageOfPage":{"@id":"https:\/\/www.kasinobonus.ai\/no\/100-innskuddsbonus\/#primaryimage"},"image":{"@id":"https:\/\/www.kasinobonus.ai\/no\/100-innskuddsbonus\/#primaryimage"},"thumbnailUrl":"https:\/\/www.kasinobonus.ai\/wp-content\/uploads\/2023\/12\/100-innskuddsbonus.jpg","datePublished":"2023-08-29T13:54:22+00:00","dateModified":"2025-07-13T20:36:49+00:00","description":"Benytt 100% innskuddsbonus og doble din spillkasse. Oppdag de beste kasinoene i 2025 som tilbyr denne bonusen.","breadcrumb":{"@id":"https:\/\/www.kasinobonus.ai\/no\/100-innskuddsbonus\/#breadcrumb"},"inLanguage":"no-NO","potentialAction":[{"@type":"ReadAction","target":["https:\/\/www.kasinobonus.ai\/no\/100-innskuddsbonus\/"]}]},{"@type":"ImageObject","inLanguage":"no-NO","@id":"https:\/\/www.kasinobonus.ai\/no\/100-innskuddsbonus\/#primaryimage","url":"https:\/\/www.kasinobonus.ai\/wp-content\/uploads\/2023\/12\/100-innskuddsbonus.jpg","contentUrl":"https:\/\/www.kasinobonus.ai\/wp-content\/uploads\/2023\/12\/100-innskuddsbonus.jpg","width":1200,"height":628,"caption":"100 innskuddsbonus"},{"@type":"BreadcrumbList","@id":"https:\/\/www.kasinobonus.ai\/no\/100-innskuddsbonus\/#breadcrumb","itemListElement":[{"@type":"ListItem","position":1,"name":"Home","item":"https:\/\/kasinobonus.ai\/no\/"},{"@type":"ListItem","position":2,"name":"100% Innskuddsbonus"}]},{"@type":"WebSite","@id":"https:\/\/www.kasinobonus.ai\/no\/#website","url":"https:\/\/www.kasinobonus.ai\/no\/","name":"www.kasinobonus.ai","description":"","publisher":{"@id":"https:\/\/www.kasinobonus.ai\/no\/#organization"},"potentialAction":[{"@type":"SearchAction","target":{"@type":"EntryPoint","urlTemplate":"https:\/\/www.kasinobonus.ai\/no\/?s={search_term_string}"},"query-input":{"@type":"PropertyValueSpecification","valueRequired":true,"valueName":"search_term_string"}}],"inLanguage":"no-NO"},{"@type":"Organization","@id":"https:\/\/www.kasinobonus.ai\/no\/#organization","name":"KasinoBonus","alternateName":"KasinoBonusAI","url":"https:\/\/www.kasinobonus.ai\/no\/","logo":{"@type":"ImageObject","inLanguage":"no-NO","@id":"https:\/\/www.kasinobonus.ai\/no\/#\/schema\/logo\/image\/","url":"https:\/\/www.kasinobonus.ai\/wp-content\/uploads\/2023\/09\/kasinobonus-logo-light.png","contentUrl":"https:\/\/www.kasinobonus.ai\/wp-content\/uploads\/2023\/09\/kasinobonus-logo-light.png","width":3200,"height":596,"caption":"KasinoBonus"},"image":{"@id":"https:\/\/www.kasinobonus.ai\/no\/#\/schema\/logo\/image\/"},"sameAs":["https:\/\/www.facebook.com\/kasinobonusio\/","https:\/\/x.com\/Kasinobonus_io","https:\/\/www.linkedin.com\/in\/matti-slotte-26612033b","http:\/\/kasinobonus.wikidot.com\/system:welcome","https:\/\/www.trustpilot.com\/review\/www.kasinobonus.ai","https:\/\/orcid.org\/0009-0007-2889-1713","https:\/\/en.everybodywiki.com\/Matti_Slotte","https:\/\/www.immuniweb.com\/ssl\/kasinobonus.ai\/M4lqCqYY\/"]}]}},"_links":{"self":[{"href":"https:\/\/www.kasinobonus.ai\/no\/wp-json\/wp\/v2\/pages\/9108","targetHints":{"allow":["GET"]}}],"collection":[{"href":"https:\/\/www.kasinobonus.ai\/no\/wp-json\/wp\/v2\/pages"}],"about":[{"href":"https:\/\/www.kasinobonus.ai\/no\/wp-json\/wp\/v2\/types\/page"}],"author":[{"embeddable":true,"href":"https:\/\/www.kasinobonus.ai\/no\/wp-json\/wp\/v2\/users\/1"}],"replies":[{"embeddable":true,"href":"https:\/\/www.kasinobonus.ai\/no\/wp-json\/wp\/v2\/comments?post=9108"}],"version-history":[{"count":4,"href":"https:\/\/www.kasinobonus.ai\/no\/wp-json\/wp\/v2\/pages\/9108\/revisions"}],"predecessor-version":[{"id":33522,"href":"https:\/\/www.kasinobonus.ai\/no\/wp-json\/wp\/v2\/pages\/9108\/revisions\/33522"}],"wp:featuredmedia":[{"embeddable":true,"href":"https:\/\/www.kasinobonus.ai\/no\/wp-json\/wp\/v2\/media\/9882"}],"wp:attachment":[{"href":"https:\/\/www.kasinobonus.ai\/no\/wp-json\/wp\/v2\/media?parent=9108"}],"curies":[{"name":"wp","href":"https:\/\/api.w.org\/{rel}","templated":true}]}}