{"id":9087,"date":"2023-08-29T13:58:06","date_gmt":"2023-08-29T13:58:06","guid":{"rendered":"http:\/\/kasinobonus.ai.dedivirt842.your-server.de\/200-talletusbonus\/"},"modified":"2025-07-13T20:37:01","modified_gmt":"2025-07-13T20:37:01","slug":"200-innskuddsbonus","status":"publish","type":"page","link":"https:\/\/www.kasinobonus.ai\/no\/200-innskuddsbonus\/","title":{"rendered":"200% Innskuddsbonus"},"content":{"rendered":"\n<h1 class=\"wp-block-heading\">200% innskuddsbonus i Norge<\/h1>\n\n\n\n<p>200% innskuddsbonuser i Norge er ikke s\u00e5 utbredt som de en gang var, men hvis du vet hvor du skal lete, kan du fortsatt finne dem. En innskuddsbonus p\u00e5 200% indikerer at kasinoet effektivt vil tredoble bel\u00f8pet du investerer!<\/p>\n\n\n\n<p>For eksempel, hvis du setter inn 500kr, vil du f\u00e5 ytterligere 1000kr i bonuspenger, noe som gir deg totalt 1500kr \u00e5 spille med! Bonusene virker fantastiske (og er det ofte), og i dag skal jeg vise deg de beste nettkasinoene som gir disse insentivene, samt noen viktige anbefalinger for \u00e5 f\u00e5 mest mulig ut av dem!<\/p>\n\n\n\n<h2 class=\"wp-block-heading\">Kasinoer som tilbyr 200% bonuser 2025<\/h2>\n\n\n\n<p>Selv om de er mindre vanlige n\u00e5, eksisterer det fortsatt kasinoer i Norge som tilbyr 200% <a href=\"https:\/\/www.kasinobonus.ai\/no\/innskuddsbonuser\/\">innskuddsbonuser<\/a> \u2013 men det kan v\u00e6re vanskelig \u00e5 bestemme seg for hvilket man skal benytte. KasinoBonus har gjort alt arbeidet for deg, gjennoms\u00f8kt de <em>hundrevis av forskjellige kasinoer<\/em> som tilbyr dem og satt sammen en liste over de beste og mest p\u00e5litelige sidene. Se v\u00e5re beste valg nedenfor:<\/p>\n\n\n<p>[brand_table template=&#8221;table_style_1.php&#8221; country=&#8221;NO&#8221; bonus=&#8221;&#8221;]<\/p>\n\n\n\n<p>Bare velg ditt favoritt kasino, registrer deg og gj\u00f8r et innskudd for \u00e5 doble pengene dine i bonusmidler!<\/p>\n\n\n\n<figure class=\"wp-block-image size-full\"><img decoding=\"async\" width=\"1000\" height=\"666\" src=\"https:\/\/www.kasinobonus.ai\/wp-content\/uploads\/2025\/07\/200-Innskuddsbonus.jpg\" alt=\"% Innskuddsbonus\" class=\"wp-image-33271\" srcset=\"https:\/\/www.kasinobonus.ai\/wp-content\/uploads\/2025\/07\/200-Innskuddsbonus.jpg 1000w, https:\/\/www.kasinobonus.ai\/wp-content\/uploads\/2025\/07\/200-Innskuddsbonus-300x200.jpg 300w, https:\/\/www.kasinobonus.ai\/wp-content\/uploads\/2025\/07\/200-Innskuddsbonus-768x511.jpg 768w, https:\/\/www.kasinobonus.ai\/wp-content\/uploads\/2025\/07\/200-Innskuddsbonus-110x73.jpg 110w, https:\/\/www.kasinobonus.ai\/wp-content\/uploads\/2025\/07\/200-Innskuddsbonus-575x383.jpg 575w\" sizes=\"(max-width: 1000px) 100vw, 1000px\" \/><\/figure>\n\n\n\n<h2 class=\"wp-block-heading\">Hvordan vi anmelder kasinoene<\/h2>\n\n\n\n<p>N\u00e5r jeg analyserer kasinoer med 200% innskuddsbonus, s\u00f8rger jeg for at de oppfyller de h\u00f8yeste bransjestandardene. Det f\u00f8rste og viktigste elementet er lisensiering. UKGC-godkjente nettsteder sikrer spillersikkerhet og rettferdighet. Jeg gjennomg\u00e5r ogs\u00e5 bonusrestriksjonene, inkludert som omsetningskrav, utl\u00f8psdatoer og spillbidrag, for \u00e5 sikre at tilbudet er brukervennlig \u2013 og at du har mulighet til \u00e5 ta ut eventuelle gevinster!<\/p>\n\n\n\n<h2 class=\"wp-block-heading\">Hvordan f\u00e5 mest ut av 200% matchet innskuddbonus<\/h2>\n\n\n\n<p>Med 200% innskuddsbonus kan du triple innskuddet ditt, men det er viktig \u00e5 <em>ikke <\/em>g\u00e5 helt beserk. Ideelt sett holder du deg til dine vanlige innskudd, selv om du muligens kan \u00f8ke det opptil 20% for \u00e5 unng\u00e5 omsetningskravet.<\/p>\n\n\n\n<p>Du b\u00f8r ogs\u00e5 pr\u00f8ve \u00e5 velge spilleautomater med h\u00f8yere RTP, da dette <em>kan <\/em>\u00f8ke vinnersjansene dine etter hvert som du spiller lenger. Dessuten <em>begrenser<\/em> de fleste nettkasinoer progressive jackpot-spill og kasinobordspill fra bonustilbud.<\/p>\n\n\n\n<h2 class=\"wp-block-heading\"><strong>Fordeler og Ulemper<\/strong><\/h2>\n\n\n\n<figure class=\"wp-block-image size-full is-resized\"><img decoding=\"async\" width=\"1000\" height=\"666\" src=\"https:\/\/www.kasinobonus.ai\/wp-content\/uploads\/2025\/06\/KB-Innskuddsbonus.jpg\" alt=\"Innskuddsbonus\" class=\"wp-image-29877\" style=\"width:1180px;height:auto\" srcset=\"https:\/\/www.kasinobonus.ai\/wp-content\/uploads\/2025\/06\/KB-Innskuddsbonus.jpg 1000w, https:\/\/www.kasinobonus.ai\/wp-content\/uploads\/2025\/06\/KB-Innskuddsbonus-300x200.jpg 300w, https:\/\/www.kasinobonus.ai\/wp-content\/uploads\/2025\/06\/KB-Innskuddsbonus-768x511.jpg 768w, https:\/\/www.kasinobonus.ai\/wp-content\/uploads\/2025\/06\/KB-Innskuddsbonus-110x73.jpg 110w, https:\/\/www.kasinobonus.ai\/wp-content\/uploads\/2025\/06\/KB-Innskuddsbonus-575x383.jpg 575w\" sizes=\"(max-width: 1000px) 100vw, 1000px\" \/><\/figure>\n\n\n\n<div class=\"wp-block-columns is-layout-flex wp-container-core-columns-is-layout-28f84493 wp-block-columns-is-layout-flex\">\n<div class=\"wp-block-column is-layout-flow wp-block-column-is-layout-flow\">\n<h3 class=\"wp-block-heading\">\u2705 Fordeler<\/h3>\n\n\n\n<ul class=\"wp-block-list\">\n<li>\u2705 H\u00f8yere bonusbel\u00f8p sammenlignet med tilbud uten innskudd<\/li>\n\n\n\n<li>\u2705 Gir tilgang til velkomstpakker og VIP-fordeler<\/li>\n\n\n\n<li>\u2705 Inkluderer ofte b\u00e5de bonuspenger og gratisspinn<\/li>\n\n\n\n<li>\u2705 God verdi for spillere som allerede planlegger \u00e5 gj\u00f8re et innskudd<\/li>\n\n\n\n<li>\u2705 Aksepteres av de fleste nettcasinoer<\/li>\n<\/ul>\n<\/div>\n\n\n\n<div class=\"wp-block-column is-layout-flow wp-block-column-is-layout-flow\">\n<h3 class=\"wp-block-heading\">\u274c Ulemper<\/h3>\n\n\n\n<ul class=\"wp-block-list\">\n<li>\u274c Kommer med omsetningskrav (noen ganger 30x\u201350x)<\/li>\n\n\n\n<li>\u274c Bonusmidler kan v\u00e6re l\u00e5st inntil vilk\u00e5rene er oppfylt<\/li>\n\n\n\n<li>\u274c Noen spill er ekskludert fra bonusspill<\/li>\n\n\n\n<li>\u274c Maksimale innsatsgrenser kan gjelde n\u00e5r du bruker bonusen<\/li>\n\n\n\n<li>\u274c Uttak er ofte begrenset inntil bonusen er oppfylt<\/li>\n<\/ul>\n<\/div>\n<\/div>\n\n\n\n<h2 class=\"wp-block-heading\">Beste innskuddsbonuser i Norge<\/h2>\n\n\n\n<figure class=\"wp-block-table\"><table class=\"has-fixed-layout\"><thead><tr><th>Casino<\/th><th>Bonus<\/th><th>Betingelser<\/th><th>Kode \/ Info<\/th><th>Lenke<\/th><\/tr><\/thead><tbody><tr><td>LuckyVibe<\/td><td>Opptil kr 1 000 + 100 gratisspinn. Bonuser p\u00e5 2., 3. og 4. innskudd.<\/td><td>Reload-bonuser<\/td><td>\u2013<\/td><td><a href=\"https:\/\/www.kasinobonus.ai\/go\/luckyvibefi\/\">Spill n\u00e5<\/a><\/td><\/tr><tr><td>Bet on Red<\/td><td>50 gratisspinn uten innskudd + 100\u202f% opptil \u20ac100 + 150 gratisspinn<\/td><td>Bruk kampanjekode <strong>BLITZ3<\/strong> ved registrering<\/td><td><strong>BLITZ3<\/strong><\/td><td><a href=\"https:\/\/www.kasinobonus.ai\/go\/betonred\">Spill n\u00e5<\/a><\/td><\/tr><tr><td>Drip Casino<\/td><td>50 gratisspinn uten innskudd + 150\u202f% opptil \u20ac600<\/td><td>Gratisspinn p\u00e5 Alien Fruits (BGaming)<\/td><td>EKSKLUSIVT<\/td><td><a href=\"https:\/\/www.kasinobonus.ai\/go\/drip\">Spill n\u00e5<\/a><\/td><\/tr><tr><td>Campeonbet<\/td><td>50 gratisspinn p\u00e5 Gates of Olympus \u2013 GRATIS! + 140\u202f% opptil \u20ac1\u202f500<\/td><td>Kun for \ud83c\uddf3\ud83c\uddf4 spillere<\/td><td>\u2013<\/td><td><a href=\"https:\/\/www.kasinobonus.ai\/go\/campeonbet\">Spill n\u00e5<\/a><\/td><\/tr><tr><td>Gamblezen<\/td><td>40 gratisspinn p\u00e5 Sweet Bonanza \u2013 INGEN INNSKUDD + 500\u202f% opptil \u20ac3\u202f625 + 350 FS<\/td><td>Bruk kampanjekode <strong>40ZENBONUS<\/strong> ved registrering<\/td><td><strong>40ZENBONUS<\/strong><\/td><td><a href=\"https:\/\/www.kasinobonus.ai\/go\/gamblezen\">Spill n\u00e5<\/a><\/td><\/tr><\/tbody><\/table><\/figure>\n","protected":false},"excerpt":{"rendered":"<p>200% innskuddsbonus i Norge 200% innskuddsbonuser i Norge er ikke s\u00e5 utbredt som de en gang var, men hvis du vet hvor du skal lete, kan du fortsatt finne dem. En innskuddsbonus p\u00e5 200% indikerer at kasinoet effektivt vil tredoble bel\u00f8pet du investerer! For eksempel, hvis du setter inn 500kr, vil du f\u00e5 ytterligere 1000kr [&hellip;]<\/p>\n","protected":false},"author":1,"featured_media":9895,"parent":0,"menu_order":0,"comment_status":"open","ping_status":"closed","template":"","meta":{"inline_featured_image":false,"footnotes":""},"class_list":["post-9087","page","type-page","status-publish","has-post-thumbnail","hentry"],"yoast_head":"<!-- This site is optimized with the Yoast SEO plugin v24.5 - https:\/\/yoast.com\/wordpress\/plugins\/seo\/ -->\n<title>200% Innskuddsbonus (2025) - www.kasinobonus.ai<\/title>\n<meta name=\"description\" content=\"Velg det beste casinoet og grip en 200% innskuddsbonus \u2013 tredoble pengene dine med en gang! Start jakten p\u00e5 gevinster n\u00e5!\" \/>\n<meta name=\"robots\" content=\"index, follow, max-snippet:-1, max-image-preview:large, max-video-preview:-1\" \/>\n<link rel=\"canonical\" href=\"https:\/\/www.kasinobonus.ai\/no\/200-innskuddsbonus\/\" \/>\n<script type=\"application\/ld+json\" class=\"yoast-schema-graph\">{\"@context\":\"https:\/\/schema.org\",\"@graph\":[{\"@type\":\"WebPage\",\"@id\":\"https:\/\/www.kasinobonus.ai\/no\/200-innskuddsbonus\/\",\"url\":\"https:\/\/www.kasinobonus.ai\/no\/200-innskuddsbonus\/\",\"name\":\"200% Innskuddsbonus (2025) - www.kasinobonus.ai\",\"isPartOf\":{\"@id\":\"https:\/\/www.kasinobonus.ai\/no\/#website\"},\"primaryImageOfPage\":{\"@id\":\"https:\/\/www.kasinobonus.ai\/no\/200-innskuddsbonus\/#primaryimage\"},\"image\":{\"@id\":\"https:\/\/www.kasinobonus.ai\/no\/200-innskuddsbonus\/#primaryimage\"},\"thumbnailUrl\":\"https:\/\/www.kasinobonus.ai\/wp-content\/uploads\/2023\/12\/200_innskuddsbonus.jpg\",\"datePublished\":\"2023-08-29T13:58:06+00:00\",\"dateModified\":\"2025-07-13T20:37:01+00:00\",\"description\":\"Velg det beste casinoet og grip en 200% innskuddsbonus \u2013 tredoble pengene dine med en gang! Start jakten p\u00e5 gevinster n\u00e5!\",\"breadcrumb\":{\"@id\":\"https:\/\/www.kasinobonus.ai\/no\/200-innskuddsbonus\/#breadcrumb\"},\"inLanguage\":\"no-NO\",\"potentialAction\":[{\"@type\":\"ReadAction\",\"target\":[\"https:\/\/www.kasinobonus.ai\/no\/200-innskuddsbonus\/\"]}]},{\"@type\":\"ImageObject\",\"inLanguage\":\"no-NO\",\"@id\":\"https:\/\/www.kasinobonus.ai\/no\/200-innskuddsbonus\/#primaryimage\",\"url\":\"https:\/\/www.kasinobonus.ai\/wp-content\/uploads\/2023\/12\/200_innskuddsbonus.jpg\",\"contentUrl\":\"https:\/\/www.kasinobonus.ai\/wp-content\/uploads\/2023\/12\/200_innskuddsbonus.jpg\",\"width\":1200,\"height\":628,\"caption\":\"200 innskuddsbonus\"},{\"@type\":\"BreadcrumbList\",\"@id\":\"https:\/\/www.kasinobonus.ai\/no\/200-innskuddsbonus\/#breadcrumb\",\"itemListElement\":[{\"@type\":\"ListItem\",\"position\":1,\"name\":\"Home\",\"item\":\"https:\/\/kasinobonus.ai\/no\/\"},{\"@type\":\"ListItem\",\"position\":2,\"name\":\"200% Innskuddsbonus\"}]},{\"@type\":\"WebSite\",\"@id\":\"https:\/\/www.kasinobonus.ai\/no\/#website\",\"url\":\"https:\/\/www.kasinobonus.ai\/no\/\",\"name\":\"www.kasinobonus.ai\",\"description\":\"\",\"publisher\":{\"@id\":\"https:\/\/www.kasinobonus.ai\/no\/#organization\"},\"potentialAction\":[{\"@type\":\"SearchAction\",\"target\":{\"@type\":\"EntryPoint\",\"urlTemplate\":\"https:\/\/www.kasinobonus.ai\/no\/?s={search_term_string}\"},\"query-input\":{\"@type\":\"PropertyValueSpecification\",\"valueRequired\":true,\"valueName\":\"search_term_string\"}}],\"inLanguage\":\"no-NO\"},{\"@type\":\"Organization\",\"@id\":\"https:\/\/www.kasinobonus.ai\/no\/#organization\",\"name\":\"KasinoBonus\",\"alternateName\":\"KasinoBonusAI\",\"url\":\"https:\/\/www.kasinobonus.ai\/no\/\",\"logo\":{\"@type\":\"ImageObject\",\"inLanguage\":\"no-NO\",\"@id\":\"https:\/\/www.kasinobonus.ai\/no\/#\/schema\/logo\/image\/\",\"url\":\"https:\/\/www.kasinobonus.ai\/wp-content\/uploads\/2023\/09\/kasinobonus-logo-light.png\",\"contentUrl\":\"https:\/\/www.kasinobonus.ai\/wp-content\/uploads\/2023\/09\/kasinobonus-logo-light.png\",\"width\":3200,\"height\":596,\"caption\":\"KasinoBonus\"},\"image\":{\"@id\":\"https:\/\/www.kasinobonus.ai\/no\/#\/schema\/logo\/image\/\"},\"sameAs\":[\"https:\/\/www.facebook.com\/kasinobonusio\/\",\"https:\/\/x.com\/Kasinobonus_io\",\"https:\/\/www.linkedin.com\/in\/matti-slotte-26612033b\",\"http:\/\/kasinobonus.wikidot.com\/system:welcome\",\"https:\/\/www.trustpilot.com\/review\/www.kasinobonus.ai\",\"https:\/\/orcid.org\/0009-0007-2889-1713\",\"https:\/\/en.everybodywiki.com\/Matti_Slotte\",\"https:\/\/www.immuniweb.com\/ssl\/kasinobonus.ai\/M4lqCqYY\/\"]}]}<\/script>\n<!-- \/ Yoast SEO plugin. -->","yoast_head_json":{"title":"200% Innskuddsbonus (2025) - www.kasinobonus.ai","description":"Velg det beste casinoet og grip en 200% innskuddsbonus \u2013 tredoble pengene dine med en gang! Start jakten p\u00e5 gevinster n\u00e5!","robots":{"index":"index","follow":"follow","max-snippet":"max-snippet:-1","max-image-preview":"max-image-preview:large","max-video-preview":"max-video-preview:-1"},"canonical":"https:\/\/www.kasinobonus.ai\/no\/200-innskuddsbonus\/","schema":{"@context":"https:\/\/schema.org","@graph":[{"@type":"WebPage","@id":"https:\/\/www.kasinobonus.ai\/no\/200-innskuddsbonus\/","url":"https:\/\/www.kasinobonus.ai\/no\/200-innskuddsbonus\/","name":"200% Innskuddsbonus (2025) - www.kasinobonus.ai","isPartOf":{"@id":"https:\/\/www.kasinobonus.ai\/no\/#website"},"primaryImageOfPage":{"@id":"https:\/\/www.kasinobonus.ai\/no\/200-innskuddsbonus\/#primaryimage"},"image":{"@id":"https:\/\/www.kasinobonus.ai\/no\/200-innskuddsbonus\/#primaryimage"},"thumbnailUrl":"https:\/\/www.kasinobonus.ai\/wp-content\/uploads\/2023\/12\/200_innskuddsbonus.jpg","datePublished":"2023-08-29T13:58:06+00:00","dateModified":"2025-07-13T20:37:01+00:00","description":"Velg det beste casinoet og grip en 200% innskuddsbonus \u2013 tredoble pengene dine med en gang! Start jakten p\u00e5 gevinster n\u00e5!","breadcrumb":{"@id":"https:\/\/www.kasinobonus.ai\/no\/200-innskuddsbonus\/#breadcrumb"},"inLanguage":"no-NO","potentialAction":[{"@type":"ReadAction","target":["https:\/\/www.kasinobonus.ai\/no\/200-innskuddsbonus\/"]}]},{"@type":"ImageObject","inLanguage":"no-NO","@id":"https:\/\/www.kasinobonus.ai\/no\/200-innskuddsbonus\/#primaryimage","url":"https:\/\/www.kasinobonus.ai\/wp-content\/uploads\/2023\/12\/200_innskuddsbonus.jpg","contentUrl":"https:\/\/www.kasinobonus.ai\/wp-content\/uploads\/2023\/12\/200_innskuddsbonus.jpg","width":1200,"height":628,"caption":"200 innskuddsbonus"},{"@type":"BreadcrumbList","@id":"https:\/\/www.kasinobonus.ai\/no\/200-innskuddsbonus\/#breadcrumb","itemListElement":[{"@type":"ListItem","position":1,"name":"Home","item":"https:\/\/kasinobonus.ai\/no\/"},{"@type":"ListItem","position":2,"name":"200% Innskuddsbonus"}]},{"@type":"WebSite","@id":"https:\/\/www.kasinobonus.ai\/no\/#website","url":"https:\/\/www.kasinobonus.ai\/no\/","name":"www.kasinobonus.ai","description":"","publisher":{"@id":"https:\/\/www.kasinobonus.ai\/no\/#organization"},"potentialAction":[{"@type":"SearchAction","target":{"@type":"EntryPoint","urlTemplate":"https:\/\/www.kasinobonus.ai\/no\/?s={search_term_string}"},"query-input":{"@type":"PropertyValueSpecification","valueRequired":true,"valueName":"search_term_string"}}],"inLanguage":"no-NO"},{"@type":"Organization","@id":"https:\/\/www.kasinobonus.ai\/no\/#organization","name":"KasinoBonus","alternateName":"KasinoBonusAI","url":"https:\/\/www.kasinobonus.ai\/no\/","logo":{"@type":"ImageObject","inLanguage":"no-NO","@id":"https:\/\/www.kasinobonus.ai\/no\/#\/schema\/logo\/image\/","url":"https:\/\/www.kasinobonus.ai\/wp-content\/uploads\/2023\/09\/kasinobonus-logo-light.png","contentUrl":"https:\/\/www.kasinobonus.ai\/wp-content\/uploads\/2023\/09\/kasinobonus-logo-light.png","width":3200,"height":596,"caption":"KasinoBonus"},"image":{"@id":"https:\/\/www.kasinobonus.ai\/no\/#\/schema\/logo\/image\/"},"sameAs":["https:\/\/www.facebook.com\/kasinobonusio\/","https:\/\/x.com\/Kasinobonus_io","https:\/\/www.linkedin.com\/in\/matti-slotte-26612033b","http:\/\/kasinobonus.wikidot.com\/system:welcome","https:\/\/www.trustpilot.com\/review\/www.kasinobonus.ai","https:\/\/orcid.org\/0009-0007-2889-1713","https:\/\/en.everybodywiki.com\/Matti_Slotte","https:\/\/www.immuniweb.com\/ssl\/kasinobonus.ai\/M4lqCqYY\/"]}]}},"_links":{"self":[{"href":"https:\/\/www.kasinobonus.ai\/no\/wp-json\/wp\/v2\/pages\/9087","targetHints":{"allow":["GET"]}}],"collection":[{"href":"https:\/\/www.kasinobonus.ai\/no\/wp-json\/wp\/v2\/pages"}],"about":[{"href":"https:\/\/www.kasinobonus.ai\/no\/wp-json\/wp\/v2\/types\/page"}],"author":[{"embeddable":true,"href":"https:\/\/www.kasinobonus.ai\/no\/wp-json\/wp\/v2\/users\/1"}],"replies":[{"embeddable":true,"href":"https:\/\/www.kasinobonus.ai\/no\/wp-json\/wp\/v2\/comments?post=9087"}],"version-history":[{"count":4,"href":"https:\/\/www.kasinobonus.ai\/no\/wp-json\/wp\/v2\/pages\/9087\/revisions"}],"predecessor-version":[{"id":33524,"href":"https:\/\/www.kasinobonus.ai\/no\/wp-json\/wp\/v2\/pages\/9087\/revisions\/33524"}],"wp:featuredmedia":[{"embeddable":true,"href":"https:\/\/www.kasinobonus.ai\/no\/wp-json\/wp\/v2\/media\/9895"}],"wp:attachment":[{"href":"https:\/\/www.kasinobonus.ai\/no\/wp-json\/wp\/v2\/media?parent=9087"}],"curies":[{"name":"wp","href":"https:\/\/api.w.org\/{rel}","templated":true}]}}