{"id":9052,"date":"2023-08-29T14:00:09","date_gmt":"2023-08-29T14:00:09","guid":{"rendered":"http:\/\/kasinobonus.ai.dedivirt842.your-server.de\/20-ilmaiskierrosta-ilman-talletusta\/"},"modified":"2025-07-13T20:40:46","modified_gmt":"2025-07-13T20:40:46","slug":"20-gratisspinn-uten-innskudd","status":"publish","type":"page","link":"https:\/\/www.kasinobonus.ai\/no\/20-gratisspinn-uten-innskudd\/","title":{"rendered":"20 Gratisspinn Uten Innskudd"},"content":{"rendered":"\n<h1 class=\"wp-block-heading\"><strong>20 Gratisspinn Uten Innskudd &nbsp;i Norge<\/strong><\/h1>\n\n\n\n<p>Da jeg f\u00f8rst begynte \u00e5 spille p\u00e5 nett, husker jeg at jeg n\u00f8lte med \u00e5 sette inn penger. For \u00e5 gj\u00f8re vondt verre, hadde jeg <em>ingen<\/em> anelse om hvilke bonuser og kampanjer jeg skulle kreve \u2013 eller unng\u00e5. Det var helt til jeg oppdaget et tilbud p\u00e5 20 gratisspinn uten innskudd i Storbritannia \u2013 en fantastisk m\u00e5te \u00e5 f\u00e5 en f\u00f8lelse av spillene og, hvis jeg var heldig, vinne noen ekte penger!<\/p>\n\n\n\n<p>&nbsp;I dag vil jeg gjerne presentere deg noen av de beste tilbudene med 20 <a href=\"https:\/\/www.kasinobonus.ai\/no\/gratisspinn\/\">gratisspinn<\/a> uten innskudd. Det er en utmerket m\u00e5te \u00e5 f\u00e5 f\u00f8ttene v\u00e5te i nettkasinoriket, spesielt hvis du er n\u00f8lende med \u00e5 gj\u00f8re et innskudd \u2013 slik jeg var i begynnelsen.<\/p>\n\n\n\n<h2 class=\"wp-block-heading\">Kasinoer som tilbyr 20 gratisspinnbonuser uten innskudd 2025<\/h2>\n\n\n\n<p><br>Med s\u00e5 mange nettkasinoer som tilbyr bonuser uten innskudd, kan det v\u00e6re vanskelig \u00e5 finne de som har rettferdige regler og bonuser som kan tas ut. Heldigvis for deg har jeg gjort alt det harde arbeidet for deg: Ta en titt p\u00e5 noen av mine foretrukne valg nedenfor:<\/p>\n\n\n<p>[brand_table template=&#8221;table_style_1.php&#8221; country=&#8221;NO&#8221; bonus_type=&#8221;no_deposit&#8221;]<\/p>\n\n\n\n<p>Hvis et av disse tilbudene vekker oppmerksomheten din, velger du bare &#8220;Spill n\u00e5&#8221;-knappen, oppretter en konto, og dine 20 gratisspinnbonuser uten innskudd skal komme inn p\u00e5 kontoen din s\u00e5 snart du registrerer deg.<\/p>\n\n\n\n<figure class=\"wp-block-image size-full\"><img decoding=\"async\" width=\"1000\" height=\"666\" src=\"https:\/\/www.kasinobonus.ai\/wp-content\/uploads\/2025\/07\/20-Gratisspinn-Uten-Innskudd.jpg\" alt=\"Gratisspinn Uten Innskudd\" class=\"wp-image-33351\" srcset=\"https:\/\/www.kasinobonus.ai\/wp-content\/uploads\/2025\/07\/20-Gratisspinn-Uten-Innskudd.jpg 1000w, https:\/\/www.kasinobonus.ai\/wp-content\/uploads\/2025\/07\/20-Gratisspinn-Uten-Innskudd-300x200.jpg 300w, https:\/\/www.kasinobonus.ai\/wp-content\/uploads\/2025\/07\/20-Gratisspinn-Uten-Innskudd-768x511.jpg 768w, https:\/\/www.kasinobonus.ai\/wp-content\/uploads\/2025\/07\/20-Gratisspinn-Uten-Innskudd-110x73.jpg 110w, https:\/\/www.kasinobonus.ai\/wp-content\/uploads\/2025\/07\/20-Gratisspinn-Uten-Innskudd-575x383.jpg 575w\" sizes=\"(max-width: 1000px) 100vw, 1000px\" \/><\/figure>\n\n\n\n<h2 class=\"wp-block-heading\">Hvordan vi anmelder og velger kasinoer&nbsp;&nbsp;<\/h2>\n\n\n\n<p>N\u00e5r det gjelder \u00e5 velge de beste stedene \u00e5 spille, kaster ikke KasinoBonus bort tid. Vi anbefaler aldri kasinoer med et forferdelig rykte eller som ikke har de n\u00f8dvendige lisensene. Vi streber ogs\u00e5 etter \u00e5 presentere casinoer med varierte spilltilbud, slik at du kan spille alt fra spilleautomater og live-dealere til kasinobordspill og alt i mellom.<\/p>\n\n\n\n<p>&nbsp;Vi gj\u00f8r <em>ogs\u00e5<\/em> innskudd og spiller p\u00e5 hvert av casinoene vi anmelder. Dette lar oss gi deg en genuin, f\u00f8rsteh\u00e5ndsforklaring p\u00e5 hvordan de fungerer \u2013 og hva du kan forvente n\u00e5r du spiller selv.<\/p>\n\n\n\n<h2 class=\"wp-block-heading\">Topp spill \u00e5 pr\u00f8ve med dine 20 gratisspinn<\/h2>\n\n\n\n<p>Personlig foretrekker jeg spilleautomater med engasjerende temaer, innovative mekanismer og godt gevinstpotensial! Du kan ikke g\u00e5 galt med spillerfavoritter som Starburst eller Book of Dead, og nylig har jeg spilt mange av Nolimit Citys spill, som Mental og Nine-to-Five.<\/p>\n\n\n\n<h2 class=\"wp-block-heading\"><strong>Fordeler og Ulemper<\/strong><\/h2>\n\n\n\n<figure class=\"wp-block-image size-full\"><img decoding=\"async\" width=\"1000\" height=\"666\" src=\"https:\/\/www.kasinobonus.ai\/wp-content\/uploads\/2025\/06\/KB-Gratisspinn.jpg\" alt=\"Gratisspinn\" class=\"wp-image-29887\" srcset=\"https:\/\/www.kasinobonus.ai\/wp-content\/uploads\/2025\/06\/KB-Gratisspinn.jpg 1000w, https:\/\/www.kasinobonus.ai\/wp-content\/uploads\/2025\/06\/KB-Gratisspinn-300x200.jpg 300w, https:\/\/www.kasinobonus.ai\/wp-content\/uploads\/2025\/06\/KB-Gratisspinn-768x511.jpg 768w, https:\/\/www.kasinobonus.ai\/wp-content\/uploads\/2025\/06\/KB-Gratisspinn-110x73.jpg 110w, https:\/\/www.kasinobonus.ai\/wp-content\/uploads\/2025\/06\/KB-Gratisspinn-575x383.jpg 575w\" sizes=\"(max-width: 1000px) 100vw, 1000px\" \/><\/figure>\n\n\n\n<div class=\"wp-block-columns is-layout-flex wp-container-core-columns-is-layout-28f84493 wp-block-columns-is-layout-flex\">\n<div class=\"wp-block-column is-layout-flow wp-block-column-is-layout-flow\">\n<h3 class=\"wp-block-heading\">\u2705 Fordeler<\/h3>\n\n\n\n<ul class=\"wp-block-list\">\n<li>\u2705 Pr\u00f8v spilleautomater uten \u00e5 risikere dine egne penger<\/li>\n\n\n\n<li>\u2705 Tilbud uten innskudd tilgjengelig hos mange kasinoer<\/li>\n\n\n\n<li>\u2705 Sjanse til \u00e5 vinne ekte penger uten investering<\/li>\n\n\n\n<li>\u2705 God m\u00e5te \u00e5 utforske nye spill og leverand\u00f8rer<\/li>\n\n\n\n<li>\u2705 Nyttig for \u00e5 l\u00e6re hvordan spilleautomater fungerer<\/li>\n<\/ul>\n<\/div>\n\n\n\n<div class=\"wp-block-column is-layout-flow wp-block-column-is-layout-flow\">\n<h3 class=\"wp-block-heading\">\u274c Ulemper<\/h3>\n\n\n\n<ul class=\"wp-block-list\">\n<li>\u274c Omsetningskrav f\u00f8r uttak<\/li>\n\n\n\n<li>\u274c Ofte begrenset til bestemte spilleautomater<\/li>\n\n\n\n<li>\u274c Maksimale gevinst- eller uttaksgrenser gjelder<\/li>\n\n\n\n<li>\u274c Gratisspinn utl\u00f8per vanligvis innen 24\u201372 timer<\/li>\n\n\n\n<li>\u274c Bonusvilk\u00e5rene kan v\u00e6re strenge eller forvirrende<\/li>\n<\/ul>\n<\/div>\n<\/div>\n\n\n\n<h2 class=\"wp-block-heading\">Popul\u00e6re spilleautomater med gratisspinn-bonus<\/h2>\n\n\n\n<figure class=\"wp-block-table\"><table class=\"has-fixed-layout\"><thead><tr><th>Popul\u00e6r spilleautomat<\/th><th>Spilleverand\u00f8r<\/th><th>Gratisspinn (Bonus)<\/th><th>RTP<\/th><th>Casino<\/th><\/tr><\/thead><tbody><tr><td>Sweet\u202fBonanza<\/td><td>Pragmatic\u202fPlay<\/td><td>20 gratisspinn<\/td><td>96,51\u202f%<\/td><td>Rollino<\/td><\/tr><tr><td>Book\u202fof\u202fMuseum<\/td><td>GameArt<\/td><td>25 gratisspinn<\/td><td>96,10\u202f%<\/td><td>Horus Casino<\/td><\/tr><tr><td>Angry\u202fDogs<\/td><td>GameArt<\/td><td>25 gratisspinn<\/td><td>96,36\u202f%<\/td><td>Kryptosino<\/td><\/tr><tr><td>Hollywoof<\/td><td>GameArt<\/td><td>25 gratisspinn<\/td><td>96,10\u202f%<\/td><td>Vegaz Casino<\/td><\/tr><tr><td>Sweet\u202fBonanza<\/td><td>Pragmatic\u202fPlay<\/td><td>30 gratisspinn<\/td><td>96,51\u202f%<\/td><td>Megapari<\/td><\/tr><tr><td>Book\u202fof\u202fDead<\/td><td>Play\u2019n\u202fGO<\/td><td>25 gratisspinn<\/td><td>96,21\u202f%<\/td><td>BetMaximus<\/td><\/tr><tr><td>Ruby Win \u2013 Hold the Spin<\/td><td>Gamzix<\/td><td>25 gratisspinn<\/td><td>96,00\u202f%<\/td><td>LevelUp Casino<\/td><\/tr><tr><td>Joker Stoker<\/td><td>Endorphina<\/td><td>100 gratisspinn<\/td><td>96,00\u202f%<\/td><td>BetFury<\/td><\/tr><tr><td>Bastet and Cats<\/td><td>Betfury<\/td><td>100 gratisspinn<\/td><td>96,20\u202f%<\/td><td>BetFury<\/td><\/tr><tr><td>Doors Of Fresh<\/td><td>BGaming<\/td><td>50 gratisspinn<\/td><td>96,85\u202f%<\/td><td>Fresh Casino<\/td><\/tr><tr><td>Gates of Olympus<\/td><td>Pragmatic\u202fPlay<\/td><td>50 gratisspinn<\/td><td>96,50\u202f%<\/td><td>Campeonbet<\/td><\/tr><tr><td>Alien Fruits<\/td><td>BGaming<\/td><td>50 gratisspinn<\/td><td>97,00\u202f%<\/td><td>Drip Casino<\/td><\/tr><\/tbody><\/table><\/figure>\n\n\n\n<h2 class=\"wp-block-heading\" id=\"tw-target-text\">Ansvarlige spillressurser<\/h2>\n\n\n\n<ul class=\"wp-block-list\">\n<li><a href=\"https:\/\/www.lottstift.no\/\">https:\/\/www.lottstift.no\/<\/a><\/li>\n\n\n\n<li><a href=\"https:\/\/www.hjelpelinjen.no\/\">https:\/\/www.hjelpelinjen.no\/<\/a><\/li>\n\n\n\n<li><a href=\"https:\/\/www.spillkontroll.no\/\">https:\/\/www.spillkontroll.no\/<\/a><\/li>\n\n\n\n<li><a href=\"https:\/\/www.blakors.no\/\">https:\/\/www.blakors.no\/<\/a><\/li>\n\n\n\n<li><a href=\"https:\/\/www.spillavhengighet.no\/\">https:\/\/www.spillavhengighet.no\/<\/a><\/li>\n<\/ul>\n","protected":false},"excerpt":{"rendered":"<p>20 Gratisspinn Uten Innskudd &nbsp;i Norge Da jeg f\u00f8rst begynte \u00e5 spille p\u00e5 nett, husker jeg at jeg n\u00f8lte med \u00e5 sette inn penger. For \u00e5 gj\u00f8re vondt verre, hadde jeg ingen anelse om hvilke bonuser og kampanjer jeg skulle kreve \u2013 eller unng\u00e5. Det var helt til jeg oppdaget et tilbud p\u00e5 20 gratisspinn [&hellip;]<\/p>\n","protected":false},"author":1,"featured_media":10097,"parent":0,"menu_order":0,"comment_status":"open","ping_status":"closed","template":"","meta":{"inline_featured_image":false,"footnotes":""},"class_list":["post-9052","page","type-page","status-publish","has-post-thumbnail","hentry"],"yoast_head":"<!-- This site is optimized with the Yoast SEO plugin v24.5 - https:\/\/yoast.com\/wordpress\/plugins\/seo\/ -->\n<title>20 Gratisspinn Uten Innskudd (2025) - www.kasinobonus.ai<\/title>\n<meta name=\"description\" content=\"Sikre deg 20 gratisspinn uten innskudd i 2025 og start kasinoeventyret p\u00e5 v\u00e5re anbefalte steder! Lykke til!\" \/>\n<meta name=\"robots\" content=\"index, follow, max-snippet:-1, max-image-preview:large, max-video-preview:-1\" \/>\n<link rel=\"canonical\" href=\"https:\/\/www.kasinobonus.ai\/no\/20-gratisspinn-uten-innskudd\/\" \/>\n<script type=\"application\/ld+json\" class=\"yoast-schema-graph\">{\"@context\":\"https:\/\/schema.org\",\"@graph\":[{\"@type\":\"WebPage\",\"@id\":\"https:\/\/www.kasinobonus.ai\/no\/20-gratisspinn-uten-innskudd\/\",\"url\":\"https:\/\/www.kasinobonus.ai\/no\/20-gratisspinn-uten-innskudd\/\",\"name\":\"20 Gratisspinn Uten Innskudd (2025) - www.kasinobonus.ai\",\"isPartOf\":{\"@id\":\"https:\/\/www.kasinobonus.ai\/no\/#website\"},\"primaryImageOfPage\":{\"@id\":\"https:\/\/www.kasinobonus.ai\/no\/20-gratisspinn-uten-innskudd\/#primaryimage\"},\"image\":{\"@id\":\"https:\/\/www.kasinobonus.ai\/no\/20-gratisspinn-uten-innskudd\/#primaryimage\"},\"thumbnailUrl\":\"https:\/\/www.kasinobonus.ai\/wp-content\/uploads\/2023\/12\/20-gratis-spinn-1.jpg\",\"datePublished\":\"2023-08-29T14:00:09+00:00\",\"dateModified\":\"2025-07-13T20:40:46+00:00\",\"description\":\"Sikre deg 20 gratisspinn uten innskudd i 2025 og start kasinoeventyret p\u00e5 v\u00e5re anbefalte steder! Lykke til!\",\"breadcrumb\":{\"@id\":\"https:\/\/www.kasinobonus.ai\/no\/20-gratisspinn-uten-innskudd\/#breadcrumb\"},\"inLanguage\":\"no-NO\",\"potentialAction\":[{\"@type\":\"ReadAction\",\"target\":[\"https:\/\/www.kasinobonus.ai\/no\/20-gratisspinn-uten-innskudd\/\"]}]},{\"@type\":\"ImageObject\",\"inLanguage\":\"no-NO\",\"@id\":\"https:\/\/www.kasinobonus.ai\/no\/20-gratisspinn-uten-innskudd\/#primaryimage\",\"url\":\"https:\/\/www.kasinobonus.ai\/wp-content\/uploads\/2023\/12\/20-gratis-spinn-1.jpg\",\"contentUrl\":\"https:\/\/www.kasinobonus.ai\/wp-content\/uploads\/2023\/12\/20-gratis-spinn-1.jpg\",\"width\":1200,\"height\":628,\"caption\":\"20 gratis spinn 1\"},{\"@type\":\"BreadcrumbList\",\"@id\":\"https:\/\/www.kasinobonus.ai\/no\/20-gratisspinn-uten-innskudd\/#breadcrumb\",\"itemListElement\":[{\"@type\":\"ListItem\",\"position\":1,\"name\":\"Home\",\"item\":\"https:\/\/kasinobonus.ai\/no\/\"},{\"@type\":\"ListItem\",\"position\":2,\"name\":\"20 Gratisspinn Uten Innskudd\"}]},{\"@type\":\"WebSite\",\"@id\":\"https:\/\/www.kasinobonus.ai\/no\/#website\",\"url\":\"https:\/\/www.kasinobonus.ai\/no\/\",\"name\":\"www.kasinobonus.ai\",\"description\":\"\",\"publisher\":{\"@id\":\"https:\/\/www.kasinobonus.ai\/no\/#organization\"},\"potentialAction\":[{\"@type\":\"SearchAction\",\"target\":{\"@type\":\"EntryPoint\",\"urlTemplate\":\"https:\/\/www.kasinobonus.ai\/no\/?s={search_term_string}\"},\"query-input\":{\"@type\":\"PropertyValueSpecification\",\"valueRequired\":true,\"valueName\":\"search_term_string\"}}],\"inLanguage\":\"no-NO\"},{\"@type\":\"Organization\",\"@id\":\"https:\/\/www.kasinobonus.ai\/no\/#organization\",\"name\":\"KasinoBonus\",\"alternateName\":\"KasinoBonusAI\",\"url\":\"https:\/\/www.kasinobonus.ai\/no\/\",\"logo\":{\"@type\":\"ImageObject\",\"inLanguage\":\"no-NO\",\"@id\":\"https:\/\/www.kasinobonus.ai\/no\/#\/schema\/logo\/image\/\",\"url\":\"https:\/\/www.kasinobonus.ai\/wp-content\/uploads\/2023\/09\/kasinobonus-logo-light.png\",\"contentUrl\":\"https:\/\/www.kasinobonus.ai\/wp-content\/uploads\/2023\/09\/kasinobonus-logo-light.png\",\"width\":3200,\"height\":596,\"caption\":\"KasinoBonus\"},\"image\":{\"@id\":\"https:\/\/www.kasinobonus.ai\/no\/#\/schema\/logo\/image\/\"},\"sameAs\":[\"https:\/\/www.facebook.com\/kasinobonusio\/\",\"https:\/\/x.com\/Kasinobonus_io\",\"https:\/\/www.linkedin.com\/in\/matti-slotte-26612033b\",\"http:\/\/kasinobonus.wikidot.com\/system:welcome\",\"https:\/\/www.trustpilot.com\/review\/www.kasinobonus.ai\",\"https:\/\/orcid.org\/0009-0007-2889-1713\",\"https:\/\/en.everybodywiki.com\/Matti_Slotte\",\"https:\/\/www.immuniweb.com\/ssl\/kasinobonus.ai\/M4lqCqYY\/\"]}]}<\/script>\n<!-- \/ Yoast SEO plugin. -->","yoast_head_json":{"title":"20 Gratisspinn Uten Innskudd (2025) - www.kasinobonus.ai","description":"Sikre deg 20 gratisspinn uten innskudd i 2025 og start kasinoeventyret p\u00e5 v\u00e5re anbefalte steder! Lykke til!","robots":{"index":"index","follow":"follow","max-snippet":"max-snippet:-1","max-image-preview":"max-image-preview:large","max-video-preview":"max-video-preview:-1"},"canonical":"https:\/\/www.kasinobonus.ai\/no\/20-gratisspinn-uten-innskudd\/","schema":{"@context":"https:\/\/schema.org","@graph":[{"@type":"WebPage","@id":"https:\/\/www.kasinobonus.ai\/no\/20-gratisspinn-uten-innskudd\/","url":"https:\/\/www.kasinobonus.ai\/no\/20-gratisspinn-uten-innskudd\/","name":"20 Gratisspinn Uten Innskudd (2025) - www.kasinobonus.ai","isPartOf":{"@id":"https:\/\/www.kasinobonus.ai\/no\/#website"},"primaryImageOfPage":{"@id":"https:\/\/www.kasinobonus.ai\/no\/20-gratisspinn-uten-innskudd\/#primaryimage"},"image":{"@id":"https:\/\/www.kasinobonus.ai\/no\/20-gratisspinn-uten-innskudd\/#primaryimage"},"thumbnailUrl":"https:\/\/www.kasinobonus.ai\/wp-content\/uploads\/2023\/12\/20-gratis-spinn-1.jpg","datePublished":"2023-08-29T14:00:09+00:00","dateModified":"2025-07-13T20:40:46+00:00","description":"Sikre deg 20 gratisspinn uten innskudd i 2025 og start kasinoeventyret p\u00e5 v\u00e5re anbefalte steder! Lykke til!","breadcrumb":{"@id":"https:\/\/www.kasinobonus.ai\/no\/20-gratisspinn-uten-innskudd\/#breadcrumb"},"inLanguage":"no-NO","potentialAction":[{"@type":"ReadAction","target":["https:\/\/www.kasinobonus.ai\/no\/20-gratisspinn-uten-innskudd\/"]}]},{"@type":"ImageObject","inLanguage":"no-NO","@id":"https:\/\/www.kasinobonus.ai\/no\/20-gratisspinn-uten-innskudd\/#primaryimage","url":"https:\/\/www.kasinobonus.ai\/wp-content\/uploads\/2023\/12\/20-gratis-spinn-1.jpg","contentUrl":"https:\/\/www.kasinobonus.ai\/wp-content\/uploads\/2023\/12\/20-gratis-spinn-1.jpg","width":1200,"height":628,"caption":"20 gratis spinn 1"},{"@type":"BreadcrumbList","@id":"https:\/\/www.kasinobonus.ai\/no\/20-gratisspinn-uten-innskudd\/#breadcrumb","itemListElement":[{"@type":"ListItem","position":1,"name":"Home","item":"https:\/\/kasinobonus.ai\/no\/"},{"@type":"ListItem","position":2,"name":"20 Gratisspinn Uten Innskudd"}]},{"@type":"WebSite","@id":"https:\/\/www.kasinobonus.ai\/no\/#website","url":"https:\/\/www.kasinobonus.ai\/no\/","name":"www.kasinobonus.ai","description":"","publisher":{"@id":"https:\/\/www.kasinobonus.ai\/no\/#organization"},"potentialAction":[{"@type":"SearchAction","target":{"@type":"EntryPoint","urlTemplate":"https:\/\/www.kasinobonus.ai\/no\/?s={search_term_string}"},"query-input":{"@type":"PropertyValueSpecification","valueRequired":true,"valueName":"search_term_string"}}],"inLanguage":"no-NO"},{"@type":"Organization","@id":"https:\/\/www.kasinobonus.ai\/no\/#organization","name":"KasinoBonus","alternateName":"KasinoBonusAI","url":"https:\/\/www.kasinobonus.ai\/no\/","logo":{"@type":"ImageObject","inLanguage":"no-NO","@id":"https:\/\/www.kasinobonus.ai\/no\/#\/schema\/logo\/image\/","url":"https:\/\/www.kasinobonus.ai\/wp-content\/uploads\/2023\/09\/kasinobonus-logo-light.png","contentUrl":"https:\/\/www.kasinobonus.ai\/wp-content\/uploads\/2023\/09\/kasinobonus-logo-light.png","width":3200,"height":596,"caption":"KasinoBonus"},"image":{"@id":"https:\/\/www.kasinobonus.ai\/no\/#\/schema\/logo\/image\/"},"sameAs":["https:\/\/www.facebook.com\/kasinobonusio\/","https:\/\/x.com\/Kasinobonus_io","https:\/\/www.linkedin.com\/in\/matti-slotte-26612033b","http:\/\/kasinobonus.wikidot.com\/system:welcome","https:\/\/www.trustpilot.com\/review\/www.kasinobonus.ai","https:\/\/orcid.org\/0009-0007-2889-1713","https:\/\/en.everybodywiki.com\/Matti_Slotte","https:\/\/www.immuniweb.com\/ssl\/kasinobonus.ai\/M4lqCqYY\/"]}]}},"_links":{"self":[{"href":"https:\/\/www.kasinobonus.ai\/no\/wp-json\/wp\/v2\/pages\/9052","targetHints":{"allow":["GET"]}}],"collection":[{"href":"https:\/\/www.kasinobonus.ai\/no\/wp-json\/wp\/v2\/pages"}],"about":[{"href":"https:\/\/www.kasinobonus.ai\/no\/wp-json\/wp\/v2\/types\/page"}],"author":[{"embeddable":true,"href":"https:\/\/www.kasinobonus.ai\/no\/wp-json\/wp\/v2\/users\/1"}],"replies":[{"embeddable":true,"href":"https:\/\/www.kasinobonus.ai\/no\/wp-json\/wp\/v2\/comments?post=9052"}],"version-history":[{"count":4,"href":"https:\/\/www.kasinobonus.ai\/no\/wp-json\/wp\/v2\/pages\/9052\/revisions"}],"predecessor-version":[{"id":33534,"href":"https:\/\/www.kasinobonus.ai\/no\/wp-json\/wp\/v2\/pages\/9052\/revisions\/33534"}],"wp:featuredmedia":[{"embeddable":true,"href":"https:\/\/www.kasinobonus.ai\/no\/wp-json\/wp\/v2\/media\/10097"}],"wp:attachment":[{"href":"https:\/\/www.kasinobonus.ai\/no\/wp-json\/wp\/v2\/media?parent=9052"}],"curies":[{"name":"wp","href":"https:\/\/api.w.org\/{rel}","templated":true}]}}