{"id":9024,"date":"2023-08-29T14:00:49","date_gmt":"2023-08-29T14:00:49","guid":{"rendered":"http:\/\/kasinobonus.ai.dedivirt842.your-server.de\/60-ilmaiskierrosta-ilman-talletusta\/"},"modified":"2025-07-13T20:41:31","modified_gmt":"2025-07-13T20:41:31","slug":"60-gratisspinn-uten-innskudd","status":"publish","type":"page","link":"https:\/\/www.kasinobonus.ai\/no\/60-gratisspinn-uten-innskudd\/","title":{"rendered":"60 Gratisspinn Uten Innskudd"},"content":{"rendered":"\n<h1 class=\"wp-block-heading\">60 Gratisspinn Uten Innskudd i Norge<\/h1>\n\n\n\n<p>Jeg mottar MANGE kommentarer fra spillere som sp\u00f8r hvor de kan finne de beste <a href=\"https:\/\/www.kasinobonus.ai\/no\/gratisspinn\/\">gratisspinnbonusene<\/a> uten innskudd \u2013 og for \u00f8yeblikket er det ganske mange tilgjengelige, s\u00e5 det er viktigere enn noen gang \u00e5 velge den riktige!<\/p>\n\n\n\n<p>Som en ivrig pokies-spiller <em>selv<\/em>, vet jeg en ting eller to om \u00e5 velge de beste freebies \u2013 og i dag skal jeg vise deg de 60 beste tilbudene uten innskudd <a href=\"https:\/\/www.kasinobonus.ai\/no\/gratisspinn\/\">gratisspinn<\/a> tilgjengelig for britiske spillere.<\/p>\n\n\n\n<h2 class=\"wp-block-heading\">Kasinoer som tilbyr 60 gratisspinn bonus uten innskudd 2025&nbsp;&nbsp;<\/h2>\n\n\n\n<p>Med s\u00e5 mange nettkasinoer som <em>tilbyr<\/em> 60 gratisspinn uten innskuddskrevende bonuser, kan det v\u00e6re vanskelig \u00e5 oppdage de som har lave omsetningskrav, h\u00f8ye maksimale utbetalingsgrenser og ikke krever at du tidligere har gjort et innskudd. Derfor har jeg jobbet hardt for \u00e5 <em>vise deg<\/em> de beste tilbudene \u2013 som alle er i tabellen nedenfor:<\/p>\n\n\n<p>[brand_table template=&#8221;table_style_1.php&#8221; country=&#8221;NO&#8221; bonus_type=&#8221;no_deposit&#8221;]<\/p>\n\n\n\n<p>Hvis du ser en bonus eller et kasino du liker utseendet til, er alt du trenger \u00e5 gj\u00f8re \u00e5 klikke p\u00e5 \u00abSpill n\u00e5\u00bb-knappen for \u00e5 komme i gang!<\/p>\n\n\n\n<figure class=\"wp-block-image size-full is-resized\"><img decoding=\"async\" width=\"1000\" height=\"666\" src=\"https:\/\/www.kasinobonus.ai\/wp-content\/uploads\/2025\/07\/60-Gratisspinn-Uten-Innskudd.jpg\" alt=\"Gratisspinn Uten Innskudd\" class=\"wp-image-33396\" style=\"width:1006px;height:auto\" srcset=\"https:\/\/www.kasinobonus.ai\/wp-content\/uploads\/2025\/07\/60-Gratisspinn-Uten-Innskudd.jpg 1000w, https:\/\/www.kasinobonus.ai\/wp-content\/uploads\/2025\/07\/60-Gratisspinn-Uten-Innskudd-300x200.jpg 300w, https:\/\/www.kasinobonus.ai\/wp-content\/uploads\/2025\/07\/60-Gratisspinn-Uten-Innskudd-768x511.jpg 768w, https:\/\/www.kasinobonus.ai\/wp-content\/uploads\/2025\/07\/60-Gratisspinn-Uten-Innskudd-110x73.jpg 110w, https:\/\/www.kasinobonus.ai\/wp-content\/uploads\/2025\/07\/60-Gratisspinn-Uten-Innskudd-575x383.jpg 575w\" sizes=\"(max-width: 1000px) 100vw, 1000px\" \/><\/figure>\n\n\n\n<h2 class=\"wp-block-heading\">Hvordan vi vurderer og velger kasinoer&nbsp;<\/h2>\n\n\n\n<p>KasinoBonus sikrer hele tiden at kasinoene vi anbefaler er p\u00e5litelige, legitime og <em>lisensierte<\/em>. V\u00e5rt profesjonelle vurderingsteam vurderer et bredt spekter av variabler, inkludert lisens, spillmangfold, bonusvilk\u00e5r og -betingelser, kundeservicealternativer og utbetalingshastigheter \u2013 og vi anbefaler <em>alltid<\/em> trygge, anerkjente nettsteder som du kan stole p\u00e5.<\/p>\n\n\n\n<h2 class=\"wp-block-heading\"><strong>Fordeler og Ulemper<\/strong><\/h2>\n\n\n\n<figure class=\"wp-block-image size-full\"><img decoding=\"async\" width=\"1000\" height=\"666\" src=\"https:\/\/www.kasinobonus.ai\/wp-content\/uploads\/2025\/06\/KB-Gratisspinn.jpg\" alt=\"Gratisspinn\" class=\"wp-image-29887\" srcset=\"https:\/\/www.kasinobonus.ai\/wp-content\/uploads\/2025\/06\/KB-Gratisspinn.jpg 1000w, https:\/\/www.kasinobonus.ai\/wp-content\/uploads\/2025\/06\/KB-Gratisspinn-300x200.jpg 300w, https:\/\/www.kasinobonus.ai\/wp-content\/uploads\/2025\/06\/KB-Gratisspinn-768x511.jpg 768w, https:\/\/www.kasinobonus.ai\/wp-content\/uploads\/2025\/06\/KB-Gratisspinn-110x73.jpg 110w, https:\/\/www.kasinobonus.ai\/wp-content\/uploads\/2025\/06\/KB-Gratisspinn-575x383.jpg 575w\" sizes=\"(max-width: 1000px) 100vw, 1000px\" \/><\/figure>\n\n\n\n<div class=\"wp-block-columns is-layout-flex wp-container-core-columns-is-layout-28f84493 wp-block-columns-is-layout-flex\">\n<div class=\"wp-block-column is-layout-flow wp-block-column-is-layout-flow\">\n<h3 class=\"wp-block-heading\">\u2705 Fordeler<\/h3>\n\n\n\n<ul class=\"wp-block-list\">\n<li>\u2705 Pr\u00f8v spilleautomater uten \u00e5 risikere dine egne penger<\/li>\n\n\n\n<li>\u2705 Tilbud uten innskudd tilgjengelig hos mange kasinoer<\/li>\n\n\n\n<li>\u2705 Sjanse til \u00e5 vinne ekte penger uten investering<\/li>\n\n\n\n<li>\u2705 God m\u00e5te \u00e5 utforske nye spill og leverand\u00f8rer<\/li>\n\n\n\n<li>\u2705 Nyttig for \u00e5 l\u00e6re hvordan spilleautomater fungerer<\/li>\n<\/ul>\n<\/div>\n\n\n\n<div class=\"wp-block-column is-layout-flow wp-block-column-is-layout-flow\">\n<h3 class=\"wp-block-heading\">\u274c Ulemper<\/h3>\n\n\n\n<ul class=\"wp-block-list\">\n<li>\u274c Omsetningskrav f\u00f8r uttak<\/li>\n\n\n\n<li>\u274c Ofte begrenset til bestemte spilleautomater<\/li>\n\n\n\n<li>\u274c Maksimale gevinst- eller uttaksgrenser gjelder<\/li>\n\n\n\n<li>\u274c Gratisspinn utl\u00f8per vanligvis innen 24\u201372 timer<\/li>\n\n\n\n<li>\u274c Bonusvilk\u00e5rene kan v\u00e6re strenge eller forvirrende<\/li>\n<\/ul>\n<\/div>\n<\/div>\n\n\n\n<h2 class=\"wp-block-heading\">Popul\u00e6re spilleautomater med gratisspinn-bonus<\/h2>\n\n\n\n<figure class=\"wp-block-table\"><table class=\"has-fixed-layout\"><thead><tr><th>Popul\u00e6r spilleautomat<\/th><th>Spilleverand\u00f8r<\/th><th>Gratisspinn (Bonus)<\/th><th>RTP<\/th><th>Casino<\/th><\/tr><\/thead><tbody><tr><td>Sweet\u202fBonanza<\/td><td>Pragmatic\u202fPlay<\/td><td>20 gratisspinn<\/td><td>96,51\u202f%<\/td><td>Rollino<\/td><\/tr><tr><td>Book\u202fof\u202fMuseum<\/td><td>GameArt<\/td><td>25 gratisspinn<\/td><td>96,10\u202f%<\/td><td>Horus Casino<\/td><\/tr><tr><td>Angry\u202fDogs<\/td><td>GameArt<\/td><td>25 gratisspinn<\/td><td>96,36\u202f%<\/td><td>Kryptosino<\/td><\/tr><tr><td>Hollywoof<\/td><td>GameArt<\/td><td>25 gratisspinn<\/td><td>96,10\u202f%<\/td><td>Vegaz Casino<\/td><\/tr><tr><td>Sweet\u202fBonanza<\/td><td>Pragmatic\u202fPlay<\/td><td>30 gratisspinn<\/td><td>96,51\u202f%<\/td><td>Megapari<\/td><\/tr><tr><td>Book\u202fof\u202fDead<\/td><td>Play\u2019n\u202fGO<\/td><td>25 gratisspinn<\/td><td>96,21\u202f%<\/td><td>BetMaximus<\/td><\/tr><tr><td>Ruby Win \u2013 Hold the Spin<\/td><td>Gamzix<\/td><td>25 gratisspinn<\/td><td>96,00\u202f%<\/td><td>LevelUp Casino<\/td><\/tr><tr><td>Joker Stoker<\/td><td>Endorphina<\/td><td>100 gratisspinn<\/td><td>96,00\u202f%<\/td><td>BetFury<\/td><\/tr><tr><td>Bastet and Cats<\/td><td>Betfury<\/td><td>100 gratisspinn<\/td><td>96,20\u202f%<\/td><td>BetFury<\/td><\/tr><tr><td>Doors Of Fresh<\/td><td>BGaming<\/td><td>50 gratisspinn<\/td><td>96,85\u202f%<\/td><td>Fresh Casino<\/td><\/tr><tr><td>Gates of Olympus<\/td><td>Pragmatic\u202fPlay<\/td><td>50 gratisspinn<\/td><td>96,50\u202f%<\/td><td>Campeonbet<\/td><\/tr><tr><td>Alien Fruits<\/td><td>BGaming<\/td><td>50 gratisspinn<\/td><td>97,00\u202f%<\/td><td>Drip Casino<\/td><\/tr><\/tbody><\/table><\/figure>\n","protected":false},"excerpt":{"rendered":"<p>60 Gratisspinn Uten Innskudd i Norge Jeg mottar MANGE kommentarer fra spillere som sp\u00f8r hvor de kan finne de beste gratisspinnbonusene uten innskudd \u2013 og for \u00f8yeblikket er det ganske mange tilgjengelige, s\u00e5 det er viktigere enn noen gang \u00e5 velge den riktige! Som en ivrig pokies-spiller selv, vet jeg en ting eller to om [&hellip;]<\/p>\n","protected":false},"author":1,"featured_media":10154,"parent":0,"menu_order":0,"comment_status":"open","ping_status":"closed","template":"","meta":{"inline_featured_image":false,"footnotes":""},"class_list":["post-9024","page","type-page","status-publish","has-post-thumbnail","hentry"],"yoast_head":"<!-- This site is optimized with the Yoast SEO plugin v24.5 - https:\/\/yoast.com\/wordpress\/plugins\/seo\/ -->\n<title>60 Gratisspinn Uten Innskudd (2025) - www.kasinobonus.ai<\/title>\n<meta name=\"description\" content=\"Opplev de beste kasinotilbudene i 2025! Grip sjansen til \u00e5 f\u00e5 60 gratisspinn uten innskudd og pr\u00f8v de mest popul\u00e6re spilleautomatene risikofritt.\" \/>\n<meta name=\"robots\" content=\"index, follow, max-snippet:-1, max-image-preview:large, max-video-preview:-1\" \/>\n<link rel=\"canonical\" href=\"https:\/\/www.kasinobonus.ai\/no\/60-gratisspinn-uten-innskudd\/\" \/>\n<script type=\"application\/ld+json\" class=\"yoast-schema-graph\">{\"@context\":\"https:\/\/schema.org\",\"@graph\":[{\"@type\":\"WebPage\",\"@id\":\"https:\/\/www.kasinobonus.ai\/no\/60-gratisspinn-uten-innskudd\/\",\"url\":\"https:\/\/www.kasinobonus.ai\/no\/60-gratisspinn-uten-innskudd\/\",\"name\":\"60 Gratisspinn Uten Innskudd (2025) - www.kasinobonus.ai\",\"isPartOf\":{\"@id\":\"https:\/\/www.kasinobonus.ai\/no\/#website\"},\"primaryImageOfPage\":{\"@id\":\"https:\/\/www.kasinobonus.ai\/no\/60-gratisspinn-uten-innskudd\/#primaryimage\"},\"image\":{\"@id\":\"https:\/\/www.kasinobonus.ai\/no\/60-gratisspinn-uten-innskudd\/#primaryimage\"},\"thumbnailUrl\":\"https:\/\/www.kasinobonus.ai\/wp-content\/uploads\/2023\/12\/60-gratis-spinn_no.jpg\",\"datePublished\":\"2023-08-29T14:00:49+00:00\",\"dateModified\":\"2025-07-13T20:41:31+00:00\",\"description\":\"Opplev de beste kasinotilbudene i 2025! Grip sjansen til \u00e5 f\u00e5 60 gratisspinn uten innskudd og pr\u00f8v de mest popul\u00e6re spilleautomatene risikofritt.\",\"breadcrumb\":{\"@id\":\"https:\/\/www.kasinobonus.ai\/no\/60-gratisspinn-uten-innskudd\/#breadcrumb\"},\"inLanguage\":\"no-NO\",\"potentialAction\":[{\"@type\":\"ReadAction\",\"target\":[\"https:\/\/www.kasinobonus.ai\/no\/60-gratisspinn-uten-innskudd\/\"]}]},{\"@type\":\"ImageObject\",\"inLanguage\":\"no-NO\",\"@id\":\"https:\/\/www.kasinobonus.ai\/no\/60-gratisspinn-uten-innskudd\/#primaryimage\",\"url\":\"https:\/\/www.kasinobonus.ai\/wp-content\/uploads\/2023\/12\/60-gratis-spinn_no.jpg\",\"contentUrl\":\"https:\/\/www.kasinobonus.ai\/wp-content\/uploads\/2023\/12\/60-gratis-spinn_no.jpg\",\"width\":1200,\"height\":628,\"caption\":\"60 gratis spinn no\"},{\"@type\":\"BreadcrumbList\",\"@id\":\"https:\/\/www.kasinobonus.ai\/no\/60-gratisspinn-uten-innskudd\/#breadcrumb\",\"itemListElement\":[{\"@type\":\"ListItem\",\"position\":1,\"name\":\"Home\",\"item\":\"https:\/\/kasinobonus.ai\/no\/\"},{\"@type\":\"ListItem\",\"position\":2,\"name\":\"60 Gratisspinn Uten Innskudd\"}]},{\"@type\":\"WebSite\",\"@id\":\"https:\/\/www.kasinobonus.ai\/no\/#website\",\"url\":\"https:\/\/www.kasinobonus.ai\/no\/\",\"name\":\"www.kasinobonus.ai\",\"description\":\"\",\"publisher\":{\"@id\":\"https:\/\/www.kasinobonus.ai\/no\/#organization\"},\"potentialAction\":[{\"@type\":\"SearchAction\",\"target\":{\"@type\":\"EntryPoint\",\"urlTemplate\":\"https:\/\/www.kasinobonus.ai\/no\/?s={search_term_string}\"},\"query-input\":{\"@type\":\"PropertyValueSpecification\",\"valueRequired\":true,\"valueName\":\"search_term_string\"}}],\"inLanguage\":\"no-NO\"},{\"@type\":\"Organization\",\"@id\":\"https:\/\/www.kasinobonus.ai\/no\/#organization\",\"name\":\"KasinoBonus\",\"alternateName\":\"KasinoBonusAI\",\"url\":\"https:\/\/www.kasinobonus.ai\/no\/\",\"logo\":{\"@type\":\"ImageObject\",\"inLanguage\":\"no-NO\",\"@id\":\"https:\/\/www.kasinobonus.ai\/no\/#\/schema\/logo\/image\/\",\"url\":\"https:\/\/www.kasinobonus.ai\/wp-content\/uploads\/2023\/09\/kasinobonus-logo-light.png\",\"contentUrl\":\"https:\/\/www.kasinobonus.ai\/wp-content\/uploads\/2023\/09\/kasinobonus-logo-light.png\",\"width\":3200,\"height\":596,\"caption\":\"KasinoBonus\"},\"image\":{\"@id\":\"https:\/\/www.kasinobonus.ai\/no\/#\/schema\/logo\/image\/\"},\"sameAs\":[\"https:\/\/www.facebook.com\/kasinobonusio\/\",\"https:\/\/x.com\/Kasinobonus_io\",\"https:\/\/www.linkedin.com\/in\/matti-slotte-26612033b\",\"http:\/\/kasinobonus.wikidot.com\/system:welcome\",\"https:\/\/www.trustpilot.com\/review\/www.kasinobonus.ai\",\"https:\/\/orcid.org\/0009-0007-2889-1713\",\"https:\/\/en.everybodywiki.com\/Matti_Slotte\",\"https:\/\/www.immuniweb.com\/ssl\/kasinobonus.ai\/M4lqCqYY\/\"]}]}<\/script>\n<!-- \/ Yoast SEO plugin. -->","yoast_head_json":{"title":"60 Gratisspinn Uten Innskudd (2025) - www.kasinobonus.ai","description":"Opplev de beste kasinotilbudene i 2025! Grip sjansen til \u00e5 f\u00e5 60 gratisspinn uten innskudd og pr\u00f8v de mest popul\u00e6re spilleautomatene risikofritt.","robots":{"index":"index","follow":"follow","max-snippet":"max-snippet:-1","max-image-preview":"max-image-preview:large","max-video-preview":"max-video-preview:-1"},"canonical":"https:\/\/www.kasinobonus.ai\/no\/60-gratisspinn-uten-innskudd\/","schema":{"@context":"https:\/\/schema.org","@graph":[{"@type":"WebPage","@id":"https:\/\/www.kasinobonus.ai\/no\/60-gratisspinn-uten-innskudd\/","url":"https:\/\/www.kasinobonus.ai\/no\/60-gratisspinn-uten-innskudd\/","name":"60 Gratisspinn Uten Innskudd (2025) - www.kasinobonus.ai","isPartOf":{"@id":"https:\/\/www.kasinobonus.ai\/no\/#website"},"primaryImageOfPage":{"@id":"https:\/\/www.kasinobonus.ai\/no\/60-gratisspinn-uten-innskudd\/#primaryimage"},"image":{"@id":"https:\/\/www.kasinobonus.ai\/no\/60-gratisspinn-uten-innskudd\/#primaryimage"},"thumbnailUrl":"https:\/\/www.kasinobonus.ai\/wp-content\/uploads\/2023\/12\/60-gratis-spinn_no.jpg","datePublished":"2023-08-29T14:00:49+00:00","dateModified":"2025-07-13T20:41:31+00:00","description":"Opplev de beste kasinotilbudene i 2025! Grip sjansen til \u00e5 f\u00e5 60 gratisspinn uten innskudd og pr\u00f8v de mest popul\u00e6re spilleautomatene risikofritt.","breadcrumb":{"@id":"https:\/\/www.kasinobonus.ai\/no\/60-gratisspinn-uten-innskudd\/#breadcrumb"},"inLanguage":"no-NO","potentialAction":[{"@type":"ReadAction","target":["https:\/\/www.kasinobonus.ai\/no\/60-gratisspinn-uten-innskudd\/"]}]},{"@type":"ImageObject","inLanguage":"no-NO","@id":"https:\/\/www.kasinobonus.ai\/no\/60-gratisspinn-uten-innskudd\/#primaryimage","url":"https:\/\/www.kasinobonus.ai\/wp-content\/uploads\/2023\/12\/60-gratis-spinn_no.jpg","contentUrl":"https:\/\/www.kasinobonus.ai\/wp-content\/uploads\/2023\/12\/60-gratis-spinn_no.jpg","width":1200,"height":628,"caption":"60 gratis spinn no"},{"@type":"BreadcrumbList","@id":"https:\/\/www.kasinobonus.ai\/no\/60-gratisspinn-uten-innskudd\/#breadcrumb","itemListElement":[{"@type":"ListItem","position":1,"name":"Home","item":"https:\/\/kasinobonus.ai\/no\/"},{"@type":"ListItem","position":2,"name":"60 Gratisspinn Uten Innskudd"}]},{"@type":"WebSite","@id":"https:\/\/www.kasinobonus.ai\/no\/#website","url":"https:\/\/www.kasinobonus.ai\/no\/","name":"www.kasinobonus.ai","description":"","publisher":{"@id":"https:\/\/www.kasinobonus.ai\/no\/#organization"},"potentialAction":[{"@type":"SearchAction","target":{"@type":"EntryPoint","urlTemplate":"https:\/\/www.kasinobonus.ai\/no\/?s={search_term_string}"},"query-input":{"@type":"PropertyValueSpecification","valueRequired":true,"valueName":"search_term_string"}}],"inLanguage":"no-NO"},{"@type":"Organization","@id":"https:\/\/www.kasinobonus.ai\/no\/#organization","name":"KasinoBonus","alternateName":"KasinoBonusAI","url":"https:\/\/www.kasinobonus.ai\/no\/","logo":{"@type":"ImageObject","inLanguage":"no-NO","@id":"https:\/\/www.kasinobonus.ai\/no\/#\/schema\/logo\/image\/","url":"https:\/\/www.kasinobonus.ai\/wp-content\/uploads\/2023\/09\/kasinobonus-logo-light.png","contentUrl":"https:\/\/www.kasinobonus.ai\/wp-content\/uploads\/2023\/09\/kasinobonus-logo-light.png","width":3200,"height":596,"caption":"KasinoBonus"},"image":{"@id":"https:\/\/www.kasinobonus.ai\/no\/#\/schema\/logo\/image\/"},"sameAs":["https:\/\/www.facebook.com\/kasinobonusio\/","https:\/\/x.com\/Kasinobonus_io","https:\/\/www.linkedin.com\/in\/matti-slotte-26612033b","http:\/\/kasinobonus.wikidot.com\/system:welcome","https:\/\/www.trustpilot.com\/review\/www.kasinobonus.ai","https:\/\/orcid.org\/0009-0007-2889-1713","https:\/\/en.everybodywiki.com\/Matti_Slotte","https:\/\/www.immuniweb.com\/ssl\/kasinobonus.ai\/M4lqCqYY\/"]}]}},"_links":{"self":[{"href":"https:\/\/www.kasinobonus.ai\/no\/wp-json\/wp\/v2\/pages\/9024","targetHints":{"allow":["GET"]}}],"collection":[{"href":"https:\/\/www.kasinobonus.ai\/no\/wp-json\/wp\/v2\/pages"}],"about":[{"href":"https:\/\/www.kasinobonus.ai\/no\/wp-json\/wp\/v2\/types\/page"}],"author":[{"embeddable":true,"href":"https:\/\/www.kasinobonus.ai\/no\/wp-json\/wp\/v2\/users\/1"}],"replies":[{"embeddable":true,"href":"https:\/\/www.kasinobonus.ai\/no\/wp-json\/wp\/v2\/comments?post=9024"}],"version-history":[{"count":5,"href":"https:\/\/www.kasinobonus.ai\/no\/wp-json\/wp\/v2\/pages\/9024\/revisions"}],"predecessor-version":[{"id":33539,"href":"https:\/\/www.kasinobonus.ai\/no\/wp-json\/wp\/v2\/pages\/9024\/revisions\/33539"}],"wp:featuredmedia":[{"embeddable":true,"href":"https:\/\/www.kasinobonus.ai\/no\/wp-json\/wp\/v2\/media\/10154"}],"wp:attachment":[{"href":"https:\/\/www.kasinobonus.ai\/no\/wp-json\/wp\/v2\/media?parent=9024"}],"curies":[{"name":"wp","href":"https:\/\/api.w.org\/{rel}","templated":true}]}}