{"id":8996,"date":"2023-08-29T14:01:47","date_gmt":"2023-08-29T14:01:47","guid":{"rendered":"http:\/\/kasinobonus.ai.dedivirt842.your-server.de\/ilmaista-pelirahaa-ilman-talletusta\/"},"modified":"2025-07-13T20:42:10","modified_gmt":"2025-07-13T20:42:10","slug":"gratis-spillepenger-uten-innskudd","status":"publish","type":"page","link":"https:\/\/www.kasinobonus.ai\/no\/gratis-spillepenger-uten-innskudd\/","title":{"rendered":"Gratis Spillepenger Uten Innskudd"},"content":{"rendered":"\n<h1 class=\"wp-block-heading\">Innskuddsfri bonus <\/h1>\n\n\n\n<p>En av de mest popul\u00e6re promoteringene p\u00e5 nettkasinoer er <a class=\"\" href=\"https:\/\/www.kasinobonus.ai\/no\/gratis-spillepenger\/\">gratis spillepenger<\/a> gjennom innskuddsfri bonus, som gir deg muligheten til \u00e5 hente gratisbonus eller gratisspinn uten innskudd av egne penger. Bonuser som ikke krever innskudd er prefekt for s\u00e5 godt som alle spillere, men de er spesielt nyttige for nye kunder som \u00f8nsker \u00e5 teste kasinoet, pr\u00f8ve spillene og kanskje vinne ektepenger uten \u00e5 risikere en krone av egne penger!<br><\/p>\n\n\n\n<p>I dag skal jeg vise dere hvor dere finner de beste innskuddsfrie bonusene, hvordan skaffe dem og hvordan utnytte dem p\u00e5 best mulig m\u00e5te!<\/p>\n\n\n\n<h2 class=\"wp-block-heading\">De beste kasinoene med innskuddsfri bonus 2025<\/h2>\n\n\n\n<p>Det kan v\u00e6r en utfordring \u00e5 finne et troverdig kasino som tilbyr innskuddsfri bonus. De fleste promoteringer kommer med skjulte vilk\u00e5r eller h\u00f8ye krav, men de beste innskuddsfri bonusene gir deg en <em>redelig <\/em>sjanse for \u00e5 vinne &#8211; og ta ut hele gevinsten <em>om<\/em> du skulle v\u00e6re s\u00e5 heldig \u00e5 vinne.&nbsp;<\/p>\n\n\n\n<p>Sjekk hva de beste nettkasinoene tilbyr av innskuddsfrie bonuser:&nbsp;<\/p>\n\n\n<p>[brand_table template=&#8221;table_style_1.php&#8221; country=&#8221;NO&#8221; bonus_type=&#8221;no_deposit&#8221;]<\/p>\n\n\n\n<p>N\u00e5r du har funnet et kasino som vekker interessen, er det bare \u00e5 registrere seg, f\u00e5 den innskuddsfri bonusen og begynne \u00e5 spille \u2013 ingen innskudd kreves!<\/p>\n\n\n\n<figure class=\"wp-block-image size-full\"><img decoding=\"async\" width=\"1000\" height=\"666\" src=\"https:\/\/www.kasinobonus.ai\/wp-content\/uploads\/2025\/07\/Gratis-Spillepenger-Uten-Innskudd.jpg\" alt=\"Gratis Spillepenger Uten Innskudd\" class=\"wp-image-33441\" srcset=\"https:\/\/www.kasinobonus.ai\/wp-content\/uploads\/2025\/07\/Gratis-Spillepenger-Uten-Innskudd.jpg 1000w, https:\/\/www.kasinobonus.ai\/wp-content\/uploads\/2025\/07\/Gratis-Spillepenger-Uten-Innskudd-300x200.jpg 300w, https:\/\/www.kasinobonus.ai\/wp-content\/uploads\/2025\/07\/Gratis-Spillepenger-Uten-Innskudd-768x511.jpg 768w, https:\/\/www.kasinobonus.ai\/wp-content\/uploads\/2025\/07\/Gratis-Spillepenger-Uten-Innskudd-110x73.jpg 110w, https:\/\/www.kasinobonus.ai\/wp-content\/uploads\/2025\/07\/Gratis-Spillepenger-Uten-Innskudd-575x383.jpg 575w\" sizes=\"(max-width: 1000px) 100vw, 1000px\" \/><\/figure>\n\n\n\n<h2 class=\"wp-block-heading\">Hvordan vi rangerer og gjennomg\u00e5r nettkasinoer<\/h2>\n\n\n\n<p>Hos oss i KasinoBonus har vi gjennomg\u00e5tt hundretalls nettkasinoer &#8211; og hver side vi vurderer gjennomg\u00e5r den samme strenge prosessen. Vi foretar en gjennomgang av alle sidene ved platformene, starter med lisensering og rykte, til \u00e5 utforske spillvariasjonen, software leverandre\u00f8ene, tilgjengelige betalingsmetoder og utbetalingshastighet.&nbsp;<\/p>\n\n\n\n<p>Vi registrerer oss ogs\u00e5 og <em>pr\u00f8ver<\/em> alle casinoene vi anbefaler. Dette lar oss gi deg \u00e6rlig, f\u00f8rsteh\u00e5ndserfaring, noe som forh\u00e5pentligvis hjelper <em>deg<\/em> med \u00e5 ta en informert vurdering om hvorvidt et nettsted er verdt \u00e5 registrere seg hos eller ikke.<\/p>\n\n\n\n<h2 class=\"wp-block-heading\"><strong>Fordeler og Ulemper<\/strong><\/h2>\n\n\n\n<figure class=\"wp-block-image size-full\"><img decoding=\"async\" width=\"1000\" height=\"666\" src=\"https:\/\/www.kasinobonus.ai\/wp-content\/uploads\/2025\/06\/KB-Gratis-Spillepenger.jpg\" alt=\"Gratis Spillepenger\" class=\"wp-image-29910\" srcset=\"https:\/\/www.kasinobonus.ai\/wp-content\/uploads\/2025\/06\/KB-Gratis-Spillepenger.jpg 1000w, https:\/\/www.kasinobonus.ai\/wp-content\/uploads\/2025\/06\/KB-Gratis-Spillepenger-300x200.jpg 300w, https:\/\/www.kasinobonus.ai\/wp-content\/uploads\/2025\/06\/KB-Gratis-Spillepenger-768x511.jpg 768w, https:\/\/www.kasinobonus.ai\/wp-content\/uploads\/2025\/06\/KB-Gratis-Spillepenger-110x73.jpg 110w, https:\/\/www.kasinobonus.ai\/wp-content\/uploads\/2025\/06\/KB-Gratis-Spillepenger-575x383.jpg 575w\" sizes=\"(max-width: 1000px) 100vw, 1000px\" \/><\/figure>\n\n\n\n<div class=\"wp-block-columns is-layout-flex wp-container-core-columns-is-layout-28f84493 wp-block-columns-is-layout-flex\">\n<div class=\"wp-block-column is-layout-flow wp-block-column-is-layout-flow\">\n<h3 class=\"wp-block-heading\">\u2705 Fordeler<\/h3>\n\n\n\n<ul class=\"wp-block-list\">\n<li>\u2705 Perfekt for \u00e5 teste et casino uten \u00e5 bruke egne penger<\/li>\n\n\n\n<li>\u2705 Reell sjanse til \u00e5 vinne \u2013 ingen \u00f8konomisk risiko<\/li>\n\n\n\n<li>\u2705 Umiddelbar tilgang til spilleautomater eller spill etter registrering<\/li>\n\n\n\n<li>\u2705 Ingen forpliktelser: bare registrer deg og spill<\/li>\n\n\n\n<li>\u2705 Flott for \u00e5 utforske forskjellige plattformer og grensesnitt<\/li>\n<\/ul>\n<\/div>\n\n\n\n<div class=\"wp-block-column is-layout-flow wp-block-column-is-layout-flow\">\n<h3 class=\"wp-block-heading\">\u274c Ulemper<\/h3>\n\n\n\n<ul class=\"wp-block-list\">\n<li>\u274c Det gjelder vanligvis strenge omsetningskrav<\/li>\n\n\n\n<li>\u274c Maksimale gevinst- og uttaksgrenser er ofte ganske lave<\/li>\n\n\n\n<li>\u274c Bonusen kan v\u00e6re begrenset til bestemte spill<\/li>\n\n\n\n<li>\u274c Noen ganger kreves det et innskudd for \u00e5 ta ut gevinster<\/li>\n\n\n\n<li>\u274c Ikke alle bonuser uten innskudd er virkelig \u00abgratis\u00bb \u2013 les alltid det med liten skrift<\/li>\n<\/ul>\n<\/div>\n<\/div>\n\n\n\n<h2 class=\"wp-block-heading\">Beste gratis spilleautomater med ekte penger<\/h2>\n\n\n\n<figure class=\"wp-block-table\"><table class=\"has-fixed-layout\"><thead><tr><th>Spilleautomat<\/th><th>Spillutvikler<\/th><th>Gratisspinn<\/th><th>Verdi per spinn (\u20ac)<\/th><th>Totalverdi (\u20ac)<\/th><th>Vilk\u00e5r<\/th><th>Casino<\/th><\/tr><\/thead><tbody><tr><td>Alien Fruits<\/td><td>BGaming<\/td><td>50<\/td><td>0,10\u202f\u20ac<\/td><td>5,00\u202f\u20ac<\/td><td>Ingen omsetningskrav<\/td><td>Drip Casino<\/td><\/tr><tr><td>Gates of Olympus<\/td><td>Pragmatic Play<\/td><td>50<\/td><td>0,10\u202f\u20ac<\/td><td>5,00\u202f\u20ac<\/td><td>Ingen omsetningskrav<\/td><td>Campeonbet<\/td><\/tr><tr><td>Sweet Bonanza<\/td><td>Pragmatic Play<\/td><td>40<\/td><td>0,10\u202f\u20ac<\/td><td>4,00\u202f\u20ac<\/td><td>Kampanjekode: 40ZENBONUS<\/td><td>Campeonbet<\/td><\/tr><tr><td>Big Bass Bonanza<\/td><td>Pragmatic Play<\/td><td>30<\/td><td>0,10\u202f\u20ac<\/td><td>3,00\u202f\u20ac<\/td><td>Ingen innskudd, kun registrering<\/td><td>Campeonbet<\/td><\/tr><tr><td>Elvis Frog in Vegas<\/td><td>BGaming<\/td><td>25<\/td><td>0,10\u202f\u20ac<\/td><td>2,50\u202f\u20ac<\/td><td>Kun for nye spillere<\/td><td>Drip Casino<\/td><\/tr><tr><td>Book of Dead<\/td><td>Play\u2019n GO<\/td><td>20<\/td><td>0,10\u202f\u20ac<\/td><td>2,00\u202f\u20ac<\/td><td>Ingen innskudd, begrenset tilgjengelighet<\/td><td>Campeonbet<\/td><\/tr><\/tbody><\/table><\/figure>\n","protected":false},"excerpt":{"rendered":"<p>Innskuddsfri bonus En av de mest popul\u00e6re promoteringene p\u00e5 nettkasinoer er gratis spillepenger gjennom innskuddsfri bonus, som gir deg muligheten til \u00e5 hente gratisbonus eller gratisspinn uten innskudd av egne penger. Bonuser som ikke krever innskudd er prefekt for s\u00e5 godt som alle spillere, men de er spesielt nyttige for nye kunder som \u00f8nsker \u00e5 [&hellip;]<\/p>\n","protected":false},"author":1,"featured_media":10230,"parent":0,"menu_order":0,"comment_status":"open","ping_status":"closed","template":"","meta":{"inline_featured_image":false,"footnotes":""},"class_list":["post-8996","page","type-page","status-publish","has-post-thumbnail","hentry"],"yoast_head":"<!-- This site is optimized with the Yoast SEO plugin v24.5 - https:\/\/yoast.com\/wordpress\/plugins\/seo\/ -->\n<title>Innskuddsfri bonus (2025) - www.kasinobonus.ai<\/title>\n<meta name=\"description\" content=\"Benytt deg av de beste tilbudene i 2025: Gratis spillepenger uten innskudd! Utforsk de mest p\u00e5litelige casinoene og grip din bonus!\" \/>\n<meta name=\"robots\" content=\"index, follow, max-snippet:-1, max-image-preview:large, max-video-preview:-1\" \/>\n<link rel=\"canonical\" href=\"https:\/\/www.kasinobonus.ai\/no\/gratis-spillepenger-uten-innskudd\/\" \/>\n<script type=\"application\/ld+json\" class=\"yoast-schema-graph\">{\"@context\":\"https:\/\/schema.org\",\"@graph\":[{\"@type\":\"WebPage\",\"@id\":\"https:\/\/www.kasinobonus.ai\/no\/gratis-spillepenger-uten-innskudd\/\",\"url\":\"https:\/\/www.kasinobonus.ai\/no\/gratis-spillepenger-uten-innskudd\/\",\"name\":\"Innskuddsfri bonus (2025) - www.kasinobonus.ai\",\"isPartOf\":{\"@id\":\"https:\/\/www.kasinobonus.ai\/no\/#website\"},\"primaryImageOfPage\":{\"@id\":\"https:\/\/www.kasinobonus.ai\/no\/gratis-spillepenger-uten-innskudd\/#primaryimage\"},\"image\":{\"@id\":\"https:\/\/www.kasinobonus.ai\/no\/gratis-spillepenger-uten-innskudd\/#primaryimage\"},\"thumbnailUrl\":\"https:\/\/www.kasinobonus.ai\/wp-content\/uploads\/2023\/12\/gratis-penger-uten-innskudd.jpg\",\"datePublished\":\"2023-08-29T14:01:47+00:00\",\"dateModified\":\"2025-07-13T20:42:10+00:00\",\"description\":\"Benytt deg av de beste tilbudene i 2025: Gratis spillepenger uten innskudd! Utforsk de mest p\u00e5litelige casinoene og grip din bonus!\",\"breadcrumb\":{\"@id\":\"https:\/\/www.kasinobonus.ai\/no\/gratis-spillepenger-uten-innskudd\/#breadcrumb\"},\"inLanguage\":\"no-NO\",\"potentialAction\":[{\"@type\":\"ReadAction\",\"target\":[\"https:\/\/www.kasinobonus.ai\/no\/gratis-spillepenger-uten-innskudd\/\"]}]},{\"@type\":\"ImageObject\",\"inLanguage\":\"no-NO\",\"@id\":\"https:\/\/www.kasinobonus.ai\/no\/gratis-spillepenger-uten-innskudd\/#primaryimage\",\"url\":\"https:\/\/www.kasinobonus.ai\/wp-content\/uploads\/2023\/12\/gratis-penger-uten-innskudd.jpg\",\"contentUrl\":\"https:\/\/www.kasinobonus.ai\/wp-content\/uploads\/2023\/12\/gratis-penger-uten-innskudd.jpg\",\"width\":1200,\"height\":628,\"caption\":\"gratis penger uten innskudd\"},{\"@type\":\"BreadcrumbList\",\"@id\":\"https:\/\/www.kasinobonus.ai\/no\/gratis-spillepenger-uten-innskudd\/#breadcrumb\",\"itemListElement\":[{\"@type\":\"ListItem\",\"position\":1,\"name\":\"Home\",\"item\":\"https:\/\/kasinobonus.ai\/no\/\"},{\"@type\":\"ListItem\",\"position\":2,\"name\":\"Gratis Spillepenger Uten Innskudd\"}]},{\"@type\":\"WebSite\",\"@id\":\"https:\/\/www.kasinobonus.ai\/no\/#website\",\"url\":\"https:\/\/www.kasinobonus.ai\/no\/\",\"name\":\"www.kasinobonus.ai\",\"description\":\"\",\"publisher\":{\"@id\":\"https:\/\/www.kasinobonus.ai\/no\/#organization\"},\"potentialAction\":[{\"@type\":\"SearchAction\",\"target\":{\"@type\":\"EntryPoint\",\"urlTemplate\":\"https:\/\/www.kasinobonus.ai\/no\/?s={search_term_string}\"},\"query-input\":{\"@type\":\"PropertyValueSpecification\",\"valueRequired\":true,\"valueName\":\"search_term_string\"}}],\"inLanguage\":\"no-NO\"},{\"@type\":\"Organization\",\"@id\":\"https:\/\/www.kasinobonus.ai\/no\/#organization\",\"name\":\"KasinoBonus\",\"alternateName\":\"KasinoBonusAI\",\"url\":\"https:\/\/www.kasinobonus.ai\/no\/\",\"logo\":{\"@type\":\"ImageObject\",\"inLanguage\":\"no-NO\",\"@id\":\"https:\/\/www.kasinobonus.ai\/no\/#\/schema\/logo\/image\/\",\"url\":\"https:\/\/www.kasinobonus.ai\/wp-content\/uploads\/2023\/09\/kasinobonus-logo-light.png\",\"contentUrl\":\"https:\/\/www.kasinobonus.ai\/wp-content\/uploads\/2023\/09\/kasinobonus-logo-light.png\",\"width\":3200,\"height\":596,\"caption\":\"KasinoBonus\"},\"image\":{\"@id\":\"https:\/\/www.kasinobonus.ai\/no\/#\/schema\/logo\/image\/\"},\"sameAs\":[\"https:\/\/www.facebook.com\/kasinobonusio\/\",\"https:\/\/x.com\/Kasinobonus_io\",\"https:\/\/www.linkedin.com\/in\/matti-slotte-26612033b\",\"http:\/\/kasinobonus.wikidot.com\/system:welcome\",\"https:\/\/www.trustpilot.com\/review\/www.kasinobonus.ai\",\"https:\/\/orcid.org\/0009-0007-2889-1713\",\"https:\/\/en.everybodywiki.com\/Matti_Slotte\",\"https:\/\/www.immuniweb.com\/ssl\/kasinobonus.ai\/M4lqCqYY\/\"]}]}<\/script>\n<!-- \/ Yoast SEO plugin. -->","yoast_head_json":{"title":"Innskuddsfri bonus (2025) - www.kasinobonus.ai","description":"Benytt deg av de beste tilbudene i 2025: Gratis spillepenger uten innskudd! Utforsk de mest p\u00e5litelige casinoene og grip din bonus!","robots":{"index":"index","follow":"follow","max-snippet":"max-snippet:-1","max-image-preview":"max-image-preview:large","max-video-preview":"max-video-preview:-1"},"canonical":"https:\/\/www.kasinobonus.ai\/no\/gratis-spillepenger-uten-innskudd\/","schema":{"@context":"https:\/\/schema.org","@graph":[{"@type":"WebPage","@id":"https:\/\/www.kasinobonus.ai\/no\/gratis-spillepenger-uten-innskudd\/","url":"https:\/\/www.kasinobonus.ai\/no\/gratis-spillepenger-uten-innskudd\/","name":"Innskuddsfri bonus (2025) - www.kasinobonus.ai","isPartOf":{"@id":"https:\/\/www.kasinobonus.ai\/no\/#website"},"primaryImageOfPage":{"@id":"https:\/\/www.kasinobonus.ai\/no\/gratis-spillepenger-uten-innskudd\/#primaryimage"},"image":{"@id":"https:\/\/www.kasinobonus.ai\/no\/gratis-spillepenger-uten-innskudd\/#primaryimage"},"thumbnailUrl":"https:\/\/www.kasinobonus.ai\/wp-content\/uploads\/2023\/12\/gratis-penger-uten-innskudd.jpg","datePublished":"2023-08-29T14:01:47+00:00","dateModified":"2025-07-13T20:42:10+00:00","description":"Benytt deg av de beste tilbudene i 2025: Gratis spillepenger uten innskudd! Utforsk de mest p\u00e5litelige casinoene og grip din bonus!","breadcrumb":{"@id":"https:\/\/www.kasinobonus.ai\/no\/gratis-spillepenger-uten-innskudd\/#breadcrumb"},"inLanguage":"no-NO","potentialAction":[{"@type":"ReadAction","target":["https:\/\/www.kasinobonus.ai\/no\/gratis-spillepenger-uten-innskudd\/"]}]},{"@type":"ImageObject","inLanguage":"no-NO","@id":"https:\/\/www.kasinobonus.ai\/no\/gratis-spillepenger-uten-innskudd\/#primaryimage","url":"https:\/\/www.kasinobonus.ai\/wp-content\/uploads\/2023\/12\/gratis-penger-uten-innskudd.jpg","contentUrl":"https:\/\/www.kasinobonus.ai\/wp-content\/uploads\/2023\/12\/gratis-penger-uten-innskudd.jpg","width":1200,"height":628,"caption":"gratis penger uten innskudd"},{"@type":"BreadcrumbList","@id":"https:\/\/www.kasinobonus.ai\/no\/gratis-spillepenger-uten-innskudd\/#breadcrumb","itemListElement":[{"@type":"ListItem","position":1,"name":"Home","item":"https:\/\/kasinobonus.ai\/no\/"},{"@type":"ListItem","position":2,"name":"Gratis Spillepenger Uten Innskudd"}]},{"@type":"WebSite","@id":"https:\/\/www.kasinobonus.ai\/no\/#website","url":"https:\/\/www.kasinobonus.ai\/no\/","name":"www.kasinobonus.ai","description":"","publisher":{"@id":"https:\/\/www.kasinobonus.ai\/no\/#organization"},"potentialAction":[{"@type":"SearchAction","target":{"@type":"EntryPoint","urlTemplate":"https:\/\/www.kasinobonus.ai\/no\/?s={search_term_string}"},"query-input":{"@type":"PropertyValueSpecification","valueRequired":true,"valueName":"search_term_string"}}],"inLanguage":"no-NO"},{"@type":"Organization","@id":"https:\/\/www.kasinobonus.ai\/no\/#organization","name":"KasinoBonus","alternateName":"KasinoBonusAI","url":"https:\/\/www.kasinobonus.ai\/no\/","logo":{"@type":"ImageObject","inLanguage":"no-NO","@id":"https:\/\/www.kasinobonus.ai\/no\/#\/schema\/logo\/image\/","url":"https:\/\/www.kasinobonus.ai\/wp-content\/uploads\/2023\/09\/kasinobonus-logo-light.png","contentUrl":"https:\/\/www.kasinobonus.ai\/wp-content\/uploads\/2023\/09\/kasinobonus-logo-light.png","width":3200,"height":596,"caption":"KasinoBonus"},"image":{"@id":"https:\/\/www.kasinobonus.ai\/no\/#\/schema\/logo\/image\/"},"sameAs":["https:\/\/www.facebook.com\/kasinobonusio\/","https:\/\/x.com\/Kasinobonus_io","https:\/\/www.linkedin.com\/in\/matti-slotte-26612033b","http:\/\/kasinobonus.wikidot.com\/system:welcome","https:\/\/www.trustpilot.com\/review\/www.kasinobonus.ai","https:\/\/orcid.org\/0009-0007-2889-1713","https:\/\/en.everybodywiki.com\/Matti_Slotte","https:\/\/www.immuniweb.com\/ssl\/kasinobonus.ai\/M4lqCqYY\/"]}]}},"_links":{"self":[{"href":"https:\/\/www.kasinobonus.ai\/no\/wp-json\/wp\/v2\/pages\/8996","targetHints":{"allow":["GET"]}}],"collection":[{"href":"https:\/\/www.kasinobonus.ai\/no\/wp-json\/wp\/v2\/pages"}],"about":[{"href":"https:\/\/www.kasinobonus.ai\/no\/wp-json\/wp\/v2\/types\/page"}],"author":[{"embeddable":true,"href":"https:\/\/www.kasinobonus.ai\/no\/wp-json\/wp\/v2\/users\/1"}],"replies":[{"embeddable":true,"href":"https:\/\/www.kasinobonus.ai\/no\/wp-json\/wp\/v2\/comments?post=8996"}],"version-history":[{"count":4,"href":"https:\/\/www.kasinobonus.ai\/no\/wp-json\/wp\/v2\/pages\/8996\/revisions"}],"predecessor-version":[{"id":33544,"href":"https:\/\/www.kasinobonus.ai\/no\/wp-json\/wp\/v2\/pages\/8996\/revisions\/33544"}],"wp:featuredmedia":[{"embeddable":true,"href":"https:\/\/www.kasinobonus.ai\/no\/wp-json\/wp\/v2\/media\/10230"}],"wp:attachment":[{"href":"https:\/\/www.kasinobonus.ai\/no\/wp-json\/wp\/v2\/media?parent=8996"}],"curies":[{"name":"wp","href":"https:\/\/api.w.org\/{rel}","templated":true}]}}