{"id":8968,"date":"2022-01-14T15:23:47","date_gmt":"2022-01-14T15:23:47","guid":{"rendered":"http:\/\/kasinobonus.ai.dedivirt842.your-server.de\/kasinobonus\/"},"modified":"2025-08-07T14:12:08","modified_gmt":"2025-08-07T14:12:08","slug":"kasinobonus","status":"publish","type":"page","link":"https:\/\/www.kasinobonus.ai\/no\/","title":{"rendered":"Kasinobonus"},"content":{"rendered":"\n<h1 class=\"wp-block-heading\">Online casino bonuser i Norge<\/h1>\n\n\n\n<p>En av de vanligste svarene jeg har f\u00e5tt fra bes\u00f8kende p\u00e5 KasinoBonus er at de vet at de&nbsp;<em>burde<\/em>&nbsp;kreve casinobonuser, men de vet ikke hvor de skal lete. Med tusenvis av nettkasinoer og titalls forskjellige bonuser tilgjengelig i dag, kan det v\u00e6re nesten umulig \u00e5 velge en med rettferdige vilk\u00e5r og store&nbsp;<em>bel\u00f8p<\/em>!<\/p>\n\n\n\n<p>Det er nettopp derfor jeg valgte \u00e5 bygge denne siden: for \u00e5 hjelpe deg med \u00e5 finne den beste casinobonusen, forst\u00e5 hvordan disse bonusene fungerer \u2013 og vise deg mine personlige favoritter som du kan gj\u00f8re krav p\u00e5 akkurat n\u00e5.<\/p>\n\n\n\n<h2 class=\"wp-block-heading\">Beste nettkasino bonuser&nbsp;2025<\/h2>\n\n\n\n<p>For \u00e5 hjelpe deg med \u00e5 identifisere de beste online kasinobonusene, har jeg laget en liste over mine favoritter nedenfor. Her kan du se casinoet jeg anbefaler, samt informasjon om den aktuelle bonusen de tilbyr.<\/p>\n\n\n<p>[brand_table template=&#8221;table_style_1.php&#8221; country=&#8221;NO&#8221; bonus_type=&#8221;&#8221;]<\/p>\n\n\n\n<p>Jeg har brukt&nbsp;<em>\u00e5r<\/em>&nbsp;p\u00e5 \u00e5 samle en liste over de beste casinobonusene, og jeg holder alltid denne tabellen oppdatert. Dessuten har ethvert kasino\/bonus jeg anbefaler p\u00e5 KasinoBonus blitt<em>&nbsp;personlig gjort krav p\u00e5 og evaluert.<\/em><\/p>\n\n\n\n<h2 class=\"wp-block-heading\"><strong>Hvordan vi&nbsp;<\/strong>vurderer&nbsp;<strong>kasinoer<\/strong><\/h2>\n\n\n\n<p>Her p\u00e5 KasinoBonus har jeg s\u00f8rget for at v\u00e5r evalueringsprosedyre er s\u00e5 detaljert, \u00e5pen og grundig som mulig. Som spiller vet jeg hvor viktig det er \u00e5 ha tilgang til objektiv, sannferdig informasjon om kasinoer du vurderer \u00e5 bli med i \u2013 det er derfor jeg garanterer at du ikke vil finne noe uredelig, usant eller partisk innhold her.<\/p>\n\n\n\n<p>Nedenfor vil jeg lede deg gjennom noen av de viktigste aspektene vi ser p\u00e5 n\u00e5r vi analyserer nettkasinoer.<\/p>\n\n\n\n<h3 class=\"wp-block-heading\">Generell unders\u00f8kelse av kasino<\/h3>\n\n\n\n<p>Vi starter med \u00e5 gjennomf\u00f8re grundige unders\u00f8kelser for \u00e5 forst\u00e5 de grunnleggende aspektene ved hva kasinoet tilbyr. Dette inneb\u00e6rer \u00e5 unders\u00f8ke eierskapet til merkevaren (inkludert eventuelle tidligere selskaper som kan ha drevet det), hvilke typer online gambling de tilbyr, og vurdere den generelle sikkerheten til nettstedet deres.<\/p>\n\n\n\n<h3 class=\"wp-block-heading\">Hands-on testing<\/h3>\n\n\n\n<p>Deretter registrerer v\u00e5rt team av eksperter seg personlig p\u00e5 hvert kasino, setter inn ekte penger og krever kampanjer akkurat som enhver ny spiller ville gjort. Denne praktiske tiln\u00e6rmingen gj\u00f8r oss i stand til \u00e5 gi deg en n\u00f8yaktig og realistisk forventning om hva du kan forvente. Vi tester ogs\u00e5\u00a0<strong><a href=\"https:\/\/www.kasinobonus.ai\/no\/innskuddsbonuser\/\">Innskuddsbonuser<\/a><\/strong>\u00a0for \u00e5 se hvor fordelaktige de faktisk er.<\/p>\n\n\n\n<h3 class=\"wp-block-heading\">Spillanalyse, utvalg av betalingsmetoder og kundeservice<\/h3>\n\n\n\n<p>I tillegg til alt nevnt ovenfor, vurderer v\u00e5rt team variasjonen av spill som tilbys av nettkasinoet. Dette inkluderer \u00e5 unders\u00f8ke antall spillutviklere, hyppigheten av nye spillutgivelser, og om live kasinospill er tilgjengelige. Vi tester ogs\u00e5 betalingsm\u00e5ter og ser p\u00e5 hvor raskt uttak behandles.<\/p>\n\n\n\n<h3 class=\"wp-block-heading\">Forskjellige typer kasinobonuser<\/h3>\n\n\n\n<h4 class=\"wp-block-heading\">Velkomstbonuser<\/h4>\n\n\n\n<p>Velkomstbonuser er de vanligste kampanjene som tilbys av nettkasinoer. De kommer ofte i form av en matchet innskuddsbonus eller\u00a0<strong><a href=\"https:\/\/www.kasinobonus.ai\/no\/gratisspinn\/\">Gratisspinn<\/a><\/strong>, noe som gj\u00f8r dem til en favoritt blant nye spillere.<\/p>\n\n\n\n<h4 class=\"wp-block-heading\">Bonuser uten innskudd<\/h4>\n\n\n\n<p>Selv om de er sjeldnere, er bonuser uten innskudd ogs\u00e5 sv\u00e6rt popul\u00e6re. Disse kampanjene gir deg ofte en liten sum\u00a0<strong><a href=\"https:\/\/www.kasinobonus.ai\/no\/gratis-spillepenger\/\">Gratis Spillepenger<\/a><\/strong>\u00a0eller et antall gratisspinn uten at du trenger \u00e5 sette inn penger.<\/p>\n\n\n\n<h4 class=\"wp-block-heading\">Cashback og reload-bonuser<\/h4>\n\n\n\n<p>Cashback-bonuser gir deg en prosentandel av tapene dine tilbake, noe som kan v\u00e6re sv\u00e6rt fordelaktig over tid. I tillegg tilbyr mange kasinoer reload-bonuser for lojale spillere.<\/p>\n\n\n\n<h3 class=\"wp-block-heading\">Vilk\u00e5r og betingelser<\/h3>\n\n\n\n<p>N\u00e5r du vurderer eller gj\u00f8r krav p\u00e5 en bonus, er det viktig \u00e5 lese vilk\u00e5rene n\u00f8ye. Omsetningskrav, spillrestriksjoner og utl\u00f8psdatoer kan p\u00e5virke hvor gunstig en bonus er. Dette gjelder spesielt for de st\u00f8rste\u00a0<strong><a href=\"https:\/\/www.kasinobonus.ai\/no\/nettcasinoer\/\">Online Casinoene<\/a><\/strong>, hvor kampanjene kan ha forskjellige vilk\u00e5r.<\/p>\n\n\n\n<h2 class=\"wp-block-heading\">Popul\u00e6re spilleautomater med gratisspinn-bonus<\/h2>\n\n\n\n<figure class=\"wp-block-table\"><table class=\"has-fixed-layout\"><thead><tr><th>POPUL\u00c6R SPILLEAUTOMAT<\/th><th>SPILLEVERAND\u00d8R<\/th><th>GRATISSPINN (BONUS)<\/th><th>RTP<\/th><th>CASINO<\/th><\/tr><\/thead><tbody><tr><td>Sweet\u202fBonanza<\/td><td>Pragmatic\u202fPlay<\/td><td>20 gratisspinn<\/td><td>96,51\u202f%<\/td><td>Rollino<\/td><\/tr><tr><td>Book\u202fof\u202fMuseum<\/td><td>GameArt<\/td><td>25 gratisspinn<\/td><td>96,10\u202f%<\/td><td>Horus Casino<\/td><\/tr><tr><td>Angry\u202fDogs<\/td><td>GameArt<\/td><td>25 gratisspinn<\/td><td>96,36\u202f%<\/td><td>Kryptosino<\/td><\/tr><tr><td>Hollywoof<\/td><td>GameArt<\/td><td>25 gratisspinn<\/td><td>96,10\u202f%<\/td><td>Vegaz Casino<\/td><\/tr><tr><td>Sweet\u202fBonanza<\/td><td>Pragmatic\u202fPlay<\/td><td>30 gratisspinn<\/td><td>96,51\u202f%<\/td><td>Megapari<\/td><\/tr><tr><td>Book\u202fof\u202fDead<\/td><td>Play\u2019n\u202fGO<\/td><td>25 gratisspinn<\/td><td>96,21\u202f%<\/td><td>BetMaximus<\/td><\/tr><tr><td>Ruby Win \u2013 Hold the Spin<\/td><td>Gamzix<\/td><td>25 gratisspinn<\/td><td>96,00\u202f%<\/td><td>LevelUp Casino<\/td><\/tr><tr><td>Joker Stoker<\/td><td>Endorphina<\/td><td>100 gratisspinn<\/td><td>96,00\u202f%<\/td><td>BetFury<\/td><\/tr><tr><td>Bastet and Cats<\/td><td>Betfury<\/td><td>100 gratisspinn<\/td><td>96,20\u202f%<\/td><td>BetFury<\/td><\/tr><tr><td>Doors Of Fresh<\/td><td>BGaming<\/td><td>50 gratisspinn<\/td><td>96,85\u202f%<\/td><td>Fresh Casino<\/td><\/tr><tr><td>Gates of Olympus<\/td><td>Pragmatic\u202fPlay<\/td><td>50 gratisspinn<\/td><td>96,50\u202f%<\/td><td>Campeonbet<\/td><\/tr><tr><td>Alien Fruits<\/td><td>BGaming<\/td><td>50 gratisspinn<\/td><td>97,00\u202f%<\/td><td>Drip Casino<\/td><\/tr><\/tbody><\/table><\/figure>\n\n\n\n<h2 class=\"wp-block-heading\" id=\"tw-target-text\">Ansvarlige spillressurser<\/h2>\n\n\n\n<ul class=\"wp-block-list\">\n<li><a href=\"https:\/\/www.lottstift.no\/\">https:\/\/www.lottstift.no\/<\/a><\/li>\n\n\n\n<li><a href=\"https:\/\/www.hjelpelinjen.no\/\">https:\/\/www.hjelpelinjen.no\/<\/a><\/li>\n\n\n\n<li><a href=\"https:\/\/www.spillkontroll.no\/\">https:\/\/www.spillkontroll.no\/<\/a><\/li>\n\n\n\n<li><a href=\"https:\/\/www.blakors.no\/\">https:\/\/www.blakors.no\/<\/a><\/li>\n\n\n\n<li><a href=\"https:\/\/www.spillavhengighet.no\/\">https:\/\/www.spillavhengighet.no\/<\/a><\/li>\n<\/ul>\n","protected":false},"excerpt":{"rendered":"<p>Online casino bonuser i Norge En av de vanligste svarene jeg har f\u00e5tt fra bes\u00f8kende p\u00e5 KasinoBonus er at de vet at de&nbsp;burde&nbsp;kreve casinobonuser, men de vet ikke hvor de skal lete. Med tusenvis av nettkasinoer og titalls forskjellige bonuser tilgjengelig i dag, kan det v\u00e6re nesten umulig \u00e5 velge en med rettferdige vilk\u00e5r og [&hellip;]<\/p>\n","protected":false},"author":1,"featured_media":6092,"parent":0,"menu_order":0,"comment_status":"open","ping_status":"closed","template":"","meta":{"inline_featured_image":false,"footnotes":""},"class_list":["post-8968","page","type-page","status-publish","has-post-thumbnail","hentry"],"yoast_head":"<!-- This site is optimized with the Yoast SEO plugin v24.5 - https:\/\/yoast.com\/wordpress\/plugins\/seo\/ -->\n<title>Online casino bonuser i Norge (Vurdering 2025) - www.kasinobonus.ai<\/title>\n<meta name=\"description\" content=\"Kasinobonuser for 2025 Listet! Finn Den Beste Kasinobonusen og Benytt Deg av Suverene Fordeler for Spilling. Lykke til!\" \/>\n<meta name=\"robots\" content=\"index, follow, max-snippet:-1, max-image-preview:large, max-video-preview:-1\" \/>\n<link rel=\"canonical\" href=\"https:\/\/www.kasinobonus.ai\/no\/\" \/>\n<script type=\"application\/ld+json\" class=\"yoast-schema-graph\">{\"@context\":\"https:\/\/schema.org\",\"@graph\":[{\"@type\":\"WebPage\",\"@id\":\"https:\/\/www.kasinobonus.ai\/no\/\",\"url\":\"https:\/\/www.kasinobonus.ai\/no\/\",\"name\":\"Online casino bonuser i Norge (Vurdering 2025) - www.kasinobonus.ai\",\"isPartOf\":{\"@id\":\"https:\/\/www.kasinobonus.ai\/no\/#website\"},\"primaryImageOfPage\":{\"@id\":\"https:\/\/www.kasinobonus.ai\/no\/#primaryimage\"},\"image\":{\"@id\":\"https:\/\/www.kasinobonus.ai\/no\/#primaryimage\"},\"thumbnailUrl\":\"https:\/\/www.kasinobonus.ai\/wp-content\/uploads\/2023\/09\/kasinobonuslogo.jpg\",\"datePublished\":\"2022-01-14T15:23:47+00:00\",\"dateModified\":\"2025-08-07T14:12:08+00:00\",\"description\":\"Kasinobonuser for 2025 Listet! Finn Den Beste Kasinobonusen og Benytt Deg av Suverene Fordeler for Spilling. Lykke til!\",\"breadcrumb\":{\"@id\":\"https:\/\/www.kasinobonus.ai\/no\/#breadcrumb\"},\"inLanguage\":\"no-NO\",\"potentialAction\":[{\"@type\":\"ReadAction\",\"target\":[\"https:\/\/www.kasinobonus.ai\/no\/\"]}]},{\"@type\":\"ImageObject\",\"inLanguage\":\"no-NO\",\"@id\":\"https:\/\/www.kasinobonus.ai\/no\/#primaryimage\",\"url\":\"https:\/\/www.kasinobonus.ai\/wp-content\/uploads\/2023\/09\/kasinobonuslogo.jpg\",\"contentUrl\":\"https:\/\/www.kasinobonus.ai\/wp-content\/uploads\/2023\/09\/kasinobonuslogo.jpg\",\"width\":1200,\"height\":628,\"caption\":\"kasinobonuslogo\"},{\"@type\":\"BreadcrumbList\",\"@id\":\"https:\/\/www.kasinobonus.ai\/no\/#breadcrumb\",\"itemListElement\":[{\"@type\":\"ListItem\",\"position\":1,\"name\":\"Home\",\"item\":\"https:\/\/kasinobonus.ai\/no\/\"},{\"@type\":\"ListItem\",\"position\":2,\"name\":\"Kasinobonus\"}]},{\"@type\":\"WebSite\",\"@id\":\"https:\/\/www.kasinobonus.ai\/no\/#website\",\"url\":\"https:\/\/www.kasinobonus.ai\/no\/\",\"name\":\"www.kasinobonus.ai\",\"description\":\"\",\"publisher\":{\"@id\":\"https:\/\/www.kasinobonus.ai\/no\/#organization\"},\"potentialAction\":[{\"@type\":\"SearchAction\",\"target\":{\"@type\":\"EntryPoint\",\"urlTemplate\":\"https:\/\/www.kasinobonus.ai\/no\/?s={search_term_string}\"},\"query-input\":{\"@type\":\"PropertyValueSpecification\",\"valueRequired\":true,\"valueName\":\"search_term_string\"}}],\"inLanguage\":\"no-NO\"},{\"@type\":\"Organization\",\"@id\":\"https:\/\/www.kasinobonus.ai\/no\/#organization\",\"name\":\"KasinoBonus\",\"alternateName\":\"KasinoBonusAI\",\"url\":\"https:\/\/www.kasinobonus.ai\/no\/\",\"logo\":{\"@type\":\"ImageObject\",\"inLanguage\":\"no-NO\",\"@id\":\"https:\/\/www.kasinobonus.ai\/no\/#\/schema\/logo\/image\/\",\"url\":\"https:\/\/www.kasinobonus.ai\/wp-content\/uploads\/2023\/09\/kasinobonus-logo-light.png\",\"contentUrl\":\"https:\/\/www.kasinobonus.ai\/wp-content\/uploads\/2023\/09\/kasinobonus-logo-light.png\",\"width\":3200,\"height\":596,\"caption\":\"KasinoBonus\"},\"image\":{\"@id\":\"https:\/\/www.kasinobonus.ai\/no\/#\/schema\/logo\/image\/\"},\"sameAs\":[\"https:\/\/www.facebook.com\/kasinobonusio\/\",\"https:\/\/x.com\/Kasinobonus_io\",\"https:\/\/www.linkedin.com\/in\/matti-slotte-26612033b\",\"http:\/\/kasinobonus.wikidot.com\/system:welcome\",\"https:\/\/www.trustpilot.com\/review\/www.kasinobonus.ai\",\"https:\/\/orcid.org\/0009-0007-2889-1713\",\"https:\/\/en.everybodywiki.com\/Matti_Slotte\",\"https:\/\/www.immuniweb.com\/ssl\/kasinobonus.ai\/M4lqCqYY\/\"]}]}<\/script>\n<!-- \/ Yoast SEO plugin. -->","yoast_head_json":{"title":"Online casino bonuser i Norge (Vurdering 2025) - www.kasinobonus.ai","description":"Kasinobonuser for 2025 Listet! Finn Den Beste Kasinobonusen og Benytt Deg av Suverene Fordeler for Spilling. Lykke til!","robots":{"index":"index","follow":"follow","max-snippet":"max-snippet:-1","max-image-preview":"max-image-preview:large","max-video-preview":"max-video-preview:-1"},"canonical":"https:\/\/www.kasinobonus.ai\/no\/","schema":{"@context":"https:\/\/schema.org","@graph":[{"@type":"WebPage","@id":"https:\/\/www.kasinobonus.ai\/no\/","url":"https:\/\/www.kasinobonus.ai\/no\/","name":"Online casino bonuser i Norge (Vurdering 2025) - www.kasinobonus.ai","isPartOf":{"@id":"https:\/\/www.kasinobonus.ai\/no\/#website"},"primaryImageOfPage":{"@id":"https:\/\/www.kasinobonus.ai\/no\/#primaryimage"},"image":{"@id":"https:\/\/www.kasinobonus.ai\/no\/#primaryimage"},"thumbnailUrl":"https:\/\/www.kasinobonus.ai\/wp-content\/uploads\/2023\/09\/kasinobonuslogo.jpg","datePublished":"2022-01-14T15:23:47+00:00","dateModified":"2025-08-07T14:12:08+00:00","description":"Kasinobonuser for 2025 Listet! Finn Den Beste Kasinobonusen og Benytt Deg av Suverene Fordeler for Spilling. Lykke til!","breadcrumb":{"@id":"https:\/\/www.kasinobonus.ai\/no\/#breadcrumb"},"inLanguage":"no-NO","potentialAction":[{"@type":"ReadAction","target":["https:\/\/www.kasinobonus.ai\/no\/"]}]},{"@type":"ImageObject","inLanguage":"no-NO","@id":"https:\/\/www.kasinobonus.ai\/no\/#primaryimage","url":"https:\/\/www.kasinobonus.ai\/wp-content\/uploads\/2023\/09\/kasinobonuslogo.jpg","contentUrl":"https:\/\/www.kasinobonus.ai\/wp-content\/uploads\/2023\/09\/kasinobonuslogo.jpg","width":1200,"height":628,"caption":"kasinobonuslogo"},{"@type":"BreadcrumbList","@id":"https:\/\/www.kasinobonus.ai\/no\/#breadcrumb","itemListElement":[{"@type":"ListItem","position":1,"name":"Home","item":"https:\/\/kasinobonus.ai\/no\/"},{"@type":"ListItem","position":2,"name":"Kasinobonus"}]},{"@type":"WebSite","@id":"https:\/\/www.kasinobonus.ai\/no\/#website","url":"https:\/\/www.kasinobonus.ai\/no\/","name":"www.kasinobonus.ai","description":"","publisher":{"@id":"https:\/\/www.kasinobonus.ai\/no\/#organization"},"potentialAction":[{"@type":"SearchAction","target":{"@type":"EntryPoint","urlTemplate":"https:\/\/www.kasinobonus.ai\/no\/?s={search_term_string}"},"query-input":{"@type":"PropertyValueSpecification","valueRequired":true,"valueName":"search_term_string"}}],"inLanguage":"no-NO"},{"@type":"Organization","@id":"https:\/\/www.kasinobonus.ai\/no\/#organization","name":"KasinoBonus","alternateName":"KasinoBonusAI","url":"https:\/\/www.kasinobonus.ai\/no\/","logo":{"@type":"ImageObject","inLanguage":"no-NO","@id":"https:\/\/www.kasinobonus.ai\/no\/#\/schema\/logo\/image\/","url":"https:\/\/www.kasinobonus.ai\/wp-content\/uploads\/2023\/09\/kasinobonus-logo-light.png","contentUrl":"https:\/\/www.kasinobonus.ai\/wp-content\/uploads\/2023\/09\/kasinobonus-logo-light.png","width":3200,"height":596,"caption":"KasinoBonus"},"image":{"@id":"https:\/\/www.kasinobonus.ai\/no\/#\/schema\/logo\/image\/"},"sameAs":["https:\/\/www.facebook.com\/kasinobonusio\/","https:\/\/x.com\/Kasinobonus_io","https:\/\/www.linkedin.com\/in\/matti-slotte-26612033b","http:\/\/kasinobonus.wikidot.com\/system:welcome","https:\/\/www.trustpilot.com\/review\/www.kasinobonus.ai","https:\/\/orcid.org\/0009-0007-2889-1713","https:\/\/en.everybodywiki.com\/Matti_Slotte","https:\/\/www.immuniweb.com\/ssl\/kasinobonus.ai\/M4lqCqYY\/"]}]}},"_links":{"self":[{"href":"https:\/\/www.kasinobonus.ai\/no\/wp-json\/wp\/v2\/pages\/8968","targetHints":{"allow":["GET"]}}],"collection":[{"href":"https:\/\/www.kasinobonus.ai\/no\/wp-json\/wp\/v2\/pages"}],"about":[{"href":"https:\/\/www.kasinobonus.ai\/no\/wp-json\/wp\/v2\/types\/page"}],"author":[{"embeddable":true,"href":"https:\/\/www.kasinobonus.ai\/no\/wp-json\/wp\/v2\/users\/1"}],"replies":[{"embeddable":true,"href":"https:\/\/www.kasinobonus.ai\/no\/wp-json\/wp\/v2\/comments?post=8968"}],"version-history":[{"count":5,"href":"https:\/\/www.kasinobonus.ai\/no\/wp-json\/wp\/v2\/pages\/8968\/revisions"}],"predecessor-version":[{"id":35302,"href":"https:\/\/www.kasinobonus.ai\/no\/wp-json\/wp\/v2\/pages\/8968\/revisions\/35302"}],"wp:featuredmedia":[{"embeddable":true,"href":"https:\/\/www.kasinobonus.ai\/no\/wp-json\/wp\/v2\/media\/6092"}],"wp:attachment":[{"href":"https:\/\/www.kasinobonus.ai\/no\/wp-json\/wp\/v2\/media?parent=8968"}],"curies":[{"name":"wp","href":"https:\/\/api.w.org\/{rel}","templated":true}]}}