{"id":8847,"date":"2023-09-01T06:25:29","date_gmt":"2023-09-01T06:25:29","guid":{"rendered":"http:\/\/kasinobonus.ai.dedivirt842.your-server.de\/meista\/"},"modified":"2025-07-26T08:57:42","modified_gmt":"2025-07-26T08:57:42","slug":"introduksjon","status":"publish","type":"page","link":"https:\/\/www.kasinobonus.ai\/no\/introduksjon\/","title":{"rendered":"Om Kasinobonus"},"content":{"rendered":"\n<h1 class=\"wp-block-heading\">Om Kasinobonus<\/h1>\n\n\n\n<p>Historien om Kasinobonus har r\u00f8tter i nettkasinob\u00f8lgen tidlig p\u00e5 2000-tallet, men selve plattformen ble grunnlagt i 2020. Du bes\u00f8ker n\u00e5 et nettsted skapt av <a href=\"https:\/\/www.kasinobonus.ai\/no\/matti-slotte\/\">Matti Slotte<\/a> \u2013 en legende i det finske pokermilj\u00f8et p\u00e5 den tiden, som siden har blitt st\u00e5ende som en bauta i den finske pengespillbransjen helt fram til i dag.<\/p>\n\n\n\n<h2 class=\"wp-block-heading\"><a><\/a><strong>Hva er nytt i 2025<\/strong><\/h2>\n\n\n\n<p>2025 markerer starten p\u00e5 et helt nytt kapittel for Kasinobonus. I \u00e5r har vi lansert nye og smartere verkt\u00f8y for bonusvurdering \u2013 drevet av kunstig intelligens. Vi har ogs\u00e5 utvidet test- og redaksjonsteamet v\u00e5rt, og publiserer n\u00e5 innhold med sterkt fokus p\u00e5 kryptokasinoer, mobilspill og tryggere spilling.<\/p>\n\n\n\n<p>I tillegg har vi begynt \u00e5 publisere eksklusive innsikter basert p\u00e5 tilbakemeldinger fra spillere og faktiske uttakshastigheter. Matti leder fortsatt alt, men n\u00e5 med flere verkt\u00f8y, mer rekkevidde og st\u00f8rre muligheter enn noen gang \u2013 noe som betyr at hvert eneste kasino vi anbefaler er grundigere testet, hyppigere kontrollert og mer spillertilpasset enn f\u00f8r.<\/p>\n\n\n\n<p>Javisst \u2013 det kan se ut som nok et kasinoside med bannere, logoer, noen bonuser og \u201cklikk her\u201d-knapper. Det samme som du ser overalt.<\/p>\n\n\n\n<p>Men denne siden er annerledes. Mattis enorme erfaring sikrer at kun n\u00f8ye utvalgte nettkasinoer havner p\u00e5 listen \u2013 og de som ikke holder m\u00e5l, blir rett og slett ikke omtalt. Stol p\u00e5 at Matti fungerer som limet som holder spillmilj\u00f8et sammen, og som den personen som ser etter deg \u2013 slik at du ikke ender opp hos useri\u00f8se akt\u00f8rer.<\/p>\n\n\n\n<p>Her er ett eksempel: Matti s\u00f8rger for at enhver velkomstbonus har en positiv forventet verdi, og at det ikke finnes skjulte vilk\u00e5r designet for at kasinoet skal kunne ugyldiggj\u00f8re bonusen din. Hadde du tenkt p\u00e5 det? Nei? Vel \u2013 Matti gj\u00f8r det. Hver eneste dag.<\/p>\n\n\n\n<p>Et annet eksempel: Kasinoer drives av mennesker. Matti snakker med menneskene bak en kasinobrand. Du f\u00e5r ikke mulighet til det \u2013 men han f\u00e5r det, og han bruker sine kontakter til \u00e5 sjekke hvem som st\u00e5r bak et brand og hva deres intensjoner egentlig er.<\/p>\n\n\n\n<h2 class=\"wp-block-heading\"><a><\/a><strong>Hvorfor vi skiller oss ut<\/strong><\/h2>\n\n\n\n<p>KasinoBonus er kjent for \u00e5 anbefale de <a href=\"https:\/\/www.kasinobonus.ai\/no\/\">beste nettkasinoene med ekte penger<\/a> for finske spillere \u2013 men hva er det egentlig som gj\u00f8r oss s\u00e5 unike og flere hestehoder foran konkurrentene? Her er noen grunner:<\/p>\n\n\n\n<ul class=\"wp-block-list\">\n<li><strong>Bonusintegritet:<\/strong> Matti g\u00e5r <em>personlig <\/em>gjennom bonusvilk\u00e5rene og leser det med liten skrift. Hvis det finnes skjulte klausuler \u2013 for eksempel vilk\u00e5r laget for \u00e5 hindre uttak eller ugyldiggj\u00f8re gevinster \u2013 blir ikke bonusen anbefalt. Punktum.<\/li>\n\n\n\n<li><strong>Insider-tilgang:<\/strong> De fleste spillere f\u00e5r aldri mulighet til \u00e5 snakke med folkene bak kulissene. Matti gj\u00f8r det. Han bruker sine kontakter til \u00e5 finne ut hvem som egentlig styrer kasinoet \u2013 og om de har \u00e6rlige hensikter.<\/li>\n\n\n\n<li><strong>Testing med ekte penger:<\/strong> I motsetning til nesten alle andre kasinotestingssider, gj\u00f8r vi ekte pengeinnskudd \u2013 akkurat slik du ville gjort \u2013 for \u00e5 se hvordan kasinoet faktisk fungerer. Vi n\u00f8yer oss ikke med \u00e5 se p\u00e5 glansede forsider; vi tester uttak, kundeservice, og alt imellom!<\/li>\n<\/ul>\n\n\n\n<h2 class=\"wp-block-heading\"><strong>Hvorfor velge Kasinobonus?<\/strong><\/h2>\n\n\n\n<p>Du velger Kasinobonus fremfor andre lignende sider fordi du f\u00e5r \u00e6rlige vurderinger fra en bransjeveteran som alltid setter dine interesser f\u00f8rst. Kasinoanmeldelser er ikke noe man tar lett p\u00e5 \u2013 det er et grundig arbeid som i dag inneb\u00e6rer:<\/p>\n\n\n\n<ul class=\"wp-block-list\">\n<li>Profesjonelle og brutalt \u00e6rlige kasinovurderinger<\/li>\n\n\n\n<li>Innskudd med ekte penger for \u00e5 teste kasinoet<\/li>\n\n\n\n<li>Bakgrunnssjekk av kasinoet og selskapet bak<\/li>\n\n\n\n<li>Samtaler med finske spillere som har pr\u00f8vd kasinoet<\/li>\n\n\n\n<li>Juridisk gjennomgang av bonusvilk\u00e5r<\/li>\n\n\n\n<li>Mattis personlige vurdering av hvert kasino<\/li>\n<\/ul>\n\n\n\n<h2 class=\"wp-block-heading\"><a><\/a><strong>V\u00e5rt oppdrag<\/strong><\/h2>\n\n\n\n<p>KasinoBonus har som m\u00e5l \u00e5 gi finske spillere n\u00f8yaktig og nyttig informasjon \u2013 slik at de blir bedre informert og f\u00e5r kontakt med kasinoakt\u00f8rer som faktisk tar vare p\u00e5 spillerne sine. Det er alltid spillerens beste som st\u00e5r i sentrum for det Matti gj\u00f8r.<\/p>\n\n\n\n<p>Uten Kasinobonus ville mange ikke visst hvilke kasinoer som er trygge \u2013 og hvilke som b\u00f8r unng\u00e5s. De ville heller ikke hatt samme kunnskap om hvordan pengespill faktisk fungerer.<\/p>\n\n\n\n<h2 class=\"wp-block-heading\"><a><\/a><strong>Annonse- og redaksjonell policy<\/strong><\/h2>\n\n\n\n<p>Vi finansieres gjennom annonser. Men det er viktig \u00e5 understreke \u00e9n ting: Annonsebetalinger p\u00e5virker aldri v\u00e5r vurdering av et kasino eller en brand. Matti har tidligere tatt imot betaling for \u00e5 anmelde et kasino \u2013 og s\u00e5 skrevet en d\u00e5rlig anmeldelse, fordi kasinoet fortjente det. Et selskap kan betale for omtale, men de kan ikke p\u00e5virke hva som blir skrevet.<\/p>\n\n\n\n<p>Dette er den redaksjonelle integriteten Matti har st\u00e5tt for helt siden Kasinobonus ble lansert \u2013 og den har aldri blitt kompromittert. Ikke \u00e9n eneste gang. Det finnes ikke nok penger i verden til \u00e5 f\u00e5 Matti til \u00e5 se bort fra sine egne standarder.<\/p>\n\n\n\n<h2 class=\"wp-block-heading\"><a><\/a><strong>Hvorfor vi bruker .ai-domenet<\/strong><\/h2>\n\n\n\n<p>Du har kanskje lagt merke til at vi n\u00e5 bruker .ai i domenet v\u00e5rt. Opprinnelig lanserte vi med .io \u2013 popul\u00e6rt blant teknologiselskaper og kryptokasinoer \u2013 men i 2025 har vi gjort overgangen til .ai for \u00e5 reflektere v\u00e5r nye identitet.<\/p>\n\n\n\n<p>Kunstig intelligens er n\u00e5 en integrert del av hvordan vi evaluerer bonuser og rangerer kasinoer ukentlig, og .ai-domenet symboliserer den neste generasjonen av troverdige spillressurser \u2013 der Mattis menneskelige ekspertise kombineres med banebrytende teknologi.<\/p>\n","protected":false},"excerpt":{"rendered":"<p>Om Kasinobonus Historien om Kasinobonus har r\u00f8tter i nettkasinob\u00f8lgen tidlig p\u00e5 2000-tallet, men selve plattformen ble grunnlagt i 2020. Du bes\u00f8ker n\u00e5 et nettsted skapt av Matti Slotte \u2013 en legende i det finske pokermilj\u00f8et p\u00e5 den tiden, som siden har blitt st\u00e5ende som en bauta i den finske pengespillbransjen helt fram til i dag. [&hellip;]<\/p>\n","protected":false},"author":1,"featured_media":0,"parent":0,"menu_order":0,"comment_status":"open","ping_status":"closed","template":"","meta":{"inline_featured_image":false,"footnotes":""},"class_list":["post-8847","page","type-page","status-publish","hentry"],"yoast_head":"<!-- This site is optimized with the Yoast SEO plugin v24.5 - https:\/\/yoast.com\/wordpress\/plugins\/seo\/ -->\n<title>www.kasinobonus.ai: Keit\u00e4 Me Olemme ja Mit\u00e4 Teemme?<\/title>\n<meta name=\"description\" content=\"www.kasinobonus.ai:n tiimi esitt\u00e4ytyy. Tutustu meihin ja siihen, miten valitsemme parhaat kasinobonukset! Lue kernaasti lis\u00e4\u00e4!\" \/>\n<meta name=\"robots\" content=\"index, follow, max-snippet:-1, max-image-preview:large, max-video-preview:-1\" \/>\n<link rel=\"canonical\" href=\"https:\/\/www.kasinobonus.ai\/no\/introduksjon\/\" \/>\n<script type=\"application\/ld+json\" class=\"yoast-schema-graph\">{\"@context\":\"https:\/\/schema.org\",\"@graph\":[{\"@type\":\"WebPage\",\"@id\":\"https:\/\/www.kasinobonus.ai\/no\/introduksjon\/\",\"url\":\"https:\/\/www.kasinobonus.ai\/no\/introduksjon\/\",\"name\":\"www.kasinobonus.ai: Keit\u00e4 Me Olemme ja Mit\u00e4 Teemme?\",\"isPartOf\":{\"@id\":\"https:\/\/www.kasinobonus.ai\/no\/#website\"},\"datePublished\":\"2023-09-01T06:25:29+00:00\",\"dateModified\":\"2025-07-26T08:57:42+00:00\",\"description\":\"www.kasinobonus.ai:n tiimi esitt\u00e4ytyy. Tutustu meihin ja siihen, miten valitsemme parhaat kasinobonukset! Lue kernaasti lis\u00e4\u00e4!\",\"breadcrumb\":{\"@id\":\"https:\/\/www.kasinobonus.ai\/no\/introduksjon\/#breadcrumb\"},\"inLanguage\":\"no-NO\",\"potentialAction\":[{\"@type\":\"ReadAction\",\"target\":[\"https:\/\/www.kasinobonus.ai\/no\/introduksjon\/\"]}]},{\"@type\":\"BreadcrumbList\",\"@id\":\"https:\/\/www.kasinobonus.ai\/no\/introduksjon\/#breadcrumb\",\"itemListElement\":[{\"@type\":\"ListItem\",\"position\":1,\"name\":\"Home\",\"item\":\"https:\/\/kasinobonus.ai\/no\/\"},{\"@type\":\"ListItem\",\"position\":2,\"name\":\"Om Kasinobonus\"}]},{\"@type\":\"WebSite\",\"@id\":\"https:\/\/www.kasinobonus.ai\/no\/#website\",\"url\":\"https:\/\/www.kasinobonus.ai\/no\/\",\"name\":\"www.kasinobonus.ai\",\"description\":\"\",\"publisher\":{\"@id\":\"https:\/\/www.kasinobonus.ai\/no\/#organization\"},\"potentialAction\":[{\"@type\":\"SearchAction\",\"target\":{\"@type\":\"EntryPoint\",\"urlTemplate\":\"https:\/\/www.kasinobonus.ai\/no\/?s={search_term_string}\"},\"query-input\":{\"@type\":\"PropertyValueSpecification\",\"valueRequired\":true,\"valueName\":\"search_term_string\"}}],\"inLanguage\":\"no-NO\"},{\"@type\":\"Organization\",\"@id\":\"https:\/\/www.kasinobonus.ai\/no\/#organization\",\"name\":\"KasinoBonus\",\"alternateName\":\"KasinoBonusAI\",\"url\":\"https:\/\/www.kasinobonus.ai\/no\/\",\"logo\":{\"@type\":\"ImageObject\",\"inLanguage\":\"no-NO\",\"@id\":\"https:\/\/www.kasinobonus.ai\/no\/#\/schema\/logo\/image\/\",\"url\":\"https:\/\/www.kasinobonus.ai\/wp-content\/uploads\/2023\/09\/kasinobonus-logo-light.png\",\"contentUrl\":\"https:\/\/www.kasinobonus.ai\/wp-content\/uploads\/2023\/09\/kasinobonus-logo-light.png\",\"width\":3200,\"height\":596,\"caption\":\"KasinoBonus\"},\"image\":{\"@id\":\"https:\/\/www.kasinobonus.ai\/no\/#\/schema\/logo\/image\/\"},\"sameAs\":[\"https:\/\/www.facebook.com\/kasinobonusio\/\",\"https:\/\/x.com\/Kasinobonus_io\",\"https:\/\/www.linkedin.com\/in\/matti-slotte-26612033b\",\"http:\/\/kasinobonus.wikidot.com\/system:welcome\",\"https:\/\/www.trustpilot.com\/review\/www.kasinobonus.ai\",\"https:\/\/orcid.org\/0009-0007-2889-1713\",\"https:\/\/en.everybodywiki.com\/Matti_Slotte\",\"https:\/\/www.immuniweb.com\/ssl\/kasinobonus.ai\/M4lqCqYY\/\"]}]}<\/script>\n<!-- \/ Yoast SEO plugin. -->","yoast_head_json":{"title":"www.kasinobonus.ai: Keit\u00e4 Me Olemme ja Mit\u00e4 Teemme?","description":"www.kasinobonus.ai:n tiimi esitt\u00e4ytyy. Tutustu meihin ja siihen, miten valitsemme parhaat kasinobonukset! Lue kernaasti lis\u00e4\u00e4!","robots":{"index":"index","follow":"follow","max-snippet":"max-snippet:-1","max-image-preview":"max-image-preview:large","max-video-preview":"max-video-preview:-1"},"canonical":"https:\/\/www.kasinobonus.ai\/no\/introduksjon\/","schema":{"@context":"https:\/\/schema.org","@graph":[{"@type":"WebPage","@id":"https:\/\/www.kasinobonus.ai\/no\/introduksjon\/","url":"https:\/\/www.kasinobonus.ai\/no\/introduksjon\/","name":"www.kasinobonus.ai: Keit\u00e4 Me Olemme ja Mit\u00e4 Teemme?","isPartOf":{"@id":"https:\/\/www.kasinobonus.ai\/no\/#website"},"datePublished":"2023-09-01T06:25:29+00:00","dateModified":"2025-07-26T08:57:42+00:00","description":"www.kasinobonus.ai:n tiimi esitt\u00e4ytyy. Tutustu meihin ja siihen, miten valitsemme parhaat kasinobonukset! Lue kernaasti lis\u00e4\u00e4!","breadcrumb":{"@id":"https:\/\/www.kasinobonus.ai\/no\/introduksjon\/#breadcrumb"},"inLanguage":"no-NO","potentialAction":[{"@type":"ReadAction","target":["https:\/\/www.kasinobonus.ai\/no\/introduksjon\/"]}]},{"@type":"BreadcrumbList","@id":"https:\/\/www.kasinobonus.ai\/no\/introduksjon\/#breadcrumb","itemListElement":[{"@type":"ListItem","position":1,"name":"Home","item":"https:\/\/kasinobonus.ai\/no\/"},{"@type":"ListItem","position":2,"name":"Om Kasinobonus"}]},{"@type":"WebSite","@id":"https:\/\/www.kasinobonus.ai\/no\/#website","url":"https:\/\/www.kasinobonus.ai\/no\/","name":"www.kasinobonus.ai","description":"","publisher":{"@id":"https:\/\/www.kasinobonus.ai\/no\/#organization"},"potentialAction":[{"@type":"SearchAction","target":{"@type":"EntryPoint","urlTemplate":"https:\/\/www.kasinobonus.ai\/no\/?s={search_term_string}"},"query-input":{"@type":"PropertyValueSpecification","valueRequired":true,"valueName":"search_term_string"}}],"inLanguage":"no-NO"},{"@type":"Organization","@id":"https:\/\/www.kasinobonus.ai\/no\/#organization","name":"KasinoBonus","alternateName":"KasinoBonusAI","url":"https:\/\/www.kasinobonus.ai\/no\/","logo":{"@type":"ImageObject","inLanguage":"no-NO","@id":"https:\/\/www.kasinobonus.ai\/no\/#\/schema\/logo\/image\/","url":"https:\/\/www.kasinobonus.ai\/wp-content\/uploads\/2023\/09\/kasinobonus-logo-light.png","contentUrl":"https:\/\/www.kasinobonus.ai\/wp-content\/uploads\/2023\/09\/kasinobonus-logo-light.png","width":3200,"height":596,"caption":"KasinoBonus"},"image":{"@id":"https:\/\/www.kasinobonus.ai\/no\/#\/schema\/logo\/image\/"},"sameAs":["https:\/\/www.facebook.com\/kasinobonusio\/","https:\/\/x.com\/Kasinobonus_io","https:\/\/www.linkedin.com\/in\/matti-slotte-26612033b","http:\/\/kasinobonus.wikidot.com\/system:welcome","https:\/\/www.trustpilot.com\/review\/www.kasinobonus.ai","https:\/\/orcid.org\/0009-0007-2889-1713","https:\/\/en.everybodywiki.com\/Matti_Slotte","https:\/\/www.immuniweb.com\/ssl\/kasinobonus.ai\/M4lqCqYY\/"]}]}},"_links":{"self":[{"href":"https:\/\/www.kasinobonus.ai\/no\/wp-json\/wp\/v2\/pages\/8847","targetHints":{"allow":["GET"]}}],"collection":[{"href":"https:\/\/www.kasinobonus.ai\/no\/wp-json\/wp\/v2\/pages"}],"about":[{"href":"https:\/\/www.kasinobonus.ai\/no\/wp-json\/wp\/v2\/types\/page"}],"author":[{"embeddable":true,"href":"https:\/\/www.kasinobonus.ai\/no\/wp-json\/wp\/v2\/users\/1"}],"replies":[{"embeddable":true,"href":"https:\/\/www.kasinobonus.ai\/no\/wp-json\/wp\/v2\/comments?post=8847"}],"version-history":[{"count":5,"href":"https:\/\/www.kasinobonus.ai\/no\/wp-json\/wp\/v2\/pages\/8847\/revisions"}],"predecessor-version":[{"id":34442,"href":"https:\/\/www.kasinobonus.ai\/no\/wp-json\/wp\/v2\/pages\/8847\/revisions\/34442"}],"wp:attachment":[{"href":"https:\/\/www.kasinobonus.ai\/no\/wp-json\/wp\/v2\/media?parent=8847"}],"curies":[{"name":"wp","href":"https:\/\/api.w.org\/{rel}","templated":true}]}}