{"id":8837,"date":"2023-09-01T06:34:45","date_gmt":"2023-09-01T06:34:45","guid":{"rendered":"http:\/\/kasinobonus.ai.dedivirt842.your-server.de\/vastuullinen-pelaaminen\/"},"modified":"2025-07-26T08:58:51","modified_gmt":"2025-07-26T08:58:51","slug":"ansvarlig-spill","status":"publish","type":"page","link":"https:\/\/www.kasinobonus.ai\/no\/ansvarlig-spill\/","title":{"rendered":"Ansvarlig Pengespill"},"content":{"rendered":"\n<h1 class=\"wp-block-heading\">Guide til Ansvarlig Pengespill fra Kasinobonus<\/h1>\n\n\n\n<p>Teamet v\u00e5rt er lidenskapelig opptatt av verdenen av nettkasinoer og streber etter \u00e5 tilby leserne v\u00e5re de beste kasinoene fra et objektivt spillerperspektiv. Siden laget v\u00e5rt best\u00e5r av spillere, m\u00f8ter vi de samme utfordringene og fordelene i iGaming-industrien som deg. I det siste har problem gambling blitt en \u00f8kende bekymring.<\/p>\n\n\n\n<p>Vi har lagt merke til at flere og flere spillere sliter med dette problemet. Derfor har vi utarbeidet en omfattende guide om ansvarlig spill. Vi \u00f8nsker \u00e5 gi deg en bedre forst\u00e5else av problemet og m\u00e5ter \u00e5 forebygge det p\u00e5.<\/p>\n\n\n\n<h3 class=\"wp-block-heading\">Hva Er Problemspill?<\/h3>\n\n\n\n<p>Problemspill bryr seg ikke om sted eller tid, enten det er et flott kasino i Las Vegas eller en liten spilleautomat i hjembyen din. Problemet oppst\u00e5r n\u00e5r du spiller over evne, og dette p\u00e5virker andre omr\u00e5der av livet ditt.<\/p>\n\n\n\n<p>Selv om <a href=\"https:\/\/www.kasinobonus.ai\/no\/introduksjon\/\">teamet v\u00e5rt<\/a> oppmuntrer spillere til \u00e5 utforske nye kasinosider med bedre tilbud, bestreber vi oss p\u00e5 \u00e5 anbefale kun nettsteder som tilbyr verkt\u00f8y for \u00e5 forebygge problemspill.<\/p>\n\n\n\n<h3 class=\"wp-block-heading\">Tegn p\u00e5 Problemspill For \u00e5 gjenkjenne tegn p\u00e5 problemspilling har vi listet opp de vanligste indikatorene:<\/h3>\n\n\n\n<ul class=\"wp-block-list\">\n<li>\u00c5 satse over avtalte grenser<\/li>\n\n\n\n<li>\u00c5 l\u00f8pe etter tap<\/li>\n\n\n\n<li>\u00c5 spille for st\u00f8rre summer enn man har r\u00e5d til<\/li>\n\n\n\n<li>Unng\u00e5 nettsteder som bruker verkt\u00f8y for \u00e5 forhindre problemspill<\/li>\n\n\n\n<li>\u00c5 skylde p\u00e5 uflaks for tap i stedet for \u00e5 vurdere spillstrategien<\/li>\n<\/ul>\n\n\n\n<p>Vanlige \u00e5rsaker til problemspill Ofte ligger en overdreven tilknytning til kasinospill til grunn for problemspill. Selv om mange nyter det \u00e5 pr\u00f8ve nye spill, er det viktig \u00e5 gjenkjenne n\u00e5r man har g\u00e5tt for langt. \u00c5 se p\u00e5 spill som en m\u00e5te \u00e5 tjene penger b\u00f8r aldri anses som en god id\u00e9.<\/p>\n\n\n\n<p>Ressurser for Problemspill Vi tilbyr leserne v\u00e5re informasjon om nyttige ressurser og kontakter du kan vende deg til hvis du kjenner igjen tegn p\u00e5 problemspill i deg selv.<\/p>\n\n\n\n<p>Kasinobonus &amp; Ansvarlig Pengespill Til slutt \u00f8nsker vi \u00e5 understreke hvordan Kasinobonus teamet behandler trusselen om problemspill:<\/p>\n\n\n\n<ul class=\"wp-block-list\">\n<li>Vi anbefaler kun nettsteder vi selv har testet.<\/li>\n\n\n\n<li>Vi anbefaler kun nettsteder som tilbyr verkt\u00f8y for ansvarlig spill.<\/li>\n\n\n\n<li>Vi legger konstant vekt p\u00e5 betydningen av ansvarlig spill.<\/li>\n<\/ul>\n\n\n\n<h2 class=\"wp-block-heading\">Strategier for \u00c5 Opprettholde Kontroll<\/h2>\n\n\n\n<p>\u00c5 opprettholde kontroll over spillevanene dine er essensielt for en ansvarlig og b\u00e6rekraftig kasinoopplevelse. Det er viktig \u00e5 sette klare grenser for deg selv og v\u00e6re bevisst p\u00e5 din spilleatferd. Her er noen strategier som kan hjelpe deg med \u00e5 opprettholde kontroll og nyte spill p\u00e5 en ansvarlig m\u00e5te:<\/p>\n\n\n\n<ol class=\"wp-block-list\">\n<li><strong>Sett Tids- og Pengelimit<\/strong>: F\u00f8r du begynner \u00e5 spille, bestem hvor mye tid og penger du er villig til \u00e5 bruke, og hold deg strengt til disse grensene. Moderne online kasinoer tilbyr verkt\u00f8y for \u00e5 sette disse begrensningene direkte p\u00e5 spillekontoen din.<\/li>\n\n\n\n<li><strong>Hold Spillregnskap<\/strong>: F\u00f8r en logg over dine spillaktiviteter. Dette inkluderer gevinster, tap og den totale tiden du har brukt p\u00e5 spill. \u00c5 holde regnskap kan gi deg et klart bilde av dine spillevaner og hjelpe deg med \u00e5 gj\u00f8re informerte valg.<\/li>\n\n\n\n<li><strong>Ta Regelmessige Pausar<\/strong>: Langvarig spill uten pauser kan f\u00f8re til tretthet og d\u00e5rlige beslutninger. Ved \u00e5 ta regelmessige pauser, kan du opprettholde et klart sinn og redusere risikoen for impulsive beslutninger.<\/li>\n\n\n\n<li><strong>Gjenkjenn Triggere<\/strong>: V\u00e6r oppmerksom p\u00e5 situasjoner som trigger deg til \u00e5 spille mer enn du hadde planlagt. Dette kan v\u00e6re f\u00f8lelser som stress, kjedsomhet eller etter \u00e5 ha opplevd store tap eller gevinster. Ved \u00e5 kjenne dine triggere, kan du utvikle strategier for \u00e5 h\u00e5ndtere dem uten \u00e5 ty til spill.<\/li>\n\n\n\n<li><strong>S\u00f8k St\u00f8tte<\/strong>: Hvis du f\u00f8ler at spillingen din blir vanskelig \u00e5 kontrollere, ikke n\u00f8l med \u00e5 s\u00f8ke st\u00f8tte. Enten det er gjennom venner, familie eller profesjonelle tjenester, er det \u00e5 be om hjelp et tegn p\u00e5 styrke, ikke svakhet.<\/li>\n<\/ol>\n\n\n\n<p>Ved \u00e5 implementere disse strategiene, kan du sikre at din spillopplevelse forblir positiv og under kontroll. Kasinobonus oppfordrer alle spillere til \u00e5 spille ansvarlig og \u00e5 gj\u00f8re informerte valg som beskytter dem fra de negative konsekvensene av problemgambling.<\/p>\n\n\n\n<h3 class=\"wp-block-heading\">Hjelp ved Spillproblemer<\/h3>\n\n\n\n<p>Hvis du gjenkjenner tegn p\u00e5 spillproblemer hos deg selv eller noen n\u00e6r deg, er det viktig \u00e5 kontakte en ekspert eller en organisasjon som kan tilby hjelp og st\u00f8tte. I Finland finnes det flere organisasjoner og tjenester som er fokusert p\u00e5 \u00e5 hjelpe de med spillproblemer:<\/p>\n\n\n\n<ol class=\"wp-block-list\">\n<li><a href=\"https:\/\/www.peluuri.fi\/\"><strong>Peluuri<\/strong> <\/a>&#8211; Gratis og konfidensiell hjelpetelefon samt online r\u00e5dgivning for de som opplever spilleproblemer eller deres n\u00e6rmeste.<\/li>\n\n\n\n<li><a href=\"https:\/\/www.sininauhaliitto.fi\/\"><strong>Sininauhaliitto<\/strong> <\/a>&#8211; En organisasjon som tilbyr st\u00f8tte og tjenester for de med rus- og spilleavhengighet samt deres n\u00e6rmeste.<\/li>\n\n\n\n<li><strong><a href=\"https:\/\/a-klinikkasaatio.fi\/\">A-klinikka Stiftelsen<\/a><\/strong> &#8211; Tilbyr et mangfold av tjenester for de med rus- og spillproblemer.<\/li>\n\n\n\n<li><a href=\"https:\/\/gamban.com\/\"><strong>Gamban<\/strong> <\/a>&#8211; Gamban er en programvare som hjelper med \u00e5 blokkere adgang til tusenvis av nettkasinoer og spillsider. Det er designet for de som \u00f8nsker \u00e5 sette grenser eller stoppe online spill. Ved \u00e5 installere Gamban vil du ikke lenger kunne f\u00e5 tilgang til spillsider p\u00e5 enhetene dine, og slik kan du fokusere p\u00e5 andre ting uten fristelsen til \u00e5 spille.<\/li>\n<\/ol>\n\n\n\n<p>Hvis du mistenker at du har et spillproblem, er det viktig \u00e5 kontakte hjelp s\u00e5 snart som mulig. Husk at det finnes hjelp tilgjengelig, og du trenger ikke \u00e5 klare deg alene.<\/p>\n","protected":false},"excerpt":{"rendered":"<p>Guide til Ansvarlig Pengespill fra Kasinobonus Teamet v\u00e5rt er lidenskapelig opptatt av verdenen av nettkasinoer og streber etter \u00e5 tilby leserne v\u00e5re de beste kasinoene fra et objektivt spillerperspektiv. Siden laget v\u00e5rt best\u00e5r av spillere, m\u00f8ter vi de samme utfordringene og fordelene i iGaming-industrien som deg. I det siste har problem gambling blitt en \u00f8kende [&hellip;]<\/p>\n","protected":false},"author":1,"featured_media":0,"parent":0,"menu_order":0,"comment_status":"open","ping_status":"closed","template":"","meta":{"inline_featured_image":false,"footnotes":""},"class_list":["post-8837","page","type-page","status-publish","hentry"],"yoast_head":"<!-- This site is optimized with the Yoast SEO plugin v24.5 - https:\/\/yoast.com\/wordpress\/plugins\/seo\/ -->\n<title>Ansvarlig Spill: En Omfattende Guide fra Kasinobonus<\/title>\n<meta name=\"description\" content=\"L\u00e6r om prinsippene for ansvarlig spill og kjennetegnene. Vi hjelper deg med \u00e5 spille trygt og gjenkjenne advarselstegn p\u00e5 problemspill.\" \/>\n<meta name=\"robots\" content=\"index, follow, max-snippet:-1, max-image-preview:large, max-video-preview:-1\" \/>\n<link rel=\"canonical\" href=\"https:\/\/www.kasinobonus.ai\/no\/ansvarlig-spill\/\" \/>\n<script type=\"application\/ld+json\" class=\"yoast-schema-graph\">{\"@context\":\"https:\/\/schema.org\",\"@graph\":[{\"@type\":\"WebPage\",\"@id\":\"https:\/\/www.kasinobonus.ai\/no\/ansvarlig-spill\/\",\"url\":\"https:\/\/www.kasinobonus.ai\/no\/ansvarlig-spill\/\",\"name\":\"Ansvarlig Spill: En Omfattende Guide fra Kasinobonus\",\"isPartOf\":{\"@id\":\"https:\/\/www.kasinobonus.ai\/no\/#website\"},\"datePublished\":\"2023-09-01T06:34:45+00:00\",\"dateModified\":\"2025-07-26T08:58:51+00:00\",\"description\":\"L\u00e6r om prinsippene for ansvarlig spill og kjennetegnene. Vi hjelper deg med \u00e5 spille trygt og gjenkjenne advarselstegn p\u00e5 problemspill.\",\"breadcrumb\":{\"@id\":\"https:\/\/www.kasinobonus.ai\/no\/ansvarlig-spill\/#breadcrumb\"},\"inLanguage\":\"no-NO\",\"potentialAction\":[{\"@type\":\"ReadAction\",\"target\":[\"https:\/\/www.kasinobonus.ai\/no\/ansvarlig-spill\/\"]}]},{\"@type\":\"BreadcrumbList\",\"@id\":\"https:\/\/www.kasinobonus.ai\/no\/ansvarlig-spill\/#breadcrumb\",\"itemListElement\":[{\"@type\":\"ListItem\",\"position\":1,\"name\":\"Home\",\"item\":\"https:\/\/kasinobonus.ai\/no\/\"},{\"@type\":\"ListItem\",\"position\":2,\"name\":\"Ansvarlig Pengespill\"}]},{\"@type\":\"WebSite\",\"@id\":\"https:\/\/www.kasinobonus.ai\/no\/#website\",\"url\":\"https:\/\/www.kasinobonus.ai\/no\/\",\"name\":\"www.kasinobonus.ai\",\"description\":\"\",\"publisher\":{\"@id\":\"https:\/\/www.kasinobonus.ai\/no\/#organization\"},\"potentialAction\":[{\"@type\":\"SearchAction\",\"target\":{\"@type\":\"EntryPoint\",\"urlTemplate\":\"https:\/\/www.kasinobonus.ai\/no\/?s={search_term_string}\"},\"query-input\":{\"@type\":\"PropertyValueSpecification\",\"valueRequired\":true,\"valueName\":\"search_term_string\"}}],\"inLanguage\":\"no-NO\"},{\"@type\":\"Organization\",\"@id\":\"https:\/\/www.kasinobonus.ai\/no\/#organization\",\"name\":\"KasinoBonus\",\"alternateName\":\"KasinoBonusAI\",\"url\":\"https:\/\/www.kasinobonus.ai\/no\/\",\"logo\":{\"@type\":\"ImageObject\",\"inLanguage\":\"no-NO\",\"@id\":\"https:\/\/www.kasinobonus.ai\/no\/#\/schema\/logo\/image\/\",\"url\":\"https:\/\/www.kasinobonus.ai\/wp-content\/uploads\/2023\/09\/kasinobonus-logo-light.png\",\"contentUrl\":\"https:\/\/www.kasinobonus.ai\/wp-content\/uploads\/2023\/09\/kasinobonus-logo-light.png\",\"width\":3200,\"height\":596,\"caption\":\"KasinoBonus\"},\"image\":{\"@id\":\"https:\/\/www.kasinobonus.ai\/no\/#\/schema\/logo\/image\/\"},\"sameAs\":[\"https:\/\/www.facebook.com\/kasinobonusio\/\",\"https:\/\/x.com\/Kasinobonus_io\",\"https:\/\/www.linkedin.com\/in\/matti-slotte-26612033b\",\"http:\/\/kasinobonus.wikidot.com\/system:welcome\",\"https:\/\/www.trustpilot.com\/review\/www.kasinobonus.ai\",\"https:\/\/orcid.org\/0009-0007-2889-1713\",\"https:\/\/en.everybodywiki.com\/Matti_Slotte\",\"https:\/\/www.immuniweb.com\/ssl\/kasinobonus.ai\/M4lqCqYY\/\"]}]}<\/script>\n<!-- \/ Yoast SEO plugin. -->","yoast_head_json":{"title":"Ansvarlig Spill: En Omfattende Guide fra Kasinobonus","description":"L\u00e6r om prinsippene for ansvarlig spill og kjennetegnene. Vi hjelper deg med \u00e5 spille trygt og gjenkjenne advarselstegn p\u00e5 problemspill.","robots":{"index":"index","follow":"follow","max-snippet":"max-snippet:-1","max-image-preview":"max-image-preview:large","max-video-preview":"max-video-preview:-1"},"canonical":"https:\/\/www.kasinobonus.ai\/no\/ansvarlig-spill\/","schema":{"@context":"https:\/\/schema.org","@graph":[{"@type":"WebPage","@id":"https:\/\/www.kasinobonus.ai\/no\/ansvarlig-spill\/","url":"https:\/\/www.kasinobonus.ai\/no\/ansvarlig-spill\/","name":"Ansvarlig Spill: En Omfattende Guide fra Kasinobonus","isPartOf":{"@id":"https:\/\/www.kasinobonus.ai\/no\/#website"},"datePublished":"2023-09-01T06:34:45+00:00","dateModified":"2025-07-26T08:58:51+00:00","description":"L\u00e6r om prinsippene for ansvarlig spill og kjennetegnene. Vi hjelper deg med \u00e5 spille trygt og gjenkjenne advarselstegn p\u00e5 problemspill.","breadcrumb":{"@id":"https:\/\/www.kasinobonus.ai\/no\/ansvarlig-spill\/#breadcrumb"},"inLanguage":"no-NO","potentialAction":[{"@type":"ReadAction","target":["https:\/\/www.kasinobonus.ai\/no\/ansvarlig-spill\/"]}]},{"@type":"BreadcrumbList","@id":"https:\/\/www.kasinobonus.ai\/no\/ansvarlig-spill\/#breadcrumb","itemListElement":[{"@type":"ListItem","position":1,"name":"Home","item":"https:\/\/kasinobonus.ai\/no\/"},{"@type":"ListItem","position":2,"name":"Ansvarlig Pengespill"}]},{"@type":"WebSite","@id":"https:\/\/www.kasinobonus.ai\/no\/#website","url":"https:\/\/www.kasinobonus.ai\/no\/","name":"www.kasinobonus.ai","description":"","publisher":{"@id":"https:\/\/www.kasinobonus.ai\/no\/#organization"},"potentialAction":[{"@type":"SearchAction","target":{"@type":"EntryPoint","urlTemplate":"https:\/\/www.kasinobonus.ai\/no\/?s={search_term_string}"},"query-input":{"@type":"PropertyValueSpecification","valueRequired":true,"valueName":"search_term_string"}}],"inLanguage":"no-NO"},{"@type":"Organization","@id":"https:\/\/www.kasinobonus.ai\/no\/#organization","name":"KasinoBonus","alternateName":"KasinoBonusAI","url":"https:\/\/www.kasinobonus.ai\/no\/","logo":{"@type":"ImageObject","inLanguage":"no-NO","@id":"https:\/\/www.kasinobonus.ai\/no\/#\/schema\/logo\/image\/","url":"https:\/\/www.kasinobonus.ai\/wp-content\/uploads\/2023\/09\/kasinobonus-logo-light.png","contentUrl":"https:\/\/www.kasinobonus.ai\/wp-content\/uploads\/2023\/09\/kasinobonus-logo-light.png","width":3200,"height":596,"caption":"KasinoBonus"},"image":{"@id":"https:\/\/www.kasinobonus.ai\/no\/#\/schema\/logo\/image\/"},"sameAs":["https:\/\/www.facebook.com\/kasinobonusio\/","https:\/\/x.com\/Kasinobonus_io","https:\/\/www.linkedin.com\/in\/matti-slotte-26612033b","http:\/\/kasinobonus.wikidot.com\/system:welcome","https:\/\/www.trustpilot.com\/review\/www.kasinobonus.ai","https:\/\/orcid.org\/0009-0007-2889-1713","https:\/\/en.everybodywiki.com\/Matti_Slotte","https:\/\/www.immuniweb.com\/ssl\/kasinobonus.ai\/M4lqCqYY\/"]}]}},"_links":{"self":[{"href":"https:\/\/www.kasinobonus.ai\/no\/wp-json\/wp\/v2\/pages\/8837","targetHints":{"allow":["GET"]}}],"collection":[{"href":"https:\/\/www.kasinobonus.ai\/no\/wp-json\/wp\/v2\/pages"}],"about":[{"href":"https:\/\/www.kasinobonus.ai\/no\/wp-json\/wp\/v2\/types\/page"}],"author":[{"embeddable":true,"href":"https:\/\/www.kasinobonus.ai\/no\/wp-json\/wp\/v2\/users\/1"}],"replies":[{"embeddable":true,"href":"https:\/\/www.kasinobonus.ai\/no\/wp-json\/wp\/v2\/comments?post=8837"}],"version-history":[{"count":1,"href":"https:\/\/www.kasinobonus.ai\/no\/wp-json\/wp\/v2\/pages\/8837\/revisions"}],"predecessor-version":[{"id":34445,"href":"https:\/\/www.kasinobonus.ai\/no\/wp-json\/wp\/v2\/pages\/8837\/revisions\/34445"}],"wp:attachment":[{"href":"https:\/\/www.kasinobonus.ai\/no\/wp-json\/wp\/v2\/media?parent=8837"}],"curies":[{"name":"wp","href":"https:\/\/api.w.org\/{rel}","templated":true}]}}