{"id":8832,"date":"2023-09-01T06:51:17","date_gmt":"2023-09-01T06:51:17","guid":{"rendered":"http:\/\/kasinobonus.ai.dedivirt842.your-server.de\/vastuunvapauslauseke\/"},"modified":"2025-07-26T08:58:14","modified_gmt":"2025-07-26T08:58:14","slug":"ansvarsfraskrivelse","status":"publish","type":"page","link":"https:\/\/www.kasinobonus.ai\/no\/ansvarsfraskrivelse\/","title":{"rendered":"Ansvarsfraskrivelse"},"content":{"rendered":"\n<h1 class=\"wp-block-heading\">Ansvarsfraskrivelse<\/h1>\n\n\n\n<p>All informasjon som finnes p\u00e5 nettstedet v\u00e5rt er generell informasjon om kasinoer, kasinospill og relaterte emner. Kasinobonus er ikke ansvarlig for beslutninger som kunder gj\u00f8r basert p\u00e5 informasjon fra andre lenkede nettsteder.<\/p>\n\n\n\n<p><strong>Oppdatering av informasjon<\/strong> Vi streber etter kontinuerlig \u00e5 oppdatere informasjonen p\u00e5 nettstedet v\u00e5rt, men det er alltid kundens ansvar \u00e5 sjekke at informasjonen er oppdatert. Vi er ikke et kasino og tilbyr ikke kasinospill, vi behandler heller ikke transaksjoner (b\u00e5de tradisjonelle pengeoverf\u00f8ringer og kryptovalutarelaterte overf\u00f8ringer). Vi er ikke ansvarlige for tap som kunder opplever ved \u00e5 spille kasinospill gjennom andre tjenesteleverand\u00f8rer.<\/p>\n\n\n\n<p><strong>Lovgivning &amp; Regulering<\/strong> Det er kundens ansvar \u00e5 v\u00e6re informert om legaliteten og reguleringen av tjenesteleverand\u00f8rene i kundens egen region. Det er viktig (og ofte ogs\u00e5 n\u00f8dvendig) \u00e5 alltid lese vilk\u00e5rene til eksterne tjenesteleverand\u00f8rer n\u00f8ye og godta disse f\u00f8r man \u00e5pner en konto.<\/p>\n","protected":false},"excerpt":{"rendered":"<p>Ansvarsfraskrivelse All informasjon som finnes p\u00e5 nettstedet v\u00e5rt er generell informasjon om kasinoer, kasinospill og relaterte emner. Kasinobonus er ikke ansvarlig for beslutninger som kunder gj\u00f8r basert p\u00e5 informasjon fra andre lenkede nettsteder. Oppdatering av informasjon Vi streber etter kontinuerlig \u00e5 oppdatere informasjonen p\u00e5 nettstedet v\u00e5rt, men det er alltid kundens ansvar \u00e5 sjekke at [&hellip;]<\/p>\n","protected":false},"author":1,"featured_media":0,"parent":0,"menu_order":0,"comment_status":"open","ping_status":"closed","template":"","meta":{"inline_featured_image":false,"footnotes":""},"class_list":["post-8832","page","type-page","status-publish","hentry"],"yoast_head":"<!-- This site is optimized with the Yoast SEO plugin v24.5 - https:\/\/yoast.com\/wordpress\/plugins\/seo\/ -->\n<title>Ansvarsfraskrivelse og Bruksvilk\u00e5r - Kasinobonus<\/title>\n<meta name=\"description\" content=\"Ansvarsfraskrivelse for Kasinobonus. Les viktige informasjon og anbefalinger f\u00f8r du begynner \u00e5 sammenligne og spille p\u00e5 kasinoer.\" \/>\n<meta name=\"robots\" content=\"index, follow, max-snippet:-1, max-image-preview:large, max-video-preview:-1\" \/>\n<link rel=\"canonical\" href=\"https:\/\/www.kasinobonus.ai\/no\/ansvarsfraskrivelse\/\" \/>\n<script type=\"application\/ld+json\" class=\"yoast-schema-graph\">{\"@context\":\"https:\/\/schema.org\",\"@graph\":[{\"@type\":\"WebPage\",\"@id\":\"https:\/\/www.kasinobonus.ai\/no\/ansvarsfraskrivelse\/\",\"url\":\"https:\/\/www.kasinobonus.ai\/no\/ansvarsfraskrivelse\/\",\"name\":\"Ansvarsfraskrivelse og Bruksvilk\u00e5r - Kasinobonus\",\"isPartOf\":{\"@id\":\"https:\/\/www.kasinobonus.ai\/no\/#website\"},\"datePublished\":\"2023-09-01T06:51:17+00:00\",\"dateModified\":\"2025-07-26T08:58:14+00:00\",\"description\":\"Ansvarsfraskrivelse for Kasinobonus. Les viktige informasjon og anbefalinger f\u00f8r du begynner \u00e5 sammenligne og spille p\u00e5 kasinoer.\",\"breadcrumb\":{\"@id\":\"https:\/\/www.kasinobonus.ai\/no\/ansvarsfraskrivelse\/#breadcrumb\"},\"inLanguage\":\"no-NO\",\"potentialAction\":[{\"@type\":\"ReadAction\",\"target\":[\"https:\/\/www.kasinobonus.ai\/no\/ansvarsfraskrivelse\/\"]}]},{\"@type\":\"BreadcrumbList\",\"@id\":\"https:\/\/www.kasinobonus.ai\/no\/ansvarsfraskrivelse\/#breadcrumb\",\"itemListElement\":[{\"@type\":\"ListItem\",\"position\":1,\"name\":\"Home\",\"item\":\"https:\/\/kasinobonus.ai\/no\/\"},{\"@type\":\"ListItem\",\"position\":2,\"name\":\"Ansvarsfraskrivelse\"}]},{\"@type\":\"WebSite\",\"@id\":\"https:\/\/www.kasinobonus.ai\/no\/#website\",\"url\":\"https:\/\/www.kasinobonus.ai\/no\/\",\"name\":\"www.kasinobonus.ai\",\"description\":\"\",\"publisher\":{\"@id\":\"https:\/\/www.kasinobonus.ai\/no\/#organization\"},\"potentialAction\":[{\"@type\":\"SearchAction\",\"target\":{\"@type\":\"EntryPoint\",\"urlTemplate\":\"https:\/\/www.kasinobonus.ai\/no\/?s={search_term_string}\"},\"query-input\":{\"@type\":\"PropertyValueSpecification\",\"valueRequired\":true,\"valueName\":\"search_term_string\"}}],\"inLanguage\":\"no-NO\"},{\"@type\":\"Organization\",\"@id\":\"https:\/\/www.kasinobonus.ai\/no\/#organization\",\"name\":\"KasinoBonus\",\"alternateName\":\"KasinoBonusAI\",\"url\":\"https:\/\/www.kasinobonus.ai\/no\/\",\"logo\":{\"@type\":\"ImageObject\",\"inLanguage\":\"no-NO\",\"@id\":\"https:\/\/www.kasinobonus.ai\/no\/#\/schema\/logo\/image\/\",\"url\":\"https:\/\/www.kasinobonus.ai\/wp-content\/uploads\/2023\/09\/kasinobonus-logo-light.png\",\"contentUrl\":\"https:\/\/www.kasinobonus.ai\/wp-content\/uploads\/2023\/09\/kasinobonus-logo-light.png\",\"width\":3200,\"height\":596,\"caption\":\"KasinoBonus\"},\"image\":{\"@id\":\"https:\/\/www.kasinobonus.ai\/no\/#\/schema\/logo\/image\/\"},\"sameAs\":[\"https:\/\/www.facebook.com\/kasinobonusio\/\",\"https:\/\/x.com\/Kasinobonus_io\",\"https:\/\/www.linkedin.com\/in\/matti-slotte-26612033b\",\"http:\/\/kasinobonus.wikidot.com\/system:welcome\",\"https:\/\/www.trustpilot.com\/review\/www.kasinobonus.ai\",\"https:\/\/orcid.org\/0009-0007-2889-1713\",\"https:\/\/en.everybodywiki.com\/Matti_Slotte\",\"https:\/\/www.immuniweb.com\/ssl\/kasinobonus.ai\/M4lqCqYY\/\"]}]}<\/script>\n<!-- \/ Yoast SEO plugin. -->","yoast_head_json":{"title":"Ansvarsfraskrivelse og Bruksvilk\u00e5r - Kasinobonus","description":"Ansvarsfraskrivelse for Kasinobonus. Les viktige informasjon og anbefalinger f\u00f8r du begynner \u00e5 sammenligne og spille p\u00e5 kasinoer.","robots":{"index":"index","follow":"follow","max-snippet":"max-snippet:-1","max-image-preview":"max-image-preview:large","max-video-preview":"max-video-preview:-1"},"canonical":"https:\/\/www.kasinobonus.ai\/no\/ansvarsfraskrivelse\/","schema":{"@context":"https:\/\/schema.org","@graph":[{"@type":"WebPage","@id":"https:\/\/www.kasinobonus.ai\/no\/ansvarsfraskrivelse\/","url":"https:\/\/www.kasinobonus.ai\/no\/ansvarsfraskrivelse\/","name":"Ansvarsfraskrivelse og Bruksvilk\u00e5r - Kasinobonus","isPartOf":{"@id":"https:\/\/www.kasinobonus.ai\/no\/#website"},"datePublished":"2023-09-01T06:51:17+00:00","dateModified":"2025-07-26T08:58:14+00:00","description":"Ansvarsfraskrivelse for Kasinobonus. Les viktige informasjon og anbefalinger f\u00f8r du begynner \u00e5 sammenligne og spille p\u00e5 kasinoer.","breadcrumb":{"@id":"https:\/\/www.kasinobonus.ai\/no\/ansvarsfraskrivelse\/#breadcrumb"},"inLanguage":"no-NO","potentialAction":[{"@type":"ReadAction","target":["https:\/\/www.kasinobonus.ai\/no\/ansvarsfraskrivelse\/"]}]},{"@type":"BreadcrumbList","@id":"https:\/\/www.kasinobonus.ai\/no\/ansvarsfraskrivelse\/#breadcrumb","itemListElement":[{"@type":"ListItem","position":1,"name":"Home","item":"https:\/\/kasinobonus.ai\/no\/"},{"@type":"ListItem","position":2,"name":"Ansvarsfraskrivelse"}]},{"@type":"WebSite","@id":"https:\/\/www.kasinobonus.ai\/no\/#website","url":"https:\/\/www.kasinobonus.ai\/no\/","name":"www.kasinobonus.ai","description":"","publisher":{"@id":"https:\/\/www.kasinobonus.ai\/no\/#organization"},"potentialAction":[{"@type":"SearchAction","target":{"@type":"EntryPoint","urlTemplate":"https:\/\/www.kasinobonus.ai\/no\/?s={search_term_string}"},"query-input":{"@type":"PropertyValueSpecification","valueRequired":true,"valueName":"search_term_string"}}],"inLanguage":"no-NO"},{"@type":"Organization","@id":"https:\/\/www.kasinobonus.ai\/no\/#organization","name":"KasinoBonus","alternateName":"KasinoBonusAI","url":"https:\/\/www.kasinobonus.ai\/no\/","logo":{"@type":"ImageObject","inLanguage":"no-NO","@id":"https:\/\/www.kasinobonus.ai\/no\/#\/schema\/logo\/image\/","url":"https:\/\/www.kasinobonus.ai\/wp-content\/uploads\/2023\/09\/kasinobonus-logo-light.png","contentUrl":"https:\/\/www.kasinobonus.ai\/wp-content\/uploads\/2023\/09\/kasinobonus-logo-light.png","width":3200,"height":596,"caption":"KasinoBonus"},"image":{"@id":"https:\/\/www.kasinobonus.ai\/no\/#\/schema\/logo\/image\/"},"sameAs":["https:\/\/www.facebook.com\/kasinobonusio\/","https:\/\/x.com\/Kasinobonus_io","https:\/\/www.linkedin.com\/in\/matti-slotte-26612033b","http:\/\/kasinobonus.wikidot.com\/system:welcome","https:\/\/www.trustpilot.com\/review\/www.kasinobonus.ai","https:\/\/orcid.org\/0009-0007-2889-1713","https:\/\/en.everybodywiki.com\/Matti_Slotte","https:\/\/www.immuniweb.com\/ssl\/kasinobonus.ai\/M4lqCqYY\/"]}]}},"_links":{"self":[{"href":"https:\/\/www.kasinobonus.ai\/no\/wp-json\/wp\/v2\/pages\/8832","targetHints":{"allow":["GET"]}}],"collection":[{"href":"https:\/\/www.kasinobonus.ai\/no\/wp-json\/wp\/v2\/pages"}],"about":[{"href":"https:\/\/www.kasinobonus.ai\/no\/wp-json\/wp\/v2\/types\/page"}],"author":[{"embeddable":true,"href":"https:\/\/www.kasinobonus.ai\/no\/wp-json\/wp\/v2\/users\/1"}],"replies":[{"embeddable":true,"href":"https:\/\/www.kasinobonus.ai\/no\/wp-json\/wp\/v2\/comments?post=8832"}],"version-history":[{"count":1,"href":"https:\/\/www.kasinobonus.ai\/no\/wp-json\/wp\/v2\/pages\/8832\/revisions"}],"predecessor-version":[{"id":34443,"href":"https:\/\/www.kasinobonus.ai\/no\/wp-json\/wp\/v2\/pages\/8832\/revisions\/34443"}],"wp:attachment":[{"href":"https:\/\/www.kasinobonus.ai\/no\/wp-json\/wp\/v2\/media?parent=8832"}],"curies":[{"name":"wp","href":"https:\/\/api.w.org\/{rel}","templated":true}]}}