{"id":8806,"date":"2023-09-17T14:37:20","date_gmt":"2023-09-17T14:37:20","guid":{"rendered":"http:\/\/kasinobonus.ai.dedivirt842.your-server.de\/trustly-kasinot\/"},"modified":"2025-07-13T20:43:27","modified_gmt":"2025-07-13T20:43:27","slug":"trustly-kasinoer","status":"publish","type":"page","link":"https:\/\/www.kasinobonus.ai\/no\/trustly-kasinoer\/","title":{"rendered":"Trustly Casinoer"},"content":{"rendered":"\n<h1 class=\"wp-block-heading\">Beste Trustly Casinoer i Norge<\/h1>\n\n\n\n<p>P\u00e5litelige kasinoer blir stadig mer popul\u00e6re i Storbritannia, og gir online gamblere raske, trygge og problemfrie betalinger. Trustly, som betalingsleverand\u00f8r, lar deg sette inn og ta ut penger <em>rett<\/em> fra bankkontoen din \u2013 uten \u00e5 bruke kort!<\/p>\n\n\n\n<p>&nbsp;Den er allment tilgjengelig og enkel \u00e5 bruke \u2013 og i denne artikkelen vil jeg vise deg de beste nettkasinoene i Storbritannia som aksepterer Trustly, samt diskutere noen av de viktigste fordelene og ulempene ved \u00e5 bruke den<\/p>\n\n\n\n<h2 class=\"wp-block-heading\">Beste nettkasinoer som godtar Trustly 2025<\/h2>\n\n\n\n<p>Hvis du leter etter et nettcasino som aksepterer sikre transaksjoner og uttak, er du heldig. Flere norske gamblingsider enn noen gang <em>f\u00f8r<\/em> har sl\u00e5tt seg sammen med betalingsmetoden, og hvis du vil identifisere de beste nettstedene som tilbyr det, se den h\u00e5ndplukkede tabellen nedenfor.<\/p>\n\n\n<p>[brand_table template=&#8221;table_style_1.php&#8221; country=&#8221;NO&#8221; bonus=&#8221;&#8221;]<\/p>\n\n\n\n<p>Det er enkelt \u00e5 registrere seg og gj\u00f8re et innskudd p\u00e5 et Trustly-kasino etter at du har valgt et fra listen. Bare velg Trustly som betalingsmetode, koble bankkontoen din sikkert og begynn \u00e5 spille!<\/p>\n\n\n\n<figure class=\"wp-block-image size-full\"><img decoding=\"async\" width=\"1000\" height=\"666\" src=\"https:\/\/www.kasinobonus.ai\/wp-content\/uploads\/2025\/07\/Trustly-Casinoer.jpg\" alt=\"Trustly Casinoer\" class=\"wp-image-33513\" srcset=\"https:\/\/www.kasinobonus.ai\/wp-content\/uploads\/2025\/07\/Trustly-Casinoer.jpg 1000w, https:\/\/www.kasinobonus.ai\/wp-content\/uploads\/2025\/07\/Trustly-Casinoer-300x200.jpg 300w, https:\/\/www.kasinobonus.ai\/wp-content\/uploads\/2025\/07\/Trustly-Casinoer-768x511.jpg 768w, https:\/\/www.kasinobonus.ai\/wp-content\/uploads\/2025\/07\/Trustly-Casinoer-110x73.jpg 110w, https:\/\/www.kasinobonus.ai\/wp-content\/uploads\/2025\/07\/Trustly-Casinoer-575x383.jpg 575w\" sizes=\"(max-width: 1000px) 100vw, 1000px\" \/><\/figure>\n\n\n\n<h2 class=\"wp-block-heading\">Hvordan vi vurderer Trustly-kasinoer<\/h2>\n\n\n\n<h2 class=\"wp-block-heading\">N\u00e5r vi anmelder Trustly-kasinoer i Norge, vurderer vi hos KasinoBonus et bredt spekter av egenskaper for \u00e5 sikre at vi bare foresl\u00e5r det beste i bransjen.<\/h2>\n\n\n\n<p>Selvf\u00f8lgelig \u00f8nsker vi et mangfoldig spillutvalg \u2013 ideelt sett fra s\u00e5 mange programvareleverand\u00f8rer som mulig. Vi vurderer deretter alle de juridiske aspektene, som lisens, omd\u00f8mme og eierhistorie.<\/p>\n\n\n\n<p>&nbsp;N\u00e5r vi er forn\u00f8yd med disse detaljene, vil vi personlig teste nettstedet, som vil inkludere \u00e5 gj\u00f8re innskudd og uttak, snakke med kundeserviceteamet og rapportere <em>\u00e6rlig<\/em> om opplevelsen v\u00e5r.<\/p>\n\n\n\n<h3 class=\"wp-block-heading\">Fordeler med Trustly-kasinoer<\/h3>\n\n\n\n<ul class=\"wp-block-list\">\n<li><strong>\u00d8yeblikkelige transaksjoner <\/strong>\u2013 Innskudd behandles umiddelbart, og uttak tar ofte bare minutter.<\/li>\n\n\n\n<li><strong>H\u00f8y sikkerhet<\/strong> \u2013 Bruker kryptering p\u00e5 bankniv\u00e5 og lagrer aldri bankdetaljer.<\/li>\n\n\n\n<li><strong>Ingen ekstra kontoer n\u00f8dvendig<\/strong> \u2013 Du trenger ikke registrere deg hos Trustly, og alle betalinger fullf\u00f8res i nettleseren din.<\/li>\n\n\n\n<li><strong>Pay N Play-integrering <\/strong>\u2013 Mange kasinoer st\u00f8tter Trustlys Pay N Play, noe som tillater umiddelbar kontoverifisering og ingen KYC n\u00f8dvendig!<\/li>\n\n\n\n<li><\/li>\n<\/ul>\n\n\n\n<h3 class=\"wp-block-heading\">Ulemper med Trustly-kasinoer<\/h3>\n\n\n\n<ul class=\"wp-block-list\">\n<li><strong>Begrenset tilgjengelighet <\/strong>\u2013 Ikke alle norske nettkasino st\u00f8tter Trustly.<\/li>\n\n\n\n<li><strong>Mulige uttaksforsinkelser<\/strong> \u2013 Selv om de er raske, har noen kasinoer sine egne lange tidsrammer for uttak.<\/li>\n\n\n\n<li><strong>Problemer med bankkompatibilitet<\/strong> \u2013 Ikke alle banker st\u00f8tter Trustly-transaksjoner, selv om nye banker har en tendens til \u00e5 bli lagt til ganske ofte.<\/li>\n\n\n\n<li><strong>Potensielle avgifter<\/strong> \u2013 Trustly i seg selv er gebyrfri, men noen kasinoer kan bruke sine egne uttaksgebyrer.<\/li>\n<\/ul>\n","protected":false},"excerpt":{"rendered":"<p>Beste Trustly Casinoer i Norge P\u00e5litelige kasinoer blir stadig mer popul\u00e6re i Storbritannia, og gir online gamblere raske, trygge og problemfrie betalinger. Trustly, som betalingsleverand\u00f8r, lar deg sette inn og ta ut penger rett fra bankkontoen din \u2013 uten \u00e5 bruke kort! &nbsp;Den er allment tilgjengelig og enkel \u00e5 bruke \u2013 og i denne artikkelen [&hellip;]<\/p>\n","protected":false},"author":1,"featured_media":10319,"parent":0,"menu_order":0,"comment_status":"open","ping_status":"closed","template":"","meta":{"inline_featured_image":false,"footnotes":""},"class_list":["post-8806","page","type-page","status-publish","has-post-thumbnail","hentry"],"yoast_head":"<!-- This site is optimized with the Yoast SEO plugin v24.5 - https:\/\/yoast.com\/wordpress\/plugins\/seo\/ -->\n<title>Trustly Kasinoer (2025) - www.kasinobonus.ai<\/title>\n<meta name=\"description\" content=\"Trustly Kasinoer 2025: velg, sett inn og begynn \u00e5 spille! Finn de beste Trustly casinone og tilbudene her!\" \/>\n<meta name=\"robots\" content=\"index, follow, max-snippet:-1, max-image-preview:large, max-video-preview:-1\" \/>\n<link rel=\"canonical\" href=\"https:\/\/www.kasinobonus.ai\/no\/trustly-kasinoer\/\" \/>\n<script type=\"application\/ld+json\" class=\"yoast-schema-graph\">{\"@context\":\"https:\/\/schema.org\",\"@graph\":[{\"@type\":\"WebPage\",\"@id\":\"https:\/\/www.kasinobonus.ai\/no\/trustly-kasinoer\/\",\"url\":\"https:\/\/www.kasinobonus.ai\/no\/trustly-kasinoer\/\",\"name\":\"Trustly Kasinoer (2025) - www.kasinobonus.ai\",\"isPartOf\":{\"@id\":\"https:\/\/www.kasinobonus.ai\/no\/#website\"},\"primaryImageOfPage\":{\"@id\":\"https:\/\/www.kasinobonus.ai\/no\/trustly-kasinoer\/#primaryimage\"},\"image\":{\"@id\":\"https:\/\/www.kasinobonus.ai\/no\/trustly-kasinoer\/#primaryimage\"},\"thumbnailUrl\":\"https:\/\/www.kasinobonus.ai\/wp-content\/uploads\/2023\/12\/Trustly-Casinoer-Norge.jpg\",\"datePublished\":\"2023-09-17T14:37:20+00:00\",\"dateModified\":\"2025-07-13T20:43:27+00:00\",\"description\":\"Trustly Kasinoer 2025: velg, sett inn og begynn \u00e5 spille! Finn de beste Trustly casinone og tilbudene her!\",\"breadcrumb\":{\"@id\":\"https:\/\/www.kasinobonus.ai\/no\/trustly-kasinoer\/#breadcrumb\"},\"inLanguage\":\"no-NO\",\"potentialAction\":[{\"@type\":\"ReadAction\",\"target\":[\"https:\/\/www.kasinobonus.ai\/no\/trustly-kasinoer\/\"]}]},{\"@type\":\"ImageObject\",\"inLanguage\":\"no-NO\",\"@id\":\"https:\/\/www.kasinobonus.ai\/no\/trustly-kasinoer\/#primaryimage\",\"url\":\"https:\/\/www.kasinobonus.ai\/wp-content\/uploads\/2023\/12\/Trustly-Casinoer-Norge.jpg\",\"contentUrl\":\"https:\/\/www.kasinobonus.ai\/wp-content\/uploads\/2023\/12\/Trustly-Casinoer-Norge.jpg\",\"width\":1200,\"height\":628,\"caption\":\"Trustly Casinoer Norge\"},{\"@type\":\"BreadcrumbList\",\"@id\":\"https:\/\/www.kasinobonus.ai\/no\/trustly-kasinoer\/#breadcrumb\",\"itemListElement\":[{\"@type\":\"ListItem\",\"position\":1,\"name\":\"Home\",\"item\":\"https:\/\/kasinobonus.ai\/no\/\"},{\"@type\":\"ListItem\",\"position\":2,\"name\":\"Trustly Casinoer\"}]},{\"@type\":\"WebSite\",\"@id\":\"https:\/\/www.kasinobonus.ai\/no\/#website\",\"url\":\"https:\/\/www.kasinobonus.ai\/no\/\",\"name\":\"www.kasinobonus.ai\",\"description\":\"\",\"publisher\":{\"@id\":\"https:\/\/www.kasinobonus.ai\/no\/#organization\"},\"potentialAction\":[{\"@type\":\"SearchAction\",\"target\":{\"@type\":\"EntryPoint\",\"urlTemplate\":\"https:\/\/www.kasinobonus.ai\/no\/?s={search_term_string}\"},\"query-input\":{\"@type\":\"PropertyValueSpecification\",\"valueRequired\":true,\"valueName\":\"search_term_string\"}}],\"inLanguage\":\"no-NO\"},{\"@type\":\"Organization\",\"@id\":\"https:\/\/www.kasinobonus.ai\/no\/#organization\",\"name\":\"KasinoBonus\",\"alternateName\":\"KasinoBonusAI\",\"url\":\"https:\/\/www.kasinobonus.ai\/no\/\",\"logo\":{\"@type\":\"ImageObject\",\"inLanguage\":\"no-NO\",\"@id\":\"https:\/\/www.kasinobonus.ai\/no\/#\/schema\/logo\/image\/\",\"url\":\"https:\/\/www.kasinobonus.ai\/wp-content\/uploads\/2023\/09\/kasinobonus-logo-light.png\",\"contentUrl\":\"https:\/\/www.kasinobonus.ai\/wp-content\/uploads\/2023\/09\/kasinobonus-logo-light.png\",\"width\":3200,\"height\":596,\"caption\":\"KasinoBonus\"},\"image\":{\"@id\":\"https:\/\/www.kasinobonus.ai\/no\/#\/schema\/logo\/image\/\"},\"sameAs\":[\"https:\/\/www.facebook.com\/kasinobonusio\/\",\"https:\/\/x.com\/Kasinobonus_io\",\"https:\/\/www.linkedin.com\/in\/matti-slotte-26612033b\",\"http:\/\/kasinobonus.wikidot.com\/system:welcome\",\"https:\/\/www.trustpilot.com\/review\/www.kasinobonus.ai\",\"https:\/\/orcid.org\/0009-0007-2889-1713\",\"https:\/\/en.everybodywiki.com\/Matti_Slotte\",\"https:\/\/www.immuniweb.com\/ssl\/kasinobonus.ai\/M4lqCqYY\/\"]}]}<\/script>\n<!-- \/ Yoast SEO plugin. -->","yoast_head_json":{"title":"Trustly Kasinoer (2025) - www.kasinobonus.ai","description":"Trustly Kasinoer 2025: velg, sett inn og begynn \u00e5 spille! Finn de beste Trustly casinone og tilbudene her!","robots":{"index":"index","follow":"follow","max-snippet":"max-snippet:-1","max-image-preview":"max-image-preview:large","max-video-preview":"max-video-preview:-1"},"canonical":"https:\/\/www.kasinobonus.ai\/no\/trustly-kasinoer\/","schema":{"@context":"https:\/\/schema.org","@graph":[{"@type":"WebPage","@id":"https:\/\/www.kasinobonus.ai\/no\/trustly-kasinoer\/","url":"https:\/\/www.kasinobonus.ai\/no\/trustly-kasinoer\/","name":"Trustly Kasinoer (2025) - www.kasinobonus.ai","isPartOf":{"@id":"https:\/\/www.kasinobonus.ai\/no\/#website"},"primaryImageOfPage":{"@id":"https:\/\/www.kasinobonus.ai\/no\/trustly-kasinoer\/#primaryimage"},"image":{"@id":"https:\/\/www.kasinobonus.ai\/no\/trustly-kasinoer\/#primaryimage"},"thumbnailUrl":"https:\/\/www.kasinobonus.ai\/wp-content\/uploads\/2023\/12\/Trustly-Casinoer-Norge.jpg","datePublished":"2023-09-17T14:37:20+00:00","dateModified":"2025-07-13T20:43:27+00:00","description":"Trustly Kasinoer 2025: velg, sett inn og begynn \u00e5 spille! Finn de beste Trustly casinone og tilbudene her!","breadcrumb":{"@id":"https:\/\/www.kasinobonus.ai\/no\/trustly-kasinoer\/#breadcrumb"},"inLanguage":"no-NO","potentialAction":[{"@type":"ReadAction","target":["https:\/\/www.kasinobonus.ai\/no\/trustly-kasinoer\/"]}]},{"@type":"ImageObject","inLanguage":"no-NO","@id":"https:\/\/www.kasinobonus.ai\/no\/trustly-kasinoer\/#primaryimage","url":"https:\/\/www.kasinobonus.ai\/wp-content\/uploads\/2023\/12\/Trustly-Casinoer-Norge.jpg","contentUrl":"https:\/\/www.kasinobonus.ai\/wp-content\/uploads\/2023\/12\/Trustly-Casinoer-Norge.jpg","width":1200,"height":628,"caption":"Trustly Casinoer Norge"},{"@type":"BreadcrumbList","@id":"https:\/\/www.kasinobonus.ai\/no\/trustly-kasinoer\/#breadcrumb","itemListElement":[{"@type":"ListItem","position":1,"name":"Home","item":"https:\/\/kasinobonus.ai\/no\/"},{"@type":"ListItem","position":2,"name":"Trustly Casinoer"}]},{"@type":"WebSite","@id":"https:\/\/www.kasinobonus.ai\/no\/#website","url":"https:\/\/www.kasinobonus.ai\/no\/","name":"www.kasinobonus.ai","description":"","publisher":{"@id":"https:\/\/www.kasinobonus.ai\/no\/#organization"},"potentialAction":[{"@type":"SearchAction","target":{"@type":"EntryPoint","urlTemplate":"https:\/\/www.kasinobonus.ai\/no\/?s={search_term_string}"},"query-input":{"@type":"PropertyValueSpecification","valueRequired":true,"valueName":"search_term_string"}}],"inLanguage":"no-NO"},{"@type":"Organization","@id":"https:\/\/www.kasinobonus.ai\/no\/#organization","name":"KasinoBonus","alternateName":"KasinoBonusAI","url":"https:\/\/www.kasinobonus.ai\/no\/","logo":{"@type":"ImageObject","inLanguage":"no-NO","@id":"https:\/\/www.kasinobonus.ai\/no\/#\/schema\/logo\/image\/","url":"https:\/\/www.kasinobonus.ai\/wp-content\/uploads\/2023\/09\/kasinobonus-logo-light.png","contentUrl":"https:\/\/www.kasinobonus.ai\/wp-content\/uploads\/2023\/09\/kasinobonus-logo-light.png","width":3200,"height":596,"caption":"KasinoBonus"},"image":{"@id":"https:\/\/www.kasinobonus.ai\/no\/#\/schema\/logo\/image\/"},"sameAs":["https:\/\/www.facebook.com\/kasinobonusio\/","https:\/\/x.com\/Kasinobonus_io","https:\/\/www.linkedin.com\/in\/matti-slotte-26612033b","http:\/\/kasinobonus.wikidot.com\/system:welcome","https:\/\/www.trustpilot.com\/review\/www.kasinobonus.ai","https:\/\/orcid.org\/0009-0007-2889-1713","https:\/\/en.everybodywiki.com\/Matti_Slotte","https:\/\/www.immuniweb.com\/ssl\/kasinobonus.ai\/M4lqCqYY\/"]}]}},"_links":{"self":[{"href":"https:\/\/www.kasinobonus.ai\/no\/wp-json\/wp\/v2\/pages\/8806","targetHints":{"allow":["GET"]}}],"collection":[{"href":"https:\/\/www.kasinobonus.ai\/no\/wp-json\/wp\/v2\/pages"}],"about":[{"href":"https:\/\/www.kasinobonus.ai\/no\/wp-json\/wp\/v2\/types\/page"}],"author":[{"embeddable":true,"href":"https:\/\/www.kasinobonus.ai\/no\/wp-json\/wp\/v2\/users\/1"}],"replies":[{"embeddable":true,"href":"https:\/\/www.kasinobonus.ai\/no\/wp-json\/wp\/v2\/comments?post=8806"}],"version-history":[{"count":1,"href":"https:\/\/www.kasinobonus.ai\/no\/wp-json\/wp\/v2\/pages\/8806\/revisions"}],"predecessor-version":[{"id":33552,"href":"https:\/\/www.kasinobonus.ai\/no\/wp-json\/wp\/v2\/pages\/8806\/revisions\/33552"}],"wp:featuredmedia":[{"embeddable":true,"href":"https:\/\/www.kasinobonus.ai\/no\/wp-json\/wp\/v2\/media\/10319"}],"wp:attachment":[{"href":"https:\/\/www.kasinobonus.ai\/no\/wp-json\/wp\/v2\/media?parent=8806"}],"curies":[{"name":"wp","href":"https:\/\/api.w.org\/{rel}","templated":true}]}}