{"id":8763,"date":"2023-09-27T13:50:21","date_gmt":"2023-09-27T13:50:21","guid":{"rendered":"http:\/\/kasinobonus.ai.dedivirt842.your-server.de\/non-sticky-bonus\/"},"modified":"2025-07-13T20:37:36","modified_gmt":"2025-07-13T20:37:36","slug":"non-sticky-bonus","status":"publish","type":"page","link":"https:\/\/www.kasinobonus.ai\/no\/non-sticky-bonus\/","title":{"rendered":"Non Sticky Bonus"},"content":{"rendered":"\n<h1 class=\"wp-block-heading\">Non Sticky Bonus Norge<\/h1>\n\n\n\n<p>En non-sticky bonus er et av de mest spillervennlige insentivene som er tilgjengelige p\u00e5 nettkasinoer. En ikke-klebende bonus, i motsetning til standard sticky-bonuser, lar deg ta ut innskuddet og fortjenesten n\u00e5r som helst uten f\u00f8rst \u00e5 m\u00e5tte fullf\u00f8re noen omsetningskrav!<\/p>\n\n\n\n<p>Takket v\u00e6re en forskrift implementert i Norge for noen \u00e5r siden, m\u00e5 alle insentiver tildelt norske spillere n\u00e5 v\u00e6re non-sticky (ogs\u00e5 kjent som fallskjermbonuser). Dette betyr imidlertid ikke at du bare skal velge den f\u00f8rste du ser! Finn de beste <a class=\"\" href=\"https:\/\/www.kasinobonus.ai\/no\/innskuddsbonuser\/\">innskuddsbonuser<\/a> tilgjengelig akkurat n\u00e5 p\u00e5 denne siden!<\/p>\n\n\n\n<h2 class=\"wp-block-heading\">Kasinoer som tilbyr Non-Sticky bonuser 2025<\/h2>\n\n\n\n<p>Hvis du befinner deg i Norge, er det relativt enkelt \u00e5 finne non-sticky bonuser: de fleste nettkasinoer tilbyr dem i det minste i en eller annen form. Men med s\u00e5 mange kasinoer der ute, kan det v\u00e6re vanskelig \u00e5 finne et <em>godt ett<\/em>.<\/p>\n\n\n\n<p>For \u00e5 hjelpe deg har jeg satt sammen en liste over de beste britiske kasinoene som for tiden tilbyr ikke-klebende bonuser, som du finner nedenfor<\/p>\n\n\n<p>[brand_table template=&#8221;table_style_1.php&#8221; country=&#8221;NO&#8221; bonus=&#8221;&#8221;]<\/p>\n\n\n<div class=\"wp-block-poka-faq\"><div class=\"faq-wrapper\"><ul class=\"faq-list\"><\/ul><\/div><\/div>\n\n\n<p>Ser du et kasino du liker utseendet til? Registrer deg, gj\u00f8r et innskudd og hent bonusen din i dag!<\/p>\n\n\n\n<figure class=\"wp-block-image size-full\"><img decoding=\"async\" width=\"1000\" height=\"666\" src=\"https:\/\/www.kasinobonus.ai\/wp-content\/uploads\/2025\/07\/Non-Sticky-Bonus-4.jpg\" alt=\"Non Sticky Bonus\" class=\"wp-image-33308\" srcset=\"https:\/\/www.kasinobonus.ai\/wp-content\/uploads\/2025\/07\/Non-Sticky-Bonus-4.jpg 1000w, https:\/\/www.kasinobonus.ai\/wp-content\/uploads\/2025\/07\/Non-Sticky-Bonus-4-300x200.jpg 300w, https:\/\/www.kasinobonus.ai\/wp-content\/uploads\/2025\/07\/Non-Sticky-Bonus-4-768x511.jpg 768w, https:\/\/www.kasinobonus.ai\/wp-content\/uploads\/2025\/07\/Non-Sticky-Bonus-4-110x73.jpg 110w, https:\/\/www.kasinobonus.ai\/wp-content\/uploads\/2025\/07\/Non-Sticky-Bonus-4-575x383.jpg 575w\" sizes=\"(max-width: 1000px) 100vw, 1000px\" \/><\/figure>\n\n\n\n<h2 class=\"wp-block-heading\">Hvodan vurderer vi kasinoer<\/h2>\n\n\n\n<p>KasinoBonus setter sin stoltet i \u00e5 anbefale de <em>beste<\/em> og sikreste kasinoene til sine lesere. Teamet mitt og jeg evaluerer manuelt alle nettstedene vi vurderer, og ser p\u00e5 en rekke aspekter som spillutvalg, bonusvilk\u00e5r, utbetalingstider, kundeservicealternativer og lisensiering\/sikkerhet.<\/p>\n\n\n\n<p>Hvis et nettkasino er omtalt som <em>anbefalt<\/em> her p\u00e5 KasinoBonus, betyr det at det har oppfylt v\u00e5re strenge testkrav og er vurdert som trygt, p\u00e5litelig og p\u00e5litelig.<\/p>\n\n\n\n<h2 class=\"wp-block-heading\"><strong>Fordeler og Ulemper<\/strong><\/h2>\n\n\n\n<figure class=\"wp-block-image size-full is-resized\"><img decoding=\"async\" width=\"1000\" height=\"666\" src=\"https:\/\/www.kasinobonus.ai\/wp-content\/uploads\/2025\/06\/KB-Innskuddsbonus.jpg\" alt=\"Innskuddsbonus\" class=\"wp-image-29877\" style=\"width:1180px;height:auto\" srcset=\"https:\/\/www.kasinobonus.ai\/wp-content\/uploads\/2025\/06\/KB-Innskuddsbonus.jpg 1000w, https:\/\/www.kasinobonus.ai\/wp-content\/uploads\/2025\/06\/KB-Innskuddsbonus-300x200.jpg 300w, https:\/\/www.kasinobonus.ai\/wp-content\/uploads\/2025\/06\/KB-Innskuddsbonus-768x511.jpg 768w, https:\/\/www.kasinobonus.ai\/wp-content\/uploads\/2025\/06\/KB-Innskuddsbonus-110x73.jpg 110w, https:\/\/www.kasinobonus.ai\/wp-content\/uploads\/2025\/06\/KB-Innskuddsbonus-575x383.jpg 575w\" sizes=\"(max-width: 1000px) 100vw, 1000px\" \/><\/figure>\n\n\n\n<div class=\"wp-block-columns is-layout-flex wp-container-core-columns-is-layout-28f84493 wp-block-columns-is-layout-flex\">\n<div class=\"wp-block-column is-layout-flow wp-block-column-is-layout-flow\">\n<h3 class=\"wp-block-heading\">\u2705 Fordeler<\/h3>\n\n\n\n<ul class=\"wp-block-list\">\n<li>\u2705 H\u00f8yere bonusbel\u00f8p sammenlignet med tilbud uten innskudd<\/li>\n\n\n\n<li>\u2705 Gir tilgang til velkomstpakker og VIP-fordeler<\/li>\n\n\n\n<li>\u2705 Inkluderer ofte b\u00e5de bonuspenger og gratisspinn<\/li>\n\n\n\n<li>\u2705 God verdi for spillere som allerede planlegger \u00e5 gj\u00f8re et innskudd<\/li>\n\n\n\n<li>\u2705 Aksepteres av de fleste nettcasinoer<\/li>\n<\/ul>\n<\/div>\n\n\n\n<div class=\"wp-block-column is-layout-flow wp-block-column-is-layout-flow\">\n<h3 class=\"wp-block-heading\">\u274c Ulemper<\/h3>\n\n\n\n<ul class=\"wp-block-list\">\n<li>\u274c Kommer med omsetningskrav (noen ganger 30x\u201350x)<\/li>\n\n\n\n<li>\u274c Bonusmidler kan v\u00e6re l\u00e5st inntil vilk\u00e5rene er oppfylt<\/li>\n\n\n\n<li>\u274c Noen spill er ekskludert fra bonusspill<\/li>\n\n\n\n<li>\u274c Maksimale innsatsgrenser kan gjelde n\u00e5r du bruker bonusen<\/li>\n\n\n\n<li>\u274c Uttak er ofte begrenset inntil bonusen er oppfylt<\/li>\n<\/ul>\n<\/div>\n<\/div>\n\n\n\n<h2 class=\"wp-block-heading\">Beste innskuddsbonuser i Norge<\/h2>\n\n\n\n<figure class=\"wp-block-table\"><table class=\"has-fixed-layout\"><thead><tr><th>Casino<\/th><th>Bonus<\/th><th>Betingelser<\/th><th>Kode \/ Info<\/th><th>Lenke<\/th><\/tr><\/thead><tbody><tr><td>LuckyVibe<\/td><td>Opptil kr 1 000 + 100 gratisspinn. Bonuser p\u00e5 2., 3. og 4. innskudd.<\/td><td>Reload-bonuser<\/td><td>\u2013<\/td><td><a href=\"https:\/\/www.kasinobonus.ai\/go\/luckyvibefi\/\">Spill n\u00e5<\/a><\/td><\/tr><tr><td>Bet on Red<\/td><td>50 gratisspinn uten innskudd + 100\u202f% opptil \u20ac100 + 150 gratisspinn<\/td><td>Bruk kampanjekode <strong>BLITZ3<\/strong> ved registrering<\/td><td><strong>BLITZ3<\/strong><\/td><td><a href=\"https:\/\/www.kasinobonus.ai\/go\/betonred\">Spill n\u00e5<\/a><\/td><\/tr><tr><td>Drip Casino<\/td><td>50 gratisspinn uten innskudd + 150\u202f% opptil \u20ac600<\/td><td>Gratisspinn p\u00e5 Alien Fruits (BGaming)<\/td><td>EKSKLUSIVT<\/td><td><a href=\"https:\/\/www.kasinobonus.ai\/go\/drip\">Spill n\u00e5<\/a><\/td><\/tr><tr><td>Campeonbet<\/td><td>50 gratisspinn p\u00e5 Gates of Olympus \u2013 GRATIS! + 140\u202f% opptil \u20ac1\u202f500<\/td><td>Kun for \ud83c\uddf3\ud83c\uddf4 spillere<\/td><td>\u2013<\/td><td><a href=\"https:\/\/www.kasinobonus.ai\/go\/campeonbet\">Spill n\u00e5<\/a><\/td><\/tr><tr><td>Gamblezen<\/td><td>40 gratisspinn p\u00e5 Sweet Bonanza \u2013 INGEN INNSKUDD + 500\u202f% opptil \u20ac3\u202f625 + 350 FS<\/td><td>Bruk kampanjekode <strong>40ZENBONUS<\/strong> ved registrering<\/td><td><strong>40ZENBONUS<\/strong><\/td><td><a href=\"https:\/\/www.kasinobonus.ai\/go\/gamblezen\">Spill n\u00e5<\/a><\/td><\/tr><\/tbody><\/table><\/figure>\n","protected":false},"excerpt":{"rendered":"<p>Non Sticky Bonus Norge En non-sticky bonus er et av de mest spillervennlige insentivene som er tilgjengelige p\u00e5 nettkasinoer. En ikke-klebende bonus, i motsetning til standard sticky-bonuser, lar deg ta ut innskuddet og fortjenesten n\u00e5r som helst uten f\u00f8rst \u00e5 m\u00e5tte fullf\u00f8re noen omsetningskrav! Takket v\u00e6re en forskrift implementert i Norge for noen \u00e5r siden, [&hellip;]<\/p>\n","protected":false},"author":1,"featured_media":9952,"parent":0,"menu_order":0,"comment_status":"open","ping_status":"closed","template":"","meta":{"inline_featured_image":false,"footnotes":""},"class_list":["post-8763","page","type-page","status-publish","has-post-thumbnail","hentry"],"yoast_head":"<!-- This site is optimized with the Yoast SEO plugin v24.5 - https:\/\/yoast.com\/wordpress\/plugins\/seo\/ -->\n<title>Non Sticky Bonus Norge (2025) - www.kasinobonus.ai<\/title>\n<meta name=\"description\" content=\"Non sticky bonus: Finn de beste tilbudene og tipsene p\u00e5 markedet. Forbedre spillopplevelsen din med det riktige valget!\" \/>\n<meta name=\"robots\" content=\"index, follow, max-snippet:-1, max-image-preview:large, max-video-preview:-1\" \/>\n<link rel=\"canonical\" href=\"https:\/\/www.kasinobonus.ai\/no\/non-sticky-bonus\/\" \/>\n<script type=\"application\/ld+json\" class=\"yoast-schema-graph\">{\"@context\":\"https:\/\/schema.org\",\"@graph\":[{\"@type\":\"WebPage\",\"@id\":\"https:\/\/www.kasinobonus.ai\/no\/non-sticky-bonus\/\",\"url\":\"https:\/\/www.kasinobonus.ai\/no\/non-sticky-bonus\/\",\"name\":\"Non Sticky Bonus Norge (2025) - www.kasinobonus.ai\",\"isPartOf\":{\"@id\":\"https:\/\/www.kasinobonus.ai\/no\/#website\"},\"primaryImageOfPage\":{\"@id\":\"https:\/\/www.kasinobonus.ai\/no\/non-sticky-bonus\/#primaryimage\"},\"image\":{\"@id\":\"https:\/\/www.kasinobonus.ai\/no\/non-sticky-bonus\/#primaryimage\"},\"thumbnailUrl\":\"https:\/\/www.kasinobonus.ai\/wp-content\/uploads\/2023\/12\/non_sticky_bonus_norge.jpg\",\"datePublished\":\"2023-09-27T13:50:21+00:00\",\"dateModified\":\"2025-07-13T20:37:36+00:00\",\"description\":\"Non sticky bonus: Finn de beste tilbudene og tipsene p\u00e5 markedet. Forbedre spillopplevelsen din med det riktige valget!\",\"breadcrumb\":{\"@id\":\"https:\/\/www.kasinobonus.ai\/no\/non-sticky-bonus\/#breadcrumb\"},\"inLanguage\":\"no-NO\",\"potentialAction\":[{\"@type\":\"ReadAction\",\"target\":[\"https:\/\/www.kasinobonus.ai\/no\/non-sticky-bonus\/\"]}]},{\"@type\":\"ImageObject\",\"inLanguage\":\"no-NO\",\"@id\":\"https:\/\/www.kasinobonus.ai\/no\/non-sticky-bonus\/#primaryimage\",\"url\":\"https:\/\/www.kasinobonus.ai\/wp-content\/uploads\/2023\/12\/non_sticky_bonus_norge.jpg\",\"contentUrl\":\"https:\/\/www.kasinobonus.ai\/wp-content\/uploads\/2023\/12\/non_sticky_bonus_norge.jpg\",\"width\":1200,\"height\":628,\"caption\":\"non sticky bonus norge\"},{\"@type\":\"BreadcrumbList\",\"@id\":\"https:\/\/www.kasinobonus.ai\/no\/non-sticky-bonus\/#breadcrumb\",\"itemListElement\":[{\"@type\":\"ListItem\",\"position\":1,\"name\":\"Home\",\"item\":\"https:\/\/kasinobonus.ai\/no\/\"},{\"@type\":\"ListItem\",\"position\":2,\"name\":\"Non Sticky Bonus\"}]},{\"@type\":\"WebSite\",\"@id\":\"https:\/\/www.kasinobonus.ai\/no\/#website\",\"url\":\"https:\/\/www.kasinobonus.ai\/no\/\",\"name\":\"www.kasinobonus.ai\",\"description\":\"\",\"publisher\":{\"@id\":\"https:\/\/www.kasinobonus.ai\/no\/#organization\"},\"potentialAction\":[{\"@type\":\"SearchAction\",\"target\":{\"@type\":\"EntryPoint\",\"urlTemplate\":\"https:\/\/www.kasinobonus.ai\/no\/?s={search_term_string}\"},\"query-input\":{\"@type\":\"PropertyValueSpecification\",\"valueRequired\":true,\"valueName\":\"search_term_string\"}}],\"inLanguage\":\"no-NO\"},{\"@type\":\"Organization\",\"@id\":\"https:\/\/www.kasinobonus.ai\/no\/#organization\",\"name\":\"KasinoBonus\",\"alternateName\":\"KasinoBonusAI\",\"url\":\"https:\/\/www.kasinobonus.ai\/no\/\",\"logo\":{\"@type\":\"ImageObject\",\"inLanguage\":\"no-NO\",\"@id\":\"https:\/\/www.kasinobonus.ai\/no\/#\/schema\/logo\/image\/\",\"url\":\"https:\/\/www.kasinobonus.ai\/wp-content\/uploads\/2023\/09\/kasinobonus-logo-light.png\",\"contentUrl\":\"https:\/\/www.kasinobonus.ai\/wp-content\/uploads\/2023\/09\/kasinobonus-logo-light.png\",\"width\":3200,\"height\":596,\"caption\":\"KasinoBonus\"},\"image\":{\"@id\":\"https:\/\/www.kasinobonus.ai\/no\/#\/schema\/logo\/image\/\"},\"sameAs\":[\"https:\/\/www.facebook.com\/kasinobonusio\/\",\"https:\/\/x.com\/Kasinobonus_io\",\"https:\/\/www.linkedin.com\/in\/matti-slotte-26612033b\",\"http:\/\/kasinobonus.wikidot.com\/system:welcome\",\"https:\/\/www.trustpilot.com\/review\/www.kasinobonus.ai\",\"https:\/\/orcid.org\/0009-0007-2889-1713\",\"https:\/\/en.everybodywiki.com\/Matti_Slotte\",\"https:\/\/www.immuniweb.com\/ssl\/kasinobonus.ai\/M4lqCqYY\/\"]}]}<\/script>\n<!-- \/ Yoast SEO plugin. -->","yoast_head_json":{"title":"Non Sticky Bonus Norge (2025) - www.kasinobonus.ai","description":"Non sticky bonus: Finn de beste tilbudene og tipsene p\u00e5 markedet. Forbedre spillopplevelsen din med det riktige valget!","robots":{"index":"index","follow":"follow","max-snippet":"max-snippet:-1","max-image-preview":"max-image-preview:large","max-video-preview":"max-video-preview:-1"},"canonical":"https:\/\/www.kasinobonus.ai\/no\/non-sticky-bonus\/","schema":{"@context":"https:\/\/schema.org","@graph":[{"@type":"WebPage","@id":"https:\/\/www.kasinobonus.ai\/no\/non-sticky-bonus\/","url":"https:\/\/www.kasinobonus.ai\/no\/non-sticky-bonus\/","name":"Non Sticky Bonus Norge (2025) - www.kasinobonus.ai","isPartOf":{"@id":"https:\/\/www.kasinobonus.ai\/no\/#website"},"primaryImageOfPage":{"@id":"https:\/\/www.kasinobonus.ai\/no\/non-sticky-bonus\/#primaryimage"},"image":{"@id":"https:\/\/www.kasinobonus.ai\/no\/non-sticky-bonus\/#primaryimage"},"thumbnailUrl":"https:\/\/www.kasinobonus.ai\/wp-content\/uploads\/2023\/12\/non_sticky_bonus_norge.jpg","datePublished":"2023-09-27T13:50:21+00:00","dateModified":"2025-07-13T20:37:36+00:00","description":"Non sticky bonus: Finn de beste tilbudene og tipsene p\u00e5 markedet. Forbedre spillopplevelsen din med det riktige valget!","breadcrumb":{"@id":"https:\/\/www.kasinobonus.ai\/no\/non-sticky-bonus\/#breadcrumb"},"inLanguage":"no-NO","potentialAction":[{"@type":"ReadAction","target":["https:\/\/www.kasinobonus.ai\/no\/non-sticky-bonus\/"]}]},{"@type":"ImageObject","inLanguage":"no-NO","@id":"https:\/\/www.kasinobonus.ai\/no\/non-sticky-bonus\/#primaryimage","url":"https:\/\/www.kasinobonus.ai\/wp-content\/uploads\/2023\/12\/non_sticky_bonus_norge.jpg","contentUrl":"https:\/\/www.kasinobonus.ai\/wp-content\/uploads\/2023\/12\/non_sticky_bonus_norge.jpg","width":1200,"height":628,"caption":"non sticky bonus norge"},{"@type":"BreadcrumbList","@id":"https:\/\/www.kasinobonus.ai\/no\/non-sticky-bonus\/#breadcrumb","itemListElement":[{"@type":"ListItem","position":1,"name":"Home","item":"https:\/\/kasinobonus.ai\/no\/"},{"@type":"ListItem","position":2,"name":"Non Sticky Bonus"}]},{"@type":"WebSite","@id":"https:\/\/www.kasinobonus.ai\/no\/#website","url":"https:\/\/www.kasinobonus.ai\/no\/","name":"www.kasinobonus.ai","description":"","publisher":{"@id":"https:\/\/www.kasinobonus.ai\/no\/#organization"},"potentialAction":[{"@type":"SearchAction","target":{"@type":"EntryPoint","urlTemplate":"https:\/\/www.kasinobonus.ai\/no\/?s={search_term_string}"},"query-input":{"@type":"PropertyValueSpecification","valueRequired":true,"valueName":"search_term_string"}}],"inLanguage":"no-NO"},{"@type":"Organization","@id":"https:\/\/www.kasinobonus.ai\/no\/#organization","name":"KasinoBonus","alternateName":"KasinoBonusAI","url":"https:\/\/www.kasinobonus.ai\/no\/","logo":{"@type":"ImageObject","inLanguage":"no-NO","@id":"https:\/\/www.kasinobonus.ai\/no\/#\/schema\/logo\/image\/","url":"https:\/\/www.kasinobonus.ai\/wp-content\/uploads\/2023\/09\/kasinobonus-logo-light.png","contentUrl":"https:\/\/www.kasinobonus.ai\/wp-content\/uploads\/2023\/09\/kasinobonus-logo-light.png","width":3200,"height":596,"caption":"KasinoBonus"},"image":{"@id":"https:\/\/www.kasinobonus.ai\/no\/#\/schema\/logo\/image\/"},"sameAs":["https:\/\/www.facebook.com\/kasinobonusio\/","https:\/\/x.com\/Kasinobonus_io","https:\/\/www.linkedin.com\/in\/matti-slotte-26612033b","http:\/\/kasinobonus.wikidot.com\/system:welcome","https:\/\/www.trustpilot.com\/review\/www.kasinobonus.ai","https:\/\/orcid.org\/0009-0007-2889-1713","https:\/\/en.everybodywiki.com\/Matti_Slotte","https:\/\/www.immuniweb.com\/ssl\/kasinobonus.ai\/M4lqCqYY\/"]}]}},"_links":{"self":[{"href":"https:\/\/www.kasinobonus.ai\/no\/wp-json\/wp\/v2\/pages\/8763","targetHints":{"allow":["GET"]}}],"collection":[{"href":"https:\/\/www.kasinobonus.ai\/no\/wp-json\/wp\/v2\/pages"}],"about":[{"href":"https:\/\/www.kasinobonus.ai\/no\/wp-json\/wp\/v2\/types\/page"}],"author":[{"embeddable":true,"href":"https:\/\/www.kasinobonus.ai\/no\/wp-json\/wp\/v2\/users\/1"}],"replies":[{"embeddable":true,"href":"https:\/\/www.kasinobonus.ai\/no\/wp-json\/wp\/v2\/comments?post=8763"}],"version-history":[{"count":5,"href":"https:\/\/www.kasinobonus.ai\/no\/wp-json\/wp\/v2\/pages\/8763\/revisions"}],"predecessor-version":[{"id":33529,"href":"https:\/\/www.kasinobonus.ai\/no\/wp-json\/wp\/v2\/pages\/8763\/revisions\/33529"}],"wp:featuredmedia":[{"embeddable":true,"href":"https:\/\/www.kasinobonus.ai\/no\/wp-json\/wp\/v2\/media\/9952"}],"wp:attachment":[{"href":"https:\/\/www.kasinobonus.ai\/no\/wp-json\/wp\/v2\/media?parent=8763"}],"curies":[{"name":"wp","href":"https:\/\/api.w.org\/{rel}","templated":true}]}}