{"id":34495,"date":"2025-07-25T11:49:05","date_gmt":"2025-07-25T11:49:05","guid":{"rendered":"https:\/\/www.kasinobonus.ai\/om-jean-pierre-lemoine-kasinoinspektor\/"},"modified":"2025-07-26T12:27:22","modified_gmt":"2025-07-26T12:27:22","slug":"om-jean-pierre-lemoine-kasinoinspektor","status":"publish","type":"page","link":"https:\/\/www.kasinobonus.ai\/no\/om-jean-pierre-lemoine-kasinoinspektor\/","title":{"rendered":"Jean-Pierre Lemoine"},"content":{"rendered":"\n<h1 class=\"wp-block-heading\">Om Jean-Pierre Lemoine &#8211; kasinoinspekt\u00f8r<\/h1>\n\n<div class=\"wp-block-media-text is-stacked-on-mobile\"><figure class=\"wp-block-media-text__media\"><img decoding=\"async\" width=\"1024\" height=\"576\" src=\"https:\/\/www.kasinobonus.ai\/wp-content\/uploads\/2025\/07\/Jean-Pierre-Lemoine-1024x576.png\" alt=\"Jean Pierre Lemoine\" class=\"wp-image-34320 size-full\" srcset=\"https:\/\/www.kasinobonus.ai\/wp-content\/uploads\/2025\/07\/Jean-Pierre-Lemoine-1024x576.png 1024w, https:\/\/www.kasinobonus.ai\/wp-content\/uploads\/2025\/07\/Jean-Pierre-Lemoine-300x169.png 300w, https:\/\/www.kasinobonus.ai\/wp-content\/uploads\/2025\/07\/Jean-Pierre-Lemoine-768x432.png 768w, https:\/\/www.kasinobonus.ai\/wp-content\/uploads\/2025\/07\/Jean-Pierre-Lemoine-1536x864.png 1536w, https:\/\/www.kasinobonus.ai\/wp-content\/uploads\/2025\/07\/Jean-Pierre-Lemoine-110x62.png 110w, https:\/\/www.kasinobonus.ai\/wp-content\/uploads\/2025\/07\/Jean-Pierre-Lemoine-1180x664.png 1180w, https:\/\/www.kasinobonus.ai\/wp-content\/uploads\/2025\/07\/Jean-Pierre-Lemoine-575x324.png 575w, https:\/\/www.kasinobonus.ai\/wp-content\/uploads\/2025\/07\/Jean-Pierre-Lemoine.png 1820w\" sizes=\"(max-width: 1024px) 100vw, 1024px\" \/><\/figure><div class=\"wp-block-media-text__content\">\n<p>Jean-Pierre Lemoine, f\u00f8dt 5. desember 1985 i Montreal, er en kanadisk kasinoekspert som studerte informatikk <a href=\"https:\/\/www.mcgill.ca\/\">ved McGill University.<\/a> Han startet sin karriere hos Espacejeux i 2018, der han fikk praktisk erfaring med regulerte spillplattformer og utviklet en dyp forst\u00e5else av rettferdighetsalgoritmer og ansvarlig spillpraksis.  <br\/><br\/><\/p>\n<\/div><\/div>\n\n<p>I dag fokuserer Jean-Pierre p\u00e5 verifisering og faktasjekk av nettkasinoer, og s\u00f8rger for \u00e5penhet og n\u00f8yaktighet for spillere over hele verden. Han samarbeider ofte med den finske gamblinganalytikeren Matti Slotte, og kombinerer teknisk ekspertise med et spillersentrert perspektiv for \u00e5 produsere p\u00e5litelige anmeldelser av bonuser, sikkerhet og RNG-rettferdighet. <br\/><\/p>\n\n<h2 class=\"wp-block-heading\">Jean-Pierres karrierevei<\/h2>\n\n<figure class=\"wp-block-table\"><table class=\"has-fixed-layout\"><thead><tr><th class=\"has-text-align-left\" data-align=\"left\">\u00c5r<\/th><th class=\"has-text-align-left\" data-align=\"left\">Karrierestadium<\/th><\/tr><\/thead><tbody><tr><td class=\"has-text-align-left\" data-align=\"left\">2007<\/td><td class=\"has-text-align-left\" data-align=\"left\">Uteksaminert fra McGill University med en Bachelor of Science i informatikk<\/td><\/tr><tr><td class=\"has-text-align-left\" data-align=\"left\">2007-2009<\/td><td class=\"has-text-align-left\" data-align=\"left\">Jobbet i oppstartsbedrifter som utviklet programvare for nettkasinoer<\/td><\/tr><tr><td class=\"has-text-align-left\" data-align=\"left\">2010<\/td><td class=\"has-text-align-left\" data-align=\"left\">Sette i gang sm\u00e5 prosjekter for \u00e5 forbedre spillernes tilgang til bonustilbud<\/td><\/tr><tr><td class=\"has-text-align-left\" data-align=\"left\">2018<\/td><td class=\"has-text-align-left\" data-align=\"left\">Ble medlem av Espacejeux &#8211; Loto-Qu\u00e9becs offisielle nettkasino-tjeneste<\/td><\/tr><tr><td class=\"has-text-align-left\" data-align=\"left\">2022<\/td><td class=\"has-text-align-left\" data-align=\"left\">Startet samarbeid med den finske spilleksperten Matti Slotte<\/td><\/tr><tr><td class=\"has-text-align-left\" data-align=\"left\">2023<\/td><td class=\"has-text-align-left\" data-align=\"left\">Bidratt til utviklingen av verkt\u00f8y for bonusverifisering<\/td><\/tr><tr><td class=\"has-text-align-left\" data-align=\"left\">2024<\/td><td class=\"has-text-align-left\" data-align=\"left\">Grunnla ToursGratuits, en plattform med fokus p\u00e5 kanadiske gratisspinn uten innskudd<\/td><\/tr><tr><td class=\"has-text-align-left\" data-align=\"left\">2024<\/td><td class=\"has-text-align-left\" data-align=\"left\">Ble med i KasinoBonus-teamet som kasinorevisor og faktasjekker<\/td><\/tr><\/tbody><\/table><\/figure>\n","protected":false},"excerpt":{"rendered":"<p>Om Jean-Pierre Lemoine &#8211; kasinoinspekt\u00f8r Jean-Pierre Lemoine, f\u00f8dt 5. desember 1985 i Montreal, er en kanadisk kasinoekspert som studerte informatikk ved McGill University. Han startet sin karriere hos Espacejeux i 2018, der han fikk praktisk erfaring med regulerte spillplattformer og utviklet en dyp forst\u00e5else av rettferdighetsalgoritmer og ansvarlig spillpraksis. I dag fokuserer Jean-Pierre p\u00e5 verifisering [&hellip;]<\/p>\n","protected":false},"author":1,"featured_media":0,"parent":0,"menu_order":0,"comment_status":"closed","ping_status":"closed","template":"page-clean.php","meta":{"inline_featured_image":false,"footnotes":""},"class_list":["post-34495","page","type-page","status-publish","hentry"],"yoast_head":"<!-- This site is optimized with the Yoast SEO plugin v24.5 - https:\/\/yoast.com\/wordpress\/plugins\/seo\/ -->\n<title>Jean-Pierre Lemoine - www.kasinobonus.ai<\/title>\n<meta name=\"robots\" content=\"index, follow, max-snippet:-1, max-image-preview:large, max-video-preview:-1\" \/>\n<link rel=\"canonical\" href=\"https:\/\/www.kasinobonus.ai\/no\/om-jean-pierre-lemoine-kasinoinspektor\/\" \/>\n<script type=\"application\/ld+json\" class=\"yoast-schema-graph\">{\"@context\":\"https:\/\/schema.org\",\"@graph\":[{\"@type\":\"WebPage\",\"@id\":\"https:\/\/www.kasinobonus.ai\/no\/om-jean-pierre-lemoine-kasinoinspektor\/\",\"url\":\"https:\/\/www.kasinobonus.ai\/no\/om-jean-pierre-lemoine-kasinoinspektor\/\",\"name\":\"Jean-Pierre Lemoine - www.kasinobonus.ai\",\"isPartOf\":{\"@id\":\"https:\/\/www.kasinobonus.ai\/no\/#website\"},\"primaryImageOfPage\":{\"@id\":\"https:\/\/www.kasinobonus.ai\/no\/om-jean-pierre-lemoine-kasinoinspektor\/#primaryimage\"},\"image\":{\"@id\":\"https:\/\/www.kasinobonus.ai\/no\/om-jean-pierre-lemoine-kasinoinspektor\/#primaryimage\"},\"thumbnailUrl\":\"https:\/\/www.kasinobonus.ai\/wp-content\/uploads\/2025\/07\/Jean-Pierre-Lemoine-1024x576.png\",\"datePublished\":\"2025-07-25T11:49:05+00:00\",\"dateModified\":\"2025-07-26T12:27:22+00:00\",\"breadcrumb\":{\"@id\":\"https:\/\/www.kasinobonus.ai\/no\/om-jean-pierre-lemoine-kasinoinspektor\/#breadcrumb\"},\"inLanguage\":\"no-NO\",\"potentialAction\":[{\"@type\":\"ReadAction\",\"target\":[\"https:\/\/www.kasinobonus.ai\/no\/om-jean-pierre-lemoine-kasinoinspektor\/\"]}]},{\"@type\":\"ImageObject\",\"inLanguage\":\"no-NO\",\"@id\":\"https:\/\/www.kasinobonus.ai\/no\/om-jean-pierre-lemoine-kasinoinspektor\/#primaryimage\",\"url\":\"https:\/\/www.kasinobonus.ai\/wp-content\/uploads\/2025\/07\/Jean-Pierre-Lemoine-1024x576.png\",\"contentUrl\":\"https:\/\/www.kasinobonus.ai\/wp-content\/uploads\/2025\/07\/Jean-Pierre-Lemoine-1024x576.png\"},{\"@type\":\"BreadcrumbList\",\"@id\":\"https:\/\/www.kasinobonus.ai\/no\/om-jean-pierre-lemoine-kasinoinspektor\/#breadcrumb\",\"itemListElement\":[{\"@type\":\"ListItem\",\"position\":1,\"name\":\"Home\",\"item\":\"https:\/\/kasinobonus.ai\/no\/\"},{\"@type\":\"ListItem\",\"position\":2,\"name\":\"Jean-Pierre Lemoine\"}]},{\"@type\":\"WebSite\",\"@id\":\"https:\/\/www.kasinobonus.ai\/no\/#website\",\"url\":\"https:\/\/www.kasinobonus.ai\/no\/\",\"name\":\"www.kasinobonus.ai\",\"description\":\"\",\"publisher\":{\"@id\":\"https:\/\/www.kasinobonus.ai\/no\/#organization\"},\"potentialAction\":[{\"@type\":\"SearchAction\",\"target\":{\"@type\":\"EntryPoint\",\"urlTemplate\":\"https:\/\/www.kasinobonus.ai\/no\/?s={search_term_string}\"},\"query-input\":{\"@type\":\"PropertyValueSpecification\",\"valueRequired\":true,\"valueName\":\"search_term_string\"}}],\"inLanguage\":\"no-NO\"},{\"@type\":\"Organization\",\"@id\":\"https:\/\/www.kasinobonus.ai\/no\/#organization\",\"name\":\"KasinoBonus\",\"alternateName\":\"KasinoBonusAI\",\"url\":\"https:\/\/www.kasinobonus.ai\/no\/\",\"logo\":{\"@type\":\"ImageObject\",\"inLanguage\":\"no-NO\",\"@id\":\"https:\/\/www.kasinobonus.ai\/no\/#\/schema\/logo\/image\/\",\"url\":\"https:\/\/www.kasinobonus.ai\/wp-content\/uploads\/2023\/09\/kasinobonus-logo-light.png\",\"contentUrl\":\"https:\/\/www.kasinobonus.ai\/wp-content\/uploads\/2023\/09\/kasinobonus-logo-light.png\",\"width\":3200,\"height\":596,\"caption\":\"KasinoBonus\"},\"image\":{\"@id\":\"https:\/\/www.kasinobonus.ai\/no\/#\/schema\/logo\/image\/\"},\"sameAs\":[\"https:\/\/www.facebook.com\/kasinobonusio\/\",\"https:\/\/x.com\/Kasinobonus_io\",\"https:\/\/www.linkedin.com\/in\/matti-slotte-26612033b\",\"http:\/\/kasinobonus.wikidot.com\/system:welcome\",\"https:\/\/www.trustpilot.com\/review\/www.kasinobonus.ai\",\"https:\/\/orcid.org\/0009-0007-2889-1713\",\"https:\/\/en.everybodywiki.com\/Matti_Slotte\",\"https:\/\/www.immuniweb.com\/ssl\/kasinobonus.ai\/M4lqCqYY\/\"]}]}<\/script>\n<!-- \/ Yoast SEO plugin. -->","yoast_head_json":{"title":"Jean-Pierre Lemoine - www.kasinobonus.ai","robots":{"index":"index","follow":"follow","max-snippet":"max-snippet:-1","max-image-preview":"max-image-preview:large","max-video-preview":"max-video-preview:-1"},"canonical":"https:\/\/www.kasinobonus.ai\/no\/om-jean-pierre-lemoine-kasinoinspektor\/","schema":{"@context":"https:\/\/schema.org","@graph":[{"@type":"WebPage","@id":"https:\/\/www.kasinobonus.ai\/no\/om-jean-pierre-lemoine-kasinoinspektor\/","url":"https:\/\/www.kasinobonus.ai\/no\/om-jean-pierre-lemoine-kasinoinspektor\/","name":"Jean-Pierre Lemoine - www.kasinobonus.ai","isPartOf":{"@id":"https:\/\/www.kasinobonus.ai\/no\/#website"},"primaryImageOfPage":{"@id":"https:\/\/www.kasinobonus.ai\/no\/om-jean-pierre-lemoine-kasinoinspektor\/#primaryimage"},"image":{"@id":"https:\/\/www.kasinobonus.ai\/no\/om-jean-pierre-lemoine-kasinoinspektor\/#primaryimage"},"thumbnailUrl":"https:\/\/www.kasinobonus.ai\/wp-content\/uploads\/2025\/07\/Jean-Pierre-Lemoine-1024x576.png","datePublished":"2025-07-25T11:49:05+00:00","dateModified":"2025-07-26T12:27:22+00:00","breadcrumb":{"@id":"https:\/\/www.kasinobonus.ai\/no\/om-jean-pierre-lemoine-kasinoinspektor\/#breadcrumb"},"inLanguage":"no-NO","potentialAction":[{"@type":"ReadAction","target":["https:\/\/www.kasinobonus.ai\/no\/om-jean-pierre-lemoine-kasinoinspektor\/"]}]},{"@type":"ImageObject","inLanguage":"no-NO","@id":"https:\/\/www.kasinobonus.ai\/no\/om-jean-pierre-lemoine-kasinoinspektor\/#primaryimage","url":"https:\/\/www.kasinobonus.ai\/wp-content\/uploads\/2025\/07\/Jean-Pierre-Lemoine-1024x576.png","contentUrl":"https:\/\/www.kasinobonus.ai\/wp-content\/uploads\/2025\/07\/Jean-Pierre-Lemoine-1024x576.png"},{"@type":"BreadcrumbList","@id":"https:\/\/www.kasinobonus.ai\/no\/om-jean-pierre-lemoine-kasinoinspektor\/#breadcrumb","itemListElement":[{"@type":"ListItem","position":1,"name":"Home","item":"https:\/\/kasinobonus.ai\/no\/"},{"@type":"ListItem","position":2,"name":"Jean-Pierre Lemoine"}]},{"@type":"WebSite","@id":"https:\/\/www.kasinobonus.ai\/no\/#website","url":"https:\/\/www.kasinobonus.ai\/no\/","name":"www.kasinobonus.ai","description":"","publisher":{"@id":"https:\/\/www.kasinobonus.ai\/no\/#organization"},"potentialAction":[{"@type":"SearchAction","target":{"@type":"EntryPoint","urlTemplate":"https:\/\/www.kasinobonus.ai\/no\/?s={search_term_string}"},"query-input":{"@type":"PropertyValueSpecification","valueRequired":true,"valueName":"search_term_string"}}],"inLanguage":"no-NO"},{"@type":"Organization","@id":"https:\/\/www.kasinobonus.ai\/no\/#organization","name":"KasinoBonus","alternateName":"KasinoBonusAI","url":"https:\/\/www.kasinobonus.ai\/no\/","logo":{"@type":"ImageObject","inLanguage":"no-NO","@id":"https:\/\/www.kasinobonus.ai\/no\/#\/schema\/logo\/image\/","url":"https:\/\/www.kasinobonus.ai\/wp-content\/uploads\/2023\/09\/kasinobonus-logo-light.png","contentUrl":"https:\/\/www.kasinobonus.ai\/wp-content\/uploads\/2023\/09\/kasinobonus-logo-light.png","width":3200,"height":596,"caption":"KasinoBonus"},"image":{"@id":"https:\/\/www.kasinobonus.ai\/no\/#\/schema\/logo\/image\/"},"sameAs":["https:\/\/www.facebook.com\/kasinobonusio\/","https:\/\/x.com\/Kasinobonus_io","https:\/\/www.linkedin.com\/in\/matti-slotte-26612033b","http:\/\/kasinobonus.wikidot.com\/system:welcome","https:\/\/www.trustpilot.com\/review\/www.kasinobonus.ai","https:\/\/orcid.org\/0009-0007-2889-1713","https:\/\/en.everybodywiki.com\/Matti_Slotte","https:\/\/www.immuniweb.com\/ssl\/kasinobonus.ai\/M4lqCqYY\/"]}]}},"_links":{"self":[{"href":"https:\/\/www.kasinobonus.ai\/no\/wp-json\/wp\/v2\/pages\/34495","targetHints":{"allow":["GET"]}}],"collection":[{"href":"https:\/\/www.kasinobonus.ai\/no\/wp-json\/wp\/v2\/pages"}],"about":[{"href":"https:\/\/www.kasinobonus.ai\/no\/wp-json\/wp\/v2\/types\/page"}],"author":[{"embeddable":true,"href":"https:\/\/www.kasinobonus.ai\/no\/wp-json\/wp\/v2\/users\/1"}],"replies":[{"embeddable":true,"href":"https:\/\/www.kasinobonus.ai\/no\/wp-json\/wp\/v2\/comments?post=34495"}],"version-history":[{"count":3,"href":"https:\/\/www.kasinobonus.ai\/no\/wp-json\/wp\/v2\/pages\/34495\/revisions"}],"predecessor-version":[{"id":34503,"href":"https:\/\/www.kasinobonus.ai\/no\/wp-json\/wp\/v2\/pages\/34495\/revisions\/34503"}],"wp:attachment":[{"href":"https:\/\/www.kasinobonus.ai\/no\/wp-json\/wp\/v2\/media?parent=34495"}],"curies":[{"name":"wp","href":"https:\/\/api.w.org\/{rel}","templated":true}]}}