{"id":28739,"date":"2024-11-25T08:41:09","date_gmt":"2024-11-25T08:41:09","guid":{"rendered":"https:\/\/kasinobonus.ai\/how-we-review\/"},"modified":"2025-06-15T09:53:47","modified_gmt":"2025-06-15T09:53:47","slug":"how-we-review","status":"publish","type":"page","link":"https:\/\/www.kasinobonus.ai\/no\/how-we-review\/","title":{"rendered":"Hvordan vi anmelder nettkasinoer"},"content":{"rendered":"\n<h1 class=\"wp-block-heading\"><strong>Hvordan vi anmelder nettkasinoer<\/strong><\/h1>\n\n\n\n<p>Redaksjonen hos KasinoBonusAI, ledet av eier, sjefredakt\u00f8r og den finske spilllegenden Matti Slotte, er opptatt av \u00e5 gi n\u00f8yaktige vurderinger av nettcasinoer til finske spillere. Prosessen forklares her.<\/p>\n\n\n\n<h2 class=\"wp-block-heading\"><strong>Upartiske anmeldelser<\/strong><\/h2>\n\n\n\n<p>Journalistisk integritet er viktig for en skribent, og det blir mye viktigere n\u00e5r man anmelder et produkt. Hvis du noen gang har sett en anmeldelse av en st\u00f8vsuger p\u00e5 YouTube, vet du at de alle er fantastiske siden anmelderen ble betalt for \u00e5 gj\u00f8re det. Hvis tilbudet er et nettcasino, er innsatsen betydelig h\u00f8yere (unnskyld ordspillet). Det er livsviktig for en casinoanmelder \u00e5 v\u00e6re brutalt \u00e6rlig og informere leseren om casinoet er bra eller ikke. Slik gj\u00f8r vi ting hos KasinoBonusAI.<\/p>\n\n\n\n<p>V\u00e5re anmeldelser er ikke p\u00e5virket av penger, som det fremg\u00e5r av v\u00e5r reklameerkl\u00e6ring. Noen casinoer kan betale oss for \u00e5 skrive om dem, og vi vil gj\u00f8re oppgaven; men casinoet kan ikke betale oss for \u00e5 skrive positivt om dem. Hvert casino, enten det betaler eller ikke, vil alltid f\u00f8lge de samme standardene og retningslinjene som er beskrevet p\u00e5 denne siden.<\/p>\n\n\n\n<h2 class=\"wp-block-heading\"><strong>Redakt\u00f8rene<\/strong><\/h2>\n\n\n\n<p>Redaksjonen hos KasinoBonusAI ledes av sjefredakt\u00f8r Matti Slotte, som har v\u00e6rt p\u00e5 gamblingscenen siden slutten av 2000-tallet da markedet s\u00e5 vidt var i vekst.<\/p>\n\n\n\n<h2 class=\"wp-block-heading\"><strong>Det redaksjonelle l\u00f8ftet<\/strong><\/h2>\n\n\n\n<p>Matti garanterer at alle casinoanmeldelser du leser p\u00e5 KasinoBonusAI er n\u00f8ytrale, sannferdige og dedikert til \u00e5 informere finske spillere om hvorvidt et casino er utmerket eller ikke.<\/p>\n\n\n\n<p>Finland er n\u00e5 et lukket monopolsystem kontrollert av Veikkaus Oy, med en frist i 2024. Dette \u00e5pner d\u00f8ren for en mengde svarteb\u00f8rscasinoer, spesielt de som er lisensiert p\u00e5 Cura\u00e7ao. Er alle d\u00e5rlige? Absolutt ikke. Ting vil endre seg dramatisk i 2026, n\u00e5r lisenssystemet g\u00e5r p\u00e5 nett. Vil alle lisensierte casinoer p\u00e5 det tidspunktet v\u00e6re rent hvite, mens alle andre vil v\u00e6re rent svarte? Det vil nesten definitivt ikke v\u00e6re tilfelle.<\/p>\n\n\n\n<p>Derfor er Matti og teamet hans dedikert til \u00e5 unders\u00f8ke hvert casino for hva det er, uavhengig av hvilket merke tilsynsorganet det har festet p\u00e5 seg.<\/p>\n\n\n\n<p><strong>Tre enkle sp\u00f8rsm\u00e5l Matti stiller<\/strong><\/p>\n\n\n\n<p>For \u00e5 gj\u00f8re det hele enkelt, er Matti og redaksjonen hans trent til \u00e5 se forbi lisensene og alt av funksjonalitet, og n\u00e5r de foretar en anmeldelse, stiller de tre enkle sp\u00f8rsm\u00e5l.<\/p>\n\n\n\n<h3 class=\"wp-block-heading\"><strong>1. Betaler casinoet vinnerne?<\/strong><\/h3>\n\n\n\n<p>Et grunnleggende sp\u00f8rsm\u00e5l som mange casinoer ikke kan svare positivt p\u00e5. Hvis du vinner stort, b\u00f8r du bli kompensert av casinoet. Vi \u00f8nsker ikke \u00e5 se et casino som forsinker utbetalinger, blokkerer kontoer, konfiskerer midler, bruker liten skrift mot spillere eller kansellerer bonusmidler. Dette er det aller viktigste sp\u00f8rsm\u00e5let for ethvert casino. Du drar dit med h\u00e5p om \u00e5 vinne, ikke sant? Hvis du vinner, b\u00f8r du forvente \u00e5 bli betalt. Det er kontrakten mellom deg og casinoet. Vi \u00f8nsker at casinoer skal overholde den kontrakten.<\/p>\n\n\n\n<h3 class=\"wp-block-heading\"><strong>2. Er spillet rettferdig?<\/strong><\/h3>\n\n\n\n<p>Dette er et todelt sp\u00f8rsm\u00e5l. Det ene er selve kasinospillene du spiller, og det andre er bonusene og andre insentiver som kasinoet tilbyr.<\/p>\n\n\n\n<p>Det finnes kasinospill som er enklere \u00e5 vinne enn andre, samt spill som skaper et h\u00f8yt antall vinnere. For eksempel spilleautomater med h\u00f8y varians og enorme maksimale gevinster. Noen kasinoer ekskluderer dem fra tilbudene sine fordi de ikke vil at spillet skal p\u00e5virke fortjenesten deres. De vil helst ikke ha det. Matti forakter denne lyssky oppf\u00f8rselen.<\/p>\n\n\n\n<p>Videre lar visse spillutviklere, som Pragmatic Play, kasinoer konfigurere spillene sine. Dette gj\u00f8r det mulig for kasinoet \u00e5 justere spillets RTP. Vi tester RTP for \u00e5 finne ut hva kasinoets avgj\u00f8relse var. Det er vanligvis allestedsn\u00e6rv\u00e6rende; hvis et kasino begrenser RTP for spillene sine til 95 %, vil du se det overalt. P\u00e5 samme m\u00e5te, hvis et kasino setter et spill med en stor utbetaling, vil de gj\u00f8re det for alle spill.<\/p>\n\n\n\n<p>Til slutt er det temaet bonuser. Kasinotilbud m\u00e5 inkludere et sett med regler for \u00e5 forhindre bonusmisbruk, men det er en smal grense her. Vi forventer ikke gratis penger, men vi forventer at bonusen er oppn\u00e5elig.<\/p>\n\n\n\n<h3 class=\"wp-block-heading\"><strong>3. Betaler casinoet raskt?<\/strong><\/h3>\n\n\n\n<p>Sist, men ikke minst, liker vi et casino som betaler raskt. Ikke bare mangler vi t\u00e5lmodighet i dagens hektiske verden, men raske utbetalinger indikerer et casino som bryr seg om spillernes velv\u00e6re og alltid vil gj\u00f8re det rette. Sp\u00f8r Matti. Han har enn\u00e5 ikke sett et casino med raske utbetalinger som ikke ogs\u00e5 tilbyr utmerket kundeservice og bonusvilk\u00e5r. Hvis et casino betaler raskt, er alt annet ved det casinoet absolutt A+.<\/p>\n\n\n\n<h2 class=\"wp-block-heading\"><strong>Gjennomgangsprosessen<\/strong><\/h2>\n\n\n\n<p>Dette er anmeldelsesprosessen for hver eneste casinoanmeldelse som publiseres p\u00e5 KasinoBonusAI. Alle skribenter f\u00f8lger den samme prosessen som er oppf\u00f8rt her.<\/p>\n\n\n\n<h3 class=\"wp-block-heading\"><strong>Bakgrunnsforskning<\/strong><\/h3>\n\n\n\n<p>Vi unders\u00f8ker selskapets informasjon, lisenser (eller mangel p\u00e5 s\u00e5dan), s\u00f8stercasinoer og deres omd\u00f8mme, og n\u00f8kkelpersonell og deres omd\u00f8mme i bransjen. Vi vil vite hvem som driver dette casinoet og hva deres form\u00e5l er: \u00e5 v\u00e6re rettferdige mot spillerne, \u00e5 stjele penger, eller noe midt imellom.<\/p>\n\n\n\n<p>Bra: Selskapet har et solid rykte i bransjen og er ansett for \u00e5 behandle spillere rettferdig.<\/p>\n\n\n\n<p>D\u00e5rlig: Selskapet er kjent for \u00e5 v\u00e6re aggressivt mot spillerne, for \u00e5 stenge casinoer, og er ofte uvillig til \u00e5 betale ut gevinster.<\/p>\n\n\n\n<p><strong>Juridiske saker<\/strong><\/p>\n\n\n\n<p>Vi g\u00e5r n\u00f8ye gjennom casinoets vilk\u00e5r og betingelser. Siden vi gj\u00f8r det regelmessig, vet vi hvordan vi skal gjenkjenne rariteter som ikke burde v\u00e6re der. N\u00e5r vi finner dem, vil vi presentere dem for leserne v\u00e5re. Disse finnes oftest i bonusvilk\u00e5r og -betingelser, og i fors\u00f8k p\u00e5 \u00e5 skjule navnet p\u00e5 selskapet som st\u00e5r bak casinoet.<\/p>\n\n\n\n<p>Bra: Vilk\u00e5rene er klare og konsise, uten tull, uten liten skrift og overforklaringer. De er rettferdige mot spilleren og i samsvar med bransjenormen.<\/p>\n\n\n\n<p>D\u00e5rlig: Vilk\u00e5rene er for kompliserte, inkluderer liten skrift og inkluderer ting som ble introdusert for \u00e5 v\u00e6re rovdyr mot spilleren.<\/p>\n\n\n\n<h3 class=\"wp-block-heading\"><strong>Spillerkonsultasjon<\/strong><\/h3>\n\n\n\n<p>Vi unders\u00f8ker spilleranmeldelser og snakker med spillere om casinoet. Vi fokuserer alltid mest p\u00e5 erfaringene til finske spillere.<\/p>\n\n\n\n<p>Bra: Spillerne rapporterer at de f\u00e5r betalt, og det er mange finner som sier det samme.<\/p>\n\n\n\n<p>D\u00e5rlig: Mange av spillerne rapporterer at de hadde problemer med \u00e5 f\u00e5 betalt av casinoet, eller at de fikk kontoene sine stengt.<\/p>\n\n\n\n<h3 class=\"wp-block-heading\"><strong>Betalingshastighet og brukervennlighet<\/strong><\/h3>\n\n\n\n<p>Den viktigste komponenten ved ethvert casino er hvor raskt det betaler og hvilke betalingsmetoder det tilbyr. Ideelt sett b\u00f8r alle de finske lokale betalingsalternativene vi bruker v\u00e6re tilgjengelige, inkludert PayPal, som er uvanlig blant ulovlige casinoer, og den generelle prosessen b\u00f8r v\u00e6re s\u00e5 enkel som mulig.<\/p>\n\n\n\n<p>Bra: Betalingsprosessen er s\u00e5 forenklet at utbetalinger samme dag er vanlige.<\/p>\n\n\n\n<p>D\u00e5rlig: Casinoet har en ventetid for alle betalinger og \u00f8nsker deretter ekstra verifiseringsdokumenter for \u00e5 utsette utbetalingene enda lenger.<\/p>\n\n\n\n<h3 class=\"wp-block-heading\"><strong>Tilgjengelige spill<\/strong><\/h3>\n\n\n\n<p>Spillutvalget vil variere mellom casinoer, og vi h\u00e5per \u00e5 se alle de beste leverand\u00f8rene samt de mest popul\u00e6re spillene i Finland. Hvis spillene er programmerbare, m\u00e5 de ogs\u00e5 v\u00e6re satt til h\u00f8y utbetaling, og vi \u00f8nsker spill med store utbetalinger samt progressive jackpoter.<\/p>\n\n\n\n<p>Bra: Alle forventede leverand\u00f8rer er til stede, inkludert Finlands favoritter, og spillene er satt til h\u00f8ye utbetalinger.<\/p>\n\n\n\n<p>D\u00e5rlig: Noen bemerkelsesverdige leverand\u00f8rer mangler, og\/eller casinoet tilbyr spill fra ukjente leverand\u00f8rer. Spillene er satt til den aggressive RTP-en.<\/p>\n\n\n\n<h3 class=\"wp-block-heading\"><strong>Brukeropplevelsee<\/strong><\/h3>\n\n\n\n<p>Nettsiden b\u00f8r v\u00e6re enkel \u00e5 bruke p\u00e5 datamaskin eller en hvilken som helst mobilenhet. Dette er vanligst \u00e5 finne i nyere kasinoer, mens noen eldre kasinoer beholder sitt tradisjonelle design som ikke er like bra. S\u00e5 dette er ikke s\u00e5 viktig for folk flest.<\/p>\n\n\n\n<p>Bra: Str\u00f8mlinjeformet design med en god brukeropplevelse.<\/p>\n\n\n\n<p>D\u00e5rlig: Kl\u00f8nete design som ikke fungerer bra p\u00e5 mobil.<\/p>\n\n\n\n<h2 class=\"wp-block-heading\"><strong>V\u00e5re anmeldelser i tall<\/strong><\/h2>\n\n\n\n<ul class=\"wp-block-list\">\n<li>Antall live-kontoer for hver casinoanmeldelse 1<\/li>\n\n\n\n<li>Antall eksperter konsultert om hvert casino 2<\/li>\n\n\n\n<li>Antall teammedlemmer som jobber med anmeldelsen 3+<\/li>\n\n\n\n<li>Antall newzealandske spillere konsultert om hvert casino 5+<\/li>\n\n\n\n<li>Total teamerfaring i casinobransjen 30+ \u00e5r<\/li>\n\n\n\n<li>Gjennomsnittlig spilletid for anmeldelsesform\u00e5l 8 timer<\/li>\n\n\n\n<li>Antall testede spill 20+<\/li>\n\n\n\n<li>Gjennomsnittlig innskudd per casinoanmeldelse \u20ac20<\/li>\n\n\n\n<li>Gjennomsnittlig uttak per casinoanmeldelse \u20ac0\u2013\u20ac100<\/li>\n<\/ul>\n\n\n\n<h2 class=\"wp-block-heading\"><strong>V\u00e5r trinnvise publiseringsprosess for kasinoanmeldelser<\/strong><\/h2>\n\n\n\n<ol class=\"wp-block-list\">\n<li>Vi registrerer en ny spillerkonto p\u00e5 casinoet og verifiserer kontoen.<\/li>\n\n\n\n<li>Vi unders\u00f8ker bonustilbudene og prosedyren for \u00e5 kreve bonusene.<\/li>\n\n\n\n<li>Vi kontakter kundesupporten med noen sp\u00f8rsm\u00e5l om bonusen eller utbetalingene, og legger merke til hvor kunnskapsrike og hjelpsomme supportpersonalet var, og hvor lang tid det tok dem \u00e5 svare.<\/li>\n\n\n\n<li>Vi foretar et innskudd med en av betalingsmetodene og noterer betalingshastigheten og -enkelheten.<\/li>\n\n\n\n<li>Vi krever bonusen og noterer hvordan prosessen gikk.<\/li>\n\n\n\n<li>Vi navigerer p\u00e5 nettstedet p\u00e5 stasjon\u00e6re og mobile enheter for \u00e5 teste responsiviteten og brukervennligheten for b\u00e5de stasjon\u00e6re PC-er og mobilbrukere.<\/li>\n\n\n\n<li>Vi unders\u00f8ker spillene som tilbys av casinoet og teller leverand\u00f8rene og spillene, og noterer hvilke som er der, og hvilke som burde v\u00e6re der, men som ikke er der.<\/li>\n\n\n\n<li>Vi spiller 10\u201320 forskjellige spill fra ulike deler av casinoet som er representative for casinotilbudet som helhet. Vi bruker tredjepartsverkt\u00f8y og v\u00e5r egen spilleerfaring for \u00e5 avgj\u00f8re om spillene betaler godt eller ikke. Vi spiller for ekte penger.<\/li>\n\n\n\n<li>Vi oppfyller omsetningskravene for bonusen, hvis mulig, og vi snakker om prosessen.<\/li>\n\n\n\n<li>Vi gjennomf\u00f8rer kundeverifiseringen og noterer hvordan prosessen gikk, hvor lang tid den tok og hvilke dokumenter casinoet ba om.<\/li>\n\n\n\n<li>Vi foretar et uttak hvis det er penger p\u00e5 kontoen v\u00e5r, og noterer oss hvor raskt og enkelt det var \u00e5 gj\u00f8re prosessen.<\/li>\n\n\n\n<li>Vi foretar en bakgrunnssjekk av selskapet bak casinoet.<\/li>\n\n\n\n<li>Teamet v\u00e5rt leser alle vilk\u00e5rene og betingelsene og noterer seg de som skiller seg ut og som kan v\u00e6re viktige for spilleren.<\/li>\n\n\n\n<li>Vi konsulterer andre finske spillere via forum for \u00e5 l\u00e6re mer om deres opplevelse p\u00e5 casinoet, og ser p\u00e5 eventuelle klager som kan ha oppst\u00e5tt mot casinoet tidligere.<\/li>\n\n\n\n<li>Vi samler all informasjonen fra de 14 trinnene ovenfor for \u00e5 produsere en grundig skriftlig anmeldelse av casinoet. Vi legger viktig informasjon i bokser slik at de er enkle \u00e5 lese.<\/li>\n\n\n\n<li>Anmeldelsen er redigert av to forskjellige ansatte og publiseres p\u00e5 www.kasinobonus.ai sammen med skjermbilder som ble tatt under casinospillfasen.<\/li>\n<\/ol>\n\n\n\n<h2 class=\"wp-block-heading\"><strong>Slik bruker du v\u00e5re ekspertcasinoanmeldelser<\/strong><\/h2>\n\n\n\n<ul class=\"wp-block-list\">\n<li>Les alle.\u00a0<\/li>\n\n\n\n<li>Lytt til hva som blir sagt, og legg merke til spillerens erfaring og kommentarer.<\/li>\n\n\n\n<li>Ta de juridiske sp\u00f8rsm\u00e5lene p\u00e5 alvor, spesielt n\u00e5r det gjelder bonuser, kontoverifisering og utbetalinger.\u00a0<\/li>\n\n\n\n<li>Anvend anmeldelsen p\u00e5 dine egne personlige preferanser n\u00e5r det gjelder spill og betalingsmetoder.\u00a0<\/li>\n\n\n\n<li>Sjekk fordelene og ulempene ved casinoet, og se hva som er viktigst for deg personlig.<\/li>\n<\/ul>\n","protected":false},"excerpt":{"rendered":"<p>Hvordan vi anmelder nettkasinoer Redaksjonen hos KasinoBonusAI, ledet av eier, sjefredakt\u00f8r og den finske spilllegenden Matti Slotte, er opptatt av \u00e5 gi n\u00f8yaktige vurderinger av nettcasinoer til finske spillere. Prosessen forklares her. Upartiske anmeldelser Journalistisk integritet er viktig for en skribent, og det blir mye viktigere n\u00e5r man anmelder et produkt. Hvis du noen gang [&hellip;]<\/p>\n","protected":false},"author":1,"featured_media":0,"parent":0,"menu_order":0,"comment_status":"closed","ping_status":"closed","template":"","meta":{"inline_featured_image":false,"footnotes":""},"class_list":["post-28739","page","type-page","status-publish","hentry"],"yoast_head":"<!-- This site is optimized with the Yoast SEO plugin v24.5 - https:\/\/yoast.com\/wordpress\/plugins\/seo\/ -->\n<title>Hvordan vi anmelder nettkasinoer - www.kasinobonus.ai<\/title>\n<meta name=\"description\" content=\"L\u00e6r hvordan vi vurderer nettcasinoer \u2013 v\u00e5re kriterier, gjennomgangsprosess og hvorfor du kan stole p\u00e5 v\u00e5re \u00e6rlige og uavhengige vurderinger.\" \/>\n<meta name=\"robots\" content=\"index, follow, max-snippet:-1, max-image-preview:large, max-video-preview:-1\" \/>\n<link rel=\"canonical\" href=\"https:\/\/www.kasinobonus.ai\/no\/how-we-review\/\" \/>\n<script type=\"application\/ld+json\" class=\"yoast-schema-graph\">{\"@context\":\"https:\/\/schema.org\",\"@graph\":[{\"@type\":\"WebPage\",\"@id\":\"https:\/\/www.kasinobonus.ai\/no\/how-we-review\/\",\"url\":\"https:\/\/www.kasinobonus.ai\/no\/how-we-review\/\",\"name\":\"Hvordan vi anmelder nettkasinoer - www.kasinobonus.ai\",\"isPartOf\":{\"@id\":\"https:\/\/www.kasinobonus.ai\/no\/#website\"},\"datePublished\":\"2024-11-25T08:41:09+00:00\",\"dateModified\":\"2025-06-15T09:53:47+00:00\",\"description\":\"L\u00e6r hvordan vi vurderer nettcasinoer \u2013 v\u00e5re kriterier, gjennomgangsprosess og hvorfor du kan stole p\u00e5 v\u00e5re \u00e6rlige og uavhengige vurderinger.\",\"breadcrumb\":{\"@id\":\"https:\/\/www.kasinobonus.ai\/no\/how-we-review\/#breadcrumb\"},\"inLanguage\":\"no-NO\",\"potentialAction\":[{\"@type\":\"ReadAction\",\"target\":[\"https:\/\/www.kasinobonus.ai\/no\/how-we-review\/\"]}]},{\"@type\":\"BreadcrumbList\",\"@id\":\"https:\/\/www.kasinobonus.ai\/no\/how-we-review\/#breadcrumb\",\"itemListElement\":[{\"@type\":\"ListItem\",\"position\":1,\"name\":\"Home\",\"item\":\"https:\/\/kasinobonus.ai\/no\/\"},{\"@type\":\"ListItem\",\"position\":2,\"name\":\"Hvordan vi anmelder nettkasinoer\"}]},{\"@type\":\"WebSite\",\"@id\":\"https:\/\/www.kasinobonus.ai\/no\/#website\",\"url\":\"https:\/\/www.kasinobonus.ai\/no\/\",\"name\":\"www.kasinobonus.ai\",\"description\":\"\",\"publisher\":{\"@id\":\"https:\/\/www.kasinobonus.ai\/no\/#organization\"},\"potentialAction\":[{\"@type\":\"SearchAction\",\"target\":{\"@type\":\"EntryPoint\",\"urlTemplate\":\"https:\/\/www.kasinobonus.ai\/no\/?s={search_term_string}\"},\"query-input\":{\"@type\":\"PropertyValueSpecification\",\"valueRequired\":true,\"valueName\":\"search_term_string\"}}],\"inLanguage\":\"no-NO\"},{\"@type\":\"Organization\",\"@id\":\"https:\/\/www.kasinobonus.ai\/no\/#organization\",\"name\":\"KasinoBonus\",\"alternateName\":\"KasinoBonusAI\",\"url\":\"https:\/\/www.kasinobonus.ai\/no\/\",\"logo\":{\"@type\":\"ImageObject\",\"inLanguage\":\"no-NO\",\"@id\":\"https:\/\/www.kasinobonus.ai\/no\/#\/schema\/logo\/image\/\",\"url\":\"https:\/\/www.kasinobonus.ai\/wp-content\/uploads\/2023\/09\/kasinobonus-logo-light.png\",\"contentUrl\":\"https:\/\/www.kasinobonus.ai\/wp-content\/uploads\/2023\/09\/kasinobonus-logo-light.png\",\"width\":3200,\"height\":596,\"caption\":\"KasinoBonus\"},\"image\":{\"@id\":\"https:\/\/www.kasinobonus.ai\/no\/#\/schema\/logo\/image\/\"},\"sameAs\":[\"https:\/\/www.facebook.com\/kasinobonusio\/\",\"https:\/\/x.com\/Kasinobonus_io\",\"https:\/\/www.linkedin.com\/in\/matti-slotte-26612033b\",\"http:\/\/kasinobonus.wikidot.com\/system:welcome\",\"https:\/\/www.trustpilot.com\/review\/www.kasinobonus.ai\",\"https:\/\/orcid.org\/0009-0007-2889-1713\",\"https:\/\/en.everybodywiki.com\/Matti_Slotte\",\"https:\/\/www.immuniweb.com\/ssl\/kasinobonus.ai\/M4lqCqYY\/\"]}]}<\/script>\n<!-- \/ Yoast SEO plugin. -->","yoast_head_json":{"title":"Hvordan vi anmelder nettkasinoer - www.kasinobonus.ai","description":"L\u00e6r hvordan vi vurderer nettcasinoer \u2013 v\u00e5re kriterier, gjennomgangsprosess og hvorfor du kan stole p\u00e5 v\u00e5re \u00e6rlige og uavhengige vurderinger.","robots":{"index":"index","follow":"follow","max-snippet":"max-snippet:-1","max-image-preview":"max-image-preview:large","max-video-preview":"max-video-preview:-1"},"canonical":"https:\/\/www.kasinobonus.ai\/no\/how-we-review\/","schema":{"@context":"https:\/\/schema.org","@graph":[{"@type":"WebPage","@id":"https:\/\/www.kasinobonus.ai\/no\/how-we-review\/","url":"https:\/\/www.kasinobonus.ai\/no\/how-we-review\/","name":"Hvordan vi anmelder nettkasinoer - www.kasinobonus.ai","isPartOf":{"@id":"https:\/\/www.kasinobonus.ai\/no\/#website"},"datePublished":"2024-11-25T08:41:09+00:00","dateModified":"2025-06-15T09:53:47+00:00","description":"L\u00e6r hvordan vi vurderer nettcasinoer \u2013 v\u00e5re kriterier, gjennomgangsprosess og hvorfor du kan stole p\u00e5 v\u00e5re \u00e6rlige og uavhengige vurderinger.","breadcrumb":{"@id":"https:\/\/www.kasinobonus.ai\/no\/how-we-review\/#breadcrumb"},"inLanguage":"no-NO","potentialAction":[{"@type":"ReadAction","target":["https:\/\/www.kasinobonus.ai\/no\/how-we-review\/"]}]},{"@type":"BreadcrumbList","@id":"https:\/\/www.kasinobonus.ai\/no\/how-we-review\/#breadcrumb","itemListElement":[{"@type":"ListItem","position":1,"name":"Home","item":"https:\/\/kasinobonus.ai\/no\/"},{"@type":"ListItem","position":2,"name":"Hvordan vi anmelder nettkasinoer"}]},{"@type":"WebSite","@id":"https:\/\/www.kasinobonus.ai\/no\/#website","url":"https:\/\/www.kasinobonus.ai\/no\/","name":"www.kasinobonus.ai","description":"","publisher":{"@id":"https:\/\/www.kasinobonus.ai\/no\/#organization"},"potentialAction":[{"@type":"SearchAction","target":{"@type":"EntryPoint","urlTemplate":"https:\/\/www.kasinobonus.ai\/no\/?s={search_term_string}"},"query-input":{"@type":"PropertyValueSpecification","valueRequired":true,"valueName":"search_term_string"}}],"inLanguage":"no-NO"},{"@type":"Organization","@id":"https:\/\/www.kasinobonus.ai\/no\/#organization","name":"KasinoBonus","alternateName":"KasinoBonusAI","url":"https:\/\/www.kasinobonus.ai\/no\/","logo":{"@type":"ImageObject","inLanguage":"no-NO","@id":"https:\/\/www.kasinobonus.ai\/no\/#\/schema\/logo\/image\/","url":"https:\/\/www.kasinobonus.ai\/wp-content\/uploads\/2023\/09\/kasinobonus-logo-light.png","contentUrl":"https:\/\/www.kasinobonus.ai\/wp-content\/uploads\/2023\/09\/kasinobonus-logo-light.png","width":3200,"height":596,"caption":"KasinoBonus"},"image":{"@id":"https:\/\/www.kasinobonus.ai\/no\/#\/schema\/logo\/image\/"},"sameAs":["https:\/\/www.facebook.com\/kasinobonusio\/","https:\/\/x.com\/Kasinobonus_io","https:\/\/www.linkedin.com\/in\/matti-slotte-26612033b","http:\/\/kasinobonus.wikidot.com\/system:welcome","https:\/\/www.trustpilot.com\/review\/www.kasinobonus.ai","https:\/\/orcid.org\/0009-0007-2889-1713","https:\/\/en.everybodywiki.com\/Matti_Slotte","https:\/\/www.immuniweb.com\/ssl\/kasinobonus.ai\/M4lqCqYY\/"]}]}},"_links":{"self":[{"href":"https:\/\/www.kasinobonus.ai\/no\/wp-json\/wp\/v2\/pages\/28739","targetHints":{"allow":["GET"]}}],"collection":[{"href":"https:\/\/www.kasinobonus.ai\/no\/wp-json\/wp\/v2\/pages"}],"about":[{"href":"https:\/\/www.kasinobonus.ai\/no\/wp-json\/wp\/v2\/types\/page"}],"author":[{"embeddable":true,"href":"https:\/\/www.kasinobonus.ai\/no\/wp-json\/wp\/v2\/users\/1"}],"replies":[{"embeddable":true,"href":"https:\/\/www.kasinobonus.ai\/no\/wp-json\/wp\/v2\/comments?post=28739"}],"version-history":[{"count":2,"href":"https:\/\/www.kasinobonus.ai\/no\/wp-json\/wp\/v2\/pages\/28739\/revisions"}],"predecessor-version":[{"id":28742,"href":"https:\/\/www.kasinobonus.ai\/no\/wp-json\/wp\/v2\/pages\/28739\/revisions\/28742"}],"wp:attachment":[{"href":"https:\/\/www.kasinobonus.ai\/no\/wp-json\/wp\/v2\/media?parent=28739"}],"curies":[{"name":"wp","href":"https:\/\/api.w.org\/{rel}","templated":true}]}}