{"id":28735,"date":"2024-11-25T08:44:42","date_gmt":"2024-11-25T08:44:42","guid":{"rendered":"https:\/\/kasinobonus.ai\/privacy-policy\/"},"modified":"2025-07-27T07:32:56","modified_gmt":"2025-07-27T07:32:56","slug":"privacy-policy","status":"publish","type":"page","link":"https:\/\/www.kasinobonus.ai\/no\/privacy-policy\/","title":{"rendered":"Personvern"},"content":{"rendered":"\n<h1 class=\"wp-block-heading\"><strong>Personvern<\/strong><\/h1>\n\n\n\n<h2 class=\"wp-block-heading\"><strong>1. V\u00e5rt personvern<\/strong><\/h2>\n\n\n\n<p>1.1 Vi respekterer personvernet til alle v\u00e5re kunder som bruker nettstedet KasinoBonus. Vi er forpliktet overfor alle brukere til \u00e5 beskytte den personlige informasjonen de oppgir under registrerings- og transaksjonsprosessene p\u00e5 nett.<\/p>\n\n\n\n<p>1.2 Ved \u00e5 g\u00e5 inn p\u00e5 og bruke nettstedet, anses du \u00e5 godta denne personvernerkl\u00e6ringen.<\/p>\n\n\n\n<p>1.3 Denne personvernerkl\u00e6ringen er basert p\u00e5 prinsippene for informasjonsbeskyttelse i personvernloven fra 1993.<\/p>\n\n\n\n<h2 class=\"wp-block-heading\"><strong>2. Variasjon<\/strong><\/h2>\n\n\n\n<p>2.1 Vi forbeholder oss retten til \u00e5 endre denne personvernerkl\u00e6ringen n\u00e5r som helst. Eventuelle endringer trer i kraft kort tid etter at den nye personvernerkl\u00e6ringen er publisert p\u00e5 nettstedet. Personvernerkl\u00e6ringen ble sist oppdatert 22. november 2024. Ved \u00e5 fortsette \u00e5 bruke dette nettstedet, godtar du \u00e5 v\u00e6re underlagt den oppdaterte personvernerkl\u00e6ringen.<\/p>\n\n\n\n<h2 class=\"wp-block-heading\"><strong>3. Hvordan informasjon samles inn av oss<\/strong><\/h2>\n\n\n\n<p>3.1 Vi samler inn personopplysninger fra deg p\u00e5 f\u00f8lgende m\u00e5ter:<\/p>\n\n\n\n<p>(a) N\u00e5r du registrerer deg som KasinoBonusai-medlem for \u00e5 opprette en KasinoBonusai-konto og oppgir personopplysninger for \u00e5 fullf\u00f8re registreringsprosessen;<\/p>\n\n\n\n<p>(b) N\u00e5r du kj\u00f8per billetter via nettstedet og oppgir personopplysninger for \u00e5 fullf\u00f8re netttransaksjonen (inkludert kj\u00f8p gjort uten en KasinoBonusai-konto);<\/p>\n\n\n\n<p>(c) N\u00e5r du kj\u00f8per billetter gjennom et utsalgssted, for eksempel en universitetsforening eller platebutikk, og oppgir personopplysninger for \u00e5 fullf\u00f8re transaksjonen; og<\/p>\n\n\n\n<p>(d) N\u00e5r du bes\u00f8ker nettstedet, samler vi inn informasjon om bruk av nettstedet, for eksempel IP-adressen din og nettlesertypen din. Vi samler ogs\u00e5 inn og lagrer slik informasjon ved hjelp av informasjonskapsler (se punkt 8 nedenfor).<\/p>\n\n\n\n<h2 class=\"wp-block-heading\"><strong>4. Bruk av informasjon samlet inn av oss<\/strong><\/h2>\n\n\n\n<p>4.1 Vi samler inn personopplysninger (som navn, adresse, telefonnummer og e-postadresse):<\/p>\n\n\n\n<p>(a) for \u00e5 sikre at billettene du kj\u00f8per blir levert til deg;<\/p>\n\n\n\n<p>(b) for \u00e5 kontakte deg der vi anser det som n\u00f8dvendig i forbindelse med kj\u00f8pet ditt, inkludert \u00e5 informere deg om eventuelle endringer\/kanselleringer som kan forekomme og de vi har blitt gjort oppmerksomme p\u00e5; og<\/p>\n\n\n\n<p>(c) for \u00e5 gi deg ytterligere informasjon om nettstedet og andre nettsteder eller tjenester som tilbys av oss eller tredjeparter, som vi anser kan v\u00e6re av interesse for deg.<\/p>\n\n\n\n<p>Personlig \u00f8konomisk informasjon, som kredittkortopplysninger, samles inn for kredittkorttransaksjoner for identitetsverifisering og faktureringsform\u00e5l<\/p>\n\n\n\n<p>4.2 Bruk av nettstedet og personopplysninger kan brukes til \u00e5 forbedre forretningsprosessene v\u00e5re, inkludert sikkerhet, hastighet og informasjonssystemer. Vi kan ogs\u00e5 bruke informasjonen din til \u00e5 utf\u00f8re intern forskning p\u00e5 demografi, interesser og atferd for \u00e5 bedre kunne betjene deg og andre brukere.<\/p>\n\n\n\n<p>4.3 Med forbehold om punkt 4.4, vil vi ikke utlevere dine personopplysninger til presentat\u00f8rer av arrangementer med mindre du registrerer deg som Dash-medlem.<\/p>\n\n\n\n<p>4.4 Vi kan overf\u00f8re dine personopplysninger til:<\/p>\n\n\n\n<p>(a) (b) Programledere for arrangementer du har kj\u00f8pt billetter til, vil holde deg informert om fremtidige arrangementer som arrangeres av disse programlederne. (b) en tredjepart vil gi spesialtilbud i forbindelse med fordelene v\u00e5re (som Dash-bel\u00f8nningspoeng). Vi vil sende spesialtilbud, som kan v\u00e6re samarbeidsmerket med en tredjepart. Du kan n\u00e5r som helst velge \u00e5 ikke motta spesialtilbudene v\u00e5re ved \u00e5 logge p\u00e5 Dash-kontoen din og endre din personlige informasjon.<\/p>\n\n\n\n<p>4.5 Vi kan n\u00e5r som helst bruke informasjonen som samles inn fra nettstedet til \u00e5 produsere rapporter og oppsummere forskningsdata som kan deles med en tredjepart. Disse dataene vil ikke identifisere noen enkeltpersoner personlig.<\/p>\n\n\n\n<p>4.6 Vi kan n\u00e5r som helst utlevere all informasjon vi samler inn fra deg der vi mener at utlevering er passende for \u00e5 overholde loven, for \u00e5 beskytte rettighetene, eiendommen eller sikkerheten til oss, v\u00e5re brukere eller andre, eller for \u00e5 oppfylle juridiske prosesser eller foresp\u00f8rsler fra myndighetene.<\/p>\n\n\n\n<p>4.7 Vi vil ikke bruke eller utlevere din personlige informasjon p\u00e5 noen m\u00e5te, annet enn i samsvar med denne personvernerkl\u00e6ringen eller personvernloven av 1993.<\/p>\n\n\n\n<h2 class=\"wp-block-heading\"><strong>5. Sikkerhet for innsamlet informasjon<\/strong><\/h2>\n\n\n\n<p>5.1 Vi vil gj\u00f8re v\u00e5rt ytterste for \u00e5 holde informasjonen vi samler inn om deg sikker. Vi oppbevarer din personlige informasjon i en kryptert, sikker database i et propriet\u00e6rt dataformat som kun kan n\u00e5s via propriet\u00e6re metoder. Equifax Secure Inc. har bekreftet nettstedets h\u00f8ykvalitets 256-bit kryptering.<\/p>\n\n\n\n<p>5.2 Alle v\u00e5re ansatte som har tilgang til personlig informasjon, vil holde slik informasjon strengt konfidensiell til enhver tid..<\/p>\n\n\n\n<h2 class=\"wp-block-heading\"><strong>6. Innhold lagt ut p\u00e5 meldingsforum eller arrangementer<\/strong><\/h2>\n\n\n\n<p>6.1 Nettstedet kan tilby kundene alternativer som forum og meldingsforum der de kan kommentere og vurdere arrangementer. All informasjon du oppgir via disse funksjonene er offentlig informasjon, og du b\u00f8r v\u00e6re forsiktig hvis du velger \u00e5 dele personlig informasjon ved hjelp av slike verkt\u00f8y.<\/p>\n\n\n\n<h2 class=\"wp-block-heading\"><strong>7. Din IP-adresse<\/strong><\/h2>\n\n\n\n<p>7.1 Vi bruker IP-adressen din til \u00e5 diagnostisere problemer med serveren v\u00e5r og administrere nettstedet v\u00e5rt. IP-adressen din brukes ogs\u00e5 til \u00e5 identifisere deg og samle inn demografisk informasjon.<\/p>\n\n\n\n<h2 class=\"wp-block-heading\"><strong>8. Bruk av spesifikke teknologier<\/strong><\/h2>\n\n\n\n<p>8.1 Informasjonskapsler er sm\u00e5 biter av informasjon som et nettsted lagrer p\u00e5 datamaskinens harddisk for journalf\u00f8ring. De fleste nettlesere er konfigurert til \u00e5 tillate informasjonskapsler. Vi bruker informasjonskapsler for \u00e5 tilby innhold basert p\u00e5 dine preferanser, for \u00e5 lagre passordet ditt slik at du ikke trenger \u00e5 oppgi det hver gang du bes\u00f8ker nettstedet, og for andre form\u00e5l knyttet til nettstedstransaksjonene dine. Vi bruker ogs\u00e5 informasjonskapsler for \u00e5 spore nettstedsstatistikk, noe som lar oss bedre forst\u00e5 brukerne v\u00e5re og forbedre nettstedets ytelse og stil. Hvis du ikke \u00f8nsker \u00e5 motta informasjonskapsler, kan du angi at nettleseren din skal be om eller avvise dem. V\u00e6r oppmerksom p\u00e5 at avvisning av informasjonskapsler vil deaktivere nettleseren din fra \u00e5 kj\u00f8pe billetter fra nettstedet.<\/p>\n\n\n\n<h2 class=\"wp-block-heading\"><strong>9. Tilgang og korrigering<\/strong><\/h2>\n\n\n\n<p>9.1 I henhold til personvernloven av 1993 har du rett til \u00e5 s\u00f8ke tilgang til informasjon vi har om deg, og til \u00e5 korrigere informasjonen hvis den er feil. KasinoBonusai-medlemmer kan f\u00e5 tilgang til og redigere informasjonen sin p\u00e5 nettet via sin KasinoBonusai-konto. Ellers kan du f\u00e5 tilgang til eller endre informasjon vi har samlet inn om deg ved \u00e5 sende inn en skriftlig foresp\u00f8rsel til oss:<\/p>\n\n\n\n<p>(a) Send e-post til privacy(@)www.kasinobonus.ai<\/p>\n\n\n\n<p>(b) Brev til Norra Larsmov\u00e4gen 78, 70400 Kuopio, Finland.<\/p>\n\n\n\n<h2 class=\"wp-block-heading\"><strong>10. Tredjepartsannonser<\/strong><\/h2>\n\n\n\n<p>10.1 Vi har forbindelser med tredjeparter som vi gir mulighet til \u00e5 legge ut annonser p\u00e5 nettstedet for \u00e5 gi deg relevante tilbud. Ved \u00e5 bruke nettstedet kan annonseserverselskaper samle inn informasjon om deg, for eksempel domenetype, IP-adresse og Clickstream-data.<\/p>\n\n\n\n<h2 class=\"wp-block-heading\"><strong>11. Lenker til andre nettsider<\/strong><\/h2>\n\n\n\n<p>11.1 Vi inkluderer lenker til tredjepartsnettsteder for din bekvemmelighet og informasjon. Disse lenkede nettstedene er ikke under v\u00e5r kontroll, og vi er ikke ansvarlige for deres personvernregler eller innhold. F\u00f8r du eksponerer din personlige informasjon p\u00e5 andre nettsteder, anbefaler vi at du studerer personvernreglene til slike nettsteder.<\/p>\n\n\n\n<h2 class=\"wp-block-heading\"><strong>12. Sikre netttransaksjoner<\/strong><\/h2>\n\n\n\n<p>12.1 Vi bruker et PCI-akkreditert sikkerhetssystem for nettbetalinger for \u00e5 behandle kredittkortinformasjonen din sikkert n\u00e5r du foretar et kj\u00f8p via nettstedet v\u00e5rt. I tillegg til SSL-kryptering p\u00e5 nettstedet og en sikker nettleser hos deg, streber vi etter \u00e5 ta alle forholdsregler for \u00e5 beskytte kredittkortet ditt og anonymiteten din n\u00e5r du kj\u00f8per fra oss p\u00e5 nett.<\/p>\n\n\n\n<h2 class=\"wp-block-heading\"><strong>13. Vilk\u00e5r og betingelser<\/strong><\/h2>\n\n\n\n<p>13.1 \u00abProgramleder\u00bb refererer til den som presenterer arrangementet, som kan inkludere, men ikke er begrenset til, en arrang\u00f8r, produsent, team, band eller spillested.<\/p>\n\n\n\n<p>13.2 \u00abBrukere\u00bb refererer til brukere av nettstedet.<\/p>\n\n\n\n<p>13.2 \u00abNettsted\u00bb betyr og inkluderer www.www.kasinobonus.ai og enhver side som er avledet fra dette nettstedet og enhver side som eies av KasinoBonusai LLC, firma-ID 89888331225<\/p>\n","protected":false},"excerpt":{"rendered":"<p>Personvern 1. V\u00e5rt personvern 1.1 Vi respekterer personvernet til alle v\u00e5re kunder som bruker nettstedet KasinoBonus. Vi er forpliktet overfor alle brukere til \u00e5 beskytte den personlige informasjonen de oppgir under registrerings- og transaksjonsprosessene p\u00e5 nett. 1.2 Ved \u00e5 g\u00e5 inn p\u00e5 og bruke nettstedet, anses du \u00e5 godta denne personvernerkl\u00e6ringen. 1.3 Denne personvernerkl\u00e6ringen er [&hellip;]<\/p>\n","protected":false},"author":1,"featured_media":0,"parent":0,"menu_order":0,"comment_status":"closed","ping_status":"closed","template":"","meta":{"inline_featured_image":false,"footnotes":""},"class_list":["post-28735","page","type-page","status-publish","hentry"],"yoast_head":"<!-- This site is optimized with the Yoast SEO plugin v24.5 - https:\/\/yoast.com\/wordpress\/plugins\/seo\/ -->\n<title>Personvern - www.kasinobonus.ai<\/title>\n<meta name=\"description\" content=\"Les v\u00e5r personvernerkl\u00e6ring for \u00e5 forst\u00e5 hvordan vi samler inn, bruker og beskytter dine personopplysninger i samsvar med GDPR.\" \/>\n<meta name=\"robots\" content=\"index, follow, max-snippet:-1, max-image-preview:large, max-video-preview:-1\" \/>\n<link rel=\"canonical\" href=\"https:\/\/www.kasinobonus.ai\/no\/privacy-policy\/\" \/>\n<script type=\"application\/ld+json\" class=\"yoast-schema-graph\">{\"@context\":\"https:\/\/schema.org\",\"@graph\":[{\"@type\":\"WebPage\",\"@id\":\"https:\/\/www.kasinobonus.ai\/no\/privacy-policy\/\",\"url\":\"https:\/\/www.kasinobonus.ai\/no\/privacy-policy\/\",\"name\":\"Personvern - www.kasinobonus.ai\",\"isPartOf\":{\"@id\":\"https:\/\/www.kasinobonus.ai\/no\/#website\"},\"datePublished\":\"2024-11-25T08:44:42+00:00\",\"dateModified\":\"2025-07-27T07:32:56+00:00\",\"description\":\"Les v\u00e5r personvernerkl\u00e6ring for \u00e5 forst\u00e5 hvordan vi samler inn, bruker og beskytter dine personopplysninger i samsvar med GDPR.\",\"breadcrumb\":{\"@id\":\"https:\/\/www.kasinobonus.ai\/no\/privacy-policy\/#breadcrumb\"},\"inLanguage\":\"no-NO\",\"potentialAction\":[{\"@type\":\"ReadAction\",\"target\":[\"https:\/\/www.kasinobonus.ai\/no\/privacy-policy\/\"]}]},{\"@type\":\"BreadcrumbList\",\"@id\":\"https:\/\/www.kasinobonus.ai\/no\/privacy-policy\/#breadcrumb\",\"itemListElement\":[{\"@type\":\"ListItem\",\"position\":1,\"name\":\"Home\",\"item\":\"https:\/\/kasinobonus.ai\/no\/\"},{\"@type\":\"ListItem\",\"position\":2,\"name\":\"Personvern\"}]},{\"@type\":\"WebSite\",\"@id\":\"https:\/\/www.kasinobonus.ai\/no\/#website\",\"url\":\"https:\/\/www.kasinobonus.ai\/no\/\",\"name\":\"www.kasinobonus.ai\",\"description\":\"\",\"publisher\":{\"@id\":\"https:\/\/www.kasinobonus.ai\/no\/#organization\"},\"potentialAction\":[{\"@type\":\"SearchAction\",\"target\":{\"@type\":\"EntryPoint\",\"urlTemplate\":\"https:\/\/www.kasinobonus.ai\/no\/?s={search_term_string}\"},\"query-input\":{\"@type\":\"PropertyValueSpecification\",\"valueRequired\":true,\"valueName\":\"search_term_string\"}}],\"inLanguage\":\"no-NO\"},{\"@type\":\"Organization\",\"@id\":\"https:\/\/www.kasinobonus.ai\/no\/#organization\",\"name\":\"KasinoBonus\",\"alternateName\":\"KasinoBonusAI\",\"url\":\"https:\/\/www.kasinobonus.ai\/no\/\",\"logo\":{\"@type\":\"ImageObject\",\"inLanguage\":\"no-NO\",\"@id\":\"https:\/\/www.kasinobonus.ai\/no\/#\/schema\/logo\/image\/\",\"url\":\"https:\/\/www.kasinobonus.ai\/wp-content\/uploads\/2023\/09\/kasinobonus-logo-light.png\",\"contentUrl\":\"https:\/\/www.kasinobonus.ai\/wp-content\/uploads\/2023\/09\/kasinobonus-logo-light.png\",\"width\":3200,\"height\":596,\"caption\":\"KasinoBonus\"},\"image\":{\"@id\":\"https:\/\/www.kasinobonus.ai\/no\/#\/schema\/logo\/image\/\"},\"sameAs\":[\"https:\/\/www.facebook.com\/kasinobonusio\/\",\"https:\/\/x.com\/Kasinobonus_io\",\"https:\/\/www.linkedin.com\/in\/matti-slotte-26612033b\",\"http:\/\/kasinobonus.wikidot.com\/system:welcome\",\"https:\/\/www.trustpilot.com\/review\/www.kasinobonus.ai\",\"https:\/\/orcid.org\/0009-0007-2889-1713\",\"https:\/\/en.everybodywiki.com\/Matti_Slotte\",\"https:\/\/www.immuniweb.com\/ssl\/kasinobonus.ai\/M4lqCqYY\/\"]}]}<\/script>\n<!-- \/ Yoast SEO plugin. -->","yoast_head_json":{"title":"Personvern - www.kasinobonus.ai","description":"Les v\u00e5r personvernerkl\u00e6ring for \u00e5 forst\u00e5 hvordan vi samler inn, bruker og beskytter dine personopplysninger i samsvar med GDPR.","robots":{"index":"index","follow":"follow","max-snippet":"max-snippet:-1","max-image-preview":"max-image-preview:large","max-video-preview":"max-video-preview:-1"},"canonical":"https:\/\/www.kasinobonus.ai\/no\/privacy-policy\/","schema":{"@context":"https:\/\/schema.org","@graph":[{"@type":"WebPage","@id":"https:\/\/www.kasinobonus.ai\/no\/privacy-policy\/","url":"https:\/\/www.kasinobonus.ai\/no\/privacy-policy\/","name":"Personvern - www.kasinobonus.ai","isPartOf":{"@id":"https:\/\/www.kasinobonus.ai\/no\/#website"},"datePublished":"2024-11-25T08:44:42+00:00","dateModified":"2025-07-27T07:32:56+00:00","description":"Les v\u00e5r personvernerkl\u00e6ring for \u00e5 forst\u00e5 hvordan vi samler inn, bruker og beskytter dine personopplysninger i samsvar med GDPR.","breadcrumb":{"@id":"https:\/\/www.kasinobonus.ai\/no\/privacy-policy\/#breadcrumb"},"inLanguage":"no-NO","potentialAction":[{"@type":"ReadAction","target":["https:\/\/www.kasinobonus.ai\/no\/privacy-policy\/"]}]},{"@type":"BreadcrumbList","@id":"https:\/\/www.kasinobonus.ai\/no\/privacy-policy\/#breadcrumb","itemListElement":[{"@type":"ListItem","position":1,"name":"Home","item":"https:\/\/kasinobonus.ai\/no\/"},{"@type":"ListItem","position":2,"name":"Personvern"}]},{"@type":"WebSite","@id":"https:\/\/www.kasinobonus.ai\/no\/#website","url":"https:\/\/www.kasinobonus.ai\/no\/","name":"www.kasinobonus.ai","description":"","publisher":{"@id":"https:\/\/www.kasinobonus.ai\/no\/#organization"},"potentialAction":[{"@type":"SearchAction","target":{"@type":"EntryPoint","urlTemplate":"https:\/\/www.kasinobonus.ai\/no\/?s={search_term_string}"},"query-input":{"@type":"PropertyValueSpecification","valueRequired":true,"valueName":"search_term_string"}}],"inLanguage":"no-NO"},{"@type":"Organization","@id":"https:\/\/www.kasinobonus.ai\/no\/#organization","name":"KasinoBonus","alternateName":"KasinoBonusAI","url":"https:\/\/www.kasinobonus.ai\/no\/","logo":{"@type":"ImageObject","inLanguage":"no-NO","@id":"https:\/\/www.kasinobonus.ai\/no\/#\/schema\/logo\/image\/","url":"https:\/\/www.kasinobonus.ai\/wp-content\/uploads\/2023\/09\/kasinobonus-logo-light.png","contentUrl":"https:\/\/www.kasinobonus.ai\/wp-content\/uploads\/2023\/09\/kasinobonus-logo-light.png","width":3200,"height":596,"caption":"KasinoBonus"},"image":{"@id":"https:\/\/www.kasinobonus.ai\/no\/#\/schema\/logo\/image\/"},"sameAs":["https:\/\/www.facebook.com\/kasinobonusio\/","https:\/\/x.com\/Kasinobonus_io","https:\/\/www.linkedin.com\/in\/matti-slotte-26612033b","http:\/\/kasinobonus.wikidot.com\/system:welcome","https:\/\/www.trustpilot.com\/review\/www.kasinobonus.ai","https:\/\/orcid.org\/0009-0007-2889-1713","https:\/\/en.everybodywiki.com\/Matti_Slotte","https:\/\/www.immuniweb.com\/ssl\/kasinobonus.ai\/M4lqCqYY\/"]}]}},"_links":{"self":[{"href":"https:\/\/www.kasinobonus.ai\/no\/wp-json\/wp\/v2\/pages\/28735","targetHints":{"allow":["GET"]}}],"collection":[{"href":"https:\/\/www.kasinobonus.ai\/no\/wp-json\/wp\/v2\/pages"}],"about":[{"href":"https:\/\/www.kasinobonus.ai\/no\/wp-json\/wp\/v2\/types\/page"}],"author":[{"embeddable":true,"href":"https:\/\/www.kasinobonus.ai\/no\/wp-json\/wp\/v2\/users\/1"}],"replies":[{"embeddable":true,"href":"https:\/\/www.kasinobonus.ai\/no\/wp-json\/wp\/v2\/comments?post=28735"}],"version-history":[{"count":4,"href":"https:\/\/www.kasinobonus.ai\/no\/wp-json\/wp\/v2\/pages\/28735\/revisions"}],"predecessor-version":[{"id":34522,"href":"https:\/\/www.kasinobonus.ai\/no\/wp-json\/wp\/v2\/pages\/28735\/revisions\/34522"}],"wp:attachment":[{"href":"https:\/\/www.kasinobonus.ai\/no\/wp-json\/wp\/v2\/media?parent=28735"}],"curies":[{"name":"wp","href":"https:\/\/api.w.org\/{rel}","templated":true}]}}