{"id":28732,"date":"2024-11-25T08:46:00","date_gmt":"2024-11-25T08:46:00","guid":{"rendered":"https:\/\/kasinobonus.ai\/terms-of-sale\/"},"modified":"2025-06-15T10:38:09","modified_gmt":"2025-06-15T10:38:09","slug":"terms-of-sale","status":"publish","type":"page","link":"https:\/\/www.kasinobonus.ai\/no\/terms-of-sale\/","title":{"rendered":"Salgsvilk\u00e5r"},"content":{"rendered":"\n<h1 class=\"wp-block-heading\"><strong>Salgsvilk\u00e5r<\/strong><\/h1>\n\n\n\n<h2 class=\"wp-block-heading\"><strong>1. Salgsvilk\u00e5r<\/strong><\/h2>\n\n\n\n<p>1.1 Disse salgsbetingelsene angir vilk\u00e5rene og betingelsene som gjelder for alle kj\u00f8p fra nettstedet. Hvis du kj\u00f8per noe fra nettstedet, anses du \u00e5 ha akseptert disse salgsbetingelsene og samtykket i \u00e5 v\u00e6re bundet av dem.<\/p>\n\n\n\n<p>1.2 Vi har rett til \u00e5 endre disse salgsbetingelsene n\u00e5r som helst. Eventuelle endringer vil tre i kraft snart n\u00e5r de nye salgsbetingelsene er lagt ut p\u00e5 nettstedet. Salgsbetingelsene ble sist oppdatert 22. november 2024. N\u00e5r du kj\u00f8per varer fra nettstedet etter denne datoen, samtykker du i \u00e5 v\u00e6re bundet av de oppdaterte salgsbetingelsene.<\/p>\n\n\n\n<h2 class=\"wp-block-heading\"><strong>2. KasinoBonusAI as Agent<\/strong><\/h2>\n\n\n\n<p>2.1 Vi opptrer som agent for og p\u00e5 vegne av operat\u00f8ren du foretar kj\u00f8p fra. Eventuelle p\u00e5stander fra operat\u00f8ren i forbindelse med arrangementet, samt eventuelle tilh\u00f8rende krav eller klager, er operat\u00f8rens ansvar, ikke v\u00e5rt.<\/p>\n\n\n\n<p>2.2 Kj\u00f8p er underlagt operat\u00f8rens salgsbetingelser. Det er din plikt \u00e5 s\u00f8rge for at du forst\u00e5r operat\u00f8rens vilk\u00e5r. Vi kan gi deg en kopi av operat\u00f8rens vilk\u00e5r p\u00e5 foresp\u00f8rsel.<\/p>\n\n\n\n<p>2.3 Hvis det er noen konflikt mellom disse salgsbetingelsene og operat\u00f8rens vilk\u00e5r og betingelser, eller disse salgsbetingelsene ikke nevner noe om et sp\u00f8rsm\u00e5l, skal operat\u00f8rens vilk\u00e5r og betingelser ha forrang i den grad det foreligger denne inkonsekvensen\/tausheten.<\/p>\n\n\n\n<h2 class=\"wp-block-heading\"><strong>3. Bestillingsbekreftelse<\/strong><\/h2>\n\n\n\n<p>3.1 N\u00e5r du foretar et kj\u00f8p p\u00e5 nett, vil du motta en bekreftelses-e-post. Denne lar deg f\u00e5 tilgang til billettene dine og skrive dem ut. Hvis du ikke mottar denne e-posten, er det ditt ansvar \u00e5 varsle oss. Hvis du ikke gir oss beskjed om at du ikke har mottatt bekreftelse, kan vi ikke garantere at transaksjonen din var vellykket. Dette kan f\u00f8re til at du ikke kan kj\u00f8pe billetter hvis arrangementet er utsolgt.<\/p>\n\n\n\n<h2 class=\"wp-block-heading\"><strong>4. Refusjon og bytte<\/strong><\/h2>\n\n\n\n<p>4.1 Med mindre det er godkjent av operat\u00f8ren eller p\u00e5krevd ved lov, tilbyr vi ikke refusjon eller bytte av kj\u00f8pte billetter. S\u00f8rg derfor for at du n\u00f8ye gjennomg\u00e5r arrangementet og setevalget ditt f\u00f8r du behandler kj\u00f8pet.<\/p>\n\n\n\n<h2 class=\"wp-block-heading\"><strong>5. Ansvarsbegrensning<\/strong><\/h2>\n\n\n\n<p>5.1 Vi p\u00e5tar oss intet ansvar for tap av noe slag som f\u00f8lge av din deltakelse p\u00e5 et arrangement. Ethvert ansvar som oppst\u00e5r er en sak mellom deg og operat\u00f8ren eller en annen part.<\/p>\n\n\n\n<p>5.2 Ved \u00e5 kj\u00f8pe billetter p\u00e5 vegne av andre, inkludert mindre\u00e5rige, erkjenner du at disse partene er klar over alle vilk\u00e5r og betingelser knyttet til billettene deres og deres adgang og deltakelse p\u00e5 arrangementet.<\/p>\n\n\n\n<p>5.3 I den grad loven tillater det, fraskriver vi oss alt ansvar i forbindelse med arrangementet, og vi vil ikke v\u00e6re ansvarlige for tap, skade eller materielle skader, uansett \u00e5rsak (inkludert p\u00e5 noen person eller eiendom), inkludert under kontrakt, erstatningsansvar, lov, produktansvar eller annet, enten de er direkte eller indirekte, spesielle, tilfeldige eller f\u00f8lgeskader, som f\u00f8lge av bruk av dette nettstedet, din bruk av eller manglende evne til \u00e5 bruke billettene.<\/p>\n\n\n\n<h2 class=\"wp-block-heading\"><strong>6. Vilk\u00e5r og betingelser<\/strong><\/h2>\n\n\n\n<p>6.1 \u00aboperat\u00f8r\u00bb refererer til den som presenterer arrangementet. Dette kan inkludere, men er ikke begrenset til, en arrang\u00f8r, produsent, team, band eller spillested.<\/p>\n\n\n\n<p>6.2 \u00abvi\/oss\/v\u00e5r\u00bb er alle referanser til KasinoBonusAI LLC, firma-ID 89888331225.<\/p>\n\n\n\n<p>6.3 \u00abnettsted\u00bb betyr og inkluderer www.kasinobonus.today og enhver side som er avledet fra denne nettsiden og enhver side som eies av KasinoBonusAI LLC, firma-ID 89888331225.<\/p>\n\n\n\n<p>6.4 \u00abdu\/din\u00bb, \u00abbruker\/brukere\u00bb er alle referanser til brukere av nettstedet.<\/p>\n","protected":false},"excerpt":{"rendered":"<p>Salgsvilk\u00e5r 1. Salgsvilk\u00e5r 1.1 Disse salgsbetingelsene angir vilk\u00e5rene og betingelsene som gjelder for alle kj\u00f8p fra nettstedet. Hvis du kj\u00f8per noe fra nettstedet, anses du \u00e5 ha akseptert disse salgsbetingelsene og samtykket i \u00e5 v\u00e6re bundet av dem. 1.2 Vi har rett til \u00e5 endre disse salgsbetingelsene n\u00e5r som helst. Eventuelle endringer vil tre i [&hellip;]<\/p>\n","protected":false},"author":1,"featured_media":0,"parent":0,"menu_order":0,"comment_status":"closed","ping_status":"closed","template":"","meta":{"inline_featured_image":false,"footnotes":""},"class_list":["post-28732","page","type-page","status-publish","hentry"],"yoast_head":"<!-- This site is optimized with the Yoast SEO plugin v24.5 - https:\/\/yoast.com\/wordpress\/plugins\/seo\/ -->\n<title>Salgsvilk\u00e5r - www.kasinobonus.ai<\/title>\n<meta name=\"description\" content=\"Les v\u00e5re salgsbetingelser for \u00e5 forst\u00e5 dine rettigheter og plikter ved bruk av v\u00e5re tjenester. Klare og transparente vilk\u00e5r.\" \/>\n<meta name=\"robots\" content=\"index, follow, max-snippet:-1, max-image-preview:large, max-video-preview:-1\" \/>\n<link rel=\"canonical\" href=\"https:\/\/www.kasinobonus.ai\/no\/terms-of-sale\/\" \/>\n<script type=\"application\/ld+json\" class=\"yoast-schema-graph\">{\"@context\":\"https:\/\/schema.org\",\"@graph\":[{\"@type\":\"WebPage\",\"@id\":\"https:\/\/www.kasinobonus.ai\/no\/terms-of-sale\/\",\"url\":\"https:\/\/www.kasinobonus.ai\/no\/terms-of-sale\/\",\"name\":\"Salgsvilk\u00e5r - www.kasinobonus.ai\",\"isPartOf\":{\"@id\":\"https:\/\/www.kasinobonus.ai\/no\/#website\"},\"datePublished\":\"2024-11-25T08:46:00+00:00\",\"dateModified\":\"2025-06-15T10:38:09+00:00\",\"description\":\"Les v\u00e5re salgsbetingelser for \u00e5 forst\u00e5 dine rettigheter og plikter ved bruk av v\u00e5re tjenester. Klare og transparente vilk\u00e5r.\",\"breadcrumb\":{\"@id\":\"https:\/\/www.kasinobonus.ai\/no\/terms-of-sale\/#breadcrumb\"},\"inLanguage\":\"no-NO\",\"potentialAction\":[{\"@type\":\"ReadAction\",\"target\":[\"https:\/\/www.kasinobonus.ai\/no\/terms-of-sale\/\"]}]},{\"@type\":\"BreadcrumbList\",\"@id\":\"https:\/\/www.kasinobonus.ai\/no\/terms-of-sale\/#breadcrumb\",\"itemListElement\":[{\"@type\":\"ListItem\",\"position\":1,\"name\":\"Home\",\"item\":\"https:\/\/kasinobonus.ai\/no\/\"},{\"@type\":\"ListItem\",\"position\":2,\"name\":\"Salgsvilk\u00e5r\"}]},{\"@type\":\"WebSite\",\"@id\":\"https:\/\/www.kasinobonus.ai\/no\/#website\",\"url\":\"https:\/\/www.kasinobonus.ai\/no\/\",\"name\":\"www.kasinobonus.ai\",\"description\":\"\",\"publisher\":{\"@id\":\"https:\/\/www.kasinobonus.ai\/no\/#organization\"},\"potentialAction\":[{\"@type\":\"SearchAction\",\"target\":{\"@type\":\"EntryPoint\",\"urlTemplate\":\"https:\/\/www.kasinobonus.ai\/no\/?s={search_term_string}\"},\"query-input\":{\"@type\":\"PropertyValueSpecification\",\"valueRequired\":true,\"valueName\":\"search_term_string\"}}],\"inLanguage\":\"no-NO\"},{\"@type\":\"Organization\",\"@id\":\"https:\/\/www.kasinobonus.ai\/no\/#organization\",\"name\":\"KasinoBonus\",\"alternateName\":\"KasinoBonusAI\",\"url\":\"https:\/\/www.kasinobonus.ai\/no\/\",\"logo\":{\"@type\":\"ImageObject\",\"inLanguage\":\"no-NO\",\"@id\":\"https:\/\/www.kasinobonus.ai\/no\/#\/schema\/logo\/image\/\",\"url\":\"https:\/\/www.kasinobonus.ai\/wp-content\/uploads\/2023\/09\/kasinobonus-logo-light.png\",\"contentUrl\":\"https:\/\/www.kasinobonus.ai\/wp-content\/uploads\/2023\/09\/kasinobonus-logo-light.png\",\"width\":3200,\"height\":596,\"caption\":\"KasinoBonus\"},\"image\":{\"@id\":\"https:\/\/www.kasinobonus.ai\/no\/#\/schema\/logo\/image\/\"},\"sameAs\":[\"https:\/\/www.facebook.com\/kasinobonusio\/\",\"https:\/\/x.com\/Kasinobonus_io\",\"https:\/\/www.linkedin.com\/in\/matti-slotte-26612033b\",\"http:\/\/kasinobonus.wikidot.com\/system:welcome\",\"https:\/\/www.trustpilot.com\/review\/www.kasinobonus.ai\",\"https:\/\/orcid.org\/0009-0007-2889-1713\",\"https:\/\/en.everybodywiki.com\/Matti_Slotte\",\"https:\/\/www.immuniweb.com\/ssl\/kasinobonus.ai\/M4lqCqYY\/\"]}]}<\/script>\n<!-- \/ Yoast SEO plugin. -->","yoast_head_json":{"title":"Salgsvilk\u00e5r - www.kasinobonus.ai","description":"Les v\u00e5re salgsbetingelser for \u00e5 forst\u00e5 dine rettigheter og plikter ved bruk av v\u00e5re tjenester. Klare og transparente vilk\u00e5r.","robots":{"index":"index","follow":"follow","max-snippet":"max-snippet:-1","max-image-preview":"max-image-preview:large","max-video-preview":"max-video-preview:-1"},"canonical":"https:\/\/www.kasinobonus.ai\/no\/terms-of-sale\/","schema":{"@context":"https:\/\/schema.org","@graph":[{"@type":"WebPage","@id":"https:\/\/www.kasinobonus.ai\/no\/terms-of-sale\/","url":"https:\/\/www.kasinobonus.ai\/no\/terms-of-sale\/","name":"Salgsvilk\u00e5r - www.kasinobonus.ai","isPartOf":{"@id":"https:\/\/www.kasinobonus.ai\/no\/#website"},"datePublished":"2024-11-25T08:46:00+00:00","dateModified":"2025-06-15T10:38:09+00:00","description":"Les v\u00e5re salgsbetingelser for \u00e5 forst\u00e5 dine rettigheter og plikter ved bruk av v\u00e5re tjenester. Klare og transparente vilk\u00e5r.","breadcrumb":{"@id":"https:\/\/www.kasinobonus.ai\/no\/terms-of-sale\/#breadcrumb"},"inLanguage":"no-NO","potentialAction":[{"@type":"ReadAction","target":["https:\/\/www.kasinobonus.ai\/no\/terms-of-sale\/"]}]},{"@type":"BreadcrumbList","@id":"https:\/\/www.kasinobonus.ai\/no\/terms-of-sale\/#breadcrumb","itemListElement":[{"@type":"ListItem","position":1,"name":"Home","item":"https:\/\/kasinobonus.ai\/no\/"},{"@type":"ListItem","position":2,"name":"Salgsvilk\u00e5r"}]},{"@type":"WebSite","@id":"https:\/\/www.kasinobonus.ai\/no\/#website","url":"https:\/\/www.kasinobonus.ai\/no\/","name":"www.kasinobonus.ai","description":"","publisher":{"@id":"https:\/\/www.kasinobonus.ai\/no\/#organization"},"potentialAction":[{"@type":"SearchAction","target":{"@type":"EntryPoint","urlTemplate":"https:\/\/www.kasinobonus.ai\/no\/?s={search_term_string}"},"query-input":{"@type":"PropertyValueSpecification","valueRequired":true,"valueName":"search_term_string"}}],"inLanguage":"no-NO"},{"@type":"Organization","@id":"https:\/\/www.kasinobonus.ai\/no\/#organization","name":"KasinoBonus","alternateName":"KasinoBonusAI","url":"https:\/\/www.kasinobonus.ai\/no\/","logo":{"@type":"ImageObject","inLanguage":"no-NO","@id":"https:\/\/www.kasinobonus.ai\/no\/#\/schema\/logo\/image\/","url":"https:\/\/www.kasinobonus.ai\/wp-content\/uploads\/2023\/09\/kasinobonus-logo-light.png","contentUrl":"https:\/\/www.kasinobonus.ai\/wp-content\/uploads\/2023\/09\/kasinobonus-logo-light.png","width":3200,"height":596,"caption":"KasinoBonus"},"image":{"@id":"https:\/\/www.kasinobonus.ai\/no\/#\/schema\/logo\/image\/"},"sameAs":["https:\/\/www.facebook.com\/kasinobonusio\/","https:\/\/x.com\/Kasinobonus_io","https:\/\/www.linkedin.com\/in\/matti-slotte-26612033b","http:\/\/kasinobonus.wikidot.com\/system:welcome","https:\/\/www.trustpilot.com\/review\/www.kasinobonus.ai","https:\/\/orcid.org\/0009-0007-2889-1713","https:\/\/en.everybodywiki.com\/Matti_Slotte","https:\/\/www.immuniweb.com\/ssl\/kasinobonus.ai\/M4lqCqYY\/"]}]}},"_links":{"self":[{"href":"https:\/\/www.kasinobonus.ai\/no\/wp-json\/wp\/v2\/pages\/28732","targetHints":{"allow":["GET"]}}],"collection":[{"href":"https:\/\/www.kasinobonus.ai\/no\/wp-json\/wp\/v2\/pages"}],"about":[{"href":"https:\/\/www.kasinobonus.ai\/no\/wp-json\/wp\/v2\/types\/page"}],"author":[{"embeddable":true,"href":"https:\/\/www.kasinobonus.ai\/no\/wp-json\/wp\/v2\/users\/1"}],"replies":[{"embeddable":true,"href":"https:\/\/www.kasinobonus.ai\/no\/wp-json\/wp\/v2\/comments?post=28732"}],"version-history":[{"count":2,"href":"https:\/\/www.kasinobonus.ai\/no\/wp-json\/wp\/v2\/pages\/28732\/revisions"}],"predecessor-version":[{"id":28734,"href":"https:\/\/www.kasinobonus.ai\/no\/wp-json\/wp\/v2\/pages\/28732\/revisions\/28734"}],"wp:attachment":[{"href":"https:\/\/www.kasinobonus.ai\/no\/wp-json\/wp\/v2\/media?parent=28732"}],"curies":[{"name":"wp","href":"https:\/\/api.w.org\/{rel}","templated":true}]}}