{"id":28727,"date":"2024-11-25T08:47:35","date_gmt":"2024-11-25T08:47:35","guid":{"rendered":"https:\/\/kasinobonus.ai\/terms-of-use\/"},"modified":"2025-06-15T10:37:40","modified_gmt":"2025-06-15T10:37:40","slug":"terms-of-use","status":"publish","type":"page","link":"https:\/\/www.kasinobonus.ai\/no\/terms-of-use\/","title":{"rendered":"Bruksvilk\u00e5r"},"content":{"rendered":"\n<h1 class=\"wp-block-heading\"><strong>Bruksvilk\u00e5r<\/strong><\/h1>\n\n\n\n<h2 class=\"wp-block-heading\"><strong>Mottakernes ansvar<\/strong><\/h2>\n\n\n\n<p>KasinoBonusAI LLC ble underlagt konkursbehandling 31. august 2020. Ved \u00e5 bruke nettstedet samtykker du i at bobestyrerne i dette selskapet og eventuelle tilknyttede selskaper (inkludert deres firma, ansatte og r\u00e5dgivere) ikke har noe personlig ansvar overfor deg eller noen annen person (enten i kontrakt, erstatningsansvar, lov, billighetsrett eller p\u00e5 annen m\u00e5te) i forbindelse med bruk eller drift av nettstedet, inkludert kj\u00f8p eller fors\u00f8k p\u00e5 kj\u00f8p av billetter gjennom nettstedet eller p\u00e5 annen m\u00e5te.<\/p>\n\n\n\n<h2 class=\"wp-block-heading\"><strong>1. Bruksvilk\u00e5r<\/strong><\/h2>\n\n\n\n<p>1.1 Disse bruksvilk\u00e5rene er ment \u00e5 fastsette retningslinjer for hvordan dette nettstedet opererer, og for \u00e5 gi deg tillit til den trygge plattformen vi bestreber oss p\u00e5 \u00e5 tilby deg.<\/p>\n\n\n\n<p>1.2 Dette er vilk\u00e5rene vi gir tilgang til nettstedet under. Hvis du g\u00e5r inn p\u00e5 og bruker nettstedet (enten ved \u00e5 bla gjennom det, foreta et kj\u00f8p, bli et KasinoBonusAI-medlem eller p\u00e5 annen m\u00e5te), forst\u00e5s det som at du har akseptert og samtykket i \u00e5 v\u00e6re bundet av disse bruksvilk\u00e5rene.<\/p>\n\n\n\n<p>1.3 Disse vilk\u00e5rene kan endres n\u00e5r som helst. Eventuelle endringer trer i kraft umiddelbart etter at de endrede tjenestevilk\u00e5rene er publisert p\u00e5 nettstedet. Det er din plikt \u00e5 s\u00f8rge for at du er kjent med de nyeste tjenestevilk\u00e5rene. Ved \u00e5 fortsette \u00e5 bruke nettstedet, godtar du \u00e5 v\u00e6re bundet av de oppdaterte vilk\u00e5rene og betingelsene. Bruksvilk\u00e5rene ble sist endret 24. november 2024.<\/p>\n\n\n\n<h2 class=\"wp-block-heading\"><strong>2. Bruk av nettside<\/strong><\/h2>\n\n\n\n<p>2.1 Nettstedet tilbyr informasjon til deg som en tjeneste; nettstedet og informasjonen leveres \u00absom den er\u00bb og \u00absom tilgjengelig\u00bb. Du bruker nettstedet og innholdet p\u00e5 egen risiko.<\/p>\n\n\n\n<p>2.2 Vi gir ingen garanti eller noen form for representasjon med hensyn til nettstedet og informasjonen. Spesielt garanterer eller garanterer vi ikke:<\/p>\n\n\n\n<p>(a) n\u00f8yaktigheten av informasjonen, eller dens egnethet for noe form\u00e5l;<\/p>\n\n\n\n<p>(b) at nettstedet vil v\u00e6re fritt for virus eller andre skadelige egenskaper;<\/p>\n\n\n\n<p>(c) at nettstedet vil v\u00e6re uavbrutt eller tilgjengelig til enhver tid;<\/p>\n\n\n\n<p>(d) at driften av nettstedet vil v\u00e6re feilfri eller at feil vil bli rettet; eller<\/p>\n\n\n\n<p>(f) at enhver fil som lastes ned fra nettstedet eller sendes til deg av nettstedet vil v\u00e6re fri for virus eller forurensning.<\/p>\n\n\n\n<p>2.3 Vi er ikke ansvarlige for negative konsekvenser som f\u00f8lge av din bruk av informasjon publisert p\u00e5 nettstedet. I den grad loven tillater det, fraskriver vi oss enhver plikt og forpliktelse knyttet til slik informasjon.<\/p>\n\n\n\n<p>2.4 Vi forbeholder oss retten til \u00e5 opph\u00f8re driften av, eller endre driftsm\u00e5ten for, hele eller deler av nettstedet n\u00e5r som helst.<\/p>\n\n\n\n<p>2.5 Nettstedet inneholder koblinger til tredjepartsnettsteder, som leder deg bort fra nettstedet. Vi har ingen kontroll over tredjepartsnettsteder og tar ikke ansvar for innholdet de inneholder. Vi er ikke ansvarlige for tap eller skade for\u00e5rsaket av din tilgang til, bruk av eller tillit til innholdet p\u00e5 tredjepartsnettsteder. Ved \u00e5 klikke p\u00e5 noen av disse lenkene, samtykker du i at du gj\u00f8r det p\u00e5 egen risiko. Inkludering av en lenke inneb\u00e6rer ikke v\u00e5r st\u00f8tte, godkjenning, anbefaling eller preferanse av det lenkede nettstedet, og heller ikke noe forhold til personen som driver eller kontrollerer det nettstedet.<\/p>\n\n\n\n<p>2.6 Enhver transaksjon med en annonse som vises p\u00e5 nettstedet, skjer utelukkende mellom deg og annons\u00f8ren eller en tredjepart. Vi er ikke ansvarlige for noen del av slik handel eller markedsf\u00f8ring, eller for handlinger eller unnlatelser fra annons\u00f8ren eller tredjeparten.<\/p>\n\n\n\n<h2 class=\"wp-block-heading\"><strong>3. Uautorisert bruk av nettside<\/strong><\/h2>\n\n\n\n<p>3.1 N\u00e5r du bruker nettstedet, lover du at du ikke vil bruke det til noe form\u00e5l som er ulovlig eller forbudt i henhold til disse tjenestevilk\u00e5rene. Uten \u00e5 begrense det ovennevnte, forplikter du deg til ikke \u00e5:<\/p>\n\n\n\n<p>(a) bruke nettstedet til \u00e5 sende spam, kjedebrev, pyramidespill eller annen u\u00f8nsket kommunikasjon av noe slag;<\/p>\n\n\n\n<p>(b) bruke nettstedet til \u00e5 misbruke, \u00e6rekrenke, true, forf\u00f8lge, trakassere, bryte tilliten til eller p\u00e5 annen m\u00e5te krenke andres juridiske rettigheter;<\/p>\n\n\n\n<p>(c) introdusere virus, ormer, trojanske hester eller andre skadelige eller destruktive elementer p\u00e5 nettstedet;<\/p>\n\n\n\n<p>(d) forstyrre eller forstyrre nettverk som er koblet til nettstedet;<\/p>\n\n\n\n<p>(e) fors\u00f8ke \u00e5 endre, reversere eller reversere sammenstilling av deler av nettstedet;<\/p>\n\n\n\n<p>(f) oppf\u00f8re seg p\u00e5 en m\u00e5te som vil, eller med rimelighet kan forventes, \u00e5 p\u00e5virke nettstedet eller andre brukere av nettstedet negativt; eller<\/p>\n\n\n\n<p>(g) bryte gjeldende lover eller forskrifter.<\/p>\n\n\n\n<p>3.2 Enhver uautorisert bruk av nettstedet (inkludert, men ikke begrenset til, hacking og bruk av roboter, spiders eller andre automatiserte enheter eller prosesser) utgj\u00f8r et brudd p\u00e5 disse tjenestevilk\u00e5rene. Det er ogs\u00e5 et brudd p\u00e5 disse bruksvilk\u00e5rene hvis en person (eller gruppe av personer som handler i fellesskap) ber om mer enn 1000 sider av nettstedet i l\u00f8pet av en 24-timers periode.<\/p>\n\n\n\n<h2 class=\"wp-block-heading\"><strong>4. Immaterielle rettigheter<\/strong><\/h2>\n\n\n\n<p>4.1 Nettstedet inneholder \u00e5ndsverk som vi eier eller lisensierer, og du samtykker i \u00e5 ikke gj\u00f8re krav p\u00e5 eller gj\u00f8re krav p\u00e5 noen interesse i eller til denne \u00e5ndsverket. Immaterielle rettigheter omfatter, men er ikke begrenset til, design, layout, utseende, innhold, programvare og grafikk. Reproduksjon av enhver \u00e5ndsverk er forbudt uten v\u00e5r forh\u00e5ndssamtykke, med unntak av det som er spesifisert i avsnitt 4.2.<\/p>\n\n\n\n<p>4.2 Du kan beholde en kopi av all informasjon eller materiale som er innhentet mens du bes\u00f8ker nettstedet, for personlig referanse, men ikke for kommersielle \u00e5rsaker. Informasjonen eller innholdet, eller deler av det, kan ikke brukes, kopieres, reproduseres, publiseres, distribueres, lagres i et gjenfinningssystem, innlemmes i andre verk eller publikasjoner, redigeres eller overf\u00f8res i noen form eller p\u00e5 noen m\u00e5te uten v\u00e5r skriftlige forh\u00e5ndsgodkjenning.<\/p>\n\n\n\n<h2 class=\"wp-block-heading\"><strong>5. Personvern<\/strong><\/h2>\n\n\n\n<p>5.1 Vi kan samle inn og bruke informasjon om deg p\u00e5 den m\u00e5ten som er angitt i v\u00e5r personvernerkl\u00e6ring. Personvernerkl\u00e6ringen er en del av de generelle bruksvilk\u00e5rene for nettstedet.<\/p>\n\n\n\n<h2 class=\"wp-block-heading\"><strong>6. Ansvarsbegrensning<\/strong><\/h2>\n\n\n\n<p>6.1 I den grad loven tillater det, fraskriver vi oss alt ansvar i forbindelse med nettstedet, og vi vil ikke v\u00e6re ansvarlige for tap, skade eller skade uansett \u00e5rsak (inkludert p\u00e5 noen person eller eiendom), inkludert under kontrakt, erstatningsansvar, lov, produktansvar eller annet, enten de er direkte eller indirekte, spesielle, tilfeldige eller f\u00f8lgeskader, som f\u00f8lge av din bruk av nettstedet, anvendelsen av informasjon som finnes p\u00e5 nettstedet.<\/p>\n\n\n\n<p>6.2Uten begrensning av klausul 7.1, er vi ikke ansvarlige overfor deg for tap som direkte eller indirekte oppst\u00e5r som f\u00f8lge av feil, avbrudd, endringer, suspensjon, avslutning eller bruk av nettstedet.<\/p>\n\n\n\n<h2 class=\"wp-block-heading\"><strong>7. Brudd p\u00e5 bruksvilk\u00e5rene<\/strong><\/h2>\n\n\n\n<p>7.1 Hvis du bryter noen av disse bruksvilk\u00e5rene, kan vi avslutte din tilgang til nettstedet, kansellere ditt KasinoBonusAI-medlemskap, kansellere eventuelle kj\u00f8p gjort via nettstedet uten refusjon eller varsel, eller iverksette andre tiltak som vi mener er passende.<\/p>\n\n\n\n<p>7.2 Du forplikter deg til \u00e5 holde oss og v\u00e5re ledere, styremedlemmer og ansatte skadesl\u00f8se fra og mot alle kostnader, utgifter, tap, handlinger eller ansvar som p\u00e5dras eller p\u00e5dras av slike personer i forbindelse med ditt brudd p\u00e5 disse bruksvilk\u00e5rene p\u00e5 noen m\u00e5te.<\/p>\n\n\n\n<h2 class=\"wp-block-heading\"><strong>8. Medlemskap<\/strong><\/h2>\n\n\n\n<p>8.1 Medlemskap er gratis og er kun tilgjengelig for personer eller parter med kontraktsevne. N\u00e5r du blir medlem av KasinoBonusAI, garanterer du at du har kontraktsevne og at du juridisk kan inng\u00e5 en bindende kontrakt som er h\u00e5ndhevbar mot deg. I Finland krever dette at du er minst 18 \u00e5r gammel.<\/p>\n\n\n\n<p>8.2 N\u00e5r du blir medlem av KasinoBonusAI, gir du oss spesifikk informasjon. Du samtykker i \u00e5 gi oss oppdatert, fullstendig og n\u00f8yaktig informasjon, og \u00e5 oppdatere all informasjon som kan ha endret seg.<\/p>\n\n\n\n<p>8.3 Vi kan bruke informasjonen du har gitt oss til \u00e5 bekrefte n\u00f8yaktigheten av informasjonen (inkludert bruk av informasjonen til \u00e5 kontakte deg).<\/p>\n\n\n\n<p>8.4 Vi forbeholder oss retten til \u00e5 avgj\u00f8re hvem som kan v\u00e6re et KasinoBonusAI-medlem og beholder retten til \u00e5 avslutte ethvert medlemskap uten varsel eller ytterligere forklaring.<\/p>\n\n\n\n<p>8.5 Du samtykker i \u00e5 holde innloggingsinformasjonen din sikker og konfidensiell til enhver tid, og ikke gi den videre til noen andre. Du samtykker i \u00e5 ikke la noen andre bruke medlemskontoen din. Du aksepterer ogs\u00e5 at du er eneansvarlig for alle handlinger som gj\u00f8res med innloggingsinformasjonen eller medlemskontoen din.<\/p>\n\n\n\n<p>8.6 Du lover \u00e5 varsle oss umiddelbart om uautorisert bruk av innloggingsinformasjonen eller medlemskontoen din, samt andre brudd p\u00e5 sikkerheten. Vi vil slutte \u00e5 bruke disse opplysningene og\/eller deaktivere kontoen n\u00e5r vi mottar varselet ditt.<\/p>\n\n\n\n<p>8.7 Du frasier deg ethvert krav mot oss i forbindelse med eller som f\u00f8lge av v\u00e5r bruk av dine innloggingsdata og\/eller medlemskonto, inkludert at vi utleverer informasjon knyttet til ditt medlemskap og\/eller dine forhold til oss.<\/p>\n\n\n\n<h2 class=\"wp-block-heading\"><strong>9. Gjeldende lov<\/strong><\/h2>\n\n\n\n<p>9.1 Disse bruksvilk\u00e5rene skal tolkes og tre i kraft som en kontrakt inng\u00e5tt i Finland og skal reguleres av finsk lov, og du godtar finske domstolers eksklusive jurisdiksjon.<\/p>\n\n\n\n<h2 class=\"wp-block-heading\"><strong>10. Definisjon<\/strong><\/h2>\n\n\n\n<p>10.1 \u201cvi\/oss\/v\u00e5r\u201d er alle referanser til KasinoBonusAI LLC, firma-ID 89888331225.<\/p>\n\n\n\n<p>10.2 \u00abnettsted\u00bb betyr og inkluderer www.kasinobonus.today og enhver side som er avledet fra denne nettsiden og enhver side som eies av KasinoBonusAI LLC, firma-ID 89888331225.<\/p>\n\n\n\n<p>10.3 \u00abdu\/din\u00bb er alle referanser til deg som bruker av nettsiden.<\/p>\n","protected":false},"excerpt":{"rendered":"<p>Bruksvilk\u00e5r Mottakernes ansvar KasinoBonusAI LLC ble underlagt konkursbehandling 31. august 2020. Ved \u00e5 bruke nettstedet samtykker du i at bobestyrerne i dette selskapet og eventuelle tilknyttede selskaper (inkludert deres firma, ansatte og r\u00e5dgivere) ikke har noe personlig ansvar overfor deg eller noen annen person (enten i kontrakt, erstatningsansvar, lov, billighetsrett eller p\u00e5 annen m\u00e5te) i [&hellip;]<\/p>\n","protected":false},"author":1,"featured_media":0,"parent":0,"menu_order":0,"comment_status":"closed","ping_status":"closed","template":"","meta":{"inline_featured_image":false,"footnotes":""},"class_list":["post-28727","page","type-page","status-publish","hentry"],"yoast_head":"<!-- This site is optimized with the Yoast SEO plugin v24.5 - https:\/\/yoast.com\/wordpress\/plugins\/seo\/ -->\n<title>Bruksvilk\u00e5r - www.kasinobonus.ai<\/title>\n<meta name=\"description\" content=\"Les v\u00e5re bruksvilk\u00e5r for \u00e5 forst\u00e5 reglene for bruk av nettstedet v\u00e5rt og tjenestene vi tilbyr. Klart, tydelig og ansvarlig formulert.\" \/>\n<meta name=\"robots\" content=\"index, follow, max-snippet:-1, max-image-preview:large, max-video-preview:-1\" \/>\n<link rel=\"canonical\" href=\"https:\/\/www.kasinobonus.ai\/no\/terms-of-use\/\" \/>\n<script type=\"application\/ld+json\" class=\"yoast-schema-graph\">{\"@context\":\"https:\/\/schema.org\",\"@graph\":[{\"@type\":\"WebPage\",\"@id\":\"https:\/\/www.kasinobonus.ai\/no\/terms-of-use\/\",\"url\":\"https:\/\/www.kasinobonus.ai\/no\/terms-of-use\/\",\"name\":\"Bruksvilk\u00e5r - www.kasinobonus.ai\",\"isPartOf\":{\"@id\":\"https:\/\/www.kasinobonus.ai\/no\/#website\"},\"datePublished\":\"2024-11-25T08:47:35+00:00\",\"dateModified\":\"2025-06-15T10:37:40+00:00\",\"description\":\"Les v\u00e5re bruksvilk\u00e5r for \u00e5 forst\u00e5 reglene for bruk av nettstedet v\u00e5rt og tjenestene vi tilbyr. Klart, tydelig og ansvarlig formulert.\",\"breadcrumb\":{\"@id\":\"https:\/\/www.kasinobonus.ai\/no\/terms-of-use\/#breadcrumb\"},\"inLanguage\":\"no-NO\",\"potentialAction\":[{\"@type\":\"ReadAction\",\"target\":[\"https:\/\/www.kasinobonus.ai\/no\/terms-of-use\/\"]}]},{\"@type\":\"BreadcrumbList\",\"@id\":\"https:\/\/www.kasinobonus.ai\/no\/terms-of-use\/#breadcrumb\",\"itemListElement\":[{\"@type\":\"ListItem\",\"position\":1,\"name\":\"Home\",\"item\":\"https:\/\/kasinobonus.ai\/no\/\"},{\"@type\":\"ListItem\",\"position\":2,\"name\":\"Bruksvilk\u00e5r\"}]},{\"@type\":\"WebSite\",\"@id\":\"https:\/\/www.kasinobonus.ai\/no\/#website\",\"url\":\"https:\/\/www.kasinobonus.ai\/no\/\",\"name\":\"www.kasinobonus.ai\",\"description\":\"\",\"publisher\":{\"@id\":\"https:\/\/www.kasinobonus.ai\/no\/#organization\"},\"potentialAction\":[{\"@type\":\"SearchAction\",\"target\":{\"@type\":\"EntryPoint\",\"urlTemplate\":\"https:\/\/www.kasinobonus.ai\/no\/?s={search_term_string}\"},\"query-input\":{\"@type\":\"PropertyValueSpecification\",\"valueRequired\":true,\"valueName\":\"search_term_string\"}}],\"inLanguage\":\"no-NO\"},{\"@type\":\"Organization\",\"@id\":\"https:\/\/www.kasinobonus.ai\/no\/#organization\",\"name\":\"KasinoBonus\",\"alternateName\":\"KasinoBonusAI\",\"url\":\"https:\/\/www.kasinobonus.ai\/no\/\",\"logo\":{\"@type\":\"ImageObject\",\"inLanguage\":\"no-NO\",\"@id\":\"https:\/\/www.kasinobonus.ai\/no\/#\/schema\/logo\/image\/\",\"url\":\"https:\/\/www.kasinobonus.ai\/wp-content\/uploads\/2023\/09\/kasinobonus-logo-light.png\",\"contentUrl\":\"https:\/\/www.kasinobonus.ai\/wp-content\/uploads\/2023\/09\/kasinobonus-logo-light.png\",\"width\":3200,\"height\":596,\"caption\":\"KasinoBonus\"},\"image\":{\"@id\":\"https:\/\/www.kasinobonus.ai\/no\/#\/schema\/logo\/image\/\"},\"sameAs\":[\"https:\/\/www.facebook.com\/kasinobonusio\/\",\"https:\/\/x.com\/Kasinobonus_io\",\"https:\/\/www.linkedin.com\/in\/matti-slotte-26612033b\",\"http:\/\/kasinobonus.wikidot.com\/system:welcome\",\"https:\/\/www.trustpilot.com\/review\/www.kasinobonus.ai\",\"https:\/\/orcid.org\/0009-0007-2889-1713\",\"https:\/\/en.everybodywiki.com\/Matti_Slotte\",\"https:\/\/www.immuniweb.com\/ssl\/kasinobonus.ai\/M4lqCqYY\/\"]}]}<\/script>\n<!-- \/ Yoast SEO plugin. -->","yoast_head_json":{"title":"Bruksvilk\u00e5r - www.kasinobonus.ai","description":"Les v\u00e5re bruksvilk\u00e5r for \u00e5 forst\u00e5 reglene for bruk av nettstedet v\u00e5rt og tjenestene vi tilbyr. Klart, tydelig og ansvarlig formulert.","robots":{"index":"index","follow":"follow","max-snippet":"max-snippet:-1","max-image-preview":"max-image-preview:large","max-video-preview":"max-video-preview:-1"},"canonical":"https:\/\/www.kasinobonus.ai\/no\/terms-of-use\/","schema":{"@context":"https:\/\/schema.org","@graph":[{"@type":"WebPage","@id":"https:\/\/www.kasinobonus.ai\/no\/terms-of-use\/","url":"https:\/\/www.kasinobonus.ai\/no\/terms-of-use\/","name":"Bruksvilk\u00e5r - www.kasinobonus.ai","isPartOf":{"@id":"https:\/\/www.kasinobonus.ai\/no\/#website"},"datePublished":"2024-11-25T08:47:35+00:00","dateModified":"2025-06-15T10:37:40+00:00","description":"Les v\u00e5re bruksvilk\u00e5r for \u00e5 forst\u00e5 reglene for bruk av nettstedet v\u00e5rt og tjenestene vi tilbyr. Klart, tydelig og ansvarlig formulert.","breadcrumb":{"@id":"https:\/\/www.kasinobonus.ai\/no\/terms-of-use\/#breadcrumb"},"inLanguage":"no-NO","potentialAction":[{"@type":"ReadAction","target":["https:\/\/www.kasinobonus.ai\/no\/terms-of-use\/"]}]},{"@type":"BreadcrumbList","@id":"https:\/\/www.kasinobonus.ai\/no\/terms-of-use\/#breadcrumb","itemListElement":[{"@type":"ListItem","position":1,"name":"Home","item":"https:\/\/kasinobonus.ai\/no\/"},{"@type":"ListItem","position":2,"name":"Bruksvilk\u00e5r"}]},{"@type":"WebSite","@id":"https:\/\/www.kasinobonus.ai\/no\/#website","url":"https:\/\/www.kasinobonus.ai\/no\/","name":"www.kasinobonus.ai","description":"","publisher":{"@id":"https:\/\/www.kasinobonus.ai\/no\/#organization"},"potentialAction":[{"@type":"SearchAction","target":{"@type":"EntryPoint","urlTemplate":"https:\/\/www.kasinobonus.ai\/no\/?s={search_term_string}"},"query-input":{"@type":"PropertyValueSpecification","valueRequired":true,"valueName":"search_term_string"}}],"inLanguage":"no-NO"},{"@type":"Organization","@id":"https:\/\/www.kasinobonus.ai\/no\/#organization","name":"KasinoBonus","alternateName":"KasinoBonusAI","url":"https:\/\/www.kasinobonus.ai\/no\/","logo":{"@type":"ImageObject","inLanguage":"no-NO","@id":"https:\/\/www.kasinobonus.ai\/no\/#\/schema\/logo\/image\/","url":"https:\/\/www.kasinobonus.ai\/wp-content\/uploads\/2023\/09\/kasinobonus-logo-light.png","contentUrl":"https:\/\/www.kasinobonus.ai\/wp-content\/uploads\/2023\/09\/kasinobonus-logo-light.png","width":3200,"height":596,"caption":"KasinoBonus"},"image":{"@id":"https:\/\/www.kasinobonus.ai\/no\/#\/schema\/logo\/image\/"},"sameAs":["https:\/\/www.facebook.com\/kasinobonusio\/","https:\/\/x.com\/Kasinobonus_io","https:\/\/www.linkedin.com\/in\/matti-slotte-26612033b","http:\/\/kasinobonus.wikidot.com\/system:welcome","https:\/\/www.trustpilot.com\/review\/www.kasinobonus.ai","https:\/\/orcid.org\/0009-0007-2889-1713","https:\/\/en.everybodywiki.com\/Matti_Slotte","https:\/\/www.immuniweb.com\/ssl\/kasinobonus.ai\/M4lqCqYY\/"]}]}},"_links":{"self":[{"href":"https:\/\/www.kasinobonus.ai\/no\/wp-json\/wp\/v2\/pages\/28727","targetHints":{"allow":["GET"]}}],"collection":[{"href":"https:\/\/www.kasinobonus.ai\/no\/wp-json\/wp\/v2\/pages"}],"about":[{"href":"https:\/\/www.kasinobonus.ai\/no\/wp-json\/wp\/v2\/types\/page"}],"author":[{"embeddable":true,"href":"https:\/\/www.kasinobonus.ai\/no\/wp-json\/wp\/v2\/users\/1"}],"replies":[{"embeddable":true,"href":"https:\/\/www.kasinobonus.ai\/no\/wp-json\/wp\/v2\/comments?post=28727"}],"version-history":[{"count":4,"href":"https:\/\/www.kasinobonus.ai\/no\/wp-json\/wp\/v2\/pages\/28727\/revisions"}],"predecessor-version":[{"id":28731,"href":"https:\/\/www.kasinobonus.ai\/no\/wp-json\/wp\/v2\/pages\/28727\/revisions\/28731"}],"wp:attachment":[{"href":"https:\/\/www.kasinobonus.ai\/no\/wp-json\/wp\/v2\/media?parent=28727"}],"curies":[{"name":"wp","href":"https:\/\/api.w.org\/{rel}","templated":true}]}}