{"id":28723,"date":"2024-11-25T08:50:17","date_gmt":"2024-11-25T08:50:17","guid":{"rendered":"https:\/\/kasinobonus.ai\/gambling-addiction\/"},"modified":"2025-06-15T09:52:34","modified_gmt":"2025-06-15T09:52:34","slug":"gambling-addiction","status":"publish","type":"page","link":"https:\/\/www.kasinobonus.ai\/no\/gambling-addiction\/","title":{"rendered":"Spilleavhengighet"},"content":{"rendered":"\n<h1 class=\"wp-block-heading\"><strong>Hvordan bli kvitt spilleavhengighet<\/strong><\/h1>\n\n\n\n<p>Hvis du bor i Norge og sliter med spilleavhengighet, eller hvis noen du kjenner og bryr deg om sliter, er denne siden ditt f\u00f8rste skritt mot \u00e5 helbrede tilstanden din eller hjelpe noen som gj\u00f8r det.<\/p>\n\n\n\n<p>Her vil vi hjelpe deg med \u00e5 diagnostisere situasjonen riktig, finne \u00e5rsaken som motiverer deg til \u00e5 spille, og deretter eliminere \u00e5rsaken og avslutte spilleavhengigheten.<\/p>\n\n\n\n<h2 class=\"wp-block-heading\"><strong>Hva er spilleavhengighet<\/strong><\/h2>\n\n\n\n<p>Problemspilling, eller spilleavhengighet, er en tilstand der du f\u00f8ler et tvangsmessig behov for \u00e5 spille.<\/p>\n\n\n\n<p>Som en generell regel, hvis du f\u00f8ler at du kanskje har et problem, har du mest sannsynlig rett \u2013 du har et problem. Dette er en sjekkliste over kjente tegn p\u00e5 en problemspiller. Hvis noe av dette stemmer, er du allerede en problemspiller:<\/p>\n\n\n\n<ul class=\"wp-block-list\">\n<li>gambling er ikke lenger hyggelig for deg<\/li>\n\n\n\n<li>du l\u00f8y om gambling til en venn eller et familiemedlem<\/li>\n\n\n\n<li>du l\u00e5nte penger for \u00e5 gamble<\/li>\n\n\n\n<li>du brukte penger du trengte til noe viktig, som str\u00f8mregninger, til \u00e5 gamble<\/li>\n\n\n\n<li>du solgte ting for \u00e5 kunne gamble mer<\/li>\n\n\n\n<li>du jager tap<\/li>\n\n\n\n<li>du gj\u00f8r stadig st\u00f8rre innskudd for \u00e5 hente inn de tidligere tapene<\/li>\n\n\n\n<li>du gambler med en fast intensjon om \u00e5 vinne penger<\/li>\n\n\n\n<li>du tror du har krav p\u00e5 en gevinst<\/li>\n\n\n\n<li>du vet at du burde slutte, men kan ikke<\/li>\n\n\n\n<li>du pr\u00f8vde \u00e5 slutte \u00e5 gamble f\u00f8r, men mislyktes<\/li>\n\n\n\n<li>du kan ikke tenke p\u00e5 noe annet enn gambling<\/li>\n<\/ul>\n\n\n\n<h2 class=\"wp-block-heading\"><strong>Stadier av en problemspiller<\/strong><\/h2>\n\n\n\n<p>Problematisk spilleatferd g\u00e5r gjennom stadier, fra noen som er i faresonen for \u00e5 bli en problemspiller til noen hvis liv har blitt \u00f8delagt av spilleavhengigheten sin.<\/p>\n\n\n\n<h3 class=\"wp-block-heading\"><strong>Stadie 0 \u2013 Uskolert spiller&nbsp;<\/strong><\/h3>\n\n\n\n<p>Denne personen er enn\u00e5 ikke en problemspiller og vil kanskje aldri bli det, men de er generelt uvitende om spilling. I feil situasjon kan denne personen begynne \u00e5 jage tap, uten \u00e5 vite at dette er en teknikk som kan drive dem til neste niv\u00e5.<\/p>\n\n\n\n<h3 class=\"wp-block-heading\"><strong>Stadie 1 \u2013 Utvikler et problem<\/strong><\/h3>\n\n\n\n<p>Denne personen jager ubevisst tap i et fors\u00f8k p\u00e5 \u00e5 hente inn tapene sine. Spilling er ikke lenger hyggelig. Denne personen kan g\u00e5 inn og ut av denne fasen; n\u00e5r han vinner, g\u00e5r han tilbake til \u00e5 v\u00e6re en person som er i faresonen for \u00e5 utvikle et problem.<\/p>\n\n\n\n<h3 class=\"wp-block-heading\"><strong>Stadie 2 \u2013 Problemspiller<\/strong><\/h3>\n\n\n\n<p>Denne personen investerer gradvis mer penger i gambling, og hans \u00f8konomiske formue avgj\u00f8res av om han vinner eller taper den dagen. Denne personen jager tap, og han l\u00e5ner mest sannsynlig penger og bruker dem til andre form\u00e5l.<\/p>\n\n\n\n<h3 class=\"wp-block-heading\"><strong>Stadie 3 \u2013 Point of No Return<\/strong><\/h3>\n\n\n\n<p>Etter \u00e5 ha investert \u00f8kende pengesummer i gambling, tapte denne personen de avgj\u00f8rende innsatsene og tapte mest sannsynlig ett eller flere av f\u00f8lgende: bil, forhold, hus, barn eller familie. Denne personen har g\u00e5tt konkurs og \u00f8delagt forbindelsene sine med alle rundt seg. Mange som befinner seg i denne situasjonen pr\u00f8ver selvmord.<\/p>\n\n\n\n<h2 class=\"wp-block-heading\"><strong>Tips for \u00e5 slutte med spilling<\/strong><\/h2>\n\n\n\n<p>Folk som har mislyktes i pengespill er alle enige om at de brukte den gitte alderen til sin fordel, og at da alderen ble fjernet, fortsatte de \u00e5 spille.<\/p>\n\n\n\n<p>Mange probleml\u00f8sere som allerede har tapt penger f\u00f8ler seg tvunget til \u00e5 betale mer fordi de vil hente inn tapene sine. Her er noen strategier og taktikker du kan bruke for \u00e5 kanskje slutte \u00e5 spille.<\/p>\n\n\n\n<h3 class=\"wp-block-heading\"><strong>Kan ikke vinne tilbake penger<\/strong><\/h3>\n\n\n\n<p>Sannheten er at du ikke kan vinne tilbake pengene du har tapt. De er borte.<\/p>\n\n\n\n<p>Gambling er en aktivitet som er utformet for \u00e5 tape folks penger, og hvis du allerede har tapt mye penger, er du \u00e5penbart spesielt d\u00e5rlig p\u00e5 det. Ellers ville du ikke v\u00e6rt i samme situasjon. Gambling er for deg et d\u00e5rlig valg \u00f8konomisk. Aksepter at du har tapt penger og at du ikke kan vinne dem tilbake.<\/p>\n\n\n\n<h3 class=\"wp-block-heading\"><strong>Hvis du aldri spiller igjen, vil du aldri tape igjen<\/strong><\/h3>\n\n\n\n<p>Det finnes en enkel l\u00f8sning for \u00e5 aldri tape penger mens du spiller igjen, og dermed aldri oppleve de forferdelige f\u00f8lelsene igjen. Ikke spill igjen. P\u00e5 denne m\u00e5ten vil netto spillinntekten din alltid v\u00e6re null. Du vil ikke tape en krone til. Det er veldig enkelt: bare slutt \u00e5 gj\u00f8re det.<\/p>\n\n\n\n<h3 class=\"wp-block-heading\"><strong>Fokuser p\u00e5 ting som gir penger<\/strong><\/h3>\n\n\n\n<p>Hvis spilling ikke har fungert for deg, b\u00f8r du se p\u00e5 alternative aktiviteter der du kan tjene penger. For eksempel kan du f\u00e5 en ekstrajobb eller utf\u00f8re litt frilansarbeid. Eller finne en jobb i utgangspunktet. Alt som kan forbedre kontoutskriften din er \u00e5 foretrekke fremfor noe som har kostet deg tap.<\/p>\n\n\n\n<p>Tenk p\u00e5 dette: du kan bruke dagen p\u00e5 \u00e5 spille og tape 500 euro, eller du kan bruke dagen p\u00e5 \u00e5 jobbe med noe som nesten helt sikkert vil gi deg 100 euro, uten risiko. Hva er bedre?<\/p>\n\n\n\n<h3 class=\"wp-block-heading\"><strong>Fokuser p\u00e5 noe annet enn penger<\/strong><\/h3>\n\n\n\n<p>Penger er sentralt i mange problemspilleres liv. Tro meg: det finnes natur der ute, med flotte turstier, og du kan til og med f\u00e5 \u00f8ye p\u00e5 en hjort. Det er livet p\u00e5 denne verden for deg. Det trenger ikke \u00e5 handle om penger. Det finnes mennesker, forhold, h\u00e5p og dr\u00f8mmer, utdanning, barn, latter med venner, trening og selvutvikling. Disse tingene kan v\u00e6re ganske gunstige \u2013 du kan ta en doktorgrad eller vinne et sportsarrangement \u2013 \u200b\u200bdet handler ikke bare om penger. L\u00e6r hvordan du overlever uten \u00e5 betale for ting.<\/p>\n\n\n\n<h3 class=\"wp-block-heading\"><strong>Innr\u00f8m problemet ditt til folk som elsker deg<\/strong><\/h3>\n\n\n\n<p>\u00c5 fortelle de du er glad i og bryr deg om at du har et spilleproblem, at du har tapt xxxx euro, og at du trenger behandling, vil lette en stor byrde fra skuldrene dine. De vil absolutt hjelpe deg og vil ikke d\u00f8mme deg. Hjelpen deres kan inkludere \u00e5 ta deg med p\u00e5 en morsom aktivitet n\u00e5r du har lyst til \u00e5 spille. Du b\u00f8r kunne ringe noen n\u00e5r du f\u00f8ler deg d\u00e5rlig.<\/p>\n\n\n\n<h2 class=\"wp-block-heading\"><strong>Konklusjon<\/strong><\/h2>\n\n\n\n<p>Spilleavhengighet er en psykologisk nedadg\u00e5ende spiral som mange ikke finner en utvei fra, fordi de er fiksert p\u00e5 \u00e5 vinne tilbake pengene. Det blir en kamp for \u00e5 overleve, der det er deg mot kasinoet eller sportsbooken, og du investerer pengene du trenger til andre ting i gambling.<\/p>\n\n\n\n<p>Hvis du f\u00f8ler at du har et problem, har du et problem. Hvis moroa stopper, slutt.<\/p>\n\n\n\n<h2 class=\"wp-block-heading\"><strong>Lenker til som kan hjelpe deg med avhengigheten din<\/strong><\/h2>\n\n\n\n<figure class=\"wp-block-embed\"><div class=\"wp-block-embed__wrapper\">\nhttps:\/\/www.peluuri.fi\/en\/facts-advice\/finnish-gambling-problem\n<\/div><\/figure>\n\n\n\n<p><a href=\"https:\/\/ehyt.fi\/en\/substances-gaming-and-gambling\/gambling\/\"><em>Gambling<\/em><\/a><\/p>\n\n\n\n<p><a href=\"https:\/\/thl.fi\/en\/topics\/alcohol-tobacco-and-addictions\/gambling\">https:\/\/thl.fi\/en\/topics\/alcohol-tobacco-and-addictions\/gambling<\/a><\/p>\n\n\n\n<p><\/p>\n","protected":false},"excerpt":{"rendered":"<p>Hvordan bli kvitt spilleavhengighet Hvis du bor i Norge og sliter med spilleavhengighet, eller hvis noen du kjenner og bryr deg om sliter, er denne siden ditt f\u00f8rste skritt mot \u00e5 helbrede tilstanden din eller hjelpe noen som gj\u00f8r det. Her vil vi hjelpe deg med \u00e5 diagnostisere situasjonen riktig, finne \u00e5rsaken som motiverer deg [&hellip;]<\/p>\n","protected":false},"author":1,"featured_media":0,"parent":0,"menu_order":0,"comment_status":"closed","ping_status":"closed","template":"","meta":{"inline_featured_image":false,"footnotes":""},"class_list":["post-28723","page","type-page","status-publish","hentry"],"yoast_head":"<!-- This site is optimized with the Yoast SEO plugin v24.5 - https:\/\/yoast.com\/wordpress\/plugins\/seo\/ -->\n<title>Spilleavhengighet - www.kasinobonus.ai<\/title>\n<meta name=\"description\" content=\"L\u00e6r \u00e5 gjenkjenne og bekjempe spilleavhengighet. Finn r\u00e5d, st\u00f8tte og ressurser for \u00e5 spille ansvarlig og ta kontroll over vanene dine.\" \/>\n<meta name=\"robots\" content=\"index, follow, max-snippet:-1, max-image-preview:large, max-video-preview:-1\" \/>\n<link rel=\"canonical\" href=\"https:\/\/www.kasinobonus.ai\/no\/gambling-addiction\/\" \/>\n<script type=\"application\/ld+json\" class=\"yoast-schema-graph\">{\"@context\":\"https:\/\/schema.org\",\"@graph\":[{\"@type\":\"WebPage\",\"@id\":\"https:\/\/www.kasinobonus.ai\/no\/gambling-addiction\/\",\"url\":\"https:\/\/www.kasinobonus.ai\/no\/gambling-addiction\/\",\"name\":\"Spilleavhengighet - www.kasinobonus.ai\",\"isPartOf\":{\"@id\":\"https:\/\/www.kasinobonus.ai\/no\/#website\"},\"datePublished\":\"2024-11-25T08:50:17+00:00\",\"dateModified\":\"2025-06-15T09:52:34+00:00\",\"description\":\"L\u00e6r \u00e5 gjenkjenne og bekjempe spilleavhengighet. Finn r\u00e5d, st\u00f8tte og ressurser for \u00e5 spille ansvarlig og ta kontroll over vanene dine.\",\"breadcrumb\":{\"@id\":\"https:\/\/www.kasinobonus.ai\/no\/gambling-addiction\/#breadcrumb\"},\"inLanguage\":\"no-NO\",\"potentialAction\":[{\"@type\":\"ReadAction\",\"target\":[\"https:\/\/www.kasinobonus.ai\/no\/gambling-addiction\/\"]}]},{\"@type\":\"BreadcrumbList\",\"@id\":\"https:\/\/www.kasinobonus.ai\/no\/gambling-addiction\/#breadcrumb\",\"itemListElement\":[{\"@type\":\"ListItem\",\"position\":1,\"name\":\"Home\",\"item\":\"https:\/\/kasinobonus.ai\/no\/\"},{\"@type\":\"ListItem\",\"position\":2,\"name\":\"Spilleavhengighet\"}]},{\"@type\":\"WebSite\",\"@id\":\"https:\/\/www.kasinobonus.ai\/no\/#website\",\"url\":\"https:\/\/www.kasinobonus.ai\/no\/\",\"name\":\"www.kasinobonus.ai\",\"description\":\"\",\"publisher\":{\"@id\":\"https:\/\/www.kasinobonus.ai\/no\/#organization\"},\"potentialAction\":[{\"@type\":\"SearchAction\",\"target\":{\"@type\":\"EntryPoint\",\"urlTemplate\":\"https:\/\/www.kasinobonus.ai\/no\/?s={search_term_string}\"},\"query-input\":{\"@type\":\"PropertyValueSpecification\",\"valueRequired\":true,\"valueName\":\"search_term_string\"}}],\"inLanguage\":\"no-NO\"},{\"@type\":\"Organization\",\"@id\":\"https:\/\/www.kasinobonus.ai\/no\/#organization\",\"name\":\"KasinoBonus\",\"alternateName\":\"KasinoBonusAI\",\"url\":\"https:\/\/www.kasinobonus.ai\/no\/\",\"logo\":{\"@type\":\"ImageObject\",\"inLanguage\":\"no-NO\",\"@id\":\"https:\/\/www.kasinobonus.ai\/no\/#\/schema\/logo\/image\/\",\"url\":\"https:\/\/www.kasinobonus.ai\/wp-content\/uploads\/2023\/09\/kasinobonus-logo-light.png\",\"contentUrl\":\"https:\/\/www.kasinobonus.ai\/wp-content\/uploads\/2023\/09\/kasinobonus-logo-light.png\",\"width\":3200,\"height\":596,\"caption\":\"KasinoBonus\"},\"image\":{\"@id\":\"https:\/\/www.kasinobonus.ai\/no\/#\/schema\/logo\/image\/\"},\"sameAs\":[\"https:\/\/www.facebook.com\/kasinobonusio\/\",\"https:\/\/x.com\/Kasinobonus_io\",\"https:\/\/www.linkedin.com\/in\/matti-slotte-26612033b\",\"http:\/\/kasinobonus.wikidot.com\/system:welcome\",\"https:\/\/www.trustpilot.com\/review\/www.kasinobonus.ai\",\"https:\/\/orcid.org\/0009-0007-2889-1713\",\"https:\/\/en.everybodywiki.com\/Matti_Slotte\",\"https:\/\/www.immuniweb.com\/ssl\/kasinobonus.ai\/M4lqCqYY\/\"]}]}<\/script>\n<!-- \/ Yoast SEO plugin. -->","yoast_head_json":{"title":"Spilleavhengighet - www.kasinobonus.ai","description":"L\u00e6r \u00e5 gjenkjenne og bekjempe spilleavhengighet. Finn r\u00e5d, st\u00f8tte og ressurser for \u00e5 spille ansvarlig og ta kontroll over vanene dine.","robots":{"index":"index","follow":"follow","max-snippet":"max-snippet:-1","max-image-preview":"max-image-preview:large","max-video-preview":"max-video-preview:-1"},"canonical":"https:\/\/www.kasinobonus.ai\/no\/gambling-addiction\/","schema":{"@context":"https:\/\/schema.org","@graph":[{"@type":"WebPage","@id":"https:\/\/www.kasinobonus.ai\/no\/gambling-addiction\/","url":"https:\/\/www.kasinobonus.ai\/no\/gambling-addiction\/","name":"Spilleavhengighet - www.kasinobonus.ai","isPartOf":{"@id":"https:\/\/www.kasinobonus.ai\/no\/#website"},"datePublished":"2024-11-25T08:50:17+00:00","dateModified":"2025-06-15T09:52:34+00:00","description":"L\u00e6r \u00e5 gjenkjenne og bekjempe spilleavhengighet. Finn r\u00e5d, st\u00f8tte og ressurser for \u00e5 spille ansvarlig og ta kontroll over vanene dine.","breadcrumb":{"@id":"https:\/\/www.kasinobonus.ai\/no\/gambling-addiction\/#breadcrumb"},"inLanguage":"no-NO","potentialAction":[{"@type":"ReadAction","target":["https:\/\/www.kasinobonus.ai\/no\/gambling-addiction\/"]}]},{"@type":"BreadcrumbList","@id":"https:\/\/www.kasinobonus.ai\/no\/gambling-addiction\/#breadcrumb","itemListElement":[{"@type":"ListItem","position":1,"name":"Home","item":"https:\/\/kasinobonus.ai\/no\/"},{"@type":"ListItem","position":2,"name":"Spilleavhengighet"}]},{"@type":"WebSite","@id":"https:\/\/www.kasinobonus.ai\/no\/#website","url":"https:\/\/www.kasinobonus.ai\/no\/","name":"www.kasinobonus.ai","description":"","publisher":{"@id":"https:\/\/www.kasinobonus.ai\/no\/#organization"},"potentialAction":[{"@type":"SearchAction","target":{"@type":"EntryPoint","urlTemplate":"https:\/\/www.kasinobonus.ai\/no\/?s={search_term_string}"},"query-input":{"@type":"PropertyValueSpecification","valueRequired":true,"valueName":"search_term_string"}}],"inLanguage":"no-NO"},{"@type":"Organization","@id":"https:\/\/www.kasinobonus.ai\/no\/#organization","name":"KasinoBonus","alternateName":"KasinoBonusAI","url":"https:\/\/www.kasinobonus.ai\/no\/","logo":{"@type":"ImageObject","inLanguage":"no-NO","@id":"https:\/\/www.kasinobonus.ai\/no\/#\/schema\/logo\/image\/","url":"https:\/\/www.kasinobonus.ai\/wp-content\/uploads\/2023\/09\/kasinobonus-logo-light.png","contentUrl":"https:\/\/www.kasinobonus.ai\/wp-content\/uploads\/2023\/09\/kasinobonus-logo-light.png","width":3200,"height":596,"caption":"KasinoBonus"},"image":{"@id":"https:\/\/www.kasinobonus.ai\/no\/#\/schema\/logo\/image\/"},"sameAs":["https:\/\/www.facebook.com\/kasinobonusio\/","https:\/\/x.com\/Kasinobonus_io","https:\/\/www.linkedin.com\/in\/matti-slotte-26612033b","http:\/\/kasinobonus.wikidot.com\/system:welcome","https:\/\/www.trustpilot.com\/review\/www.kasinobonus.ai","https:\/\/orcid.org\/0009-0007-2889-1713","https:\/\/en.everybodywiki.com\/Matti_Slotte","https:\/\/www.immuniweb.com\/ssl\/kasinobonus.ai\/M4lqCqYY\/"]}]}},"_links":{"self":[{"href":"https:\/\/www.kasinobonus.ai\/no\/wp-json\/wp\/v2\/pages\/28723","targetHints":{"allow":["GET"]}}],"collection":[{"href":"https:\/\/www.kasinobonus.ai\/no\/wp-json\/wp\/v2\/pages"}],"about":[{"href":"https:\/\/www.kasinobonus.ai\/no\/wp-json\/wp\/v2\/types\/page"}],"author":[{"embeddable":true,"href":"https:\/\/www.kasinobonus.ai\/no\/wp-json\/wp\/v2\/users\/1"}],"replies":[{"embeddable":true,"href":"https:\/\/www.kasinobonus.ai\/no\/wp-json\/wp\/v2\/comments?post=28723"}],"version-history":[{"count":2,"href":"https:\/\/www.kasinobonus.ai\/no\/wp-json\/wp\/v2\/pages\/28723\/revisions"}],"predecessor-version":[{"id":28726,"href":"https:\/\/www.kasinobonus.ai\/no\/wp-json\/wp\/v2\/pages\/28723\/revisions\/28726"}],"wp:attachment":[{"href":"https:\/\/www.kasinobonus.ai\/no\/wp-json\/wp\/v2\/media?parent=28723"}],"curies":[{"name":"wp","href":"https:\/\/api.w.org\/{rel}","templated":true}]}}