{"id":28719,"date":"2024-11-25T08:51:49","date_gmt":"2024-11-25T08:51:49","guid":{"rendered":"https:\/\/kasinobonus.ai\/casino-disputes\/"},"modified":"2025-06-15T09:42:50","modified_gmt":"2025-06-15T09:42:50","slug":"casino-disputes","status":"publish","type":"page","link":"https:\/\/www.kasinobonus.ai\/no\/casino-disputes\/","title":{"rendered":"Casino Disputes"},"content":{"rendered":"\n<h1 class=\"wp-block-heading\"><strong>Casino Alternative Dispute<\/strong> <strong>Resolution Service (ADR)<\/strong><\/h1>\n\n\n\n<p>Hvis du har et problem med et kasino og er bosatt i Norsk, kan vi hjelpe deg. Hvis du oppfyller kriteriene, kan v\u00e5r alternative tvistel\u00f8sningstjeneste fremskynde eller til og med l\u00f8se problemet ditt.<\/p>\n\n\n\n<h2 class=\"wp-block-heading\"><strong>Kravene<\/strong><\/h2>\n\n\n\n<ul class=\"wp-block-list\">\n<li>Du er bosatt i Finland<\/li>\n\n\n\n<li>Du registrerte deg hos casinoet via lenkene v\u00e5re<\/li>\n\n\n\n<li>Du er ikke ansvarlig for situasjonen som oppsto<\/li>\n<\/ul>\n\n\n\n<h2 class=\"wp-block-heading\"><strong>Klager vi ikke aksepterer<\/strong><\/h2>\n\n\n\n<ul class=\"wp-block-list\">\n<li>Innloggingsproblemer<\/li>\n\n\n\n<li>Lange tapsrekker eller mangel p\u00e5 forventet gevinst<\/li>\n\n\n\n<li>Livechat som ikke svarer eller er uh\u00f8flig<\/li>\n\n\n\n<li>Nettstedsproblemer som feil og spill som laster sakte<\/li>\n<\/ul>\n\n\n\n<h2 class=\"wp-block-heading\"><strong>Klager vi aksepterer<\/strong><\/h2>\n\n\n\n<ul class=\"wp-block-list\">\n<li>Kontoen din ble stengt<\/li>\n\n\n\n<li>Pengene dine ble konfiskert<\/li>\n\n\n\n<li>Bonuspengene dine ble ugyldiggjort<\/li>\n\n\n\n<li>Du blir bedt om \u00e5 fullf\u00f8re umulige verifiseringskontroller<\/li>\n\n\n\n<li>Innskuddet ditt ble ikke kreditert kasinokontoen<\/li>\n\n\n\n<li><\/li>\n<\/ul>\n\n\n\n<h2 class=\"wp-block-heading\"><strong>Hva du b\u00f8r gj\u00f8re f\u00f8r du ber om hjelp fra v\u00e5r ADR<\/strong><\/h2>\n\n\n\n<ol class=\"wp-block-list\">\n<li>Forbered alle relevante dokumenter, som utskrifter av e-poster, skjermbilder, kontoutskrifter og alt annet som underbygger p\u00e5standene dine. Mer er bedre.<\/li>\n\n\n\n<li>Send inn en klage til casinoet. Bruk en normal og profesjonell tone, og underbygg p\u00e5standene dine med fakta.<\/li>\n\n\n\n<li>Hvis samtalen med casinoet ikke gikk som planlagt, ta saken din til tilsynsmyndigheten, hvis det finnes en.<\/li>\n\n\n\n<li>Hvis det ikke finnes noen tilsynsmyndighet, eller tilsynsmyndigheten ikke l\u00f8ste situasjonen som forventet, kan du henvende deg til oss hvis du oppfyller kvalifikasjonene angitt ovenfor.<\/li>\n<\/ol>\n\n\n\n<h2 class=\"wp-block-heading\"><strong>Slik sender du inn klagen din til v\u00e5r ADR<\/strong><\/h2>\n\n\n\n<p>Send oss \u200b\u200ben e-post, s\u00e5 vil en dedikert spesialist p\u00e5 konfliktl\u00f8sning bli tildelt saken din. Informasjon vi trenger fra deg n\u00e5r du sender inn klagen din til oss via e-post:<\/p>\n\n\n\n<p>Navn p\u00e5 casinoet du har en klage p\u00e5<\/p>\n\n\n\n<p>Omstridt pengebel\u00f8p, hvis noen<\/p>\n\n\n\n<p>Grundig forklaring av hva problemet er<\/p>\n\n\n\n<p>Dokumentasjon som beviser p\u00e5standene dine (skjermbilder osv.) Viktig!<\/p>\n\n\n\n<div id='bug-library-list'>\n<div id='bug-library-currentfilters'>Filtered by: None&nbsp;&nbsp;&nbsp;&nbsp;&nbsp;&nbsp;&nbsp;&nbsp;&nbsp;&nbsp;<span id='bug-library-filterchange'>Change Filter<\/span>&nbsp;&nbsp;&nbsp;&nbsp;&nbsp;&nbsp;&nbsp;&nbsp;&nbsp;&nbsp;<a href='https:\/\/www.kasinobonus.ai\/no\/\/casino-disputes'>Remove all filters<\/a><\/div><div id='bug-library-newissuebutton'><button id='submitnewissue'>Report new issue<\/button><\/div><div id='bug-library-filters'><div id='bug-library-filter-product'><div id='bug-library-filter-producttitle'>Products<\/div><div id='bug-library-filter-productitems'><span id='bug-library-filter-currentproduct'>All Products<\/span><br \/><a href='\/no\/wp-json\/wp\/v2\/pages\/28719?bugcatid=196'>Default Product<\/a><br \/><\/div><\/div><div id='bug-library-filter-types'><div id='bug-library-filter-typestitle'>Types<\/div><div id='bug-library-filter-typesitems'><span id='bug-library-filter-currentproduct'>All Types<\/span><br \/><a href='\/no\/wp-json\/wp\/v2\/pages\/28719?bugtypeid=197'>Default Type<\/a><br \/><\/div><\/div><div id='bug-library-filter-status'><div id='bug-library-filter-statustitle'>Status<\/div><div id='bug-library-filter-statusitems'><span id='bug-library-filter-currentstatus'>All Statuses<\/span><br \/><a href='\/no\/wp-json\/wp\/v2\/pages\/28719?bugstatusid=201'>Opened<\/a><br \/><a href='\/no\/wp-json\/wp\/v2\/pages\/28719?bugstatusid=200'>Resolved<\/a><br \/><a href='\/no\/wp-json\/wp\/v2\/pages\/28719?bugstatusid=198'>Unresolved<\/a><br \/><\/div><\/div><div id='bug-library-filter-priorities'><div id='bug-library-filter-prioritiestitle'>Priorities<\/div><div id='bug-library-filter-prioritiesitems'><span id='bug-library-filter-currentpriorities'>All Priorities<\/span><br \/><a href='\/no\/wp-json\/wp\/v2\/pages\/28719?bugpriorityid=199'>Default Priority<\/a><br \/><\/div><\/div><\/div><div id='bug-library-item-table'><table>\n<tr id='odd'><td id='bug-library-type'><div id='bug-library-type-default-type'>Default Type<\/div><\/td><td id='bug-library-title'><a href='https:\/\/www.kasinobonus.ai\/no\/casino-disputes\/boost-casino-long-losing-streak-on-blackjack\/'>Boost Casino - Long losing streak on blackjack<\/a><\/td><\/tr><tr id='odd'><td id='bug-library-data' colspan='2'>ID: <a href='https:\/\/www.kasinobonus.ai\/no\/casino-disputes\/boost-casino-long-losing-streak-on-blackjack\/'>21175<\/a>&nbsp;&nbsp;&nbsp;&nbsp;&nbsp;&nbsp;Product: Default Product&nbsp;&nbsp;&nbsp;&nbsp;&nbsp;&nbsp;Version: N\/A&nbsp;&nbsp;&nbsp;&nbsp;&nbsp;&nbsp;Report Date: November 25, 2024<\/td><\/tr><tr id='odd'><td id='bug-library-data2' colspan='2'><span class='Unresolved'>Unresolved<\/span><\/td><\/tr><\/td><\/tr><\/table>\n<table>\n<tr id='even'><td id='bug-library-type'><div id='bug-library-type-default-type'>Default Type<\/div><\/td><td id='bug-library-title'><a href='https:\/\/www.kasinobonus.ai\/no\/casino-disputes\/wheelz-wagering-conditions-too-difficult\/'>Wheelz - Wagering conditions too difficult<\/a><\/td><\/tr><tr id='even'><td id='bug-library-data' colspan='2'>ID: <a href='https:\/\/www.kasinobonus.ai\/no\/casino-disputes\/wheelz-wagering-conditions-too-difficult\/'>21174<\/a>&nbsp;&nbsp;&nbsp;&nbsp;&nbsp;&nbsp;Product: Default Product&nbsp;&nbsp;&nbsp;&nbsp;&nbsp;&nbsp;Version: N\/A&nbsp;&nbsp;&nbsp;&nbsp;&nbsp;&nbsp;Report Date: November 25, 2024<\/td><\/tr><tr id='even'><td id='bug-library-data2' colspan='2'><span class='Resolved'>Resolved<\/span><\/td><\/tr><\/td><\/tr><\/table>\n<table>\n<tr id='odd'><td id='bug-library-type'><div id='bug-library-type-default-type'>Default Type<\/div><\/td><td id='bug-library-title'><a href='https:\/\/www.kasinobonus.ai\/no\/casino-disputes\/betwinner-verification-issues\/'>BetWinner - Verification issues<\/a><\/td><\/tr><tr id='odd'><td id='bug-library-data' colspan='2'>ID: <a href='https:\/\/www.kasinobonus.ai\/no\/casino-disputes\/betwinner-verification-issues\/'>21173<\/a>&nbsp;&nbsp;&nbsp;&nbsp;&nbsp;&nbsp;Product: Default Product&nbsp;&nbsp;&nbsp;&nbsp;&nbsp;&nbsp;Version: N\/A&nbsp;&nbsp;&nbsp;&nbsp;&nbsp;&nbsp;Report Date: November 25, 2024<\/td><\/tr><tr id='odd'><td id='bug-library-data2' colspan='2'><span class='Opened'>Opened<\/span><\/td><\/tr><\/td><\/tr><\/table>\n<table>\n<tr id='even'><td id='bug-library-type'><div id='bug-library-type-default-type'>Default Type<\/div><\/td><td id='bug-library-title'><a href='https:\/\/www.kasinobonus.ai\/no\/casino-disputes\/respin-the-bonus-wasnt-what-i-expected\/'>ReSpin - The bonus wasn\u2019t what I expected<\/a><\/td><\/tr><tr id='even'><td id='bug-library-data' colspan='2'>ID: <a href='https:\/\/www.kasinobonus.ai\/no\/casino-disputes\/respin-the-bonus-wasnt-what-i-expected\/'>21172<\/a>&nbsp;&nbsp;&nbsp;&nbsp;&nbsp;&nbsp;Product: Default Product&nbsp;&nbsp;&nbsp;&nbsp;&nbsp;&nbsp;Version: N\/A&nbsp;&nbsp;&nbsp;&nbsp;&nbsp;&nbsp;Report Date: November 25, 2024<\/td><\/tr><tr id='even'><td id='bug-library-data2' colspan='2'><span class='Unresolved'>Unresolved<\/span><\/td><\/tr><\/td><\/tr><\/table>\n<table>\n<tr id='odd'><td id='bug-library-type'><div id='bug-library-type-default-type'>Default Type<\/div><\/td><td id='bug-library-title'><a href='https:\/\/www.kasinobonus.ai\/no\/casino-disputes\/casino-universe-didnt-get-the-no-deposit-bonus\/'>Casino Universe - Didn\u2019t get the no deposit bonus<\/a><\/td><\/tr><tr id='odd'><td id='bug-library-data' colspan='2'>ID: <a href='https:\/\/www.kasinobonus.ai\/no\/casino-disputes\/casino-universe-didnt-get-the-no-deposit-bonus\/'>21171<\/a>&nbsp;&nbsp;&nbsp;&nbsp;&nbsp;&nbsp;Product: Default Product&nbsp;&nbsp;&nbsp;&nbsp;&nbsp;&nbsp;Version: N\/A&nbsp;&nbsp;&nbsp;&nbsp;&nbsp;&nbsp;Report Date: November 25, 2024<\/td><\/tr><tr id='odd'><td id='bug-library-data2' colspan='2'><span class='Resolved'>Resolved<\/span><\/td><\/tr><\/td><\/tr><\/table>\n<table>\n<tr id='even'><td id='bug-library-type'><div id='bug-library-type-default-type'>Default Type<\/div><\/td><td id='bug-library-title'><a href='https:\/\/www.kasinobonus.ai\/no\/casino-disputes\/rollino-bonus-voided-by-the-casino\/'>Rollino - Bonus voided by the casino<\/a><\/td><\/tr><tr id='even'><td id='bug-library-data' colspan='2'>ID: <a href='https:\/\/www.kasinobonus.ai\/no\/casino-disputes\/rollino-bonus-voided-by-the-casino\/'>21170<\/a>&nbsp;&nbsp;&nbsp;&nbsp;&nbsp;&nbsp;Product: Default Product&nbsp;&nbsp;&nbsp;&nbsp;&nbsp;&nbsp;Version: N\/A&nbsp;&nbsp;&nbsp;&nbsp;&nbsp;&nbsp;Report Date: November 25, 2024<\/td><\/tr><tr id='even'><td id='bug-library-data2' colspan='2'><span class='Opened'>Opened<\/span><\/td><\/tr><\/td><\/tr><\/table>\n<\/div><\/div><script type='text\/javascript'>\/* <![CDATA[ *\/jQuery(document).ready(function() {\tjQuery('#bug-library-filterchange').click(function() { jQuery('#bug-library-filters').slideToggle('slow'); });\tjQuery('#submitnewissue').colorbox({href:'https:\/\/www.kasinobonus.ai\/no\/?bug_library_popup_content=true', opacity: 0.3, iframe:true, width:'580px', height:'720px'});});\/* ]]> *\/<\/script>\n","protected":false},"excerpt":{"rendered":"<p>Casino Alternative Dispute Resolution Service (ADR) Hvis du har et problem med et kasino og er bosatt i Norsk, kan vi hjelpe deg. Hvis du oppfyller kriteriene, kan v\u00e5r alternative tvistel\u00f8sningstjeneste fremskynde eller til og med l\u00f8se problemet ditt. Kravene Klager vi ikke aksepterer Klager vi aksepterer Hva du b\u00f8r gj\u00f8re f\u00f8r du ber om [&hellip;]<\/p>\n","protected":false},"author":1,"featured_media":0,"parent":0,"menu_order":0,"comment_status":"closed","ping_status":"closed","template":"","meta":{"inline_featured_image":false,"footnotes":""},"class_list":["post-28719","page","type-page","status-publish","hentry"],"yoast_head":"<!-- This site is optimized with the Yoast SEO plugin v24.5 - https:\/\/yoast.com\/wordpress\/plugins\/seo\/ -->\n<title>Casino Disputes i Norge - www.kasinobonus.ai<\/title>\n<meta name=\"description\" content=\"Utforsk ekte spillerklager og tvister med nettcasinoer. Finn ut hva som gikk galt og hvordan du kan unng\u00e5 lignende problemer n\u00e5r du spiller.\" \/>\n<meta name=\"robots\" content=\"index, follow, max-snippet:-1, max-image-preview:large, max-video-preview:-1\" \/>\n<link rel=\"canonical\" href=\"https:\/\/www.kasinobonus.ai\/no\/casino-disputes\/\" \/>\n<script type=\"application\/ld+json\" class=\"yoast-schema-graph\">{\"@context\":\"https:\/\/schema.org\",\"@graph\":[{\"@type\":\"WebPage\",\"@id\":\"https:\/\/www.kasinobonus.ai\/no\/casino-disputes\/\",\"url\":\"https:\/\/www.kasinobonus.ai\/no\/casino-disputes\/\",\"name\":\"Casino Disputes i Norge - www.kasinobonus.ai\",\"isPartOf\":{\"@id\":\"https:\/\/www.kasinobonus.ai\/no\/#website\"},\"datePublished\":\"2024-11-25T08:51:49+00:00\",\"dateModified\":\"2025-06-15T09:42:50+00:00\",\"description\":\"Utforsk ekte spillerklager og tvister med nettcasinoer. Finn ut hva som gikk galt og hvordan du kan unng\u00e5 lignende problemer n\u00e5r du spiller.\",\"breadcrumb\":{\"@id\":\"https:\/\/www.kasinobonus.ai\/no\/casino-disputes\/#breadcrumb\"},\"inLanguage\":\"no-NO\",\"potentialAction\":[{\"@type\":\"ReadAction\",\"target\":[\"https:\/\/www.kasinobonus.ai\/no\/casino-disputes\/\"]}]},{\"@type\":\"BreadcrumbList\",\"@id\":\"https:\/\/www.kasinobonus.ai\/no\/casino-disputes\/#breadcrumb\",\"itemListElement\":[{\"@type\":\"ListItem\",\"position\":1,\"name\":\"Home\",\"item\":\"https:\/\/kasinobonus.ai\/no\/\"},{\"@type\":\"ListItem\",\"position\":2,\"name\":\"Casino Disputes\"}]},{\"@type\":\"WebSite\",\"@id\":\"https:\/\/www.kasinobonus.ai\/no\/#website\",\"url\":\"https:\/\/www.kasinobonus.ai\/no\/\",\"name\":\"www.kasinobonus.ai\",\"description\":\"\",\"publisher\":{\"@id\":\"https:\/\/www.kasinobonus.ai\/no\/#organization\"},\"potentialAction\":[{\"@type\":\"SearchAction\",\"target\":{\"@type\":\"EntryPoint\",\"urlTemplate\":\"https:\/\/www.kasinobonus.ai\/no\/?s={search_term_string}\"},\"query-input\":{\"@type\":\"PropertyValueSpecification\",\"valueRequired\":true,\"valueName\":\"search_term_string\"}}],\"inLanguage\":\"no-NO\"},{\"@type\":\"Organization\",\"@id\":\"https:\/\/www.kasinobonus.ai\/no\/#organization\",\"name\":\"KasinoBonus\",\"alternateName\":\"KasinoBonusAI\",\"url\":\"https:\/\/www.kasinobonus.ai\/no\/\",\"logo\":{\"@type\":\"ImageObject\",\"inLanguage\":\"no-NO\",\"@id\":\"https:\/\/www.kasinobonus.ai\/no\/#\/schema\/logo\/image\/\",\"url\":\"https:\/\/www.kasinobonus.ai\/wp-content\/uploads\/2023\/09\/kasinobonus-logo-light.png\",\"contentUrl\":\"https:\/\/www.kasinobonus.ai\/wp-content\/uploads\/2023\/09\/kasinobonus-logo-light.png\",\"width\":3200,\"height\":596,\"caption\":\"KasinoBonus\"},\"image\":{\"@id\":\"https:\/\/www.kasinobonus.ai\/no\/#\/schema\/logo\/image\/\"},\"sameAs\":[\"https:\/\/www.facebook.com\/kasinobonusio\/\",\"https:\/\/x.com\/Kasinobonus_io\",\"https:\/\/www.linkedin.com\/in\/matti-slotte-26612033b\",\"http:\/\/kasinobonus.wikidot.com\/system:welcome\",\"https:\/\/www.trustpilot.com\/review\/www.kasinobonus.ai\",\"https:\/\/orcid.org\/0009-0007-2889-1713\",\"https:\/\/en.everybodywiki.com\/Matti_Slotte\",\"https:\/\/www.immuniweb.com\/ssl\/kasinobonus.ai\/M4lqCqYY\/\"]}]}<\/script>\n<!-- \/ Yoast SEO plugin. -->","yoast_head_json":{"title":"Casino Disputes i Norge - www.kasinobonus.ai","description":"Utforsk ekte spillerklager og tvister med nettcasinoer. Finn ut hva som gikk galt og hvordan du kan unng\u00e5 lignende problemer n\u00e5r du spiller.","robots":{"index":"index","follow":"follow","max-snippet":"max-snippet:-1","max-image-preview":"max-image-preview:large","max-video-preview":"max-video-preview:-1"},"canonical":"https:\/\/www.kasinobonus.ai\/no\/casino-disputes\/","schema":{"@context":"https:\/\/schema.org","@graph":[{"@type":"WebPage","@id":"https:\/\/www.kasinobonus.ai\/no\/casino-disputes\/","url":"https:\/\/www.kasinobonus.ai\/no\/casino-disputes\/","name":"Casino Disputes i Norge - www.kasinobonus.ai","isPartOf":{"@id":"https:\/\/www.kasinobonus.ai\/no\/#website"},"datePublished":"2024-11-25T08:51:49+00:00","dateModified":"2025-06-15T09:42:50+00:00","description":"Utforsk ekte spillerklager og tvister med nettcasinoer. Finn ut hva som gikk galt og hvordan du kan unng\u00e5 lignende problemer n\u00e5r du spiller.","breadcrumb":{"@id":"https:\/\/www.kasinobonus.ai\/no\/casino-disputes\/#breadcrumb"},"inLanguage":"no-NO","potentialAction":[{"@type":"ReadAction","target":["https:\/\/www.kasinobonus.ai\/no\/casino-disputes\/"]}]},{"@type":"BreadcrumbList","@id":"https:\/\/www.kasinobonus.ai\/no\/casino-disputes\/#breadcrumb","itemListElement":[{"@type":"ListItem","position":1,"name":"Home","item":"https:\/\/kasinobonus.ai\/no\/"},{"@type":"ListItem","position":2,"name":"Casino Disputes"}]},{"@type":"WebSite","@id":"https:\/\/www.kasinobonus.ai\/no\/#website","url":"https:\/\/www.kasinobonus.ai\/no\/","name":"www.kasinobonus.ai","description":"","publisher":{"@id":"https:\/\/www.kasinobonus.ai\/no\/#organization"},"potentialAction":[{"@type":"SearchAction","target":{"@type":"EntryPoint","urlTemplate":"https:\/\/www.kasinobonus.ai\/no\/?s={search_term_string}"},"query-input":{"@type":"PropertyValueSpecification","valueRequired":true,"valueName":"search_term_string"}}],"inLanguage":"no-NO"},{"@type":"Organization","@id":"https:\/\/www.kasinobonus.ai\/no\/#organization","name":"KasinoBonus","alternateName":"KasinoBonusAI","url":"https:\/\/www.kasinobonus.ai\/no\/","logo":{"@type":"ImageObject","inLanguage":"no-NO","@id":"https:\/\/www.kasinobonus.ai\/no\/#\/schema\/logo\/image\/","url":"https:\/\/www.kasinobonus.ai\/wp-content\/uploads\/2023\/09\/kasinobonus-logo-light.png","contentUrl":"https:\/\/www.kasinobonus.ai\/wp-content\/uploads\/2023\/09\/kasinobonus-logo-light.png","width":3200,"height":596,"caption":"KasinoBonus"},"image":{"@id":"https:\/\/www.kasinobonus.ai\/no\/#\/schema\/logo\/image\/"},"sameAs":["https:\/\/www.facebook.com\/kasinobonusio\/","https:\/\/x.com\/Kasinobonus_io","https:\/\/www.linkedin.com\/in\/matti-slotte-26612033b","http:\/\/kasinobonus.wikidot.com\/system:welcome","https:\/\/www.trustpilot.com\/review\/www.kasinobonus.ai","https:\/\/orcid.org\/0009-0007-2889-1713","https:\/\/en.everybodywiki.com\/Matti_Slotte","https:\/\/www.immuniweb.com\/ssl\/kasinobonus.ai\/M4lqCqYY\/"]}]}},"_links":{"self":[{"href":"https:\/\/www.kasinobonus.ai\/no\/wp-json\/wp\/v2\/pages\/28719","targetHints":{"allow":["GET"]}}],"collection":[{"href":"https:\/\/www.kasinobonus.ai\/no\/wp-json\/wp\/v2\/pages"}],"about":[{"href":"https:\/\/www.kasinobonus.ai\/no\/wp-json\/wp\/v2\/types\/page"}],"author":[{"embeddable":true,"href":"https:\/\/www.kasinobonus.ai\/no\/wp-json\/wp\/v2\/users\/1"}],"replies":[{"embeddable":true,"href":"https:\/\/www.kasinobonus.ai\/no\/wp-json\/wp\/v2\/comments?post=28719"}],"version-history":[{"count":2,"href":"https:\/\/www.kasinobonus.ai\/no\/wp-json\/wp\/v2\/pages\/28719\/revisions"}],"predecessor-version":[{"id":28721,"href":"https:\/\/www.kasinobonus.ai\/no\/wp-json\/wp\/v2\/pages\/28719\/revisions\/28721"}],"wp:attachment":[{"href":"https:\/\/www.kasinobonus.ai\/no\/wp-json\/wp\/v2\/media?parent=28719"}],"curies":[{"name":"wp","href":"https:\/\/api.w.org\/{rel}","templated":true}]}}