{"id":28714,"date":"2024-11-25T08:53:00","date_gmt":"2024-11-25T08:53:00","guid":{"rendered":"https:\/\/kasinobonus.ai\/gambling-law\/"},"modified":"2025-06-15T10:37:21","modified_gmt":"2025-06-15T10:37:21","slug":"gambling-law","status":"publish","type":"page","link":"https:\/\/www.kasinobonus.ai\/no\/gambling-law\/","title":{"rendered":"Spillelovgivning"},"content":{"rendered":"\n<h1 class=\"wp-block-heading\"><strong>Spillelovgivning<\/strong><\/h1>\n\n\n\n<p>I Storbritannia er alle typer gambling lovlige og kontrolleres av reguleringsorganet United Kingdom Gambling Commission, som gir lisenser til operat\u00f8rer.<\/p>\n\n\n\n<p>Markedet er liberalt i den forstand at alle som oppfyller lisenskriteriene og betaler pengene kan f\u00e5 en lisens fra UKGC, og antallet lisenser er ikke begrenset. UKGC er imidlertid en sv\u00e6rt streng regulator som overv\u00e5ker lovene sine og h\u00e5ndhever dem p\u00e5 bedrifter, i frykt for straffer eller til og med tap av lisens.<\/p>\n\n\n\n<p>I dette n\u00f8ye regulerte systemet m\u00e5 spillprodusenter ogs\u00e5 ha en lisens, i tillegg til spilloperat\u00f8rer. UKGC-lisensen lar en operat\u00f8r akseptere britiske forbrukere, men ikke de fra andre nasjoner. For \u00e5 l\u00f8se dette problemet bruker UKGC-lisensierte virksomheter ofte en Malta-lisens for alle andre land.<\/p>\n\n\n\n<p>UKGC er den eneste myndigheten som krever at spilloperat\u00f8rer identifiserer problemspillere og nekter \u00e5 akseptere innskudd og innsatser, ellers risikerer de bot. Markedsf\u00f8ring til kjente problemspillere er ogs\u00e5 forbudt, og store innskudd uten gyldig finansieringskilde, sjekker er et utbredt problem blant straffede lisensinnehavere.<\/p>\n\n\n\n<p>Den totale brutto spillinntekten i Storbritannia i 2023 var 15,1 milliarder pund.<\/p>\n","protected":false},"excerpt":{"rendered":"<p>Spillelovgivning I Storbritannia er alle typer gambling lovlige og kontrolleres av reguleringsorganet United Kingdom Gambling Commission, som gir lisenser til operat\u00f8rer. Markedet er liberalt i den forstand at alle som oppfyller lisenskriteriene og betaler pengene kan f\u00e5 en lisens fra UKGC, og antallet lisenser er ikke begrenset. UKGC er imidlertid en sv\u00e6rt streng regulator som [&hellip;]<\/p>\n","protected":false},"author":1,"featured_media":0,"parent":0,"menu_order":0,"comment_status":"closed","ping_status":"closed","template":"","meta":{"inline_featured_image":false,"footnotes":""},"class_list":["post-28714","page","type-page","status-publish","hentry"],"yoast_head":"<!-- This site is optimized with the Yoast SEO plugin v24.5 - https:\/\/yoast.com\/wordpress\/plugins\/seo\/ -->\n<title>Spillelovgivning - www.kasinobonus.ai<\/title>\n<meta name=\"description\" content=\"Hold deg oppdatert p\u00e5 gjeldende lover og regler for pengespill i Norge. L\u00e6r om dine rettigheter og hvordan du spiller ansvarlig og lovlig.\" \/>\n<meta name=\"robots\" content=\"index, follow, max-snippet:-1, max-image-preview:large, max-video-preview:-1\" \/>\n<link rel=\"canonical\" href=\"https:\/\/www.kasinobonus.ai\/no\/gambling-law\/\" \/>\n<script type=\"application\/ld+json\" class=\"yoast-schema-graph\">{\"@context\":\"https:\/\/schema.org\",\"@graph\":[{\"@type\":\"WebPage\",\"@id\":\"https:\/\/www.kasinobonus.ai\/no\/gambling-law\/\",\"url\":\"https:\/\/www.kasinobonus.ai\/no\/gambling-law\/\",\"name\":\"Spillelovgivning - www.kasinobonus.ai\",\"isPartOf\":{\"@id\":\"https:\/\/www.kasinobonus.ai\/no\/#website\"},\"datePublished\":\"2024-11-25T08:53:00+00:00\",\"dateModified\":\"2025-06-15T10:37:21+00:00\",\"description\":\"Hold deg oppdatert p\u00e5 gjeldende lover og regler for pengespill i Norge. L\u00e6r om dine rettigheter og hvordan du spiller ansvarlig og lovlig.\",\"breadcrumb\":{\"@id\":\"https:\/\/www.kasinobonus.ai\/no\/gambling-law\/#breadcrumb\"},\"inLanguage\":\"no-NO\",\"potentialAction\":[{\"@type\":\"ReadAction\",\"target\":[\"https:\/\/www.kasinobonus.ai\/no\/gambling-law\/\"]}]},{\"@type\":\"BreadcrumbList\",\"@id\":\"https:\/\/www.kasinobonus.ai\/no\/gambling-law\/#breadcrumb\",\"itemListElement\":[{\"@type\":\"ListItem\",\"position\":1,\"name\":\"Home\",\"item\":\"https:\/\/kasinobonus.ai\/no\/\"},{\"@type\":\"ListItem\",\"position\":2,\"name\":\"Spillelovgivning\"}]},{\"@type\":\"WebSite\",\"@id\":\"https:\/\/www.kasinobonus.ai\/no\/#website\",\"url\":\"https:\/\/www.kasinobonus.ai\/no\/\",\"name\":\"www.kasinobonus.ai\",\"description\":\"\",\"publisher\":{\"@id\":\"https:\/\/www.kasinobonus.ai\/no\/#organization\"},\"potentialAction\":[{\"@type\":\"SearchAction\",\"target\":{\"@type\":\"EntryPoint\",\"urlTemplate\":\"https:\/\/www.kasinobonus.ai\/no\/?s={search_term_string}\"},\"query-input\":{\"@type\":\"PropertyValueSpecification\",\"valueRequired\":true,\"valueName\":\"search_term_string\"}}],\"inLanguage\":\"no-NO\"},{\"@type\":\"Organization\",\"@id\":\"https:\/\/www.kasinobonus.ai\/no\/#organization\",\"name\":\"KasinoBonus\",\"alternateName\":\"KasinoBonusAI\",\"url\":\"https:\/\/www.kasinobonus.ai\/no\/\",\"logo\":{\"@type\":\"ImageObject\",\"inLanguage\":\"no-NO\",\"@id\":\"https:\/\/www.kasinobonus.ai\/no\/#\/schema\/logo\/image\/\",\"url\":\"https:\/\/www.kasinobonus.ai\/wp-content\/uploads\/2023\/09\/kasinobonus-logo-light.png\",\"contentUrl\":\"https:\/\/www.kasinobonus.ai\/wp-content\/uploads\/2023\/09\/kasinobonus-logo-light.png\",\"width\":3200,\"height\":596,\"caption\":\"KasinoBonus\"},\"image\":{\"@id\":\"https:\/\/www.kasinobonus.ai\/no\/#\/schema\/logo\/image\/\"},\"sameAs\":[\"https:\/\/www.facebook.com\/kasinobonusio\/\",\"https:\/\/x.com\/Kasinobonus_io\",\"https:\/\/www.linkedin.com\/in\/matti-slotte-26612033b\",\"http:\/\/kasinobonus.wikidot.com\/system:welcome\",\"https:\/\/www.trustpilot.com\/review\/www.kasinobonus.ai\",\"https:\/\/orcid.org\/0009-0007-2889-1713\",\"https:\/\/en.everybodywiki.com\/Matti_Slotte\",\"https:\/\/www.immuniweb.com\/ssl\/kasinobonus.ai\/M4lqCqYY\/\"]}]}<\/script>\n<!-- \/ Yoast SEO plugin. -->","yoast_head_json":{"title":"Spillelovgivning - www.kasinobonus.ai","description":"Hold deg oppdatert p\u00e5 gjeldende lover og regler for pengespill i Norge. L\u00e6r om dine rettigheter og hvordan du spiller ansvarlig og lovlig.","robots":{"index":"index","follow":"follow","max-snippet":"max-snippet:-1","max-image-preview":"max-image-preview:large","max-video-preview":"max-video-preview:-1"},"canonical":"https:\/\/www.kasinobonus.ai\/no\/gambling-law\/","schema":{"@context":"https:\/\/schema.org","@graph":[{"@type":"WebPage","@id":"https:\/\/www.kasinobonus.ai\/no\/gambling-law\/","url":"https:\/\/www.kasinobonus.ai\/no\/gambling-law\/","name":"Spillelovgivning - www.kasinobonus.ai","isPartOf":{"@id":"https:\/\/www.kasinobonus.ai\/no\/#website"},"datePublished":"2024-11-25T08:53:00+00:00","dateModified":"2025-06-15T10:37:21+00:00","description":"Hold deg oppdatert p\u00e5 gjeldende lover og regler for pengespill i Norge. L\u00e6r om dine rettigheter og hvordan du spiller ansvarlig og lovlig.","breadcrumb":{"@id":"https:\/\/www.kasinobonus.ai\/no\/gambling-law\/#breadcrumb"},"inLanguage":"no-NO","potentialAction":[{"@type":"ReadAction","target":["https:\/\/www.kasinobonus.ai\/no\/gambling-law\/"]}]},{"@type":"BreadcrumbList","@id":"https:\/\/www.kasinobonus.ai\/no\/gambling-law\/#breadcrumb","itemListElement":[{"@type":"ListItem","position":1,"name":"Home","item":"https:\/\/kasinobonus.ai\/no\/"},{"@type":"ListItem","position":2,"name":"Spillelovgivning"}]},{"@type":"WebSite","@id":"https:\/\/www.kasinobonus.ai\/no\/#website","url":"https:\/\/www.kasinobonus.ai\/no\/","name":"www.kasinobonus.ai","description":"","publisher":{"@id":"https:\/\/www.kasinobonus.ai\/no\/#organization"},"potentialAction":[{"@type":"SearchAction","target":{"@type":"EntryPoint","urlTemplate":"https:\/\/www.kasinobonus.ai\/no\/?s={search_term_string}"},"query-input":{"@type":"PropertyValueSpecification","valueRequired":true,"valueName":"search_term_string"}}],"inLanguage":"no-NO"},{"@type":"Organization","@id":"https:\/\/www.kasinobonus.ai\/no\/#organization","name":"KasinoBonus","alternateName":"KasinoBonusAI","url":"https:\/\/www.kasinobonus.ai\/no\/","logo":{"@type":"ImageObject","inLanguage":"no-NO","@id":"https:\/\/www.kasinobonus.ai\/no\/#\/schema\/logo\/image\/","url":"https:\/\/www.kasinobonus.ai\/wp-content\/uploads\/2023\/09\/kasinobonus-logo-light.png","contentUrl":"https:\/\/www.kasinobonus.ai\/wp-content\/uploads\/2023\/09\/kasinobonus-logo-light.png","width":3200,"height":596,"caption":"KasinoBonus"},"image":{"@id":"https:\/\/www.kasinobonus.ai\/no\/#\/schema\/logo\/image\/"},"sameAs":["https:\/\/www.facebook.com\/kasinobonusio\/","https:\/\/x.com\/Kasinobonus_io","https:\/\/www.linkedin.com\/in\/matti-slotte-26612033b","http:\/\/kasinobonus.wikidot.com\/system:welcome","https:\/\/www.trustpilot.com\/review\/www.kasinobonus.ai","https:\/\/orcid.org\/0009-0007-2889-1713","https:\/\/en.everybodywiki.com\/Matti_Slotte","https:\/\/www.immuniweb.com\/ssl\/kasinobonus.ai\/M4lqCqYY\/"]}]}},"_links":{"self":[{"href":"https:\/\/www.kasinobonus.ai\/no\/wp-json\/wp\/v2\/pages\/28714","targetHints":{"allow":["GET"]}}],"collection":[{"href":"https:\/\/www.kasinobonus.ai\/no\/wp-json\/wp\/v2\/pages"}],"about":[{"href":"https:\/\/www.kasinobonus.ai\/no\/wp-json\/wp\/v2\/types\/page"}],"author":[{"embeddable":true,"href":"https:\/\/www.kasinobonus.ai\/no\/wp-json\/wp\/v2\/users\/1"}],"replies":[{"embeddable":true,"href":"https:\/\/www.kasinobonus.ai\/no\/wp-json\/wp\/v2\/comments?post=28714"}],"version-history":[{"count":3,"href":"https:\/\/www.kasinobonus.ai\/no\/wp-json\/wp\/v2\/pages\/28714\/revisions"}],"predecessor-version":[{"id":28717,"href":"https:\/\/www.kasinobonus.ai\/no\/wp-json\/wp\/v2\/pages\/28714\/revisions\/28717"}],"wp:attachment":[{"href":"https:\/\/www.kasinobonus.ai\/no\/wp-json\/wp\/v2\/media?parent=28714"}],"curies":[{"name":"wp","href":"https:\/\/api.w.org\/{rel}","templated":true}]}}