{"id":28710,"date":"2024-11-25T08:54:24","date_gmt":"2024-11-25T08:54:24","guid":{"rendered":"https:\/\/kasinobonus.ai\/backlisted-casinos\/"},"modified":"2025-06-07T14:15:37","modified_gmt":"2025-06-07T14:15:37","slug":"backlisted-casinos","status":"publish","type":"page","link":"https:\/\/www.kasinobonus.ai\/no\/backlisted-casinos\/","title":{"rendered":"Svarteliste over kasinoer"},"content":{"rendered":"\n<h1 class=\"wp-block-heading\"><strong>Svarteliste over kasinoer<\/strong><\/h1>\n\n\n\n<p>Mange casinoer best\u00e5r KasinoBonusAI-testene. Vi ser sannsynligvis flere casinoer enn du noen gang ville gjort som person, og vi tester dem grundig. Vi snakker ogs\u00e5 med mange finske spillere og har relasjoner med bransjespesialister, s\u00e5 vi kjenner historien til hvert selskap og h\u00f8rer historier.<\/p>\n\n\n\n<p>Mange av casinoene vi vurderer er av h\u00f8y kvalitet og fortjener \u00e5 bli inkludert p\u00e5 KasinoBonusAI, da vi kan anbefale dem til finske spillere. Det er viktig \u00e5 gj\u00f8re det \u2013 vi \u00f8nsker \u00e5 fremheve casinoene som er bra, for \u00e5 frar\u00e5de deg \u00e5 spille p\u00e5 de som ikke er det.<\/p>\n\n\n\n<p>Noen kasinoer f\u00e5r kanskje ikke s\u00e5 mye ros fra oss. Vi vil enten ekskludere dem fra nettstedet eller inkludere dem, men vi bemerker at de ikke er s\u00e6rlig gode kasinoer. Noen spillere m\u00e5 bestemme seg for om kasinoet passer for deres spesifikke behov, noe vi er ok med.<\/p>\n\n\n\n<p>P\u00e5 enkelte kasinoer er det imidlertid ingen debatt. Noen kasinoer er rett og slett useri\u00f8se. De eksisterer for \u00e5 ta penger fra deltakerne.<\/p>\n\n\n\n<h2 class=\"wp-block-heading\"><strong>Svartelistede kasinoer<\/strong><\/h2>\n\n\n\n<ul class=\"wp-block-list\">\n<li>1xBet<\/li>\n\n\n\n<li>BetWinnner<\/li>\n<\/ul>\n\n\n\n<p>Hvis du har innskudd hos noen av disse merkene som er oppf\u00f8rt ovenfor, ta ut pengene s\u00e5 snart som mulig og ikke spill der lenger.<\/p>\n","protected":false},"excerpt":{"rendered":"<p>Svarteliste over kasinoer Mange casinoer best\u00e5r KasinoBonusAI-testene. Vi ser sannsynligvis flere casinoer enn du noen gang ville gjort som person, og vi tester dem grundig. Vi snakker ogs\u00e5 med mange finske spillere og har relasjoner med bransjespesialister, s\u00e5 vi kjenner historien til hvert selskap og h\u00f8rer historier. Mange av casinoene vi vurderer er av h\u00f8y [&hellip;]<\/p>\n","protected":false},"author":1,"featured_media":0,"parent":0,"menu_order":0,"comment_status":"closed","ping_status":"closed","template":"","meta":{"inline_featured_image":false,"footnotes":""},"class_list":["post-28710","page","type-page","status-publish","hentry"],"yoast_head":"<!-- This site is optimized with the Yoast SEO plugin v24.5 - https:\/\/yoast.com\/wordpress\/plugins\/seo\/ -->\n<title>Svarteliste over kasinoer - www.kasinobonus.ai<\/title>\n<meta name=\"description\" content=\"Svarteliste over kasinoer\" \/>\n<meta name=\"robots\" content=\"index, follow, max-snippet:-1, max-image-preview:large, max-video-preview:-1\" \/>\n<link rel=\"canonical\" href=\"https:\/\/www.kasinobonus.ai\/no\/backlisted-casinos\/\" \/>\n<script type=\"application\/ld+json\" class=\"yoast-schema-graph\">{\"@context\":\"https:\/\/schema.org\",\"@graph\":[{\"@type\":\"WebPage\",\"@id\":\"https:\/\/www.kasinobonus.ai\/no\/backlisted-casinos\/\",\"url\":\"https:\/\/www.kasinobonus.ai\/no\/backlisted-casinos\/\",\"name\":\"Svarteliste over kasinoer - www.kasinobonus.ai\",\"isPartOf\":{\"@id\":\"https:\/\/www.kasinobonus.ai\/no\/#website\"},\"datePublished\":\"2024-11-25T08:54:24+00:00\",\"dateModified\":\"2025-06-07T14:15:37+00:00\",\"description\":\"Svarteliste over kasinoer\",\"breadcrumb\":{\"@id\":\"https:\/\/www.kasinobonus.ai\/no\/backlisted-casinos\/#breadcrumb\"},\"inLanguage\":\"no-NO\",\"potentialAction\":[{\"@type\":\"ReadAction\",\"target\":[\"https:\/\/www.kasinobonus.ai\/no\/backlisted-casinos\/\"]}]},{\"@type\":\"BreadcrumbList\",\"@id\":\"https:\/\/www.kasinobonus.ai\/no\/backlisted-casinos\/#breadcrumb\",\"itemListElement\":[{\"@type\":\"ListItem\",\"position\":1,\"name\":\"Home\",\"item\":\"https:\/\/kasinobonus.ai\/no\/\"},{\"@type\":\"ListItem\",\"position\":2,\"name\":\"Svarteliste over kasinoer\"}]},{\"@type\":\"WebSite\",\"@id\":\"https:\/\/www.kasinobonus.ai\/no\/#website\",\"url\":\"https:\/\/www.kasinobonus.ai\/no\/\",\"name\":\"www.kasinobonus.ai\",\"description\":\"\",\"publisher\":{\"@id\":\"https:\/\/www.kasinobonus.ai\/no\/#organization\"},\"potentialAction\":[{\"@type\":\"SearchAction\",\"target\":{\"@type\":\"EntryPoint\",\"urlTemplate\":\"https:\/\/www.kasinobonus.ai\/no\/?s={search_term_string}\"},\"query-input\":{\"@type\":\"PropertyValueSpecification\",\"valueRequired\":true,\"valueName\":\"search_term_string\"}}],\"inLanguage\":\"no-NO\"},{\"@type\":\"Organization\",\"@id\":\"https:\/\/www.kasinobonus.ai\/no\/#organization\",\"name\":\"KasinoBonus\",\"alternateName\":\"KasinoBonusAI\",\"url\":\"https:\/\/www.kasinobonus.ai\/no\/\",\"logo\":{\"@type\":\"ImageObject\",\"inLanguage\":\"no-NO\",\"@id\":\"https:\/\/www.kasinobonus.ai\/no\/#\/schema\/logo\/image\/\",\"url\":\"https:\/\/www.kasinobonus.ai\/wp-content\/uploads\/2023\/09\/kasinobonus-logo-light.png\",\"contentUrl\":\"https:\/\/www.kasinobonus.ai\/wp-content\/uploads\/2023\/09\/kasinobonus-logo-light.png\",\"width\":3200,\"height\":596,\"caption\":\"KasinoBonus\"},\"image\":{\"@id\":\"https:\/\/www.kasinobonus.ai\/no\/#\/schema\/logo\/image\/\"},\"sameAs\":[\"https:\/\/www.facebook.com\/kasinobonusio\/\",\"https:\/\/x.com\/Kasinobonus_io\",\"https:\/\/www.linkedin.com\/in\/matti-slotte-26612033b\",\"http:\/\/kasinobonus.wikidot.com\/system:welcome\",\"https:\/\/www.trustpilot.com\/review\/www.kasinobonus.ai\",\"https:\/\/orcid.org\/0009-0007-2889-1713\",\"https:\/\/en.everybodywiki.com\/Matti_Slotte\",\"https:\/\/www.immuniweb.com\/ssl\/kasinobonus.ai\/M4lqCqYY\/\"]}]}<\/script>\n<!-- \/ Yoast SEO plugin. -->","yoast_head_json":{"title":"Svarteliste over kasinoer - www.kasinobonus.ai","description":"Svarteliste over kasinoer","robots":{"index":"index","follow":"follow","max-snippet":"max-snippet:-1","max-image-preview":"max-image-preview:large","max-video-preview":"max-video-preview:-1"},"canonical":"https:\/\/www.kasinobonus.ai\/no\/backlisted-casinos\/","schema":{"@context":"https:\/\/schema.org","@graph":[{"@type":"WebPage","@id":"https:\/\/www.kasinobonus.ai\/no\/backlisted-casinos\/","url":"https:\/\/www.kasinobonus.ai\/no\/backlisted-casinos\/","name":"Svarteliste over kasinoer - www.kasinobonus.ai","isPartOf":{"@id":"https:\/\/www.kasinobonus.ai\/no\/#website"},"datePublished":"2024-11-25T08:54:24+00:00","dateModified":"2025-06-07T14:15:37+00:00","description":"Svarteliste over kasinoer","breadcrumb":{"@id":"https:\/\/www.kasinobonus.ai\/no\/backlisted-casinos\/#breadcrumb"},"inLanguage":"no-NO","potentialAction":[{"@type":"ReadAction","target":["https:\/\/www.kasinobonus.ai\/no\/backlisted-casinos\/"]}]},{"@type":"BreadcrumbList","@id":"https:\/\/www.kasinobonus.ai\/no\/backlisted-casinos\/#breadcrumb","itemListElement":[{"@type":"ListItem","position":1,"name":"Home","item":"https:\/\/kasinobonus.ai\/no\/"},{"@type":"ListItem","position":2,"name":"Svarteliste over kasinoer"}]},{"@type":"WebSite","@id":"https:\/\/www.kasinobonus.ai\/no\/#website","url":"https:\/\/www.kasinobonus.ai\/no\/","name":"www.kasinobonus.ai","description":"","publisher":{"@id":"https:\/\/www.kasinobonus.ai\/no\/#organization"},"potentialAction":[{"@type":"SearchAction","target":{"@type":"EntryPoint","urlTemplate":"https:\/\/www.kasinobonus.ai\/no\/?s={search_term_string}"},"query-input":{"@type":"PropertyValueSpecification","valueRequired":true,"valueName":"search_term_string"}}],"inLanguage":"no-NO"},{"@type":"Organization","@id":"https:\/\/www.kasinobonus.ai\/no\/#organization","name":"KasinoBonus","alternateName":"KasinoBonusAI","url":"https:\/\/www.kasinobonus.ai\/no\/","logo":{"@type":"ImageObject","inLanguage":"no-NO","@id":"https:\/\/www.kasinobonus.ai\/no\/#\/schema\/logo\/image\/","url":"https:\/\/www.kasinobonus.ai\/wp-content\/uploads\/2023\/09\/kasinobonus-logo-light.png","contentUrl":"https:\/\/www.kasinobonus.ai\/wp-content\/uploads\/2023\/09\/kasinobonus-logo-light.png","width":3200,"height":596,"caption":"KasinoBonus"},"image":{"@id":"https:\/\/www.kasinobonus.ai\/no\/#\/schema\/logo\/image\/"},"sameAs":["https:\/\/www.facebook.com\/kasinobonusio\/","https:\/\/x.com\/Kasinobonus_io","https:\/\/www.linkedin.com\/in\/matti-slotte-26612033b","http:\/\/kasinobonus.wikidot.com\/system:welcome","https:\/\/www.trustpilot.com\/review\/www.kasinobonus.ai","https:\/\/orcid.org\/0009-0007-2889-1713","https:\/\/en.everybodywiki.com\/Matti_Slotte","https:\/\/www.immuniweb.com\/ssl\/kasinobonus.ai\/M4lqCqYY\/"]}]}},"_links":{"self":[{"href":"https:\/\/www.kasinobonus.ai\/no\/wp-json\/wp\/v2\/pages\/28710","targetHints":{"allow":["GET"]}}],"collection":[{"href":"https:\/\/www.kasinobonus.ai\/no\/wp-json\/wp\/v2\/pages"}],"about":[{"href":"https:\/\/www.kasinobonus.ai\/no\/wp-json\/wp\/v2\/types\/page"}],"author":[{"embeddable":true,"href":"https:\/\/www.kasinobonus.ai\/no\/wp-json\/wp\/v2\/users\/1"}],"replies":[{"embeddable":true,"href":"https:\/\/www.kasinobonus.ai\/no\/wp-json\/wp\/v2\/comments?post=28710"}],"version-history":[{"count":2,"href":"https:\/\/www.kasinobonus.ai\/no\/wp-json\/wp\/v2\/pages\/28710\/revisions"}],"predecessor-version":[{"id":28713,"href":"https:\/\/www.kasinobonus.ai\/no\/wp-json\/wp\/v2\/pages\/28710\/revisions\/28713"}],"wp:attachment":[{"href":"https:\/\/www.kasinobonus.ai\/no\/wp-json\/wp\/v2\/media?parent=28710"}],"curies":[{"name":"wp","href":"https:\/\/api.w.org\/{rel}","templated":true}]}}